{"id":1088453,"date":"2026-01-31T04:59:51","date_gmt":"2026-01-31T03:59:51","guid":{"rendered":"https:\/\/hubsch-interior.com\/product\/product\/"},"modified":"2026-04-08T05:08:33","modified_gmt":"2026-04-08T03:08:33","slug":"book-tischlampe","status":"publish","type":"product","link":"https:\/\/hubsch-interior.com\/de\/produkt\/book-tischlampe\/","title":{"rendered":"Book Tischlampe"},"content":{"rendered":"<p>Eine Lampe, die sich als Designelement tarnt. Die Book Tischlampe in tiefem Petrol bringt cleveren Charme in Ihr B\u00fccherregal, indem sie sich unter Ihre B\u00fccher mischt oder als skulpturales Highlight hervorsticht. Mit ihrem dimmbaren Leuchten und der F\u00e4higkeit, sowohl aufrecht als auch flach positioniert zu werden, passt sie sich m\u00fchelos Ihrem Raum \u2013 und Ihrer Stimmung \u2013 an. Ein warmes Licht zum Entspannen oder ein heller Strahl f\u00fcr konzentrierte Momente, sie ist so flexibel wie sie sch\u00f6n ist. Ein unaufdringlich brillantes St\u00fcck, das Licht genau dort und so bringt, wie Sie es m\u00f6chten.<\/p>\n","protected":false},"excerpt":{"rendered":"<p>Eine Lampe, die sich als Designelement tarnt. Die Book Tischlampe in tiefem Petrol bringt cleveren Charme in Ihr B\u00fccherregal, indem sie sich unter Ihre B\u00fccher mischt oder als skulpturales Highlight hervorsticht. Mit ihrem dimmbaren Leuchten und der F\u00e4higkeit, sowohl aufrecht als auch flach positioniert zu werden, passt sie sich m\u00fchelos Ihrem Raum \u2013 und Ihrer [&hellip;]<\/p>\n","protected":false},"featured_media":1108156,"template":"","meta":{"_acf_changed":false,"inline_featured_image":false},"product_brand":[],"product_cat":[3809,7155,5047,3501],"product_tag":[],"class_list":{"0":"post-1088453","1":"product","2":"type-product","3":"status-publish","4":"has-post-thumbnail","6":"product_cat-beleuchtung","7":"product_cat-dweller-de","8":"product_cat-neuheiten-de","9":"product_cat-tischlampen-de","10":"product_shipping_class-pk","11":"pa_material-eisen-de","12":"pa_material-glas-de","14":"first","15":"instock","16":"taxable","17":"shipping-taxable","18":"purchasable","19":"product-type-simple"},"exclude_global_add_ons":[],"addons":[],"acf":[],"yoast_head":"<!-- This site is optimized with the Yoast SEO plugin v26.4 - https:\/\/yoast.com\/wordpress\/plugins\/seo\/ -->\n<title>Book Tischlampe - H\u00fcbsch<\/title>\n<meta name=\"description\" content=\"Eine Lampe, die sich als Designelement tarnt. Die Book Tischlampe in tiefem Petrol bringt cleveren Charme in Ihr B\u00fccherregal, indem sie sich unter Ihre\" \/>\n<meta name=\"robots\" content=\"index, follow, max-snippet:-1, max-image-preview:large, max-video-preview:-1\" \/>\n<link rel=\"canonical\" href=\"https:\/\/hubsch-interior.com\/de\/wp-json\/wp\/v2\/product\/1088453\" \/>\n<meta property=\"og:locale\" content=\"de_DE\" \/>\n<meta property=\"og:type\" content=\"article\" \/>\n<meta property=\"og:title\" content=\"Book Tischlampe - H\u00fcbsch\" \/>\n<meta property=\"og:description\" content=\"Eine Lampe, die sich als Designelement tarnt. Die Book Tischlampe in tiefem Petrol bringt cleveren Charme in Ihr B\u00fccherregal, indem sie sich unter Ihre\" \/>\n<meta property=\"og:url\" content=\"https:\/\/hubsch-interior.com\/de\/produkt\/book-tischlampe\/\" \/>\n<meta property=\"og:site_name\" content=\"H\u00fcbsch\" \/>\n<meta property=\"article:modified_time\" content=\"2026-04-08T03:08:33+00:00\" \/>\n<meta property=\"og:image\" content=\"https:\/\/hubsch-interior.com\/wp-content\/uploads\/2026\/02\/book-table-lamp-petrol-bf23fed49eb1b4f3e235b4a246873f71.jpg\" \/>\n\t<meta property=\"og:image:width\" content=\"1024\" \/>\n\t<meta property=\"og:image:height\" content=\"1024\" \/>\n\t<meta property=\"og:image:type\" content=\"image\/jpeg\" \/>\n<meta name=\"twitter:card\" content=\"summary_large_image\" \/>\n<script type=\"application\/ld+json\" class=\"yoast-schema-graph\">{\"@context\":\"https:\/\/schema.org\",\"@graph\":[{\"@type\":\"WebPage\",\"@id\":\"https:\/\/hubsch-interior.com\/de\/produkt\/book-tischlampe\/\",\"url\":\"https:\/\/hubsch-interior.com\/de\/produkt\/book-tischlampe\/\",\"name\":\"Book Tischlampe - H\u00fcbsch\",\"isPartOf\":{\"@id\":\"https:\/\/hubsch-interior.com\/de\/#website\"},\"primaryImageOfPage\":{\"@id\":\"https:\/\/hubsch-interior.com\/de\/produkt\/book-tischlampe\/#primaryimage\"},\"image\":{\"@id\":\"https:\/\/hubsch-interior.com\/de\/produkt\/book-tischlampe\/#primaryimage\"},\"thumbnailUrl\":\"https:\/\/hubsch-interior.com\/wp-content\/uploads\/2026\/02\/book-table-lamp-petrol-bf23fed49eb1b4f3e235b4a246873f71.jpg\",\"datePublished\":\"2026-01-31T03:59:51+00:00\",\"dateModified\":\"2026-04-08T03:08:33+00:00\",\"description\":\"Eine Lampe, die sich als Designelement tarnt. Die Book Tischlampe in tiefem Petrol bringt cleveren Charme in Ihr B\u00fccherregal, indem sie sich unter Ihre\",\"breadcrumb\":{\"@id\":\"https:\/\/hubsch-interior.com\/de\/produkt\/book-tischlampe\/#breadcrumb\"},\"inLanguage\":\"de\",\"potentialAction\":[{\"@type\":\"ReadAction\",\"target\":[\"https:\/\/hubsch-interior.com\/de\/produkt\/book-tischlampe\/\"]}]},{\"@type\":\"ImageObject\",\"inLanguage\":\"de\",\"@id\":\"https:\/\/hubsch-interior.com\/de\/produkt\/book-tischlampe\/#primaryimage\",\"url\":\"https:\/\/hubsch-interior.com\/wp-content\/uploads\/2026\/02\/book-table-lamp-petrol-bf23fed49eb1b4f3e235b4a246873f71.jpg\",\"contentUrl\":\"https:\/\/hubsch-interior.com\/wp-content\/uploads\/2026\/02\/book-table-lamp-petrol-bf23fed49eb1b4f3e235b4a246873f71.jpg\",\"width\":1024,\"height\":1024},{\"@type\":\"BreadcrumbList\",\"@id\":\"https:\/\/hubsch-interior.com\/de\/produkt\/book-tischlampe\/#breadcrumb\",\"itemListElement\":[{\"@type\":\"ListItem\",\"position\":1,\"name\":\"Startseite\",\"item\":\"https:\/\/hubsch-interior.com\/de\/\"},{\"@type\":\"ListItem\",\"position\":2,\"name\":\"Produkte\",\"item\":\"https:\/\/hubsch-interior.com\/de\/shop-2\/\"},{\"@type\":\"ListItem\",\"position\":3,\"name\":\"Beleuchtung\",\"item\":\"https:\/\/hubsch-interior.com\/de\/produkt-kategorie\/beleuchtung\/\"},{\"@type\":\"ListItem\",\"position\":4,\"name\":\"Tischlampen\",\"item\":\"https:\/\/hubsch-interior.com\/de\/produkt-kategorie\/beleuchtung\/tischlampen-de\/\"},{\"@type\":\"ListItem\",\"position\":5,\"name\":\"Book Tischlampe\"}]},{\"@type\":\"WebSite\",\"@id\":\"https:\/\/hubsch-interior.com\/de\/#website\",\"url\":\"https:\/\/hubsch-interior.com\/de\/\",\"name\":\"H\u00fcbsch\",\"description\":\"Danish Home Interior and Design\",\"publisher\":{\"@id\":\"https:\/\/hubsch-interior.com\/de\/#organization\"},\"potentialAction\":[{\"@type\":\"SearchAction\",\"target\":{\"@type\":\"EntryPoint\",\"urlTemplate\":\"https:\/\/hubsch-interior.com\/de\/?s={search_term_string}\"},\"query-input\":{\"@type\":\"PropertyValueSpecification\",\"valueRequired\":true,\"valueName\":\"search_term_string\"}}],\"inLanguage\":\"de\"},{\"@type\":\"Organization\",\"@id\":\"https:\/\/hubsch-interior.com\/de\/#organization\",\"name\":\"H\u00fcbsch\",\"url\":\"https:\/\/hubsch-interior.com\/de\/\",\"logo\":{\"@type\":\"ImageObject\",\"inLanguage\":\"de\",\"@id\":\"https:\/\/hubsch-interior.com\/de\/#\/schema\/logo\/image\/\",\"url\":\"https:\/\/hubsch-interior.com\/wp-content\/uploads\/2022\/12\/Hubsch_logo_black_one_line.svg\",\"contentUrl\":\"https:\/\/hubsch-interior.com\/wp-content\/uploads\/2022\/12\/Hubsch_logo_black_one_line.svg\",\"caption\":\"H\u00fcbsch\"},\"image\":{\"@id\":\"https:\/\/hubsch-interior.com\/de\/#\/schema\/logo\/image\/\"}}]}<\/script>\n<!-- \/ Yoast SEO plugin. -->","yoast_head_json":{"title":"Book Tischlampe - H\u00fcbsch","description":"Eine Lampe, die sich als Designelement tarnt. Die Book Tischlampe in tiefem Petrol bringt cleveren Charme in Ihr B\u00fccherregal, indem sie sich unter Ihre","robots":{"index":"index","follow":"follow","max-snippet":"max-snippet:-1","max-image-preview":"max-image-preview:large","max-video-preview":"max-video-preview:-1"},"canonical":"https:\/\/hubsch-interior.com\/de\/wp-json\/wp\/v2\/product\/1088453","og_locale":"de_DE","og_type":"article","og_title":"Book Tischlampe - H\u00fcbsch","og_description":"Eine Lampe, die sich als Designelement tarnt. Die Book Tischlampe in tiefem Petrol bringt cleveren Charme in Ihr B\u00fccherregal, indem sie sich unter Ihre","og_url":"https:\/\/hubsch-interior.com\/de\/produkt\/book-tischlampe\/","og_site_name":"H\u00fcbsch","article_modified_time":"2026-04-08T03:08:33+00:00","og_image":[{"width":1024,"height":1024,"url":"https:\/\/hubsch-interior.com\/wp-content\/uploads\/2026\/02\/book-table-lamp-petrol-bf23fed49eb1b4f3e235b4a246873f71.jpg","type":"image\/jpeg"}],"twitter_card":"summary_large_image","schema":{"@context":"https:\/\/schema.org","@graph":[{"@type":"WebPage","@id":"https:\/\/hubsch-interior.com\/de\/produkt\/book-tischlampe\/","url":"https:\/\/hubsch-interior.com\/de\/produkt\/book-tischlampe\/","name":"Book Tischlampe - H\u00fcbsch","isPartOf":{"@id":"https:\/\/hubsch-interior.com\/de\/#website"},"primaryImageOfPage":{"@id":"https:\/\/hubsch-interior.com\/de\/produkt\/book-tischlampe\/#primaryimage"},"image":{"@id":"https:\/\/hubsch-interior.com\/de\/produkt\/book-tischlampe\/#primaryimage"},"thumbnailUrl":"https:\/\/hubsch-interior.com\/wp-content\/uploads\/2026\/02\/book-table-lamp-petrol-bf23fed49eb1b4f3e235b4a246873f71.jpg","datePublished":"2026-01-31T03:59:51+00:00","dateModified":"2026-04-08T03:08:33+00:00","description":"Eine Lampe, die sich als Designelement tarnt. Die Book Tischlampe in tiefem Petrol bringt cleveren Charme in Ihr B\u00fccherregal, indem sie sich unter Ihre","breadcrumb":{"@id":"https:\/\/hubsch-interior.com\/de\/produkt\/book-tischlampe\/#breadcrumb"},"inLanguage":"de","potentialAction":[{"@type":"ReadAction","target":["https:\/\/hubsch-interior.com\/de\/produkt\/book-tischlampe\/"]}]},{"@type":"ImageObject","inLanguage":"de","@id":"https:\/\/hubsch-interior.com\/de\/produkt\/book-tischlampe\/#primaryimage","url":"https:\/\/hubsch-interior.com\/wp-content\/uploads\/2026\/02\/book-table-lamp-petrol-bf23fed49eb1b4f3e235b4a246873f71.jpg","contentUrl":"https:\/\/hubsch-interior.com\/wp-content\/uploads\/2026\/02\/book-table-lamp-petrol-bf23fed49eb1b4f3e235b4a246873f71.jpg","width":1024,"height":1024},{"@type":"BreadcrumbList","@id":"https:\/\/hubsch-interior.com\/de\/produkt\/book-tischlampe\/#breadcrumb","itemListElement":[{"@type":"ListItem","position":1,"name":"Startseite","item":"https:\/\/hubsch-interior.com\/de\/"},{"@type":"ListItem","position":2,"name":"Produkte","item":"https:\/\/hubsch-interior.com\/de\/shop-2\/"},{"@type":"ListItem","position":3,"name":"Beleuchtung","item":"https:\/\/hubsch-interior.com\/de\/produkt-kategorie\/beleuchtung\/"},{"@type":"ListItem","position":4,"name":"Tischlampen","item":"https:\/\/hubsch-interior.com\/de\/produkt-kategorie\/beleuchtung\/tischlampen-de\/"},{"@type":"ListItem","position":5,"name":"Book Tischlampe"}]},{"@type":"WebSite","@id":"https:\/\/hubsch-interior.com\/de\/#website","url":"https:\/\/hubsch-interior.com\/de\/","name":"H\u00fcbsch","description":"Danish Home Interior and Design","publisher":{"@id":"https:\/\/hubsch-interior.com\/de\/#organization"},"potentialAction":[{"@type":"SearchAction","target":{"@type":"EntryPoint","urlTemplate":"https:\/\/hubsch-interior.com\/de\/?s={search_term_string}"},"query-input":{"@type":"PropertyValueSpecification","valueRequired":true,"valueName":"search_term_string"}}],"inLanguage":"de"},{"@type":"Organization","@id":"https:\/\/hubsch-interior.com\/de\/#organization","name":"H\u00fcbsch","url":"https:\/\/hubsch-interior.com\/de\/","logo":{"@type":"ImageObject","inLanguage":"de","@id":"https:\/\/hubsch-interior.com\/de\/#\/schema\/logo\/image\/","url":"https:\/\/hubsch-interior.com\/wp-content\/uploads\/2022\/12\/Hubsch_logo_black_one_line.svg","contentUrl":"https:\/\/hubsch-interior.com\/wp-content\/uploads\/2022\/12\/Hubsch_logo_black_one_line.svg","caption":"H\u00fcbsch"},"image":{"@id":"https:\/\/hubsch-interior.com\/de\/#\/schema\/logo\/image\/"}}]}},"_links":{"self":[{"href":"https:\/\/hubsch-interior.com\/de\/wp-json\/wp\/v2\/product\/1088453","targetHints":{"allow":["GET"]}}],"collection":[{"href":"https:\/\/hubsch-interior.com\/de\/wp-json\/wp\/v2\/product"}],"about":[{"href":"https:\/\/hubsch-interior.com\/de\/wp-json\/wp\/v2\/types\/product"}],"wp:featuredmedia":[{"embeddable":true,"href":"https:\/\/hubsch-interior.com\/de\/wp-json\/wp\/v2\/media\/1108156"}],"wp:attachment":[{"href":"https:\/\/hubsch-interior.com\/de\/wp-json\/wp\/v2\/media?parent=1088453"}],"wp:term":[{"taxonomy":"product_brand","embeddable":true,"href":"https:\/\/hubsch-interior.com\/de\/wp-json\/wp\/v2\/product_brand?post=1088453"},{"taxonomy":"product_cat","embeddable":true,"href":"https:\/\/hubsch-interior.com\/de\/wp-json\/wp\/v2\/product_cat?post=1088453"},{"taxonomy":"product_tag","embeddable":true,"href":"https:\/\/hubsch-interior.com\/de\/wp-json\/wp\/v2\/product_tag?post=1088453"}],"curies":[{"name":"wp","href":"https:\/\/api.w.org\/{rel}","templated":true}]}}