{"id":1088485,"date":"2026-01-31T05:00:15","date_gmt":"2026-01-31T04:00:15","guid":{"rendered":"https:\/\/hubsch-interior.com\/product\/product\/"},"modified":"2026-04-05T05:12:22","modified_gmt":"2026-04-05T03:12:22","slug":"tube-hangelampe-small","status":"publish","type":"product","link":"https:\/\/hubsch-interior.com\/de\/produkt\/tube-hangelampe-small\/","title":{"rendered":"Tube H\u00e4ngelampe Small"},"content":{"rendered":"<p>Scharfe Linien, sanftes Leuchten. Die Tube H\u00e4ngelampe in metallischem Gr\u00fcn schafft eine k\u00fchne Balance zwischen Minimalismus und Charakter \u2014 dezent genug, um sich einzuf\u00fcgen, markant genug, um hervorzustechen. Ihre schlanke Form eignet sich perfekt dazu, Licht \u00fcber K\u00fcchentheken oder Esstische zu werfen, w\u00e4hrend die 3-stufige Dimmfunktion es Ihnen erm\u00f6glicht, die Stimmung m\u00fchelos zu ver\u00e4ndern. In zwei eleganten Varianten erh\u00e4ltlich, ist es eine Beleuchtung mit Pr\u00e4senz, nicht mit Lautst\u00e4rke. Ein raffinierter Akzent, der den Alltag aufwertet \u2014 ein Leuchten nach dem anderen.<\/p>\n","protected":false},"excerpt":{"rendered":"<p>Scharfe Linien, sanftes Leuchten. Die Tube H\u00e4ngelampe in metallischem Gr\u00fcn schafft eine k\u00fchne Balance zwischen Minimalismus und Charakter \u2014 dezent genug, um sich einzuf\u00fcgen, markant genug, um hervorzustechen. Ihre schlanke Form eignet sich perfekt dazu, Licht \u00fcber K\u00fcchentheken oder Esstische zu werfen, w\u00e4hrend die 3-stufige Dimmfunktion es Ihnen erm\u00f6glicht, die Stimmung m\u00fchelos zu ver\u00e4ndern. In [&hellip;]<\/p>\n","protected":false},"featured_media":1108176,"template":"","meta":{"_acf_changed":false,"inline_featured_image":false},"product_brand":[],"product_cat":[7155,3809,4148,5027,5047],"product_tag":[],"class_list":{"0":"post-1088485","1":"product","2":"type-product","3":"status-publish","4":"has-post-thumbnail","6":"product_cat-dweller-de","7":"product_cat-beleuchtung","8":"product_cat-haengelampen-de","9":"product_cat-bestsellers-de","10":"product_cat-neuheiten-de","11":"product_shipping_class-pk","13":"pa_material-aluminium-de","14":"pa_material-silikon","16":"first","17":"instock","18":"featured","19":"taxable","20":"shipping-taxable","21":"purchasable","22":"product-type-simple"},"exclude_global_add_ons":[],"addons":[],"acf":[],"yoast_head":"<!-- This site is optimized with the Yoast SEO plugin v26.4 - https:\/\/yoast.com\/wordpress\/plugins\/seo\/ -->\n<title>Tube H\u00e4ngelampe Small - H\u00fcbsch<\/title>\n<meta name=\"description\" content=\"Scharfe Linien, sanftes Leuchten. Die Tube H\u00e4ngelampe in metallischem Gr\u00fcn schafft eine k\u00fchne Balance zwischen Minimalismus und Charakter \u2014 dezent genug,\" \/>\n<meta name=\"robots\" content=\"index, follow, max-snippet:-1, max-image-preview:large, max-video-preview:-1\" \/>\n<link rel=\"canonical\" href=\"https:\/\/hubsch-interior.com\/de\/wp-json\/wp\/v2\/product\/1088485\" \/>\n<meta property=\"og:locale\" content=\"de_DE\" \/>\n<meta property=\"og:type\" content=\"article\" \/>\n<meta property=\"og:title\" content=\"Tube H\u00e4ngelampe Small - H\u00fcbsch\" \/>\n<meta property=\"og:description\" content=\"Scharfe Linien, sanftes Leuchten. Die Tube H\u00e4ngelampe in metallischem Gr\u00fcn schafft eine k\u00fchne Balance zwischen Minimalismus und Charakter \u2014 dezent genug,\" \/>\n<meta property=\"og:url\" content=\"https:\/\/hubsch-interior.com\/de\/produkt\/tube-hangelampe-small\/\" \/>\n<meta property=\"og:site_name\" content=\"H\u00fcbsch\" \/>\n<meta property=\"article:modified_time\" content=\"2026-04-05T03:12:22+00:00\" \/>\n<meta property=\"og:image\" content=\"https:\/\/hubsch-interior.com\/wp-content\/uploads\/2026\/01\/tube-pendant-small-90901d47fbc05bd92db823d60235f381.jpg\" \/>\n\t<meta property=\"og:image:width\" content=\"1200\" \/>\n\t<meta property=\"og:image:height\" content=\"1200\" \/>\n\t<meta property=\"og:image:type\" content=\"image\/jpeg\" \/>\n<meta name=\"twitter:card\" content=\"summary_large_image\" \/>\n<script type=\"application\/ld+json\" class=\"yoast-schema-graph\">{\"@context\":\"https:\/\/schema.org\",\"@graph\":[{\"@type\":\"WebPage\",\"@id\":\"https:\/\/hubsch-interior.com\/de\/produkt\/tube-hangelampe-small\/\",\"url\":\"https:\/\/hubsch-interior.com\/de\/produkt\/tube-hangelampe-small\/\",\"name\":\"Tube H\u00e4ngelampe Small - H\u00fcbsch\",\"isPartOf\":{\"@id\":\"https:\/\/hubsch-interior.com\/de\/#website\"},\"primaryImageOfPage\":{\"@id\":\"https:\/\/hubsch-interior.com\/de\/produkt\/tube-hangelampe-small\/#primaryimage\"},\"image\":{\"@id\":\"https:\/\/hubsch-interior.com\/de\/produkt\/tube-hangelampe-small\/#primaryimage\"},\"thumbnailUrl\":\"https:\/\/hubsch-interior.com\/wp-content\/uploads\/2026\/02\/tube-pendant-small-576fd53f09a2608ec6506ff21223e2c2.jpg\",\"datePublished\":\"2026-01-31T04:00:15+00:00\",\"dateModified\":\"2026-04-05T03:12:22+00:00\",\"description\":\"Scharfe Linien, sanftes Leuchten. Die Tube H\u00e4ngelampe in metallischem Gr\u00fcn schafft eine k\u00fchne Balance zwischen Minimalismus und Charakter \u2014 dezent genug,\",\"breadcrumb\":{\"@id\":\"https:\/\/hubsch-interior.com\/de\/produkt\/tube-hangelampe-small\/#breadcrumb\"},\"inLanguage\":\"de\",\"potentialAction\":[{\"@type\":\"ReadAction\",\"target\":[\"https:\/\/hubsch-interior.com\/de\/produkt\/tube-hangelampe-small\/\"]}]},{\"@type\":\"ImageObject\",\"inLanguage\":\"de\",\"@id\":\"https:\/\/hubsch-interior.com\/de\/produkt\/tube-hangelampe-small\/#primaryimage\",\"url\":\"https:\/\/hubsch-interior.com\/wp-content\/uploads\/2026\/02\/tube-pendant-small-576fd53f09a2608ec6506ff21223e2c2.jpg\",\"contentUrl\":\"https:\/\/hubsch-interior.com\/wp-content\/uploads\/2026\/02\/tube-pendant-small-576fd53f09a2608ec6506ff21223e2c2.jpg\",\"width\":1024,\"height\":1024},{\"@type\":\"BreadcrumbList\",\"@id\":\"https:\/\/hubsch-interior.com\/de\/produkt\/tube-hangelampe-small\/#breadcrumb\",\"itemListElement\":[{\"@type\":\"ListItem\",\"position\":1,\"name\":\"Startseite\",\"item\":\"https:\/\/hubsch-interior.com\/de\/\"},{\"@type\":\"ListItem\",\"position\":2,\"name\":\"Produkte\",\"item\":\"https:\/\/hubsch-interior.com\/de\/shop-2\/\"},{\"@type\":\"ListItem\",\"position\":3,\"name\":\"Tube H\u00e4ngelampe Small\"}]},{\"@type\":\"WebSite\",\"@id\":\"https:\/\/hubsch-interior.com\/de\/#website\",\"url\":\"https:\/\/hubsch-interior.com\/de\/\",\"name\":\"H\u00fcbsch\",\"description\":\"Danish Home Interior and Design\",\"publisher\":{\"@id\":\"https:\/\/hubsch-interior.com\/de\/#organization\"},\"potentialAction\":[{\"@type\":\"SearchAction\",\"target\":{\"@type\":\"EntryPoint\",\"urlTemplate\":\"https:\/\/hubsch-interior.com\/de\/?s={search_term_string}\"},\"query-input\":{\"@type\":\"PropertyValueSpecification\",\"valueRequired\":true,\"valueName\":\"search_term_string\"}}],\"inLanguage\":\"de\"},{\"@type\":\"Organization\",\"@id\":\"https:\/\/hubsch-interior.com\/de\/#organization\",\"name\":\"H\u00fcbsch\",\"url\":\"https:\/\/hubsch-interior.com\/de\/\",\"logo\":{\"@type\":\"ImageObject\",\"inLanguage\":\"de\",\"@id\":\"https:\/\/hubsch-interior.com\/de\/#\/schema\/logo\/image\/\",\"url\":\"https:\/\/hubsch-interior.com\/wp-content\/uploads\/2022\/12\/Hubsch_logo_black_one_line.svg\",\"contentUrl\":\"https:\/\/hubsch-interior.com\/wp-content\/uploads\/2022\/12\/Hubsch_logo_black_one_line.svg\",\"caption\":\"H\u00fcbsch\"},\"image\":{\"@id\":\"https:\/\/hubsch-interior.com\/de\/#\/schema\/logo\/image\/\"}}]}<\/script>\n<!-- \/ Yoast SEO plugin. -->","yoast_head_json":{"title":"Tube H\u00e4ngelampe Small - H\u00fcbsch","description":"Scharfe Linien, sanftes Leuchten. Die Tube H\u00e4ngelampe in metallischem Gr\u00fcn schafft eine k\u00fchne Balance zwischen Minimalismus und Charakter \u2014 dezent genug,","robots":{"index":"index","follow":"follow","max-snippet":"max-snippet:-1","max-image-preview":"max-image-preview:large","max-video-preview":"max-video-preview:-1"},"canonical":"https:\/\/hubsch-interior.com\/de\/wp-json\/wp\/v2\/product\/1088485","og_locale":"de_DE","og_type":"article","og_title":"Tube H\u00e4ngelampe Small - H\u00fcbsch","og_description":"Scharfe Linien, sanftes Leuchten. Die Tube H\u00e4ngelampe in metallischem Gr\u00fcn schafft eine k\u00fchne Balance zwischen Minimalismus und Charakter \u2014 dezent genug,","og_url":"https:\/\/hubsch-interior.com\/de\/produkt\/tube-hangelampe-small\/","og_site_name":"H\u00fcbsch","article_modified_time":"2026-04-05T03:12:22+00:00","og_image":[{"width":1200,"height":1200,"url":"https:\/\/hubsch-interior.com\/wp-content\/uploads\/2026\/01\/tube-pendant-small-90901d47fbc05bd92db823d60235f381.jpg","type":"image\/jpeg"}],"twitter_card":"summary_large_image","schema":{"@context":"https:\/\/schema.org","@graph":[{"@type":"WebPage","@id":"https:\/\/hubsch-interior.com\/de\/produkt\/tube-hangelampe-small\/","url":"https:\/\/hubsch-interior.com\/de\/produkt\/tube-hangelampe-small\/","name":"Tube H\u00e4ngelampe Small - H\u00fcbsch","isPartOf":{"@id":"https:\/\/hubsch-interior.com\/de\/#website"},"primaryImageOfPage":{"@id":"https:\/\/hubsch-interior.com\/de\/produkt\/tube-hangelampe-small\/#primaryimage"},"image":{"@id":"https:\/\/hubsch-interior.com\/de\/produkt\/tube-hangelampe-small\/#primaryimage"},"thumbnailUrl":"https:\/\/hubsch-interior.com\/wp-content\/uploads\/2026\/02\/tube-pendant-small-576fd53f09a2608ec6506ff21223e2c2.jpg","datePublished":"2026-01-31T04:00:15+00:00","dateModified":"2026-04-05T03:12:22+00:00","description":"Scharfe Linien, sanftes Leuchten. Die Tube H\u00e4ngelampe in metallischem Gr\u00fcn schafft eine k\u00fchne Balance zwischen Minimalismus und Charakter \u2014 dezent genug,","breadcrumb":{"@id":"https:\/\/hubsch-interior.com\/de\/produkt\/tube-hangelampe-small\/#breadcrumb"},"inLanguage":"de","potentialAction":[{"@type":"ReadAction","target":["https:\/\/hubsch-interior.com\/de\/produkt\/tube-hangelampe-small\/"]}]},{"@type":"ImageObject","inLanguage":"de","@id":"https:\/\/hubsch-interior.com\/de\/produkt\/tube-hangelampe-small\/#primaryimage","url":"https:\/\/hubsch-interior.com\/wp-content\/uploads\/2026\/02\/tube-pendant-small-576fd53f09a2608ec6506ff21223e2c2.jpg","contentUrl":"https:\/\/hubsch-interior.com\/wp-content\/uploads\/2026\/02\/tube-pendant-small-576fd53f09a2608ec6506ff21223e2c2.jpg","width":1024,"height":1024},{"@type":"BreadcrumbList","@id":"https:\/\/hubsch-interior.com\/de\/produkt\/tube-hangelampe-small\/#breadcrumb","itemListElement":[{"@type":"ListItem","position":1,"name":"Startseite","item":"https:\/\/hubsch-interior.com\/de\/"},{"@type":"ListItem","position":2,"name":"Produkte","item":"https:\/\/hubsch-interior.com\/de\/shop-2\/"},{"@type":"ListItem","position":3,"name":"Tube H\u00e4ngelampe Small"}]},{"@type":"WebSite","@id":"https:\/\/hubsch-interior.com\/de\/#website","url":"https:\/\/hubsch-interior.com\/de\/","name":"H\u00fcbsch","description":"Danish Home Interior and Design","publisher":{"@id":"https:\/\/hubsch-interior.com\/de\/#organization"},"potentialAction":[{"@type":"SearchAction","target":{"@type":"EntryPoint","urlTemplate":"https:\/\/hubsch-interior.com\/de\/?s={search_term_string}"},"query-input":{"@type":"PropertyValueSpecification","valueRequired":true,"valueName":"search_term_string"}}],"inLanguage":"de"},{"@type":"Organization","@id":"https:\/\/hubsch-interior.com\/de\/#organization","name":"H\u00fcbsch","url":"https:\/\/hubsch-interior.com\/de\/","logo":{"@type":"ImageObject","inLanguage":"de","@id":"https:\/\/hubsch-interior.com\/de\/#\/schema\/logo\/image\/","url":"https:\/\/hubsch-interior.com\/wp-content\/uploads\/2022\/12\/Hubsch_logo_black_one_line.svg","contentUrl":"https:\/\/hubsch-interior.com\/wp-content\/uploads\/2022\/12\/Hubsch_logo_black_one_line.svg","caption":"H\u00fcbsch"},"image":{"@id":"https:\/\/hubsch-interior.com\/de\/#\/schema\/logo\/image\/"}}]}},"_links":{"self":[{"href":"https:\/\/hubsch-interior.com\/de\/wp-json\/wp\/v2\/product\/1088485","targetHints":{"allow":["GET"]}}],"collection":[{"href":"https:\/\/hubsch-interior.com\/de\/wp-json\/wp\/v2\/product"}],"about":[{"href":"https:\/\/hubsch-interior.com\/de\/wp-json\/wp\/v2\/types\/product"}],"wp:featuredmedia":[{"embeddable":true,"href":"https:\/\/hubsch-interior.com\/de\/wp-json\/wp\/v2\/media\/1108176"}],"wp:attachment":[{"href":"https:\/\/hubsch-interior.com\/de\/wp-json\/wp\/v2\/media?parent=1088485"}],"wp:term":[{"taxonomy":"product_brand","embeddable":true,"href":"https:\/\/hubsch-interior.com\/de\/wp-json\/wp\/v2\/product_brand?post=1088485"},{"taxonomy":"product_cat","embeddable":true,"href":"https:\/\/hubsch-interior.com\/de\/wp-json\/wp\/v2\/product_cat?post=1088485"},{"taxonomy":"product_tag","embeddable":true,"href":"https:\/\/hubsch-interior.com\/de\/wp-json\/wp\/v2\/product_tag?post=1088485"}],"curies":[{"name":"wp","href":"https:\/\/api.w.org\/{rel}","templated":true}]}}