{"id":1088513,"date":"2026-01-31T05:00:27","date_gmt":"2026-01-31T04:00:27","guid":{"rendered":"https:\/\/hubsch-interior.com\/product\/product\/"},"modified":"2026-04-05T05:12:26","modified_gmt":"2026-04-05T03:12:26","slug":"tube-hangelampe-large","status":"publish","type":"product","link":"https:\/\/hubsch-interior.com\/de\/produkt\/tube-hangelampe-large\/","title":{"rendered":"Tube H\u00e4ngelampe Large"},"content":{"rendered":"<p>Ein Leuchten mit Bedeutung. Die Tube H\u00e4ngelampe in metallischem Gr\u00fcn vereint schlanke Eleganz mit allt\u00e4glicher Vielseitigkeit und setzt dort dezente Akzente, wo sie am meisten gebraucht wird. Ihr kr\u00e4ftiger, doch ausgewogener Farbton f\u00fcgt eine verfeinerte Farbexplosion hinzu, w\u00e4hrend die minimalistische Silhouette nahtlos in moderne R\u00e4ume \u00fcbergeht. Hergestellt aus hochwertigen Materialien und ausgestattet mit einer 3-stufigen Dimmfunktion, ist sie darauf ausgelegt, sich Ihrer Stimmung und dem jeweiligen Moment anzupassen. Ein leise markantes Pendelleuchte \u2013 der abschlie\u00dfende Akzent Ihres Raumes, in jeder Hinsicht.<\/p>\n","protected":false},"excerpt":{"rendered":"<p>Ein Leuchten mit Bedeutung. Die Tube H\u00e4ngelampe in metallischem Gr\u00fcn vereint schlanke Eleganz mit allt\u00e4glicher Vielseitigkeit und setzt dort dezente Akzente, wo sie am meisten gebraucht wird. Ihr kr\u00e4ftiger, doch ausgewogener Farbton f\u00fcgt eine verfeinerte Farbexplosion hinzu, w\u00e4hrend die minimalistische Silhouette nahtlos in moderne R\u00e4ume \u00fcbergeht. Hergestellt aus hochwertigen Materialien und ausgestattet mit einer 3-stufigen [&hellip;]<\/p>\n","protected":false},"featured_media":1108196,"template":"","meta":{"_acf_changed":false,"inline_featured_image":false},"product_brand":[],"product_cat":[3809,7155,4148,5047],"product_tag":[],"class_list":{"0":"post-1088513","1":"product","2":"type-product","3":"status-publish","4":"has-post-thumbnail","6":"product_cat-beleuchtung","7":"product_cat-dweller-de","8":"product_cat-haengelampen-de","9":"product_cat-neuheiten-de","10":"product_shipping_class-pk","12":"pa_material-aluminium-de","13":"pa_material-silikon","15":"first","16":"instock","17":"taxable","18":"shipping-taxable","19":"purchasable","20":"product-type-simple"},"exclude_global_add_ons":[],"addons":[],"acf":[],"yoast_head":"<!-- This site is optimized with the Yoast SEO plugin v26.4 - https:\/\/yoast.com\/wordpress\/plugins\/seo\/ -->\n<title>Tube H\u00e4ngelampe Large - H\u00fcbsch<\/title>\n<meta name=\"description\" content=\"Ein Leuchten mit Bedeutung. Die Tube H\u00e4ngelampe in metallischem Gr\u00fcn vereint schlanke Eleganz mit allt\u00e4glicher Vielseitigkeit und setzt dort dezente\" \/>\n<meta name=\"robots\" content=\"index, follow, max-snippet:-1, max-image-preview:large, max-video-preview:-1\" \/>\n<link rel=\"canonical\" href=\"https:\/\/hubsch-interior.com\/de\/wp-json\/wp\/v2\/product\/1088513\" \/>\n<meta property=\"og:locale\" content=\"de_DE\" \/>\n<meta property=\"og:type\" content=\"article\" \/>\n<meta property=\"og:title\" content=\"Tube H\u00e4ngelampe Large - H\u00fcbsch\" \/>\n<meta property=\"og:description\" content=\"Ein Leuchten mit Bedeutung. Die Tube H\u00e4ngelampe in metallischem Gr\u00fcn vereint schlanke Eleganz mit allt\u00e4glicher Vielseitigkeit und setzt dort dezente\" \/>\n<meta property=\"og:url\" content=\"https:\/\/hubsch-interior.com\/de\/produkt\/tube-hangelampe-large\/\" \/>\n<meta property=\"og:site_name\" content=\"H\u00fcbsch\" \/>\n<meta property=\"article:modified_time\" content=\"2026-04-05T03:12:26+00:00\" \/>\n<meta property=\"og:image\" content=\"https:\/\/hubsch-interior.com\/wp-content\/uploads\/2026\/01\/tube-pendant-large-9d6b8f0be52cf80268cc19561c7b0d19.jpg\" \/>\n\t<meta property=\"og:image:width\" content=\"1200\" \/>\n\t<meta property=\"og:image:height\" content=\"1200\" \/>\n\t<meta property=\"og:image:type\" content=\"image\/jpeg\" \/>\n<meta name=\"twitter:card\" content=\"summary_large_image\" \/>\n<script type=\"application\/ld+json\" class=\"yoast-schema-graph\">{\"@context\":\"https:\/\/schema.org\",\"@graph\":[{\"@type\":\"WebPage\",\"@id\":\"https:\/\/hubsch-interior.com\/de\/produkt\/tube-hangelampe-large\/\",\"url\":\"https:\/\/hubsch-interior.com\/de\/produkt\/tube-hangelampe-large\/\",\"name\":\"Tube H\u00e4ngelampe Large - H\u00fcbsch\",\"isPartOf\":{\"@id\":\"https:\/\/hubsch-interior.com\/de\/#website\"},\"primaryImageOfPage\":{\"@id\":\"https:\/\/hubsch-interior.com\/de\/produkt\/tube-hangelampe-large\/#primaryimage\"},\"image\":{\"@id\":\"https:\/\/hubsch-interior.com\/de\/produkt\/tube-hangelampe-large\/#primaryimage\"},\"thumbnailUrl\":\"https:\/\/hubsch-interior.com\/wp-content\/uploads\/2026\/02\/tube-pendant-large-fb20e38e697da3a49c7ce2abeacea79b.jpg\",\"datePublished\":\"2026-01-31T04:00:27+00:00\",\"dateModified\":\"2026-04-05T03:12:26+00:00\",\"description\":\"Ein Leuchten mit Bedeutung. Die Tube H\u00e4ngelampe in metallischem Gr\u00fcn vereint schlanke Eleganz mit allt\u00e4glicher Vielseitigkeit und setzt dort dezente\",\"breadcrumb\":{\"@id\":\"https:\/\/hubsch-interior.com\/de\/produkt\/tube-hangelampe-large\/#breadcrumb\"},\"inLanguage\":\"de\",\"potentialAction\":[{\"@type\":\"ReadAction\",\"target\":[\"https:\/\/hubsch-interior.com\/de\/produkt\/tube-hangelampe-large\/\"]}]},{\"@type\":\"ImageObject\",\"inLanguage\":\"de\",\"@id\":\"https:\/\/hubsch-interior.com\/de\/produkt\/tube-hangelampe-large\/#primaryimage\",\"url\":\"https:\/\/hubsch-interior.com\/wp-content\/uploads\/2026\/02\/tube-pendant-large-fb20e38e697da3a49c7ce2abeacea79b.jpg\",\"contentUrl\":\"https:\/\/hubsch-interior.com\/wp-content\/uploads\/2026\/02\/tube-pendant-large-fb20e38e697da3a49c7ce2abeacea79b.jpg\",\"width\":1024,\"height\":1024},{\"@type\":\"BreadcrumbList\",\"@id\":\"https:\/\/hubsch-interior.com\/de\/produkt\/tube-hangelampe-large\/#breadcrumb\",\"itemListElement\":[{\"@type\":\"ListItem\",\"position\":1,\"name\":\"Startseite\",\"item\":\"https:\/\/hubsch-interior.com\/de\/\"},{\"@type\":\"ListItem\",\"position\":2,\"name\":\"Produkte\",\"item\":\"https:\/\/hubsch-interior.com\/de\/shop-2\/\"},{\"@type\":\"ListItem\",\"position\":3,\"name\":\"Tube H\u00e4ngelampe Large\"}]},{\"@type\":\"WebSite\",\"@id\":\"https:\/\/hubsch-interior.com\/de\/#website\",\"url\":\"https:\/\/hubsch-interior.com\/de\/\",\"name\":\"H\u00fcbsch\",\"description\":\"Danish Home Interior and Design\",\"publisher\":{\"@id\":\"https:\/\/hubsch-interior.com\/de\/#organization\"},\"potentialAction\":[{\"@type\":\"SearchAction\",\"target\":{\"@type\":\"EntryPoint\",\"urlTemplate\":\"https:\/\/hubsch-interior.com\/de\/?s={search_term_string}\"},\"query-input\":{\"@type\":\"PropertyValueSpecification\",\"valueRequired\":true,\"valueName\":\"search_term_string\"}}],\"inLanguage\":\"de\"},{\"@type\":\"Organization\",\"@id\":\"https:\/\/hubsch-interior.com\/de\/#organization\",\"name\":\"H\u00fcbsch\",\"url\":\"https:\/\/hubsch-interior.com\/de\/\",\"logo\":{\"@type\":\"ImageObject\",\"inLanguage\":\"de\",\"@id\":\"https:\/\/hubsch-interior.com\/de\/#\/schema\/logo\/image\/\",\"url\":\"https:\/\/hubsch-interior.com\/wp-content\/uploads\/2022\/12\/Hubsch_logo_black_one_line.svg\",\"contentUrl\":\"https:\/\/hubsch-interior.com\/wp-content\/uploads\/2022\/12\/Hubsch_logo_black_one_line.svg\",\"caption\":\"H\u00fcbsch\"},\"image\":{\"@id\":\"https:\/\/hubsch-interior.com\/de\/#\/schema\/logo\/image\/\"}}]}<\/script>\n<!-- \/ Yoast SEO plugin. -->","yoast_head_json":{"title":"Tube H\u00e4ngelampe Large - H\u00fcbsch","description":"Ein Leuchten mit Bedeutung. Die Tube H\u00e4ngelampe in metallischem Gr\u00fcn vereint schlanke Eleganz mit allt\u00e4glicher Vielseitigkeit und setzt dort dezente","robots":{"index":"index","follow":"follow","max-snippet":"max-snippet:-1","max-image-preview":"max-image-preview:large","max-video-preview":"max-video-preview:-1"},"canonical":"https:\/\/hubsch-interior.com\/de\/wp-json\/wp\/v2\/product\/1088513","og_locale":"de_DE","og_type":"article","og_title":"Tube H\u00e4ngelampe Large - H\u00fcbsch","og_description":"Ein Leuchten mit Bedeutung. Die Tube H\u00e4ngelampe in metallischem Gr\u00fcn vereint schlanke Eleganz mit allt\u00e4glicher Vielseitigkeit und setzt dort dezente","og_url":"https:\/\/hubsch-interior.com\/de\/produkt\/tube-hangelampe-large\/","og_site_name":"H\u00fcbsch","article_modified_time":"2026-04-05T03:12:26+00:00","og_image":[{"width":1200,"height":1200,"url":"https:\/\/hubsch-interior.com\/wp-content\/uploads\/2026\/01\/tube-pendant-large-9d6b8f0be52cf80268cc19561c7b0d19.jpg","type":"image\/jpeg"}],"twitter_card":"summary_large_image","schema":{"@context":"https:\/\/schema.org","@graph":[{"@type":"WebPage","@id":"https:\/\/hubsch-interior.com\/de\/produkt\/tube-hangelampe-large\/","url":"https:\/\/hubsch-interior.com\/de\/produkt\/tube-hangelampe-large\/","name":"Tube H\u00e4ngelampe Large - H\u00fcbsch","isPartOf":{"@id":"https:\/\/hubsch-interior.com\/de\/#website"},"primaryImageOfPage":{"@id":"https:\/\/hubsch-interior.com\/de\/produkt\/tube-hangelampe-large\/#primaryimage"},"image":{"@id":"https:\/\/hubsch-interior.com\/de\/produkt\/tube-hangelampe-large\/#primaryimage"},"thumbnailUrl":"https:\/\/hubsch-interior.com\/wp-content\/uploads\/2026\/02\/tube-pendant-large-fb20e38e697da3a49c7ce2abeacea79b.jpg","datePublished":"2026-01-31T04:00:27+00:00","dateModified":"2026-04-05T03:12:26+00:00","description":"Ein Leuchten mit Bedeutung. Die Tube H\u00e4ngelampe in metallischem Gr\u00fcn vereint schlanke Eleganz mit allt\u00e4glicher Vielseitigkeit und setzt dort dezente","breadcrumb":{"@id":"https:\/\/hubsch-interior.com\/de\/produkt\/tube-hangelampe-large\/#breadcrumb"},"inLanguage":"de","potentialAction":[{"@type":"ReadAction","target":["https:\/\/hubsch-interior.com\/de\/produkt\/tube-hangelampe-large\/"]}]},{"@type":"ImageObject","inLanguage":"de","@id":"https:\/\/hubsch-interior.com\/de\/produkt\/tube-hangelampe-large\/#primaryimage","url":"https:\/\/hubsch-interior.com\/wp-content\/uploads\/2026\/02\/tube-pendant-large-fb20e38e697da3a49c7ce2abeacea79b.jpg","contentUrl":"https:\/\/hubsch-interior.com\/wp-content\/uploads\/2026\/02\/tube-pendant-large-fb20e38e697da3a49c7ce2abeacea79b.jpg","width":1024,"height":1024},{"@type":"BreadcrumbList","@id":"https:\/\/hubsch-interior.com\/de\/produkt\/tube-hangelampe-large\/#breadcrumb","itemListElement":[{"@type":"ListItem","position":1,"name":"Startseite","item":"https:\/\/hubsch-interior.com\/de\/"},{"@type":"ListItem","position":2,"name":"Produkte","item":"https:\/\/hubsch-interior.com\/de\/shop-2\/"},{"@type":"ListItem","position":3,"name":"Tube H\u00e4ngelampe Large"}]},{"@type":"WebSite","@id":"https:\/\/hubsch-interior.com\/de\/#website","url":"https:\/\/hubsch-interior.com\/de\/","name":"H\u00fcbsch","description":"Danish Home Interior and Design","publisher":{"@id":"https:\/\/hubsch-interior.com\/de\/#organization"},"potentialAction":[{"@type":"SearchAction","target":{"@type":"EntryPoint","urlTemplate":"https:\/\/hubsch-interior.com\/de\/?s={search_term_string}"},"query-input":{"@type":"PropertyValueSpecification","valueRequired":true,"valueName":"search_term_string"}}],"inLanguage":"de"},{"@type":"Organization","@id":"https:\/\/hubsch-interior.com\/de\/#organization","name":"H\u00fcbsch","url":"https:\/\/hubsch-interior.com\/de\/","logo":{"@type":"ImageObject","inLanguage":"de","@id":"https:\/\/hubsch-interior.com\/de\/#\/schema\/logo\/image\/","url":"https:\/\/hubsch-interior.com\/wp-content\/uploads\/2022\/12\/Hubsch_logo_black_one_line.svg","contentUrl":"https:\/\/hubsch-interior.com\/wp-content\/uploads\/2022\/12\/Hubsch_logo_black_one_line.svg","caption":"H\u00fcbsch"},"image":{"@id":"https:\/\/hubsch-interior.com\/de\/#\/schema\/logo\/image\/"}}]}},"_links":{"self":[{"href":"https:\/\/hubsch-interior.com\/de\/wp-json\/wp\/v2\/product\/1088513","targetHints":{"allow":["GET"]}}],"collection":[{"href":"https:\/\/hubsch-interior.com\/de\/wp-json\/wp\/v2\/product"}],"about":[{"href":"https:\/\/hubsch-interior.com\/de\/wp-json\/wp\/v2\/types\/product"}],"wp:featuredmedia":[{"embeddable":true,"href":"https:\/\/hubsch-interior.com\/de\/wp-json\/wp\/v2\/media\/1108196"}],"wp:attachment":[{"href":"https:\/\/hubsch-interior.com\/de\/wp-json\/wp\/v2\/media?parent=1088513"}],"wp:term":[{"taxonomy":"product_brand","embeddable":true,"href":"https:\/\/hubsch-interior.com\/de\/wp-json\/wp\/v2\/product_brand?post=1088513"},{"taxonomy":"product_cat","embeddable":true,"href":"https:\/\/hubsch-interior.com\/de\/wp-json\/wp\/v2\/product_cat?post=1088513"},{"taxonomy":"product_tag","embeddable":true,"href":"https:\/\/hubsch-interior.com\/de\/wp-json\/wp\/v2\/product_tag?post=1088513"}],"curies":[{"name":"wp","href":"https:\/\/api.w.org\/{rel}","templated":true}]}}