{"id":1088561,"date":"2026-01-31T05:00:54","date_gmt":"2026-01-31T04:00:54","guid":{"rendered":"https:\/\/hubsch-interior.com\/product\/product\/"},"modified":"2026-04-05T05:12:33","modified_gmt":"2026-04-05T03:12:33","slug":"sway-wandlampe-schwarz","status":"publish","type":"product","link":"https:\/\/hubsch-interior.com\/de\/produkt\/sway-wandlampe-schwarz\/","title":{"rendered":"Sway Wandlampe Schwarz"},"content":{"rendered":"<p>Licht, das sich mit Ihnen bewegt. Die Sway Wandlampe kombiniert gl\u00e4nzende schwarze Oberfl\u00e4chen mit einem sanften, mattwei\u00dfen Opalglas-Schirm und schafft so einen markanten Kontrast, der sowohl modern als auch edel wirkt. Ihr verstellbarer Arm erm\u00f6glicht es Ihnen, das Licht n\u00e4her zu bringen f\u00fcr das Lesen oder die Atmosph\u00e4re mit einer sanften Neigung zu mildern \u2013 perfekt f\u00fcr Abende, die zwischen Konzentration und Entspannung wechseln. Ob Kunstwerke in Szene gesetzt oder ein warmes Leuchten in einer ruhigen Ecke erzeugt wird, sie bietet Flexibilit\u00e4t mit Stil. Eine elegante Erweiterung Ihres Raumes \u2014 und Ihrer Stimmung.<\/p>\n","protected":false},"excerpt":{"rendered":"<p>Licht, das sich mit Ihnen bewegt. Die Sway Wandlampe kombiniert gl\u00e4nzende schwarze Oberfl\u00e4chen mit einem sanften, mattwei\u00dfen Opalglas-Schirm und schafft so einen markanten Kontrast, der sowohl modern als auch edel wirkt. Ihr verstellbarer Arm erm\u00f6glicht es Ihnen, das Licht n\u00e4her zu bringen f\u00fcr das Lesen oder die Atmosph\u00e4re mit einer sanften Neigung zu mildern \u2013 [&hellip;]<\/p>\n","protected":false},"featured_media":1108232,"template":"","meta":{"_acf_changed":false,"inline_featured_image":false},"product_brand":[],"product_cat":[7155,3809,3409,5027,5047],"product_tag":[],"class_list":{"0":"post-1088561","1":"product","2":"type-product","3":"status-publish","4":"has-post-thumbnail","6":"product_cat-dweller-de","7":"product_cat-beleuchtung","8":"product_cat-wandlampen-de","9":"product_cat-bestsellers-de","10":"product_cat-neuheiten-de","11":"product_shipping_class-pk","13":"pa_color-schwarz","14":"pa_material-eisen-de","15":"pa_material-glas-de","17":"first","18":"instock","19":"featured","20":"taxable","21":"shipping-taxable","22":"purchasable","23":"product-type-simple"},"exclude_global_add_ons":[],"addons":[],"acf":[],"yoast_head":"<!-- This site is optimized with the Yoast SEO plugin v26.4 - https:\/\/yoast.com\/wordpress\/plugins\/seo\/ -->\n<title>Sway Wandlampe Schwarz - H\u00fcbsch<\/title>\n<meta name=\"description\" content=\"Licht, das sich mit Ihnen bewegt. Die Sway Wandlampe kombiniert gl\u00e4nzende schwarze Oberfl\u00e4chen mit einem sanften, mattwei\u00dfen Opalglas-Schirm und schafft\" \/>\n<meta name=\"robots\" content=\"index, follow, max-snippet:-1, max-image-preview:large, max-video-preview:-1\" \/>\n<link rel=\"canonical\" href=\"https:\/\/hubsch-interior.com\/de\/wp-json\/wp\/v2\/product\/1088561\" \/>\n<meta property=\"og:locale\" content=\"de_DE\" \/>\n<meta property=\"og:type\" content=\"article\" \/>\n<meta property=\"og:title\" content=\"Sway Wandlampe Schwarz - H\u00fcbsch\" \/>\n<meta property=\"og:description\" content=\"Licht, das sich mit Ihnen bewegt. Die Sway Wandlampe kombiniert gl\u00e4nzende schwarze Oberfl\u00e4chen mit einem sanften, mattwei\u00dfen Opalglas-Schirm und schafft\" \/>\n<meta property=\"og:url\" content=\"https:\/\/hubsch-interior.com\/de\/produkt\/sway-wandlampe-schwarz\/\" \/>\n<meta property=\"og:site_name\" content=\"H\u00fcbsch\" \/>\n<meta property=\"article:modified_time\" content=\"2026-04-05T03:12:33+00:00\" \/>\n<meta property=\"og:image\" content=\"https:\/\/hubsch-interior.com\/wp-content\/uploads\/2026\/01\/sway-wall-lamp-black-0ebaa63ebd4fb4e830e86ca73beb094d.jpg\" \/>\n\t<meta property=\"og:image:width\" content=\"1200\" \/>\n\t<meta property=\"og:image:height\" content=\"1200\" \/>\n\t<meta property=\"og:image:type\" content=\"image\/jpeg\" \/>\n<meta name=\"twitter:card\" content=\"summary_large_image\" \/>\n<meta name=\"twitter:label1\" content=\"Gesch\u00e4tzte Lesezeit\" \/>\n\t<meta name=\"twitter:data1\" content=\"1\u00a0Minute\" \/>\n<script type=\"application\/ld+json\" class=\"yoast-schema-graph\">{\"@context\":\"https:\/\/schema.org\",\"@graph\":[{\"@type\":\"WebPage\",\"@id\":\"https:\/\/hubsch-interior.com\/de\/produkt\/sway-wandlampe-schwarz\/\",\"url\":\"https:\/\/hubsch-interior.com\/de\/produkt\/sway-wandlampe-schwarz\/\",\"name\":\"Sway Wandlampe Schwarz - H\u00fcbsch\",\"isPartOf\":{\"@id\":\"https:\/\/hubsch-interior.com\/de\/#website\"},\"primaryImageOfPage\":{\"@id\":\"https:\/\/hubsch-interior.com\/de\/produkt\/sway-wandlampe-schwarz\/#primaryimage\"},\"image\":{\"@id\":\"https:\/\/hubsch-interior.com\/de\/produkt\/sway-wandlampe-schwarz\/#primaryimage\"},\"thumbnailUrl\":\"https:\/\/hubsch-interior.com\/wp-content\/uploads\/2026\/02\/sway-wall-lamp-black-811c16340cc749045d88bec3954fa8dc.jpg\",\"datePublished\":\"2026-01-31T04:00:54+00:00\",\"dateModified\":\"2026-04-05T03:12:33+00:00\",\"description\":\"Licht, das sich mit Ihnen bewegt. Die Sway Wandlampe kombiniert gl\u00e4nzende schwarze Oberfl\u00e4chen mit einem sanften, mattwei\u00dfen Opalglas-Schirm und schafft\",\"breadcrumb\":{\"@id\":\"https:\/\/hubsch-interior.com\/de\/produkt\/sway-wandlampe-schwarz\/#breadcrumb\"},\"inLanguage\":\"de\",\"potentialAction\":[{\"@type\":\"ReadAction\",\"target\":[\"https:\/\/hubsch-interior.com\/de\/produkt\/sway-wandlampe-schwarz\/\"]}]},{\"@type\":\"ImageObject\",\"inLanguage\":\"de\",\"@id\":\"https:\/\/hubsch-interior.com\/de\/produkt\/sway-wandlampe-schwarz\/#primaryimage\",\"url\":\"https:\/\/hubsch-interior.com\/wp-content\/uploads\/2026\/02\/sway-wall-lamp-black-811c16340cc749045d88bec3954fa8dc.jpg\",\"contentUrl\":\"https:\/\/hubsch-interior.com\/wp-content\/uploads\/2026\/02\/sway-wall-lamp-black-811c16340cc749045d88bec3954fa8dc.jpg\",\"width\":1024,\"height\":1024},{\"@type\":\"BreadcrumbList\",\"@id\":\"https:\/\/hubsch-interior.com\/de\/produkt\/sway-wandlampe-schwarz\/#breadcrumb\",\"itemListElement\":[{\"@type\":\"ListItem\",\"position\":1,\"name\":\"Startseite\",\"item\":\"https:\/\/hubsch-interior.com\/de\/\"},{\"@type\":\"ListItem\",\"position\":2,\"name\":\"Produkte\",\"item\":\"https:\/\/hubsch-interior.com\/de\/shop-2\/\"},{\"@type\":\"ListItem\",\"position\":3,\"name\":\"Sway Wandlampe Schwarz\"}]},{\"@type\":\"WebSite\",\"@id\":\"https:\/\/hubsch-interior.com\/de\/#website\",\"url\":\"https:\/\/hubsch-interior.com\/de\/\",\"name\":\"H\u00fcbsch\",\"description\":\"Danish Home Interior and Design\",\"publisher\":{\"@id\":\"https:\/\/hubsch-interior.com\/de\/#organization\"},\"potentialAction\":[{\"@type\":\"SearchAction\",\"target\":{\"@type\":\"EntryPoint\",\"urlTemplate\":\"https:\/\/hubsch-interior.com\/de\/?s={search_term_string}\"},\"query-input\":{\"@type\":\"PropertyValueSpecification\",\"valueRequired\":true,\"valueName\":\"search_term_string\"}}],\"inLanguage\":\"de\"},{\"@type\":\"Organization\",\"@id\":\"https:\/\/hubsch-interior.com\/de\/#organization\",\"name\":\"H\u00fcbsch\",\"url\":\"https:\/\/hubsch-interior.com\/de\/\",\"logo\":{\"@type\":\"ImageObject\",\"inLanguage\":\"de\",\"@id\":\"https:\/\/hubsch-interior.com\/de\/#\/schema\/logo\/image\/\",\"url\":\"https:\/\/hubsch-interior.com\/wp-content\/uploads\/2022\/12\/Hubsch_logo_black_one_line.svg\",\"contentUrl\":\"https:\/\/hubsch-interior.com\/wp-content\/uploads\/2022\/12\/Hubsch_logo_black_one_line.svg\",\"caption\":\"H\u00fcbsch\"},\"image\":{\"@id\":\"https:\/\/hubsch-interior.com\/de\/#\/schema\/logo\/image\/\"}}]}<\/script>\n<!-- \/ Yoast SEO plugin. -->","yoast_head_json":{"title":"Sway Wandlampe Schwarz - H\u00fcbsch","description":"Licht, das sich mit Ihnen bewegt. Die Sway Wandlampe kombiniert gl\u00e4nzende schwarze Oberfl\u00e4chen mit einem sanften, mattwei\u00dfen Opalglas-Schirm und schafft","robots":{"index":"index","follow":"follow","max-snippet":"max-snippet:-1","max-image-preview":"max-image-preview:large","max-video-preview":"max-video-preview:-1"},"canonical":"https:\/\/hubsch-interior.com\/de\/wp-json\/wp\/v2\/product\/1088561","og_locale":"de_DE","og_type":"article","og_title":"Sway Wandlampe Schwarz - H\u00fcbsch","og_description":"Licht, das sich mit Ihnen bewegt. Die Sway Wandlampe kombiniert gl\u00e4nzende schwarze Oberfl\u00e4chen mit einem sanften, mattwei\u00dfen Opalglas-Schirm und schafft","og_url":"https:\/\/hubsch-interior.com\/de\/produkt\/sway-wandlampe-schwarz\/","og_site_name":"H\u00fcbsch","article_modified_time":"2026-04-05T03:12:33+00:00","og_image":[{"width":1200,"height":1200,"url":"https:\/\/hubsch-interior.com\/wp-content\/uploads\/2026\/01\/sway-wall-lamp-black-0ebaa63ebd4fb4e830e86ca73beb094d.jpg","type":"image\/jpeg"}],"twitter_card":"summary_large_image","twitter_misc":{"Gesch\u00e4tzte Lesezeit":"1\u00a0Minute"},"schema":{"@context":"https:\/\/schema.org","@graph":[{"@type":"WebPage","@id":"https:\/\/hubsch-interior.com\/de\/produkt\/sway-wandlampe-schwarz\/","url":"https:\/\/hubsch-interior.com\/de\/produkt\/sway-wandlampe-schwarz\/","name":"Sway Wandlampe Schwarz - H\u00fcbsch","isPartOf":{"@id":"https:\/\/hubsch-interior.com\/de\/#website"},"primaryImageOfPage":{"@id":"https:\/\/hubsch-interior.com\/de\/produkt\/sway-wandlampe-schwarz\/#primaryimage"},"image":{"@id":"https:\/\/hubsch-interior.com\/de\/produkt\/sway-wandlampe-schwarz\/#primaryimage"},"thumbnailUrl":"https:\/\/hubsch-interior.com\/wp-content\/uploads\/2026\/02\/sway-wall-lamp-black-811c16340cc749045d88bec3954fa8dc.jpg","datePublished":"2026-01-31T04:00:54+00:00","dateModified":"2026-04-05T03:12:33+00:00","description":"Licht, das sich mit Ihnen bewegt. Die Sway Wandlampe kombiniert gl\u00e4nzende schwarze Oberfl\u00e4chen mit einem sanften, mattwei\u00dfen Opalglas-Schirm und schafft","breadcrumb":{"@id":"https:\/\/hubsch-interior.com\/de\/produkt\/sway-wandlampe-schwarz\/#breadcrumb"},"inLanguage":"de","potentialAction":[{"@type":"ReadAction","target":["https:\/\/hubsch-interior.com\/de\/produkt\/sway-wandlampe-schwarz\/"]}]},{"@type":"ImageObject","inLanguage":"de","@id":"https:\/\/hubsch-interior.com\/de\/produkt\/sway-wandlampe-schwarz\/#primaryimage","url":"https:\/\/hubsch-interior.com\/wp-content\/uploads\/2026\/02\/sway-wall-lamp-black-811c16340cc749045d88bec3954fa8dc.jpg","contentUrl":"https:\/\/hubsch-interior.com\/wp-content\/uploads\/2026\/02\/sway-wall-lamp-black-811c16340cc749045d88bec3954fa8dc.jpg","width":1024,"height":1024},{"@type":"BreadcrumbList","@id":"https:\/\/hubsch-interior.com\/de\/produkt\/sway-wandlampe-schwarz\/#breadcrumb","itemListElement":[{"@type":"ListItem","position":1,"name":"Startseite","item":"https:\/\/hubsch-interior.com\/de\/"},{"@type":"ListItem","position":2,"name":"Produkte","item":"https:\/\/hubsch-interior.com\/de\/shop-2\/"},{"@type":"ListItem","position":3,"name":"Sway Wandlampe Schwarz"}]},{"@type":"WebSite","@id":"https:\/\/hubsch-interior.com\/de\/#website","url":"https:\/\/hubsch-interior.com\/de\/","name":"H\u00fcbsch","description":"Danish Home Interior and Design","publisher":{"@id":"https:\/\/hubsch-interior.com\/de\/#organization"},"potentialAction":[{"@type":"SearchAction","target":{"@type":"EntryPoint","urlTemplate":"https:\/\/hubsch-interior.com\/de\/?s={search_term_string}"},"query-input":{"@type":"PropertyValueSpecification","valueRequired":true,"valueName":"search_term_string"}}],"inLanguage":"de"},{"@type":"Organization","@id":"https:\/\/hubsch-interior.com\/de\/#organization","name":"H\u00fcbsch","url":"https:\/\/hubsch-interior.com\/de\/","logo":{"@type":"ImageObject","inLanguage":"de","@id":"https:\/\/hubsch-interior.com\/de\/#\/schema\/logo\/image\/","url":"https:\/\/hubsch-interior.com\/wp-content\/uploads\/2022\/12\/Hubsch_logo_black_one_line.svg","contentUrl":"https:\/\/hubsch-interior.com\/wp-content\/uploads\/2022\/12\/Hubsch_logo_black_one_line.svg","caption":"H\u00fcbsch"},"image":{"@id":"https:\/\/hubsch-interior.com\/de\/#\/schema\/logo\/image\/"}}]}},"_links":{"self":[{"href":"https:\/\/hubsch-interior.com\/de\/wp-json\/wp\/v2\/product\/1088561","targetHints":{"allow":["GET"]}}],"collection":[{"href":"https:\/\/hubsch-interior.com\/de\/wp-json\/wp\/v2\/product"}],"about":[{"href":"https:\/\/hubsch-interior.com\/de\/wp-json\/wp\/v2\/types\/product"}],"wp:featuredmedia":[{"embeddable":true,"href":"https:\/\/hubsch-interior.com\/de\/wp-json\/wp\/v2\/media\/1108232"}],"wp:attachment":[{"href":"https:\/\/hubsch-interior.com\/de\/wp-json\/wp\/v2\/media?parent=1088561"}],"wp:term":[{"taxonomy":"product_brand","embeddable":true,"href":"https:\/\/hubsch-interior.com\/de\/wp-json\/wp\/v2\/product_brand?post=1088561"},{"taxonomy":"product_cat","embeddable":true,"href":"https:\/\/hubsch-interior.com\/de\/wp-json\/wp\/v2\/product_cat?post=1088561"},{"taxonomy":"product_tag","embeddable":true,"href":"https:\/\/hubsch-interior.com\/de\/wp-json\/wp\/v2\/product_tag?post=1088561"}],"curies":[{"name":"wp","href":"https:\/\/api.w.org\/{rel}","templated":true}]}}