{"id":1088585,"date":"2026-01-31T05:01:07","date_gmt":"2026-01-31T04:01:07","guid":{"rendered":"https:\/\/hubsch-interior.com\/product\/product\/"},"modified":"2026-04-05T05:12:37","modified_gmt":"2026-04-05T03:12:37","slug":"tower-tischlampe-dunkelgrun","status":"publish","type":"product","link":"https:\/\/hubsch-interior.com\/de\/produkt\/tower-tischlampe-dunkelgrun\/","title":{"rendered":"Tower Tischlampe Dunkelgr\u00fcn"},"content":{"rendered":"<p>Hoch, schlank und dezent beeindruckend. Die Tower Tischlampe in tiefem Gr\u00fcn bringt eine beruhigende Ruhe in Ihren Raum und kombiniert elegante Proportionen mit praktischem Zweck. Ihre schlanke Silhouette passt m\u00fchelos auf Fensterb\u00e4nke, Beistelltische oder jede kleine Fl\u00e4che, die ein warmes Leuchten ben\u00f6tigt. Ob als skulpturales Highlight oder t\u00e4gliche Lichtquelle genutzt, sie vereint Form und Funktion mit Leichtigkeit. Erh\u00e4ltlich in zwei edlen Varianten \u2013 f\u00fcr R\u00e4ume, die Pr\u00e4senz ohne \u00dcberfluss verlangen.<\/p>\n","protected":false},"excerpt":{"rendered":"<p>Hoch, schlank und dezent beeindruckend. Die Tower Tischlampe in tiefem Gr\u00fcn bringt eine beruhigende Ruhe in Ihren Raum und kombiniert elegante Proportionen mit praktischem Zweck. Ihre schlanke Silhouette passt m\u00fchelos auf Fensterb\u00e4nke, Beistelltische oder jede kleine Fl\u00e4che, die ein warmes Leuchten ben\u00f6tigt. Ob als skulpturales Highlight oder t\u00e4gliche Lichtquelle genutzt, sie vereint Form und Funktion [&hellip;]<\/p>\n","protected":false},"featured_media":1108244,"template":"","meta":{"_acf_changed":false,"inline_featured_image":false},"product_brand":[],"product_cat":[7155,3809,3501,5027,5047],"product_tag":[],"class_list":{"0":"post-1088585","1":"product","2":"type-product","3":"status-publish","4":"has-post-thumbnail","6":"product_cat-dweller-de","7":"product_cat-beleuchtung","8":"product_cat-tischlampen-de","9":"product_cat-bestsellers-de","10":"product_cat-neuheiten-de","11":"product_shipping_class-pk","13":"pa_color-dunkelgrn","14":"pa_material-eisen-de","15":"pa_material-polycarbonat-2","17":"first","18":"instock","19":"featured","20":"taxable","21":"shipping-taxable","22":"purchasable","23":"product-type-simple"},"exclude_global_add_ons":[],"addons":[],"acf":[],"yoast_head":"<!-- This site is optimized with the Yoast SEO plugin v26.4 - https:\/\/yoast.com\/wordpress\/plugins\/seo\/ -->\n<title>Tower Tischlampe Dunkelgr\u00fcn - H\u00fcbsch<\/title>\n<meta name=\"description\" content=\"Hoch, schlank und dezent beeindruckend. Die Tower Tischlampe in tiefem Gr\u00fcn bringt eine beruhigende Ruhe in Ihren Raum und kombiniert elegante\" \/>\n<meta name=\"robots\" content=\"index, follow, max-snippet:-1, max-image-preview:large, max-video-preview:-1\" \/>\n<link rel=\"canonical\" href=\"https:\/\/hubsch-interior.com\/de\/wp-json\/wp\/v2\/product\/1088585\" \/>\n<meta property=\"og:locale\" content=\"de_DE\" \/>\n<meta property=\"og:type\" content=\"article\" \/>\n<meta property=\"og:title\" content=\"Tower Tischlampe Dunkelgr\u00fcn - H\u00fcbsch\" \/>\n<meta property=\"og:description\" content=\"Hoch, schlank und dezent beeindruckend. Die Tower Tischlampe in tiefem Gr\u00fcn bringt eine beruhigende Ruhe in Ihren Raum und kombiniert elegante\" \/>\n<meta property=\"og:url\" content=\"https:\/\/hubsch-interior.com\/de\/produkt\/tower-tischlampe-dunkelgrun\/\" \/>\n<meta property=\"og:site_name\" content=\"H\u00fcbsch\" \/>\n<meta property=\"article:modified_time\" content=\"2026-04-05T03:12:37+00:00\" \/>\n<meta property=\"og:image\" content=\"https:\/\/hubsch-interior.com\/wp-content\/uploads\/2026\/01\/tower-table-lamp-dark-green-ac2af1196745e3ca8992f17eb6e9db55.jpg\" \/>\n\t<meta property=\"og:image:width\" content=\"1200\" \/>\n\t<meta property=\"og:image:height\" content=\"1200\" \/>\n\t<meta property=\"og:image:type\" content=\"image\/jpeg\" \/>\n<meta name=\"twitter:card\" content=\"summary_large_image\" \/>\n<script type=\"application\/ld+json\" class=\"yoast-schema-graph\">{\"@context\":\"https:\/\/schema.org\",\"@graph\":[{\"@type\":\"WebPage\",\"@id\":\"https:\/\/hubsch-interior.com\/de\/produkt\/tower-tischlampe-dunkelgrun\/\",\"url\":\"https:\/\/hubsch-interior.com\/de\/produkt\/tower-tischlampe-dunkelgrun\/\",\"name\":\"Tower Tischlampe Dunkelgr\u00fcn - H\u00fcbsch\",\"isPartOf\":{\"@id\":\"https:\/\/hubsch-interior.com\/de\/#website\"},\"primaryImageOfPage\":{\"@id\":\"https:\/\/hubsch-interior.com\/de\/produkt\/tower-tischlampe-dunkelgrun\/#primaryimage\"},\"image\":{\"@id\":\"https:\/\/hubsch-interior.com\/de\/produkt\/tower-tischlampe-dunkelgrun\/#primaryimage\"},\"thumbnailUrl\":\"https:\/\/hubsch-interior.com\/wp-content\/uploads\/2026\/02\/tower-table-lamp-dark-green-393f59fdc651a23ec1effe10ecba67df.jpg\",\"datePublished\":\"2026-01-31T04:01:07+00:00\",\"dateModified\":\"2026-04-05T03:12:37+00:00\",\"description\":\"Hoch, schlank und dezent beeindruckend. Die Tower Tischlampe in tiefem Gr\u00fcn bringt eine beruhigende Ruhe in Ihren Raum und kombiniert elegante\",\"breadcrumb\":{\"@id\":\"https:\/\/hubsch-interior.com\/de\/produkt\/tower-tischlampe-dunkelgrun\/#breadcrumb\"},\"inLanguage\":\"de\",\"potentialAction\":[{\"@type\":\"ReadAction\",\"target\":[\"https:\/\/hubsch-interior.com\/de\/produkt\/tower-tischlampe-dunkelgrun\/\"]}]},{\"@type\":\"ImageObject\",\"inLanguage\":\"de\",\"@id\":\"https:\/\/hubsch-interior.com\/de\/produkt\/tower-tischlampe-dunkelgrun\/#primaryimage\",\"url\":\"https:\/\/hubsch-interior.com\/wp-content\/uploads\/2026\/02\/tower-table-lamp-dark-green-393f59fdc651a23ec1effe10ecba67df.jpg\",\"contentUrl\":\"https:\/\/hubsch-interior.com\/wp-content\/uploads\/2026\/02\/tower-table-lamp-dark-green-393f59fdc651a23ec1effe10ecba67df.jpg\",\"width\":1024,\"height\":1024},{\"@type\":\"BreadcrumbList\",\"@id\":\"https:\/\/hubsch-interior.com\/de\/produkt\/tower-tischlampe-dunkelgrun\/#breadcrumb\",\"itemListElement\":[{\"@type\":\"ListItem\",\"position\":1,\"name\":\"Startseite\",\"item\":\"https:\/\/hubsch-interior.com\/de\/\"},{\"@type\":\"ListItem\",\"position\":2,\"name\":\"Produkte\",\"item\":\"https:\/\/hubsch-interior.com\/de\/shop-2\/\"},{\"@type\":\"ListItem\",\"position\":3,\"name\":\"Tower Tischlampe Dunkelgr\u00fcn\"}]},{\"@type\":\"WebSite\",\"@id\":\"https:\/\/hubsch-interior.com\/de\/#website\",\"url\":\"https:\/\/hubsch-interior.com\/de\/\",\"name\":\"H\u00fcbsch\",\"description\":\"Danish Home Interior and Design\",\"publisher\":{\"@id\":\"https:\/\/hubsch-interior.com\/de\/#organization\"},\"potentialAction\":[{\"@type\":\"SearchAction\",\"target\":{\"@type\":\"EntryPoint\",\"urlTemplate\":\"https:\/\/hubsch-interior.com\/de\/?s={search_term_string}\"},\"query-input\":{\"@type\":\"PropertyValueSpecification\",\"valueRequired\":true,\"valueName\":\"search_term_string\"}}],\"inLanguage\":\"de\"},{\"@type\":\"Organization\",\"@id\":\"https:\/\/hubsch-interior.com\/de\/#organization\",\"name\":\"H\u00fcbsch\",\"url\":\"https:\/\/hubsch-interior.com\/de\/\",\"logo\":{\"@type\":\"ImageObject\",\"inLanguage\":\"de\",\"@id\":\"https:\/\/hubsch-interior.com\/de\/#\/schema\/logo\/image\/\",\"url\":\"https:\/\/hubsch-interior.com\/wp-content\/uploads\/2022\/12\/Hubsch_logo_black_one_line.svg\",\"contentUrl\":\"https:\/\/hubsch-interior.com\/wp-content\/uploads\/2022\/12\/Hubsch_logo_black_one_line.svg\",\"caption\":\"H\u00fcbsch\"},\"image\":{\"@id\":\"https:\/\/hubsch-interior.com\/de\/#\/schema\/logo\/image\/\"}}]}<\/script>\n<!-- \/ Yoast SEO plugin. -->","yoast_head_json":{"title":"Tower Tischlampe Dunkelgr\u00fcn - H\u00fcbsch","description":"Hoch, schlank und dezent beeindruckend. Die Tower Tischlampe in tiefem Gr\u00fcn bringt eine beruhigende Ruhe in Ihren Raum und kombiniert elegante","robots":{"index":"index","follow":"follow","max-snippet":"max-snippet:-1","max-image-preview":"max-image-preview:large","max-video-preview":"max-video-preview:-1"},"canonical":"https:\/\/hubsch-interior.com\/de\/wp-json\/wp\/v2\/product\/1088585","og_locale":"de_DE","og_type":"article","og_title":"Tower Tischlampe Dunkelgr\u00fcn - H\u00fcbsch","og_description":"Hoch, schlank und dezent beeindruckend. Die Tower Tischlampe in tiefem Gr\u00fcn bringt eine beruhigende Ruhe in Ihren Raum und kombiniert elegante","og_url":"https:\/\/hubsch-interior.com\/de\/produkt\/tower-tischlampe-dunkelgrun\/","og_site_name":"H\u00fcbsch","article_modified_time":"2026-04-05T03:12:37+00:00","og_image":[{"width":1200,"height":1200,"url":"https:\/\/hubsch-interior.com\/wp-content\/uploads\/2026\/01\/tower-table-lamp-dark-green-ac2af1196745e3ca8992f17eb6e9db55.jpg","type":"image\/jpeg"}],"twitter_card":"summary_large_image","schema":{"@context":"https:\/\/schema.org","@graph":[{"@type":"WebPage","@id":"https:\/\/hubsch-interior.com\/de\/produkt\/tower-tischlampe-dunkelgrun\/","url":"https:\/\/hubsch-interior.com\/de\/produkt\/tower-tischlampe-dunkelgrun\/","name":"Tower Tischlampe Dunkelgr\u00fcn - H\u00fcbsch","isPartOf":{"@id":"https:\/\/hubsch-interior.com\/de\/#website"},"primaryImageOfPage":{"@id":"https:\/\/hubsch-interior.com\/de\/produkt\/tower-tischlampe-dunkelgrun\/#primaryimage"},"image":{"@id":"https:\/\/hubsch-interior.com\/de\/produkt\/tower-tischlampe-dunkelgrun\/#primaryimage"},"thumbnailUrl":"https:\/\/hubsch-interior.com\/wp-content\/uploads\/2026\/02\/tower-table-lamp-dark-green-393f59fdc651a23ec1effe10ecba67df.jpg","datePublished":"2026-01-31T04:01:07+00:00","dateModified":"2026-04-05T03:12:37+00:00","description":"Hoch, schlank und dezent beeindruckend. Die Tower Tischlampe in tiefem Gr\u00fcn bringt eine beruhigende Ruhe in Ihren Raum und kombiniert elegante","breadcrumb":{"@id":"https:\/\/hubsch-interior.com\/de\/produkt\/tower-tischlampe-dunkelgrun\/#breadcrumb"},"inLanguage":"de","potentialAction":[{"@type":"ReadAction","target":["https:\/\/hubsch-interior.com\/de\/produkt\/tower-tischlampe-dunkelgrun\/"]}]},{"@type":"ImageObject","inLanguage":"de","@id":"https:\/\/hubsch-interior.com\/de\/produkt\/tower-tischlampe-dunkelgrun\/#primaryimage","url":"https:\/\/hubsch-interior.com\/wp-content\/uploads\/2026\/02\/tower-table-lamp-dark-green-393f59fdc651a23ec1effe10ecba67df.jpg","contentUrl":"https:\/\/hubsch-interior.com\/wp-content\/uploads\/2026\/02\/tower-table-lamp-dark-green-393f59fdc651a23ec1effe10ecba67df.jpg","width":1024,"height":1024},{"@type":"BreadcrumbList","@id":"https:\/\/hubsch-interior.com\/de\/produkt\/tower-tischlampe-dunkelgrun\/#breadcrumb","itemListElement":[{"@type":"ListItem","position":1,"name":"Startseite","item":"https:\/\/hubsch-interior.com\/de\/"},{"@type":"ListItem","position":2,"name":"Produkte","item":"https:\/\/hubsch-interior.com\/de\/shop-2\/"},{"@type":"ListItem","position":3,"name":"Tower Tischlampe Dunkelgr\u00fcn"}]},{"@type":"WebSite","@id":"https:\/\/hubsch-interior.com\/de\/#website","url":"https:\/\/hubsch-interior.com\/de\/","name":"H\u00fcbsch","description":"Danish Home Interior and Design","publisher":{"@id":"https:\/\/hubsch-interior.com\/de\/#organization"},"potentialAction":[{"@type":"SearchAction","target":{"@type":"EntryPoint","urlTemplate":"https:\/\/hubsch-interior.com\/de\/?s={search_term_string}"},"query-input":{"@type":"PropertyValueSpecification","valueRequired":true,"valueName":"search_term_string"}}],"inLanguage":"de"},{"@type":"Organization","@id":"https:\/\/hubsch-interior.com\/de\/#organization","name":"H\u00fcbsch","url":"https:\/\/hubsch-interior.com\/de\/","logo":{"@type":"ImageObject","inLanguage":"de","@id":"https:\/\/hubsch-interior.com\/de\/#\/schema\/logo\/image\/","url":"https:\/\/hubsch-interior.com\/wp-content\/uploads\/2022\/12\/Hubsch_logo_black_one_line.svg","contentUrl":"https:\/\/hubsch-interior.com\/wp-content\/uploads\/2022\/12\/Hubsch_logo_black_one_line.svg","caption":"H\u00fcbsch"},"image":{"@id":"https:\/\/hubsch-interior.com\/de\/#\/schema\/logo\/image\/"}}]}},"_links":{"self":[{"href":"https:\/\/hubsch-interior.com\/de\/wp-json\/wp\/v2\/product\/1088585","targetHints":{"allow":["GET"]}}],"collection":[{"href":"https:\/\/hubsch-interior.com\/de\/wp-json\/wp\/v2\/product"}],"about":[{"href":"https:\/\/hubsch-interior.com\/de\/wp-json\/wp\/v2\/types\/product"}],"wp:featuredmedia":[{"embeddable":true,"href":"https:\/\/hubsch-interior.com\/de\/wp-json\/wp\/v2\/media\/1108244"}],"wp:attachment":[{"href":"https:\/\/hubsch-interior.com\/de\/wp-json\/wp\/v2\/media?parent=1088585"}],"wp:term":[{"taxonomy":"product_brand","embeddable":true,"href":"https:\/\/hubsch-interior.com\/de\/wp-json\/wp\/v2\/product_brand?post=1088585"},{"taxonomy":"product_cat","embeddable":true,"href":"https:\/\/hubsch-interior.com\/de\/wp-json\/wp\/v2\/product_cat?post=1088585"},{"taxonomy":"product_tag","embeddable":true,"href":"https:\/\/hubsch-interior.com\/de\/wp-json\/wp\/v2\/product_tag?post=1088585"}],"curies":[{"name":"wp","href":"https:\/\/api.w.org\/{rel}","templated":true}]}}