{"id":1088601,"date":"2026-01-31T05:01:18","date_gmt":"2026-01-31T04:01:18","guid":{"rendered":"https:\/\/hubsch-interior.com\/product\/product\/"},"modified":"2026-04-05T05:12:40","modified_gmt":"2026-04-05T03:12:40","slug":"tower-tischlampe-rot","status":"publish","type":"product","link":"https:\/\/hubsch-interior.com\/de\/produkt\/tower-tischlampe-rot\/","title":{"rendered":"Tower Tischlampe Rot"},"content":{"rendered":"<p>Ein Hauch von Farbe in schlanker Silhouette. Die Tower Tischlampe in lebhaftem Rot bringt W\u00e4rme und Energie in kleine R\u00e4ume. Mit ihrer hohen, schmalen Form ist sie perfekt f\u00fcr Fensterb\u00e4nke, Sideboards oder ruhige Ecken geeignet. Ob eingeschaltet oder nicht, sie bleibt ein k\u00fchnes dekoratives Highlight \u2013 spielerisch und dennoch elegant. Sorgf\u00e4ltig gefertigt sowohl f\u00fcr Atmosph\u00e4re als auch f\u00fcr Funktionalit\u00e4t, ist sie ideal als Leselicht oder einfach, um die Stimmung zu setzen. In zwei auff\u00e4lligen Varianten erh\u00e4ltlich, um Ihren Raum auf Ihre Weise zu erhellen.<\/p>\n","protected":false},"excerpt":{"rendered":"<p>Ein Hauch von Farbe in schlanker Silhouette. Die Tower Tischlampe in lebhaftem Rot bringt W\u00e4rme und Energie in kleine R\u00e4ume. Mit ihrer hohen, schmalen Form ist sie perfekt f\u00fcr Fensterb\u00e4nke, Sideboards oder ruhige Ecken geeignet. Ob eingeschaltet oder nicht, sie bleibt ein k\u00fchnes dekoratives Highlight \u2013 spielerisch und dennoch elegant. Sorgf\u00e4ltig gefertigt sowohl f\u00fcr Atmosph\u00e4re [&hellip;]<\/p>\n","protected":false},"featured_media":1108264,"template":"","meta":{"_acf_changed":false,"inline_featured_image":false},"product_brand":[],"product_cat":[7155,3809,3501,5047],"product_tag":[],"class_list":{"0":"post-1088601","1":"product","2":"type-product","3":"status-publish","4":"has-post-thumbnail","6":"product_cat-dweller-de","7":"product_cat-beleuchtung","8":"product_cat-tischlampen-de","9":"product_cat-neuheiten-de","10":"product_shipping_class-pk","12":"pa_color-rot-2","13":"pa_material-eisen-de","14":"pa_material-polycarbonat-2","16":"first","17":"instock","18":"taxable","19":"shipping-taxable","20":"purchasable","21":"product-type-simple"},"exclude_global_add_ons":[],"addons":[],"acf":[],"yoast_head":"<!-- This site is optimized with the Yoast SEO plugin v26.4 - https:\/\/yoast.com\/wordpress\/plugins\/seo\/ -->\n<title>Tower Tischlampe Rot - H\u00fcbsch<\/title>\n<meta name=\"description\" content=\"Ein Hauch von Farbe in schlanker Silhouette. Die Tower Tischlampe in lebhaftem Rot bringt W\u00e4rme und Energie in kleine R\u00e4ume. Mit ihrer hohen, schmalen\" \/>\n<meta name=\"robots\" content=\"index, follow, max-snippet:-1, max-image-preview:large, max-video-preview:-1\" \/>\n<link rel=\"canonical\" href=\"https:\/\/hubsch-interior.com\/de\/wp-json\/wp\/v2\/product\/1088601\" \/>\n<meta property=\"og:locale\" content=\"de_DE\" \/>\n<meta property=\"og:type\" content=\"article\" \/>\n<meta property=\"og:title\" content=\"Tower Tischlampe Rot - H\u00fcbsch\" \/>\n<meta property=\"og:description\" content=\"Ein Hauch von Farbe in schlanker Silhouette. Die Tower Tischlampe in lebhaftem Rot bringt W\u00e4rme und Energie in kleine R\u00e4ume. Mit ihrer hohen, schmalen\" \/>\n<meta property=\"og:url\" content=\"https:\/\/hubsch-interior.com\/de\/produkt\/tower-tischlampe-rot\/\" \/>\n<meta property=\"og:site_name\" content=\"H\u00fcbsch\" \/>\n<meta property=\"article:modified_time\" content=\"2026-04-05T03:12:40+00:00\" \/>\n<meta property=\"og:image\" content=\"https:\/\/hubsch-interior.com\/wp-content\/uploads\/2026\/01\/tower-table-lamp-red-85d317739b8bb67dff737dad0e5b9b08.jpg\" \/>\n\t<meta property=\"og:image:width\" content=\"1200\" \/>\n\t<meta property=\"og:image:height\" content=\"1200\" \/>\n\t<meta property=\"og:image:type\" content=\"image\/jpeg\" \/>\n<meta name=\"twitter:card\" content=\"summary_large_image\" \/>\n<script type=\"application\/ld+json\" class=\"yoast-schema-graph\">{\"@context\":\"https:\/\/schema.org\",\"@graph\":[{\"@type\":\"WebPage\",\"@id\":\"https:\/\/hubsch-interior.com\/de\/produkt\/tower-tischlampe-rot\/\",\"url\":\"https:\/\/hubsch-interior.com\/de\/produkt\/tower-tischlampe-rot\/\",\"name\":\"Tower Tischlampe Rot - H\u00fcbsch\",\"isPartOf\":{\"@id\":\"https:\/\/hubsch-interior.com\/de\/#website\"},\"primaryImageOfPage\":{\"@id\":\"https:\/\/hubsch-interior.com\/de\/produkt\/tower-tischlampe-rot\/#primaryimage\"},\"image\":{\"@id\":\"https:\/\/hubsch-interior.com\/de\/produkt\/tower-tischlampe-rot\/#primaryimage\"},\"thumbnailUrl\":\"https:\/\/hubsch-interior.com\/wp-content\/uploads\/2026\/02\/tower-table-lamp-red-11b285bbb4325166a09e72b56cfb88d7.jpg\",\"datePublished\":\"2026-01-31T04:01:18+00:00\",\"dateModified\":\"2026-04-05T03:12:40+00:00\",\"description\":\"Ein Hauch von Farbe in schlanker Silhouette. Die Tower Tischlampe in lebhaftem Rot bringt W\u00e4rme und Energie in kleine R\u00e4ume. Mit ihrer hohen, schmalen\",\"breadcrumb\":{\"@id\":\"https:\/\/hubsch-interior.com\/de\/produkt\/tower-tischlampe-rot\/#breadcrumb\"},\"inLanguage\":\"de\",\"potentialAction\":[{\"@type\":\"ReadAction\",\"target\":[\"https:\/\/hubsch-interior.com\/de\/produkt\/tower-tischlampe-rot\/\"]}]},{\"@type\":\"ImageObject\",\"inLanguage\":\"de\",\"@id\":\"https:\/\/hubsch-interior.com\/de\/produkt\/tower-tischlampe-rot\/#primaryimage\",\"url\":\"https:\/\/hubsch-interior.com\/wp-content\/uploads\/2026\/02\/tower-table-lamp-red-11b285bbb4325166a09e72b56cfb88d7.jpg\",\"contentUrl\":\"https:\/\/hubsch-interior.com\/wp-content\/uploads\/2026\/02\/tower-table-lamp-red-11b285bbb4325166a09e72b56cfb88d7.jpg\",\"width\":1024,\"height\":1024},{\"@type\":\"BreadcrumbList\",\"@id\":\"https:\/\/hubsch-interior.com\/de\/produkt\/tower-tischlampe-rot\/#breadcrumb\",\"itemListElement\":[{\"@type\":\"ListItem\",\"position\":1,\"name\":\"Startseite\",\"item\":\"https:\/\/hubsch-interior.com\/de\/\"},{\"@type\":\"ListItem\",\"position\":2,\"name\":\"Produkte\",\"item\":\"https:\/\/hubsch-interior.com\/de\/shop-2\/\"},{\"@type\":\"ListItem\",\"position\":3,\"name\":\"Tower Tischlampe Rot\"}]},{\"@type\":\"WebSite\",\"@id\":\"https:\/\/hubsch-interior.com\/de\/#website\",\"url\":\"https:\/\/hubsch-interior.com\/de\/\",\"name\":\"H\u00fcbsch\",\"description\":\"Danish Home Interior and Design\",\"publisher\":{\"@id\":\"https:\/\/hubsch-interior.com\/de\/#organization\"},\"potentialAction\":[{\"@type\":\"SearchAction\",\"target\":{\"@type\":\"EntryPoint\",\"urlTemplate\":\"https:\/\/hubsch-interior.com\/de\/?s={search_term_string}\"},\"query-input\":{\"@type\":\"PropertyValueSpecification\",\"valueRequired\":true,\"valueName\":\"search_term_string\"}}],\"inLanguage\":\"de\"},{\"@type\":\"Organization\",\"@id\":\"https:\/\/hubsch-interior.com\/de\/#organization\",\"name\":\"H\u00fcbsch\",\"url\":\"https:\/\/hubsch-interior.com\/de\/\",\"logo\":{\"@type\":\"ImageObject\",\"inLanguage\":\"de\",\"@id\":\"https:\/\/hubsch-interior.com\/de\/#\/schema\/logo\/image\/\",\"url\":\"https:\/\/hubsch-interior.com\/wp-content\/uploads\/2022\/12\/Hubsch_logo_black_one_line.svg\",\"contentUrl\":\"https:\/\/hubsch-interior.com\/wp-content\/uploads\/2022\/12\/Hubsch_logo_black_one_line.svg\",\"caption\":\"H\u00fcbsch\"},\"image\":{\"@id\":\"https:\/\/hubsch-interior.com\/de\/#\/schema\/logo\/image\/\"}}]}<\/script>\n<!-- \/ Yoast SEO plugin. -->","yoast_head_json":{"title":"Tower Tischlampe Rot - H\u00fcbsch","description":"Ein Hauch von Farbe in schlanker Silhouette. Die Tower Tischlampe in lebhaftem Rot bringt W\u00e4rme und Energie in kleine R\u00e4ume. Mit ihrer hohen, schmalen","robots":{"index":"index","follow":"follow","max-snippet":"max-snippet:-1","max-image-preview":"max-image-preview:large","max-video-preview":"max-video-preview:-1"},"canonical":"https:\/\/hubsch-interior.com\/de\/wp-json\/wp\/v2\/product\/1088601","og_locale":"de_DE","og_type":"article","og_title":"Tower Tischlampe Rot - H\u00fcbsch","og_description":"Ein Hauch von Farbe in schlanker Silhouette. Die Tower Tischlampe in lebhaftem Rot bringt W\u00e4rme und Energie in kleine R\u00e4ume. Mit ihrer hohen, schmalen","og_url":"https:\/\/hubsch-interior.com\/de\/produkt\/tower-tischlampe-rot\/","og_site_name":"H\u00fcbsch","article_modified_time":"2026-04-05T03:12:40+00:00","og_image":[{"width":1200,"height":1200,"url":"https:\/\/hubsch-interior.com\/wp-content\/uploads\/2026\/01\/tower-table-lamp-red-85d317739b8bb67dff737dad0e5b9b08.jpg","type":"image\/jpeg"}],"twitter_card":"summary_large_image","schema":{"@context":"https:\/\/schema.org","@graph":[{"@type":"WebPage","@id":"https:\/\/hubsch-interior.com\/de\/produkt\/tower-tischlampe-rot\/","url":"https:\/\/hubsch-interior.com\/de\/produkt\/tower-tischlampe-rot\/","name":"Tower Tischlampe Rot - H\u00fcbsch","isPartOf":{"@id":"https:\/\/hubsch-interior.com\/de\/#website"},"primaryImageOfPage":{"@id":"https:\/\/hubsch-interior.com\/de\/produkt\/tower-tischlampe-rot\/#primaryimage"},"image":{"@id":"https:\/\/hubsch-interior.com\/de\/produkt\/tower-tischlampe-rot\/#primaryimage"},"thumbnailUrl":"https:\/\/hubsch-interior.com\/wp-content\/uploads\/2026\/02\/tower-table-lamp-red-11b285bbb4325166a09e72b56cfb88d7.jpg","datePublished":"2026-01-31T04:01:18+00:00","dateModified":"2026-04-05T03:12:40+00:00","description":"Ein Hauch von Farbe in schlanker Silhouette. Die Tower Tischlampe in lebhaftem Rot bringt W\u00e4rme und Energie in kleine R\u00e4ume. Mit ihrer hohen, schmalen","breadcrumb":{"@id":"https:\/\/hubsch-interior.com\/de\/produkt\/tower-tischlampe-rot\/#breadcrumb"},"inLanguage":"de","potentialAction":[{"@type":"ReadAction","target":["https:\/\/hubsch-interior.com\/de\/produkt\/tower-tischlampe-rot\/"]}]},{"@type":"ImageObject","inLanguage":"de","@id":"https:\/\/hubsch-interior.com\/de\/produkt\/tower-tischlampe-rot\/#primaryimage","url":"https:\/\/hubsch-interior.com\/wp-content\/uploads\/2026\/02\/tower-table-lamp-red-11b285bbb4325166a09e72b56cfb88d7.jpg","contentUrl":"https:\/\/hubsch-interior.com\/wp-content\/uploads\/2026\/02\/tower-table-lamp-red-11b285bbb4325166a09e72b56cfb88d7.jpg","width":1024,"height":1024},{"@type":"BreadcrumbList","@id":"https:\/\/hubsch-interior.com\/de\/produkt\/tower-tischlampe-rot\/#breadcrumb","itemListElement":[{"@type":"ListItem","position":1,"name":"Startseite","item":"https:\/\/hubsch-interior.com\/de\/"},{"@type":"ListItem","position":2,"name":"Produkte","item":"https:\/\/hubsch-interior.com\/de\/shop-2\/"},{"@type":"ListItem","position":3,"name":"Tower Tischlampe Rot"}]},{"@type":"WebSite","@id":"https:\/\/hubsch-interior.com\/de\/#website","url":"https:\/\/hubsch-interior.com\/de\/","name":"H\u00fcbsch","description":"Danish Home Interior and Design","publisher":{"@id":"https:\/\/hubsch-interior.com\/de\/#organization"},"potentialAction":[{"@type":"SearchAction","target":{"@type":"EntryPoint","urlTemplate":"https:\/\/hubsch-interior.com\/de\/?s={search_term_string}"},"query-input":{"@type":"PropertyValueSpecification","valueRequired":true,"valueName":"search_term_string"}}],"inLanguage":"de"},{"@type":"Organization","@id":"https:\/\/hubsch-interior.com\/de\/#organization","name":"H\u00fcbsch","url":"https:\/\/hubsch-interior.com\/de\/","logo":{"@type":"ImageObject","inLanguage":"de","@id":"https:\/\/hubsch-interior.com\/de\/#\/schema\/logo\/image\/","url":"https:\/\/hubsch-interior.com\/wp-content\/uploads\/2022\/12\/Hubsch_logo_black_one_line.svg","contentUrl":"https:\/\/hubsch-interior.com\/wp-content\/uploads\/2022\/12\/Hubsch_logo_black_one_line.svg","caption":"H\u00fcbsch"},"image":{"@id":"https:\/\/hubsch-interior.com\/de\/#\/schema\/logo\/image\/"}}]}},"_links":{"self":[{"href":"https:\/\/hubsch-interior.com\/de\/wp-json\/wp\/v2\/product\/1088601","targetHints":{"allow":["GET"]}}],"collection":[{"href":"https:\/\/hubsch-interior.com\/de\/wp-json\/wp\/v2\/product"}],"about":[{"href":"https:\/\/hubsch-interior.com\/de\/wp-json\/wp\/v2\/types\/product"}],"wp:featuredmedia":[{"embeddable":true,"href":"https:\/\/hubsch-interior.com\/de\/wp-json\/wp\/v2\/media\/1108264"}],"wp:attachment":[{"href":"https:\/\/hubsch-interior.com\/de\/wp-json\/wp\/v2\/media?parent=1088601"}],"wp:term":[{"taxonomy":"product_brand","embeddable":true,"href":"https:\/\/hubsch-interior.com\/de\/wp-json\/wp\/v2\/product_brand?post=1088601"},{"taxonomy":"product_cat","embeddable":true,"href":"https:\/\/hubsch-interior.com\/de\/wp-json\/wp\/v2\/product_cat?post=1088601"},{"taxonomy":"product_tag","embeddable":true,"href":"https:\/\/hubsch-interior.com\/de\/wp-json\/wp\/v2\/product_tag?post=1088601"}],"curies":[{"name":"wp","href":"https:\/\/api.w.org\/{rel}","templated":true}]}}