{"id":1088625,"date":"2026-01-31T05:02:10","date_gmt":"2026-01-31T04:02:10","guid":{"rendered":"https:\/\/hubsch-interior.com\/product\/product\/"},"modified":"2026-04-05T05:13:08","modified_gmt":"2026-04-05T03:13:08","slug":"arte-wandlampe-blau-sandfarben","status":"publish","type":"product","link":"https:\/\/hubsch-interior.com\/de\/produkt\/arte-wandlampe-blau-sandfarben\/","title":{"rendered":"Arte Wandlampe Blau\/Sandfarben"},"content":{"rendered":"<p>Ein Leuchten, das in Farben spricht. Die Arte Wandlampe kombiniert sanfte Blau- und Sandt\u00f6ne in einer retro-inspirierten Palette, die Ihrer Umgebung eine ruhige Energie verleiht. Ihr dezentes Farbblockdesign verleiht genau das richtige Ma\u00df an Pers\u00f6nlichkeit \u2013 auff\u00e4llig, aber niemals laut. Ob sie Ihre Lekt\u00fcre zur Schlafenszeit erhellt oder eine sanfte Ausstrahlung in eine stille Ecke bringt, sie schafft eine Stimmung, die sowohl gem\u00fctlich als auch ausdrucksstark ist. Eine kleine Wandlampe mit einer gro\u00dfen Atmosph\u00e4re.<\/p>\n","protected":false},"excerpt":{"rendered":"<p>Ein Leuchten, das in Farben spricht. Die Arte Wandlampe kombiniert sanfte Blau- und Sandt\u00f6ne in einer retro-inspirierten Palette, die Ihrer Umgebung eine ruhige Energie verleiht. Ihr dezentes Farbblockdesign verleiht genau das richtige Ma\u00df an Pers\u00f6nlichkeit \u2013 auff\u00e4llig, aber niemals laut. Ob sie Ihre Lekt\u00fcre zur Schlafenszeit erhellt oder eine sanfte Ausstrahlung in eine stille Ecke [&hellip;]<\/p>\n","protected":false},"featured_media":1108348,"template":"","meta":{"_acf_changed":false,"inline_featured_image":false},"product_brand":[],"product_cat":[7155,3809,3409,5047],"product_tag":[],"class_list":{"0":"post-1088625","1":"product","2":"type-product","3":"status-publish","4":"has-post-thumbnail","6":"product_cat-dweller-de","7":"product_cat-beleuchtung","8":"product_cat-wandlampen-de","9":"product_cat-neuheiten-de","10":"product_shipping_class-pk","12":"pa_color-sandfarben","13":"pa_color-blau-2","14":"pa_material-eisen-de","16":"first","17":"instock","18":"taxable","19":"shipping-taxable","20":"purchasable","21":"product-type-simple"},"exclude_global_add_ons":[],"addons":[],"acf":[],"yoast_head":"<!-- This site is optimized with the Yoast SEO plugin v26.4 - https:\/\/yoast.com\/wordpress\/plugins\/seo\/ -->\n<title>Arte Wandlampe Blau\/Sandfarben - H\u00fcbsch<\/title>\n<meta name=\"description\" content=\"Ein Leuchten, das in Farben spricht. Die Arte Wandlampe kombiniert sanfte Blau- und Sandt\u00f6ne in einer retro-inspirierten Palette, die Ihrer Umgebung eine\" \/>\n<meta name=\"robots\" content=\"index, follow, max-snippet:-1, max-image-preview:large, max-video-preview:-1\" \/>\n<link rel=\"canonical\" href=\"https:\/\/hubsch-interior.com\/de\/wp-json\/wp\/v2\/product\/1088625\" \/>\n<meta property=\"og:locale\" content=\"de_DE\" \/>\n<meta property=\"og:type\" content=\"article\" \/>\n<meta property=\"og:title\" content=\"Arte Wandlampe Blau\/Sandfarben - H\u00fcbsch\" \/>\n<meta property=\"og:description\" content=\"Ein Leuchten, das in Farben spricht. Die Arte Wandlampe kombiniert sanfte Blau- und Sandt\u00f6ne in einer retro-inspirierten Palette, die Ihrer Umgebung eine\" \/>\n<meta property=\"og:url\" content=\"https:\/\/hubsch-interior.com\/de\/produkt\/arte-wandlampe-blau-sandfarben\/\" \/>\n<meta property=\"og:site_name\" content=\"H\u00fcbsch\" \/>\n<meta property=\"article:modified_time\" content=\"2026-04-05T03:13:08+00:00\" \/>\n<meta property=\"og:image\" content=\"https:\/\/hubsch-interior.com\/wp-content\/uploads\/2026\/01\/arte-wall-lamp-bluesand-c06484ef61ec7dadbf328c199ba089ad.jpg\" \/>\n\t<meta property=\"og:image:width\" content=\"1200\" \/>\n\t<meta property=\"og:image:height\" content=\"1200\" \/>\n\t<meta property=\"og:image:type\" content=\"image\/jpeg\" \/>\n<meta name=\"twitter:card\" content=\"summary_large_image\" \/>\n<script type=\"application\/ld+json\" class=\"yoast-schema-graph\">{\"@context\":\"https:\/\/schema.org\",\"@graph\":[{\"@type\":\"WebPage\",\"@id\":\"https:\/\/hubsch-interior.com\/de\/produkt\/arte-wandlampe-blau-sandfarben\/\",\"url\":\"https:\/\/hubsch-interior.com\/de\/produkt\/arte-wandlampe-blau-sandfarben\/\",\"name\":\"Arte Wandlampe Blau\/Sandfarben - H\u00fcbsch\",\"isPartOf\":{\"@id\":\"https:\/\/hubsch-interior.com\/de\/#website\"},\"primaryImageOfPage\":{\"@id\":\"https:\/\/hubsch-interior.com\/de\/produkt\/arte-wandlampe-blau-sandfarben\/#primaryimage\"},\"image\":{\"@id\":\"https:\/\/hubsch-interior.com\/de\/produkt\/arte-wandlampe-blau-sandfarben\/#primaryimage\"},\"thumbnailUrl\":\"https:\/\/hubsch-interior.com\/wp-content\/uploads\/2026\/02\/arte-wall-lamp-bluesand-eb7b92b52d719bd31b0d7baae26f01a4.jpg\",\"datePublished\":\"2026-01-31T04:02:10+00:00\",\"dateModified\":\"2026-04-05T03:13:08+00:00\",\"description\":\"Ein Leuchten, das in Farben spricht. Die Arte Wandlampe kombiniert sanfte Blau- und Sandt\u00f6ne in einer retro-inspirierten Palette, die Ihrer Umgebung eine\",\"breadcrumb\":{\"@id\":\"https:\/\/hubsch-interior.com\/de\/produkt\/arte-wandlampe-blau-sandfarben\/#breadcrumb\"},\"inLanguage\":\"de\",\"potentialAction\":[{\"@type\":\"ReadAction\",\"target\":[\"https:\/\/hubsch-interior.com\/de\/produkt\/arte-wandlampe-blau-sandfarben\/\"]}]},{\"@type\":\"ImageObject\",\"inLanguage\":\"de\",\"@id\":\"https:\/\/hubsch-interior.com\/de\/produkt\/arte-wandlampe-blau-sandfarben\/#primaryimage\",\"url\":\"https:\/\/hubsch-interior.com\/wp-content\/uploads\/2026\/02\/arte-wall-lamp-bluesand-eb7b92b52d719bd31b0d7baae26f01a4.jpg\",\"contentUrl\":\"https:\/\/hubsch-interior.com\/wp-content\/uploads\/2026\/02\/arte-wall-lamp-bluesand-eb7b92b52d719bd31b0d7baae26f01a4.jpg\",\"width\":1024,\"height\":1024},{\"@type\":\"BreadcrumbList\",\"@id\":\"https:\/\/hubsch-interior.com\/de\/produkt\/arte-wandlampe-blau-sandfarben\/#breadcrumb\",\"itemListElement\":[{\"@type\":\"ListItem\",\"position\":1,\"name\":\"Startseite\",\"item\":\"https:\/\/hubsch-interior.com\/de\/\"},{\"@type\":\"ListItem\",\"position\":2,\"name\":\"Produkte\",\"item\":\"https:\/\/hubsch-interior.com\/de\/shop-2\/\"},{\"@type\":\"ListItem\",\"position\":3,\"name\":\"Arte Wandlampe Blau\/Sandfarben\"}]},{\"@type\":\"WebSite\",\"@id\":\"https:\/\/hubsch-interior.com\/de\/#website\",\"url\":\"https:\/\/hubsch-interior.com\/de\/\",\"name\":\"H\u00fcbsch\",\"description\":\"Danish Home Interior and Design\",\"publisher\":{\"@id\":\"https:\/\/hubsch-interior.com\/de\/#organization\"},\"potentialAction\":[{\"@type\":\"SearchAction\",\"target\":{\"@type\":\"EntryPoint\",\"urlTemplate\":\"https:\/\/hubsch-interior.com\/de\/?s={search_term_string}\"},\"query-input\":{\"@type\":\"PropertyValueSpecification\",\"valueRequired\":true,\"valueName\":\"search_term_string\"}}],\"inLanguage\":\"de\"},{\"@type\":\"Organization\",\"@id\":\"https:\/\/hubsch-interior.com\/de\/#organization\",\"name\":\"H\u00fcbsch\",\"url\":\"https:\/\/hubsch-interior.com\/de\/\",\"logo\":{\"@type\":\"ImageObject\",\"inLanguage\":\"de\",\"@id\":\"https:\/\/hubsch-interior.com\/de\/#\/schema\/logo\/image\/\",\"url\":\"https:\/\/hubsch-interior.com\/wp-content\/uploads\/2022\/12\/Hubsch_logo_black_one_line.svg\",\"contentUrl\":\"https:\/\/hubsch-interior.com\/wp-content\/uploads\/2022\/12\/Hubsch_logo_black_one_line.svg\",\"caption\":\"H\u00fcbsch\"},\"image\":{\"@id\":\"https:\/\/hubsch-interior.com\/de\/#\/schema\/logo\/image\/\"}}]}<\/script>\n<!-- \/ Yoast SEO plugin. -->","yoast_head_json":{"title":"Arte Wandlampe Blau\/Sandfarben - H\u00fcbsch","description":"Ein Leuchten, das in Farben spricht. Die Arte Wandlampe kombiniert sanfte Blau- und Sandt\u00f6ne in einer retro-inspirierten Palette, die Ihrer Umgebung eine","robots":{"index":"index","follow":"follow","max-snippet":"max-snippet:-1","max-image-preview":"max-image-preview:large","max-video-preview":"max-video-preview:-1"},"canonical":"https:\/\/hubsch-interior.com\/de\/wp-json\/wp\/v2\/product\/1088625","og_locale":"de_DE","og_type":"article","og_title":"Arte Wandlampe Blau\/Sandfarben - H\u00fcbsch","og_description":"Ein Leuchten, das in Farben spricht. Die Arte Wandlampe kombiniert sanfte Blau- und Sandt\u00f6ne in einer retro-inspirierten Palette, die Ihrer Umgebung eine","og_url":"https:\/\/hubsch-interior.com\/de\/produkt\/arte-wandlampe-blau-sandfarben\/","og_site_name":"H\u00fcbsch","article_modified_time":"2026-04-05T03:13:08+00:00","og_image":[{"width":1200,"height":1200,"url":"https:\/\/hubsch-interior.com\/wp-content\/uploads\/2026\/01\/arte-wall-lamp-bluesand-c06484ef61ec7dadbf328c199ba089ad.jpg","type":"image\/jpeg"}],"twitter_card":"summary_large_image","schema":{"@context":"https:\/\/schema.org","@graph":[{"@type":"WebPage","@id":"https:\/\/hubsch-interior.com\/de\/produkt\/arte-wandlampe-blau-sandfarben\/","url":"https:\/\/hubsch-interior.com\/de\/produkt\/arte-wandlampe-blau-sandfarben\/","name":"Arte Wandlampe Blau\/Sandfarben - H\u00fcbsch","isPartOf":{"@id":"https:\/\/hubsch-interior.com\/de\/#website"},"primaryImageOfPage":{"@id":"https:\/\/hubsch-interior.com\/de\/produkt\/arte-wandlampe-blau-sandfarben\/#primaryimage"},"image":{"@id":"https:\/\/hubsch-interior.com\/de\/produkt\/arte-wandlampe-blau-sandfarben\/#primaryimage"},"thumbnailUrl":"https:\/\/hubsch-interior.com\/wp-content\/uploads\/2026\/02\/arte-wall-lamp-bluesand-eb7b92b52d719bd31b0d7baae26f01a4.jpg","datePublished":"2026-01-31T04:02:10+00:00","dateModified":"2026-04-05T03:13:08+00:00","description":"Ein Leuchten, das in Farben spricht. Die Arte Wandlampe kombiniert sanfte Blau- und Sandt\u00f6ne in einer retro-inspirierten Palette, die Ihrer Umgebung eine","breadcrumb":{"@id":"https:\/\/hubsch-interior.com\/de\/produkt\/arte-wandlampe-blau-sandfarben\/#breadcrumb"},"inLanguage":"de","potentialAction":[{"@type":"ReadAction","target":["https:\/\/hubsch-interior.com\/de\/produkt\/arte-wandlampe-blau-sandfarben\/"]}]},{"@type":"ImageObject","inLanguage":"de","@id":"https:\/\/hubsch-interior.com\/de\/produkt\/arte-wandlampe-blau-sandfarben\/#primaryimage","url":"https:\/\/hubsch-interior.com\/wp-content\/uploads\/2026\/02\/arte-wall-lamp-bluesand-eb7b92b52d719bd31b0d7baae26f01a4.jpg","contentUrl":"https:\/\/hubsch-interior.com\/wp-content\/uploads\/2026\/02\/arte-wall-lamp-bluesand-eb7b92b52d719bd31b0d7baae26f01a4.jpg","width":1024,"height":1024},{"@type":"BreadcrumbList","@id":"https:\/\/hubsch-interior.com\/de\/produkt\/arte-wandlampe-blau-sandfarben\/#breadcrumb","itemListElement":[{"@type":"ListItem","position":1,"name":"Startseite","item":"https:\/\/hubsch-interior.com\/de\/"},{"@type":"ListItem","position":2,"name":"Produkte","item":"https:\/\/hubsch-interior.com\/de\/shop-2\/"},{"@type":"ListItem","position":3,"name":"Arte Wandlampe Blau\/Sandfarben"}]},{"@type":"WebSite","@id":"https:\/\/hubsch-interior.com\/de\/#website","url":"https:\/\/hubsch-interior.com\/de\/","name":"H\u00fcbsch","description":"Danish Home Interior and Design","publisher":{"@id":"https:\/\/hubsch-interior.com\/de\/#organization"},"potentialAction":[{"@type":"SearchAction","target":{"@type":"EntryPoint","urlTemplate":"https:\/\/hubsch-interior.com\/de\/?s={search_term_string}"},"query-input":{"@type":"PropertyValueSpecification","valueRequired":true,"valueName":"search_term_string"}}],"inLanguage":"de"},{"@type":"Organization","@id":"https:\/\/hubsch-interior.com\/de\/#organization","name":"H\u00fcbsch","url":"https:\/\/hubsch-interior.com\/de\/","logo":{"@type":"ImageObject","inLanguage":"de","@id":"https:\/\/hubsch-interior.com\/de\/#\/schema\/logo\/image\/","url":"https:\/\/hubsch-interior.com\/wp-content\/uploads\/2022\/12\/Hubsch_logo_black_one_line.svg","contentUrl":"https:\/\/hubsch-interior.com\/wp-content\/uploads\/2022\/12\/Hubsch_logo_black_one_line.svg","caption":"H\u00fcbsch"},"image":{"@id":"https:\/\/hubsch-interior.com\/de\/#\/schema\/logo\/image\/"}}]}},"_links":{"self":[{"href":"https:\/\/hubsch-interior.com\/de\/wp-json\/wp\/v2\/product\/1088625","targetHints":{"allow":["GET"]}}],"collection":[{"href":"https:\/\/hubsch-interior.com\/de\/wp-json\/wp\/v2\/product"}],"about":[{"href":"https:\/\/hubsch-interior.com\/de\/wp-json\/wp\/v2\/types\/product"}],"wp:featuredmedia":[{"embeddable":true,"href":"https:\/\/hubsch-interior.com\/de\/wp-json\/wp\/v2\/media\/1108348"}],"wp:attachment":[{"href":"https:\/\/hubsch-interior.com\/de\/wp-json\/wp\/v2\/media?parent=1088625"}],"wp:term":[{"taxonomy":"product_brand","embeddable":true,"href":"https:\/\/hubsch-interior.com\/de\/wp-json\/wp\/v2\/product_brand?post=1088625"},{"taxonomy":"product_cat","embeddable":true,"href":"https:\/\/hubsch-interior.com\/de\/wp-json\/wp\/v2\/product_cat?post=1088625"},{"taxonomy":"product_tag","embeddable":true,"href":"https:\/\/hubsch-interior.com\/de\/wp-json\/wp\/v2\/product_tag?post=1088625"}],"curies":[{"name":"wp","href":"https:\/\/api.w.org\/{rel}","templated":true}]}}