{"id":1088645,"date":"2026-01-31T05:02:23","date_gmt":"2026-01-31T04:02:23","guid":{"rendered":"https:\/\/hubsch-interior.com\/product\/product\/"},"modified":"2026-04-05T05:13:12","modified_gmt":"2026-04-05T03:13:12","slug":"reflector-stehlampe-braun","status":"publish","type":"product","link":"https:\/\/hubsch-interior.com\/de\/produkt\/reflector-stehlampe-braun\/","title":{"rendered":"Reflector Stehlampe Braun"},"content":{"rendered":"<p>Gl\u00e4nzend, skulptural und voller Charakter. Die Reflector Stehlampe in sanftem Braun bringt retro Eleganz in die Moderne, indem sie hochgl\u00e4nzende Oberfl\u00e4chen mit schlanken Chromdetails kombiniert f\u00fcr einen Look, der sowohl nostalgisch als auch frisch ist. Mit verstellbaren Funktionen und einem dimmbaren Leuchten erm\u00f6glicht sie es Ihnen, die Stimmung im Handumdrehen von fokussiert auf ambient zu wechseln. Ob in einer Leseecke versteckt oder als markantes Statement-St\u00fcck inszeniert, sie erleuchtet den Raum mit leiser Dramatik. Eine Stehlampe, die nicht nur reflektiert \u2013 sie verwandelt.<\/p>\n","protected":false},"excerpt":{"rendered":"<p>Gl\u00e4nzend, skulptural und voller Charakter. Die Reflector Stehlampe in sanftem Braun bringt retro Eleganz in die Moderne, indem sie hochgl\u00e4nzende Oberfl\u00e4chen mit schlanken Chromdetails kombiniert f\u00fcr einen Look, der sowohl nostalgisch als auch frisch ist. Mit verstellbaren Funktionen und einem dimmbaren Leuchten erm\u00f6glicht sie es Ihnen, die Stimmung im Handumdrehen von fokussiert auf ambient zu [&hellip;]<\/p>\n","protected":false},"featured_media":1108364,"template":"","meta":{"_acf_changed":false,"inline_featured_image":false},"product_brand":[],"product_cat":[7155,3809,3497,5027,5047],"product_tag":[],"class_list":{"0":"post-1088645","1":"product","2":"type-product","3":"status-publish","4":"has-post-thumbnail","6":"product_cat-dweller-de","7":"product_cat-beleuchtung","8":"product_cat-stehlampen-de","9":"product_cat-bestsellers-de","10":"product_cat-neuheiten-de","11":"product_shipping_class-p05","13":"pa_color-braun","14":"pa_material-eisen-de","15":"pa_material-polycarbonat-2","17":"first","18":"instock","19":"featured","20":"taxable","21":"shipping-taxable","22":"purchasable","23":"product-type-simple"},"exclude_global_add_ons":[],"addons":[],"acf":[],"yoast_head":"<!-- This site is optimized with the Yoast SEO plugin v26.4 - https:\/\/yoast.com\/wordpress\/plugins\/seo\/ -->\n<title>Reflector Stehlampe Braun - H\u00fcbsch<\/title>\n<meta name=\"description\" content=\"Gl\u00e4nzend, skulptural und voller Charakter. Die Reflector Stehlampe in sanftem Braun bringt retro Eleganz in die Moderne, indem sie hochgl\u00e4nzende\" \/>\n<meta name=\"robots\" content=\"index, follow, max-snippet:-1, max-image-preview:large, max-video-preview:-1\" \/>\n<link rel=\"canonical\" href=\"https:\/\/hubsch-interior.com\/de\/wp-json\/wp\/v2\/product\/1088645\" \/>\n<meta property=\"og:locale\" content=\"de_DE\" \/>\n<meta property=\"og:type\" content=\"article\" \/>\n<meta property=\"og:title\" content=\"Reflector Stehlampe Braun - H\u00fcbsch\" \/>\n<meta property=\"og:description\" content=\"Gl\u00e4nzend, skulptural und voller Charakter. Die Reflector Stehlampe in sanftem Braun bringt retro Eleganz in die Moderne, indem sie hochgl\u00e4nzende\" \/>\n<meta property=\"og:url\" content=\"https:\/\/hubsch-interior.com\/de\/produkt\/reflector-stehlampe-braun\/\" \/>\n<meta property=\"og:site_name\" content=\"H\u00fcbsch\" \/>\n<meta property=\"article:modified_time\" content=\"2026-04-05T03:13:12+00:00\" \/>\n<meta property=\"og:image\" content=\"https:\/\/hubsch-interior.com\/wp-content\/uploads\/2026\/02\/reflector-floor-lamp-brown-d890806facf4116e34ac56b5c9d71e54.jpg\" \/>\n\t<meta property=\"og:image:width\" content=\"1024\" \/>\n\t<meta property=\"og:image:height\" content=\"1024\" \/>\n\t<meta property=\"og:image:type\" content=\"image\/jpeg\" \/>\n<meta name=\"twitter:card\" content=\"summary_large_image\" \/>\n<script type=\"application\/ld+json\" class=\"yoast-schema-graph\">{\"@context\":\"https:\/\/schema.org\",\"@graph\":[{\"@type\":\"WebPage\",\"@id\":\"https:\/\/hubsch-interior.com\/de\/produkt\/reflector-stehlampe-braun\/\",\"url\":\"https:\/\/hubsch-interior.com\/de\/produkt\/reflector-stehlampe-braun\/\",\"name\":\"Reflector Stehlampe Braun - H\u00fcbsch\",\"isPartOf\":{\"@id\":\"https:\/\/hubsch-interior.com\/de\/#website\"},\"primaryImageOfPage\":{\"@id\":\"https:\/\/hubsch-interior.com\/de\/produkt\/reflector-stehlampe-braun\/#primaryimage\"},\"image\":{\"@id\":\"https:\/\/hubsch-interior.com\/de\/produkt\/reflector-stehlampe-braun\/#primaryimage\"},\"thumbnailUrl\":\"https:\/\/hubsch-interior.com\/wp-content\/uploads\/2026\/02\/reflector-floor-lamp-brown-d890806facf4116e34ac56b5c9d71e54.jpg\",\"datePublished\":\"2026-01-31T04:02:23+00:00\",\"dateModified\":\"2026-04-05T03:13:12+00:00\",\"description\":\"Gl\u00e4nzend, skulptural und voller Charakter. Die Reflector Stehlampe in sanftem Braun bringt retro Eleganz in die Moderne, indem sie hochgl\u00e4nzende\",\"breadcrumb\":{\"@id\":\"https:\/\/hubsch-interior.com\/de\/produkt\/reflector-stehlampe-braun\/#breadcrumb\"},\"inLanguage\":\"de\",\"potentialAction\":[{\"@type\":\"ReadAction\",\"target\":[\"https:\/\/hubsch-interior.com\/de\/produkt\/reflector-stehlampe-braun\/\"]}]},{\"@type\":\"ImageObject\",\"inLanguage\":\"de\",\"@id\":\"https:\/\/hubsch-interior.com\/de\/produkt\/reflector-stehlampe-braun\/#primaryimage\",\"url\":\"https:\/\/hubsch-interior.com\/wp-content\/uploads\/2026\/02\/reflector-floor-lamp-brown-d890806facf4116e34ac56b5c9d71e54.jpg\",\"contentUrl\":\"https:\/\/hubsch-interior.com\/wp-content\/uploads\/2026\/02\/reflector-floor-lamp-brown-d890806facf4116e34ac56b5c9d71e54.jpg\",\"width\":1024,\"height\":1024},{\"@type\":\"BreadcrumbList\",\"@id\":\"https:\/\/hubsch-interior.com\/de\/produkt\/reflector-stehlampe-braun\/#breadcrumb\",\"itemListElement\":[{\"@type\":\"ListItem\",\"position\":1,\"name\":\"Startseite\",\"item\":\"https:\/\/hubsch-interior.com\/de\/\"},{\"@type\":\"ListItem\",\"position\":2,\"name\":\"Produkte\",\"item\":\"https:\/\/hubsch-interior.com\/de\/shop-2\/\"},{\"@type\":\"ListItem\",\"position\":3,\"name\":\"Beleuchtung\",\"item\":\"https:\/\/hubsch-interior.com\/de\/produkt-kategorie\/beleuchtung\/\"},{\"@type\":\"ListItem\",\"position\":4,\"name\":\"Stehlampen\",\"item\":\"https:\/\/hubsch-interior.com\/de\/produkt-kategorie\/beleuchtung\/stehlampen-de\/\"},{\"@type\":\"ListItem\",\"position\":5,\"name\":\"Reflector Stehlampe Braun\"}]},{\"@type\":\"WebSite\",\"@id\":\"https:\/\/hubsch-interior.com\/de\/#website\",\"url\":\"https:\/\/hubsch-interior.com\/de\/\",\"name\":\"H\u00fcbsch\",\"description\":\"Danish Home Interior and Design\",\"publisher\":{\"@id\":\"https:\/\/hubsch-interior.com\/de\/#organization\"},\"potentialAction\":[{\"@type\":\"SearchAction\",\"target\":{\"@type\":\"EntryPoint\",\"urlTemplate\":\"https:\/\/hubsch-interior.com\/de\/?s={search_term_string}\"},\"query-input\":{\"@type\":\"PropertyValueSpecification\",\"valueRequired\":true,\"valueName\":\"search_term_string\"}}],\"inLanguage\":\"de\"},{\"@type\":\"Organization\",\"@id\":\"https:\/\/hubsch-interior.com\/de\/#organization\",\"name\":\"H\u00fcbsch\",\"url\":\"https:\/\/hubsch-interior.com\/de\/\",\"logo\":{\"@type\":\"ImageObject\",\"inLanguage\":\"de\",\"@id\":\"https:\/\/hubsch-interior.com\/de\/#\/schema\/logo\/image\/\",\"url\":\"https:\/\/hubsch-interior.com\/wp-content\/uploads\/2022\/12\/Hubsch_logo_black_one_line.svg\",\"contentUrl\":\"https:\/\/hubsch-interior.com\/wp-content\/uploads\/2022\/12\/Hubsch_logo_black_one_line.svg\",\"caption\":\"H\u00fcbsch\"},\"image\":{\"@id\":\"https:\/\/hubsch-interior.com\/de\/#\/schema\/logo\/image\/\"}}]}<\/script>\n<!-- \/ Yoast SEO plugin. -->","yoast_head_json":{"title":"Reflector Stehlampe Braun - H\u00fcbsch","description":"Gl\u00e4nzend, skulptural und voller Charakter. Die Reflector Stehlampe in sanftem Braun bringt retro Eleganz in die Moderne, indem sie hochgl\u00e4nzende","robots":{"index":"index","follow":"follow","max-snippet":"max-snippet:-1","max-image-preview":"max-image-preview:large","max-video-preview":"max-video-preview:-1"},"canonical":"https:\/\/hubsch-interior.com\/de\/wp-json\/wp\/v2\/product\/1088645","og_locale":"de_DE","og_type":"article","og_title":"Reflector Stehlampe Braun - H\u00fcbsch","og_description":"Gl\u00e4nzend, skulptural und voller Charakter. Die Reflector Stehlampe in sanftem Braun bringt retro Eleganz in die Moderne, indem sie hochgl\u00e4nzende","og_url":"https:\/\/hubsch-interior.com\/de\/produkt\/reflector-stehlampe-braun\/","og_site_name":"H\u00fcbsch","article_modified_time":"2026-04-05T03:13:12+00:00","og_image":[{"width":1024,"height":1024,"url":"https:\/\/hubsch-interior.com\/wp-content\/uploads\/2026\/02\/reflector-floor-lamp-brown-d890806facf4116e34ac56b5c9d71e54.jpg","type":"image\/jpeg"}],"twitter_card":"summary_large_image","schema":{"@context":"https:\/\/schema.org","@graph":[{"@type":"WebPage","@id":"https:\/\/hubsch-interior.com\/de\/produkt\/reflector-stehlampe-braun\/","url":"https:\/\/hubsch-interior.com\/de\/produkt\/reflector-stehlampe-braun\/","name":"Reflector Stehlampe Braun - H\u00fcbsch","isPartOf":{"@id":"https:\/\/hubsch-interior.com\/de\/#website"},"primaryImageOfPage":{"@id":"https:\/\/hubsch-interior.com\/de\/produkt\/reflector-stehlampe-braun\/#primaryimage"},"image":{"@id":"https:\/\/hubsch-interior.com\/de\/produkt\/reflector-stehlampe-braun\/#primaryimage"},"thumbnailUrl":"https:\/\/hubsch-interior.com\/wp-content\/uploads\/2026\/02\/reflector-floor-lamp-brown-d890806facf4116e34ac56b5c9d71e54.jpg","datePublished":"2026-01-31T04:02:23+00:00","dateModified":"2026-04-05T03:13:12+00:00","description":"Gl\u00e4nzend, skulptural und voller Charakter. Die Reflector Stehlampe in sanftem Braun bringt retro Eleganz in die Moderne, indem sie hochgl\u00e4nzende","breadcrumb":{"@id":"https:\/\/hubsch-interior.com\/de\/produkt\/reflector-stehlampe-braun\/#breadcrumb"},"inLanguage":"de","potentialAction":[{"@type":"ReadAction","target":["https:\/\/hubsch-interior.com\/de\/produkt\/reflector-stehlampe-braun\/"]}]},{"@type":"ImageObject","inLanguage":"de","@id":"https:\/\/hubsch-interior.com\/de\/produkt\/reflector-stehlampe-braun\/#primaryimage","url":"https:\/\/hubsch-interior.com\/wp-content\/uploads\/2026\/02\/reflector-floor-lamp-brown-d890806facf4116e34ac56b5c9d71e54.jpg","contentUrl":"https:\/\/hubsch-interior.com\/wp-content\/uploads\/2026\/02\/reflector-floor-lamp-brown-d890806facf4116e34ac56b5c9d71e54.jpg","width":1024,"height":1024},{"@type":"BreadcrumbList","@id":"https:\/\/hubsch-interior.com\/de\/produkt\/reflector-stehlampe-braun\/#breadcrumb","itemListElement":[{"@type":"ListItem","position":1,"name":"Startseite","item":"https:\/\/hubsch-interior.com\/de\/"},{"@type":"ListItem","position":2,"name":"Produkte","item":"https:\/\/hubsch-interior.com\/de\/shop-2\/"},{"@type":"ListItem","position":3,"name":"Beleuchtung","item":"https:\/\/hubsch-interior.com\/de\/produkt-kategorie\/beleuchtung\/"},{"@type":"ListItem","position":4,"name":"Stehlampen","item":"https:\/\/hubsch-interior.com\/de\/produkt-kategorie\/beleuchtung\/stehlampen-de\/"},{"@type":"ListItem","position":5,"name":"Reflector Stehlampe Braun"}]},{"@type":"WebSite","@id":"https:\/\/hubsch-interior.com\/de\/#website","url":"https:\/\/hubsch-interior.com\/de\/","name":"H\u00fcbsch","description":"Danish Home Interior and Design","publisher":{"@id":"https:\/\/hubsch-interior.com\/de\/#organization"},"potentialAction":[{"@type":"SearchAction","target":{"@type":"EntryPoint","urlTemplate":"https:\/\/hubsch-interior.com\/de\/?s={search_term_string}"},"query-input":{"@type":"PropertyValueSpecification","valueRequired":true,"valueName":"search_term_string"}}],"inLanguage":"de"},{"@type":"Organization","@id":"https:\/\/hubsch-interior.com\/de\/#organization","name":"H\u00fcbsch","url":"https:\/\/hubsch-interior.com\/de\/","logo":{"@type":"ImageObject","inLanguage":"de","@id":"https:\/\/hubsch-interior.com\/de\/#\/schema\/logo\/image\/","url":"https:\/\/hubsch-interior.com\/wp-content\/uploads\/2022\/12\/Hubsch_logo_black_one_line.svg","contentUrl":"https:\/\/hubsch-interior.com\/wp-content\/uploads\/2022\/12\/Hubsch_logo_black_one_line.svg","caption":"H\u00fcbsch"},"image":{"@id":"https:\/\/hubsch-interior.com\/de\/#\/schema\/logo\/image\/"}}]}},"_links":{"self":[{"href":"https:\/\/hubsch-interior.com\/de\/wp-json\/wp\/v2\/product\/1088645","targetHints":{"allow":["GET"]}}],"collection":[{"href":"https:\/\/hubsch-interior.com\/de\/wp-json\/wp\/v2\/product"}],"about":[{"href":"https:\/\/hubsch-interior.com\/de\/wp-json\/wp\/v2\/types\/product"}],"wp:featuredmedia":[{"embeddable":true,"href":"https:\/\/hubsch-interior.com\/de\/wp-json\/wp\/v2\/media\/1108364"}],"wp:attachment":[{"href":"https:\/\/hubsch-interior.com\/de\/wp-json\/wp\/v2\/media?parent=1088645"}],"wp:term":[{"taxonomy":"product_brand","embeddable":true,"href":"https:\/\/hubsch-interior.com\/de\/wp-json\/wp\/v2\/product_brand?post=1088645"},{"taxonomy":"product_cat","embeddable":true,"href":"https:\/\/hubsch-interior.com\/de\/wp-json\/wp\/v2\/product_cat?post=1088645"},{"taxonomy":"product_tag","embeddable":true,"href":"https:\/\/hubsch-interior.com\/de\/wp-json\/wp\/v2\/product_tag?post=1088645"}],"curies":[{"name":"wp","href":"https:\/\/api.w.org\/{rel}","templated":true}]}}