{"id":1088665,"date":"2026-01-31T05:02:35","date_gmt":"2026-01-31T04:02:35","guid":{"rendered":"https:\/\/hubsch-interior.com\/product\/product\/"},"modified":"2026-04-05T05:13:16","modified_gmt":"2026-04-05T03:13:16","slug":"reflector-stehlampe-orange","status":"publish","type":"product","link":"https:\/\/hubsch-interior.com\/de\/produkt\/reflector-stehlampe-orange\/","title":{"rendered":"Reflector Stehlampe Orange"},"content":{"rendered":"<p>Ein k\u00fchner Strahl aus einer anderen \u00c4ra \u2014 neu interpretiert. Die Reflector Stehlampe in leuchtendem Orange zieht alle Blicke auf sich mit ihrem hochgl\u00e4nzenden Finish und dem spielerischen Farbkontrast, der lebhaften Charme mit einer von Vintage inspirierten Form kombiniert. Ihre verstellbaren Funktionen und das dimmbare Leuchten geben Ihnen volle Kontrolle \u00fcber die Atmosph\u00e4re, egal ob Sie lesen, entspannen oder einfach nur die Szene setzen. Entworfen, um aufzufallen, ohne zu dominieren, bringt sie Bewegung, Licht und Pers\u00f6nlichkeit in Ihren Raum. W\u00e4hlen Sie aus zwei ausdrucksstarken Varianten \u2014 und lassen Sie Ihr Licht sprechen.<\/p>\n","protected":false},"excerpt":{"rendered":"<p>Ein k\u00fchner Strahl aus einer anderen \u00c4ra \u2014 neu interpretiert. Die Reflector Stehlampe in leuchtendem Orange zieht alle Blicke auf sich mit ihrem hochgl\u00e4nzenden Finish und dem spielerischen Farbkontrast, der lebhaften Charme mit einer von Vintage inspirierten Form kombiniert. Ihre verstellbaren Funktionen und das dimmbare Leuchten geben Ihnen volle Kontrolle \u00fcber die Atmosph\u00e4re, egal ob [&hellip;]<\/p>\n","protected":false},"featured_media":1108384,"template":"","meta":{"_acf_changed":false,"inline_featured_image":false},"product_brand":[],"product_cat":[7155,3809,3497,5027,5047],"product_tag":[],"class_list":{"0":"post-1088665","1":"product","2":"type-product","3":"status-publish","4":"has-post-thumbnail","6":"product_cat-dweller-de","7":"product_cat-beleuchtung","8":"product_cat-stehlampen-de","9":"product_cat-bestsellers-de","10":"product_cat-neuheiten-de","11":"product_shipping_class-p05","13":"pa_color-orange-de","14":"pa_material-eisen-de","15":"pa_material-polycarbonat-2","17":"first","18":"instock","19":"featured","20":"taxable","21":"shipping-taxable","22":"purchasable","23":"product-type-simple"},"exclude_global_add_ons":[],"addons":[],"acf":[],"yoast_head":"<!-- This site is optimized with the Yoast SEO plugin v26.4 - https:\/\/yoast.com\/wordpress\/plugins\/seo\/ -->\n<title>Reflector Stehlampe Orange - H\u00fcbsch<\/title>\n<meta name=\"description\" content=\"Ein k\u00fchner Strahl aus einer anderen \u00c4ra \u2014 neu interpretiert. Die Reflector Stehlampe in leuchtendem Orange zieht alle Blicke auf sich mit ihrem\" \/>\n<meta name=\"robots\" content=\"index, follow, max-snippet:-1, max-image-preview:large, max-video-preview:-1\" \/>\n<link rel=\"canonical\" href=\"https:\/\/hubsch-interior.com\/de\/wp-json\/wp\/v2\/product\/1088665\" \/>\n<meta property=\"og:locale\" content=\"de_DE\" \/>\n<meta property=\"og:type\" content=\"article\" \/>\n<meta property=\"og:title\" content=\"Reflector Stehlampe Orange - H\u00fcbsch\" \/>\n<meta property=\"og:description\" content=\"Ein k\u00fchner Strahl aus einer anderen \u00c4ra \u2014 neu interpretiert. Die Reflector Stehlampe in leuchtendem Orange zieht alle Blicke auf sich mit ihrem\" \/>\n<meta property=\"og:url\" content=\"https:\/\/hubsch-interior.com\/de\/produkt\/reflector-stehlampe-orange\/\" \/>\n<meta property=\"og:site_name\" content=\"H\u00fcbsch\" \/>\n<meta property=\"article:modified_time\" content=\"2026-04-05T03:13:16+00:00\" \/>\n<meta property=\"og:image\" content=\"https:\/\/hubsch-interior.com\/wp-content\/uploads\/2026\/02\/reflector-floor-lamp-orange-d11f3ae32353ec290fc844345ae3b7c2.jpg\" \/>\n\t<meta property=\"og:image:width\" content=\"1024\" \/>\n\t<meta property=\"og:image:height\" content=\"1024\" \/>\n\t<meta property=\"og:image:type\" content=\"image\/jpeg\" \/>\n<meta name=\"twitter:card\" content=\"summary_large_image\" \/>\n<script type=\"application\/ld+json\" class=\"yoast-schema-graph\">{\"@context\":\"https:\/\/schema.org\",\"@graph\":[{\"@type\":\"WebPage\",\"@id\":\"https:\/\/hubsch-interior.com\/de\/produkt\/reflector-stehlampe-orange\/\",\"url\":\"https:\/\/hubsch-interior.com\/de\/produkt\/reflector-stehlampe-orange\/\",\"name\":\"Reflector Stehlampe Orange - H\u00fcbsch\",\"isPartOf\":{\"@id\":\"https:\/\/hubsch-interior.com\/de\/#website\"},\"primaryImageOfPage\":{\"@id\":\"https:\/\/hubsch-interior.com\/de\/produkt\/reflector-stehlampe-orange\/#primaryimage\"},\"image\":{\"@id\":\"https:\/\/hubsch-interior.com\/de\/produkt\/reflector-stehlampe-orange\/#primaryimage\"},\"thumbnailUrl\":\"https:\/\/hubsch-interior.com\/wp-content\/uploads\/2026\/02\/reflector-floor-lamp-orange-d11f3ae32353ec290fc844345ae3b7c2.jpg\",\"datePublished\":\"2026-01-31T04:02:35+00:00\",\"dateModified\":\"2026-04-05T03:13:16+00:00\",\"description\":\"Ein k\u00fchner Strahl aus einer anderen \u00c4ra \u2014 neu interpretiert. Die Reflector Stehlampe in leuchtendem Orange zieht alle Blicke auf sich mit ihrem\",\"breadcrumb\":{\"@id\":\"https:\/\/hubsch-interior.com\/de\/produkt\/reflector-stehlampe-orange\/#breadcrumb\"},\"inLanguage\":\"de\",\"potentialAction\":[{\"@type\":\"ReadAction\",\"target\":[\"https:\/\/hubsch-interior.com\/de\/produkt\/reflector-stehlampe-orange\/\"]}]},{\"@type\":\"ImageObject\",\"inLanguage\":\"de\",\"@id\":\"https:\/\/hubsch-interior.com\/de\/produkt\/reflector-stehlampe-orange\/#primaryimage\",\"url\":\"https:\/\/hubsch-interior.com\/wp-content\/uploads\/2026\/02\/reflector-floor-lamp-orange-d11f3ae32353ec290fc844345ae3b7c2.jpg\",\"contentUrl\":\"https:\/\/hubsch-interior.com\/wp-content\/uploads\/2026\/02\/reflector-floor-lamp-orange-d11f3ae32353ec290fc844345ae3b7c2.jpg\",\"width\":1024,\"height\":1024},{\"@type\":\"BreadcrumbList\",\"@id\":\"https:\/\/hubsch-interior.com\/de\/produkt\/reflector-stehlampe-orange\/#breadcrumb\",\"itemListElement\":[{\"@type\":\"ListItem\",\"position\":1,\"name\":\"Startseite\",\"item\":\"https:\/\/hubsch-interior.com\/de\/\"},{\"@type\":\"ListItem\",\"position\":2,\"name\":\"Produkte\",\"item\":\"https:\/\/hubsch-interior.com\/de\/shop-2\/\"},{\"@type\":\"ListItem\",\"position\":3,\"name\":\"Beleuchtung\",\"item\":\"https:\/\/hubsch-interior.com\/de\/produkt-kategorie\/beleuchtung\/\"},{\"@type\":\"ListItem\",\"position\":4,\"name\":\"Stehlampen\",\"item\":\"https:\/\/hubsch-interior.com\/de\/produkt-kategorie\/beleuchtung\/stehlampen-de\/\"},{\"@type\":\"ListItem\",\"position\":5,\"name\":\"Reflector Stehlampe Orange\"}]},{\"@type\":\"WebSite\",\"@id\":\"https:\/\/hubsch-interior.com\/de\/#website\",\"url\":\"https:\/\/hubsch-interior.com\/de\/\",\"name\":\"H\u00fcbsch\",\"description\":\"Danish Home Interior and Design\",\"publisher\":{\"@id\":\"https:\/\/hubsch-interior.com\/de\/#organization\"},\"potentialAction\":[{\"@type\":\"SearchAction\",\"target\":{\"@type\":\"EntryPoint\",\"urlTemplate\":\"https:\/\/hubsch-interior.com\/de\/?s={search_term_string}\"},\"query-input\":{\"@type\":\"PropertyValueSpecification\",\"valueRequired\":true,\"valueName\":\"search_term_string\"}}],\"inLanguage\":\"de\"},{\"@type\":\"Organization\",\"@id\":\"https:\/\/hubsch-interior.com\/de\/#organization\",\"name\":\"H\u00fcbsch\",\"url\":\"https:\/\/hubsch-interior.com\/de\/\",\"logo\":{\"@type\":\"ImageObject\",\"inLanguage\":\"de\",\"@id\":\"https:\/\/hubsch-interior.com\/de\/#\/schema\/logo\/image\/\",\"url\":\"https:\/\/hubsch-interior.com\/wp-content\/uploads\/2022\/12\/Hubsch_logo_black_one_line.svg\",\"contentUrl\":\"https:\/\/hubsch-interior.com\/wp-content\/uploads\/2022\/12\/Hubsch_logo_black_one_line.svg\",\"caption\":\"H\u00fcbsch\"},\"image\":{\"@id\":\"https:\/\/hubsch-interior.com\/de\/#\/schema\/logo\/image\/\"}}]}<\/script>\n<!-- \/ Yoast SEO plugin. -->","yoast_head_json":{"title":"Reflector Stehlampe Orange - H\u00fcbsch","description":"Ein k\u00fchner Strahl aus einer anderen \u00c4ra \u2014 neu interpretiert. Die Reflector Stehlampe in leuchtendem Orange zieht alle Blicke auf sich mit ihrem","robots":{"index":"index","follow":"follow","max-snippet":"max-snippet:-1","max-image-preview":"max-image-preview:large","max-video-preview":"max-video-preview:-1"},"canonical":"https:\/\/hubsch-interior.com\/de\/wp-json\/wp\/v2\/product\/1088665","og_locale":"de_DE","og_type":"article","og_title":"Reflector Stehlampe Orange - H\u00fcbsch","og_description":"Ein k\u00fchner Strahl aus einer anderen \u00c4ra \u2014 neu interpretiert. Die Reflector Stehlampe in leuchtendem Orange zieht alle Blicke auf sich mit ihrem","og_url":"https:\/\/hubsch-interior.com\/de\/produkt\/reflector-stehlampe-orange\/","og_site_name":"H\u00fcbsch","article_modified_time":"2026-04-05T03:13:16+00:00","og_image":[{"width":1024,"height":1024,"url":"https:\/\/hubsch-interior.com\/wp-content\/uploads\/2026\/02\/reflector-floor-lamp-orange-d11f3ae32353ec290fc844345ae3b7c2.jpg","type":"image\/jpeg"}],"twitter_card":"summary_large_image","schema":{"@context":"https:\/\/schema.org","@graph":[{"@type":"WebPage","@id":"https:\/\/hubsch-interior.com\/de\/produkt\/reflector-stehlampe-orange\/","url":"https:\/\/hubsch-interior.com\/de\/produkt\/reflector-stehlampe-orange\/","name":"Reflector Stehlampe Orange - H\u00fcbsch","isPartOf":{"@id":"https:\/\/hubsch-interior.com\/de\/#website"},"primaryImageOfPage":{"@id":"https:\/\/hubsch-interior.com\/de\/produkt\/reflector-stehlampe-orange\/#primaryimage"},"image":{"@id":"https:\/\/hubsch-interior.com\/de\/produkt\/reflector-stehlampe-orange\/#primaryimage"},"thumbnailUrl":"https:\/\/hubsch-interior.com\/wp-content\/uploads\/2026\/02\/reflector-floor-lamp-orange-d11f3ae32353ec290fc844345ae3b7c2.jpg","datePublished":"2026-01-31T04:02:35+00:00","dateModified":"2026-04-05T03:13:16+00:00","description":"Ein k\u00fchner Strahl aus einer anderen \u00c4ra \u2014 neu interpretiert. Die Reflector Stehlampe in leuchtendem Orange zieht alle Blicke auf sich mit ihrem","breadcrumb":{"@id":"https:\/\/hubsch-interior.com\/de\/produkt\/reflector-stehlampe-orange\/#breadcrumb"},"inLanguage":"de","potentialAction":[{"@type":"ReadAction","target":["https:\/\/hubsch-interior.com\/de\/produkt\/reflector-stehlampe-orange\/"]}]},{"@type":"ImageObject","inLanguage":"de","@id":"https:\/\/hubsch-interior.com\/de\/produkt\/reflector-stehlampe-orange\/#primaryimage","url":"https:\/\/hubsch-interior.com\/wp-content\/uploads\/2026\/02\/reflector-floor-lamp-orange-d11f3ae32353ec290fc844345ae3b7c2.jpg","contentUrl":"https:\/\/hubsch-interior.com\/wp-content\/uploads\/2026\/02\/reflector-floor-lamp-orange-d11f3ae32353ec290fc844345ae3b7c2.jpg","width":1024,"height":1024},{"@type":"BreadcrumbList","@id":"https:\/\/hubsch-interior.com\/de\/produkt\/reflector-stehlampe-orange\/#breadcrumb","itemListElement":[{"@type":"ListItem","position":1,"name":"Startseite","item":"https:\/\/hubsch-interior.com\/de\/"},{"@type":"ListItem","position":2,"name":"Produkte","item":"https:\/\/hubsch-interior.com\/de\/shop-2\/"},{"@type":"ListItem","position":3,"name":"Beleuchtung","item":"https:\/\/hubsch-interior.com\/de\/produkt-kategorie\/beleuchtung\/"},{"@type":"ListItem","position":4,"name":"Stehlampen","item":"https:\/\/hubsch-interior.com\/de\/produkt-kategorie\/beleuchtung\/stehlampen-de\/"},{"@type":"ListItem","position":5,"name":"Reflector Stehlampe Orange"}]},{"@type":"WebSite","@id":"https:\/\/hubsch-interior.com\/de\/#website","url":"https:\/\/hubsch-interior.com\/de\/","name":"H\u00fcbsch","description":"Danish Home Interior and Design","publisher":{"@id":"https:\/\/hubsch-interior.com\/de\/#organization"},"potentialAction":[{"@type":"SearchAction","target":{"@type":"EntryPoint","urlTemplate":"https:\/\/hubsch-interior.com\/de\/?s={search_term_string}"},"query-input":{"@type":"PropertyValueSpecification","valueRequired":true,"valueName":"search_term_string"}}],"inLanguage":"de"},{"@type":"Organization","@id":"https:\/\/hubsch-interior.com\/de\/#organization","name":"H\u00fcbsch","url":"https:\/\/hubsch-interior.com\/de\/","logo":{"@type":"ImageObject","inLanguage":"de","@id":"https:\/\/hubsch-interior.com\/de\/#\/schema\/logo\/image\/","url":"https:\/\/hubsch-interior.com\/wp-content\/uploads\/2022\/12\/Hubsch_logo_black_one_line.svg","contentUrl":"https:\/\/hubsch-interior.com\/wp-content\/uploads\/2022\/12\/Hubsch_logo_black_one_line.svg","caption":"H\u00fcbsch"},"image":{"@id":"https:\/\/hubsch-interior.com\/de\/#\/schema\/logo\/image\/"}}]}},"_links":{"self":[{"href":"https:\/\/hubsch-interior.com\/de\/wp-json\/wp\/v2\/product\/1088665","targetHints":{"allow":["GET"]}}],"collection":[{"href":"https:\/\/hubsch-interior.com\/de\/wp-json\/wp\/v2\/product"}],"about":[{"href":"https:\/\/hubsch-interior.com\/de\/wp-json\/wp\/v2\/types\/product"}],"wp:featuredmedia":[{"embeddable":true,"href":"https:\/\/hubsch-interior.com\/de\/wp-json\/wp\/v2\/media\/1108384"}],"wp:attachment":[{"href":"https:\/\/hubsch-interior.com\/de\/wp-json\/wp\/v2\/media?parent=1088665"}],"wp:term":[{"taxonomy":"product_brand","embeddable":true,"href":"https:\/\/hubsch-interior.com\/de\/wp-json\/wp\/v2\/product_brand?post=1088665"},{"taxonomy":"product_cat","embeddable":true,"href":"https:\/\/hubsch-interior.com\/de\/wp-json\/wp\/v2\/product_cat?post=1088665"},{"taxonomy":"product_tag","embeddable":true,"href":"https:\/\/hubsch-interior.com\/de\/wp-json\/wp\/v2\/product_tag?post=1088665"}],"curies":[{"name":"wp","href":"https:\/\/api.w.org\/{rel}","templated":true}]}}