{"id":1088685,"date":"2026-01-31T05:02:48","date_gmt":"2026-01-31T04:02:48","guid":{"rendered":"https:\/\/hubsch-interior.com\/product\/product\/"},"modified":"2026-04-05T05:13:19","modified_gmt":"2026-04-05T03:13:19","slug":"set-stehlampe-hellgrau","status":"publish","type":"product","link":"https:\/\/hubsch-interior.com\/de\/produkt\/set-stehlampe-hellgrau\/","title":{"rendered":"Set Stehlampe Hellgrau"},"content":{"rendered":"<p>Licht, mit Bedacht geschichtet. Die Set Stehlampe bringt skulpturale Ruhe in Ihren Raum, ausgef\u00fchrt in beruhigendem Hellgrau mit einem hochgl\u00e4nzenden Finish, das Blicke auf sich zieht, ohne die Aufmerksamkeit zu fordern. Zwei Lichtquellen leuchten sanft durch mattwei\u00dfes Opalglas und werfen ein stimmungsvolles Warmlicht, das m\u00fchelos von ruhigen Abenden zu geselligen Momenten wechselt. Sie ist gleichzeitig Kunstwerk und Nutzobjekt und steht mit stiller Zuversicht hoch. Eine Stehlampe, die nicht nur einen Raum erhellt \u2013 sie verleiht ihm Rhythmus.<\/p>\n","protected":false},"excerpt":{"rendered":"<p>Licht, mit Bedacht geschichtet. Die Set Stehlampe bringt skulpturale Ruhe in Ihren Raum, ausgef\u00fchrt in beruhigendem Hellgrau mit einem hochgl\u00e4nzenden Finish, das Blicke auf sich zieht, ohne die Aufmerksamkeit zu fordern. Zwei Lichtquellen leuchten sanft durch mattwei\u00dfes Opalglas und werfen ein stimmungsvolles Warmlicht, das m\u00fchelos von ruhigen Abenden zu geselligen Momenten wechselt. Sie ist gleichzeitig [&hellip;]<\/p>\n","protected":false},"featured_media":1108400,"template":"","meta":{"_acf_changed":false,"inline_featured_image":false},"product_brand":[],"product_cat":[7155,3809,3497,5047],"product_tag":[],"class_list":{"0":"post-1088685","1":"product","2":"type-product","3":"status-publish","4":"has-post-thumbnail","6":"product_cat-dweller-de","7":"product_cat-beleuchtung","8":"product_cat-stehlampen-de","9":"product_cat-neuheiten-de","10":"product_shipping_class-pk","12":"pa_color-hellgrau-2","13":"pa_material-eisen-de","14":"pa_material-glas-de","16":"first","17":"instock","18":"taxable","19":"shipping-taxable","20":"purchasable","21":"product-type-simple"},"exclude_global_add_ons":[],"addons":[],"acf":[],"yoast_head":"<!-- This site is optimized with the Yoast SEO plugin v26.4 - https:\/\/yoast.com\/wordpress\/plugins\/seo\/ -->\n<title>Set Stehlampe Hellgrau - H\u00fcbsch<\/title>\n<meta name=\"description\" content=\"Licht, mit Bedacht geschichtet. Die Set Stehlampe bringt skulpturale Ruhe in Ihren Raum, ausgef\u00fchrt in beruhigendem Hellgrau mit einem hochgl\u00e4nzenden\" \/>\n<meta name=\"robots\" content=\"index, follow, max-snippet:-1, max-image-preview:large, max-video-preview:-1\" \/>\n<link rel=\"canonical\" href=\"https:\/\/hubsch-interior.com\/de\/wp-json\/wp\/v2\/product\/1088685\" \/>\n<meta property=\"og:locale\" content=\"de_DE\" \/>\n<meta property=\"og:type\" content=\"article\" \/>\n<meta property=\"og:title\" content=\"Set Stehlampe Hellgrau - H\u00fcbsch\" \/>\n<meta property=\"og:description\" content=\"Licht, mit Bedacht geschichtet. Die Set Stehlampe bringt skulpturale Ruhe in Ihren Raum, ausgef\u00fchrt in beruhigendem Hellgrau mit einem hochgl\u00e4nzenden\" \/>\n<meta property=\"og:url\" content=\"https:\/\/hubsch-interior.com\/de\/produkt\/set-stehlampe-hellgrau\/\" \/>\n<meta property=\"og:site_name\" content=\"H\u00fcbsch\" \/>\n<meta property=\"article:modified_time\" content=\"2026-04-05T03:13:19+00:00\" \/>\n<meta property=\"og:image\" content=\"https:\/\/hubsch-interior.com\/wp-content\/uploads\/2026\/02\/set-floor-lamp-light-grey-54f5a3bb889766fcb302d4bbd106b8c0.jpg\" \/>\n\t<meta property=\"og:image:width\" content=\"1024\" \/>\n\t<meta property=\"og:image:height\" content=\"1024\" \/>\n\t<meta property=\"og:image:type\" content=\"image\/jpeg\" \/>\n<meta name=\"twitter:card\" content=\"summary_large_image\" \/>\n<script type=\"application\/ld+json\" class=\"yoast-schema-graph\">{\"@context\":\"https:\/\/schema.org\",\"@graph\":[{\"@type\":\"WebPage\",\"@id\":\"https:\/\/hubsch-interior.com\/de\/produkt\/set-stehlampe-hellgrau\/\",\"url\":\"https:\/\/hubsch-interior.com\/de\/produkt\/set-stehlampe-hellgrau\/\",\"name\":\"Set Stehlampe Hellgrau - H\u00fcbsch\",\"isPartOf\":{\"@id\":\"https:\/\/hubsch-interior.com\/de\/#website\"},\"primaryImageOfPage\":{\"@id\":\"https:\/\/hubsch-interior.com\/de\/produkt\/set-stehlampe-hellgrau\/#primaryimage\"},\"image\":{\"@id\":\"https:\/\/hubsch-interior.com\/de\/produkt\/set-stehlampe-hellgrau\/#primaryimage\"},\"thumbnailUrl\":\"https:\/\/hubsch-interior.com\/wp-content\/uploads\/2026\/02\/set-floor-lamp-light-grey-54f5a3bb889766fcb302d4bbd106b8c0.jpg\",\"datePublished\":\"2026-01-31T04:02:48+00:00\",\"dateModified\":\"2026-04-05T03:13:19+00:00\",\"description\":\"Licht, mit Bedacht geschichtet. Die Set Stehlampe bringt skulpturale Ruhe in Ihren Raum, ausgef\u00fchrt in beruhigendem Hellgrau mit einem hochgl\u00e4nzenden\",\"breadcrumb\":{\"@id\":\"https:\/\/hubsch-interior.com\/de\/produkt\/set-stehlampe-hellgrau\/#breadcrumb\"},\"inLanguage\":\"de\",\"potentialAction\":[{\"@type\":\"ReadAction\",\"target\":[\"https:\/\/hubsch-interior.com\/de\/produkt\/set-stehlampe-hellgrau\/\"]}]},{\"@type\":\"ImageObject\",\"inLanguage\":\"de\",\"@id\":\"https:\/\/hubsch-interior.com\/de\/produkt\/set-stehlampe-hellgrau\/#primaryimage\",\"url\":\"https:\/\/hubsch-interior.com\/wp-content\/uploads\/2026\/02\/set-floor-lamp-light-grey-54f5a3bb889766fcb302d4bbd106b8c0.jpg\",\"contentUrl\":\"https:\/\/hubsch-interior.com\/wp-content\/uploads\/2026\/02\/set-floor-lamp-light-grey-54f5a3bb889766fcb302d4bbd106b8c0.jpg\",\"width\":1024,\"height\":1024},{\"@type\":\"BreadcrumbList\",\"@id\":\"https:\/\/hubsch-interior.com\/de\/produkt\/set-stehlampe-hellgrau\/#breadcrumb\",\"itemListElement\":[{\"@type\":\"ListItem\",\"position\":1,\"name\":\"Startseite\",\"item\":\"https:\/\/hubsch-interior.com\/de\/\"},{\"@type\":\"ListItem\",\"position\":2,\"name\":\"Produkte\",\"item\":\"https:\/\/hubsch-interior.com\/de\/shop-2\/\"},{\"@type\":\"ListItem\",\"position\":3,\"name\":\"Beleuchtung\",\"item\":\"https:\/\/hubsch-interior.com\/de\/produkt-kategorie\/beleuchtung\/\"},{\"@type\":\"ListItem\",\"position\":4,\"name\":\"Stehlampen\",\"item\":\"https:\/\/hubsch-interior.com\/de\/produkt-kategorie\/beleuchtung\/stehlampen-de\/\"},{\"@type\":\"ListItem\",\"position\":5,\"name\":\"Set Stehlampe Hellgrau\"}]},{\"@type\":\"WebSite\",\"@id\":\"https:\/\/hubsch-interior.com\/de\/#website\",\"url\":\"https:\/\/hubsch-interior.com\/de\/\",\"name\":\"H\u00fcbsch\",\"description\":\"Danish Home Interior and Design\",\"publisher\":{\"@id\":\"https:\/\/hubsch-interior.com\/de\/#organization\"},\"potentialAction\":[{\"@type\":\"SearchAction\",\"target\":{\"@type\":\"EntryPoint\",\"urlTemplate\":\"https:\/\/hubsch-interior.com\/de\/?s={search_term_string}\"},\"query-input\":{\"@type\":\"PropertyValueSpecification\",\"valueRequired\":true,\"valueName\":\"search_term_string\"}}],\"inLanguage\":\"de\"},{\"@type\":\"Organization\",\"@id\":\"https:\/\/hubsch-interior.com\/de\/#organization\",\"name\":\"H\u00fcbsch\",\"url\":\"https:\/\/hubsch-interior.com\/de\/\",\"logo\":{\"@type\":\"ImageObject\",\"inLanguage\":\"de\",\"@id\":\"https:\/\/hubsch-interior.com\/de\/#\/schema\/logo\/image\/\",\"url\":\"https:\/\/hubsch-interior.com\/wp-content\/uploads\/2022\/12\/Hubsch_logo_black_one_line.svg\",\"contentUrl\":\"https:\/\/hubsch-interior.com\/wp-content\/uploads\/2022\/12\/Hubsch_logo_black_one_line.svg\",\"caption\":\"H\u00fcbsch\"},\"image\":{\"@id\":\"https:\/\/hubsch-interior.com\/de\/#\/schema\/logo\/image\/\"}}]}<\/script>\n<!-- \/ Yoast SEO plugin. -->","yoast_head_json":{"title":"Set Stehlampe Hellgrau - H\u00fcbsch","description":"Licht, mit Bedacht geschichtet. Die Set Stehlampe bringt skulpturale Ruhe in Ihren Raum, ausgef\u00fchrt in beruhigendem Hellgrau mit einem hochgl\u00e4nzenden","robots":{"index":"index","follow":"follow","max-snippet":"max-snippet:-1","max-image-preview":"max-image-preview:large","max-video-preview":"max-video-preview:-1"},"canonical":"https:\/\/hubsch-interior.com\/de\/wp-json\/wp\/v2\/product\/1088685","og_locale":"de_DE","og_type":"article","og_title":"Set Stehlampe Hellgrau - H\u00fcbsch","og_description":"Licht, mit Bedacht geschichtet. Die Set Stehlampe bringt skulpturale Ruhe in Ihren Raum, ausgef\u00fchrt in beruhigendem Hellgrau mit einem hochgl\u00e4nzenden","og_url":"https:\/\/hubsch-interior.com\/de\/produkt\/set-stehlampe-hellgrau\/","og_site_name":"H\u00fcbsch","article_modified_time":"2026-04-05T03:13:19+00:00","og_image":[{"width":1024,"height":1024,"url":"https:\/\/hubsch-interior.com\/wp-content\/uploads\/2026\/02\/set-floor-lamp-light-grey-54f5a3bb889766fcb302d4bbd106b8c0.jpg","type":"image\/jpeg"}],"twitter_card":"summary_large_image","schema":{"@context":"https:\/\/schema.org","@graph":[{"@type":"WebPage","@id":"https:\/\/hubsch-interior.com\/de\/produkt\/set-stehlampe-hellgrau\/","url":"https:\/\/hubsch-interior.com\/de\/produkt\/set-stehlampe-hellgrau\/","name":"Set Stehlampe Hellgrau - H\u00fcbsch","isPartOf":{"@id":"https:\/\/hubsch-interior.com\/de\/#website"},"primaryImageOfPage":{"@id":"https:\/\/hubsch-interior.com\/de\/produkt\/set-stehlampe-hellgrau\/#primaryimage"},"image":{"@id":"https:\/\/hubsch-interior.com\/de\/produkt\/set-stehlampe-hellgrau\/#primaryimage"},"thumbnailUrl":"https:\/\/hubsch-interior.com\/wp-content\/uploads\/2026\/02\/set-floor-lamp-light-grey-54f5a3bb889766fcb302d4bbd106b8c0.jpg","datePublished":"2026-01-31T04:02:48+00:00","dateModified":"2026-04-05T03:13:19+00:00","description":"Licht, mit Bedacht geschichtet. Die Set Stehlampe bringt skulpturale Ruhe in Ihren Raum, ausgef\u00fchrt in beruhigendem Hellgrau mit einem hochgl\u00e4nzenden","breadcrumb":{"@id":"https:\/\/hubsch-interior.com\/de\/produkt\/set-stehlampe-hellgrau\/#breadcrumb"},"inLanguage":"de","potentialAction":[{"@type":"ReadAction","target":["https:\/\/hubsch-interior.com\/de\/produkt\/set-stehlampe-hellgrau\/"]}]},{"@type":"ImageObject","inLanguage":"de","@id":"https:\/\/hubsch-interior.com\/de\/produkt\/set-stehlampe-hellgrau\/#primaryimage","url":"https:\/\/hubsch-interior.com\/wp-content\/uploads\/2026\/02\/set-floor-lamp-light-grey-54f5a3bb889766fcb302d4bbd106b8c0.jpg","contentUrl":"https:\/\/hubsch-interior.com\/wp-content\/uploads\/2026\/02\/set-floor-lamp-light-grey-54f5a3bb889766fcb302d4bbd106b8c0.jpg","width":1024,"height":1024},{"@type":"BreadcrumbList","@id":"https:\/\/hubsch-interior.com\/de\/produkt\/set-stehlampe-hellgrau\/#breadcrumb","itemListElement":[{"@type":"ListItem","position":1,"name":"Startseite","item":"https:\/\/hubsch-interior.com\/de\/"},{"@type":"ListItem","position":2,"name":"Produkte","item":"https:\/\/hubsch-interior.com\/de\/shop-2\/"},{"@type":"ListItem","position":3,"name":"Beleuchtung","item":"https:\/\/hubsch-interior.com\/de\/produkt-kategorie\/beleuchtung\/"},{"@type":"ListItem","position":4,"name":"Stehlampen","item":"https:\/\/hubsch-interior.com\/de\/produkt-kategorie\/beleuchtung\/stehlampen-de\/"},{"@type":"ListItem","position":5,"name":"Set Stehlampe Hellgrau"}]},{"@type":"WebSite","@id":"https:\/\/hubsch-interior.com\/de\/#website","url":"https:\/\/hubsch-interior.com\/de\/","name":"H\u00fcbsch","description":"Danish Home Interior and Design","publisher":{"@id":"https:\/\/hubsch-interior.com\/de\/#organization"},"potentialAction":[{"@type":"SearchAction","target":{"@type":"EntryPoint","urlTemplate":"https:\/\/hubsch-interior.com\/de\/?s={search_term_string}"},"query-input":{"@type":"PropertyValueSpecification","valueRequired":true,"valueName":"search_term_string"}}],"inLanguage":"de"},{"@type":"Organization","@id":"https:\/\/hubsch-interior.com\/de\/#organization","name":"H\u00fcbsch","url":"https:\/\/hubsch-interior.com\/de\/","logo":{"@type":"ImageObject","inLanguage":"de","@id":"https:\/\/hubsch-interior.com\/de\/#\/schema\/logo\/image\/","url":"https:\/\/hubsch-interior.com\/wp-content\/uploads\/2022\/12\/Hubsch_logo_black_one_line.svg","contentUrl":"https:\/\/hubsch-interior.com\/wp-content\/uploads\/2022\/12\/Hubsch_logo_black_one_line.svg","caption":"H\u00fcbsch"},"image":{"@id":"https:\/\/hubsch-interior.com\/de\/#\/schema\/logo\/image\/"}}]}},"_links":{"self":[{"href":"https:\/\/hubsch-interior.com\/de\/wp-json\/wp\/v2\/product\/1088685","targetHints":{"allow":["GET"]}}],"collection":[{"href":"https:\/\/hubsch-interior.com\/de\/wp-json\/wp\/v2\/product"}],"about":[{"href":"https:\/\/hubsch-interior.com\/de\/wp-json\/wp\/v2\/types\/product"}],"wp:featuredmedia":[{"embeddable":true,"href":"https:\/\/hubsch-interior.com\/de\/wp-json\/wp\/v2\/media\/1108400"}],"wp:attachment":[{"href":"https:\/\/hubsch-interior.com\/de\/wp-json\/wp\/v2\/media?parent=1088685"}],"wp:term":[{"taxonomy":"product_brand","embeddable":true,"href":"https:\/\/hubsch-interior.com\/de\/wp-json\/wp\/v2\/product_brand?post=1088685"},{"taxonomy":"product_cat","embeddable":true,"href":"https:\/\/hubsch-interior.com\/de\/wp-json\/wp\/v2\/product_cat?post=1088685"},{"taxonomy":"product_tag","embeddable":true,"href":"https:\/\/hubsch-interior.com\/de\/wp-json\/wp\/v2\/product_tag?post=1088685"}],"curies":[{"name":"wp","href":"https:\/\/api.w.org\/{rel}","templated":true}]}}