{"id":1088705,"date":"2026-01-31T05:02:59","date_gmt":"2026-01-31T04:02:59","guid":{"rendered":"https:\/\/hubsch-interior.com\/product\/product\/"},"modified":"2026-04-05T05:13:23","modified_gmt":"2026-04-05T03:13:23","slug":"set-tischlampe-hellgrau","status":"publish","type":"product","link":"https:\/\/hubsch-interior.com\/de\/produkt\/set-tischlampe-hellgrau\/","title":{"rendered":"Set Tischlampe Hellgrau"},"content":{"rendered":"<p>Ein sanftes Leuchten, geschaffen f\u00fcr Stille. Die Set Tischlampe in hellgrau kombiniert einen hochgl\u00e4nzenden Sockel mit einem mattwei\u00dfen Opalglas-Schirm, was ein sch\u00f6nes Spiel zwischen Textur und Licht erzeugt. Als eine von zwei edlen Varianten wirft sie ein sanftes, umgebendes Leuchten \u2014 genau richtig f\u00fcr eine gem\u00fctliche Ecke oder einen ruhigen Augenblick am Bett. Ihre klare Silhouette bringt ruhiges Selbstbewusstsein in Ihren Raum und verbindet Funktion mit poetischem Design. F\u00fcr Abende, die ein wenig Atmosph\u00e4re und viel Stil verdienen.<\/p>\n","protected":false},"excerpt":{"rendered":"<p>Ein sanftes Leuchten, geschaffen f\u00fcr Stille. Die Set Tischlampe in hellgrau kombiniert einen hochgl\u00e4nzenden Sockel mit einem mattwei\u00dfen Opalglas-Schirm, was ein sch\u00f6nes Spiel zwischen Textur und Licht erzeugt. Als eine von zwei edlen Varianten wirft sie ein sanftes, umgebendes Leuchten \u2014 genau richtig f\u00fcr eine gem\u00fctliche Ecke oder einen ruhigen Augenblick am Bett. Ihre klare [&hellip;]<\/p>\n","protected":false},"featured_media":1108416,"template":"","meta":{"_acf_changed":false,"inline_featured_image":false},"product_brand":[],"product_cat":[7155,3809,3501,5047],"product_tag":[],"class_list":{"0":"post-1088705","1":"product","2":"type-product","3":"status-publish","4":"has-post-thumbnail","6":"product_cat-dweller-de","7":"product_cat-beleuchtung","8":"product_cat-tischlampen-de","9":"product_cat-neuheiten-de","10":"product_shipping_class-pk","12":"pa_color-hellgrau-2","13":"pa_material-eisen-de","14":"pa_material-glas-de","16":"first","17":"instock","18":"taxable","19":"shipping-taxable","20":"purchasable","21":"product-type-simple"},"exclude_global_add_ons":[],"addons":[],"acf":[],"yoast_head":"<!-- This site is optimized with the Yoast SEO plugin v26.4 - https:\/\/yoast.com\/wordpress\/plugins\/seo\/ -->\n<title>Set Tischlampe Hellgrau - H\u00fcbsch<\/title>\n<meta name=\"description\" content=\"Ein sanftes Leuchten, geschaffen f\u00fcr Stille. Die Set Tischlampe in hellgrau kombiniert einen hochgl\u00e4nzenden Sockel mit einem mattwei\u00dfen Opalglas-Schirm,\" \/>\n<meta name=\"robots\" content=\"index, follow, max-snippet:-1, max-image-preview:large, max-video-preview:-1\" \/>\n<link rel=\"canonical\" href=\"https:\/\/hubsch-interior.com\/de\/wp-json\/wp\/v2\/product\/1088705\" \/>\n<meta property=\"og:locale\" content=\"de_DE\" \/>\n<meta property=\"og:type\" content=\"article\" \/>\n<meta property=\"og:title\" content=\"Set Tischlampe Hellgrau - H\u00fcbsch\" \/>\n<meta property=\"og:description\" content=\"Ein sanftes Leuchten, geschaffen f\u00fcr Stille. Die Set Tischlampe in hellgrau kombiniert einen hochgl\u00e4nzenden Sockel mit einem mattwei\u00dfen Opalglas-Schirm,\" \/>\n<meta property=\"og:url\" content=\"https:\/\/hubsch-interior.com\/de\/produkt\/set-tischlampe-hellgrau\/\" \/>\n<meta property=\"og:site_name\" content=\"H\u00fcbsch\" \/>\n<meta property=\"article:modified_time\" content=\"2026-04-05T03:13:23+00:00\" \/>\n<meta property=\"og:image\" content=\"https:\/\/hubsch-interior.com\/wp-content\/uploads\/2026\/01\/set-table-lamp-light-grey-fd2279f52f0e83e4d34a0b81e675600e.jpg\" \/>\n\t<meta property=\"og:image:width\" content=\"1200\" \/>\n\t<meta property=\"og:image:height\" content=\"1200\" \/>\n\t<meta property=\"og:image:type\" content=\"image\/jpeg\" \/>\n<meta name=\"twitter:card\" content=\"summary_large_image\" \/>\n<script type=\"application\/ld+json\" class=\"yoast-schema-graph\">{\"@context\":\"https:\/\/schema.org\",\"@graph\":[{\"@type\":\"WebPage\",\"@id\":\"https:\/\/hubsch-interior.com\/de\/produkt\/set-tischlampe-hellgrau\/\",\"url\":\"https:\/\/hubsch-interior.com\/de\/produkt\/set-tischlampe-hellgrau\/\",\"name\":\"Set Tischlampe Hellgrau - H\u00fcbsch\",\"isPartOf\":{\"@id\":\"https:\/\/hubsch-interior.com\/de\/#website\"},\"primaryImageOfPage\":{\"@id\":\"https:\/\/hubsch-interior.com\/de\/produkt\/set-tischlampe-hellgrau\/#primaryimage\"},\"image\":{\"@id\":\"https:\/\/hubsch-interior.com\/de\/produkt\/set-tischlampe-hellgrau\/#primaryimage\"},\"thumbnailUrl\":\"https:\/\/hubsch-interior.com\/wp-content\/uploads\/2026\/02\/set-table-lamp-light-grey-fab78f13cf4e23e50e092eb9b99bf52e.jpg\",\"datePublished\":\"2026-01-31T04:02:59+00:00\",\"dateModified\":\"2026-04-05T03:13:23+00:00\",\"description\":\"Ein sanftes Leuchten, geschaffen f\u00fcr Stille. Die Set Tischlampe in hellgrau kombiniert einen hochgl\u00e4nzenden Sockel mit einem mattwei\u00dfen Opalglas-Schirm,\",\"breadcrumb\":{\"@id\":\"https:\/\/hubsch-interior.com\/de\/produkt\/set-tischlampe-hellgrau\/#breadcrumb\"},\"inLanguage\":\"de\",\"potentialAction\":[{\"@type\":\"ReadAction\",\"target\":[\"https:\/\/hubsch-interior.com\/de\/produkt\/set-tischlampe-hellgrau\/\"]}]},{\"@type\":\"ImageObject\",\"inLanguage\":\"de\",\"@id\":\"https:\/\/hubsch-interior.com\/de\/produkt\/set-tischlampe-hellgrau\/#primaryimage\",\"url\":\"https:\/\/hubsch-interior.com\/wp-content\/uploads\/2026\/02\/set-table-lamp-light-grey-fab78f13cf4e23e50e092eb9b99bf52e.jpg\",\"contentUrl\":\"https:\/\/hubsch-interior.com\/wp-content\/uploads\/2026\/02\/set-table-lamp-light-grey-fab78f13cf4e23e50e092eb9b99bf52e.jpg\",\"width\":1024,\"height\":1024},{\"@type\":\"BreadcrumbList\",\"@id\":\"https:\/\/hubsch-interior.com\/de\/produkt\/set-tischlampe-hellgrau\/#breadcrumb\",\"itemListElement\":[{\"@type\":\"ListItem\",\"position\":1,\"name\":\"Startseite\",\"item\":\"https:\/\/hubsch-interior.com\/de\/\"},{\"@type\":\"ListItem\",\"position\":2,\"name\":\"Produkte\",\"item\":\"https:\/\/hubsch-interior.com\/de\/shop-2\/\"},{\"@type\":\"ListItem\",\"position\":3,\"name\":\"Set Tischlampe Hellgrau\"}]},{\"@type\":\"WebSite\",\"@id\":\"https:\/\/hubsch-interior.com\/de\/#website\",\"url\":\"https:\/\/hubsch-interior.com\/de\/\",\"name\":\"H\u00fcbsch\",\"description\":\"Danish Home Interior and Design\",\"publisher\":{\"@id\":\"https:\/\/hubsch-interior.com\/de\/#organization\"},\"potentialAction\":[{\"@type\":\"SearchAction\",\"target\":{\"@type\":\"EntryPoint\",\"urlTemplate\":\"https:\/\/hubsch-interior.com\/de\/?s={search_term_string}\"},\"query-input\":{\"@type\":\"PropertyValueSpecification\",\"valueRequired\":true,\"valueName\":\"search_term_string\"}}],\"inLanguage\":\"de\"},{\"@type\":\"Organization\",\"@id\":\"https:\/\/hubsch-interior.com\/de\/#organization\",\"name\":\"H\u00fcbsch\",\"url\":\"https:\/\/hubsch-interior.com\/de\/\",\"logo\":{\"@type\":\"ImageObject\",\"inLanguage\":\"de\",\"@id\":\"https:\/\/hubsch-interior.com\/de\/#\/schema\/logo\/image\/\",\"url\":\"https:\/\/hubsch-interior.com\/wp-content\/uploads\/2022\/12\/Hubsch_logo_black_one_line.svg\",\"contentUrl\":\"https:\/\/hubsch-interior.com\/wp-content\/uploads\/2022\/12\/Hubsch_logo_black_one_line.svg\",\"caption\":\"H\u00fcbsch\"},\"image\":{\"@id\":\"https:\/\/hubsch-interior.com\/de\/#\/schema\/logo\/image\/\"}}]}<\/script>\n<!-- \/ Yoast SEO plugin. -->","yoast_head_json":{"title":"Set Tischlampe Hellgrau - H\u00fcbsch","description":"Ein sanftes Leuchten, geschaffen f\u00fcr Stille. Die Set Tischlampe in hellgrau kombiniert einen hochgl\u00e4nzenden Sockel mit einem mattwei\u00dfen Opalglas-Schirm,","robots":{"index":"index","follow":"follow","max-snippet":"max-snippet:-1","max-image-preview":"max-image-preview:large","max-video-preview":"max-video-preview:-1"},"canonical":"https:\/\/hubsch-interior.com\/de\/wp-json\/wp\/v2\/product\/1088705","og_locale":"de_DE","og_type":"article","og_title":"Set Tischlampe Hellgrau - H\u00fcbsch","og_description":"Ein sanftes Leuchten, geschaffen f\u00fcr Stille. Die Set Tischlampe in hellgrau kombiniert einen hochgl\u00e4nzenden Sockel mit einem mattwei\u00dfen Opalglas-Schirm,","og_url":"https:\/\/hubsch-interior.com\/de\/produkt\/set-tischlampe-hellgrau\/","og_site_name":"H\u00fcbsch","article_modified_time":"2026-04-05T03:13:23+00:00","og_image":[{"width":1200,"height":1200,"url":"https:\/\/hubsch-interior.com\/wp-content\/uploads\/2026\/01\/set-table-lamp-light-grey-fd2279f52f0e83e4d34a0b81e675600e.jpg","type":"image\/jpeg"}],"twitter_card":"summary_large_image","schema":{"@context":"https:\/\/schema.org","@graph":[{"@type":"WebPage","@id":"https:\/\/hubsch-interior.com\/de\/produkt\/set-tischlampe-hellgrau\/","url":"https:\/\/hubsch-interior.com\/de\/produkt\/set-tischlampe-hellgrau\/","name":"Set Tischlampe Hellgrau - H\u00fcbsch","isPartOf":{"@id":"https:\/\/hubsch-interior.com\/de\/#website"},"primaryImageOfPage":{"@id":"https:\/\/hubsch-interior.com\/de\/produkt\/set-tischlampe-hellgrau\/#primaryimage"},"image":{"@id":"https:\/\/hubsch-interior.com\/de\/produkt\/set-tischlampe-hellgrau\/#primaryimage"},"thumbnailUrl":"https:\/\/hubsch-interior.com\/wp-content\/uploads\/2026\/02\/set-table-lamp-light-grey-fab78f13cf4e23e50e092eb9b99bf52e.jpg","datePublished":"2026-01-31T04:02:59+00:00","dateModified":"2026-04-05T03:13:23+00:00","description":"Ein sanftes Leuchten, geschaffen f\u00fcr Stille. Die Set Tischlampe in hellgrau kombiniert einen hochgl\u00e4nzenden Sockel mit einem mattwei\u00dfen Opalglas-Schirm,","breadcrumb":{"@id":"https:\/\/hubsch-interior.com\/de\/produkt\/set-tischlampe-hellgrau\/#breadcrumb"},"inLanguage":"de","potentialAction":[{"@type":"ReadAction","target":["https:\/\/hubsch-interior.com\/de\/produkt\/set-tischlampe-hellgrau\/"]}]},{"@type":"ImageObject","inLanguage":"de","@id":"https:\/\/hubsch-interior.com\/de\/produkt\/set-tischlampe-hellgrau\/#primaryimage","url":"https:\/\/hubsch-interior.com\/wp-content\/uploads\/2026\/02\/set-table-lamp-light-grey-fab78f13cf4e23e50e092eb9b99bf52e.jpg","contentUrl":"https:\/\/hubsch-interior.com\/wp-content\/uploads\/2026\/02\/set-table-lamp-light-grey-fab78f13cf4e23e50e092eb9b99bf52e.jpg","width":1024,"height":1024},{"@type":"BreadcrumbList","@id":"https:\/\/hubsch-interior.com\/de\/produkt\/set-tischlampe-hellgrau\/#breadcrumb","itemListElement":[{"@type":"ListItem","position":1,"name":"Startseite","item":"https:\/\/hubsch-interior.com\/de\/"},{"@type":"ListItem","position":2,"name":"Produkte","item":"https:\/\/hubsch-interior.com\/de\/shop-2\/"},{"@type":"ListItem","position":3,"name":"Set Tischlampe Hellgrau"}]},{"@type":"WebSite","@id":"https:\/\/hubsch-interior.com\/de\/#website","url":"https:\/\/hubsch-interior.com\/de\/","name":"H\u00fcbsch","description":"Danish Home Interior and Design","publisher":{"@id":"https:\/\/hubsch-interior.com\/de\/#organization"},"potentialAction":[{"@type":"SearchAction","target":{"@type":"EntryPoint","urlTemplate":"https:\/\/hubsch-interior.com\/de\/?s={search_term_string}"},"query-input":{"@type":"PropertyValueSpecification","valueRequired":true,"valueName":"search_term_string"}}],"inLanguage":"de"},{"@type":"Organization","@id":"https:\/\/hubsch-interior.com\/de\/#organization","name":"H\u00fcbsch","url":"https:\/\/hubsch-interior.com\/de\/","logo":{"@type":"ImageObject","inLanguage":"de","@id":"https:\/\/hubsch-interior.com\/de\/#\/schema\/logo\/image\/","url":"https:\/\/hubsch-interior.com\/wp-content\/uploads\/2022\/12\/Hubsch_logo_black_one_line.svg","contentUrl":"https:\/\/hubsch-interior.com\/wp-content\/uploads\/2022\/12\/Hubsch_logo_black_one_line.svg","caption":"H\u00fcbsch"},"image":{"@id":"https:\/\/hubsch-interior.com\/de\/#\/schema\/logo\/image\/"}}]}},"_links":{"self":[{"href":"https:\/\/hubsch-interior.com\/de\/wp-json\/wp\/v2\/product\/1088705","targetHints":{"allow":["GET"]}}],"collection":[{"href":"https:\/\/hubsch-interior.com\/de\/wp-json\/wp\/v2\/product"}],"about":[{"href":"https:\/\/hubsch-interior.com\/de\/wp-json\/wp\/v2\/types\/product"}],"wp:featuredmedia":[{"embeddable":true,"href":"https:\/\/hubsch-interior.com\/de\/wp-json\/wp\/v2\/media\/1108416"}],"wp:attachment":[{"href":"https:\/\/hubsch-interior.com\/de\/wp-json\/wp\/v2\/media?parent=1088705"}],"wp:term":[{"taxonomy":"product_brand","embeddable":true,"href":"https:\/\/hubsch-interior.com\/de\/wp-json\/wp\/v2\/product_brand?post=1088705"},{"taxonomy":"product_cat","embeddable":true,"href":"https:\/\/hubsch-interior.com\/de\/wp-json\/wp\/v2\/product_cat?post=1088705"},{"taxonomy":"product_tag","embeddable":true,"href":"https:\/\/hubsch-interior.com\/de\/wp-json\/wp\/v2\/product_tag?post=1088705"}],"curies":[{"name":"wp","href":"https:\/\/api.w.org\/{rel}","templated":true}]}}