{"id":1088725,"date":"2026-01-31T05:03:12","date_gmt":"2026-01-31T04:03:12","guid":{"rendered":"https:\/\/hubsch-interior.com\/product\/product\/"},"modified":"2026-04-05T05:13:27","modified_gmt":"2026-04-05T03:13:27","slug":"set-tischlampe-bruniertes-messing","status":"publish","type":"product","link":"https:\/\/hubsch-interior.com\/de\/produkt\/set-tischlampe-bruniertes-messing\/","title":{"rendered":"Set Tischlampe Br\u00fcniertes messing"},"content":{"rendered":"<p>Wo W\u00e4rme auf dezente Eleganz trifft. Die Set Tischlampe aus geb\u00fcrstetem Messing strahlt mit unterschwelliger Eleganz, ihre hochgl\u00e4nzende Oberfl\u00e4che f\u00e4ngt das Licht gerade genug, um zu faszinieren. Kombiniert mit einem matten, wei\u00dfen Opalglas-Schirm, streut sie ein weiches, ambientales Leuchten, das Ihren Raum in eine Oase der Ruhe verwandelt. Als eine von zwei markanten Varianten ist sie perfekt f\u00fcr einen Moment am Bett, ein Lese-Ritual oder einfach, um den Alltag zu erh\u00f6hen. Eine zeitlose Note, die sowohl bodenst\u00e4ndig als auch anmutig leuchtend wirkt.<\/p>\n","protected":false},"excerpt":{"rendered":"<p>Wo W\u00e4rme auf dezente Eleganz trifft. Die Set Tischlampe aus geb\u00fcrstetem Messing strahlt mit unterschwelliger Eleganz, ihre hochgl\u00e4nzende Oberfl\u00e4che f\u00e4ngt das Licht gerade genug, um zu faszinieren. Kombiniert mit einem matten, wei\u00dfen Opalglas-Schirm, streut sie ein weiches, ambientales Leuchten, das Ihren Raum in eine Oase der Ruhe verwandelt. Als eine von zwei markanten Varianten ist [&hellip;]<\/p>\n","protected":false},"featured_media":1108432,"template":"","meta":{"_acf_changed":false,"inline_featured_image":false},"product_brand":[],"product_cat":[7155,3809,3501,5047],"product_tag":[],"class_list":{"0":"post-1088725","1":"product","2":"type-product","3":"status-publish","4":"has-post-thumbnail","6":"product_cat-dweller-de","7":"product_cat-beleuchtung","8":"product_cat-tischlampen-de","9":"product_cat-neuheiten-de","10":"product_shipping_class-pk","12":"pa_color-brniertes-messing","13":"pa_material-eisen-de","14":"pa_material-glas-de","16":"first","17":"instock","18":"taxable","19":"shipping-taxable","20":"purchasable","21":"product-type-simple"},"exclude_global_add_ons":[],"addons":[],"acf":[],"yoast_head":"<!-- This site is optimized with the Yoast SEO plugin v26.4 - https:\/\/yoast.com\/wordpress\/plugins\/seo\/ -->\n<title>Set Tischlampe Br\u00fcniertes messing - H\u00fcbsch<\/title>\n<meta name=\"description\" content=\"Wo W\u00e4rme auf dezente Eleganz trifft. Die Set Tischlampe aus geb\u00fcrstetem Messing strahlt mit unterschwelliger Eleganz, ihre hochgl\u00e4nzende Oberfl\u00e4che f\u00e4ngt\" \/>\n<meta name=\"robots\" content=\"index, follow, max-snippet:-1, max-image-preview:large, max-video-preview:-1\" \/>\n<link rel=\"canonical\" href=\"https:\/\/hubsch-interior.com\/de\/wp-json\/wp\/v2\/product\/1088725\" \/>\n<meta property=\"og:locale\" content=\"de_DE\" \/>\n<meta property=\"og:type\" content=\"article\" \/>\n<meta property=\"og:title\" content=\"Set Tischlampe Br\u00fcniertes messing - H\u00fcbsch\" \/>\n<meta property=\"og:description\" content=\"Wo W\u00e4rme auf dezente Eleganz trifft. Die Set Tischlampe aus geb\u00fcrstetem Messing strahlt mit unterschwelliger Eleganz, ihre hochgl\u00e4nzende Oberfl\u00e4che f\u00e4ngt\" \/>\n<meta property=\"og:url\" content=\"https:\/\/hubsch-interior.com\/de\/produkt\/set-tischlampe-bruniertes-messing\/\" \/>\n<meta property=\"og:site_name\" content=\"H\u00fcbsch\" \/>\n<meta property=\"article:modified_time\" content=\"2026-04-05T03:13:27+00:00\" \/>\n<meta property=\"og:image\" content=\"https:\/\/hubsch-interior.com\/wp-content\/uploads\/2026\/01\/set-table-lamp-burnished-brass-cc9ec6f4e563fa0999dcdc463e42ea87.jpg\" \/>\n\t<meta property=\"og:image:width\" content=\"1200\" \/>\n\t<meta property=\"og:image:height\" content=\"1200\" \/>\n\t<meta property=\"og:image:type\" content=\"image\/jpeg\" \/>\n<meta name=\"twitter:card\" content=\"summary_large_image\" \/>\n<script type=\"application\/ld+json\" class=\"yoast-schema-graph\">{\"@context\":\"https:\/\/schema.org\",\"@graph\":[{\"@type\":\"WebPage\",\"@id\":\"https:\/\/hubsch-interior.com\/de\/produkt\/set-tischlampe-bruniertes-messing\/\",\"url\":\"https:\/\/hubsch-interior.com\/de\/produkt\/set-tischlampe-bruniertes-messing\/\",\"name\":\"Set Tischlampe Br\u00fcniertes messing - H\u00fcbsch\",\"isPartOf\":{\"@id\":\"https:\/\/hubsch-interior.com\/de\/#website\"},\"primaryImageOfPage\":{\"@id\":\"https:\/\/hubsch-interior.com\/de\/produkt\/set-tischlampe-bruniertes-messing\/#primaryimage\"},\"image\":{\"@id\":\"https:\/\/hubsch-interior.com\/de\/produkt\/set-tischlampe-bruniertes-messing\/#primaryimage\"},\"thumbnailUrl\":\"https:\/\/hubsch-interior.com\/wp-content\/uploads\/2026\/02\/set-table-lamp-burnished-brass-23abc874feb5b79406672aefca66838a.jpg\",\"datePublished\":\"2026-01-31T04:03:12+00:00\",\"dateModified\":\"2026-04-05T03:13:27+00:00\",\"description\":\"Wo W\u00e4rme auf dezente Eleganz trifft. Die Set Tischlampe aus geb\u00fcrstetem Messing strahlt mit unterschwelliger Eleganz, ihre hochgl\u00e4nzende Oberfl\u00e4che f\u00e4ngt\",\"breadcrumb\":{\"@id\":\"https:\/\/hubsch-interior.com\/de\/produkt\/set-tischlampe-bruniertes-messing\/#breadcrumb\"},\"inLanguage\":\"de\",\"potentialAction\":[{\"@type\":\"ReadAction\",\"target\":[\"https:\/\/hubsch-interior.com\/de\/produkt\/set-tischlampe-bruniertes-messing\/\"]}]},{\"@type\":\"ImageObject\",\"inLanguage\":\"de\",\"@id\":\"https:\/\/hubsch-interior.com\/de\/produkt\/set-tischlampe-bruniertes-messing\/#primaryimage\",\"url\":\"https:\/\/hubsch-interior.com\/wp-content\/uploads\/2026\/02\/set-table-lamp-burnished-brass-23abc874feb5b79406672aefca66838a.jpg\",\"contentUrl\":\"https:\/\/hubsch-interior.com\/wp-content\/uploads\/2026\/02\/set-table-lamp-burnished-brass-23abc874feb5b79406672aefca66838a.jpg\",\"width\":1024,\"height\":1024},{\"@type\":\"BreadcrumbList\",\"@id\":\"https:\/\/hubsch-interior.com\/de\/produkt\/set-tischlampe-bruniertes-messing\/#breadcrumb\",\"itemListElement\":[{\"@type\":\"ListItem\",\"position\":1,\"name\":\"Startseite\",\"item\":\"https:\/\/hubsch-interior.com\/de\/\"},{\"@type\":\"ListItem\",\"position\":2,\"name\":\"Produkte\",\"item\":\"https:\/\/hubsch-interior.com\/de\/shop-2\/\"},{\"@type\":\"ListItem\",\"position\":3,\"name\":\"Set Tischlampe Br\u00fcniertes messing\"}]},{\"@type\":\"WebSite\",\"@id\":\"https:\/\/hubsch-interior.com\/de\/#website\",\"url\":\"https:\/\/hubsch-interior.com\/de\/\",\"name\":\"H\u00fcbsch\",\"description\":\"Danish Home Interior and Design\",\"publisher\":{\"@id\":\"https:\/\/hubsch-interior.com\/de\/#organization\"},\"potentialAction\":[{\"@type\":\"SearchAction\",\"target\":{\"@type\":\"EntryPoint\",\"urlTemplate\":\"https:\/\/hubsch-interior.com\/de\/?s={search_term_string}\"},\"query-input\":{\"@type\":\"PropertyValueSpecification\",\"valueRequired\":true,\"valueName\":\"search_term_string\"}}],\"inLanguage\":\"de\"},{\"@type\":\"Organization\",\"@id\":\"https:\/\/hubsch-interior.com\/de\/#organization\",\"name\":\"H\u00fcbsch\",\"url\":\"https:\/\/hubsch-interior.com\/de\/\",\"logo\":{\"@type\":\"ImageObject\",\"inLanguage\":\"de\",\"@id\":\"https:\/\/hubsch-interior.com\/de\/#\/schema\/logo\/image\/\",\"url\":\"https:\/\/hubsch-interior.com\/wp-content\/uploads\/2022\/12\/Hubsch_logo_black_one_line.svg\",\"contentUrl\":\"https:\/\/hubsch-interior.com\/wp-content\/uploads\/2022\/12\/Hubsch_logo_black_one_line.svg\",\"caption\":\"H\u00fcbsch\"},\"image\":{\"@id\":\"https:\/\/hubsch-interior.com\/de\/#\/schema\/logo\/image\/\"}}]}<\/script>\n<!-- \/ Yoast SEO plugin. -->","yoast_head_json":{"title":"Set Tischlampe Br\u00fcniertes messing - H\u00fcbsch","description":"Wo W\u00e4rme auf dezente Eleganz trifft. Die Set Tischlampe aus geb\u00fcrstetem Messing strahlt mit unterschwelliger Eleganz, ihre hochgl\u00e4nzende Oberfl\u00e4che f\u00e4ngt","robots":{"index":"index","follow":"follow","max-snippet":"max-snippet:-1","max-image-preview":"max-image-preview:large","max-video-preview":"max-video-preview:-1"},"canonical":"https:\/\/hubsch-interior.com\/de\/wp-json\/wp\/v2\/product\/1088725","og_locale":"de_DE","og_type":"article","og_title":"Set Tischlampe Br\u00fcniertes messing - H\u00fcbsch","og_description":"Wo W\u00e4rme auf dezente Eleganz trifft. Die Set Tischlampe aus geb\u00fcrstetem Messing strahlt mit unterschwelliger Eleganz, ihre hochgl\u00e4nzende Oberfl\u00e4che f\u00e4ngt","og_url":"https:\/\/hubsch-interior.com\/de\/produkt\/set-tischlampe-bruniertes-messing\/","og_site_name":"H\u00fcbsch","article_modified_time":"2026-04-05T03:13:27+00:00","og_image":[{"width":1200,"height":1200,"url":"https:\/\/hubsch-interior.com\/wp-content\/uploads\/2026\/01\/set-table-lamp-burnished-brass-cc9ec6f4e563fa0999dcdc463e42ea87.jpg","type":"image\/jpeg"}],"twitter_card":"summary_large_image","schema":{"@context":"https:\/\/schema.org","@graph":[{"@type":"WebPage","@id":"https:\/\/hubsch-interior.com\/de\/produkt\/set-tischlampe-bruniertes-messing\/","url":"https:\/\/hubsch-interior.com\/de\/produkt\/set-tischlampe-bruniertes-messing\/","name":"Set Tischlampe Br\u00fcniertes messing - H\u00fcbsch","isPartOf":{"@id":"https:\/\/hubsch-interior.com\/de\/#website"},"primaryImageOfPage":{"@id":"https:\/\/hubsch-interior.com\/de\/produkt\/set-tischlampe-bruniertes-messing\/#primaryimage"},"image":{"@id":"https:\/\/hubsch-interior.com\/de\/produkt\/set-tischlampe-bruniertes-messing\/#primaryimage"},"thumbnailUrl":"https:\/\/hubsch-interior.com\/wp-content\/uploads\/2026\/02\/set-table-lamp-burnished-brass-23abc874feb5b79406672aefca66838a.jpg","datePublished":"2026-01-31T04:03:12+00:00","dateModified":"2026-04-05T03:13:27+00:00","description":"Wo W\u00e4rme auf dezente Eleganz trifft. Die Set Tischlampe aus geb\u00fcrstetem Messing strahlt mit unterschwelliger Eleganz, ihre hochgl\u00e4nzende Oberfl\u00e4che f\u00e4ngt","breadcrumb":{"@id":"https:\/\/hubsch-interior.com\/de\/produkt\/set-tischlampe-bruniertes-messing\/#breadcrumb"},"inLanguage":"de","potentialAction":[{"@type":"ReadAction","target":["https:\/\/hubsch-interior.com\/de\/produkt\/set-tischlampe-bruniertes-messing\/"]}]},{"@type":"ImageObject","inLanguage":"de","@id":"https:\/\/hubsch-interior.com\/de\/produkt\/set-tischlampe-bruniertes-messing\/#primaryimage","url":"https:\/\/hubsch-interior.com\/wp-content\/uploads\/2026\/02\/set-table-lamp-burnished-brass-23abc874feb5b79406672aefca66838a.jpg","contentUrl":"https:\/\/hubsch-interior.com\/wp-content\/uploads\/2026\/02\/set-table-lamp-burnished-brass-23abc874feb5b79406672aefca66838a.jpg","width":1024,"height":1024},{"@type":"BreadcrumbList","@id":"https:\/\/hubsch-interior.com\/de\/produkt\/set-tischlampe-bruniertes-messing\/#breadcrumb","itemListElement":[{"@type":"ListItem","position":1,"name":"Startseite","item":"https:\/\/hubsch-interior.com\/de\/"},{"@type":"ListItem","position":2,"name":"Produkte","item":"https:\/\/hubsch-interior.com\/de\/shop-2\/"},{"@type":"ListItem","position":3,"name":"Set Tischlampe Br\u00fcniertes messing"}]},{"@type":"WebSite","@id":"https:\/\/hubsch-interior.com\/de\/#website","url":"https:\/\/hubsch-interior.com\/de\/","name":"H\u00fcbsch","description":"Danish Home Interior and Design","publisher":{"@id":"https:\/\/hubsch-interior.com\/de\/#organization"},"potentialAction":[{"@type":"SearchAction","target":{"@type":"EntryPoint","urlTemplate":"https:\/\/hubsch-interior.com\/de\/?s={search_term_string}"},"query-input":{"@type":"PropertyValueSpecification","valueRequired":true,"valueName":"search_term_string"}}],"inLanguage":"de"},{"@type":"Organization","@id":"https:\/\/hubsch-interior.com\/de\/#organization","name":"H\u00fcbsch","url":"https:\/\/hubsch-interior.com\/de\/","logo":{"@type":"ImageObject","inLanguage":"de","@id":"https:\/\/hubsch-interior.com\/de\/#\/schema\/logo\/image\/","url":"https:\/\/hubsch-interior.com\/wp-content\/uploads\/2022\/12\/Hubsch_logo_black_one_line.svg","contentUrl":"https:\/\/hubsch-interior.com\/wp-content\/uploads\/2022\/12\/Hubsch_logo_black_one_line.svg","caption":"H\u00fcbsch"},"image":{"@id":"https:\/\/hubsch-interior.com\/de\/#\/schema\/logo\/image\/"}}]}},"_links":{"self":[{"href":"https:\/\/hubsch-interior.com\/de\/wp-json\/wp\/v2\/product\/1088725","targetHints":{"allow":["GET"]}}],"collection":[{"href":"https:\/\/hubsch-interior.com\/de\/wp-json\/wp\/v2\/product"}],"about":[{"href":"https:\/\/hubsch-interior.com\/de\/wp-json\/wp\/v2\/types\/product"}],"wp:featuredmedia":[{"embeddable":true,"href":"https:\/\/hubsch-interior.com\/de\/wp-json\/wp\/v2\/media\/1108432"}],"wp:attachment":[{"href":"https:\/\/hubsch-interior.com\/de\/wp-json\/wp\/v2\/media?parent=1088725"}],"wp:term":[{"taxonomy":"product_brand","embeddable":true,"href":"https:\/\/hubsch-interior.com\/de\/wp-json\/wp\/v2\/product_brand?post=1088725"},{"taxonomy":"product_cat","embeddable":true,"href":"https:\/\/hubsch-interior.com\/de\/wp-json\/wp\/v2\/product_cat?post=1088725"},{"taxonomy":"product_tag","embeddable":true,"href":"https:\/\/hubsch-interior.com\/de\/wp-json\/wp\/v2\/product_tag?post=1088725"}],"curies":[{"name":"wp","href":"https:\/\/api.w.org\/{rel}","templated":true}]}}