{"id":1088741,"date":"2026-01-31T05:03:25","date_gmt":"2026-01-31T04:03:25","guid":{"rendered":"https:\/\/hubsch-interior.com\/product\/product\/"},"modified":"2026-04-05T05:13:33","modified_gmt":"2026-04-05T03:13:33","slug":"talk-wandlampe-blau","status":"publish","type":"product","link":"https:\/\/hubsch-interior.com\/de\/produkt\/talk-wandlampe-blau\/","title":{"rendered":"Talk Wandlampe Blau"},"content":{"rendered":"<p>Sagen Sie Hallo zu einem Licht mit Pers\u00f6nlichkeit. Die Talk Wandlampe in fr\u00f6hlichem Blau bringt einen spielerischen Funken in Ihren Raum. Ihre an ein Mikrofon erinnernde Silhouette verleiht modernen Interieurs einen Hauch von Retro-Charme. Ein sanfter Basiston trifft auf ein subtiles Akzentdetail, was sie leicht kombinierbar macht \u2013 egal, ob auf einem Regal platziert, auf einem Beistelltisch oder an der Wand montiert. Ob sie eine ruhige Leseecke erhellt oder Charakter im Flur hinzuf\u00fcgt, diese Lampe bringt mehr als nur Licht \u2013 sie bringt ein L\u00e4cheln.<br \/>\nF\u00fcr diese Lampe verwenden Sie bitte eine dimmbare LED-Gl\u00fchbirne.<\/p>\n","protected":false},"excerpt":{"rendered":"<p>Sagen Sie Hallo zu einem Licht mit Pers\u00f6nlichkeit. Die Talk Wandlampe in fr\u00f6hlichem Blau bringt einen spielerischen Funken in Ihren Raum. Ihre an ein Mikrofon erinnernde Silhouette verleiht modernen Interieurs einen Hauch von Retro-Charme. Ein sanfter Basiston trifft auf ein subtiles Akzentdetail, was sie leicht kombinierbar macht \u2013 egal, ob auf einem Regal platziert, auf [&hellip;]<\/p>\n","protected":false},"featured_media":1108448,"template":"","meta":{"_acf_changed":false,"inline_featured_image":false},"product_brand":[],"product_cat":[7155,6963,3809,3501,3409,5047],"product_tag":[],"class_list":{"0":"post-1088741","1":"product","2":"type-product","3":"status-publish","4":"has-post-thumbnail","6":"product_cat-dweller-de","7":"product_cat-tragbare-lampen-de","8":"product_cat-beleuchtung","9":"product_cat-tischlampen-de","10":"product_cat-wandlampen-de","11":"product_cat-neuheiten-de","12":"product_shipping_class-pk","14":"pa_color-blau-2","15":"pa_material-eisen-de","16":"pa_material-glas-de","18":"first","19":"instock","20":"taxable","21":"shipping-taxable","22":"purchasable","23":"product-type-simple"},"exclude_global_add_ons":[],"addons":[],"acf":[],"yoast_head":"<!-- This site is optimized with the Yoast SEO plugin v26.4 - https:\/\/yoast.com\/wordpress\/plugins\/seo\/ -->\n<title>Talk Wandlampe Blau - H\u00fcbsch<\/title>\n<meta name=\"description\" content=\"Sagen Sie Hallo zu einem Licht mit Pers\u00f6nlichkeit. Die Talk Wandlampe in fr\u00f6hlichem Blau bringt einen spielerischen Funken in Ihren Raum. Ihre an ein\" \/>\n<meta name=\"robots\" content=\"index, follow, max-snippet:-1, max-image-preview:large, max-video-preview:-1\" \/>\n<link rel=\"canonical\" href=\"https:\/\/hubsch-interior.com\/de\/wp-json\/wp\/v2\/product\/1088741\" \/>\n<meta property=\"og:locale\" content=\"de_DE\" \/>\n<meta property=\"og:type\" content=\"article\" \/>\n<meta property=\"og:title\" content=\"Talk Wandlampe Blau - H\u00fcbsch\" \/>\n<meta property=\"og:description\" content=\"Sagen Sie Hallo zu einem Licht mit Pers\u00f6nlichkeit. Die Talk Wandlampe in fr\u00f6hlichem Blau bringt einen spielerischen Funken in Ihren Raum. Ihre an ein\" \/>\n<meta property=\"og:url\" content=\"https:\/\/hubsch-interior.com\/de\/produkt\/talk-wandlampe-blau\/\" \/>\n<meta property=\"og:site_name\" content=\"H\u00fcbsch\" \/>\n<meta property=\"article:modified_time\" content=\"2026-04-05T03:13:33+00:00\" \/>\n<meta property=\"og:image\" content=\"https:\/\/hubsch-interior.com\/wp-content\/uploads\/2026\/01\/talk-wall-lamp-blue-163fa766a088bdca725497f19f117998.jpg\" \/>\n\t<meta property=\"og:image:width\" content=\"1200\" \/>\n\t<meta property=\"og:image:height\" content=\"1200\" \/>\n\t<meta property=\"og:image:type\" content=\"image\/jpeg\" \/>\n<meta name=\"twitter:card\" content=\"summary_large_image\" \/>\n<script type=\"application\/ld+json\" class=\"yoast-schema-graph\">{\"@context\":\"https:\/\/schema.org\",\"@graph\":[{\"@type\":\"WebPage\",\"@id\":\"https:\/\/hubsch-interior.com\/de\/produkt\/talk-wandlampe-blau\/\",\"url\":\"https:\/\/hubsch-interior.com\/de\/produkt\/talk-wandlampe-blau\/\",\"name\":\"Talk Wandlampe Blau - H\u00fcbsch\",\"isPartOf\":{\"@id\":\"https:\/\/hubsch-interior.com\/de\/#website\"},\"primaryImageOfPage\":{\"@id\":\"https:\/\/hubsch-interior.com\/de\/produkt\/talk-wandlampe-blau\/#primaryimage\"},\"image\":{\"@id\":\"https:\/\/hubsch-interior.com\/de\/produkt\/talk-wandlampe-blau\/#primaryimage\"},\"thumbnailUrl\":\"https:\/\/hubsch-interior.com\/wp-content\/uploads\/2026\/02\/talk-wall-lamp-blue-3ec03bfbcedd1a770663b9cc0d009004.jpg\",\"datePublished\":\"2026-01-31T04:03:25+00:00\",\"dateModified\":\"2026-04-05T03:13:33+00:00\",\"description\":\"Sagen Sie Hallo zu einem Licht mit Pers\u00f6nlichkeit. Die Talk Wandlampe in fr\u00f6hlichem Blau bringt einen spielerischen Funken in Ihren Raum. Ihre an ein\",\"breadcrumb\":{\"@id\":\"https:\/\/hubsch-interior.com\/de\/produkt\/talk-wandlampe-blau\/#breadcrumb\"},\"inLanguage\":\"de\",\"potentialAction\":[{\"@type\":\"ReadAction\",\"target\":[\"https:\/\/hubsch-interior.com\/de\/produkt\/talk-wandlampe-blau\/\"]}]},{\"@type\":\"ImageObject\",\"inLanguage\":\"de\",\"@id\":\"https:\/\/hubsch-interior.com\/de\/produkt\/talk-wandlampe-blau\/#primaryimage\",\"url\":\"https:\/\/hubsch-interior.com\/wp-content\/uploads\/2026\/02\/talk-wall-lamp-blue-3ec03bfbcedd1a770663b9cc0d009004.jpg\",\"contentUrl\":\"https:\/\/hubsch-interior.com\/wp-content\/uploads\/2026\/02\/talk-wall-lamp-blue-3ec03bfbcedd1a770663b9cc0d009004.jpg\",\"width\":1024,\"height\":1024},{\"@type\":\"BreadcrumbList\",\"@id\":\"https:\/\/hubsch-interior.com\/de\/produkt\/talk-wandlampe-blau\/#breadcrumb\",\"itemListElement\":[{\"@type\":\"ListItem\",\"position\":1,\"name\":\"Startseite\",\"item\":\"https:\/\/hubsch-interior.com\/de\/\"},{\"@type\":\"ListItem\",\"position\":2,\"name\":\"Produkte\",\"item\":\"https:\/\/hubsch-interior.com\/de\/shop-2\/\"},{\"@type\":\"ListItem\",\"position\":3,\"name\":\"Talk Wandlampe Blau\"}]},{\"@type\":\"WebSite\",\"@id\":\"https:\/\/hubsch-interior.com\/de\/#website\",\"url\":\"https:\/\/hubsch-interior.com\/de\/\",\"name\":\"H\u00fcbsch\",\"description\":\"Danish Home Interior and Design\",\"publisher\":{\"@id\":\"https:\/\/hubsch-interior.com\/de\/#organization\"},\"potentialAction\":[{\"@type\":\"SearchAction\",\"target\":{\"@type\":\"EntryPoint\",\"urlTemplate\":\"https:\/\/hubsch-interior.com\/de\/?s={search_term_string}\"},\"query-input\":{\"@type\":\"PropertyValueSpecification\",\"valueRequired\":true,\"valueName\":\"search_term_string\"}}],\"inLanguage\":\"de\"},{\"@type\":\"Organization\",\"@id\":\"https:\/\/hubsch-interior.com\/de\/#organization\",\"name\":\"H\u00fcbsch\",\"url\":\"https:\/\/hubsch-interior.com\/de\/\",\"logo\":{\"@type\":\"ImageObject\",\"inLanguage\":\"de\",\"@id\":\"https:\/\/hubsch-interior.com\/de\/#\/schema\/logo\/image\/\",\"url\":\"https:\/\/hubsch-interior.com\/wp-content\/uploads\/2022\/12\/Hubsch_logo_black_one_line.svg\",\"contentUrl\":\"https:\/\/hubsch-interior.com\/wp-content\/uploads\/2022\/12\/Hubsch_logo_black_one_line.svg\",\"caption\":\"H\u00fcbsch\"},\"image\":{\"@id\":\"https:\/\/hubsch-interior.com\/de\/#\/schema\/logo\/image\/\"}}]}<\/script>\n<!-- \/ Yoast SEO plugin. -->","yoast_head_json":{"title":"Talk Wandlampe Blau - H\u00fcbsch","description":"Sagen Sie Hallo zu einem Licht mit Pers\u00f6nlichkeit. Die Talk Wandlampe in fr\u00f6hlichem Blau bringt einen spielerischen Funken in Ihren Raum. Ihre an ein","robots":{"index":"index","follow":"follow","max-snippet":"max-snippet:-1","max-image-preview":"max-image-preview:large","max-video-preview":"max-video-preview:-1"},"canonical":"https:\/\/hubsch-interior.com\/de\/wp-json\/wp\/v2\/product\/1088741","og_locale":"de_DE","og_type":"article","og_title":"Talk Wandlampe Blau - H\u00fcbsch","og_description":"Sagen Sie Hallo zu einem Licht mit Pers\u00f6nlichkeit. Die Talk Wandlampe in fr\u00f6hlichem Blau bringt einen spielerischen Funken in Ihren Raum. Ihre an ein","og_url":"https:\/\/hubsch-interior.com\/de\/produkt\/talk-wandlampe-blau\/","og_site_name":"H\u00fcbsch","article_modified_time":"2026-04-05T03:13:33+00:00","og_image":[{"width":1200,"height":1200,"url":"https:\/\/hubsch-interior.com\/wp-content\/uploads\/2026\/01\/talk-wall-lamp-blue-163fa766a088bdca725497f19f117998.jpg","type":"image\/jpeg"}],"twitter_card":"summary_large_image","schema":{"@context":"https:\/\/schema.org","@graph":[{"@type":"WebPage","@id":"https:\/\/hubsch-interior.com\/de\/produkt\/talk-wandlampe-blau\/","url":"https:\/\/hubsch-interior.com\/de\/produkt\/talk-wandlampe-blau\/","name":"Talk Wandlampe Blau - H\u00fcbsch","isPartOf":{"@id":"https:\/\/hubsch-interior.com\/de\/#website"},"primaryImageOfPage":{"@id":"https:\/\/hubsch-interior.com\/de\/produkt\/talk-wandlampe-blau\/#primaryimage"},"image":{"@id":"https:\/\/hubsch-interior.com\/de\/produkt\/talk-wandlampe-blau\/#primaryimage"},"thumbnailUrl":"https:\/\/hubsch-interior.com\/wp-content\/uploads\/2026\/02\/talk-wall-lamp-blue-3ec03bfbcedd1a770663b9cc0d009004.jpg","datePublished":"2026-01-31T04:03:25+00:00","dateModified":"2026-04-05T03:13:33+00:00","description":"Sagen Sie Hallo zu einem Licht mit Pers\u00f6nlichkeit. Die Talk Wandlampe in fr\u00f6hlichem Blau bringt einen spielerischen Funken in Ihren Raum. Ihre an ein","breadcrumb":{"@id":"https:\/\/hubsch-interior.com\/de\/produkt\/talk-wandlampe-blau\/#breadcrumb"},"inLanguage":"de","potentialAction":[{"@type":"ReadAction","target":["https:\/\/hubsch-interior.com\/de\/produkt\/talk-wandlampe-blau\/"]}]},{"@type":"ImageObject","inLanguage":"de","@id":"https:\/\/hubsch-interior.com\/de\/produkt\/talk-wandlampe-blau\/#primaryimage","url":"https:\/\/hubsch-interior.com\/wp-content\/uploads\/2026\/02\/talk-wall-lamp-blue-3ec03bfbcedd1a770663b9cc0d009004.jpg","contentUrl":"https:\/\/hubsch-interior.com\/wp-content\/uploads\/2026\/02\/talk-wall-lamp-blue-3ec03bfbcedd1a770663b9cc0d009004.jpg","width":1024,"height":1024},{"@type":"BreadcrumbList","@id":"https:\/\/hubsch-interior.com\/de\/produkt\/talk-wandlampe-blau\/#breadcrumb","itemListElement":[{"@type":"ListItem","position":1,"name":"Startseite","item":"https:\/\/hubsch-interior.com\/de\/"},{"@type":"ListItem","position":2,"name":"Produkte","item":"https:\/\/hubsch-interior.com\/de\/shop-2\/"},{"@type":"ListItem","position":3,"name":"Talk Wandlampe Blau"}]},{"@type":"WebSite","@id":"https:\/\/hubsch-interior.com\/de\/#website","url":"https:\/\/hubsch-interior.com\/de\/","name":"H\u00fcbsch","description":"Danish Home Interior and Design","publisher":{"@id":"https:\/\/hubsch-interior.com\/de\/#organization"},"potentialAction":[{"@type":"SearchAction","target":{"@type":"EntryPoint","urlTemplate":"https:\/\/hubsch-interior.com\/de\/?s={search_term_string}"},"query-input":{"@type":"PropertyValueSpecification","valueRequired":true,"valueName":"search_term_string"}}],"inLanguage":"de"},{"@type":"Organization","@id":"https:\/\/hubsch-interior.com\/de\/#organization","name":"H\u00fcbsch","url":"https:\/\/hubsch-interior.com\/de\/","logo":{"@type":"ImageObject","inLanguage":"de","@id":"https:\/\/hubsch-interior.com\/de\/#\/schema\/logo\/image\/","url":"https:\/\/hubsch-interior.com\/wp-content\/uploads\/2022\/12\/Hubsch_logo_black_one_line.svg","contentUrl":"https:\/\/hubsch-interior.com\/wp-content\/uploads\/2022\/12\/Hubsch_logo_black_one_line.svg","caption":"H\u00fcbsch"},"image":{"@id":"https:\/\/hubsch-interior.com\/de\/#\/schema\/logo\/image\/"}}]}},"_links":{"self":[{"href":"https:\/\/hubsch-interior.com\/de\/wp-json\/wp\/v2\/product\/1088741","targetHints":{"allow":["GET"]}}],"collection":[{"href":"https:\/\/hubsch-interior.com\/de\/wp-json\/wp\/v2\/product"}],"about":[{"href":"https:\/\/hubsch-interior.com\/de\/wp-json\/wp\/v2\/types\/product"}],"wp:featuredmedia":[{"embeddable":true,"href":"https:\/\/hubsch-interior.com\/de\/wp-json\/wp\/v2\/media\/1108448"}],"wp:attachment":[{"href":"https:\/\/hubsch-interior.com\/de\/wp-json\/wp\/v2\/media?parent=1088741"}],"wp:term":[{"taxonomy":"product_brand","embeddable":true,"href":"https:\/\/hubsch-interior.com\/de\/wp-json\/wp\/v2\/product_brand?post=1088741"},{"taxonomy":"product_cat","embeddable":true,"href":"https:\/\/hubsch-interior.com\/de\/wp-json\/wp\/v2\/product_cat?post=1088741"},{"taxonomy":"product_tag","embeddable":true,"href":"https:\/\/hubsch-interior.com\/de\/wp-json\/wp\/v2\/product_tag?post=1088741"}],"curies":[{"name":"wp","href":"https:\/\/api.w.org\/{rel}","templated":true}]}}