{"id":1088761,"date":"2026-01-31T05:03:39","date_gmt":"2026-01-31T04:03:39","guid":{"rendered":"https:\/\/hubsch-interior.com\/product\/product\/"},"modified":"2026-04-05T05:13:39","modified_gmt":"2026-04-05T03:13:39","slug":"talk-wandlampe-hellgrau","status":"publish","type":"product","link":"https:\/\/hubsch-interior.com\/de\/produkt\/talk-wandlampe-hellgrau\/","title":{"rendered":"Talk Wandlampe Hellgrau"},"content":{"rendered":"<p>Licht, das sanft und stilvoll spricht. Die Talk Wandlampe in Hellgrau verleiht Ihrem Raum eine spielerische Eleganz. Ihre von einem Mikrofon inspirierte Form f\u00fcgt jedem Zimmer ein subtiles Augenzwinkern hinzu. Der sanfte, neutrale Ton ist mit genau der richtigen Menge an Details kombiniert, was sie leicht platzierbar macht \u2014 auf einem Regal, einem Beistelltisch oder an der Wand montiert. Mit ihrem warmen, ambienten Leuchten ist sie perfekt, um zu entspannen oder Gespr\u00e4che anzuregen. Eine kleine Lampe mit gro\u00dfer Pers\u00f6nlichkeit \u2014 bereit, Ihre Welt auf Ihre Weise zu erleuchten.<br \/>\nF\u00fcr diese Lampe verwenden Sie bitte eine dimmbare LED-Gl\u00fchbirne.<\/p>\n","protected":false},"excerpt":{"rendered":"<p>Licht, das sanft und stilvoll spricht. Die Talk Wandlampe in Hellgrau verleiht Ihrem Raum eine spielerische Eleganz. Ihre von einem Mikrofon inspirierte Form f\u00fcgt jedem Zimmer ein subtiles Augenzwinkern hinzu. Der sanfte, neutrale Ton ist mit genau der richtigen Menge an Details kombiniert, was sie leicht platzierbar macht \u2014 auf einem Regal, einem Beistelltisch oder [&hellip;]<\/p>\n","protected":false},"featured_media":1108460,"template":"","meta":{"_acf_changed":false,"inline_featured_image":false},"product_brand":[],"product_cat":[7155,6963,3809,3501,3409,5027,5047],"product_tag":[],"class_list":{"0":"post-1088761","1":"product","2":"type-product","3":"status-publish","4":"has-post-thumbnail","6":"product_cat-dweller-de","7":"product_cat-tragbare-lampen-de","8":"product_cat-beleuchtung","9":"product_cat-tischlampen-de","10":"product_cat-wandlampen-de","11":"product_cat-bestsellers-de","12":"product_cat-neuheiten-de","13":"product_shipping_class-pk","15":"pa_color-hellgrau-2","16":"pa_material-eisen-de","17":"pa_material-glas-de","19":"first","20":"instock","21":"featured","22":"taxable","23":"shipping-taxable","24":"purchasable","25":"product-type-simple"},"exclude_global_add_ons":[],"addons":[],"acf":[],"yoast_head":"<!-- This site is optimized with the Yoast SEO plugin v26.4 - https:\/\/yoast.com\/wordpress\/plugins\/seo\/ -->\n<title>Talk Wandlampe Hellgrau - H\u00fcbsch<\/title>\n<meta name=\"description\" content=\"Licht, das sanft und stilvoll spricht. Die Talk Wandlampe in Hellgrau verleiht Ihrem Raum eine spielerische Eleganz. Ihre von einem Mikrofon inspirierte\" \/>\n<meta name=\"robots\" content=\"index, follow, max-snippet:-1, max-image-preview:large, max-video-preview:-1\" \/>\n<link rel=\"canonical\" href=\"https:\/\/hubsch-interior.com\/de\/wp-json\/wp\/v2\/product\/1088761\" \/>\n<meta property=\"og:locale\" content=\"de_DE\" \/>\n<meta property=\"og:type\" content=\"article\" \/>\n<meta property=\"og:title\" content=\"Talk Wandlampe Hellgrau - H\u00fcbsch\" \/>\n<meta property=\"og:description\" content=\"Licht, das sanft und stilvoll spricht. Die Talk Wandlampe in Hellgrau verleiht Ihrem Raum eine spielerische Eleganz. Ihre von einem Mikrofon inspirierte\" \/>\n<meta property=\"og:url\" content=\"https:\/\/hubsch-interior.com\/de\/produkt\/talk-wandlampe-hellgrau\/\" \/>\n<meta property=\"og:site_name\" content=\"H\u00fcbsch\" \/>\n<meta property=\"article:modified_time\" content=\"2026-04-05T03:13:39+00:00\" \/>\n<meta property=\"og:image\" content=\"https:\/\/hubsch-interior.com\/wp-content\/uploads\/2026\/01\/talk-wall-lamp-light-grey-34f6d5818eb35bfe0de75ad99ebdc99f.jpg\" \/>\n\t<meta property=\"og:image:width\" content=\"1200\" \/>\n\t<meta property=\"og:image:height\" content=\"1200\" \/>\n\t<meta property=\"og:image:type\" content=\"image\/jpeg\" \/>\n<meta name=\"twitter:card\" content=\"summary_large_image\" \/>\n<meta name=\"twitter:label1\" content=\"Gesch\u00e4tzte Lesezeit\" \/>\n\t<meta name=\"twitter:data1\" content=\"1\u00a0Minute\" \/>\n<script type=\"application\/ld+json\" class=\"yoast-schema-graph\">{\"@context\":\"https:\/\/schema.org\",\"@graph\":[{\"@type\":\"WebPage\",\"@id\":\"https:\/\/hubsch-interior.com\/de\/produkt\/talk-wandlampe-hellgrau\/\",\"url\":\"https:\/\/hubsch-interior.com\/de\/produkt\/talk-wandlampe-hellgrau\/\",\"name\":\"Talk Wandlampe Hellgrau - H\u00fcbsch\",\"isPartOf\":{\"@id\":\"https:\/\/hubsch-interior.com\/de\/#website\"},\"primaryImageOfPage\":{\"@id\":\"https:\/\/hubsch-interior.com\/de\/produkt\/talk-wandlampe-hellgrau\/#primaryimage\"},\"image\":{\"@id\":\"https:\/\/hubsch-interior.com\/de\/produkt\/talk-wandlampe-hellgrau\/#primaryimage\"},\"thumbnailUrl\":\"https:\/\/hubsch-interior.com\/wp-content\/uploads\/2026\/02\/talk-wall-lamp-light-grey-d94dc131996141de9311dcba7dab1730.jpg\",\"datePublished\":\"2026-01-31T04:03:39+00:00\",\"dateModified\":\"2026-04-05T03:13:39+00:00\",\"description\":\"Licht, das sanft und stilvoll spricht. Die Talk Wandlampe in Hellgrau verleiht Ihrem Raum eine spielerische Eleganz. Ihre von einem Mikrofon inspirierte\",\"breadcrumb\":{\"@id\":\"https:\/\/hubsch-interior.com\/de\/produkt\/talk-wandlampe-hellgrau\/#breadcrumb\"},\"inLanguage\":\"de\",\"potentialAction\":[{\"@type\":\"ReadAction\",\"target\":[\"https:\/\/hubsch-interior.com\/de\/produkt\/talk-wandlampe-hellgrau\/\"]}]},{\"@type\":\"ImageObject\",\"inLanguage\":\"de\",\"@id\":\"https:\/\/hubsch-interior.com\/de\/produkt\/talk-wandlampe-hellgrau\/#primaryimage\",\"url\":\"https:\/\/hubsch-interior.com\/wp-content\/uploads\/2026\/02\/talk-wall-lamp-light-grey-d94dc131996141de9311dcba7dab1730.jpg\",\"contentUrl\":\"https:\/\/hubsch-interior.com\/wp-content\/uploads\/2026\/02\/talk-wall-lamp-light-grey-d94dc131996141de9311dcba7dab1730.jpg\",\"width\":1024,\"height\":1024},{\"@type\":\"BreadcrumbList\",\"@id\":\"https:\/\/hubsch-interior.com\/de\/produkt\/talk-wandlampe-hellgrau\/#breadcrumb\",\"itemListElement\":[{\"@type\":\"ListItem\",\"position\":1,\"name\":\"Startseite\",\"item\":\"https:\/\/hubsch-interior.com\/de\/\"},{\"@type\":\"ListItem\",\"position\":2,\"name\":\"Produkte\",\"item\":\"https:\/\/hubsch-interior.com\/de\/shop-2\/\"},{\"@type\":\"ListItem\",\"position\":3,\"name\":\"Talk Wandlampe Hellgrau\"}]},{\"@type\":\"WebSite\",\"@id\":\"https:\/\/hubsch-interior.com\/de\/#website\",\"url\":\"https:\/\/hubsch-interior.com\/de\/\",\"name\":\"H\u00fcbsch\",\"description\":\"Danish Home Interior and Design\",\"publisher\":{\"@id\":\"https:\/\/hubsch-interior.com\/de\/#organization\"},\"potentialAction\":[{\"@type\":\"SearchAction\",\"target\":{\"@type\":\"EntryPoint\",\"urlTemplate\":\"https:\/\/hubsch-interior.com\/de\/?s={search_term_string}\"},\"query-input\":{\"@type\":\"PropertyValueSpecification\",\"valueRequired\":true,\"valueName\":\"search_term_string\"}}],\"inLanguage\":\"de\"},{\"@type\":\"Organization\",\"@id\":\"https:\/\/hubsch-interior.com\/de\/#organization\",\"name\":\"H\u00fcbsch\",\"url\":\"https:\/\/hubsch-interior.com\/de\/\",\"logo\":{\"@type\":\"ImageObject\",\"inLanguage\":\"de\",\"@id\":\"https:\/\/hubsch-interior.com\/de\/#\/schema\/logo\/image\/\",\"url\":\"https:\/\/hubsch-interior.com\/wp-content\/uploads\/2022\/12\/Hubsch_logo_black_one_line.svg\",\"contentUrl\":\"https:\/\/hubsch-interior.com\/wp-content\/uploads\/2022\/12\/Hubsch_logo_black_one_line.svg\",\"caption\":\"H\u00fcbsch\"},\"image\":{\"@id\":\"https:\/\/hubsch-interior.com\/de\/#\/schema\/logo\/image\/\"}}]}<\/script>\n<!-- \/ Yoast SEO plugin. -->","yoast_head_json":{"title":"Talk Wandlampe Hellgrau - H\u00fcbsch","description":"Licht, das sanft und stilvoll spricht. Die Talk Wandlampe in Hellgrau verleiht Ihrem Raum eine spielerische Eleganz. Ihre von einem Mikrofon inspirierte","robots":{"index":"index","follow":"follow","max-snippet":"max-snippet:-1","max-image-preview":"max-image-preview:large","max-video-preview":"max-video-preview:-1"},"canonical":"https:\/\/hubsch-interior.com\/de\/wp-json\/wp\/v2\/product\/1088761","og_locale":"de_DE","og_type":"article","og_title":"Talk Wandlampe Hellgrau - H\u00fcbsch","og_description":"Licht, das sanft und stilvoll spricht. Die Talk Wandlampe in Hellgrau verleiht Ihrem Raum eine spielerische Eleganz. Ihre von einem Mikrofon inspirierte","og_url":"https:\/\/hubsch-interior.com\/de\/produkt\/talk-wandlampe-hellgrau\/","og_site_name":"H\u00fcbsch","article_modified_time":"2026-04-05T03:13:39+00:00","og_image":[{"width":1200,"height":1200,"url":"https:\/\/hubsch-interior.com\/wp-content\/uploads\/2026\/01\/talk-wall-lamp-light-grey-34f6d5818eb35bfe0de75ad99ebdc99f.jpg","type":"image\/jpeg"}],"twitter_card":"summary_large_image","twitter_misc":{"Gesch\u00e4tzte Lesezeit":"1\u00a0Minute"},"schema":{"@context":"https:\/\/schema.org","@graph":[{"@type":"WebPage","@id":"https:\/\/hubsch-interior.com\/de\/produkt\/talk-wandlampe-hellgrau\/","url":"https:\/\/hubsch-interior.com\/de\/produkt\/talk-wandlampe-hellgrau\/","name":"Talk Wandlampe Hellgrau - H\u00fcbsch","isPartOf":{"@id":"https:\/\/hubsch-interior.com\/de\/#website"},"primaryImageOfPage":{"@id":"https:\/\/hubsch-interior.com\/de\/produkt\/talk-wandlampe-hellgrau\/#primaryimage"},"image":{"@id":"https:\/\/hubsch-interior.com\/de\/produkt\/talk-wandlampe-hellgrau\/#primaryimage"},"thumbnailUrl":"https:\/\/hubsch-interior.com\/wp-content\/uploads\/2026\/02\/talk-wall-lamp-light-grey-d94dc131996141de9311dcba7dab1730.jpg","datePublished":"2026-01-31T04:03:39+00:00","dateModified":"2026-04-05T03:13:39+00:00","description":"Licht, das sanft und stilvoll spricht. Die Talk Wandlampe in Hellgrau verleiht Ihrem Raum eine spielerische Eleganz. Ihre von einem Mikrofon inspirierte","breadcrumb":{"@id":"https:\/\/hubsch-interior.com\/de\/produkt\/talk-wandlampe-hellgrau\/#breadcrumb"},"inLanguage":"de","potentialAction":[{"@type":"ReadAction","target":["https:\/\/hubsch-interior.com\/de\/produkt\/talk-wandlampe-hellgrau\/"]}]},{"@type":"ImageObject","inLanguage":"de","@id":"https:\/\/hubsch-interior.com\/de\/produkt\/talk-wandlampe-hellgrau\/#primaryimage","url":"https:\/\/hubsch-interior.com\/wp-content\/uploads\/2026\/02\/talk-wall-lamp-light-grey-d94dc131996141de9311dcba7dab1730.jpg","contentUrl":"https:\/\/hubsch-interior.com\/wp-content\/uploads\/2026\/02\/talk-wall-lamp-light-grey-d94dc131996141de9311dcba7dab1730.jpg","width":1024,"height":1024},{"@type":"BreadcrumbList","@id":"https:\/\/hubsch-interior.com\/de\/produkt\/talk-wandlampe-hellgrau\/#breadcrumb","itemListElement":[{"@type":"ListItem","position":1,"name":"Startseite","item":"https:\/\/hubsch-interior.com\/de\/"},{"@type":"ListItem","position":2,"name":"Produkte","item":"https:\/\/hubsch-interior.com\/de\/shop-2\/"},{"@type":"ListItem","position":3,"name":"Talk Wandlampe Hellgrau"}]},{"@type":"WebSite","@id":"https:\/\/hubsch-interior.com\/de\/#website","url":"https:\/\/hubsch-interior.com\/de\/","name":"H\u00fcbsch","description":"Danish Home Interior and Design","publisher":{"@id":"https:\/\/hubsch-interior.com\/de\/#organization"},"potentialAction":[{"@type":"SearchAction","target":{"@type":"EntryPoint","urlTemplate":"https:\/\/hubsch-interior.com\/de\/?s={search_term_string}"},"query-input":{"@type":"PropertyValueSpecification","valueRequired":true,"valueName":"search_term_string"}}],"inLanguage":"de"},{"@type":"Organization","@id":"https:\/\/hubsch-interior.com\/de\/#organization","name":"H\u00fcbsch","url":"https:\/\/hubsch-interior.com\/de\/","logo":{"@type":"ImageObject","inLanguage":"de","@id":"https:\/\/hubsch-interior.com\/de\/#\/schema\/logo\/image\/","url":"https:\/\/hubsch-interior.com\/wp-content\/uploads\/2022\/12\/Hubsch_logo_black_one_line.svg","contentUrl":"https:\/\/hubsch-interior.com\/wp-content\/uploads\/2022\/12\/Hubsch_logo_black_one_line.svg","caption":"H\u00fcbsch"},"image":{"@id":"https:\/\/hubsch-interior.com\/de\/#\/schema\/logo\/image\/"}}]}},"_links":{"self":[{"href":"https:\/\/hubsch-interior.com\/de\/wp-json\/wp\/v2\/product\/1088761","targetHints":{"allow":["GET"]}}],"collection":[{"href":"https:\/\/hubsch-interior.com\/de\/wp-json\/wp\/v2\/product"}],"about":[{"href":"https:\/\/hubsch-interior.com\/de\/wp-json\/wp\/v2\/types\/product"}],"wp:featuredmedia":[{"embeddable":true,"href":"https:\/\/hubsch-interior.com\/de\/wp-json\/wp\/v2\/media\/1108460"}],"wp:attachment":[{"href":"https:\/\/hubsch-interior.com\/de\/wp-json\/wp\/v2\/media?parent=1088761"}],"wp:term":[{"taxonomy":"product_brand","embeddable":true,"href":"https:\/\/hubsch-interior.com\/de\/wp-json\/wp\/v2\/product_brand?post=1088761"},{"taxonomy":"product_cat","embeddable":true,"href":"https:\/\/hubsch-interior.com\/de\/wp-json\/wp\/v2\/product_cat?post=1088761"},{"taxonomy":"product_tag","embeddable":true,"href":"https:\/\/hubsch-interior.com\/de\/wp-json\/wp\/v2\/product_tag?post=1088761"}],"curies":[{"name":"wp","href":"https:\/\/api.w.org\/{rel}","templated":true}]}}