{"id":1088773,"date":"2026-01-31T05:03:52","date_gmt":"2026-01-31T04:03:52","guid":{"rendered":"https:\/\/hubsch-interior.com\/product\/product\/"},"modified":"2026-04-05T05:13:44","modified_gmt":"2026-04-05T03:13:44","slug":"taten-tragbare-lampe-sandfarben","status":"publish","type":"product","link":"https:\/\/hubsch-interior.com\/de\/produkt\/taten-tragbare-lampe-sandfarben\/","title":{"rendered":"Taten Tragbare Lampe Sandfarben"},"content":{"rendered":"<p>Lassen Sie die Taten Tragbare Lampe in beruhigendem Sand Ihre langen Sommern\u00e4chte mit einem Hauch von Magie erleuchten. Ihre hohe, schlanke Silhouette f\u00fcgt sich wunderbar auf jedem Tisch ein und strahlt sanft, ohne den Moment zu \u00fcberladen. Ob es ein gem\u00fctliches Abendessen auf dem Balkon oder ein entspannter Sonnenuntergang alleine ist, diese kabellose Lampe bringt sanfte Eleganz, wo immer sie gebraucht wird. Verf\u00fcgbar in drei sch\u00f6nen Varianten \u2014 bereit, der Stimmung zu folgen, von Tag zu D\u00e4mmerung und wieder zur\u00fcck.<\/p>\n","protected":false},"excerpt":{"rendered":"<p>Lassen Sie die Taten Tragbare Lampe in beruhigendem Sand Ihre langen Sommern\u00e4chte mit einem Hauch von Magie erleuchten. Ihre hohe, schlanke Silhouette f\u00fcgt sich wunderbar auf jedem Tisch ein und strahlt sanft, ohne den Moment zu \u00fcberladen. Ob es ein gem\u00fctliches Abendessen auf dem Balkon oder ein entspannter Sonnenuntergang alleine ist, diese kabellose Lampe bringt [&hellip;]<\/p>\n","protected":false},"featured_media":1108476,"template":"","meta":{"_acf_changed":false,"inline_featured_image":false},"product_brand":[],"product_cat":[7155,6963,3809,3501,5047],"product_tag":[],"class_list":{"0":"post-1088773","1":"product","2":"type-product","3":"status-publish","4":"has-post-thumbnail","6":"product_cat-dweller-de","7":"product_cat-tragbare-lampen-de","8":"product_cat-beleuchtung","9":"product_cat-tischlampen-de","10":"product_cat-neuheiten-de","11":"product_shipping_class-pk","13":"pa_color-sandfarben","14":"pa_material-eisen-de","15":"pa_material-polycarbonat-2","17":"first","18":"instock","19":"taxable","20":"shipping-taxable","21":"purchasable","22":"product-type-simple"},"exclude_global_add_ons":[],"addons":[],"acf":[],"yoast_head":"<!-- This site is optimized with the Yoast SEO plugin v26.4 - https:\/\/yoast.com\/wordpress\/plugins\/seo\/ -->\n<title>Taten Tragbare Lampe Sandfarben - H\u00fcbsch<\/title>\n<meta name=\"description\" content=\"Lassen Sie die Taten Tragbare Lampe in beruhigendem Sand Ihre langen Sommern\u00e4chte mit einem Hauch von Magie erleuchten. Ihre hohe, schlanke Silhouette\" \/>\n<meta name=\"robots\" content=\"index, follow, max-snippet:-1, max-image-preview:large, max-video-preview:-1\" \/>\n<link rel=\"canonical\" href=\"https:\/\/hubsch-interior.com\/de\/wp-json\/wp\/v2\/product\/1088773\" \/>\n<meta property=\"og:locale\" content=\"de_DE\" \/>\n<meta property=\"og:type\" content=\"article\" \/>\n<meta property=\"og:title\" content=\"Taten Tragbare Lampe Sandfarben - H\u00fcbsch\" \/>\n<meta property=\"og:description\" content=\"Lassen Sie die Taten Tragbare Lampe in beruhigendem Sand Ihre langen Sommern\u00e4chte mit einem Hauch von Magie erleuchten. Ihre hohe, schlanke Silhouette\" \/>\n<meta property=\"og:url\" content=\"https:\/\/hubsch-interior.com\/de\/produkt\/taten-tragbare-lampe-sandfarben\/\" \/>\n<meta property=\"og:site_name\" content=\"H\u00fcbsch\" \/>\n<meta property=\"article:modified_time\" content=\"2026-04-05T03:13:44+00:00\" \/>\n<meta property=\"og:image\" content=\"https:\/\/hubsch-interior.com\/wp-content\/uploads\/2026\/01\/taten-portable-lamp-sand-d071314ed80d0d316e8d61ec913ef092.jpg\" \/>\n\t<meta property=\"og:image:width\" content=\"1200\" \/>\n\t<meta property=\"og:image:height\" content=\"1200\" \/>\n\t<meta property=\"og:image:type\" content=\"image\/jpeg\" \/>\n<meta name=\"twitter:card\" content=\"summary_large_image\" \/>\n<script type=\"application\/ld+json\" class=\"yoast-schema-graph\">{\"@context\":\"https:\/\/schema.org\",\"@graph\":[{\"@type\":\"WebPage\",\"@id\":\"https:\/\/hubsch-interior.com\/de\/produkt\/taten-tragbare-lampe-sandfarben\/\",\"url\":\"https:\/\/hubsch-interior.com\/de\/produkt\/taten-tragbare-lampe-sandfarben\/\",\"name\":\"Taten Tragbare Lampe Sandfarben - H\u00fcbsch\",\"isPartOf\":{\"@id\":\"https:\/\/hubsch-interior.com\/de\/#website\"},\"primaryImageOfPage\":{\"@id\":\"https:\/\/hubsch-interior.com\/de\/produkt\/taten-tragbare-lampe-sandfarben\/#primaryimage\"},\"image\":{\"@id\":\"https:\/\/hubsch-interior.com\/de\/produkt\/taten-tragbare-lampe-sandfarben\/#primaryimage\"},\"thumbnailUrl\":\"https:\/\/hubsch-interior.com\/wp-content\/uploads\/2026\/02\/taten-portable-lamp-sand-6c6d40a59faf8df408a3dac5c78e1fd5.jpg\",\"datePublished\":\"2026-01-31T04:03:52+00:00\",\"dateModified\":\"2026-04-05T03:13:44+00:00\",\"description\":\"Lassen Sie die Taten Tragbare Lampe in beruhigendem Sand Ihre langen Sommern\u00e4chte mit einem Hauch von Magie erleuchten. Ihre hohe, schlanke Silhouette\",\"breadcrumb\":{\"@id\":\"https:\/\/hubsch-interior.com\/de\/produkt\/taten-tragbare-lampe-sandfarben\/#breadcrumb\"},\"inLanguage\":\"de\",\"potentialAction\":[{\"@type\":\"ReadAction\",\"target\":[\"https:\/\/hubsch-interior.com\/de\/produkt\/taten-tragbare-lampe-sandfarben\/\"]}]},{\"@type\":\"ImageObject\",\"inLanguage\":\"de\",\"@id\":\"https:\/\/hubsch-interior.com\/de\/produkt\/taten-tragbare-lampe-sandfarben\/#primaryimage\",\"url\":\"https:\/\/hubsch-interior.com\/wp-content\/uploads\/2026\/02\/taten-portable-lamp-sand-6c6d40a59faf8df408a3dac5c78e1fd5.jpg\",\"contentUrl\":\"https:\/\/hubsch-interior.com\/wp-content\/uploads\/2026\/02\/taten-portable-lamp-sand-6c6d40a59faf8df408a3dac5c78e1fd5.jpg\",\"width\":1024,\"height\":1024},{\"@type\":\"BreadcrumbList\",\"@id\":\"https:\/\/hubsch-interior.com\/de\/produkt\/taten-tragbare-lampe-sandfarben\/#breadcrumb\",\"itemListElement\":[{\"@type\":\"ListItem\",\"position\":1,\"name\":\"Startseite\",\"item\":\"https:\/\/hubsch-interior.com\/de\/\"},{\"@type\":\"ListItem\",\"position\":2,\"name\":\"Produkte\",\"item\":\"https:\/\/hubsch-interior.com\/de\/shop-2\/\"},{\"@type\":\"ListItem\",\"position\":3,\"name\":\"Taten Tragbare Lampe Sandfarben\"}]},{\"@type\":\"WebSite\",\"@id\":\"https:\/\/hubsch-interior.com\/de\/#website\",\"url\":\"https:\/\/hubsch-interior.com\/de\/\",\"name\":\"H\u00fcbsch\",\"description\":\"Danish Home Interior and Design\",\"publisher\":{\"@id\":\"https:\/\/hubsch-interior.com\/de\/#organization\"},\"potentialAction\":[{\"@type\":\"SearchAction\",\"target\":{\"@type\":\"EntryPoint\",\"urlTemplate\":\"https:\/\/hubsch-interior.com\/de\/?s={search_term_string}\"},\"query-input\":{\"@type\":\"PropertyValueSpecification\",\"valueRequired\":true,\"valueName\":\"search_term_string\"}}],\"inLanguage\":\"de\"},{\"@type\":\"Organization\",\"@id\":\"https:\/\/hubsch-interior.com\/de\/#organization\",\"name\":\"H\u00fcbsch\",\"url\":\"https:\/\/hubsch-interior.com\/de\/\",\"logo\":{\"@type\":\"ImageObject\",\"inLanguage\":\"de\",\"@id\":\"https:\/\/hubsch-interior.com\/de\/#\/schema\/logo\/image\/\",\"url\":\"https:\/\/hubsch-interior.com\/wp-content\/uploads\/2022\/12\/Hubsch_logo_black_one_line.svg\",\"contentUrl\":\"https:\/\/hubsch-interior.com\/wp-content\/uploads\/2022\/12\/Hubsch_logo_black_one_line.svg\",\"caption\":\"H\u00fcbsch\"},\"image\":{\"@id\":\"https:\/\/hubsch-interior.com\/de\/#\/schema\/logo\/image\/\"}}]}<\/script>\n<!-- \/ Yoast SEO plugin. -->","yoast_head_json":{"title":"Taten Tragbare Lampe Sandfarben - H\u00fcbsch","description":"Lassen Sie die Taten Tragbare Lampe in beruhigendem Sand Ihre langen Sommern\u00e4chte mit einem Hauch von Magie erleuchten. Ihre hohe, schlanke Silhouette","robots":{"index":"index","follow":"follow","max-snippet":"max-snippet:-1","max-image-preview":"max-image-preview:large","max-video-preview":"max-video-preview:-1"},"canonical":"https:\/\/hubsch-interior.com\/de\/wp-json\/wp\/v2\/product\/1088773","og_locale":"de_DE","og_type":"article","og_title":"Taten Tragbare Lampe Sandfarben - H\u00fcbsch","og_description":"Lassen Sie die Taten Tragbare Lampe in beruhigendem Sand Ihre langen Sommern\u00e4chte mit einem Hauch von Magie erleuchten. Ihre hohe, schlanke Silhouette","og_url":"https:\/\/hubsch-interior.com\/de\/produkt\/taten-tragbare-lampe-sandfarben\/","og_site_name":"H\u00fcbsch","article_modified_time":"2026-04-05T03:13:44+00:00","og_image":[{"width":1200,"height":1200,"url":"https:\/\/hubsch-interior.com\/wp-content\/uploads\/2026\/01\/taten-portable-lamp-sand-d071314ed80d0d316e8d61ec913ef092.jpg","type":"image\/jpeg"}],"twitter_card":"summary_large_image","schema":{"@context":"https:\/\/schema.org","@graph":[{"@type":"WebPage","@id":"https:\/\/hubsch-interior.com\/de\/produkt\/taten-tragbare-lampe-sandfarben\/","url":"https:\/\/hubsch-interior.com\/de\/produkt\/taten-tragbare-lampe-sandfarben\/","name":"Taten Tragbare Lampe Sandfarben - H\u00fcbsch","isPartOf":{"@id":"https:\/\/hubsch-interior.com\/de\/#website"},"primaryImageOfPage":{"@id":"https:\/\/hubsch-interior.com\/de\/produkt\/taten-tragbare-lampe-sandfarben\/#primaryimage"},"image":{"@id":"https:\/\/hubsch-interior.com\/de\/produkt\/taten-tragbare-lampe-sandfarben\/#primaryimage"},"thumbnailUrl":"https:\/\/hubsch-interior.com\/wp-content\/uploads\/2026\/02\/taten-portable-lamp-sand-6c6d40a59faf8df408a3dac5c78e1fd5.jpg","datePublished":"2026-01-31T04:03:52+00:00","dateModified":"2026-04-05T03:13:44+00:00","description":"Lassen Sie die Taten Tragbare Lampe in beruhigendem Sand Ihre langen Sommern\u00e4chte mit einem Hauch von Magie erleuchten. Ihre hohe, schlanke Silhouette","breadcrumb":{"@id":"https:\/\/hubsch-interior.com\/de\/produkt\/taten-tragbare-lampe-sandfarben\/#breadcrumb"},"inLanguage":"de","potentialAction":[{"@type":"ReadAction","target":["https:\/\/hubsch-interior.com\/de\/produkt\/taten-tragbare-lampe-sandfarben\/"]}]},{"@type":"ImageObject","inLanguage":"de","@id":"https:\/\/hubsch-interior.com\/de\/produkt\/taten-tragbare-lampe-sandfarben\/#primaryimage","url":"https:\/\/hubsch-interior.com\/wp-content\/uploads\/2026\/02\/taten-portable-lamp-sand-6c6d40a59faf8df408a3dac5c78e1fd5.jpg","contentUrl":"https:\/\/hubsch-interior.com\/wp-content\/uploads\/2026\/02\/taten-portable-lamp-sand-6c6d40a59faf8df408a3dac5c78e1fd5.jpg","width":1024,"height":1024},{"@type":"BreadcrumbList","@id":"https:\/\/hubsch-interior.com\/de\/produkt\/taten-tragbare-lampe-sandfarben\/#breadcrumb","itemListElement":[{"@type":"ListItem","position":1,"name":"Startseite","item":"https:\/\/hubsch-interior.com\/de\/"},{"@type":"ListItem","position":2,"name":"Produkte","item":"https:\/\/hubsch-interior.com\/de\/shop-2\/"},{"@type":"ListItem","position":3,"name":"Taten Tragbare Lampe Sandfarben"}]},{"@type":"WebSite","@id":"https:\/\/hubsch-interior.com\/de\/#website","url":"https:\/\/hubsch-interior.com\/de\/","name":"H\u00fcbsch","description":"Danish Home Interior and Design","publisher":{"@id":"https:\/\/hubsch-interior.com\/de\/#organization"},"potentialAction":[{"@type":"SearchAction","target":{"@type":"EntryPoint","urlTemplate":"https:\/\/hubsch-interior.com\/de\/?s={search_term_string}"},"query-input":{"@type":"PropertyValueSpecification","valueRequired":true,"valueName":"search_term_string"}}],"inLanguage":"de"},{"@type":"Organization","@id":"https:\/\/hubsch-interior.com\/de\/#organization","name":"H\u00fcbsch","url":"https:\/\/hubsch-interior.com\/de\/","logo":{"@type":"ImageObject","inLanguage":"de","@id":"https:\/\/hubsch-interior.com\/de\/#\/schema\/logo\/image\/","url":"https:\/\/hubsch-interior.com\/wp-content\/uploads\/2022\/12\/Hubsch_logo_black_one_line.svg","contentUrl":"https:\/\/hubsch-interior.com\/wp-content\/uploads\/2022\/12\/Hubsch_logo_black_one_line.svg","caption":"H\u00fcbsch"},"image":{"@id":"https:\/\/hubsch-interior.com\/de\/#\/schema\/logo\/image\/"}}]}},"_links":{"self":[{"href":"https:\/\/hubsch-interior.com\/de\/wp-json\/wp\/v2\/product\/1088773","targetHints":{"allow":["GET"]}}],"collection":[{"href":"https:\/\/hubsch-interior.com\/de\/wp-json\/wp\/v2\/product"}],"about":[{"href":"https:\/\/hubsch-interior.com\/de\/wp-json\/wp\/v2\/types\/product"}],"wp:featuredmedia":[{"embeddable":true,"href":"https:\/\/hubsch-interior.com\/de\/wp-json\/wp\/v2\/media\/1108476"}],"wp:attachment":[{"href":"https:\/\/hubsch-interior.com\/de\/wp-json\/wp\/v2\/media?parent=1088773"}],"wp:term":[{"taxonomy":"product_brand","embeddable":true,"href":"https:\/\/hubsch-interior.com\/de\/wp-json\/wp\/v2\/product_brand?post=1088773"},{"taxonomy":"product_cat","embeddable":true,"href":"https:\/\/hubsch-interior.com\/de\/wp-json\/wp\/v2\/product_cat?post=1088773"},{"taxonomy":"product_tag","embeddable":true,"href":"https:\/\/hubsch-interior.com\/de\/wp-json\/wp\/v2\/product_tag?post=1088773"}],"curies":[{"name":"wp","href":"https:\/\/api.w.org\/{rel}","templated":true}]}}