{"id":1088785,"date":"2026-01-31T05:04:05","date_gmt":"2026-01-31T04:04:05","guid":{"rendered":"https:\/\/hubsch-interior.com\/product\/product\/"},"modified":"2026-04-05T05:13:48","modified_gmt":"2026-04-05T03:13:48","slug":"taten-tragbare-lampe-schwarz","status":"publish","type":"product","link":"https:\/\/hubsch-interior.com\/de\/produkt\/taten-tragbare-lampe-schwarz\/","title":{"rendered":"Taten Tragbare Lampe Schwarz"},"content":{"rendered":"<p>Lassen Sie die Sommerabende ein wenig l\u00e4nger verweilen. Die Taten Tragbare Lampe in zeitlosem Schwarz wirft ein warmes, goldenes Leuchten aus \u2013 gerade genug, um die Stimmung zu setzen, ohne die Hauptrolle zu \u00fcbernehmen. Mit ihrer schlanken Silhouette und dem minimalen Platzbedarf f\u00fcgt sie sich sauber auf Ihren Tisch und l\u00e4sst Raum f\u00fcr Gespr\u00e4che und Ruhe. Ob drinnen oder drau\u00dfen, dieses kabellose Wunder bringt sanfte Eleganz in jede Umgebung. Denn jeder sch\u00f6ne Moment verdient genau das richtige Licht.<\/p>\n","protected":false},"excerpt":{"rendered":"<p>Lassen Sie die Sommerabende ein wenig l\u00e4nger verweilen. Die Taten Tragbare Lampe in zeitlosem Schwarz wirft ein warmes, goldenes Leuchten aus \u2013 gerade genug, um die Stimmung zu setzen, ohne die Hauptrolle zu \u00fcbernehmen. Mit ihrer schlanken Silhouette und dem minimalen Platzbedarf f\u00fcgt sie sich sauber auf Ihren Tisch und l\u00e4sst Raum f\u00fcr Gespr\u00e4che und [&hellip;]<\/p>\n","protected":false},"featured_media":1108484,"template":"","meta":{"_acf_changed":false,"inline_featured_image":false},"product_brand":[],"product_cat":[7155,6963,3809,3501,5047],"product_tag":[],"class_list":{"0":"post-1088785","1":"product","2":"type-product","3":"status-publish","4":"has-post-thumbnail","6":"product_cat-dweller-de","7":"product_cat-tragbare-lampen-de","8":"product_cat-beleuchtung","9":"product_cat-tischlampen-de","10":"product_cat-neuheiten-de","11":"product_shipping_class-pk","13":"pa_color-schwarz","14":"pa_material-eisen-de","15":"pa_material-polycarbonat-2","17":"first","18":"instock","19":"taxable","20":"shipping-taxable","21":"purchasable","22":"product-type-simple"},"exclude_global_add_ons":[],"addons":[],"acf":[],"yoast_head":"<!-- This site is optimized with the Yoast SEO plugin v26.4 - https:\/\/yoast.com\/wordpress\/plugins\/seo\/ -->\n<title>Taten Tragbare Lampe Schwarz - H\u00fcbsch<\/title>\n<meta name=\"description\" content=\"Lassen Sie die Sommerabende ein wenig l\u00e4nger verweilen. Die Taten Tragbare Lampe in zeitlosem Schwarz wirft ein warmes, goldenes Leuchten aus \u2013 gerade\" \/>\n<meta name=\"robots\" content=\"index, follow, max-snippet:-1, max-image-preview:large, max-video-preview:-1\" \/>\n<link rel=\"canonical\" href=\"https:\/\/hubsch-interior.com\/de\/wp-json\/wp\/v2\/product\/1088785\" \/>\n<meta property=\"og:locale\" content=\"de_DE\" \/>\n<meta property=\"og:type\" content=\"article\" \/>\n<meta property=\"og:title\" content=\"Taten Tragbare Lampe Schwarz - H\u00fcbsch\" \/>\n<meta property=\"og:description\" content=\"Lassen Sie die Sommerabende ein wenig l\u00e4nger verweilen. Die Taten Tragbare Lampe in zeitlosem Schwarz wirft ein warmes, goldenes Leuchten aus \u2013 gerade\" \/>\n<meta property=\"og:url\" content=\"https:\/\/hubsch-interior.com\/de\/produkt\/taten-tragbare-lampe-schwarz\/\" \/>\n<meta property=\"og:site_name\" content=\"H\u00fcbsch\" \/>\n<meta property=\"article:modified_time\" content=\"2026-04-05T03:13:48+00:00\" \/>\n<meta property=\"og:image\" content=\"https:\/\/hubsch-interior.com\/wp-content\/uploads\/2026\/01\/taten-portable-lamp-black-297f694b83b1c108c1b303d7a8f78a6d.jpg\" \/>\n\t<meta property=\"og:image:width\" content=\"1200\" \/>\n\t<meta property=\"og:image:height\" content=\"1200\" \/>\n\t<meta property=\"og:image:type\" content=\"image\/jpeg\" \/>\n<meta name=\"twitter:card\" content=\"summary_large_image\" \/>\n<script type=\"application\/ld+json\" class=\"yoast-schema-graph\">{\"@context\":\"https:\/\/schema.org\",\"@graph\":[{\"@type\":\"WebPage\",\"@id\":\"https:\/\/hubsch-interior.com\/de\/produkt\/taten-tragbare-lampe-schwarz\/\",\"url\":\"https:\/\/hubsch-interior.com\/de\/produkt\/taten-tragbare-lampe-schwarz\/\",\"name\":\"Taten Tragbare Lampe Schwarz - H\u00fcbsch\",\"isPartOf\":{\"@id\":\"https:\/\/hubsch-interior.com\/de\/#website\"},\"primaryImageOfPage\":{\"@id\":\"https:\/\/hubsch-interior.com\/de\/produkt\/taten-tragbare-lampe-schwarz\/#primaryimage\"},\"image\":{\"@id\":\"https:\/\/hubsch-interior.com\/de\/produkt\/taten-tragbare-lampe-schwarz\/#primaryimage\"},\"thumbnailUrl\":\"https:\/\/hubsch-interior.com\/wp-content\/uploads\/2026\/02\/taten-portable-lamp-black-a8924f605dbc62fe67816605a176b8b0.jpg\",\"datePublished\":\"2026-01-31T04:04:05+00:00\",\"dateModified\":\"2026-04-05T03:13:48+00:00\",\"description\":\"Lassen Sie die Sommerabende ein wenig l\u00e4nger verweilen. Die Taten Tragbare Lampe in zeitlosem Schwarz wirft ein warmes, goldenes Leuchten aus \u2013 gerade\",\"breadcrumb\":{\"@id\":\"https:\/\/hubsch-interior.com\/de\/produkt\/taten-tragbare-lampe-schwarz\/#breadcrumb\"},\"inLanguage\":\"de\",\"potentialAction\":[{\"@type\":\"ReadAction\",\"target\":[\"https:\/\/hubsch-interior.com\/de\/produkt\/taten-tragbare-lampe-schwarz\/\"]}]},{\"@type\":\"ImageObject\",\"inLanguage\":\"de\",\"@id\":\"https:\/\/hubsch-interior.com\/de\/produkt\/taten-tragbare-lampe-schwarz\/#primaryimage\",\"url\":\"https:\/\/hubsch-interior.com\/wp-content\/uploads\/2026\/02\/taten-portable-lamp-black-a8924f605dbc62fe67816605a176b8b0.jpg\",\"contentUrl\":\"https:\/\/hubsch-interior.com\/wp-content\/uploads\/2026\/02\/taten-portable-lamp-black-a8924f605dbc62fe67816605a176b8b0.jpg\",\"width\":1024,\"height\":1024},{\"@type\":\"BreadcrumbList\",\"@id\":\"https:\/\/hubsch-interior.com\/de\/produkt\/taten-tragbare-lampe-schwarz\/#breadcrumb\",\"itemListElement\":[{\"@type\":\"ListItem\",\"position\":1,\"name\":\"Startseite\",\"item\":\"https:\/\/hubsch-interior.com\/de\/\"},{\"@type\":\"ListItem\",\"position\":2,\"name\":\"Produkte\",\"item\":\"https:\/\/hubsch-interior.com\/de\/shop-2\/\"},{\"@type\":\"ListItem\",\"position\":3,\"name\":\"Taten Tragbare Lampe Schwarz\"}]},{\"@type\":\"WebSite\",\"@id\":\"https:\/\/hubsch-interior.com\/de\/#website\",\"url\":\"https:\/\/hubsch-interior.com\/de\/\",\"name\":\"H\u00fcbsch\",\"description\":\"Danish Home Interior and Design\",\"publisher\":{\"@id\":\"https:\/\/hubsch-interior.com\/de\/#organization\"},\"potentialAction\":[{\"@type\":\"SearchAction\",\"target\":{\"@type\":\"EntryPoint\",\"urlTemplate\":\"https:\/\/hubsch-interior.com\/de\/?s={search_term_string}\"},\"query-input\":{\"@type\":\"PropertyValueSpecification\",\"valueRequired\":true,\"valueName\":\"search_term_string\"}}],\"inLanguage\":\"de\"},{\"@type\":\"Organization\",\"@id\":\"https:\/\/hubsch-interior.com\/de\/#organization\",\"name\":\"H\u00fcbsch\",\"url\":\"https:\/\/hubsch-interior.com\/de\/\",\"logo\":{\"@type\":\"ImageObject\",\"inLanguage\":\"de\",\"@id\":\"https:\/\/hubsch-interior.com\/de\/#\/schema\/logo\/image\/\",\"url\":\"https:\/\/hubsch-interior.com\/wp-content\/uploads\/2022\/12\/Hubsch_logo_black_one_line.svg\",\"contentUrl\":\"https:\/\/hubsch-interior.com\/wp-content\/uploads\/2022\/12\/Hubsch_logo_black_one_line.svg\",\"caption\":\"H\u00fcbsch\"},\"image\":{\"@id\":\"https:\/\/hubsch-interior.com\/de\/#\/schema\/logo\/image\/\"}}]}<\/script>\n<!-- \/ Yoast SEO plugin. -->","yoast_head_json":{"title":"Taten Tragbare Lampe Schwarz - H\u00fcbsch","description":"Lassen Sie die Sommerabende ein wenig l\u00e4nger verweilen. Die Taten Tragbare Lampe in zeitlosem Schwarz wirft ein warmes, goldenes Leuchten aus \u2013 gerade","robots":{"index":"index","follow":"follow","max-snippet":"max-snippet:-1","max-image-preview":"max-image-preview:large","max-video-preview":"max-video-preview:-1"},"canonical":"https:\/\/hubsch-interior.com\/de\/wp-json\/wp\/v2\/product\/1088785","og_locale":"de_DE","og_type":"article","og_title":"Taten Tragbare Lampe Schwarz - H\u00fcbsch","og_description":"Lassen Sie die Sommerabende ein wenig l\u00e4nger verweilen. Die Taten Tragbare Lampe in zeitlosem Schwarz wirft ein warmes, goldenes Leuchten aus \u2013 gerade","og_url":"https:\/\/hubsch-interior.com\/de\/produkt\/taten-tragbare-lampe-schwarz\/","og_site_name":"H\u00fcbsch","article_modified_time":"2026-04-05T03:13:48+00:00","og_image":[{"width":1200,"height":1200,"url":"https:\/\/hubsch-interior.com\/wp-content\/uploads\/2026\/01\/taten-portable-lamp-black-297f694b83b1c108c1b303d7a8f78a6d.jpg","type":"image\/jpeg"}],"twitter_card":"summary_large_image","schema":{"@context":"https:\/\/schema.org","@graph":[{"@type":"WebPage","@id":"https:\/\/hubsch-interior.com\/de\/produkt\/taten-tragbare-lampe-schwarz\/","url":"https:\/\/hubsch-interior.com\/de\/produkt\/taten-tragbare-lampe-schwarz\/","name":"Taten Tragbare Lampe Schwarz - H\u00fcbsch","isPartOf":{"@id":"https:\/\/hubsch-interior.com\/de\/#website"},"primaryImageOfPage":{"@id":"https:\/\/hubsch-interior.com\/de\/produkt\/taten-tragbare-lampe-schwarz\/#primaryimage"},"image":{"@id":"https:\/\/hubsch-interior.com\/de\/produkt\/taten-tragbare-lampe-schwarz\/#primaryimage"},"thumbnailUrl":"https:\/\/hubsch-interior.com\/wp-content\/uploads\/2026\/02\/taten-portable-lamp-black-a8924f605dbc62fe67816605a176b8b0.jpg","datePublished":"2026-01-31T04:04:05+00:00","dateModified":"2026-04-05T03:13:48+00:00","description":"Lassen Sie die Sommerabende ein wenig l\u00e4nger verweilen. Die Taten Tragbare Lampe in zeitlosem Schwarz wirft ein warmes, goldenes Leuchten aus \u2013 gerade","breadcrumb":{"@id":"https:\/\/hubsch-interior.com\/de\/produkt\/taten-tragbare-lampe-schwarz\/#breadcrumb"},"inLanguage":"de","potentialAction":[{"@type":"ReadAction","target":["https:\/\/hubsch-interior.com\/de\/produkt\/taten-tragbare-lampe-schwarz\/"]}]},{"@type":"ImageObject","inLanguage":"de","@id":"https:\/\/hubsch-interior.com\/de\/produkt\/taten-tragbare-lampe-schwarz\/#primaryimage","url":"https:\/\/hubsch-interior.com\/wp-content\/uploads\/2026\/02\/taten-portable-lamp-black-a8924f605dbc62fe67816605a176b8b0.jpg","contentUrl":"https:\/\/hubsch-interior.com\/wp-content\/uploads\/2026\/02\/taten-portable-lamp-black-a8924f605dbc62fe67816605a176b8b0.jpg","width":1024,"height":1024},{"@type":"BreadcrumbList","@id":"https:\/\/hubsch-interior.com\/de\/produkt\/taten-tragbare-lampe-schwarz\/#breadcrumb","itemListElement":[{"@type":"ListItem","position":1,"name":"Startseite","item":"https:\/\/hubsch-interior.com\/de\/"},{"@type":"ListItem","position":2,"name":"Produkte","item":"https:\/\/hubsch-interior.com\/de\/shop-2\/"},{"@type":"ListItem","position":3,"name":"Taten Tragbare Lampe Schwarz"}]},{"@type":"WebSite","@id":"https:\/\/hubsch-interior.com\/de\/#website","url":"https:\/\/hubsch-interior.com\/de\/","name":"H\u00fcbsch","description":"Danish Home Interior and Design","publisher":{"@id":"https:\/\/hubsch-interior.com\/de\/#organization"},"potentialAction":[{"@type":"SearchAction","target":{"@type":"EntryPoint","urlTemplate":"https:\/\/hubsch-interior.com\/de\/?s={search_term_string}"},"query-input":{"@type":"PropertyValueSpecification","valueRequired":true,"valueName":"search_term_string"}}],"inLanguage":"de"},{"@type":"Organization","@id":"https:\/\/hubsch-interior.com\/de\/#organization","name":"H\u00fcbsch","url":"https:\/\/hubsch-interior.com\/de\/","logo":{"@type":"ImageObject","inLanguage":"de","@id":"https:\/\/hubsch-interior.com\/de\/#\/schema\/logo\/image\/","url":"https:\/\/hubsch-interior.com\/wp-content\/uploads\/2022\/12\/Hubsch_logo_black_one_line.svg","contentUrl":"https:\/\/hubsch-interior.com\/wp-content\/uploads\/2022\/12\/Hubsch_logo_black_one_line.svg","caption":"H\u00fcbsch"},"image":{"@id":"https:\/\/hubsch-interior.com\/de\/#\/schema\/logo\/image\/"}}]}},"_links":{"self":[{"href":"https:\/\/hubsch-interior.com\/de\/wp-json\/wp\/v2\/product\/1088785","targetHints":{"allow":["GET"]}}],"collection":[{"href":"https:\/\/hubsch-interior.com\/de\/wp-json\/wp\/v2\/product"}],"about":[{"href":"https:\/\/hubsch-interior.com\/de\/wp-json\/wp\/v2\/types\/product"}],"wp:featuredmedia":[{"embeddable":true,"href":"https:\/\/hubsch-interior.com\/de\/wp-json\/wp\/v2\/media\/1108484"}],"wp:attachment":[{"href":"https:\/\/hubsch-interior.com\/de\/wp-json\/wp\/v2\/media?parent=1088785"}],"wp:term":[{"taxonomy":"product_brand","embeddable":true,"href":"https:\/\/hubsch-interior.com\/de\/wp-json\/wp\/v2\/product_brand?post=1088785"},{"taxonomy":"product_cat","embeddable":true,"href":"https:\/\/hubsch-interior.com\/de\/wp-json\/wp\/v2\/product_cat?post=1088785"},{"taxonomy":"product_tag","embeddable":true,"href":"https:\/\/hubsch-interior.com\/de\/wp-json\/wp\/v2\/product_tag?post=1088785"}],"curies":[{"name":"wp","href":"https:\/\/api.w.org\/{rel}","templated":true}]}}