{"id":1088797,"date":"2026-01-31T05:04:19","date_gmt":"2026-01-31T04:04:19","guid":{"rendered":"https:\/\/hubsch-interior.com\/product\/product\/"},"modified":"2026-04-05T05:13:54","modified_gmt":"2026-04-05T03:13:54","slug":"taten-tragbare-lampe-messingfarben","status":"publish","type":"product","link":"https:\/\/hubsch-interior.com\/de\/produkt\/taten-tragbare-lampe-messingfarben\/","title":{"rendered":"Taten Tragbare Lampe Messingfarben"},"content":{"rendered":"<p>Schaffen Sie ein sanftes Leuchten, das lange nach Sonnenuntergang verweilt. Die Taten Tragbare Lampe aus geb\u00fcrstetem Messing verleiht Ihrem sommerlichen Tisch mit ihrer hohen, schlanken Silhouette und dem sanft gedimmten Licht W\u00e4rme und Eleganz. Ihr minimaler Platzbedarf sorgt f\u00fcr Ordnung, w\u00e4hrend die hochgl\u00e4nzende Oberfl\u00e4che jedem Interieur eine raffinierte Note verleiht. In drei schicken Varianten erh\u00e4ltlich, ist dieses tragbare St\u00fcck daf\u00fcr gemacht, Sie zu begleiten \u2014 von gem\u00fctlichen Abendessen bis zum entspannten Ausklang des Abends. Ein leuchtender Begleiter, der gew\u00f6hnliche N\u00e4chte in goldene Momente verwandelt.<\/p>\n","protected":false},"excerpt":{"rendered":"<p>Schaffen Sie ein sanftes Leuchten, das lange nach Sonnenuntergang verweilt. Die Taten Tragbare Lampe aus geb\u00fcrstetem Messing verleiht Ihrem sommerlichen Tisch mit ihrer hohen, schlanken Silhouette und dem sanft gedimmten Licht W\u00e4rme und Eleganz. Ihr minimaler Platzbedarf sorgt f\u00fcr Ordnung, w\u00e4hrend die hochgl\u00e4nzende Oberfl\u00e4che jedem Interieur eine raffinierte Note verleiht. In drei schicken Varianten erh\u00e4ltlich, [&hellip;]<\/p>\n","protected":false},"featured_media":1108492,"template":"","meta":{"_acf_changed":false,"inline_featured_image":false},"product_brand":[],"product_cat":[7155,6963,3809,3501,5027,5047],"product_tag":[],"class_list":{"0":"post-1088797","1":"product","2":"type-product","3":"status-publish","4":"has-post-thumbnail","6":"product_cat-dweller-de","7":"product_cat-tragbare-lampen-de","8":"product_cat-beleuchtung","9":"product_cat-tischlampen-de","10":"product_cat-bestsellers-de","11":"product_cat-neuheiten-de","12":"product_shipping_class-pk","14":"pa_color-messingfarben","15":"pa_material-eisen-de","16":"pa_material-polycarbonat-2","18":"first","19":"instock","20":"featured","21":"taxable","22":"shipping-taxable","23":"purchasable","24":"product-type-simple"},"exclude_global_add_ons":[],"addons":[],"acf":[],"yoast_head":"<!-- This site is optimized with the Yoast SEO plugin v26.4 - https:\/\/yoast.com\/wordpress\/plugins\/seo\/ -->\n<title>Taten Tragbare Lampe Messingfarben - H\u00fcbsch<\/title>\n<meta name=\"description\" content=\"Schaffen Sie ein sanftes Leuchten, das lange nach Sonnenuntergang verweilt. Die Taten Tragbare Lampe aus geb\u00fcrstetem Messing verleiht Ihrem sommerlichen\" \/>\n<meta name=\"robots\" content=\"index, follow, max-snippet:-1, max-image-preview:large, max-video-preview:-1\" \/>\n<link rel=\"canonical\" href=\"https:\/\/hubsch-interior.com\/de\/wp-json\/wp\/v2\/product\/1088797\" \/>\n<meta property=\"og:locale\" content=\"de_DE\" \/>\n<meta property=\"og:type\" content=\"article\" \/>\n<meta property=\"og:title\" content=\"Taten Tragbare Lampe Messingfarben - H\u00fcbsch\" \/>\n<meta property=\"og:description\" content=\"Schaffen Sie ein sanftes Leuchten, das lange nach Sonnenuntergang verweilt. Die Taten Tragbare Lampe aus geb\u00fcrstetem Messing verleiht Ihrem sommerlichen\" \/>\n<meta property=\"og:url\" content=\"https:\/\/hubsch-interior.com\/de\/produkt\/taten-tragbare-lampe-messingfarben\/\" \/>\n<meta property=\"og:site_name\" content=\"H\u00fcbsch\" \/>\n<meta property=\"article:modified_time\" content=\"2026-04-05T03:13:54+00:00\" \/>\n<meta property=\"og:image\" content=\"https:\/\/hubsch-interior.com\/wp-content\/uploads\/2026\/01\/taten-portable-lamp-brass-29b14bf01fa30e3de704f2cef25829d5.jpg\" \/>\n\t<meta property=\"og:image:width\" content=\"1200\" \/>\n\t<meta property=\"og:image:height\" content=\"1200\" \/>\n\t<meta property=\"og:image:type\" content=\"image\/jpeg\" \/>\n<meta name=\"twitter:card\" content=\"summary_large_image\" \/>\n<script type=\"application\/ld+json\" class=\"yoast-schema-graph\">{\"@context\":\"https:\/\/schema.org\",\"@graph\":[{\"@type\":\"WebPage\",\"@id\":\"https:\/\/hubsch-interior.com\/de\/produkt\/taten-tragbare-lampe-messingfarben\/\",\"url\":\"https:\/\/hubsch-interior.com\/de\/produkt\/taten-tragbare-lampe-messingfarben\/\",\"name\":\"Taten Tragbare Lampe Messingfarben - H\u00fcbsch\",\"isPartOf\":{\"@id\":\"https:\/\/hubsch-interior.com\/de\/#website\"},\"primaryImageOfPage\":{\"@id\":\"https:\/\/hubsch-interior.com\/de\/produkt\/taten-tragbare-lampe-messingfarben\/#primaryimage\"},\"image\":{\"@id\":\"https:\/\/hubsch-interior.com\/de\/produkt\/taten-tragbare-lampe-messingfarben\/#primaryimage\"},\"thumbnailUrl\":\"https:\/\/hubsch-interior.com\/wp-content\/uploads\/2026\/02\/taten-portable-lamp-brass-ba89c07833ebf01edb572bda547ba873.jpg\",\"datePublished\":\"2026-01-31T04:04:19+00:00\",\"dateModified\":\"2026-04-05T03:13:54+00:00\",\"description\":\"Schaffen Sie ein sanftes Leuchten, das lange nach Sonnenuntergang verweilt. Die Taten Tragbare Lampe aus geb\u00fcrstetem Messing verleiht Ihrem sommerlichen\",\"breadcrumb\":{\"@id\":\"https:\/\/hubsch-interior.com\/de\/produkt\/taten-tragbare-lampe-messingfarben\/#breadcrumb\"},\"inLanguage\":\"de\",\"potentialAction\":[{\"@type\":\"ReadAction\",\"target\":[\"https:\/\/hubsch-interior.com\/de\/produkt\/taten-tragbare-lampe-messingfarben\/\"]}]},{\"@type\":\"ImageObject\",\"inLanguage\":\"de\",\"@id\":\"https:\/\/hubsch-interior.com\/de\/produkt\/taten-tragbare-lampe-messingfarben\/#primaryimage\",\"url\":\"https:\/\/hubsch-interior.com\/wp-content\/uploads\/2026\/02\/taten-portable-lamp-brass-ba89c07833ebf01edb572bda547ba873.jpg\",\"contentUrl\":\"https:\/\/hubsch-interior.com\/wp-content\/uploads\/2026\/02\/taten-portable-lamp-brass-ba89c07833ebf01edb572bda547ba873.jpg\",\"width\":1024,\"height\":1024},{\"@type\":\"BreadcrumbList\",\"@id\":\"https:\/\/hubsch-interior.com\/de\/produkt\/taten-tragbare-lampe-messingfarben\/#breadcrumb\",\"itemListElement\":[{\"@type\":\"ListItem\",\"position\":1,\"name\":\"Startseite\",\"item\":\"https:\/\/hubsch-interior.com\/de\/\"},{\"@type\":\"ListItem\",\"position\":2,\"name\":\"Produkte\",\"item\":\"https:\/\/hubsch-interior.com\/de\/shop-2\/\"},{\"@type\":\"ListItem\",\"position\":3,\"name\":\"Taten Tragbare Lampe Messingfarben\"}]},{\"@type\":\"WebSite\",\"@id\":\"https:\/\/hubsch-interior.com\/de\/#website\",\"url\":\"https:\/\/hubsch-interior.com\/de\/\",\"name\":\"H\u00fcbsch\",\"description\":\"Danish Home Interior and Design\",\"publisher\":{\"@id\":\"https:\/\/hubsch-interior.com\/de\/#organization\"},\"potentialAction\":[{\"@type\":\"SearchAction\",\"target\":{\"@type\":\"EntryPoint\",\"urlTemplate\":\"https:\/\/hubsch-interior.com\/de\/?s={search_term_string}\"},\"query-input\":{\"@type\":\"PropertyValueSpecification\",\"valueRequired\":true,\"valueName\":\"search_term_string\"}}],\"inLanguage\":\"de\"},{\"@type\":\"Organization\",\"@id\":\"https:\/\/hubsch-interior.com\/de\/#organization\",\"name\":\"H\u00fcbsch\",\"url\":\"https:\/\/hubsch-interior.com\/de\/\",\"logo\":{\"@type\":\"ImageObject\",\"inLanguage\":\"de\",\"@id\":\"https:\/\/hubsch-interior.com\/de\/#\/schema\/logo\/image\/\",\"url\":\"https:\/\/hubsch-interior.com\/wp-content\/uploads\/2022\/12\/Hubsch_logo_black_one_line.svg\",\"contentUrl\":\"https:\/\/hubsch-interior.com\/wp-content\/uploads\/2022\/12\/Hubsch_logo_black_one_line.svg\",\"caption\":\"H\u00fcbsch\"},\"image\":{\"@id\":\"https:\/\/hubsch-interior.com\/de\/#\/schema\/logo\/image\/\"}}]}<\/script>\n<!-- \/ Yoast SEO plugin. -->","yoast_head_json":{"title":"Taten Tragbare Lampe Messingfarben - H\u00fcbsch","description":"Schaffen Sie ein sanftes Leuchten, das lange nach Sonnenuntergang verweilt. Die Taten Tragbare Lampe aus geb\u00fcrstetem Messing verleiht Ihrem sommerlichen","robots":{"index":"index","follow":"follow","max-snippet":"max-snippet:-1","max-image-preview":"max-image-preview:large","max-video-preview":"max-video-preview:-1"},"canonical":"https:\/\/hubsch-interior.com\/de\/wp-json\/wp\/v2\/product\/1088797","og_locale":"de_DE","og_type":"article","og_title":"Taten Tragbare Lampe Messingfarben - H\u00fcbsch","og_description":"Schaffen Sie ein sanftes Leuchten, das lange nach Sonnenuntergang verweilt. Die Taten Tragbare Lampe aus geb\u00fcrstetem Messing verleiht Ihrem sommerlichen","og_url":"https:\/\/hubsch-interior.com\/de\/produkt\/taten-tragbare-lampe-messingfarben\/","og_site_name":"H\u00fcbsch","article_modified_time":"2026-04-05T03:13:54+00:00","og_image":[{"width":1200,"height":1200,"url":"https:\/\/hubsch-interior.com\/wp-content\/uploads\/2026\/01\/taten-portable-lamp-brass-29b14bf01fa30e3de704f2cef25829d5.jpg","type":"image\/jpeg"}],"twitter_card":"summary_large_image","schema":{"@context":"https:\/\/schema.org","@graph":[{"@type":"WebPage","@id":"https:\/\/hubsch-interior.com\/de\/produkt\/taten-tragbare-lampe-messingfarben\/","url":"https:\/\/hubsch-interior.com\/de\/produkt\/taten-tragbare-lampe-messingfarben\/","name":"Taten Tragbare Lampe Messingfarben - H\u00fcbsch","isPartOf":{"@id":"https:\/\/hubsch-interior.com\/de\/#website"},"primaryImageOfPage":{"@id":"https:\/\/hubsch-interior.com\/de\/produkt\/taten-tragbare-lampe-messingfarben\/#primaryimage"},"image":{"@id":"https:\/\/hubsch-interior.com\/de\/produkt\/taten-tragbare-lampe-messingfarben\/#primaryimage"},"thumbnailUrl":"https:\/\/hubsch-interior.com\/wp-content\/uploads\/2026\/02\/taten-portable-lamp-brass-ba89c07833ebf01edb572bda547ba873.jpg","datePublished":"2026-01-31T04:04:19+00:00","dateModified":"2026-04-05T03:13:54+00:00","description":"Schaffen Sie ein sanftes Leuchten, das lange nach Sonnenuntergang verweilt. Die Taten Tragbare Lampe aus geb\u00fcrstetem Messing verleiht Ihrem sommerlichen","breadcrumb":{"@id":"https:\/\/hubsch-interior.com\/de\/produkt\/taten-tragbare-lampe-messingfarben\/#breadcrumb"},"inLanguage":"de","potentialAction":[{"@type":"ReadAction","target":["https:\/\/hubsch-interior.com\/de\/produkt\/taten-tragbare-lampe-messingfarben\/"]}]},{"@type":"ImageObject","inLanguage":"de","@id":"https:\/\/hubsch-interior.com\/de\/produkt\/taten-tragbare-lampe-messingfarben\/#primaryimage","url":"https:\/\/hubsch-interior.com\/wp-content\/uploads\/2026\/02\/taten-portable-lamp-brass-ba89c07833ebf01edb572bda547ba873.jpg","contentUrl":"https:\/\/hubsch-interior.com\/wp-content\/uploads\/2026\/02\/taten-portable-lamp-brass-ba89c07833ebf01edb572bda547ba873.jpg","width":1024,"height":1024},{"@type":"BreadcrumbList","@id":"https:\/\/hubsch-interior.com\/de\/produkt\/taten-tragbare-lampe-messingfarben\/#breadcrumb","itemListElement":[{"@type":"ListItem","position":1,"name":"Startseite","item":"https:\/\/hubsch-interior.com\/de\/"},{"@type":"ListItem","position":2,"name":"Produkte","item":"https:\/\/hubsch-interior.com\/de\/shop-2\/"},{"@type":"ListItem","position":3,"name":"Taten Tragbare Lampe Messingfarben"}]},{"@type":"WebSite","@id":"https:\/\/hubsch-interior.com\/de\/#website","url":"https:\/\/hubsch-interior.com\/de\/","name":"H\u00fcbsch","description":"Danish Home Interior and Design","publisher":{"@id":"https:\/\/hubsch-interior.com\/de\/#organization"},"potentialAction":[{"@type":"SearchAction","target":{"@type":"EntryPoint","urlTemplate":"https:\/\/hubsch-interior.com\/de\/?s={search_term_string}"},"query-input":{"@type":"PropertyValueSpecification","valueRequired":true,"valueName":"search_term_string"}}],"inLanguage":"de"},{"@type":"Organization","@id":"https:\/\/hubsch-interior.com\/de\/#organization","name":"H\u00fcbsch","url":"https:\/\/hubsch-interior.com\/de\/","logo":{"@type":"ImageObject","inLanguage":"de","@id":"https:\/\/hubsch-interior.com\/de\/#\/schema\/logo\/image\/","url":"https:\/\/hubsch-interior.com\/wp-content\/uploads\/2022\/12\/Hubsch_logo_black_one_line.svg","contentUrl":"https:\/\/hubsch-interior.com\/wp-content\/uploads\/2022\/12\/Hubsch_logo_black_one_line.svg","caption":"H\u00fcbsch"},"image":{"@id":"https:\/\/hubsch-interior.com\/de\/#\/schema\/logo\/image\/"}}]}},"_links":{"self":[{"href":"https:\/\/hubsch-interior.com\/de\/wp-json\/wp\/v2\/product\/1088797","targetHints":{"allow":["GET"]}}],"collection":[{"href":"https:\/\/hubsch-interior.com\/de\/wp-json\/wp\/v2\/product"}],"about":[{"href":"https:\/\/hubsch-interior.com\/de\/wp-json\/wp\/v2\/types\/product"}],"wp:featuredmedia":[{"embeddable":true,"href":"https:\/\/hubsch-interior.com\/de\/wp-json\/wp\/v2\/media\/1108492"}],"wp:attachment":[{"href":"https:\/\/hubsch-interior.com\/de\/wp-json\/wp\/v2\/media?parent=1088797"}],"wp:term":[{"taxonomy":"product_brand","embeddable":true,"href":"https:\/\/hubsch-interior.com\/de\/wp-json\/wp\/v2\/product_brand?post=1088797"},{"taxonomy":"product_cat","embeddable":true,"href":"https:\/\/hubsch-interior.com\/de\/wp-json\/wp\/v2\/product_cat?post=1088797"},{"taxonomy":"product_tag","embeddable":true,"href":"https:\/\/hubsch-interior.com\/de\/wp-json\/wp\/v2\/product_tag?post=1088797"}],"curies":[{"name":"wp","href":"https:\/\/api.w.org\/{rel}","templated":true}]}}