{"id":1088809,"date":"2026-01-31T05:04:31","date_gmt":"2026-01-31T04:04:31","guid":{"rendered":"https:\/\/hubsch-interior.com\/product\/product\/"},"modified":"2026-04-05T05:13:57","modified_gmt":"2026-04-05T03:13:57","slug":"taten-tragbare-lampe-bruniertes-messing","status":"publish","type":"product","link":"https:\/\/hubsch-interior.com\/de\/produkt\/taten-tragbare-lampe-bruniertes-messing\/","title":{"rendered":"Taten Tragbare Lampe Br\u00fcniertes messing"},"content":{"rendered":"<p>Lassen Sie die Sommerabende ein wenig l\u00e4nger verweilen. Die Taten Tragbare Lampe in poliertem Messing wirft ein warmes, goldenes Licht \u2014 gerade genug, um die Stimmung zu setzen, ohne die Hauptattraktion zu sein. Mit ihrer schlanken Silhouette und dem minimalen Platzbedarf findet sie leicht Platz auf Ihrem Tisch und l\u00e4sst Raum f\u00fcr Gespr\u00e4che und Ruhe. Ob drinnen oder drau\u00dfen, dieses kabellose Wunder bringt sanfte Eleganz in jede Umgebung. Nehmen Sie sie mit von der D\u00e4mmerung bis zum Abendessen und verwandeln Sie gew\u00f6hnliche N\u00e4chte in goldene Erinnerungen.<\/p>\n","protected":false},"excerpt":{"rendered":"<p>Lassen Sie die Sommerabende ein wenig l\u00e4nger verweilen. Die Taten Tragbare Lampe in poliertem Messing wirft ein warmes, goldenes Licht \u2014 gerade genug, um die Stimmung zu setzen, ohne die Hauptattraktion zu sein. Mit ihrer schlanken Silhouette und dem minimalen Platzbedarf findet sie leicht Platz auf Ihrem Tisch und l\u00e4sst Raum f\u00fcr Gespr\u00e4che und Ruhe. [&hellip;]<\/p>\n","protected":false},"featured_media":1108500,"template":"","meta":{"_acf_changed":false,"inline_featured_image":false},"product_brand":[],"product_cat":[7155,6963,3809,5047],"product_tag":[],"class_list":{"0":"post-1088809","1":"product","2":"type-product","3":"status-publish","4":"has-post-thumbnail","6":"product_cat-dweller-de","7":"product_cat-tragbare-lampen-de","8":"product_cat-beleuchtung","9":"product_cat-neuheiten-de","10":"product_shipping_class-pk","12":"pa_color-brniertes-messing","13":"pa_material-eisen-de","14":"pa_material-polycarbonat-2","16":"first","17":"instock","18":"taxable","19":"shipping-taxable","20":"purchasable","21":"product-type-simple"},"exclude_global_add_ons":[],"addons":[],"acf":[],"yoast_head":"<!-- This site is optimized with the Yoast SEO plugin v26.4 - https:\/\/yoast.com\/wordpress\/plugins\/seo\/ -->\n<title>Taten Tragbare Lampe Br\u00fcniertes messing - H\u00fcbsch<\/title>\n<meta name=\"description\" content=\"Lassen Sie die Sommerabende ein wenig l\u00e4nger verweilen. Die Taten Tragbare Lampe in poliertem Messing wirft ein warmes, goldenes Licht \u2014 gerade genug, um\" \/>\n<meta name=\"robots\" content=\"index, follow, max-snippet:-1, max-image-preview:large, max-video-preview:-1\" \/>\n<link rel=\"canonical\" href=\"https:\/\/hubsch-interior.com\/de\/wp-json\/wp\/v2\/product\/1088809\" \/>\n<meta property=\"og:locale\" content=\"de_DE\" \/>\n<meta property=\"og:type\" content=\"article\" \/>\n<meta property=\"og:title\" content=\"Taten Tragbare Lampe Br\u00fcniertes messing - H\u00fcbsch\" \/>\n<meta property=\"og:description\" content=\"Lassen Sie die Sommerabende ein wenig l\u00e4nger verweilen. Die Taten Tragbare Lampe in poliertem Messing wirft ein warmes, goldenes Licht \u2014 gerade genug, um\" \/>\n<meta property=\"og:url\" content=\"https:\/\/hubsch-interior.com\/de\/produkt\/taten-tragbare-lampe-bruniertes-messing\/\" \/>\n<meta property=\"og:site_name\" content=\"H\u00fcbsch\" \/>\n<meta property=\"article:modified_time\" content=\"2026-04-05T03:13:57+00:00\" \/>\n<meta property=\"og:image\" content=\"https:\/\/hubsch-interior.com\/wp-content\/uploads\/2026\/01\/taten-portable-lamp-burnished-brass-d894eae28957849257dcc7504746984f.jpg\" \/>\n\t<meta property=\"og:image:width\" content=\"1200\" \/>\n\t<meta property=\"og:image:height\" content=\"1200\" \/>\n\t<meta property=\"og:image:type\" content=\"image\/jpeg\" \/>\n<meta name=\"twitter:card\" content=\"summary_large_image\" \/>\n<script type=\"application\/ld+json\" class=\"yoast-schema-graph\">{\"@context\":\"https:\/\/schema.org\",\"@graph\":[{\"@type\":\"WebPage\",\"@id\":\"https:\/\/hubsch-interior.com\/de\/produkt\/taten-tragbare-lampe-bruniertes-messing\/\",\"url\":\"https:\/\/hubsch-interior.com\/de\/produkt\/taten-tragbare-lampe-bruniertes-messing\/\",\"name\":\"Taten Tragbare Lampe Br\u00fcniertes messing - H\u00fcbsch\",\"isPartOf\":{\"@id\":\"https:\/\/hubsch-interior.com\/de\/#website\"},\"primaryImageOfPage\":{\"@id\":\"https:\/\/hubsch-interior.com\/de\/produkt\/taten-tragbare-lampe-bruniertes-messing\/#primaryimage\"},\"image\":{\"@id\":\"https:\/\/hubsch-interior.com\/de\/produkt\/taten-tragbare-lampe-bruniertes-messing\/#primaryimage\"},\"thumbnailUrl\":\"https:\/\/hubsch-interior.com\/wp-content\/uploads\/2026\/02\/taten-portable-lamp-burnished-brass-44787716cab89980c74c1b6a6a119bb8.jpg\",\"datePublished\":\"2026-01-31T04:04:31+00:00\",\"dateModified\":\"2026-04-05T03:13:57+00:00\",\"description\":\"Lassen Sie die Sommerabende ein wenig l\u00e4nger verweilen. Die Taten Tragbare Lampe in poliertem Messing wirft ein warmes, goldenes Licht \u2014 gerade genug, um\",\"breadcrumb\":{\"@id\":\"https:\/\/hubsch-interior.com\/de\/produkt\/taten-tragbare-lampe-bruniertes-messing\/#breadcrumb\"},\"inLanguage\":\"de\",\"potentialAction\":[{\"@type\":\"ReadAction\",\"target\":[\"https:\/\/hubsch-interior.com\/de\/produkt\/taten-tragbare-lampe-bruniertes-messing\/\"]}]},{\"@type\":\"ImageObject\",\"inLanguage\":\"de\",\"@id\":\"https:\/\/hubsch-interior.com\/de\/produkt\/taten-tragbare-lampe-bruniertes-messing\/#primaryimage\",\"url\":\"https:\/\/hubsch-interior.com\/wp-content\/uploads\/2026\/02\/taten-portable-lamp-burnished-brass-44787716cab89980c74c1b6a6a119bb8.jpg\",\"contentUrl\":\"https:\/\/hubsch-interior.com\/wp-content\/uploads\/2026\/02\/taten-portable-lamp-burnished-brass-44787716cab89980c74c1b6a6a119bb8.jpg\",\"width\":1024,\"height\":1024},{\"@type\":\"BreadcrumbList\",\"@id\":\"https:\/\/hubsch-interior.com\/de\/produkt\/taten-tragbare-lampe-bruniertes-messing\/#breadcrumb\",\"itemListElement\":[{\"@type\":\"ListItem\",\"position\":1,\"name\":\"Startseite\",\"item\":\"https:\/\/hubsch-interior.com\/de\/\"},{\"@type\":\"ListItem\",\"position\":2,\"name\":\"Produkte\",\"item\":\"https:\/\/hubsch-interior.com\/de\/shop-2\/\"},{\"@type\":\"ListItem\",\"position\":3,\"name\":\"Taten Tragbare Lampe Br\u00fcniertes messing\"}]},{\"@type\":\"WebSite\",\"@id\":\"https:\/\/hubsch-interior.com\/de\/#website\",\"url\":\"https:\/\/hubsch-interior.com\/de\/\",\"name\":\"H\u00fcbsch\",\"description\":\"Danish Home Interior and Design\",\"publisher\":{\"@id\":\"https:\/\/hubsch-interior.com\/de\/#organization\"},\"potentialAction\":[{\"@type\":\"SearchAction\",\"target\":{\"@type\":\"EntryPoint\",\"urlTemplate\":\"https:\/\/hubsch-interior.com\/de\/?s={search_term_string}\"},\"query-input\":{\"@type\":\"PropertyValueSpecification\",\"valueRequired\":true,\"valueName\":\"search_term_string\"}}],\"inLanguage\":\"de\"},{\"@type\":\"Organization\",\"@id\":\"https:\/\/hubsch-interior.com\/de\/#organization\",\"name\":\"H\u00fcbsch\",\"url\":\"https:\/\/hubsch-interior.com\/de\/\",\"logo\":{\"@type\":\"ImageObject\",\"inLanguage\":\"de\",\"@id\":\"https:\/\/hubsch-interior.com\/de\/#\/schema\/logo\/image\/\",\"url\":\"https:\/\/hubsch-interior.com\/wp-content\/uploads\/2022\/12\/Hubsch_logo_black_one_line.svg\",\"contentUrl\":\"https:\/\/hubsch-interior.com\/wp-content\/uploads\/2022\/12\/Hubsch_logo_black_one_line.svg\",\"caption\":\"H\u00fcbsch\"},\"image\":{\"@id\":\"https:\/\/hubsch-interior.com\/de\/#\/schema\/logo\/image\/\"}}]}<\/script>\n<!-- \/ Yoast SEO plugin. -->","yoast_head_json":{"title":"Taten Tragbare Lampe Br\u00fcniertes messing - H\u00fcbsch","description":"Lassen Sie die Sommerabende ein wenig l\u00e4nger verweilen. Die Taten Tragbare Lampe in poliertem Messing wirft ein warmes, goldenes Licht \u2014 gerade genug, um","robots":{"index":"index","follow":"follow","max-snippet":"max-snippet:-1","max-image-preview":"max-image-preview:large","max-video-preview":"max-video-preview:-1"},"canonical":"https:\/\/hubsch-interior.com\/de\/wp-json\/wp\/v2\/product\/1088809","og_locale":"de_DE","og_type":"article","og_title":"Taten Tragbare Lampe Br\u00fcniertes messing - H\u00fcbsch","og_description":"Lassen Sie die Sommerabende ein wenig l\u00e4nger verweilen. Die Taten Tragbare Lampe in poliertem Messing wirft ein warmes, goldenes Licht \u2014 gerade genug, um","og_url":"https:\/\/hubsch-interior.com\/de\/produkt\/taten-tragbare-lampe-bruniertes-messing\/","og_site_name":"H\u00fcbsch","article_modified_time":"2026-04-05T03:13:57+00:00","og_image":[{"width":1200,"height":1200,"url":"https:\/\/hubsch-interior.com\/wp-content\/uploads\/2026\/01\/taten-portable-lamp-burnished-brass-d894eae28957849257dcc7504746984f.jpg","type":"image\/jpeg"}],"twitter_card":"summary_large_image","schema":{"@context":"https:\/\/schema.org","@graph":[{"@type":"WebPage","@id":"https:\/\/hubsch-interior.com\/de\/produkt\/taten-tragbare-lampe-bruniertes-messing\/","url":"https:\/\/hubsch-interior.com\/de\/produkt\/taten-tragbare-lampe-bruniertes-messing\/","name":"Taten Tragbare Lampe Br\u00fcniertes messing - H\u00fcbsch","isPartOf":{"@id":"https:\/\/hubsch-interior.com\/de\/#website"},"primaryImageOfPage":{"@id":"https:\/\/hubsch-interior.com\/de\/produkt\/taten-tragbare-lampe-bruniertes-messing\/#primaryimage"},"image":{"@id":"https:\/\/hubsch-interior.com\/de\/produkt\/taten-tragbare-lampe-bruniertes-messing\/#primaryimage"},"thumbnailUrl":"https:\/\/hubsch-interior.com\/wp-content\/uploads\/2026\/02\/taten-portable-lamp-burnished-brass-44787716cab89980c74c1b6a6a119bb8.jpg","datePublished":"2026-01-31T04:04:31+00:00","dateModified":"2026-04-05T03:13:57+00:00","description":"Lassen Sie die Sommerabende ein wenig l\u00e4nger verweilen. Die Taten Tragbare Lampe in poliertem Messing wirft ein warmes, goldenes Licht \u2014 gerade genug, um","breadcrumb":{"@id":"https:\/\/hubsch-interior.com\/de\/produkt\/taten-tragbare-lampe-bruniertes-messing\/#breadcrumb"},"inLanguage":"de","potentialAction":[{"@type":"ReadAction","target":["https:\/\/hubsch-interior.com\/de\/produkt\/taten-tragbare-lampe-bruniertes-messing\/"]}]},{"@type":"ImageObject","inLanguage":"de","@id":"https:\/\/hubsch-interior.com\/de\/produkt\/taten-tragbare-lampe-bruniertes-messing\/#primaryimage","url":"https:\/\/hubsch-interior.com\/wp-content\/uploads\/2026\/02\/taten-portable-lamp-burnished-brass-44787716cab89980c74c1b6a6a119bb8.jpg","contentUrl":"https:\/\/hubsch-interior.com\/wp-content\/uploads\/2026\/02\/taten-portable-lamp-burnished-brass-44787716cab89980c74c1b6a6a119bb8.jpg","width":1024,"height":1024},{"@type":"BreadcrumbList","@id":"https:\/\/hubsch-interior.com\/de\/produkt\/taten-tragbare-lampe-bruniertes-messing\/#breadcrumb","itemListElement":[{"@type":"ListItem","position":1,"name":"Startseite","item":"https:\/\/hubsch-interior.com\/de\/"},{"@type":"ListItem","position":2,"name":"Produkte","item":"https:\/\/hubsch-interior.com\/de\/shop-2\/"},{"@type":"ListItem","position":3,"name":"Taten Tragbare Lampe Br\u00fcniertes messing"}]},{"@type":"WebSite","@id":"https:\/\/hubsch-interior.com\/de\/#website","url":"https:\/\/hubsch-interior.com\/de\/","name":"H\u00fcbsch","description":"Danish Home Interior and Design","publisher":{"@id":"https:\/\/hubsch-interior.com\/de\/#organization"},"potentialAction":[{"@type":"SearchAction","target":{"@type":"EntryPoint","urlTemplate":"https:\/\/hubsch-interior.com\/de\/?s={search_term_string}"},"query-input":{"@type":"PropertyValueSpecification","valueRequired":true,"valueName":"search_term_string"}}],"inLanguage":"de"},{"@type":"Organization","@id":"https:\/\/hubsch-interior.com\/de\/#organization","name":"H\u00fcbsch","url":"https:\/\/hubsch-interior.com\/de\/","logo":{"@type":"ImageObject","inLanguage":"de","@id":"https:\/\/hubsch-interior.com\/de\/#\/schema\/logo\/image\/","url":"https:\/\/hubsch-interior.com\/wp-content\/uploads\/2022\/12\/Hubsch_logo_black_one_line.svg","contentUrl":"https:\/\/hubsch-interior.com\/wp-content\/uploads\/2022\/12\/Hubsch_logo_black_one_line.svg","caption":"H\u00fcbsch"},"image":{"@id":"https:\/\/hubsch-interior.com\/de\/#\/schema\/logo\/image\/"}}]}},"_links":{"self":[{"href":"https:\/\/hubsch-interior.com\/de\/wp-json\/wp\/v2\/product\/1088809","targetHints":{"allow":["GET"]}}],"collection":[{"href":"https:\/\/hubsch-interior.com\/de\/wp-json\/wp\/v2\/product"}],"about":[{"href":"https:\/\/hubsch-interior.com\/de\/wp-json\/wp\/v2\/types\/product"}],"wp:featuredmedia":[{"embeddable":true,"href":"https:\/\/hubsch-interior.com\/de\/wp-json\/wp\/v2\/media\/1108500"}],"wp:attachment":[{"href":"https:\/\/hubsch-interior.com\/de\/wp-json\/wp\/v2\/media?parent=1088809"}],"wp:term":[{"taxonomy":"product_brand","embeddable":true,"href":"https:\/\/hubsch-interior.com\/de\/wp-json\/wp\/v2\/product_brand?post=1088809"},{"taxonomy":"product_cat","embeddable":true,"href":"https:\/\/hubsch-interior.com\/de\/wp-json\/wp\/v2\/product_cat?post=1088809"},{"taxonomy":"product_tag","embeddable":true,"href":"https:\/\/hubsch-interior.com\/de\/wp-json\/wp\/v2\/product_tag?post=1088809"}],"curies":[{"name":"wp","href":"https:\/\/api.w.org\/{rel}","templated":true}]}}