{"id":1088833,"date":"2026-01-31T05:21:01","date_gmt":"2026-01-31T04:21:01","guid":{"rendered":"https:\/\/hubsch-interior.com\/product\/product\/"},"modified":"2026-04-05T05:23:31","modified_gmt":"2026-04-05T03:23:31","slug":"maru-topfe-small-blau-braun-2er-set","status":"publish","type":"product","link":"https:\/\/hubsch-interior.com\/de\/produkt\/maru-topfe-small-blau-braun-2er-set\/","title":{"rendered":"Maru T\u00f6pfe Small Blau\/Braun (2er Set)"},"content":{"rendered":"<p>Rund, gl\u00e4nzend und voller Charme. Der Maru Topf in Blau und Braun bringt mit seinen kr\u00e4ftigen Farbt\u00f6nen und der sanft gerundeten Silhouette einen Hauch von retro Eleganz in Ihr Zuhause. Die hochgl\u00e4nzende Glasur betont die Kurven wundersch\u00f6n, sodass dieser Topf alleine genauso beeindruckend ist wie in Kombination mit Ihren Lieblingspflanzen. In zwei zarten Farbvarianten erh\u00e4ltlich, setzt Maru eine k\u00fchne, dekorative Note auf jedem Regal, Sideboard oder sonnigen Fenstersims.<\/p>\n","protected":false},"excerpt":{"rendered":"<p>Rund, gl\u00e4nzend und voller Charme. Der Maru Topf in Blau und Braun bringt mit seinen kr\u00e4ftigen Farbt\u00f6nen und der sanft gerundeten Silhouette einen Hauch von retro Eleganz in Ihr Zuhause. Die hochgl\u00e4nzende Glasur betont die Kurven wundersch\u00f6n, sodass dieser Topf alleine genauso beeindruckend ist wie in Kombination mit Ihren Lieblingspflanzen. In zwei zarten Farbvarianten erh\u00e4ltlich, [&hellip;]<\/p>\n","protected":false},"featured_media":1111325,"template":"","meta":{"_acf_changed":false,"inline_featured_image":false},"product_brand":[],"product_cat":[7155,4916,4925,5027,5047],"product_tag":[],"class_list":{"0":"post-1088833","1":"product","2":"type-product","3":"status-publish","4":"has-post-thumbnail","6":"product_cat-dweller-de","7":"product_cat-toepfe-giesskannen-de","8":"product_cat-blumentoepfe-de","9":"product_cat-bestsellers-de","10":"product_cat-neuheiten-de","11":"product_shipping_class-pk","13":"pa_color-braun","14":"pa_color-blau-2","15":"pa_material-eisen-de","17":"first","18":"instock","19":"featured","20":"taxable","21":"shipping-taxable","22":"purchasable","23":"product-type-simple"},"exclude_global_add_ons":[],"addons":[],"acf":[],"yoast_head":"<!-- This site is optimized with the Yoast SEO plugin v26.4 - https:\/\/yoast.com\/wordpress\/plugins\/seo\/ -->\n<title>Maru T\u00f6pfe Small Blau\/Braun (2er Set) - H\u00fcbsch<\/title>\n<meta name=\"description\" content=\"Rund, gl\u00e4nzend und voller Charme. Der Maru Topf in Blau und Braun bringt mit seinen kr\u00e4ftigen Farbt\u00f6nen und der sanft gerundeten Silhouette einen Hauch\" \/>\n<meta name=\"robots\" content=\"index, follow, max-snippet:-1, max-image-preview:large, max-video-preview:-1\" \/>\n<link rel=\"canonical\" href=\"https:\/\/hubsch-interior.com\/de\/wp-json\/wp\/v2\/product\/1088833\" \/>\n<meta property=\"og:locale\" content=\"de_DE\" \/>\n<meta property=\"og:type\" content=\"article\" \/>\n<meta property=\"og:title\" content=\"Maru T\u00f6pfe Small Blau\/Braun (2er Set) - H\u00fcbsch\" \/>\n<meta property=\"og:description\" content=\"Rund, gl\u00e4nzend und voller Charme. Der Maru Topf in Blau und Braun bringt mit seinen kr\u00e4ftigen Farbt\u00f6nen und der sanft gerundeten Silhouette einen Hauch\" \/>\n<meta property=\"og:url\" content=\"https:\/\/hubsch-interior.com\/de\/produkt\/maru-topfe-small-blau-braun-2er-set\/\" \/>\n<meta property=\"og:site_name\" content=\"H\u00fcbsch\" \/>\n<meta property=\"article:modified_time\" content=\"2026-04-05T03:23:31+00:00\" \/>\n<meta property=\"og:image\" content=\"https:\/\/hubsch-interior.com\/wp-content\/uploads\/2026\/01\/maru-pots-small-bluebrown-set-of-2-e1ddc3910a733ab0a4df2007ce10e8e8.jpg\" \/>\n\t<meta property=\"og:image:width\" content=\"1200\" \/>\n\t<meta property=\"og:image:height\" content=\"1200\" \/>\n\t<meta property=\"og:image:type\" content=\"image\/jpeg\" \/>\n<meta name=\"twitter:card\" content=\"summary_large_image\" \/>\n<script type=\"application\/ld+json\" class=\"yoast-schema-graph\">{\"@context\":\"https:\/\/schema.org\",\"@graph\":[{\"@type\":\"WebPage\",\"@id\":\"https:\/\/hubsch-interior.com\/de\/produkt\/maru-topfe-small-blau-braun-2er-set\/\",\"url\":\"https:\/\/hubsch-interior.com\/de\/produkt\/maru-topfe-small-blau-braun-2er-set\/\",\"name\":\"Maru T\u00f6pfe Small Blau\/Braun (2er Set) - H\u00fcbsch\",\"isPartOf\":{\"@id\":\"https:\/\/hubsch-interior.com\/de\/#website\"},\"primaryImageOfPage\":{\"@id\":\"https:\/\/hubsch-interior.com\/de\/produkt\/maru-topfe-small-blau-braun-2er-set\/#primaryimage\"},\"image\":{\"@id\":\"https:\/\/hubsch-interior.com\/de\/produkt\/maru-topfe-small-blau-braun-2er-set\/#primaryimage\"},\"thumbnailUrl\":\"https:\/\/hubsch-interior.com\/wp-content\/uploads\/2026\/02\/maru-pots-small-bluebrown-set-of-2-4b48967dcce5f26a53e4e8f649787ad3.jpg\",\"datePublished\":\"2026-01-31T04:21:01+00:00\",\"dateModified\":\"2026-04-05T03:23:31+00:00\",\"description\":\"Rund, gl\u00e4nzend und voller Charme. Der Maru Topf in Blau und Braun bringt mit seinen kr\u00e4ftigen Farbt\u00f6nen und der sanft gerundeten Silhouette einen Hauch\",\"breadcrumb\":{\"@id\":\"https:\/\/hubsch-interior.com\/de\/produkt\/maru-topfe-small-blau-braun-2er-set\/#breadcrumb\"},\"inLanguage\":\"de\",\"potentialAction\":[{\"@type\":\"ReadAction\",\"target\":[\"https:\/\/hubsch-interior.com\/de\/produkt\/maru-topfe-small-blau-braun-2er-set\/\"]}]},{\"@type\":\"ImageObject\",\"inLanguage\":\"de\",\"@id\":\"https:\/\/hubsch-interior.com\/de\/produkt\/maru-topfe-small-blau-braun-2er-set\/#primaryimage\",\"url\":\"https:\/\/hubsch-interior.com\/wp-content\/uploads\/2026\/02\/maru-pots-small-bluebrown-set-of-2-4b48967dcce5f26a53e4e8f649787ad3.jpg\",\"contentUrl\":\"https:\/\/hubsch-interior.com\/wp-content\/uploads\/2026\/02\/maru-pots-small-bluebrown-set-of-2-4b48967dcce5f26a53e4e8f649787ad3.jpg\",\"width\":1024,\"height\":1024},{\"@type\":\"BreadcrumbList\",\"@id\":\"https:\/\/hubsch-interior.com\/de\/produkt\/maru-topfe-small-blau-braun-2er-set\/#breadcrumb\",\"itemListElement\":[{\"@type\":\"ListItem\",\"position\":1,\"name\":\"Startseite\",\"item\":\"https:\/\/hubsch-interior.com\/de\/\"},{\"@type\":\"ListItem\",\"position\":2,\"name\":\"Produkte\",\"item\":\"https:\/\/hubsch-interior.com\/de\/shop-2\/\"},{\"@type\":\"ListItem\",\"position\":3,\"name\":\"Maru T\u00f6pfe Small Blau\/Braun (2er Set)\"}]},{\"@type\":\"WebSite\",\"@id\":\"https:\/\/hubsch-interior.com\/de\/#website\",\"url\":\"https:\/\/hubsch-interior.com\/de\/\",\"name\":\"H\u00fcbsch\",\"description\":\"Danish Home Interior and Design\",\"publisher\":{\"@id\":\"https:\/\/hubsch-interior.com\/de\/#organization\"},\"potentialAction\":[{\"@type\":\"SearchAction\",\"target\":{\"@type\":\"EntryPoint\",\"urlTemplate\":\"https:\/\/hubsch-interior.com\/de\/?s={search_term_string}\"},\"query-input\":{\"@type\":\"PropertyValueSpecification\",\"valueRequired\":true,\"valueName\":\"search_term_string\"}}],\"inLanguage\":\"de\"},{\"@type\":\"Organization\",\"@id\":\"https:\/\/hubsch-interior.com\/de\/#organization\",\"name\":\"H\u00fcbsch\",\"url\":\"https:\/\/hubsch-interior.com\/de\/\",\"logo\":{\"@type\":\"ImageObject\",\"inLanguage\":\"de\",\"@id\":\"https:\/\/hubsch-interior.com\/de\/#\/schema\/logo\/image\/\",\"url\":\"https:\/\/hubsch-interior.com\/wp-content\/uploads\/2022\/12\/Hubsch_logo_black_one_line.svg\",\"contentUrl\":\"https:\/\/hubsch-interior.com\/wp-content\/uploads\/2022\/12\/Hubsch_logo_black_one_line.svg\",\"caption\":\"H\u00fcbsch\"},\"image\":{\"@id\":\"https:\/\/hubsch-interior.com\/de\/#\/schema\/logo\/image\/\"}}]}<\/script>\n<!-- \/ Yoast SEO plugin. -->","yoast_head_json":{"title":"Maru T\u00f6pfe Small Blau\/Braun (2er Set) - H\u00fcbsch","description":"Rund, gl\u00e4nzend und voller Charme. Der Maru Topf in Blau und Braun bringt mit seinen kr\u00e4ftigen Farbt\u00f6nen und der sanft gerundeten Silhouette einen Hauch","robots":{"index":"index","follow":"follow","max-snippet":"max-snippet:-1","max-image-preview":"max-image-preview:large","max-video-preview":"max-video-preview:-1"},"canonical":"https:\/\/hubsch-interior.com\/de\/wp-json\/wp\/v2\/product\/1088833","og_locale":"de_DE","og_type":"article","og_title":"Maru T\u00f6pfe Small Blau\/Braun (2er Set) - H\u00fcbsch","og_description":"Rund, gl\u00e4nzend und voller Charme. Der Maru Topf in Blau und Braun bringt mit seinen kr\u00e4ftigen Farbt\u00f6nen und der sanft gerundeten Silhouette einen Hauch","og_url":"https:\/\/hubsch-interior.com\/de\/produkt\/maru-topfe-small-blau-braun-2er-set\/","og_site_name":"H\u00fcbsch","article_modified_time":"2026-04-05T03:23:31+00:00","og_image":[{"width":1200,"height":1200,"url":"https:\/\/hubsch-interior.com\/wp-content\/uploads\/2026\/01\/maru-pots-small-bluebrown-set-of-2-e1ddc3910a733ab0a4df2007ce10e8e8.jpg","type":"image\/jpeg"}],"twitter_card":"summary_large_image","schema":{"@context":"https:\/\/schema.org","@graph":[{"@type":"WebPage","@id":"https:\/\/hubsch-interior.com\/de\/produkt\/maru-topfe-small-blau-braun-2er-set\/","url":"https:\/\/hubsch-interior.com\/de\/produkt\/maru-topfe-small-blau-braun-2er-set\/","name":"Maru T\u00f6pfe Small Blau\/Braun (2er Set) - H\u00fcbsch","isPartOf":{"@id":"https:\/\/hubsch-interior.com\/de\/#website"},"primaryImageOfPage":{"@id":"https:\/\/hubsch-interior.com\/de\/produkt\/maru-topfe-small-blau-braun-2er-set\/#primaryimage"},"image":{"@id":"https:\/\/hubsch-interior.com\/de\/produkt\/maru-topfe-small-blau-braun-2er-set\/#primaryimage"},"thumbnailUrl":"https:\/\/hubsch-interior.com\/wp-content\/uploads\/2026\/02\/maru-pots-small-bluebrown-set-of-2-4b48967dcce5f26a53e4e8f649787ad3.jpg","datePublished":"2026-01-31T04:21:01+00:00","dateModified":"2026-04-05T03:23:31+00:00","description":"Rund, gl\u00e4nzend und voller Charme. Der Maru Topf in Blau und Braun bringt mit seinen kr\u00e4ftigen Farbt\u00f6nen und der sanft gerundeten Silhouette einen Hauch","breadcrumb":{"@id":"https:\/\/hubsch-interior.com\/de\/produkt\/maru-topfe-small-blau-braun-2er-set\/#breadcrumb"},"inLanguage":"de","potentialAction":[{"@type":"ReadAction","target":["https:\/\/hubsch-interior.com\/de\/produkt\/maru-topfe-small-blau-braun-2er-set\/"]}]},{"@type":"ImageObject","inLanguage":"de","@id":"https:\/\/hubsch-interior.com\/de\/produkt\/maru-topfe-small-blau-braun-2er-set\/#primaryimage","url":"https:\/\/hubsch-interior.com\/wp-content\/uploads\/2026\/02\/maru-pots-small-bluebrown-set-of-2-4b48967dcce5f26a53e4e8f649787ad3.jpg","contentUrl":"https:\/\/hubsch-interior.com\/wp-content\/uploads\/2026\/02\/maru-pots-small-bluebrown-set-of-2-4b48967dcce5f26a53e4e8f649787ad3.jpg","width":1024,"height":1024},{"@type":"BreadcrumbList","@id":"https:\/\/hubsch-interior.com\/de\/produkt\/maru-topfe-small-blau-braun-2er-set\/#breadcrumb","itemListElement":[{"@type":"ListItem","position":1,"name":"Startseite","item":"https:\/\/hubsch-interior.com\/de\/"},{"@type":"ListItem","position":2,"name":"Produkte","item":"https:\/\/hubsch-interior.com\/de\/shop-2\/"},{"@type":"ListItem","position":3,"name":"Maru T\u00f6pfe Small Blau\/Braun (2er Set)"}]},{"@type":"WebSite","@id":"https:\/\/hubsch-interior.com\/de\/#website","url":"https:\/\/hubsch-interior.com\/de\/","name":"H\u00fcbsch","description":"Danish Home Interior and Design","publisher":{"@id":"https:\/\/hubsch-interior.com\/de\/#organization"},"potentialAction":[{"@type":"SearchAction","target":{"@type":"EntryPoint","urlTemplate":"https:\/\/hubsch-interior.com\/de\/?s={search_term_string}"},"query-input":{"@type":"PropertyValueSpecification","valueRequired":true,"valueName":"search_term_string"}}],"inLanguage":"de"},{"@type":"Organization","@id":"https:\/\/hubsch-interior.com\/de\/#organization","name":"H\u00fcbsch","url":"https:\/\/hubsch-interior.com\/de\/","logo":{"@type":"ImageObject","inLanguage":"de","@id":"https:\/\/hubsch-interior.com\/de\/#\/schema\/logo\/image\/","url":"https:\/\/hubsch-interior.com\/wp-content\/uploads\/2022\/12\/Hubsch_logo_black_one_line.svg","contentUrl":"https:\/\/hubsch-interior.com\/wp-content\/uploads\/2022\/12\/Hubsch_logo_black_one_line.svg","caption":"H\u00fcbsch"},"image":{"@id":"https:\/\/hubsch-interior.com\/de\/#\/schema\/logo\/image\/"}}]}},"_links":{"self":[{"href":"https:\/\/hubsch-interior.com\/de\/wp-json\/wp\/v2\/product\/1088833","targetHints":{"allow":["GET"]}}],"collection":[{"href":"https:\/\/hubsch-interior.com\/de\/wp-json\/wp\/v2\/product"}],"about":[{"href":"https:\/\/hubsch-interior.com\/de\/wp-json\/wp\/v2\/types\/product"}],"wp:featuredmedia":[{"embeddable":true,"href":"https:\/\/hubsch-interior.com\/de\/wp-json\/wp\/v2\/media\/1111325"}],"wp:attachment":[{"href":"https:\/\/hubsch-interior.com\/de\/wp-json\/wp\/v2\/media?parent=1088833"}],"wp:term":[{"taxonomy":"product_brand","embeddable":true,"href":"https:\/\/hubsch-interior.com\/de\/wp-json\/wp\/v2\/product_brand?post=1088833"},{"taxonomy":"product_cat","embeddable":true,"href":"https:\/\/hubsch-interior.com\/de\/wp-json\/wp\/v2\/product_cat?post=1088833"},{"taxonomy":"product_tag","embeddable":true,"href":"https:\/\/hubsch-interior.com\/de\/wp-json\/wp\/v2\/product_tag?post=1088833"}],"curies":[{"name":"wp","href":"https:\/\/api.w.org\/{rel}","templated":true}]}}