{"id":1088853,"date":"2026-01-31T05:21:14","date_gmt":"2026-01-31T04:21:14","guid":{"rendered":"https:\/\/hubsch-interior.com\/product\/product\/"},"modified":"2026-04-05T05:23:35","modified_gmt":"2026-04-05T03:23:35","slug":"maru-topfe-large-hellgrun-2er-set","status":"publish","type":"product","link":"https:\/\/hubsch-interior.com\/de\/produkt\/maru-topfe-large-hellgrun-2er-set\/","title":{"rendered":"Maru T\u00f6pfe Large Hellgr\u00fcn (2er Set)"},"content":{"rendered":"<p>Sanfte Kurven, gl\u00e4nzende Glasur und ein Hauch von Gelassenheit. Der Maru Topf in Hellgr\u00fcn f\u00fcgt mit einem retro Touch eine sanfte Farbexplosion hinzu, meisterhaft gefertigt aus gl\u00e4nzender Keramik, die das Licht genau richtig reflektiert. Seine abgerundete Form zieht aus jedem Winkel die Blicke auf sich und macht ihn zu einem reizenden Begleiter f\u00fcr Zimmerpflanzen oder zu einem skulpturalen Akzent f\u00fcr sich allein. In zwei zarten Farbvarianten erh\u00e4ltlich, bringt Maru leise Lebendigkeit und freudige Form in Ihre Lieblingsecken und gr\u00fcnen Winkel.<\/p>\n","protected":false},"excerpt":{"rendered":"<p>Sanfte Kurven, gl\u00e4nzende Glasur und ein Hauch von Gelassenheit. Der Maru Topf in Hellgr\u00fcn f\u00fcgt mit einem retro Touch eine sanfte Farbexplosion hinzu, meisterhaft gefertigt aus gl\u00e4nzender Keramik, die das Licht genau richtig reflektiert. Seine abgerundete Form zieht aus jedem Winkel die Blicke auf sich und macht ihn zu einem reizenden Begleiter f\u00fcr Zimmerpflanzen oder [&hellip;]<\/p>\n","protected":false},"featured_media":1111345,"template":"","meta":{"_acf_changed":false,"inline_featured_image":false},"product_brand":[],"product_cat":[7155,4916,4925,5027,5047],"product_tag":[],"class_list":{"0":"post-1088853","1":"product","2":"type-product","3":"status-publish","4":"has-post-thumbnail","6":"product_cat-dweller-de","7":"product_cat-toepfe-giesskannen-de","8":"product_cat-blumentoepfe-de","9":"product_cat-bestsellers-de","10":"product_cat-neuheiten-de","11":"product_shipping_class-pk","13":"pa_color-hellgrn-2","14":"pa_material-eisen-de","16":"first","17":"instock","18":"featured","19":"taxable","20":"shipping-taxable","21":"purchasable","22":"product-type-simple"},"exclude_global_add_ons":[],"addons":[],"acf":[],"yoast_head":"<!-- This site is optimized with the Yoast SEO plugin v26.4 - https:\/\/yoast.com\/wordpress\/plugins\/seo\/ -->\n<title>Maru T\u00f6pfe Large Hellgr\u00fcn (2er Set) - H\u00fcbsch<\/title>\n<meta name=\"description\" content=\"Sanfte Kurven, gl\u00e4nzende Glasur und ein Hauch von Gelassenheit. Der Maru Topf in Hellgr\u00fcn f\u00fcgt mit einem retro Touch eine sanfte Farbexplosion hinzu,\" \/>\n<meta name=\"robots\" content=\"index, follow, max-snippet:-1, max-image-preview:large, max-video-preview:-1\" \/>\n<link rel=\"canonical\" href=\"https:\/\/hubsch-interior.com\/de\/wp-json\/wp\/v2\/product\/1088853\" \/>\n<meta property=\"og:locale\" content=\"de_DE\" \/>\n<meta property=\"og:type\" content=\"article\" \/>\n<meta property=\"og:title\" content=\"Maru T\u00f6pfe Large Hellgr\u00fcn (2er Set) - H\u00fcbsch\" \/>\n<meta property=\"og:description\" content=\"Sanfte Kurven, gl\u00e4nzende Glasur und ein Hauch von Gelassenheit. Der Maru Topf in Hellgr\u00fcn f\u00fcgt mit einem retro Touch eine sanfte Farbexplosion hinzu,\" \/>\n<meta property=\"og:url\" content=\"https:\/\/hubsch-interior.com\/de\/produkt\/maru-topfe-large-hellgrun-2er-set\/\" \/>\n<meta property=\"og:site_name\" content=\"H\u00fcbsch\" \/>\n<meta property=\"article:modified_time\" content=\"2026-04-05T03:23:35+00:00\" \/>\n<meta property=\"og:image\" content=\"https:\/\/hubsch-interior.com\/wp-content\/uploads\/2026\/01\/maru-pots-large-light-green-set-of-2-f4667e1afdea9ce93cf098939492cf47.jpg\" \/>\n\t<meta property=\"og:image:width\" content=\"1200\" \/>\n\t<meta property=\"og:image:height\" content=\"1200\" \/>\n\t<meta property=\"og:image:type\" content=\"image\/jpeg\" \/>\n<meta name=\"twitter:card\" content=\"summary_large_image\" \/>\n<script type=\"application\/ld+json\" class=\"yoast-schema-graph\">{\"@context\":\"https:\/\/schema.org\",\"@graph\":[{\"@type\":\"WebPage\",\"@id\":\"https:\/\/hubsch-interior.com\/de\/produkt\/maru-topfe-large-hellgrun-2er-set\/\",\"url\":\"https:\/\/hubsch-interior.com\/de\/produkt\/maru-topfe-large-hellgrun-2er-set\/\",\"name\":\"Maru T\u00f6pfe Large Hellgr\u00fcn (2er Set) - H\u00fcbsch\",\"isPartOf\":{\"@id\":\"https:\/\/hubsch-interior.com\/de\/#website\"},\"primaryImageOfPage\":{\"@id\":\"https:\/\/hubsch-interior.com\/de\/produkt\/maru-topfe-large-hellgrun-2er-set\/#primaryimage\"},\"image\":{\"@id\":\"https:\/\/hubsch-interior.com\/de\/produkt\/maru-topfe-large-hellgrun-2er-set\/#primaryimage\"},\"thumbnailUrl\":\"https:\/\/hubsch-interior.com\/wp-content\/uploads\/2026\/02\/maru-pots-large-light-green-set-of-2-0f5c1a45f790634ce70779b09aa7243c.jpg\",\"datePublished\":\"2026-01-31T04:21:14+00:00\",\"dateModified\":\"2026-04-05T03:23:35+00:00\",\"description\":\"Sanfte Kurven, gl\u00e4nzende Glasur und ein Hauch von Gelassenheit. Der Maru Topf in Hellgr\u00fcn f\u00fcgt mit einem retro Touch eine sanfte Farbexplosion hinzu,\",\"breadcrumb\":{\"@id\":\"https:\/\/hubsch-interior.com\/de\/produkt\/maru-topfe-large-hellgrun-2er-set\/#breadcrumb\"},\"inLanguage\":\"de\",\"potentialAction\":[{\"@type\":\"ReadAction\",\"target\":[\"https:\/\/hubsch-interior.com\/de\/produkt\/maru-topfe-large-hellgrun-2er-set\/\"]}]},{\"@type\":\"ImageObject\",\"inLanguage\":\"de\",\"@id\":\"https:\/\/hubsch-interior.com\/de\/produkt\/maru-topfe-large-hellgrun-2er-set\/#primaryimage\",\"url\":\"https:\/\/hubsch-interior.com\/wp-content\/uploads\/2026\/02\/maru-pots-large-light-green-set-of-2-0f5c1a45f790634ce70779b09aa7243c.jpg\",\"contentUrl\":\"https:\/\/hubsch-interior.com\/wp-content\/uploads\/2026\/02\/maru-pots-large-light-green-set-of-2-0f5c1a45f790634ce70779b09aa7243c.jpg\",\"width\":1024,\"height\":1024},{\"@type\":\"BreadcrumbList\",\"@id\":\"https:\/\/hubsch-interior.com\/de\/produkt\/maru-topfe-large-hellgrun-2er-set\/#breadcrumb\",\"itemListElement\":[{\"@type\":\"ListItem\",\"position\":1,\"name\":\"Startseite\",\"item\":\"https:\/\/hubsch-interior.com\/de\/\"},{\"@type\":\"ListItem\",\"position\":2,\"name\":\"Produkte\",\"item\":\"https:\/\/hubsch-interior.com\/de\/shop-2\/\"},{\"@type\":\"ListItem\",\"position\":3,\"name\":\"Maru T\u00f6pfe Large Hellgr\u00fcn (2er Set)\"}]},{\"@type\":\"WebSite\",\"@id\":\"https:\/\/hubsch-interior.com\/de\/#website\",\"url\":\"https:\/\/hubsch-interior.com\/de\/\",\"name\":\"H\u00fcbsch\",\"description\":\"Danish Home Interior and Design\",\"publisher\":{\"@id\":\"https:\/\/hubsch-interior.com\/de\/#organization\"},\"potentialAction\":[{\"@type\":\"SearchAction\",\"target\":{\"@type\":\"EntryPoint\",\"urlTemplate\":\"https:\/\/hubsch-interior.com\/de\/?s={search_term_string}\"},\"query-input\":{\"@type\":\"PropertyValueSpecification\",\"valueRequired\":true,\"valueName\":\"search_term_string\"}}],\"inLanguage\":\"de\"},{\"@type\":\"Organization\",\"@id\":\"https:\/\/hubsch-interior.com\/de\/#organization\",\"name\":\"H\u00fcbsch\",\"url\":\"https:\/\/hubsch-interior.com\/de\/\",\"logo\":{\"@type\":\"ImageObject\",\"inLanguage\":\"de\",\"@id\":\"https:\/\/hubsch-interior.com\/de\/#\/schema\/logo\/image\/\",\"url\":\"https:\/\/hubsch-interior.com\/wp-content\/uploads\/2022\/12\/Hubsch_logo_black_one_line.svg\",\"contentUrl\":\"https:\/\/hubsch-interior.com\/wp-content\/uploads\/2022\/12\/Hubsch_logo_black_one_line.svg\",\"caption\":\"H\u00fcbsch\"},\"image\":{\"@id\":\"https:\/\/hubsch-interior.com\/de\/#\/schema\/logo\/image\/\"}}]}<\/script>\n<!-- \/ Yoast SEO plugin. -->","yoast_head_json":{"title":"Maru T\u00f6pfe Large Hellgr\u00fcn (2er Set) - H\u00fcbsch","description":"Sanfte Kurven, gl\u00e4nzende Glasur und ein Hauch von Gelassenheit. Der Maru Topf in Hellgr\u00fcn f\u00fcgt mit einem retro Touch eine sanfte Farbexplosion hinzu,","robots":{"index":"index","follow":"follow","max-snippet":"max-snippet:-1","max-image-preview":"max-image-preview:large","max-video-preview":"max-video-preview:-1"},"canonical":"https:\/\/hubsch-interior.com\/de\/wp-json\/wp\/v2\/product\/1088853","og_locale":"de_DE","og_type":"article","og_title":"Maru T\u00f6pfe Large Hellgr\u00fcn (2er Set) - H\u00fcbsch","og_description":"Sanfte Kurven, gl\u00e4nzende Glasur und ein Hauch von Gelassenheit. Der Maru Topf in Hellgr\u00fcn f\u00fcgt mit einem retro Touch eine sanfte Farbexplosion hinzu,","og_url":"https:\/\/hubsch-interior.com\/de\/produkt\/maru-topfe-large-hellgrun-2er-set\/","og_site_name":"H\u00fcbsch","article_modified_time":"2026-04-05T03:23:35+00:00","og_image":[{"width":1200,"height":1200,"url":"https:\/\/hubsch-interior.com\/wp-content\/uploads\/2026\/01\/maru-pots-large-light-green-set-of-2-f4667e1afdea9ce93cf098939492cf47.jpg","type":"image\/jpeg"}],"twitter_card":"summary_large_image","schema":{"@context":"https:\/\/schema.org","@graph":[{"@type":"WebPage","@id":"https:\/\/hubsch-interior.com\/de\/produkt\/maru-topfe-large-hellgrun-2er-set\/","url":"https:\/\/hubsch-interior.com\/de\/produkt\/maru-topfe-large-hellgrun-2er-set\/","name":"Maru T\u00f6pfe Large Hellgr\u00fcn (2er Set) - H\u00fcbsch","isPartOf":{"@id":"https:\/\/hubsch-interior.com\/de\/#website"},"primaryImageOfPage":{"@id":"https:\/\/hubsch-interior.com\/de\/produkt\/maru-topfe-large-hellgrun-2er-set\/#primaryimage"},"image":{"@id":"https:\/\/hubsch-interior.com\/de\/produkt\/maru-topfe-large-hellgrun-2er-set\/#primaryimage"},"thumbnailUrl":"https:\/\/hubsch-interior.com\/wp-content\/uploads\/2026\/02\/maru-pots-large-light-green-set-of-2-0f5c1a45f790634ce70779b09aa7243c.jpg","datePublished":"2026-01-31T04:21:14+00:00","dateModified":"2026-04-05T03:23:35+00:00","description":"Sanfte Kurven, gl\u00e4nzende Glasur und ein Hauch von Gelassenheit. Der Maru Topf in Hellgr\u00fcn f\u00fcgt mit einem retro Touch eine sanfte Farbexplosion hinzu,","breadcrumb":{"@id":"https:\/\/hubsch-interior.com\/de\/produkt\/maru-topfe-large-hellgrun-2er-set\/#breadcrumb"},"inLanguage":"de","potentialAction":[{"@type":"ReadAction","target":["https:\/\/hubsch-interior.com\/de\/produkt\/maru-topfe-large-hellgrun-2er-set\/"]}]},{"@type":"ImageObject","inLanguage":"de","@id":"https:\/\/hubsch-interior.com\/de\/produkt\/maru-topfe-large-hellgrun-2er-set\/#primaryimage","url":"https:\/\/hubsch-interior.com\/wp-content\/uploads\/2026\/02\/maru-pots-large-light-green-set-of-2-0f5c1a45f790634ce70779b09aa7243c.jpg","contentUrl":"https:\/\/hubsch-interior.com\/wp-content\/uploads\/2026\/02\/maru-pots-large-light-green-set-of-2-0f5c1a45f790634ce70779b09aa7243c.jpg","width":1024,"height":1024},{"@type":"BreadcrumbList","@id":"https:\/\/hubsch-interior.com\/de\/produkt\/maru-topfe-large-hellgrun-2er-set\/#breadcrumb","itemListElement":[{"@type":"ListItem","position":1,"name":"Startseite","item":"https:\/\/hubsch-interior.com\/de\/"},{"@type":"ListItem","position":2,"name":"Produkte","item":"https:\/\/hubsch-interior.com\/de\/shop-2\/"},{"@type":"ListItem","position":3,"name":"Maru T\u00f6pfe Large Hellgr\u00fcn (2er Set)"}]},{"@type":"WebSite","@id":"https:\/\/hubsch-interior.com\/de\/#website","url":"https:\/\/hubsch-interior.com\/de\/","name":"H\u00fcbsch","description":"Danish Home Interior and Design","publisher":{"@id":"https:\/\/hubsch-interior.com\/de\/#organization"},"potentialAction":[{"@type":"SearchAction","target":{"@type":"EntryPoint","urlTemplate":"https:\/\/hubsch-interior.com\/de\/?s={search_term_string}"},"query-input":{"@type":"PropertyValueSpecification","valueRequired":true,"valueName":"search_term_string"}}],"inLanguage":"de"},{"@type":"Organization","@id":"https:\/\/hubsch-interior.com\/de\/#organization","name":"H\u00fcbsch","url":"https:\/\/hubsch-interior.com\/de\/","logo":{"@type":"ImageObject","inLanguage":"de","@id":"https:\/\/hubsch-interior.com\/de\/#\/schema\/logo\/image\/","url":"https:\/\/hubsch-interior.com\/wp-content\/uploads\/2022\/12\/Hubsch_logo_black_one_line.svg","contentUrl":"https:\/\/hubsch-interior.com\/wp-content\/uploads\/2022\/12\/Hubsch_logo_black_one_line.svg","caption":"H\u00fcbsch"},"image":{"@id":"https:\/\/hubsch-interior.com\/de\/#\/schema\/logo\/image\/"}}]}},"_links":{"self":[{"href":"https:\/\/hubsch-interior.com\/de\/wp-json\/wp\/v2\/product\/1088853","targetHints":{"allow":["GET"]}}],"collection":[{"href":"https:\/\/hubsch-interior.com\/de\/wp-json\/wp\/v2\/product"}],"about":[{"href":"https:\/\/hubsch-interior.com\/de\/wp-json\/wp\/v2\/types\/product"}],"wp:featuredmedia":[{"embeddable":true,"href":"https:\/\/hubsch-interior.com\/de\/wp-json\/wp\/v2\/media\/1111345"}],"wp:attachment":[{"href":"https:\/\/hubsch-interior.com\/de\/wp-json\/wp\/v2\/media?parent=1088853"}],"wp:term":[{"taxonomy":"product_brand","embeddable":true,"href":"https:\/\/hubsch-interior.com\/de\/wp-json\/wp\/v2\/product_brand?post=1088853"},{"taxonomy":"product_cat","embeddable":true,"href":"https:\/\/hubsch-interior.com\/de\/wp-json\/wp\/v2\/product_cat?post=1088853"},{"taxonomy":"product_tag","embeddable":true,"href":"https:\/\/hubsch-interior.com\/de\/wp-json\/wp\/v2\/product_tag?post=1088853"}],"curies":[{"name":"wp","href":"https:\/\/api.w.org\/{rel}","templated":true}]}}