{"id":1088877,"date":"2026-01-31T05:21:26","date_gmt":"2026-01-31T04:21:26","guid":{"rendered":"https:\/\/hubsch-interior.com\/product\/product\/"},"modified":"2026-04-05T05:23:39","modified_gmt":"2026-04-05T03:23:39","slug":"remi-hangelampe-blau-beige","status":"publish","type":"product","link":"https:\/\/hubsch-interior.com\/de\/produkt\/remi-hangelampe-blau-beige\/","title":{"rendered":"Remi H\u00e4ngelampe Blau\/Beige"},"content":{"rendered":"<p>Eine gl\u00e4nzende Hommage an das goldene Zeitalter der Farben. Die Remi H\u00e4ngelampe in Blau und Beige greift den verspielten Charme der sp\u00e4ten 60er Jahre mit ihrer kr\u00e4ftigen Farbpalette und geschwungenen Silhouette auf. Ihre gl\u00e4nzende Oberfl\u00e4che l\u00e4sst die Farbt\u00f6ne lebendig werden und wirft ein warmes, einladendes Licht, das von oben die perfekte Stimmung schafft. In zwei reizenden Varianten erh\u00e4ltlich, ist Remi ein wenig retro, ein wenig modern \u2013 und immer bereit, ein L\u00e4cheln zu entz\u00fcnden.<\/p>\n","protected":false},"excerpt":{"rendered":"<p>Eine gl\u00e4nzende Hommage an das goldene Zeitalter der Farben. Die Remi H\u00e4ngelampe in Blau und Beige greift den verspielten Charme der sp\u00e4ten 60er Jahre mit ihrer kr\u00e4ftigen Farbpalette und geschwungenen Silhouette auf. Ihre gl\u00e4nzende Oberfl\u00e4che l\u00e4sst die Farbt\u00f6ne lebendig werden und wirft ein warmes, einladendes Licht, das von oben die perfekte Stimmung schafft. In zwei [&hellip;]<\/p>\n","protected":false},"featured_media":1114605,"template":"","meta":{"_acf_changed":false,"inline_featured_image":false},"product_brand":[],"product_cat":[7155,3809,4148,5027,5047],"product_tag":[],"class_list":{"0":"post-1088877","1":"product","2":"type-product","3":"status-publish","4":"has-post-thumbnail","6":"product_cat-dweller-de","7":"product_cat-beleuchtung","8":"product_cat-haengelampen-de","9":"product_cat-bestsellers-de","10":"product_cat-neuheiten-de","11":"product_shipping_class-pk","13":"pa_color-beige-4","14":"pa_color-blau-2","15":"pa_material-eisen-de","17":"first","18":"instock","19":"featured","20":"taxable","21":"shipping-taxable","22":"purchasable","23":"product-type-simple"},"exclude_global_add_ons":[],"addons":[],"acf":[],"yoast_head":"<!-- This site is optimized with the Yoast SEO plugin v26.4 - https:\/\/yoast.com\/wordpress\/plugins\/seo\/ -->\n<title>Remi H\u00e4ngelampe Blau\/Beige - H\u00fcbsch<\/title>\n<meta name=\"description\" content=\"Eine gl\u00e4nzende Hommage an das goldene Zeitalter der Farben. Die Remi H\u00e4ngelampe in Blau und Beige greift den verspielten Charme der sp\u00e4ten 60er Jahre mit\" \/>\n<meta name=\"robots\" content=\"index, follow, max-snippet:-1, max-image-preview:large, max-video-preview:-1\" \/>\n<link rel=\"canonical\" href=\"https:\/\/hubsch-interior.com\/de\/wp-json\/wp\/v2\/product\/1088877\" \/>\n<meta property=\"og:locale\" content=\"de_DE\" \/>\n<meta property=\"og:type\" content=\"article\" \/>\n<meta property=\"og:title\" content=\"Remi H\u00e4ngelampe Blau\/Beige - H\u00fcbsch\" \/>\n<meta property=\"og:description\" content=\"Eine gl\u00e4nzende Hommage an das goldene Zeitalter der Farben. Die Remi H\u00e4ngelampe in Blau und Beige greift den verspielten Charme der sp\u00e4ten 60er Jahre mit\" \/>\n<meta property=\"og:url\" content=\"https:\/\/hubsch-interior.com\/de\/produkt\/remi-hangelampe-blau-beige\/\" \/>\n<meta property=\"og:site_name\" content=\"H\u00fcbsch\" \/>\n<meta property=\"article:modified_time\" content=\"2026-04-05T03:23:39+00:00\" \/>\n<meta property=\"og:image\" content=\"https:\/\/hubsch-interior.com\/wp-content\/uploads\/2026\/01\/remi-pendant-bluebeige-73d623c1612a3eac20f996a75d44349a.jpg\" \/>\n\t<meta property=\"og:image:width\" content=\"1200\" \/>\n\t<meta property=\"og:image:height\" content=\"1200\" \/>\n\t<meta property=\"og:image:type\" content=\"image\/jpeg\" \/>\n<meta name=\"twitter:card\" content=\"summary_large_image\" \/>\n<script type=\"application\/ld+json\" class=\"yoast-schema-graph\">{\"@context\":\"https:\/\/schema.org\",\"@graph\":[{\"@type\":\"WebPage\",\"@id\":\"https:\/\/hubsch-interior.com\/de\/produkt\/remi-hangelampe-blau-beige\/\",\"url\":\"https:\/\/hubsch-interior.com\/de\/produkt\/remi-hangelampe-blau-beige\/\",\"name\":\"Remi H\u00e4ngelampe Blau\/Beige - H\u00fcbsch\",\"isPartOf\":{\"@id\":\"https:\/\/hubsch-interior.com\/de\/#website\"},\"primaryImageOfPage\":{\"@id\":\"https:\/\/hubsch-interior.com\/de\/produkt\/remi-hangelampe-blau-beige\/#primaryimage\"},\"image\":{\"@id\":\"https:\/\/hubsch-interior.com\/de\/produkt\/remi-hangelampe-blau-beige\/#primaryimage\"},\"thumbnailUrl\":\"https:\/\/hubsch-interior.com\/wp-content\/uploads\/2026\/02\/remi-pendant-bluebeige-b8e1fec3b5899d761423b8324f43e12c.jpg\",\"datePublished\":\"2026-01-31T04:21:26+00:00\",\"dateModified\":\"2026-04-05T03:23:39+00:00\",\"description\":\"Eine gl\u00e4nzende Hommage an das goldene Zeitalter der Farben. Die Remi H\u00e4ngelampe in Blau und Beige greift den verspielten Charme der sp\u00e4ten 60er Jahre mit\",\"breadcrumb\":{\"@id\":\"https:\/\/hubsch-interior.com\/de\/produkt\/remi-hangelampe-blau-beige\/#breadcrumb\"},\"inLanguage\":\"de\",\"potentialAction\":[{\"@type\":\"ReadAction\",\"target\":[\"https:\/\/hubsch-interior.com\/de\/produkt\/remi-hangelampe-blau-beige\/\"]}]},{\"@type\":\"ImageObject\",\"inLanguage\":\"de\",\"@id\":\"https:\/\/hubsch-interior.com\/de\/produkt\/remi-hangelampe-blau-beige\/#primaryimage\",\"url\":\"https:\/\/hubsch-interior.com\/wp-content\/uploads\/2026\/02\/remi-pendant-bluebeige-b8e1fec3b5899d761423b8324f43e12c.jpg\",\"contentUrl\":\"https:\/\/hubsch-interior.com\/wp-content\/uploads\/2026\/02\/remi-pendant-bluebeige-b8e1fec3b5899d761423b8324f43e12c.jpg\",\"width\":1024,\"height\":1024},{\"@type\":\"BreadcrumbList\",\"@id\":\"https:\/\/hubsch-interior.com\/de\/produkt\/remi-hangelampe-blau-beige\/#breadcrumb\",\"itemListElement\":[{\"@type\":\"ListItem\",\"position\":1,\"name\":\"Startseite\",\"item\":\"https:\/\/hubsch-interior.com\/de\/\"},{\"@type\":\"ListItem\",\"position\":2,\"name\":\"Produkte\",\"item\":\"https:\/\/hubsch-interior.com\/de\/shop-2\/\"},{\"@type\":\"ListItem\",\"position\":3,\"name\":\"Remi H\u00e4ngelampe Blau\/Beige\"}]},{\"@type\":\"WebSite\",\"@id\":\"https:\/\/hubsch-interior.com\/de\/#website\",\"url\":\"https:\/\/hubsch-interior.com\/de\/\",\"name\":\"H\u00fcbsch\",\"description\":\"Danish Home Interior and Design\",\"publisher\":{\"@id\":\"https:\/\/hubsch-interior.com\/de\/#organization\"},\"potentialAction\":[{\"@type\":\"SearchAction\",\"target\":{\"@type\":\"EntryPoint\",\"urlTemplate\":\"https:\/\/hubsch-interior.com\/de\/?s={search_term_string}\"},\"query-input\":{\"@type\":\"PropertyValueSpecification\",\"valueRequired\":true,\"valueName\":\"search_term_string\"}}],\"inLanguage\":\"de\"},{\"@type\":\"Organization\",\"@id\":\"https:\/\/hubsch-interior.com\/de\/#organization\",\"name\":\"H\u00fcbsch\",\"url\":\"https:\/\/hubsch-interior.com\/de\/\",\"logo\":{\"@type\":\"ImageObject\",\"inLanguage\":\"de\",\"@id\":\"https:\/\/hubsch-interior.com\/de\/#\/schema\/logo\/image\/\",\"url\":\"https:\/\/hubsch-interior.com\/wp-content\/uploads\/2022\/12\/Hubsch_logo_black_one_line.svg\",\"contentUrl\":\"https:\/\/hubsch-interior.com\/wp-content\/uploads\/2022\/12\/Hubsch_logo_black_one_line.svg\",\"caption\":\"H\u00fcbsch\"},\"image\":{\"@id\":\"https:\/\/hubsch-interior.com\/de\/#\/schema\/logo\/image\/\"}}]}<\/script>\n<!-- \/ Yoast SEO plugin. -->","yoast_head_json":{"title":"Remi H\u00e4ngelampe Blau\/Beige - H\u00fcbsch","description":"Eine gl\u00e4nzende Hommage an das goldene Zeitalter der Farben. Die Remi H\u00e4ngelampe in Blau und Beige greift den verspielten Charme der sp\u00e4ten 60er Jahre mit","robots":{"index":"index","follow":"follow","max-snippet":"max-snippet:-1","max-image-preview":"max-image-preview:large","max-video-preview":"max-video-preview:-1"},"canonical":"https:\/\/hubsch-interior.com\/de\/wp-json\/wp\/v2\/product\/1088877","og_locale":"de_DE","og_type":"article","og_title":"Remi H\u00e4ngelampe Blau\/Beige - H\u00fcbsch","og_description":"Eine gl\u00e4nzende Hommage an das goldene Zeitalter der Farben. Die Remi H\u00e4ngelampe in Blau und Beige greift den verspielten Charme der sp\u00e4ten 60er Jahre mit","og_url":"https:\/\/hubsch-interior.com\/de\/produkt\/remi-hangelampe-blau-beige\/","og_site_name":"H\u00fcbsch","article_modified_time":"2026-04-05T03:23:39+00:00","og_image":[{"width":1200,"height":1200,"url":"https:\/\/hubsch-interior.com\/wp-content\/uploads\/2026\/01\/remi-pendant-bluebeige-73d623c1612a3eac20f996a75d44349a.jpg","type":"image\/jpeg"}],"twitter_card":"summary_large_image","schema":{"@context":"https:\/\/schema.org","@graph":[{"@type":"WebPage","@id":"https:\/\/hubsch-interior.com\/de\/produkt\/remi-hangelampe-blau-beige\/","url":"https:\/\/hubsch-interior.com\/de\/produkt\/remi-hangelampe-blau-beige\/","name":"Remi H\u00e4ngelampe Blau\/Beige - H\u00fcbsch","isPartOf":{"@id":"https:\/\/hubsch-interior.com\/de\/#website"},"primaryImageOfPage":{"@id":"https:\/\/hubsch-interior.com\/de\/produkt\/remi-hangelampe-blau-beige\/#primaryimage"},"image":{"@id":"https:\/\/hubsch-interior.com\/de\/produkt\/remi-hangelampe-blau-beige\/#primaryimage"},"thumbnailUrl":"https:\/\/hubsch-interior.com\/wp-content\/uploads\/2026\/02\/remi-pendant-bluebeige-b8e1fec3b5899d761423b8324f43e12c.jpg","datePublished":"2026-01-31T04:21:26+00:00","dateModified":"2026-04-05T03:23:39+00:00","description":"Eine gl\u00e4nzende Hommage an das goldene Zeitalter der Farben. Die Remi H\u00e4ngelampe in Blau und Beige greift den verspielten Charme der sp\u00e4ten 60er Jahre mit","breadcrumb":{"@id":"https:\/\/hubsch-interior.com\/de\/produkt\/remi-hangelampe-blau-beige\/#breadcrumb"},"inLanguage":"de","potentialAction":[{"@type":"ReadAction","target":["https:\/\/hubsch-interior.com\/de\/produkt\/remi-hangelampe-blau-beige\/"]}]},{"@type":"ImageObject","inLanguage":"de","@id":"https:\/\/hubsch-interior.com\/de\/produkt\/remi-hangelampe-blau-beige\/#primaryimage","url":"https:\/\/hubsch-interior.com\/wp-content\/uploads\/2026\/02\/remi-pendant-bluebeige-b8e1fec3b5899d761423b8324f43e12c.jpg","contentUrl":"https:\/\/hubsch-interior.com\/wp-content\/uploads\/2026\/02\/remi-pendant-bluebeige-b8e1fec3b5899d761423b8324f43e12c.jpg","width":1024,"height":1024},{"@type":"BreadcrumbList","@id":"https:\/\/hubsch-interior.com\/de\/produkt\/remi-hangelampe-blau-beige\/#breadcrumb","itemListElement":[{"@type":"ListItem","position":1,"name":"Startseite","item":"https:\/\/hubsch-interior.com\/de\/"},{"@type":"ListItem","position":2,"name":"Produkte","item":"https:\/\/hubsch-interior.com\/de\/shop-2\/"},{"@type":"ListItem","position":3,"name":"Remi H\u00e4ngelampe Blau\/Beige"}]},{"@type":"WebSite","@id":"https:\/\/hubsch-interior.com\/de\/#website","url":"https:\/\/hubsch-interior.com\/de\/","name":"H\u00fcbsch","description":"Danish Home Interior and Design","publisher":{"@id":"https:\/\/hubsch-interior.com\/de\/#organization"},"potentialAction":[{"@type":"SearchAction","target":{"@type":"EntryPoint","urlTemplate":"https:\/\/hubsch-interior.com\/de\/?s={search_term_string}"},"query-input":{"@type":"PropertyValueSpecification","valueRequired":true,"valueName":"search_term_string"}}],"inLanguage":"de"},{"@type":"Organization","@id":"https:\/\/hubsch-interior.com\/de\/#organization","name":"H\u00fcbsch","url":"https:\/\/hubsch-interior.com\/de\/","logo":{"@type":"ImageObject","inLanguage":"de","@id":"https:\/\/hubsch-interior.com\/de\/#\/schema\/logo\/image\/","url":"https:\/\/hubsch-interior.com\/wp-content\/uploads\/2022\/12\/Hubsch_logo_black_one_line.svg","contentUrl":"https:\/\/hubsch-interior.com\/wp-content\/uploads\/2022\/12\/Hubsch_logo_black_one_line.svg","caption":"H\u00fcbsch"},"image":{"@id":"https:\/\/hubsch-interior.com\/de\/#\/schema\/logo\/image\/"}}]}},"_links":{"self":[{"href":"https:\/\/hubsch-interior.com\/de\/wp-json\/wp\/v2\/product\/1088877","targetHints":{"allow":["GET"]}}],"collection":[{"href":"https:\/\/hubsch-interior.com\/de\/wp-json\/wp\/v2\/product"}],"about":[{"href":"https:\/\/hubsch-interior.com\/de\/wp-json\/wp\/v2\/types\/product"}],"wp:featuredmedia":[{"embeddable":true,"href":"https:\/\/hubsch-interior.com\/de\/wp-json\/wp\/v2\/media\/1114605"}],"wp:attachment":[{"href":"https:\/\/hubsch-interior.com\/de\/wp-json\/wp\/v2\/media?parent=1088877"}],"wp:term":[{"taxonomy":"product_brand","embeddable":true,"href":"https:\/\/hubsch-interior.com\/de\/wp-json\/wp\/v2\/product_brand?post=1088877"},{"taxonomy":"product_cat","embeddable":true,"href":"https:\/\/hubsch-interior.com\/de\/wp-json\/wp\/v2\/product_cat?post=1088877"},{"taxonomy":"product_tag","embeddable":true,"href":"https:\/\/hubsch-interior.com\/de\/wp-json\/wp\/v2\/product_tag?post=1088877"}],"curies":[{"name":"wp","href":"https:\/\/api.w.org\/{rel}","templated":true}]}}