{"id":1088897,"date":"2026-01-31T05:21:39","date_gmt":"2026-01-31T04:21:39","guid":{"rendered":"https:\/\/hubsch-interior.com\/product\/product\/"},"modified":"2026-04-06T05:17:16","modified_gmt":"2026-04-06T03:17:16","slug":"remi-hangelampe-grun-rot","status":"publish","type":"product","link":"https:\/\/hubsch-interior.com\/de\/produkt\/remi-hangelampe-grun-rot\/","title":{"rendered":"Remi H\u00e4ngelampe Gr\u00fcn\/Rot"},"content":{"rendered":"<p>Mutig, gl\u00e4nzend und ein bisschen unerwartet. Die Remi H\u00e4ngelampe in lebhaftem Gr\u00fcn und reichem Rot f\u00e4ngt den Geist der sp\u00e4ten 60er Jahre ein mit einer verspielten Farbkombination, die man einfach nicht \u00fcbersehen kann. Ihre hochgl\u00e4nzende Oberfl\u00e4che bringt die Retro-Farbpalette zum Leben, wirft ein warmes Leuchten und einen Schub von Pers\u00f6nlichkeit \u00fcber jede Ecke. In zwei auff\u00e4lligen Stilen erh\u00e4ltlich, macht Remi eine strahlende Aussage \u2013 ob \u00fcber dem Tisch h\u00e4ngend oder Ihr Lieblingseck beleuchtend.<\/p>\n","protected":false},"excerpt":{"rendered":"<p>Mutig, gl\u00e4nzend und ein bisschen unerwartet. Die Remi H\u00e4ngelampe in lebhaftem Gr\u00fcn und reichem Rot f\u00e4ngt den Geist der sp\u00e4ten 60er Jahre ein mit einer verspielten Farbkombination, die man einfach nicht \u00fcbersehen kann. Ihre hochgl\u00e4nzende Oberfl\u00e4che bringt die Retro-Farbpalette zum Leben, wirft ein warmes Leuchten und einen Schub von Pers\u00f6nlichkeit \u00fcber jede Ecke. In zwei [&hellip;]<\/p>\n","protected":false},"featured_media":1114621,"template":"","meta":{"_acf_changed":false,"inline_featured_image":false},"product_brand":[],"product_cat":[3809,5027,7155,4148,5047],"product_tag":[],"class_list":{"0":"post-1088897","1":"product","2":"type-product","3":"status-publish","4":"has-post-thumbnail","6":"product_cat-beleuchtung","7":"product_cat-bestsellers-de","8":"product_cat-dweller-de","9":"product_cat-haengelampen-de","10":"product_cat-neuheiten-de","11":"product_shipping_class-pk","13":"pa_color-grn-2","14":"pa_color-rot-2","15":"pa_material-eisen-de","17":"first","18":"instock","19":"featured","20":"taxable","21":"shipping-taxable","22":"purchasable","23":"product-type-simple"},"exclude_global_add_ons":[],"addons":[],"acf":[],"yoast_head":"<!-- This site is optimized with the Yoast SEO plugin v26.4 - https:\/\/yoast.com\/wordpress\/plugins\/seo\/ -->\n<title>Remi H\u00e4ngelampe Gr\u00fcn\/Rot - H\u00fcbsch<\/title>\n<meta name=\"description\" content=\"Mutig, gl\u00e4nzend und ein bisschen unerwartet. Die Remi H\u00e4ngelampe in lebhaftem Gr\u00fcn und reichem Rot f\u00e4ngt den Geist der sp\u00e4ten 60er Jahre ein mit einer\" \/>\n<meta name=\"robots\" content=\"index, follow, max-snippet:-1, max-image-preview:large, max-video-preview:-1\" \/>\n<link rel=\"canonical\" href=\"https:\/\/hubsch-interior.com\/de\/wp-json\/wp\/v2\/product\/1088897\" \/>\n<meta property=\"og:locale\" content=\"de_DE\" \/>\n<meta property=\"og:type\" content=\"article\" \/>\n<meta property=\"og:title\" content=\"Remi H\u00e4ngelampe Gr\u00fcn\/Rot - H\u00fcbsch\" \/>\n<meta property=\"og:description\" content=\"Mutig, gl\u00e4nzend und ein bisschen unerwartet. Die Remi H\u00e4ngelampe in lebhaftem Gr\u00fcn und reichem Rot f\u00e4ngt den Geist der sp\u00e4ten 60er Jahre ein mit einer\" \/>\n<meta property=\"og:url\" content=\"https:\/\/hubsch-interior.com\/de\/produkt\/remi-hangelampe-grun-rot\/\" \/>\n<meta property=\"og:site_name\" content=\"H\u00fcbsch\" \/>\n<meta property=\"article:modified_time\" content=\"2026-04-06T03:17:16+00:00\" \/>\n<meta property=\"og:image\" content=\"https:\/\/hubsch-interior.com\/wp-content\/uploads\/2026\/01\/remi-pendant-greenred-515a3e12f38fe0ecf8bf1ae5806cdc31.jpg\" \/>\n\t<meta property=\"og:image:width\" content=\"1200\" \/>\n\t<meta property=\"og:image:height\" content=\"1200\" \/>\n\t<meta property=\"og:image:type\" content=\"image\/jpeg\" \/>\n<meta name=\"twitter:card\" content=\"summary_large_image\" \/>\n<script type=\"application\/ld+json\" class=\"yoast-schema-graph\">{\"@context\":\"https:\/\/schema.org\",\"@graph\":[{\"@type\":\"WebPage\",\"@id\":\"https:\/\/hubsch-interior.com\/de\/produkt\/remi-hangelampe-grun-rot\/\",\"url\":\"https:\/\/hubsch-interior.com\/de\/produkt\/remi-hangelampe-grun-rot\/\",\"name\":\"Remi H\u00e4ngelampe Gr\u00fcn\/Rot - H\u00fcbsch\",\"isPartOf\":{\"@id\":\"https:\/\/hubsch-interior.com\/de\/#website\"},\"primaryImageOfPage\":{\"@id\":\"https:\/\/hubsch-interior.com\/de\/produkt\/remi-hangelampe-grun-rot\/#primaryimage\"},\"image\":{\"@id\":\"https:\/\/hubsch-interior.com\/de\/produkt\/remi-hangelampe-grun-rot\/#primaryimage\"},\"thumbnailUrl\":\"https:\/\/hubsch-interior.com\/wp-content\/uploads\/2026\/02\/remi-pendant-greenred-6a523260935e8c1c6ba0162a212e6f22.jpg\",\"datePublished\":\"2026-01-31T04:21:39+00:00\",\"dateModified\":\"2026-04-06T03:17:16+00:00\",\"description\":\"Mutig, gl\u00e4nzend und ein bisschen unerwartet. Die Remi H\u00e4ngelampe in lebhaftem Gr\u00fcn und reichem Rot f\u00e4ngt den Geist der sp\u00e4ten 60er Jahre ein mit einer\",\"breadcrumb\":{\"@id\":\"https:\/\/hubsch-interior.com\/de\/produkt\/remi-hangelampe-grun-rot\/#breadcrumb\"},\"inLanguage\":\"de\",\"potentialAction\":[{\"@type\":\"ReadAction\",\"target\":[\"https:\/\/hubsch-interior.com\/de\/produkt\/remi-hangelampe-grun-rot\/\"]}]},{\"@type\":\"ImageObject\",\"inLanguage\":\"de\",\"@id\":\"https:\/\/hubsch-interior.com\/de\/produkt\/remi-hangelampe-grun-rot\/#primaryimage\",\"url\":\"https:\/\/hubsch-interior.com\/wp-content\/uploads\/2026\/02\/remi-pendant-greenred-6a523260935e8c1c6ba0162a212e6f22.jpg\",\"contentUrl\":\"https:\/\/hubsch-interior.com\/wp-content\/uploads\/2026\/02\/remi-pendant-greenred-6a523260935e8c1c6ba0162a212e6f22.jpg\",\"width\":1024,\"height\":1024},{\"@type\":\"BreadcrumbList\",\"@id\":\"https:\/\/hubsch-interior.com\/de\/produkt\/remi-hangelampe-grun-rot\/#breadcrumb\",\"itemListElement\":[{\"@type\":\"ListItem\",\"position\":1,\"name\":\"Startseite\",\"item\":\"https:\/\/hubsch-interior.com\/de\/\"},{\"@type\":\"ListItem\",\"position\":2,\"name\":\"Produkte\",\"item\":\"https:\/\/hubsch-interior.com\/de\/shop-2\/\"},{\"@type\":\"ListItem\",\"position\":3,\"name\":\"Remi H\u00e4ngelampe Gr\u00fcn\/Rot\"}]},{\"@type\":\"WebSite\",\"@id\":\"https:\/\/hubsch-interior.com\/de\/#website\",\"url\":\"https:\/\/hubsch-interior.com\/de\/\",\"name\":\"H\u00fcbsch\",\"description\":\"Danish Home Interior and Design\",\"publisher\":{\"@id\":\"https:\/\/hubsch-interior.com\/de\/#organization\"},\"potentialAction\":[{\"@type\":\"SearchAction\",\"target\":{\"@type\":\"EntryPoint\",\"urlTemplate\":\"https:\/\/hubsch-interior.com\/de\/?s={search_term_string}\"},\"query-input\":{\"@type\":\"PropertyValueSpecification\",\"valueRequired\":true,\"valueName\":\"search_term_string\"}}],\"inLanguage\":\"de\"},{\"@type\":\"Organization\",\"@id\":\"https:\/\/hubsch-interior.com\/de\/#organization\",\"name\":\"H\u00fcbsch\",\"url\":\"https:\/\/hubsch-interior.com\/de\/\",\"logo\":{\"@type\":\"ImageObject\",\"inLanguage\":\"de\",\"@id\":\"https:\/\/hubsch-interior.com\/de\/#\/schema\/logo\/image\/\",\"url\":\"https:\/\/hubsch-interior.com\/wp-content\/uploads\/2022\/12\/Hubsch_logo_black_one_line.svg\",\"contentUrl\":\"https:\/\/hubsch-interior.com\/wp-content\/uploads\/2022\/12\/Hubsch_logo_black_one_line.svg\",\"caption\":\"H\u00fcbsch\"},\"image\":{\"@id\":\"https:\/\/hubsch-interior.com\/de\/#\/schema\/logo\/image\/\"}}]}<\/script>\n<!-- \/ Yoast SEO plugin. -->","yoast_head_json":{"title":"Remi H\u00e4ngelampe Gr\u00fcn\/Rot - H\u00fcbsch","description":"Mutig, gl\u00e4nzend und ein bisschen unerwartet. Die Remi H\u00e4ngelampe in lebhaftem Gr\u00fcn und reichem Rot f\u00e4ngt den Geist der sp\u00e4ten 60er Jahre ein mit einer","robots":{"index":"index","follow":"follow","max-snippet":"max-snippet:-1","max-image-preview":"max-image-preview:large","max-video-preview":"max-video-preview:-1"},"canonical":"https:\/\/hubsch-interior.com\/de\/wp-json\/wp\/v2\/product\/1088897","og_locale":"de_DE","og_type":"article","og_title":"Remi H\u00e4ngelampe Gr\u00fcn\/Rot - H\u00fcbsch","og_description":"Mutig, gl\u00e4nzend und ein bisschen unerwartet. Die Remi H\u00e4ngelampe in lebhaftem Gr\u00fcn und reichem Rot f\u00e4ngt den Geist der sp\u00e4ten 60er Jahre ein mit einer","og_url":"https:\/\/hubsch-interior.com\/de\/produkt\/remi-hangelampe-grun-rot\/","og_site_name":"H\u00fcbsch","article_modified_time":"2026-04-06T03:17:16+00:00","og_image":[{"width":1200,"height":1200,"url":"https:\/\/hubsch-interior.com\/wp-content\/uploads\/2026\/01\/remi-pendant-greenred-515a3e12f38fe0ecf8bf1ae5806cdc31.jpg","type":"image\/jpeg"}],"twitter_card":"summary_large_image","schema":{"@context":"https:\/\/schema.org","@graph":[{"@type":"WebPage","@id":"https:\/\/hubsch-interior.com\/de\/produkt\/remi-hangelampe-grun-rot\/","url":"https:\/\/hubsch-interior.com\/de\/produkt\/remi-hangelampe-grun-rot\/","name":"Remi H\u00e4ngelampe Gr\u00fcn\/Rot - H\u00fcbsch","isPartOf":{"@id":"https:\/\/hubsch-interior.com\/de\/#website"},"primaryImageOfPage":{"@id":"https:\/\/hubsch-interior.com\/de\/produkt\/remi-hangelampe-grun-rot\/#primaryimage"},"image":{"@id":"https:\/\/hubsch-interior.com\/de\/produkt\/remi-hangelampe-grun-rot\/#primaryimage"},"thumbnailUrl":"https:\/\/hubsch-interior.com\/wp-content\/uploads\/2026\/02\/remi-pendant-greenred-6a523260935e8c1c6ba0162a212e6f22.jpg","datePublished":"2026-01-31T04:21:39+00:00","dateModified":"2026-04-06T03:17:16+00:00","description":"Mutig, gl\u00e4nzend und ein bisschen unerwartet. Die Remi H\u00e4ngelampe in lebhaftem Gr\u00fcn und reichem Rot f\u00e4ngt den Geist der sp\u00e4ten 60er Jahre ein mit einer","breadcrumb":{"@id":"https:\/\/hubsch-interior.com\/de\/produkt\/remi-hangelampe-grun-rot\/#breadcrumb"},"inLanguage":"de","potentialAction":[{"@type":"ReadAction","target":["https:\/\/hubsch-interior.com\/de\/produkt\/remi-hangelampe-grun-rot\/"]}]},{"@type":"ImageObject","inLanguage":"de","@id":"https:\/\/hubsch-interior.com\/de\/produkt\/remi-hangelampe-grun-rot\/#primaryimage","url":"https:\/\/hubsch-interior.com\/wp-content\/uploads\/2026\/02\/remi-pendant-greenred-6a523260935e8c1c6ba0162a212e6f22.jpg","contentUrl":"https:\/\/hubsch-interior.com\/wp-content\/uploads\/2026\/02\/remi-pendant-greenred-6a523260935e8c1c6ba0162a212e6f22.jpg","width":1024,"height":1024},{"@type":"BreadcrumbList","@id":"https:\/\/hubsch-interior.com\/de\/produkt\/remi-hangelampe-grun-rot\/#breadcrumb","itemListElement":[{"@type":"ListItem","position":1,"name":"Startseite","item":"https:\/\/hubsch-interior.com\/de\/"},{"@type":"ListItem","position":2,"name":"Produkte","item":"https:\/\/hubsch-interior.com\/de\/shop-2\/"},{"@type":"ListItem","position":3,"name":"Remi H\u00e4ngelampe Gr\u00fcn\/Rot"}]},{"@type":"WebSite","@id":"https:\/\/hubsch-interior.com\/de\/#website","url":"https:\/\/hubsch-interior.com\/de\/","name":"H\u00fcbsch","description":"Danish Home Interior and Design","publisher":{"@id":"https:\/\/hubsch-interior.com\/de\/#organization"},"potentialAction":[{"@type":"SearchAction","target":{"@type":"EntryPoint","urlTemplate":"https:\/\/hubsch-interior.com\/de\/?s={search_term_string}"},"query-input":{"@type":"PropertyValueSpecification","valueRequired":true,"valueName":"search_term_string"}}],"inLanguage":"de"},{"@type":"Organization","@id":"https:\/\/hubsch-interior.com\/de\/#organization","name":"H\u00fcbsch","url":"https:\/\/hubsch-interior.com\/de\/","logo":{"@type":"ImageObject","inLanguage":"de","@id":"https:\/\/hubsch-interior.com\/de\/#\/schema\/logo\/image\/","url":"https:\/\/hubsch-interior.com\/wp-content\/uploads\/2022\/12\/Hubsch_logo_black_one_line.svg","contentUrl":"https:\/\/hubsch-interior.com\/wp-content\/uploads\/2022\/12\/Hubsch_logo_black_one_line.svg","caption":"H\u00fcbsch"},"image":{"@id":"https:\/\/hubsch-interior.com\/de\/#\/schema\/logo\/image\/"}}]}},"_links":{"self":[{"href":"https:\/\/hubsch-interior.com\/de\/wp-json\/wp\/v2\/product\/1088897","targetHints":{"allow":["GET"]}}],"collection":[{"href":"https:\/\/hubsch-interior.com\/de\/wp-json\/wp\/v2\/product"}],"about":[{"href":"https:\/\/hubsch-interior.com\/de\/wp-json\/wp\/v2\/types\/product"}],"wp:featuredmedia":[{"embeddable":true,"href":"https:\/\/hubsch-interior.com\/de\/wp-json\/wp\/v2\/media\/1114621"}],"wp:attachment":[{"href":"https:\/\/hubsch-interior.com\/de\/wp-json\/wp\/v2\/media?parent=1088897"}],"wp:term":[{"taxonomy":"product_brand","embeddable":true,"href":"https:\/\/hubsch-interior.com\/de\/wp-json\/wp\/v2\/product_brand?post=1088897"},{"taxonomy":"product_cat","embeddable":true,"href":"https:\/\/hubsch-interior.com\/de\/wp-json\/wp\/v2\/product_cat?post=1088897"},{"taxonomy":"product_tag","embeddable":true,"href":"https:\/\/hubsch-interior.com\/de\/wp-json\/wp\/v2\/product_tag?post=1088897"}],"curies":[{"name":"wp","href":"https:\/\/api.w.org\/{rel}","templated":true}]}}