{"id":1088909,"date":"2026-01-31T05:21:52","date_gmt":"2026-01-31T04:21:52","guid":{"rendered":"https:\/\/hubsch-interior.com\/product\/product\/"},"modified":"2026-04-05T05:23:48","modified_gmt":"2026-04-05T03:23:48","slug":"bend-kleiderstander-dunkelbraun","status":"publish","type":"product","link":"https:\/\/hubsch-interior.com\/de\/produkt\/bend-kleiderstander-dunkelbraun\/","title":{"rendered":"Bend Kleiderst\u00e4nder \u00a0Dunkelbraun"},"content":{"rendered":"<p>Minimalistische Form, maximale Wirkung. Der Bend Kleiderst\u00e4nder in tiefem Dunkelbraun bringt mit seiner gl\u00e4nzenden Oberfl\u00e4che und der m\u00fchelos eleganten Silhouette skulpturale Einfachheit in Ihren Eingangsbereich. F\u00fcr das moderne Wohnen konzipiert, bietet er gro\u00dfz\u00fcgigen H\u00e4ngeplatz, ohne dabei viel Bodenfl\u00e4che in Anspruch zu nehmen \u2014 perfekt f\u00fcr kompakte Ecken oder offene Hallen gleicherma\u00dfen. W\u00e4hlen Sie zwischen zwei schicken Varianten oder kombinieren Sie diese f\u00fcr einen abgestuften Look oder halten Sie es tonal f\u00fcr diskreten Charme.<\/p>\n","protected":false},"excerpt":{"rendered":"<p>Minimalistische Form, maximale Wirkung. Der Bend Kleiderst\u00e4nder in tiefem Dunkelbraun bringt mit seiner gl\u00e4nzenden Oberfl\u00e4che und der m\u00fchelos eleganten Silhouette skulpturale Einfachheit in Ihren Eingangsbereich. F\u00fcr das moderne Wohnen konzipiert, bietet er gro\u00dfz\u00fcgigen H\u00e4ngeplatz, ohne dabei viel Bodenfl\u00e4che in Anspruch zu nehmen \u2014 perfekt f\u00fcr kompakte Ecken oder offene Hallen gleicherma\u00dfen. W\u00e4hlen Sie zwischen zwei [&hellip;]<\/p>\n","protected":false},"featured_media":1111397,"template":"","meta":{"_acf_changed":false,"inline_featured_image":false},"product_brand":[],"product_cat":[7155,4035,5462,4043,4044,5047],"product_tag":[],"class_list":{"0":"post-1088909","1":"product","2":"type-product","3":"status-publish","4":"has-post-thumbnail","6":"product_cat-dweller-de","7":"product_cat-garderoben-staender-de","8":"product_cat-staender-de","9":"product_cat-haken-und-hakenleisten-de","10":"product_cat-hakenleisten-de","11":"product_cat-neuheiten-de","12":"product_shipping_class-pk","14":"pa_color-dunkelbraun","15":"pa_material-eisen-de","17":"first","18":"instock","19":"taxable","20":"shipping-taxable","21":"purchasable","22":"product-type-simple"},"exclude_global_add_ons":[],"addons":[],"acf":[],"yoast_head":"<!-- This site is optimized with the Yoast SEO plugin v26.4 - https:\/\/yoast.com\/wordpress\/plugins\/seo\/ -->\n<title>Bend Kleiderst\u00e4nder \u00a0Dunkelbraun - H\u00fcbsch<\/title>\n<meta name=\"description\" content=\"Minimalistische Form, maximale Wirkung. Der Bend Kleiderst\u00e4nder in tiefem Dunkelbraun bringt mit seiner gl\u00e4nzenden Oberfl\u00e4che und der m\u00fchelos eleganten\" \/>\n<meta name=\"robots\" content=\"index, follow, max-snippet:-1, max-image-preview:large, max-video-preview:-1\" \/>\n<link rel=\"canonical\" href=\"https:\/\/hubsch-interior.com\/de\/wp-json\/wp\/v2\/product\/1088909\" \/>\n<meta property=\"og:locale\" content=\"de_DE\" \/>\n<meta property=\"og:type\" content=\"article\" \/>\n<meta property=\"og:title\" content=\"Bend Kleiderst\u00e4nder \u00a0Dunkelbraun - H\u00fcbsch\" \/>\n<meta property=\"og:description\" content=\"Minimalistische Form, maximale Wirkung. Der Bend Kleiderst\u00e4nder in tiefem Dunkelbraun bringt mit seiner gl\u00e4nzenden Oberfl\u00e4che und der m\u00fchelos eleganten\" \/>\n<meta property=\"og:url\" content=\"https:\/\/hubsch-interior.com\/de\/produkt\/bend-kleiderstander-dunkelbraun\/\" \/>\n<meta property=\"og:site_name\" content=\"H\u00fcbsch\" \/>\n<meta property=\"article:modified_time\" content=\"2026-04-05T03:23:48+00:00\" \/>\n<meta property=\"og:image\" content=\"https:\/\/hubsch-interior.com\/wp-content\/uploads\/2026\/01\/bend-clothing-rack-dark-brown-3e7948176af9e37b25ae882634407bd0.jpg\" \/>\n\t<meta property=\"og:image:width\" content=\"1200\" \/>\n\t<meta property=\"og:image:height\" content=\"1200\" \/>\n\t<meta property=\"og:image:type\" content=\"image\/jpeg\" \/>\n<meta name=\"twitter:card\" content=\"summary_large_image\" \/>\n<script type=\"application\/ld+json\" class=\"yoast-schema-graph\">{\"@context\":\"https:\/\/schema.org\",\"@graph\":[{\"@type\":\"WebPage\",\"@id\":\"https:\/\/hubsch-interior.com\/de\/produkt\/bend-kleiderstander-dunkelbraun\/\",\"url\":\"https:\/\/hubsch-interior.com\/de\/produkt\/bend-kleiderstander-dunkelbraun\/\",\"name\":\"Bend Kleiderst\u00e4nder \u00a0Dunkelbraun - H\u00fcbsch\",\"isPartOf\":{\"@id\":\"https:\/\/hubsch-interior.com\/de\/#website\"},\"primaryImageOfPage\":{\"@id\":\"https:\/\/hubsch-interior.com\/de\/produkt\/bend-kleiderstander-dunkelbraun\/#primaryimage\"},\"image\":{\"@id\":\"https:\/\/hubsch-interior.com\/de\/produkt\/bend-kleiderstander-dunkelbraun\/#primaryimage\"},\"thumbnailUrl\":\"https:\/\/hubsch-interior.com\/wp-content\/uploads\/2026\/02\/bend-clothing-rack-dark-brown-24789b5ea55148c992fe80b3cb3ad1f0.jpg\",\"datePublished\":\"2026-01-31T04:21:52+00:00\",\"dateModified\":\"2026-04-05T03:23:48+00:00\",\"description\":\"Minimalistische Form, maximale Wirkung. Der Bend Kleiderst\u00e4nder in tiefem Dunkelbraun bringt mit seiner gl\u00e4nzenden Oberfl\u00e4che und der m\u00fchelos eleganten\",\"breadcrumb\":{\"@id\":\"https:\/\/hubsch-interior.com\/de\/produkt\/bend-kleiderstander-dunkelbraun\/#breadcrumb\"},\"inLanguage\":\"de\",\"potentialAction\":[{\"@type\":\"ReadAction\",\"target\":[\"https:\/\/hubsch-interior.com\/de\/produkt\/bend-kleiderstander-dunkelbraun\/\"]}]},{\"@type\":\"ImageObject\",\"inLanguage\":\"de\",\"@id\":\"https:\/\/hubsch-interior.com\/de\/produkt\/bend-kleiderstander-dunkelbraun\/#primaryimage\",\"url\":\"https:\/\/hubsch-interior.com\/wp-content\/uploads\/2026\/02\/bend-clothing-rack-dark-brown-24789b5ea55148c992fe80b3cb3ad1f0.jpg\",\"contentUrl\":\"https:\/\/hubsch-interior.com\/wp-content\/uploads\/2026\/02\/bend-clothing-rack-dark-brown-24789b5ea55148c992fe80b3cb3ad1f0.jpg\",\"width\":1024,\"height\":1024},{\"@type\":\"BreadcrumbList\",\"@id\":\"https:\/\/hubsch-interior.com\/de\/produkt\/bend-kleiderstander-dunkelbraun\/#breadcrumb\",\"itemListElement\":[{\"@type\":\"ListItem\",\"position\":1,\"name\":\"Startseite\",\"item\":\"https:\/\/hubsch-interior.com\/de\/\"},{\"@type\":\"ListItem\",\"position\":2,\"name\":\"Produkte\",\"item\":\"https:\/\/hubsch-interior.com\/de\/shop-2\/\"},{\"@type\":\"ListItem\",\"position\":3,\"name\":\"Bend Kleiderst\u00e4nder \u00a0Dunkelbraun\"}]},{\"@type\":\"WebSite\",\"@id\":\"https:\/\/hubsch-interior.com\/de\/#website\",\"url\":\"https:\/\/hubsch-interior.com\/de\/\",\"name\":\"H\u00fcbsch\",\"description\":\"Danish Home Interior and Design\",\"publisher\":{\"@id\":\"https:\/\/hubsch-interior.com\/de\/#organization\"},\"potentialAction\":[{\"@type\":\"SearchAction\",\"target\":{\"@type\":\"EntryPoint\",\"urlTemplate\":\"https:\/\/hubsch-interior.com\/de\/?s={search_term_string}\"},\"query-input\":{\"@type\":\"PropertyValueSpecification\",\"valueRequired\":true,\"valueName\":\"search_term_string\"}}],\"inLanguage\":\"de\"},{\"@type\":\"Organization\",\"@id\":\"https:\/\/hubsch-interior.com\/de\/#organization\",\"name\":\"H\u00fcbsch\",\"url\":\"https:\/\/hubsch-interior.com\/de\/\",\"logo\":{\"@type\":\"ImageObject\",\"inLanguage\":\"de\",\"@id\":\"https:\/\/hubsch-interior.com\/de\/#\/schema\/logo\/image\/\",\"url\":\"https:\/\/hubsch-interior.com\/wp-content\/uploads\/2022\/12\/Hubsch_logo_black_one_line.svg\",\"contentUrl\":\"https:\/\/hubsch-interior.com\/wp-content\/uploads\/2022\/12\/Hubsch_logo_black_one_line.svg\",\"caption\":\"H\u00fcbsch\"},\"image\":{\"@id\":\"https:\/\/hubsch-interior.com\/de\/#\/schema\/logo\/image\/\"}}]}<\/script>\n<!-- \/ Yoast SEO plugin. -->","yoast_head_json":{"title":"Bend Kleiderst\u00e4nder \u00a0Dunkelbraun - H\u00fcbsch","description":"Minimalistische Form, maximale Wirkung. Der Bend Kleiderst\u00e4nder in tiefem Dunkelbraun bringt mit seiner gl\u00e4nzenden Oberfl\u00e4che und der m\u00fchelos eleganten","robots":{"index":"index","follow":"follow","max-snippet":"max-snippet:-1","max-image-preview":"max-image-preview:large","max-video-preview":"max-video-preview:-1"},"canonical":"https:\/\/hubsch-interior.com\/de\/wp-json\/wp\/v2\/product\/1088909","og_locale":"de_DE","og_type":"article","og_title":"Bend Kleiderst\u00e4nder \u00a0Dunkelbraun - H\u00fcbsch","og_description":"Minimalistische Form, maximale Wirkung. Der Bend Kleiderst\u00e4nder in tiefem Dunkelbraun bringt mit seiner gl\u00e4nzenden Oberfl\u00e4che und der m\u00fchelos eleganten","og_url":"https:\/\/hubsch-interior.com\/de\/produkt\/bend-kleiderstander-dunkelbraun\/","og_site_name":"H\u00fcbsch","article_modified_time":"2026-04-05T03:23:48+00:00","og_image":[{"width":1200,"height":1200,"url":"https:\/\/hubsch-interior.com\/wp-content\/uploads\/2026\/01\/bend-clothing-rack-dark-brown-3e7948176af9e37b25ae882634407bd0.jpg","type":"image\/jpeg"}],"twitter_card":"summary_large_image","schema":{"@context":"https:\/\/schema.org","@graph":[{"@type":"WebPage","@id":"https:\/\/hubsch-interior.com\/de\/produkt\/bend-kleiderstander-dunkelbraun\/","url":"https:\/\/hubsch-interior.com\/de\/produkt\/bend-kleiderstander-dunkelbraun\/","name":"Bend Kleiderst\u00e4nder \u00a0Dunkelbraun - H\u00fcbsch","isPartOf":{"@id":"https:\/\/hubsch-interior.com\/de\/#website"},"primaryImageOfPage":{"@id":"https:\/\/hubsch-interior.com\/de\/produkt\/bend-kleiderstander-dunkelbraun\/#primaryimage"},"image":{"@id":"https:\/\/hubsch-interior.com\/de\/produkt\/bend-kleiderstander-dunkelbraun\/#primaryimage"},"thumbnailUrl":"https:\/\/hubsch-interior.com\/wp-content\/uploads\/2026\/02\/bend-clothing-rack-dark-brown-24789b5ea55148c992fe80b3cb3ad1f0.jpg","datePublished":"2026-01-31T04:21:52+00:00","dateModified":"2026-04-05T03:23:48+00:00","description":"Minimalistische Form, maximale Wirkung. Der Bend Kleiderst\u00e4nder in tiefem Dunkelbraun bringt mit seiner gl\u00e4nzenden Oberfl\u00e4che und der m\u00fchelos eleganten","breadcrumb":{"@id":"https:\/\/hubsch-interior.com\/de\/produkt\/bend-kleiderstander-dunkelbraun\/#breadcrumb"},"inLanguage":"de","potentialAction":[{"@type":"ReadAction","target":["https:\/\/hubsch-interior.com\/de\/produkt\/bend-kleiderstander-dunkelbraun\/"]}]},{"@type":"ImageObject","inLanguage":"de","@id":"https:\/\/hubsch-interior.com\/de\/produkt\/bend-kleiderstander-dunkelbraun\/#primaryimage","url":"https:\/\/hubsch-interior.com\/wp-content\/uploads\/2026\/02\/bend-clothing-rack-dark-brown-24789b5ea55148c992fe80b3cb3ad1f0.jpg","contentUrl":"https:\/\/hubsch-interior.com\/wp-content\/uploads\/2026\/02\/bend-clothing-rack-dark-brown-24789b5ea55148c992fe80b3cb3ad1f0.jpg","width":1024,"height":1024},{"@type":"BreadcrumbList","@id":"https:\/\/hubsch-interior.com\/de\/produkt\/bend-kleiderstander-dunkelbraun\/#breadcrumb","itemListElement":[{"@type":"ListItem","position":1,"name":"Startseite","item":"https:\/\/hubsch-interior.com\/de\/"},{"@type":"ListItem","position":2,"name":"Produkte","item":"https:\/\/hubsch-interior.com\/de\/shop-2\/"},{"@type":"ListItem","position":3,"name":"Bend Kleiderst\u00e4nder \u00a0Dunkelbraun"}]},{"@type":"WebSite","@id":"https:\/\/hubsch-interior.com\/de\/#website","url":"https:\/\/hubsch-interior.com\/de\/","name":"H\u00fcbsch","description":"Danish Home Interior and Design","publisher":{"@id":"https:\/\/hubsch-interior.com\/de\/#organization"},"potentialAction":[{"@type":"SearchAction","target":{"@type":"EntryPoint","urlTemplate":"https:\/\/hubsch-interior.com\/de\/?s={search_term_string}"},"query-input":{"@type":"PropertyValueSpecification","valueRequired":true,"valueName":"search_term_string"}}],"inLanguage":"de"},{"@type":"Organization","@id":"https:\/\/hubsch-interior.com\/de\/#organization","name":"H\u00fcbsch","url":"https:\/\/hubsch-interior.com\/de\/","logo":{"@type":"ImageObject","inLanguage":"de","@id":"https:\/\/hubsch-interior.com\/de\/#\/schema\/logo\/image\/","url":"https:\/\/hubsch-interior.com\/wp-content\/uploads\/2022\/12\/Hubsch_logo_black_one_line.svg","contentUrl":"https:\/\/hubsch-interior.com\/wp-content\/uploads\/2022\/12\/Hubsch_logo_black_one_line.svg","caption":"H\u00fcbsch"},"image":{"@id":"https:\/\/hubsch-interior.com\/de\/#\/schema\/logo\/image\/"}}]}},"_links":{"self":[{"href":"https:\/\/hubsch-interior.com\/de\/wp-json\/wp\/v2\/product\/1088909","targetHints":{"allow":["GET"]}}],"collection":[{"href":"https:\/\/hubsch-interior.com\/de\/wp-json\/wp\/v2\/product"}],"about":[{"href":"https:\/\/hubsch-interior.com\/de\/wp-json\/wp\/v2\/types\/product"}],"wp:featuredmedia":[{"embeddable":true,"href":"https:\/\/hubsch-interior.com\/de\/wp-json\/wp\/v2\/media\/1111397"}],"wp:attachment":[{"href":"https:\/\/hubsch-interior.com\/de\/wp-json\/wp\/v2\/media?parent=1088909"}],"wp:term":[{"taxonomy":"product_brand","embeddable":true,"href":"https:\/\/hubsch-interior.com\/de\/wp-json\/wp\/v2\/product_brand?post=1088909"},{"taxonomy":"product_cat","embeddable":true,"href":"https:\/\/hubsch-interior.com\/de\/wp-json\/wp\/v2\/product_cat?post=1088909"},{"taxonomy":"product_tag","embeddable":true,"href":"https:\/\/hubsch-interior.com\/de\/wp-json\/wp\/v2\/product_tag?post=1088909"}],"curies":[{"name":"wp","href":"https:\/\/api.w.org\/{rel}","templated":true}]}}