{"id":1088945,"date":"2026-01-31T05:22:18","date_gmt":"2026-01-31T04:22:18","guid":{"rendered":"https:\/\/hubsch-interior.com\/product\/product\/"},"modified":"2026-04-05T05:23:56","modified_gmt":"2026-04-05T03:23:56","slug":"modu-kerzenstander-multifarben-2er-set","status":"publish","type":"product","link":"https:\/\/hubsch-interior.com\/de\/produkt\/modu-kerzenstander-multifarben-2er-set\/","title":{"rendered":"Modu Kerzenst\u00e4nder \u00a0Multifarben (2er Set)"},"content":{"rendered":"<p>Ein Set, unendliche Ausdrucksm\u00f6glichkeiten. Die Modu Kerzenst\u00e4nder sind ein modulares Trio voller Charme, bereit, sich Ihrer Stimmung anzupassen und zu strahlen. In sorgf\u00e4ltig ausgew\u00e4hlten Farbkombinationen gefertigt, k\u00f6nnen sie gemeinsam als skulpturales Zentrum arrangiert oder einzeln in Ihrem Zuhause verteilt werden. Ihre grafischen Silhouetten und die spielerische Farbpalette verwandeln allt\u00e4gliches Kerzenlicht in einen kunstvollen Moment der Atmosph\u00e4re. Kombinieren, abgleichen und gestalten Sie sie nach Ihrem Geschmack \u2013 Modu l\u00e4sst Sie Ihren Raum mit Pers\u00f6nlichkeit erleuchten.<\/p>\n","protected":false},"excerpt":{"rendered":"<p>Ein Set, unendliche Ausdrucksm\u00f6glichkeiten. Die Modu Kerzenst\u00e4nder sind ein modulares Trio voller Charme, bereit, sich Ihrer Stimmung anzupassen und zu strahlen. In sorgf\u00e4ltig ausgew\u00e4hlten Farbkombinationen gefertigt, k\u00f6nnen sie gemeinsam als skulpturales Zentrum arrangiert oder einzeln in Ihrem Zuhause verteilt werden. Ihre grafischen Silhouetten und die spielerische Farbpalette verwandeln allt\u00e4gliches Kerzenlicht in einen kunstvollen Moment der [&hellip;]<\/p>\n","protected":false},"featured_media":1111413,"template":"","meta":{"_acf_changed":false,"inline_featured_image":false},"product_brand":[],"product_cat":[7155,4068,4067,5047,6972,6519],"product_tag":[],"class_list":{"0":"post-1088945","1":"product","2":"type-product","3":"status-publish","4":"has-post-thumbnail","6":"product_cat-dweller-de","7":"product_cat-kerzenstaender-de","8":"product_cat-kerzenstaender-laternen-de","9":"product_cat-neuheiten-de","10":"product_cat-oster-sale","11":"product_cat-outlet-de","12":"product_shipping_class-pk","14":"pa_color-multifarben-2","15":"pa_material-eisen-de","17":"first","18":"instock","19":"sale","20":"taxable","21":"shipping-taxable","22":"purchasable","23":"product-type-simple"},"exclude_global_add_ons":[],"addons":[],"acf":[],"yoast_head":"<!-- This site is optimized with the Yoast SEO plugin v26.4 - https:\/\/yoast.com\/wordpress\/plugins\/seo\/ -->\n<title>Modu Kerzenst\u00e4nder \u00a0Multifarben (2er Set) - H\u00fcbsch<\/title>\n<meta name=\"description\" content=\"Ein Set, unendliche Ausdrucksm\u00f6glichkeiten. Die Modu Kerzenst\u00e4nder sind ein modulares Trio voller Charme, bereit, sich Ihrer Stimmung anzupassen und zu\" \/>\n<meta name=\"robots\" content=\"index, follow, max-snippet:-1, max-image-preview:large, max-video-preview:-1\" \/>\n<link rel=\"canonical\" href=\"https:\/\/hubsch-interior.com\/de\/wp-json\/wp\/v2\/product\/1088945\" \/>\n<meta property=\"og:locale\" content=\"de_DE\" \/>\n<meta property=\"og:type\" content=\"article\" \/>\n<meta property=\"og:title\" content=\"Modu Kerzenst\u00e4nder \u00a0Multifarben (2er Set) - H\u00fcbsch\" \/>\n<meta property=\"og:description\" content=\"Ein Set, unendliche Ausdrucksm\u00f6glichkeiten. Die Modu Kerzenst\u00e4nder sind ein modulares Trio voller Charme, bereit, sich Ihrer Stimmung anzupassen und zu\" \/>\n<meta property=\"og:url\" content=\"https:\/\/hubsch-interior.com\/de\/produkt\/modu-kerzenstander-multifarben-2er-set\/\" \/>\n<meta property=\"og:site_name\" content=\"H\u00fcbsch\" \/>\n<meta property=\"article:modified_time\" content=\"2026-04-05T03:23:56+00:00\" \/>\n<meta property=\"og:image\" content=\"https:\/\/hubsch-interior.com\/wp-content\/uploads\/2026\/01\/modu-candleholders-multicolour-set-of-2-dfa776a07a91d276587133d53e5bc93c.jpg\" \/>\n\t<meta property=\"og:image:width\" content=\"1200\" \/>\n\t<meta property=\"og:image:height\" content=\"1200\" \/>\n\t<meta property=\"og:image:type\" content=\"image\/jpeg\" \/>\n<meta name=\"twitter:card\" content=\"summary_large_image\" \/>\n<script type=\"application\/ld+json\" class=\"yoast-schema-graph\">{\"@context\":\"https:\/\/schema.org\",\"@graph\":[{\"@type\":\"WebPage\",\"@id\":\"https:\/\/hubsch-interior.com\/de\/produkt\/modu-kerzenstander-multifarben-2er-set\/\",\"url\":\"https:\/\/hubsch-interior.com\/de\/produkt\/modu-kerzenstander-multifarben-2er-set\/\",\"name\":\"Modu Kerzenst\u00e4nder \u00a0Multifarben (2er Set) - H\u00fcbsch\",\"isPartOf\":{\"@id\":\"https:\/\/hubsch-interior.com\/de\/#website\"},\"primaryImageOfPage\":{\"@id\":\"https:\/\/hubsch-interior.com\/de\/produkt\/modu-kerzenstander-multifarben-2er-set\/#primaryimage\"},\"image\":{\"@id\":\"https:\/\/hubsch-interior.com\/de\/produkt\/modu-kerzenstander-multifarben-2er-set\/#primaryimage\"},\"thumbnailUrl\":\"https:\/\/hubsch-interior.com\/wp-content\/uploads\/2026\/02\/modu-candleholders-multicolour-set-of-2-44af7ebabfd25f3cc6d941dd45f63165.jpg\",\"datePublished\":\"2026-01-31T04:22:18+00:00\",\"dateModified\":\"2026-04-05T03:23:56+00:00\",\"description\":\"Ein Set, unendliche Ausdrucksm\u00f6glichkeiten. Die Modu Kerzenst\u00e4nder sind ein modulares Trio voller Charme, bereit, sich Ihrer Stimmung anzupassen und zu\",\"breadcrumb\":{\"@id\":\"https:\/\/hubsch-interior.com\/de\/produkt\/modu-kerzenstander-multifarben-2er-set\/#breadcrumb\"},\"inLanguage\":\"de\",\"potentialAction\":[{\"@type\":\"ReadAction\",\"target\":[\"https:\/\/hubsch-interior.com\/de\/produkt\/modu-kerzenstander-multifarben-2er-set\/\"]}]},{\"@type\":\"ImageObject\",\"inLanguage\":\"de\",\"@id\":\"https:\/\/hubsch-interior.com\/de\/produkt\/modu-kerzenstander-multifarben-2er-set\/#primaryimage\",\"url\":\"https:\/\/hubsch-interior.com\/wp-content\/uploads\/2026\/02\/modu-candleholders-multicolour-set-of-2-44af7ebabfd25f3cc6d941dd45f63165.jpg\",\"contentUrl\":\"https:\/\/hubsch-interior.com\/wp-content\/uploads\/2026\/02\/modu-candleholders-multicolour-set-of-2-44af7ebabfd25f3cc6d941dd45f63165.jpg\",\"width\":1024,\"height\":1024},{\"@type\":\"BreadcrumbList\",\"@id\":\"https:\/\/hubsch-interior.com\/de\/produkt\/modu-kerzenstander-multifarben-2er-set\/#breadcrumb\",\"itemListElement\":[{\"@type\":\"ListItem\",\"position\":1,\"name\":\"Startseite\",\"item\":\"https:\/\/hubsch-interior.com\/de\/\"},{\"@type\":\"ListItem\",\"position\":2,\"name\":\"Produkte\",\"item\":\"https:\/\/hubsch-interior.com\/de\/shop-2\/\"},{\"@type\":\"ListItem\",\"position\":3,\"name\":\"Wohnaccessoires\",\"item\":\"https:\/\/hubsch-interior.com\/de\/produkt-kategorie\/wohnaccessoires\/\"},{\"@type\":\"ListItem\",\"position\":4,\"name\":\"Kerzenst&auml;nder &amp; Laternen\",\"item\":\"https:\/\/hubsch-interior.com\/de\/produkt-kategorie\/wohnaccessoires\/kerzenstaender-laternen-de\/\"},{\"@type\":\"ListItem\",\"position\":5,\"name\":\"Kerzenst&auml;nder\",\"item\":\"https:\/\/hubsch-interior.com\/de\/produkt-kategorie\/wohnaccessoires\/kerzenstaender-laternen-de\/kerzenstaender-de\/\"},{\"@type\":\"ListItem\",\"position\":6,\"name\":\"Modu Kerzenst\u00e4nder \u00a0Multifarben (2er Set)\"}]},{\"@type\":\"WebSite\",\"@id\":\"https:\/\/hubsch-interior.com\/de\/#website\",\"url\":\"https:\/\/hubsch-interior.com\/de\/\",\"name\":\"H\u00fcbsch\",\"description\":\"Danish Home Interior and Design\",\"publisher\":{\"@id\":\"https:\/\/hubsch-interior.com\/de\/#organization\"},\"potentialAction\":[{\"@type\":\"SearchAction\",\"target\":{\"@type\":\"EntryPoint\",\"urlTemplate\":\"https:\/\/hubsch-interior.com\/de\/?s={search_term_string}\"},\"query-input\":{\"@type\":\"PropertyValueSpecification\",\"valueRequired\":true,\"valueName\":\"search_term_string\"}}],\"inLanguage\":\"de\"},{\"@type\":\"Organization\",\"@id\":\"https:\/\/hubsch-interior.com\/de\/#organization\",\"name\":\"H\u00fcbsch\",\"url\":\"https:\/\/hubsch-interior.com\/de\/\",\"logo\":{\"@type\":\"ImageObject\",\"inLanguage\":\"de\",\"@id\":\"https:\/\/hubsch-interior.com\/de\/#\/schema\/logo\/image\/\",\"url\":\"https:\/\/hubsch-interior.com\/wp-content\/uploads\/2022\/12\/Hubsch_logo_black_one_line.svg\",\"contentUrl\":\"https:\/\/hubsch-interior.com\/wp-content\/uploads\/2022\/12\/Hubsch_logo_black_one_line.svg\",\"caption\":\"H\u00fcbsch\"},\"image\":{\"@id\":\"https:\/\/hubsch-interior.com\/de\/#\/schema\/logo\/image\/\"}}]}<\/script>\n<!-- \/ Yoast SEO plugin. -->","yoast_head_json":{"title":"Modu Kerzenst\u00e4nder \u00a0Multifarben (2er Set) - H\u00fcbsch","description":"Ein Set, unendliche Ausdrucksm\u00f6glichkeiten. Die Modu Kerzenst\u00e4nder sind ein modulares Trio voller Charme, bereit, sich Ihrer Stimmung anzupassen und zu","robots":{"index":"index","follow":"follow","max-snippet":"max-snippet:-1","max-image-preview":"max-image-preview:large","max-video-preview":"max-video-preview:-1"},"canonical":"https:\/\/hubsch-interior.com\/de\/wp-json\/wp\/v2\/product\/1088945","og_locale":"de_DE","og_type":"article","og_title":"Modu Kerzenst\u00e4nder \u00a0Multifarben (2er Set) - H\u00fcbsch","og_description":"Ein Set, unendliche Ausdrucksm\u00f6glichkeiten. Die Modu Kerzenst\u00e4nder sind ein modulares Trio voller Charme, bereit, sich Ihrer Stimmung anzupassen und zu","og_url":"https:\/\/hubsch-interior.com\/de\/produkt\/modu-kerzenstander-multifarben-2er-set\/","og_site_name":"H\u00fcbsch","article_modified_time":"2026-04-05T03:23:56+00:00","og_image":[{"width":1200,"height":1200,"url":"https:\/\/hubsch-interior.com\/wp-content\/uploads\/2026\/01\/modu-candleholders-multicolour-set-of-2-dfa776a07a91d276587133d53e5bc93c.jpg","type":"image\/jpeg"}],"twitter_card":"summary_large_image","schema":{"@context":"https:\/\/schema.org","@graph":[{"@type":"WebPage","@id":"https:\/\/hubsch-interior.com\/de\/produkt\/modu-kerzenstander-multifarben-2er-set\/","url":"https:\/\/hubsch-interior.com\/de\/produkt\/modu-kerzenstander-multifarben-2er-set\/","name":"Modu Kerzenst\u00e4nder \u00a0Multifarben (2er Set) - H\u00fcbsch","isPartOf":{"@id":"https:\/\/hubsch-interior.com\/de\/#website"},"primaryImageOfPage":{"@id":"https:\/\/hubsch-interior.com\/de\/produkt\/modu-kerzenstander-multifarben-2er-set\/#primaryimage"},"image":{"@id":"https:\/\/hubsch-interior.com\/de\/produkt\/modu-kerzenstander-multifarben-2er-set\/#primaryimage"},"thumbnailUrl":"https:\/\/hubsch-interior.com\/wp-content\/uploads\/2026\/02\/modu-candleholders-multicolour-set-of-2-44af7ebabfd25f3cc6d941dd45f63165.jpg","datePublished":"2026-01-31T04:22:18+00:00","dateModified":"2026-04-05T03:23:56+00:00","description":"Ein Set, unendliche Ausdrucksm\u00f6glichkeiten. Die Modu Kerzenst\u00e4nder sind ein modulares Trio voller Charme, bereit, sich Ihrer Stimmung anzupassen und zu","breadcrumb":{"@id":"https:\/\/hubsch-interior.com\/de\/produkt\/modu-kerzenstander-multifarben-2er-set\/#breadcrumb"},"inLanguage":"de","potentialAction":[{"@type":"ReadAction","target":["https:\/\/hubsch-interior.com\/de\/produkt\/modu-kerzenstander-multifarben-2er-set\/"]}]},{"@type":"ImageObject","inLanguage":"de","@id":"https:\/\/hubsch-interior.com\/de\/produkt\/modu-kerzenstander-multifarben-2er-set\/#primaryimage","url":"https:\/\/hubsch-interior.com\/wp-content\/uploads\/2026\/02\/modu-candleholders-multicolour-set-of-2-44af7ebabfd25f3cc6d941dd45f63165.jpg","contentUrl":"https:\/\/hubsch-interior.com\/wp-content\/uploads\/2026\/02\/modu-candleholders-multicolour-set-of-2-44af7ebabfd25f3cc6d941dd45f63165.jpg","width":1024,"height":1024},{"@type":"BreadcrumbList","@id":"https:\/\/hubsch-interior.com\/de\/produkt\/modu-kerzenstander-multifarben-2er-set\/#breadcrumb","itemListElement":[{"@type":"ListItem","position":1,"name":"Startseite","item":"https:\/\/hubsch-interior.com\/de\/"},{"@type":"ListItem","position":2,"name":"Produkte","item":"https:\/\/hubsch-interior.com\/de\/shop-2\/"},{"@type":"ListItem","position":3,"name":"Wohnaccessoires","item":"https:\/\/hubsch-interior.com\/de\/produkt-kategorie\/wohnaccessoires\/"},{"@type":"ListItem","position":4,"name":"Kerzenst&auml;nder &amp; Laternen","item":"https:\/\/hubsch-interior.com\/de\/produkt-kategorie\/wohnaccessoires\/kerzenstaender-laternen-de\/"},{"@type":"ListItem","position":5,"name":"Kerzenst&auml;nder","item":"https:\/\/hubsch-interior.com\/de\/produkt-kategorie\/wohnaccessoires\/kerzenstaender-laternen-de\/kerzenstaender-de\/"},{"@type":"ListItem","position":6,"name":"Modu Kerzenst\u00e4nder \u00a0Multifarben (2er Set)"}]},{"@type":"WebSite","@id":"https:\/\/hubsch-interior.com\/de\/#website","url":"https:\/\/hubsch-interior.com\/de\/","name":"H\u00fcbsch","description":"Danish Home Interior and Design","publisher":{"@id":"https:\/\/hubsch-interior.com\/de\/#organization"},"potentialAction":[{"@type":"SearchAction","target":{"@type":"EntryPoint","urlTemplate":"https:\/\/hubsch-interior.com\/de\/?s={search_term_string}"},"query-input":{"@type":"PropertyValueSpecification","valueRequired":true,"valueName":"search_term_string"}}],"inLanguage":"de"},{"@type":"Organization","@id":"https:\/\/hubsch-interior.com\/de\/#organization","name":"H\u00fcbsch","url":"https:\/\/hubsch-interior.com\/de\/","logo":{"@type":"ImageObject","inLanguage":"de","@id":"https:\/\/hubsch-interior.com\/de\/#\/schema\/logo\/image\/","url":"https:\/\/hubsch-interior.com\/wp-content\/uploads\/2022\/12\/Hubsch_logo_black_one_line.svg","contentUrl":"https:\/\/hubsch-interior.com\/wp-content\/uploads\/2022\/12\/Hubsch_logo_black_one_line.svg","caption":"H\u00fcbsch"},"image":{"@id":"https:\/\/hubsch-interior.com\/de\/#\/schema\/logo\/image\/"}}]}},"_links":{"self":[{"href":"https:\/\/hubsch-interior.com\/de\/wp-json\/wp\/v2\/product\/1088945","targetHints":{"allow":["GET"]}}],"collection":[{"href":"https:\/\/hubsch-interior.com\/de\/wp-json\/wp\/v2\/product"}],"about":[{"href":"https:\/\/hubsch-interior.com\/de\/wp-json\/wp\/v2\/types\/product"}],"wp:featuredmedia":[{"embeddable":true,"href":"https:\/\/hubsch-interior.com\/de\/wp-json\/wp\/v2\/media\/1111413"}],"wp:attachment":[{"href":"https:\/\/hubsch-interior.com\/de\/wp-json\/wp\/v2\/media?parent=1088945"}],"wp:term":[{"taxonomy":"product_brand","embeddable":true,"href":"https:\/\/hubsch-interior.com\/de\/wp-json\/wp\/v2\/product_brand?post=1088945"},{"taxonomy":"product_cat","embeddable":true,"href":"https:\/\/hubsch-interior.com\/de\/wp-json\/wp\/v2\/product_cat?post=1088945"},{"taxonomy":"product_tag","embeddable":true,"href":"https:\/\/hubsch-interior.com\/de\/wp-json\/wp\/v2\/product_tag?post=1088945"}],"curies":[{"name":"wp","href":"https:\/\/api.w.org\/{rel}","templated":true}]}}