{"id":1088969,"date":"2026-01-31T05:22:31","date_gmt":"2026-01-31T04:22:31","guid":{"rendered":"https:\/\/hubsch-interior.com\/product\/product\/"},"modified":"2026-04-05T05:24:01","modified_gmt":"2026-04-05T03:24:01","slug":"step-hocker-blau-braun","status":"publish","type":"product","link":"https:\/\/hubsch-interior.com\/de\/produkt\/step-hocker-blau-braun\/","title":{"rendered":"Step Hocker Blau\/Braun"},"content":{"rendered":"<p>Eine kleine Erh\u00f6hung mit viel Charme. Der Step Hocker, gekleidet in einem sanften Blau- und Braun-Duo, hilft Ihnen nicht nur dabei, das oberste Regal zu erreichen \u2013 er bringt auch \u00fcberall, wo er steht, eine fr\u00f6hliche Note ein. Gefertigt aus FSC-zertifiziertem Holz, ist er stabil genug, um darauf zu stehen, stilvoll genug, um als Pflanzenst\u00e4nder verwendet zu werden, und vielseitig genug, um als spontane Zusatzsitzgelegenheit zu dienen. Ein kleines, aber m\u00e4chtiges St\u00fcck, das sich m\u00fchelos in Ihren t\u00e4glichen Rhythmus einf\u00fcgt.<\/p>\n","protected":false},"excerpt":{"rendered":"<p>Eine kleine Erh\u00f6hung mit viel Charme. Der Step Hocker, gekleidet in einem sanften Blau- und Braun-Duo, hilft Ihnen nicht nur dabei, das oberste Regal zu erreichen \u2013 er bringt auch \u00fcberall, wo er steht, eine fr\u00f6hliche Note ein. Gefertigt aus FSC-zertifiziertem Holz, ist er stabil genug, um darauf zu stehen, stilvoll genug, um als Pflanzenst\u00e4nder [&hellip;]<\/p>\n","protected":false},"featured_media":1113814,"template":"","meta":{"_acf_changed":false,"inline_featured_image":false},"product_brand":[],"product_cat":[7155,6323,2845,3042,5027,5047],"product_tag":[],"class_list":{"0":"post-1088969","1":"product","2":"type-product","3":"status-publish","4":"has-post-thumbnail","6":"product_cat-dweller-de","7":"product_cat-fsc-de","8":"product_cat-sitzmoebel-de","9":"product_cat-hocker-de","10":"product_cat-bestsellers-de","11":"product_cat-neuheiten-de","12":"product_shipping_class-pk","14":"pa_color-braun","15":"pa_color-blau-2","16":"pa_material-eisen-de","17":"pa_material-eichenholz","19":"first","20":"instock","21":"featured","22":"taxable","23":"shipping-taxable","24":"purchasable","25":"product-type-simple"},"exclude_global_add_ons":[],"addons":[],"acf":[],"yoast_head":"<!-- This site is optimized with the Yoast SEO plugin v26.4 - https:\/\/yoast.com\/wordpress\/plugins\/seo\/ -->\n<title>Step Hocker Blau\/Braun - H\u00fcbsch<\/title>\n<meta name=\"description\" content=\"Eine kleine Erh\u00f6hung mit viel Charme. Der Step Hocker, gekleidet in einem sanften Blau- und Braun-Duo, hilft Ihnen nicht nur dabei, das oberste Regal zu\" \/>\n<meta name=\"robots\" content=\"index, follow, max-snippet:-1, max-image-preview:large, max-video-preview:-1\" \/>\n<link rel=\"canonical\" href=\"https:\/\/hubsch-interior.com\/de\/wp-json\/wp\/v2\/product\/1088969\" \/>\n<meta property=\"og:locale\" content=\"de_DE\" \/>\n<meta property=\"og:type\" content=\"article\" \/>\n<meta property=\"og:title\" content=\"Step Hocker Blau\/Braun - H\u00fcbsch\" \/>\n<meta property=\"og:description\" content=\"Eine kleine Erh\u00f6hung mit viel Charme. Der Step Hocker, gekleidet in einem sanften Blau- und Braun-Duo, hilft Ihnen nicht nur dabei, das oberste Regal zu\" \/>\n<meta property=\"og:url\" content=\"https:\/\/hubsch-interior.com\/de\/produkt\/step-hocker-blau-braun\/\" \/>\n<meta property=\"og:site_name\" content=\"H\u00fcbsch\" \/>\n<meta property=\"article:modified_time\" content=\"2026-04-05T03:24:01+00:00\" \/>\n<meta property=\"og:image\" content=\"https:\/\/hubsch-interior.com\/wp-content\/uploads\/2026\/01\/step-stool-bluebrown-19220dd3f2f4736798cb454f24f857c1.jpg\" \/>\n\t<meta property=\"og:image:width\" content=\"1200\" \/>\n\t<meta property=\"og:image:height\" content=\"1200\" \/>\n\t<meta property=\"og:image:type\" content=\"image\/jpeg\" \/>\n<meta name=\"twitter:card\" content=\"summary_large_image\" \/>\n<script type=\"application\/ld+json\" class=\"yoast-schema-graph\">{\"@context\":\"https:\/\/schema.org\",\"@graph\":[{\"@type\":\"WebPage\",\"@id\":\"https:\/\/hubsch-interior.com\/de\/produkt\/step-hocker-blau-braun\/\",\"url\":\"https:\/\/hubsch-interior.com\/de\/produkt\/step-hocker-blau-braun\/\",\"name\":\"Step Hocker Blau\/Braun - H\u00fcbsch\",\"isPartOf\":{\"@id\":\"https:\/\/hubsch-interior.com\/de\/#website\"},\"primaryImageOfPage\":{\"@id\":\"https:\/\/hubsch-interior.com\/de\/produkt\/step-hocker-blau-braun\/#primaryimage\"},\"image\":{\"@id\":\"https:\/\/hubsch-interior.com\/de\/produkt\/step-hocker-blau-braun\/#primaryimage\"},\"thumbnailUrl\":\"https:\/\/hubsch-interior.com\/wp-content\/uploads\/2026\/02\/step-stool-bluebrown-2f8de0e9d395de813e5a8480f3ff13d9.jpg\",\"datePublished\":\"2026-01-31T04:22:31+00:00\",\"dateModified\":\"2026-04-05T03:24:01+00:00\",\"description\":\"Eine kleine Erh\u00f6hung mit viel Charme. Der Step Hocker, gekleidet in einem sanften Blau- und Braun-Duo, hilft Ihnen nicht nur dabei, das oberste Regal zu\",\"breadcrumb\":{\"@id\":\"https:\/\/hubsch-interior.com\/de\/produkt\/step-hocker-blau-braun\/#breadcrumb\"},\"inLanguage\":\"de\",\"potentialAction\":[{\"@type\":\"ReadAction\",\"target\":[\"https:\/\/hubsch-interior.com\/de\/produkt\/step-hocker-blau-braun\/\"]}]},{\"@type\":\"ImageObject\",\"inLanguage\":\"de\",\"@id\":\"https:\/\/hubsch-interior.com\/de\/produkt\/step-hocker-blau-braun\/#primaryimage\",\"url\":\"https:\/\/hubsch-interior.com\/wp-content\/uploads\/2026\/02\/step-stool-bluebrown-2f8de0e9d395de813e5a8480f3ff13d9.jpg\",\"contentUrl\":\"https:\/\/hubsch-interior.com\/wp-content\/uploads\/2026\/02\/step-stool-bluebrown-2f8de0e9d395de813e5a8480f3ff13d9.jpg\",\"width\":1024,\"height\":1024},{\"@type\":\"BreadcrumbList\",\"@id\":\"https:\/\/hubsch-interior.com\/de\/produkt\/step-hocker-blau-braun\/#breadcrumb\",\"itemListElement\":[{\"@type\":\"ListItem\",\"position\":1,\"name\":\"Startseite\",\"item\":\"https:\/\/hubsch-interior.com\/de\/\"},{\"@type\":\"ListItem\",\"position\":2,\"name\":\"Produkte\",\"item\":\"https:\/\/hubsch-interior.com\/de\/shop-2\/\"},{\"@type\":\"ListItem\",\"position\":3,\"name\":\"Step Hocker Blau\/Braun\"}]},{\"@type\":\"WebSite\",\"@id\":\"https:\/\/hubsch-interior.com\/de\/#website\",\"url\":\"https:\/\/hubsch-interior.com\/de\/\",\"name\":\"H\u00fcbsch\",\"description\":\"Danish Home Interior and Design\",\"publisher\":{\"@id\":\"https:\/\/hubsch-interior.com\/de\/#organization\"},\"potentialAction\":[{\"@type\":\"SearchAction\",\"target\":{\"@type\":\"EntryPoint\",\"urlTemplate\":\"https:\/\/hubsch-interior.com\/de\/?s={search_term_string}\"},\"query-input\":{\"@type\":\"PropertyValueSpecification\",\"valueRequired\":true,\"valueName\":\"search_term_string\"}}],\"inLanguage\":\"de\"},{\"@type\":\"Organization\",\"@id\":\"https:\/\/hubsch-interior.com\/de\/#organization\",\"name\":\"H\u00fcbsch\",\"url\":\"https:\/\/hubsch-interior.com\/de\/\",\"logo\":{\"@type\":\"ImageObject\",\"inLanguage\":\"de\",\"@id\":\"https:\/\/hubsch-interior.com\/de\/#\/schema\/logo\/image\/\",\"url\":\"https:\/\/hubsch-interior.com\/wp-content\/uploads\/2022\/12\/Hubsch_logo_black_one_line.svg\",\"contentUrl\":\"https:\/\/hubsch-interior.com\/wp-content\/uploads\/2022\/12\/Hubsch_logo_black_one_line.svg\",\"caption\":\"H\u00fcbsch\"},\"image\":{\"@id\":\"https:\/\/hubsch-interior.com\/de\/#\/schema\/logo\/image\/\"}}]}<\/script>\n<!-- \/ Yoast SEO plugin. -->","yoast_head_json":{"title":"Step Hocker Blau\/Braun - H\u00fcbsch","description":"Eine kleine Erh\u00f6hung mit viel Charme. Der Step Hocker, gekleidet in einem sanften Blau- und Braun-Duo, hilft Ihnen nicht nur dabei, das oberste Regal zu","robots":{"index":"index","follow":"follow","max-snippet":"max-snippet:-1","max-image-preview":"max-image-preview:large","max-video-preview":"max-video-preview:-1"},"canonical":"https:\/\/hubsch-interior.com\/de\/wp-json\/wp\/v2\/product\/1088969","og_locale":"de_DE","og_type":"article","og_title":"Step Hocker Blau\/Braun - H\u00fcbsch","og_description":"Eine kleine Erh\u00f6hung mit viel Charme. Der Step Hocker, gekleidet in einem sanften Blau- und Braun-Duo, hilft Ihnen nicht nur dabei, das oberste Regal zu","og_url":"https:\/\/hubsch-interior.com\/de\/produkt\/step-hocker-blau-braun\/","og_site_name":"H\u00fcbsch","article_modified_time":"2026-04-05T03:24:01+00:00","og_image":[{"width":1200,"height":1200,"url":"https:\/\/hubsch-interior.com\/wp-content\/uploads\/2026\/01\/step-stool-bluebrown-19220dd3f2f4736798cb454f24f857c1.jpg","type":"image\/jpeg"}],"twitter_card":"summary_large_image","schema":{"@context":"https:\/\/schema.org","@graph":[{"@type":"WebPage","@id":"https:\/\/hubsch-interior.com\/de\/produkt\/step-hocker-blau-braun\/","url":"https:\/\/hubsch-interior.com\/de\/produkt\/step-hocker-blau-braun\/","name":"Step Hocker Blau\/Braun - H\u00fcbsch","isPartOf":{"@id":"https:\/\/hubsch-interior.com\/de\/#website"},"primaryImageOfPage":{"@id":"https:\/\/hubsch-interior.com\/de\/produkt\/step-hocker-blau-braun\/#primaryimage"},"image":{"@id":"https:\/\/hubsch-interior.com\/de\/produkt\/step-hocker-blau-braun\/#primaryimage"},"thumbnailUrl":"https:\/\/hubsch-interior.com\/wp-content\/uploads\/2026\/02\/step-stool-bluebrown-2f8de0e9d395de813e5a8480f3ff13d9.jpg","datePublished":"2026-01-31T04:22:31+00:00","dateModified":"2026-04-05T03:24:01+00:00","description":"Eine kleine Erh\u00f6hung mit viel Charme. Der Step Hocker, gekleidet in einem sanften Blau- und Braun-Duo, hilft Ihnen nicht nur dabei, das oberste Regal zu","breadcrumb":{"@id":"https:\/\/hubsch-interior.com\/de\/produkt\/step-hocker-blau-braun\/#breadcrumb"},"inLanguage":"de","potentialAction":[{"@type":"ReadAction","target":["https:\/\/hubsch-interior.com\/de\/produkt\/step-hocker-blau-braun\/"]}]},{"@type":"ImageObject","inLanguage":"de","@id":"https:\/\/hubsch-interior.com\/de\/produkt\/step-hocker-blau-braun\/#primaryimage","url":"https:\/\/hubsch-interior.com\/wp-content\/uploads\/2026\/02\/step-stool-bluebrown-2f8de0e9d395de813e5a8480f3ff13d9.jpg","contentUrl":"https:\/\/hubsch-interior.com\/wp-content\/uploads\/2026\/02\/step-stool-bluebrown-2f8de0e9d395de813e5a8480f3ff13d9.jpg","width":1024,"height":1024},{"@type":"BreadcrumbList","@id":"https:\/\/hubsch-interior.com\/de\/produkt\/step-hocker-blau-braun\/#breadcrumb","itemListElement":[{"@type":"ListItem","position":1,"name":"Startseite","item":"https:\/\/hubsch-interior.com\/de\/"},{"@type":"ListItem","position":2,"name":"Produkte","item":"https:\/\/hubsch-interior.com\/de\/shop-2\/"},{"@type":"ListItem","position":3,"name":"Step Hocker Blau\/Braun"}]},{"@type":"WebSite","@id":"https:\/\/hubsch-interior.com\/de\/#website","url":"https:\/\/hubsch-interior.com\/de\/","name":"H\u00fcbsch","description":"Danish Home Interior and Design","publisher":{"@id":"https:\/\/hubsch-interior.com\/de\/#organization"},"potentialAction":[{"@type":"SearchAction","target":{"@type":"EntryPoint","urlTemplate":"https:\/\/hubsch-interior.com\/de\/?s={search_term_string}"},"query-input":{"@type":"PropertyValueSpecification","valueRequired":true,"valueName":"search_term_string"}}],"inLanguage":"de"},{"@type":"Organization","@id":"https:\/\/hubsch-interior.com\/de\/#organization","name":"H\u00fcbsch","url":"https:\/\/hubsch-interior.com\/de\/","logo":{"@type":"ImageObject","inLanguage":"de","@id":"https:\/\/hubsch-interior.com\/de\/#\/schema\/logo\/image\/","url":"https:\/\/hubsch-interior.com\/wp-content\/uploads\/2022\/12\/Hubsch_logo_black_one_line.svg","contentUrl":"https:\/\/hubsch-interior.com\/wp-content\/uploads\/2022\/12\/Hubsch_logo_black_one_line.svg","caption":"H\u00fcbsch"},"image":{"@id":"https:\/\/hubsch-interior.com\/de\/#\/schema\/logo\/image\/"}}]}},"_links":{"self":[{"href":"https:\/\/hubsch-interior.com\/de\/wp-json\/wp\/v2\/product\/1088969","targetHints":{"allow":["GET"]}}],"collection":[{"href":"https:\/\/hubsch-interior.com\/de\/wp-json\/wp\/v2\/product"}],"about":[{"href":"https:\/\/hubsch-interior.com\/de\/wp-json\/wp\/v2\/types\/product"}],"wp:featuredmedia":[{"embeddable":true,"href":"https:\/\/hubsch-interior.com\/de\/wp-json\/wp\/v2\/media\/1113814"}],"wp:attachment":[{"href":"https:\/\/hubsch-interior.com\/de\/wp-json\/wp\/v2\/media?parent=1088969"}],"wp:term":[{"taxonomy":"product_brand","embeddable":true,"href":"https:\/\/hubsch-interior.com\/de\/wp-json\/wp\/v2\/product_brand?post=1088969"},{"taxonomy":"product_cat","embeddable":true,"href":"https:\/\/hubsch-interior.com\/de\/wp-json\/wp\/v2\/product_cat?post=1088969"},{"taxonomy":"product_tag","embeddable":true,"href":"https:\/\/hubsch-interior.com\/de\/wp-json\/wp\/v2\/product_tag?post=1088969"}],"curies":[{"name":"wp","href":"https:\/\/api.w.org\/{rel}","templated":true}]}}