{"id":1088985,"date":"2026-01-31T05:22:43","date_gmt":"2026-01-31T04:22:43","guid":{"rendered":"https:\/\/hubsch-interior.com\/product\/product\/"},"modified":"2026-04-05T05:24:05","modified_gmt":"2026-04-05T03:24:05","slug":"sheets-regal-hellgrau","status":"publish","type":"product","link":"https:\/\/hubsch-interior.com\/de\/produkt\/sheets-regal-hellgrau\/","title":{"rendered":"Sheets Regal Hellgrau"},"content":{"rendered":"<p>Leicht wie Papier, stark in der Pers\u00f6nlichkeit. Das Regal Sheets Regal, gebogen wie eine umgeschlagene Seite, vereint Skulptur und Funktion in perfekter Balance. Aus pulverbeschichtetem Metall in einem sanften Hellgrau gefertigt, fl\u00fcstert es zeitgen\u00f6ssische Eleganz, w\u00e4hrend es ein robustes Zuhause f\u00fcr B\u00fccher, Pflanzen oder gesch\u00e4tzte Objekte bietet. In zwei edlen Varianten erh\u00e4ltlich, erm\u00f6glicht es Ihnen, Ihren Raum mit minimalistischem Flair zu personalisieren. Ein schlanker, k\u00fcnstlerischer Akzent, der selbst die einfachste Wand in etwas ganz Besonderes verwandelt.<\/p>\n","protected":false},"excerpt":{"rendered":"<p>Leicht wie Papier, stark in der Pers\u00f6nlichkeit. Das Regal Sheets Regal, gebogen wie eine umgeschlagene Seite, vereint Skulptur und Funktion in perfekter Balance. Aus pulverbeschichtetem Metall in einem sanften Hellgrau gefertigt, fl\u00fcstert es zeitgen\u00f6ssische Eleganz, w\u00e4hrend es ein robustes Zuhause f\u00fcr B\u00fccher, Pflanzen oder gesch\u00e4tzte Objekte bietet. In zwei edlen Varianten erh\u00e4ltlich, erm\u00f6glicht es Ihnen, [&hellip;]<\/p>\n","protected":false},"featured_media":1113838,"template":"","meta":{"_acf_changed":false,"inline_featured_image":false},"product_brand":[],"product_cat":[7155,7073,7074,4003,4024,5047],"product_tag":[],"class_list":{"0":"post-1088985","1":"product","2":"type-product","3":"status-publish","4":"has-post-thumbnail","6":"product_cat-dweller-de","7":"product_cat-haken-regale-de","8":"product_cat-kuchen-regale-de","9":"product_cat-regale-aufbewahrung-de","10":"product_cat-ablagen-de","11":"product_cat-neuheiten-de","12":"product_shipping_class-pk","14":"pa_color-hellgrau-2","15":"pa_material-aluminium-de","17":"first","18":"instock","19":"taxable","20":"shipping-taxable","21":"purchasable","22":"product-type-simple"},"exclude_global_add_ons":[],"addons":[],"acf":[],"yoast_head":"<!-- This site is optimized with the Yoast SEO plugin v26.4 - https:\/\/yoast.com\/wordpress\/plugins\/seo\/ -->\n<title>Sheets Regal Hellgrau - H\u00fcbsch<\/title>\n<meta name=\"description\" content=\"Leicht wie Papier, stark in der Pers\u00f6nlichkeit. Das Regal Sheets Regal, gebogen wie eine umgeschlagene Seite, vereint Skulptur und Funktion in perfekter\" \/>\n<meta name=\"robots\" content=\"index, follow, max-snippet:-1, max-image-preview:large, max-video-preview:-1\" \/>\n<link rel=\"canonical\" href=\"https:\/\/hubsch-interior.com\/de\/wp-json\/wp\/v2\/product\/1088985\" \/>\n<meta property=\"og:locale\" content=\"de_DE\" \/>\n<meta property=\"og:type\" content=\"article\" \/>\n<meta property=\"og:title\" content=\"Sheets Regal Hellgrau - H\u00fcbsch\" \/>\n<meta property=\"og:description\" content=\"Leicht wie Papier, stark in der Pers\u00f6nlichkeit. Das Regal Sheets Regal, gebogen wie eine umgeschlagene Seite, vereint Skulptur und Funktion in perfekter\" \/>\n<meta property=\"og:url\" content=\"https:\/\/hubsch-interior.com\/de\/produkt\/sheets-regal-hellgrau\/\" \/>\n<meta property=\"og:site_name\" content=\"H\u00fcbsch\" \/>\n<meta property=\"article:modified_time\" content=\"2026-04-05T03:24:05+00:00\" \/>\n<meta property=\"og:image\" content=\"https:\/\/hubsch-interior.com\/wp-content\/uploads\/2026\/01\/sheets-shelf-light-grey-53f63260cba6b0371a4d426cc318c5f5.jpg\" \/>\n\t<meta property=\"og:image:width\" content=\"1200\" \/>\n\t<meta property=\"og:image:height\" content=\"1200\" \/>\n\t<meta property=\"og:image:type\" content=\"image\/jpeg\" \/>\n<meta name=\"twitter:card\" content=\"summary_large_image\" \/>\n<script type=\"application\/ld+json\" class=\"yoast-schema-graph\">{\"@context\":\"https:\/\/schema.org\",\"@graph\":[{\"@type\":\"WebPage\",\"@id\":\"https:\/\/hubsch-interior.com\/de\/produkt\/sheets-regal-hellgrau\/\",\"url\":\"https:\/\/hubsch-interior.com\/de\/produkt\/sheets-regal-hellgrau\/\",\"name\":\"Sheets Regal Hellgrau - H\u00fcbsch\",\"isPartOf\":{\"@id\":\"https:\/\/hubsch-interior.com\/de\/#website\"},\"primaryImageOfPage\":{\"@id\":\"https:\/\/hubsch-interior.com\/de\/produkt\/sheets-regal-hellgrau\/#primaryimage\"},\"image\":{\"@id\":\"https:\/\/hubsch-interior.com\/de\/produkt\/sheets-regal-hellgrau\/#primaryimage\"},\"thumbnailUrl\":\"https:\/\/hubsch-interior.com\/wp-content\/uploads\/2026\/02\/sheets-shelf-light-grey-ec215e6b69cb1b460d1139a3ed02d888.jpg\",\"datePublished\":\"2026-01-31T04:22:43+00:00\",\"dateModified\":\"2026-04-05T03:24:05+00:00\",\"description\":\"Leicht wie Papier, stark in der Pers\u00f6nlichkeit. Das Regal Sheets Regal, gebogen wie eine umgeschlagene Seite, vereint Skulptur und Funktion in perfekter\",\"breadcrumb\":{\"@id\":\"https:\/\/hubsch-interior.com\/de\/produkt\/sheets-regal-hellgrau\/#breadcrumb\"},\"inLanguage\":\"de\",\"potentialAction\":[{\"@type\":\"ReadAction\",\"target\":[\"https:\/\/hubsch-interior.com\/de\/produkt\/sheets-regal-hellgrau\/\"]}]},{\"@type\":\"ImageObject\",\"inLanguage\":\"de\",\"@id\":\"https:\/\/hubsch-interior.com\/de\/produkt\/sheets-regal-hellgrau\/#primaryimage\",\"url\":\"https:\/\/hubsch-interior.com\/wp-content\/uploads\/2026\/02\/sheets-shelf-light-grey-ec215e6b69cb1b460d1139a3ed02d888.jpg\",\"contentUrl\":\"https:\/\/hubsch-interior.com\/wp-content\/uploads\/2026\/02\/sheets-shelf-light-grey-ec215e6b69cb1b460d1139a3ed02d888.jpg\",\"width\":1024,\"height\":1024},{\"@type\":\"BreadcrumbList\",\"@id\":\"https:\/\/hubsch-interior.com\/de\/produkt\/sheets-regal-hellgrau\/#breadcrumb\",\"itemListElement\":[{\"@type\":\"ListItem\",\"position\":1,\"name\":\"Startseite\",\"item\":\"https:\/\/hubsch-interior.com\/de\/\"},{\"@type\":\"ListItem\",\"position\":2,\"name\":\"Produkte\",\"item\":\"https:\/\/hubsch-interior.com\/de\/shop-2\/\"},{\"@type\":\"ListItem\",\"position\":3,\"name\":\"Sheets Regal Hellgrau\"}]},{\"@type\":\"WebSite\",\"@id\":\"https:\/\/hubsch-interior.com\/de\/#website\",\"url\":\"https:\/\/hubsch-interior.com\/de\/\",\"name\":\"H\u00fcbsch\",\"description\":\"Danish Home Interior and Design\",\"publisher\":{\"@id\":\"https:\/\/hubsch-interior.com\/de\/#organization\"},\"potentialAction\":[{\"@type\":\"SearchAction\",\"target\":{\"@type\":\"EntryPoint\",\"urlTemplate\":\"https:\/\/hubsch-interior.com\/de\/?s={search_term_string}\"},\"query-input\":{\"@type\":\"PropertyValueSpecification\",\"valueRequired\":true,\"valueName\":\"search_term_string\"}}],\"inLanguage\":\"de\"},{\"@type\":\"Organization\",\"@id\":\"https:\/\/hubsch-interior.com\/de\/#organization\",\"name\":\"H\u00fcbsch\",\"url\":\"https:\/\/hubsch-interior.com\/de\/\",\"logo\":{\"@type\":\"ImageObject\",\"inLanguage\":\"de\",\"@id\":\"https:\/\/hubsch-interior.com\/de\/#\/schema\/logo\/image\/\",\"url\":\"https:\/\/hubsch-interior.com\/wp-content\/uploads\/2022\/12\/Hubsch_logo_black_one_line.svg\",\"contentUrl\":\"https:\/\/hubsch-interior.com\/wp-content\/uploads\/2022\/12\/Hubsch_logo_black_one_line.svg\",\"caption\":\"H\u00fcbsch\"},\"image\":{\"@id\":\"https:\/\/hubsch-interior.com\/de\/#\/schema\/logo\/image\/\"}}]}<\/script>\n<!-- \/ Yoast SEO plugin. -->","yoast_head_json":{"title":"Sheets Regal Hellgrau - H\u00fcbsch","description":"Leicht wie Papier, stark in der Pers\u00f6nlichkeit. Das Regal Sheets Regal, gebogen wie eine umgeschlagene Seite, vereint Skulptur und Funktion in perfekter","robots":{"index":"index","follow":"follow","max-snippet":"max-snippet:-1","max-image-preview":"max-image-preview:large","max-video-preview":"max-video-preview:-1"},"canonical":"https:\/\/hubsch-interior.com\/de\/wp-json\/wp\/v2\/product\/1088985","og_locale":"de_DE","og_type":"article","og_title":"Sheets Regal Hellgrau - H\u00fcbsch","og_description":"Leicht wie Papier, stark in der Pers\u00f6nlichkeit. Das Regal Sheets Regal, gebogen wie eine umgeschlagene Seite, vereint Skulptur und Funktion in perfekter","og_url":"https:\/\/hubsch-interior.com\/de\/produkt\/sheets-regal-hellgrau\/","og_site_name":"H\u00fcbsch","article_modified_time":"2026-04-05T03:24:05+00:00","og_image":[{"width":1200,"height":1200,"url":"https:\/\/hubsch-interior.com\/wp-content\/uploads\/2026\/01\/sheets-shelf-light-grey-53f63260cba6b0371a4d426cc318c5f5.jpg","type":"image\/jpeg"}],"twitter_card":"summary_large_image","schema":{"@context":"https:\/\/schema.org","@graph":[{"@type":"WebPage","@id":"https:\/\/hubsch-interior.com\/de\/produkt\/sheets-regal-hellgrau\/","url":"https:\/\/hubsch-interior.com\/de\/produkt\/sheets-regal-hellgrau\/","name":"Sheets Regal Hellgrau - H\u00fcbsch","isPartOf":{"@id":"https:\/\/hubsch-interior.com\/de\/#website"},"primaryImageOfPage":{"@id":"https:\/\/hubsch-interior.com\/de\/produkt\/sheets-regal-hellgrau\/#primaryimage"},"image":{"@id":"https:\/\/hubsch-interior.com\/de\/produkt\/sheets-regal-hellgrau\/#primaryimage"},"thumbnailUrl":"https:\/\/hubsch-interior.com\/wp-content\/uploads\/2026\/02\/sheets-shelf-light-grey-ec215e6b69cb1b460d1139a3ed02d888.jpg","datePublished":"2026-01-31T04:22:43+00:00","dateModified":"2026-04-05T03:24:05+00:00","description":"Leicht wie Papier, stark in der Pers\u00f6nlichkeit. Das Regal Sheets Regal, gebogen wie eine umgeschlagene Seite, vereint Skulptur und Funktion in perfekter","breadcrumb":{"@id":"https:\/\/hubsch-interior.com\/de\/produkt\/sheets-regal-hellgrau\/#breadcrumb"},"inLanguage":"de","potentialAction":[{"@type":"ReadAction","target":["https:\/\/hubsch-interior.com\/de\/produkt\/sheets-regal-hellgrau\/"]}]},{"@type":"ImageObject","inLanguage":"de","@id":"https:\/\/hubsch-interior.com\/de\/produkt\/sheets-regal-hellgrau\/#primaryimage","url":"https:\/\/hubsch-interior.com\/wp-content\/uploads\/2026\/02\/sheets-shelf-light-grey-ec215e6b69cb1b460d1139a3ed02d888.jpg","contentUrl":"https:\/\/hubsch-interior.com\/wp-content\/uploads\/2026\/02\/sheets-shelf-light-grey-ec215e6b69cb1b460d1139a3ed02d888.jpg","width":1024,"height":1024},{"@type":"BreadcrumbList","@id":"https:\/\/hubsch-interior.com\/de\/produkt\/sheets-regal-hellgrau\/#breadcrumb","itemListElement":[{"@type":"ListItem","position":1,"name":"Startseite","item":"https:\/\/hubsch-interior.com\/de\/"},{"@type":"ListItem","position":2,"name":"Produkte","item":"https:\/\/hubsch-interior.com\/de\/shop-2\/"},{"@type":"ListItem","position":3,"name":"Sheets Regal Hellgrau"}]},{"@type":"WebSite","@id":"https:\/\/hubsch-interior.com\/de\/#website","url":"https:\/\/hubsch-interior.com\/de\/","name":"H\u00fcbsch","description":"Danish Home Interior and Design","publisher":{"@id":"https:\/\/hubsch-interior.com\/de\/#organization"},"potentialAction":[{"@type":"SearchAction","target":{"@type":"EntryPoint","urlTemplate":"https:\/\/hubsch-interior.com\/de\/?s={search_term_string}"},"query-input":{"@type":"PropertyValueSpecification","valueRequired":true,"valueName":"search_term_string"}}],"inLanguage":"de"},{"@type":"Organization","@id":"https:\/\/hubsch-interior.com\/de\/#organization","name":"H\u00fcbsch","url":"https:\/\/hubsch-interior.com\/de\/","logo":{"@type":"ImageObject","inLanguage":"de","@id":"https:\/\/hubsch-interior.com\/de\/#\/schema\/logo\/image\/","url":"https:\/\/hubsch-interior.com\/wp-content\/uploads\/2022\/12\/Hubsch_logo_black_one_line.svg","contentUrl":"https:\/\/hubsch-interior.com\/wp-content\/uploads\/2022\/12\/Hubsch_logo_black_one_line.svg","caption":"H\u00fcbsch"},"image":{"@id":"https:\/\/hubsch-interior.com\/de\/#\/schema\/logo\/image\/"}}]}},"_links":{"self":[{"href":"https:\/\/hubsch-interior.com\/de\/wp-json\/wp\/v2\/product\/1088985","targetHints":{"allow":["GET"]}}],"collection":[{"href":"https:\/\/hubsch-interior.com\/de\/wp-json\/wp\/v2\/product"}],"about":[{"href":"https:\/\/hubsch-interior.com\/de\/wp-json\/wp\/v2\/types\/product"}],"wp:featuredmedia":[{"embeddable":true,"href":"https:\/\/hubsch-interior.com\/de\/wp-json\/wp\/v2\/media\/1113838"}],"wp:attachment":[{"href":"https:\/\/hubsch-interior.com\/de\/wp-json\/wp\/v2\/media?parent=1088985"}],"wp:term":[{"taxonomy":"product_brand","embeddable":true,"href":"https:\/\/hubsch-interior.com\/de\/wp-json\/wp\/v2\/product_brand?post=1088985"},{"taxonomy":"product_cat","embeddable":true,"href":"https:\/\/hubsch-interior.com\/de\/wp-json\/wp\/v2\/product_cat?post=1088985"},{"taxonomy":"product_tag","embeddable":true,"href":"https:\/\/hubsch-interior.com\/de\/wp-json\/wp\/v2\/product_tag?post=1088985"}],"curies":[{"name":"wp","href":"https:\/\/api.w.org\/{rel}","templated":true}]}}