{"id":1089005,"date":"2026-01-31T05:22:57","date_gmt":"2026-01-31T04:22:57","guid":{"rendered":"https:\/\/hubsch-interior.com\/product\/product\/"},"modified":"2026-04-05T05:24:10","modified_gmt":"2026-04-05T03:24:10","slug":"sheets-regal-dunkelgrun","status":"publish","type":"product","link":"https:\/\/hubsch-interior.com\/de\/produkt\/sheets-regal-dunkelgrun\/","title":{"rendered":"Sheets Regal Dunkelgr\u00fcn"},"content":{"rendered":"<p>Elegante Kurven, markante Ausstrahlung. Das Regal Sheets Regal in einem anspruchsvollen Dunkelgr\u00fcn biegt sich wie eine umgeschlagene Seite und verwandelt einfache Aufbewahrung in etwas Skulpturales. Aus robustem, pulverbeschichtetem Metall gefertigt, bringt es ruhiges Drama in Ihr Interieur \u2013 ob allein \u00fcber einem Schreibtisch gestylt, zu zweit als geschichtetes Wandelement oder verwendet, um eine h\u00e4ngende Pflanze und Ihre neuesten Lekt\u00fcren hervorzuheben. Ein subtiler Hingucker, der nicht laut sein muss; dieses Regal bringt sowohl Funktion als auch Finesse in Ihren Raum. Ein cleverer, zeitgen\u00f6ssischer Akzent, der allt\u00e4gliche Objekte in kuratierte Sch\u00f6nheit verwandelt.<\/p>\n","protected":false},"excerpt":{"rendered":"<p>Elegante Kurven, markante Ausstrahlung. Das Regal Sheets Regal in einem anspruchsvollen Dunkelgr\u00fcn biegt sich wie eine umgeschlagene Seite und verwandelt einfache Aufbewahrung in etwas Skulpturales. Aus robustem, pulverbeschichtetem Metall gefertigt, bringt es ruhiges Drama in Ihr Interieur \u2013 ob allein \u00fcber einem Schreibtisch gestylt, zu zweit als geschichtetes Wandelement oder verwendet, um eine h\u00e4ngende Pflanze [&hellip;]<\/p>\n","protected":false},"featured_media":1113846,"template":"","meta":{"_acf_changed":false,"inline_featured_image":false},"product_brand":[],"product_cat":[7155,7073,7074,4003,4024,5047],"product_tag":[],"class_list":{"0":"post-1089005","1":"product","2":"type-product","3":"status-publish","4":"has-post-thumbnail","6":"product_cat-dweller-de","7":"product_cat-haken-regale-de","8":"product_cat-kuchen-regale-de","9":"product_cat-regale-aufbewahrung-de","10":"product_cat-ablagen-de","11":"product_cat-neuheiten-de","12":"product_shipping_class-pk","14":"pa_color-dunkelgrn","15":"pa_material-aluminium-de","17":"first","18":"instock","19":"taxable","20":"shipping-taxable","21":"purchasable","22":"product-type-simple"},"exclude_global_add_ons":[],"addons":[],"acf":[],"yoast_head":"<!-- This site is optimized with the Yoast SEO plugin v26.4 - https:\/\/yoast.com\/wordpress\/plugins\/seo\/ -->\n<title>Sheets Regal Dunkelgr\u00fcn - H\u00fcbsch<\/title>\n<meta name=\"description\" content=\"Elegante Kurven, markante Ausstrahlung. Das Regal Sheets Regal in einem anspruchsvollen Dunkelgr\u00fcn biegt sich wie eine umgeschlagene Seite und verwandelt\" \/>\n<meta name=\"robots\" content=\"index, follow, max-snippet:-1, max-image-preview:large, max-video-preview:-1\" \/>\n<link rel=\"canonical\" href=\"https:\/\/hubsch-interior.com\/de\/wp-json\/wp\/v2\/product\/1089005\" \/>\n<meta property=\"og:locale\" content=\"de_DE\" \/>\n<meta property=\"og:type\" content=\"article\" \/>\n<meta property=\"og:title\" content=\"Sheets Regal Dunkelgr\u00fcn - H\u00fcbsch\" \/>\n<meta property=\"og:description\" content=\"Elegante Kurven, markante Ausstrahlung. Das Regal Sheets Regal in einem anspruchsvollen Dunkelgr\u00fcn biegt sich wie eine umgeschlagene Seite und verwandelt\" \/>\n<meta property=\"og:url\" content=\"https:\/\/hubsch-interior.com\/de\/produkt\/sheets-regal-dunkelgrun\/\" \/>\n<meta property=\"og:site_name\" content=\"H\u00fcbsch\" \/>\n<meta property=\"article:modified_time\" content=\"2026-04-05T03:24:10+00:00\" \/>\n<meta property=\"og:image\" content=\"https:\/\/hubsch-interior.com\/wp-content\/uploads\/2026\/01\/sheets-shelf-dark-green-39b84b76cae27267c5ccd274dac1e9f0.jpg\" \/>\n\t<meta property=\"og:image:width\" content=\"1200\" \/>\n\t<meta property=\"og:image:height\" content=\"1200\" \/>\n\t<meta property=\"og:image:type\" content=\"image\/jpeg\" \/>\n<meta name=\"twitter:card\" content=\"summary_large_image\" \/>\n<script type=\"application\/ld+json\" class=\"yoast-schema-graph\">{\"@context\":\"https:\/\/schema.org\",\"@graph\":[{\"@type\":\"WebPage\",\"@id\":\"https:\/\/hubsch-interior.com\/de\/produkt\/sheets-regal-dunkelgrun\/\",\"url\":\"https:\/\/hubsch-interior.com\/de\/produkt\/sheets-regal-dunkelgrun\/\",\"name\":\"Sheets Regal Dunkelgr\u00fcn - H\u00fcbsch\",\"isPartOf\":{\"@id\":\"https:\/\/hubsch-interior.com\/de\/#website\"},\"primaryImageOfPage\":{\"@id\":\"https:\/\/hubsch-interior.com\/de\/produkt\/sheets-regal-dunkelgrun\/#primaryimage\"},\"image\":{\"@id\":\"https:\/\/hubsch-interior.com\/de\/produkt\/sheets-regal-dunkelgrun\/#primaryimage\"},\"thumbnailUrl\":\"https:\/\/hubsch-interior.com\/wp-content\/uploads\/2026\/02\/sheets-shelf-dark-green-5d4d59c9f97bfec00397ba61ab64436c.jpg\",\"datePublished\":\"2026-01-31T04:22:57+00:00\",\"dateModified\":\"2026-04-05T03:24:10+00:00\",\"description\":\"Elegante Kurven, markante Ausstrahlung. Das Regal Sheets Regal in einem anspruchsvollen Dunkelgr\u00fcn biegt sich wie eine umgeschlagene Seite und verwandelt\",\"breadcrumb\":{\"@id\":\"https:\/\/hubsch-interior.com\/de\/produkt\/sheets-regal-dunkelgrun\/#breadcrumb\"},\"inLanguage\":\"de\",\"potentialAction\":[{\"@type\":\"ReadAction\",\"target\":[\"https:\/\/hubsch-interior.com\/de\/produkt\/sheets-regal-dunkelgrun\/\"]}]},{\"@type\":\"ImageObject\",\"inLanguage\":\"de\",\"@id\":\"https:\/\/hubsch-interior.com\/de\/produkt\/sheets-regal-dunkelgrun\/#primaryimage\",\"url\":\"https:\/\/hubsch-interior.com\/wp-content\/uploads\/2026\/02\/sheets-shelf-dark-green-5d4d59c9f97bfec00397ba61ab64436c.jpg\",\"contentUrl\":\"https:\/\/hubsch-interior.com\/wp-content\/uploads\/2026\/02\/sheets-shelf-dark-green-5d4d59c9f97bfec00397ba61ab64436c.jpg\",\"width\":1024,\"height\":1024},{\"@type\":\"BreadcrumbList\",\"@id\":\"https:\/\/hubsch-interior.com\/de\/produkt\/sheets-regal-dunkelgrun\/#breadcrumb\",\"itemListElement\":[{\"@type\":\"ListItem\",\"position\":1,\"name\":\"Startseite\",\"item\":\"https:\/\/hubsch-interior.com\/de\/\"},{\"@type\":\"ListItem\",\"position\":2,\"name\":\"Produkte\",\"item\":\"https:\/\/hubsch-interior.com\/de\/shop-2\/\"},{\"@type\":\"ListItem\",\"position\":3,\"name\":\"Sheets Regal Dunkelgr\u00fcn\"}]},{\"@type\":\"WebSite\",\"@id\":\"https:\/\/hubsch-interior.com\/de\/#website\",\"url\":\"https:\/\/hubsch-interior.com\/de\/\",\"name\":\"H\u00fcbsch\",\"description\":\"Danish Home Interior and Design\",\"publisher\":{\"@id\":\"https:\/\/hubsch-interior.com\/de\/#organization\"},\"potentialAction\":[{\"@type\":\"SearchAction\",\"target\":{\"@type\":\"EntryPoint\",\"urlTemplate\":\"https:\/\/hubsch-interior.com\/de\/?s={search_term_string}\"},\"query-input\":{\"@type\":\"PropertyValueSpecification\",\"valueRequired\":true,\"valueName\":\"search_term_string\"}}],\"inLanguage\":\"de\"},{\"@type\":\"Organization\",\"@id\":\"https:\/\/hubsch-interior.com\/de\/#organization\",\"name\":\"H\u00fcbsch\",\"url\":\"https:\/\/hubsch-interior.com\/de\/\",\"logo\":{\"@type\":\"ImageObject\",\"inLanguage\":\"de\",\"@id\":\"https:\/\/hubsch-interior.com\/de\/#\/schema\/logo\/image\/\",\"url\":\"https:\/\/hubsch-interior.com\/wp-content\/uploads\/2022\/12\/Hubsch_logo_black_one_line.svg\",\"contentUrl\":\"https:\/\/hubsch-interior.com\/wp-content\/uploads\/2022\/12\/Hubsch_logo_black_one_line.svg\",\"caption\":\"H\u00fcbsch\"},\"image\":{\"@id\":\"https:\/\/hubsch-interior.com\/de\/#\/schema\/logo\/image\/\"}}]}<\/script>\n<!-- \/ Yoast SEO plugin. -->","yoast_head_json":{"title":"Sheets Regal Dunkelgr\u00fcn - H\u00fcbsch","description":"Elegante Kurven, markante Ausstrahlung. Das Regal Sheets Regal in einem anspruchsvollen Dunkelgr\u00fcn biegt sich wie eine umgeschlagene Seite und verwandelt","robots":{"index":"index","follow":"follow","max-snippet":"max-snippet:-1","max-image-preview":"max-image-preview:large","max-video-preview":"max-video-preview:-1"},"canonical":"https:\/\/hubsch-interior.com\/de\/wp-json\/wp\/v2\/product\/1089005","og_locale":"de_DE","og_type":"article","og_title":"Sheets Regal Dunkelgr\u00fcn - H\u00fcbsch","og_description":"Elegante Kurven, markante Ausstrahlung. Das Regal Sheets Regal in einem anspruchsvollen Dunkelgr\u00fcn biegt sich wie eine umgeschlagene Seite und verwandelt","og_url":"https:\/\/hubsch-interior.com\/de\/produkt\/sheets-regal-dunkelgrun\/","og_site_name":"H\u00fcbsch","article_modified_time":"2026-04-05T03:24:10+00:00","og_image":[{"width":1200,"height":1200,"url":"https:\/\/hubsch-interior.com\/wp-content\/uploads\/2026\/01\/sheets-shelf-dark-green-39b84b76cae27267c5ccd274dac1e9f0.jpg","type":"image\/jpeg"}],"twitter_card":"summary_large_image","schema":{"@context":"https:\/\/schema.org","@graph":[{"@type":"WebPage","@id":"https:\/\/hubsch-interior.com\/de\/produkt\/sheets-regal-dunkelgrun\/","url":"https:\/\/hubsch-interior.com\/de\/produkt\/sheets-regal-dunkelgrun\/","name":"Sheets Regal Dunkelgr\u00fcn - H\u00fcbsch","isPartOf":{"@id":"https:\/\/hubsch-interior.com\/de\/#website"},"primaryImageOfPage":{"@id":"https:\/\/hubsch-interior.com\/de\/produkt\/sheets-regal-dunkelgrun\/#primaryimage"},"image":{"@id":"https:\/\/hubsch-interior.com\/de\/produkt\/sheets-regal-dunkelgrun\/#primaryimage"},"thumbnailUrl":"https:\/\/hubsch-interior.com\/wp-content\/uploads\/2026\/02\/sheets-shelf-dark-green-5d4d59c9f97bfec00397ba61ab64436c.jpg","datePublished":"2026-01-31T04:22:57+00:00","dateModified":"2026-04-05T03:24:10+00:00","description":"Elegante Kurven, markante Ausstrahlung. Das Regal Sheets Regal in einem anspruchsvollen Dunkelgr\u00fcn biegt sich wie eine umgeschlagene Seite und verwandelt","breadcrumb":{"@id":"https:\/\/hubsch-interior.com\/de\/produkt\/sheets-regal-dunkelgrun\/#breadcrumb"},"inLanguage":"de","potentialAction":[{"@type":"ReadAction","target":["https:\/\/hubsch-interior.com\/de\/produkt\/sheets-regal-dunkelgrun\/"]}]},{"@type":"ImageObject","inLanguage":"de","@id":"https:\/\/hubsch-interior.com\/de\/produkt\/sheets-regal-dunkelgrun\/#primaryimage","url":"https:\/\/hubsch-interior.com\/wp-content\/uploads\/2026\/02\/sheets-shelf-dark-green-5d4d59c9f97bfec00397ba61ab64436c.jpg","contentUrl":"https:\/\/hubsch-interior.com\/wp-content\/uploads\/2026\/02\/sheets-shelf-dark-green-5d4d59c9f97bfec00397ba61ab64436c.jpg","width":1024,"height":1024},{"@type":"BreadcrumbList","@id":"https:\/\/hubsch-interior.com\/de\/produkt\/sheets-regal-dunkelgrun\/#breadcrumb","itemListElement":[{"@type":"ListItem","position":1,"name":"Startseite","item":"https:\/\/hubsch-interior.com\/de\/"},{"@type":"ListItem","position":2,"name":"Produkte","item":"https:\/\/hubsch-interior.com\/de\/shop-2\/"},{"@type":"ListItem","position":3,"name":"Sheets Regal Dunkelgr\u00fcn"}]},{"@type":"WebSite","@id":"https:\/\/hubsch-interior.com\/de\/#website","url":"https:\/\/hubsch-interior.com\/de\/","name":"H\u00fcbsch","description":"Danish Home Interior and Design","publisher":{"@id":"https:\/\/hubsch-interior.com\/de\/#organization"},"potentialAction":[{"@type":"SearchAction","target":{"@type":"EntryPoint","urlTemplate":"https:\/\/hubsch-interior.com\/de\/?s={search_term_string}"},"query-input":{"@type":"PropertyValueSpecification","valueRequired":true,"valueName":"search_term_string"}}],"inLanguage":"de"},{"@type":"Organization","@id":"https:\/\/hubsch-interior.com\/de\/#organization","name":"H\u00fcbsch","url":"https:\/\/hubsch-interior.com\/de\/","logo":{"@type":"ImageObject","inLanguage":"de","@id":"https:\/\/hubsch-interior.com\/de\/#\/schema\/logo\/image\/","url":"https:\/\/hubsch-interior.com\/wp-content\/uploads\/2022\/12\/Hubsch_logo_black_one_line.svg","contentUrl":"https:\/\/hubsch-interior.com\/wp-content\/uploads\/2022\/12\/Hubsch_logo_black_one_line.svg","caption":"H\u00fcbsch"},"image":{"@id":"https:\/\/hubsch-interior.com\/de\/#\/schema\/logo\/image\/"}}]}},"_links":{"self":[{"href":"https:\/\/hubsch-interior.com\/de\/wp-json\/wp\/v2\/product\/1089005","targetHints":{"allow":["GET"]}}],"collection":[{"href":"https:\/\/hubsch-interior.com\/de\/wp-json\/wp\/v2\/product"}],"about":[{"href":"https:\/\/hubsch-interior.com\/de\/wp-json\/wp\/v2\/types\/product"}],"wp:featuredmedia":[{"embeddable":true,"href":"https:\/\/hubsch-interior.com\/de\/wp-json\/wp\/v2\/media\/1113846"}],"wp:attachment":[{"href":"https:\/\/hubsch-interior.com\/de\/wp-json\/wp\/v2\/media?parent=1089005"}],"wp:term":[{"taxonomy":"product_brand","embeddable":true,"href":"https:\/\/hubsch-interior.com\/de\/wp-json\/wp\/v2\/product_brand?post=1089005"},{"taxonomy":"product_cat","embeddable":true,"href":"https:\/\/hubsch-interior.com\/de\/wp-json\/wp\/v2\/product_cat?post=1089005"},{"taxonomy":"product_tag","embeddable":true,"href":"https:\/\/hubsch-interior.com\/de\/wp-json\/wp\/v2\/product_tag?post=1089005"}],"curies":[{"name":"wp","href":"https:\/\/api.w.org\/{rel}","templated":true}]}}