{"id":1089021,"date":"2026-01-31T05:23:09","date_gmt":"2026-01-31T04:23:09","guid":{"rendered":"https:\/\/hubsch-interior.com\/product\/product\/"},"modified":"2026-04-05T05:24:15","modified_gmt":"2026-04-05T03:24:15","slug":"nami-haken-gelb","status":"publish","type":"product","link":"https:\/\/hubsch-interior.com\/de\/produkt\/nami-haken-gelb\/","title":{"rendered":"Nami Haken Gelb"},"content":{"rendered":"<p>Brauchen Sie ein wenig Sonnenschein in Ihrem Flur? Der Nami Haken bringt k\u00fchnen Charme und m\u00fchelose Funktionalit\u00e4t, inspiriert von den sanften Wellen Japans. In dieser lebhaften gelben Variante erhellt er Ihre W\u00e4nde und bietet gleichzeitig eine clevere Doppelnutzung \u2013 drapieren Sie Ihren Schal \u00fcber die Oberseite und h\u00e4ngen Sie Ihre Jacke an die innere Schlaufe. Ein smartes, skulpturales Detail f\u00fcr jeden Raum, der sowohl Ordnung als auch Freude ben\u00f6tigt. Erh\u00e4ltlich in drei verschiedenen Farben \u2013 kombinieren Sie diese f\u00fcr einen spielerischen Wandmoment oder halten Sie es einfach mit einem einzigen Ton \u2013 der Nami Haken macht allt\u00e4gliche Organisation zum Kunstwerk.<\/p>\n","protected":false},"excerpt":{"rendered":"<p>Brauchen Sie ein wenig Sonnenschein in Ihrem Flur? Der Nami Haken bringt k\u00fchnen Charme und m\u00fchelose Funktionalit\u00e4t, inspiriert von den sanften Wellen Japans. In dieser lebhaften gelben Variante erhellt er Ihre W\u00e4nde und bietet gleichzeitig eine clevere Doppelnutzung \u2013 drapieren Sie Ihren Schal \u00fcber die Oberseite und h\u00e4ngen Sie Ihre Jacke an die innere Schlaufe. [&hellip;]<\/p>\n","protected":false},"featured_media":1111477,"template":"","meta":{"_acf_changed":false,"inline_featured_image":false},"product_brand":[],"product_cat":[7155,7067,7073,4043,4108,5027,5047],"product_tag":[],"class_list":{"0":"post-1089021","1":"product","2":"type-product","3":"status-publish","4":"has-post-thumbnail","6":"product_cat-dweller-de","7":"product_cat-kuchen-haken-de","8":"product_cat-haken-regale-de","9":"product_cat-haken-und-hakenleisten-de","10":"product_cat-haken-de","11":"product_cat-bestsellers-de","12":"product_cat-neuheiten-de","13":"product_shipping_class-pk","15":"pa_color-gelb","16":"pa_material-eisen-de","18":"first","19":"instock","20":"featured","21":"taxable","22":"shipping-taxable","23":"purchasable","24":"product-type-simple"},"exclude_global_add_ons":[],"addons":[],"acf":[],"yoast_head":"<!-- This site is optimized with the Yoast SEO plugin v26.4 - https:\/\/yoast.com\/wordpress\/plugins\/seo\/ -->\n<title>Nami Haken Gelb - H\u00fcbsch<\/title>\n<meta name=\"description\" content=\"Brauchen Sie ein wenig Sonnenschein in Ihrem Flur? Der Nami Haken bringt k\u00fchnen Charme und m\u00fchelose Funktionalit\u00e4t, inspiriert von den sanften Wellen\" \/>\n<meta name=\"robots\" content=\"index, follow, max-snippet:-1, max-image-preview:large, max-video-preview:-1\" \/>\n<link rel=\"canonical\" href=\"https:\/\/hubsch-interior.com\/de\/wp-json\/wp\/v2\/product\/1089021\" \/>\n<meta property=\"og:locale\" content=\"de_DE\" \/>\n<meta property=\"og:type\" content=\"article\" \/>\n<meta property=\"og:title\" content=\"Nami Haken Gelb - H\u00fcbsch\" \/>\n<meta property=\"og:description\" content=\"Brauchen Sie ein wenig Sonnenschein in Ihrem Flur? Der Nami Haken bringt k\u00fchnen Charme und m\u00fchelose Funktionalit\u00e4t, inspiriert von den sanften Wellen\" \/>\n<meta property=\"og:url\" content=\"https:\/\/hubsch-interior.com\/de\/produkt\/nami-haken-gelb\/\" \/>\n<meta property=\"og:site_name\" content=\"H\u00fcbsch\" \/>\n<meta property=\"article:modified_time\" content=\"2026-04-05T03:24:15+00:00\" \/>\n<meta property=\"og:image\" content=\"https:\/\/hubsch-interior.com\/wp-content\/uploads\/2026\/01\/nami-hook-yellow-1655352626762a2146c27fb83048e24e.jpg\" \/>\n\t<meta property=\"og:image:width\" content=\"1200\" \/>\n\t<meta property=\"og:image:height\" content=\"1200\" \/>\n\t<meta property=\"og:image:type\" content=\"image\/jpeg\" \/>\n<meta name=\"twitter:card\" content=\"summary_large_image\" \/>\n<meta name=\"twitter:label1\" content=\"Gesch\u00e4tzte Lesezeit\" \/>\n\t<meta name=\"twitter:data1\" content=\"1\u00a0Minute\" \/>\n<script type=\"application\/ld+json\" class=\"yoast-schema-graph\">{\"@context\":\"https:\/\/schema.org\",\"@graph\":[{\"@type\":\"WebPage\",\"@id\":\"https:\/\/hubsch-interior.com\/de\/produkt\/nami-haken-gelb\/\",\"url\":\"https:\/\/hubsch-interior.com\/de\/produkt\/nami-haken-gelb\/\",\"name\":\"Nami Haken Gelb - H\u00fcbsch\",\"isPartOf\":{\"@id\":\"https:\/\/hubsch-interior.com\/de\/#website\"},\"primaryImageOfPage\":{\"@id\":\"https:\/\/hubsch-interior.com\/de\/produkt\/nami-haken-gelb\/#primaryimage\"},\"image\":{\"@id\":\"https:\/\/hubsch-interior.com\/de\/produkt\/nami-haken-gelb\/#primaryimage\"},\"thumbnailUrl\":\"https:\/\/hubsch-interior.com\/wp-content\/uploads\/2026\/02\/nami-hook-yellow-223d8853e9b7b9d9c6c9ce05d9c0907d.jpg\",\"datePublished\":\"2026-01-31T04:23:09+00:00\",\"dateModified\":\"2026-04-05T03:24:15+00:00\",\"description\":\"Brauchen Sie ein wenig Sonnenschein in Ihrem Flur? Der Nami Haken bringt k\u00fchnen Charme und m\u00fchelose Funktionalit\u00e4t, inspiriert von den sanften Wellen\",\"breadcrumb\":{\"@id\":\"https:\/\/hubsch-interior.com\/de\/produkt\/nami-haken-gelb\/#breadcrumb\"},\"inLanguage\":\"de\",\"potentialAction\":[{\"@type\":\"ReadAction\",\"target\":[\"https:\/\/hubsch-interior.com\/de\/produkt\/nami-haken-gelb\/\"]}]},{\"@type\":\"ImageObject\",\"inLanguage\":\"de\",\"@id\":\"https:\/\/hubsch-interior.com\/de\/produkt\/nami-haken-gelb\/#primaryimage\",\"url\":\"https:\/\/hubsch-interior.com\/wp-content\/uploads\/2026\/02\/nami-hook-yellow-223d8853e9b7b9d9c6c9ce05d9c0907d.jpg\",\"contentUrl\":\"https:\/\/hubsch-interior.com\/wp-content\/uploads\/2026\/02\/nami-hook-yellow-223d8853e9b7b9d9c6c9ce05d9c0907d.jpg\",\"width\":1024,\"height\":1024},{\"@type\":\"BreadcrumbList\",\"@id\":\"https:\/\/hubsch-interior.com\/de\/produkt\/nami-haken-gelb\/#breadcrumb\",\"itemListElement\":[{\"@type\":\"ListItem\",\"position\":1,\"name\":\"Startseite\",\"item\":\"https:\/\/hubsch-interior.com\/de\/\"},{\"@type\":\"ListItem\",\"position\":2,\"name\":\"Produkte\",\"item\":\"https:\/\/hubsch-interior.com\/de\/shop-2\/\"},{\"@type\":\"ListItem\",\"position\":3,\"name\":\"Nami Haken Gelb\"}]},{\"@type\":\"WebSite\",\"@id\":\"https:\/\/hubsch-interior.com\/de\/#website\",\"url\":\"https:\/\/hubsch-interior.com\/de\/\",\"name\":\"H\u00fcbsch\",\"description\":\"Danish Home Interior and Design\",\"publisher\":{\"@id\":\"https:\/\/hubsch-interior.com\/de\/#organization\"},\"potentialAction\":[{\"@type\":\"SearchAction\",\"target\":{\"@type\":\"EntryPoint\",\"urlTemplate\":\"https:\/\/hubsch-interior.com\/de\/?s={search_term_string}\"},\"query-input\":{\"@type\":\"PropertyValueSpecification\",\"valueRequired\":true,\"valueName\":\"search_term_string\"}}],\"inLanguage\":\"de\"},{\"@type\":\"Organization\",\"@id\":\"https:\/\/hubsch-interior.com\/de\/#organization\",\"name\":\"H\u00fcbsch\",\"url\":\"https:\/\/hubsch-interior.com\/de\/\",\"logo\":{\"@type\":\"ImageObject\",\"inLanguage\":\"de\",\"@id\":\"https:\/\/hubsch-interior.com\/de\/#\/schema\/logo\/image\/\",\"url\":\"https:\/\/hubsch-interior.com\/wp-content\/uploads\/2022\/12\/Hubsch_logo_black_one_line.svg\",\"contentUrl\":\"https:\/\/hubsch-interior.com\/wp-content\/uploads\/2022\/12\/Hubsch_logo_black_one_line.svg\",\"caption\":\"H\u00fcbsch\"},\"image\":{\"@id\":\"https:\/\/hubsch-interior.com\/de\/#\/schema\/logo\/image\/\"}}]}<\/script>\n<!-- \/ Yoast SEO plugin. -->","yoast_head_json":{"title":"Nami Haken Gelb - H\u00fcbsch","description":"Brauchen Sie ein wenig Sonnenschein in Ihrem Flur? Der Nami Haken bringt k\u00fchnen Charme und m\u00fchelose Funktionalit\u00e4t, inspiriert von den sanften Wellen","robots":{"index":"index","follow":"follow","max-snippet":"max-snippet:-1","max-image-preview":"max-image-preview:large","max-video-preview":"max-video-preview:-1"},"canonical":"https:\/\/hubsch-interior.com\/de\/wp-json\/wp\/v2\/product\/1089021","og_locale":"de_DE","og_type":"article","og_title":"Nami Haken Gelb - H\u00fcbsch","og_description":"Brauchen Sie ein wenig Sonnenschein in Ihrem Flur? Der Nami Haken bringt k\u00fchnen Charme und m\u00fchelose Funktionalit\u00e4t, inspiriert von den sanften Wellen","og_url":"https:\/\/hubsch-interior.com\/de\/produkt\/nami-haken-gelb\/","og_site_name":"H\u00fcbsch","article_modified_time":"2026-04-05T03:24:15+00:00","og_image":[{"width":1200,"height":1200,"url":"https:\/\/hubsch-interior.com\/wp-content\/uploads\/2026\/01\/nami-hook-yellow-1655352626762a2146c27fb83048e24e.jpg","type":"image\/jpeg"}],"twitter_card":"summary_large_image","twitter_misc":{"Gesch\u00e4tzte Lesezeit":"1\u00a0Minute"},"schema":{"@context":"https:\/\/schema.org","@graph":[{"@type":"WebPage","@id":"https:\/\/hubsch-interior.com\/de\/produkt\/nami-haken-gelb\/","url":"https:\/\/hubsch-interior.com\/de\/produkt\/nami-haken-gelb\/","name":"Nami Haken Gelb - H\u00fcbsch","isPartOf":{"@id":"https:\/\/hubsch-interior.com\/de\/#website"},"primaryImageOfPage":{"@id":"https:\/\/hubsch-interior.com\/de\/produkt\/nami-haken-gelb\/#primaryimage"},"image":{"@id":"https:\/\/hubsch-interior.com\/de\/produkt\/nami-haken-gelb\/#primaryimage"},"thumbnailUrl":"https:\/\/hubsch-interior.com\/wp-content\/uploads\/2026\/02\/nami-hook-yellow-223d8853e9b7b9d9c6c9ce05d9c0907d.jpg","datePublished":"2026-01-31T04:23:09+00:00","dateModified":"2026-04-05T03:24:15+00:00","description":"Brauchen Sie ein wenig Sonnenschein in Ihrem Flur? Der Nami Haken bringt k\u00fchnen Charme und m\u00fchelose Funktionalit\u00e4t, inspiriert von den sanften Wellen","breadcrumb":{"@id":"https:\/\/hubsch-interior.com\/de\/produkt\/nami-haken-gelb\/#breadcrumb"},"inLanguage":"de","potentialAction":[{"@type":"ReadAction","target":["https:\/\/hubsch-interior.com\/de\/produkt\/nami-haken-gelb\/"]}]},{"@type":"ImageObject","inLanguage":"de","@id":"https:\/\/hubsch-interior.com\/de\/produkt\/nami-haken-gelb\/#primaryimage","url":"https:\/\/hubsch-interior.com\/wp-content\/uploads\/2026\/02\/nami-hook-yellow-223d8853e9b7b9d9c6c9ce05d9c0907d.jpg","contentUrl":"https:\/\/hubsch-interior.com\/wp-content\/uploads\/2026\/02\/nami-hook-yellow-223d8853e9b7b9d9c6c9ce05d9c0907d.jpg","width":1024,"height":1024},{"@type":"BreadcrumbList","@id":"https:\/\/hubsch-interior.com\/de\/produkt\/nami-haken-gelb\/#breadcrumb","itemListElement":[{"@type":"ListItem","position":1,"name":"Startseite","item":"https:\/\/hubsch-interior.com\/de\/"},{"@type":"ListItem","position":2,"name":"Produkte","item":"https:\/\/hubsch-interior.com\/de\/shop-2\/"},{"@type":"ListItem","position":3,"name":"Nami Haken Gelb"}]},{"@type":"WebSite","@id":"https:\/\/hubsch-interior.com\/de\/#website","url":"https:\/\/hubsch-interior.com\/de\/","name":"H\u00fcbsch","description":"Danish Home Interior and Design","publisher":{"@id":"https:\/\/hubsch-interior.com\/de\/#organization"},"potentialAction":[{"@type":"SearchAction","target":{"@type":"EntryPoint","urlTemplate":"https:\/\/hubsch-interior.com\/de\/?s={search_term_string}"},"query-input":{"@type":"PropertyValueSpecification","valueRequired":true,"valueName":"search_term_string"}}],"inLanguage":"de"},{"@type":"Organization","@id":"https:\/\/hubsch-interior.com\/de\/#organization","name":"H\u00fcbsch","url":"https:\/\/hubsch-interior.com\/de\/","logo":{"@type":"ImageObject","inLanguage":"de","@id":"https:\/\/hubsch-interior.com\/de\/#\/schema\/logo\/image\/","url":"https:\/\/hubsch-interior.com\/wp-content\/uploads\/2022\/12\/Hubsch_logo_black_one_line.svg","contentUrl":"https:\/\/hubsch-interior.com\/wp-content\/uploads\/2022\/12\/Hubsch_logo_black_one_line.svg","caption":"H\u00fcbsch"},"image":{"@id":"https:\/\/hubsch-interior.com\/de\/#\/schema\/logo\/image\/"}}]}},"_links":{"self":[{"href":"https:\/\/hubsch-interior.com\/de\/wp-json\/wp\/v2\/product\/1089021","targetHints":{"allow":["GET"]}}],"collection":[{"href":"https:\/\/hubsch-interior.com\/de\/wp-json\/wp\/v2\/product"}],"about":[{"href":"https:\/\/hubsch-interior.com\/de\/wp-json\/wp\/v2\/types\/product"}],"wp:featuredmedia":[{"embeddable":true,"href":"https:\/\/hubsch-interior.com\/de\/wp-json\/wp\/v2\/media\/1111477"}],"wp:attachment":[{"href":"https:\/\/hubsch-interior.com\/de\/wp-json\/wp\/v2\/media?parent=1089021"}],"wp:term":[{"taxonomy":"product_brand","embeddable":true,"href":"https:\/\/hubsch-interior.com\/de\/wp-json\/wp\/v2\/product_brand?post=1089021"},{"taxonomy":"product_cat","embeddable":true,"href":"https:\/\/hubsch-interior.com\/de\/wp-json\/wp\/v2\/product_cat?post=1089021"},{"taxonomy":"product_tag","embeddable":true,"href":"https:\/\/hubsch-interior.com\/de\/wp-json\/wp\/v2\/product_tag?post=1089021"}],"curies":[{"name":"wp","href":"https:\/\/api.w.org\/{rel}","templated":true}]}}