{"id":1089033,"date":"2026-01-31T05:23:23","date_gmt":"2026-01-31T04:23:23","guid":{"rendered":"https:\/\/hubsch-interior.com\/product\/product\/"},"modified":"2026-04-05T05:24:19","modified_gmt":"2026-04-05T03:24:19","slug":"nami-haken-dunkelbraun","status":"publish","type":"product","link":"https:\/\/hubsch-interior.com\/de\/produkt\/nami-haken-dunkelbraun\/","title":{"rendered":"Nami Haken \u00a0Dunkelbraun"},"content":{"rendered":"<p>Ein skulpturaler kleiner Helfer f\u00fcr Ihren Flur. Der Nami Haken verbindet Form und Funktion mit leiser Eleganz, inspiriert vom sanften Rhythmus der Ozeanwellen &#8211; eine Anspielung auf seinen japanischen Namen \u201eNami\u201c. Diese dunkelbraune Variante bringt einen beruhigenden, erdigen Ton in Ihren Raum und h\u00e4lt dabei geschickt Ordnung: H\u00e4ngen Sie Ihren Schal \u00fcber die Oberseite und ziehen Sie einen Kleiderb\u00fcgel durch die Schlaufe f\u00fcr Ihren Mantel. Kombinieren Sie Farben f\u00fcr einen spielerischen Wandmoment oder halten Sie es minimalistisch mit einem Ton \u2013 der Nami Haken verwandelt t\u00e4gliche Routinen in eine Darstellung durchdachten Designs.<\/p>\n","protected":false},"excerpt":{"rendered":"<p>Ein skulpturaler kleiner Helfer f\u00fcr Ihren Flur. Der Nami Haken verbindet Form und Funktion mit leiser Eleganz, inspiriert vom sanften Rhythmus der Ozeanwellen &#8211; eine Anspielung auf seinen japanischen Namen \u201eNami\u201c. Diese dunkelbraune Variante bringt einen beruhigenden, erdigen Ton in Ihren Raum und h\u00e4lt dabei geschickt Ordnung: H\u00e4ngen Sie Ihren Schal \u00fcber die Oberseite und [&hellip;]<\/p>\n","protected":false},"featured_media":1111489,"template":"","meta":{"_acf_changed":false,"inline_featured_image":false},"product_brand":[],"product_cat":[7155,7067,7073,4043,4108,5047],"product_tag":[],"class_list":{"0":"post-1089033","1":"product","2":"type-product","3":"status-publish","4":"has-post-thumbnail","6":"product_cat-dweller-de","7":"product_cat-kuchen-haken-de","8":"product_cat-haken-regale-de","9":"product_cat-haken-und-hakenleisten-de","10":"product_cat-haken-de","11":"product_cat-neuheiten-de","12":"product_shipping_class-pk","14":"pa_color-dunkelbraun","15":"pa_material-eisen-de","17":"first","18":"instock","19":"taxable","20":"shipping-taxable","21":"purchasable","22":"product-type-simple"},"exclude_global_add_ons":[],"addons":[],"acf":[],"yoast_head":"<!-- This site is optimized with the Yoast SEO plugin v26.4 - https:\/\/yoast.com\/wordpress\/plugins\/seo\/ -->\n<title>Nami Haken \u00a0Dunkelbraun - H\u00fcbsch<\/title>\n<meta name=\"description\" content=\"Ein skulpturaler kleiner Helfer f\u00fcr Ihren Flur. Der Nami Haken verbindet Form und Funktion mit leiser Eleganz, inspiriert vom sanften Rhythmus der\" \/>\n<meta name=\"robots\" content=\"index, follow, max-snippet:-1, max-image-preview:large, max-video-preview:-1\" \/>\n<link rel=\"canonical\" href=\"https:\/\/hubsch-interior.com\/de\/wp-json\/wp\/v2\/product\/1089033\" \/>\n<meta property=\"og:locale\" content=\"de_DE\" \/>\n<meta property=\"og:type\" content=\"article\" \/>\n<meta property=\"og:title\" content=\"Nami Haken \u00a0Dunkelbraun - H\u00fcbsch\" \/>\n<meta property=\"og:description\" content=\"Ein skulpturaler kleiner Helfer f\u00fcr Ihren Flur. Der Nami Haken verbindet Form und Funktion mit leiser Eleganz, inspiriert vom sanften Rhythmus der\" \/>\n<meta property=\"og:url\" content=\"https:\/\/hubsch-interior.com\/de\/produkt\/nami-haken-dunkelbraun\/\" \/>\n<meta property=\"og:site_name\" content=\"H\u00fcbsch\" \/>\n<meta property=\"article:modified_time\" content=\"2026-04-05T03:24:19+00:00\" \/>\n<meta property=\"og:image\" content=\"https:\/\/hubsch-interior.com\/wp-content\/uploads\/2026\/01\/nami-hook-dark-brown-544f9aa585c05a3ad2fd23b5627db202.jpg\" \/>\n\t<meta property=\"og:image:width\" content=\"1200\" \/>\n\t<meta property=\"og:image:height\" content=\"1200\" \/>\n\t<meta property=\"og:image:type\" content=\"image\/jpeg\" \/>\n<meta name=\"twitter:card\" content=\"summary_large_image\" \/>\n<script type=\"application\/ld+json\" class=\"yoast-schema-graph\">{\"@context\":\"https:\/\/schema.org\",\"@graph\":[{\"@type\":\"WebPage\",\"@id\":\"https:\/\/hubsch-interior.com\/de\/produkt\/nami-haken-dunkelbraun\/\",\"url\":\"https:\/\/hubsch-interior.com\/de\/produkt\/nami-haken-dunkelbraun\/\",\"name\":\"Nami Haken \u00a0Dunkelbraun - H\u00fcbsch\",\"isPartOf\":{\"@id\":\"https:\/\/hubsch-interior.com\/de\/#website\"},\"primaryImageOfPage\":{\"@id\":\"https:\/\/hubsch-interior.com\/de\/produkt\/nami-haken-dunkelbraun\/#primaryimage\"},\"image\":{\"@id\":\"https:\/\/hubsch-interior.com\/de\/produkt\/nami-haken-dunkelbraun\/#primaryimage\"},\"thumbnailUrl\":\"https:\/\/hubsch-interior.com\/wp-content\/uploads\/2026\/02\/nami-hook-dark-brown-d3ec5ec5fc308ef24005a2dffd83058e.jpg\",\"datePublished\":\"2026-01-31T04:23:23+00:00\",\"dateModified\":\"2026-04-05T03:24:19+00:00\",\"description\":\"Ein skulpturaler kleiner Helfer f\u00fcr Ihren Flur. Der Nami Haken verbindet Form und Funktion mit leiser Eleganz, inspiriert vom sanften Rhythmus der\",\"breadcrumb\":{\"@id\":\"https:\/\/hubsch-interior.com\/de\/produkt\/nami-haken-dunkelbraun\/#breadcrumb\"},\"inLanguage\":\"de\",\"potentialAction\":[{\"@type\":\"ReadAction\",\"target\":[\"https:\/\/hubsch-interior.com\/de\/produkt\/nami-haken-dunkelbraun\/\"]}]},{\"@type\":\"ImageObject\",\"inLanguage\":\"de\",\"@id\":\"https:\/\/hubsch-interior.com\/de\/produkt\/nami-haken-dunkelbraun\/#primaryimage\",\"url\":\"https:\/\/hubsch-interior.com\/wp-content\/uploads\/2026\/02\/nami-hook-dark-brown-d3ec5ec5fc308ef24005a2dffd83058e.jpg\",\"contentUrl\":\"https:\/\/hubsch-interior.com\/wp-content\/uploads\/2026\/02\/nami-hook-dark-brown-d3ec5ec5fc308ef24005a2dffd83058e.jpg\",\"width\":1024,\"height\":1024},{\"@type\":\"BreadcrumbList\",\"@id\":\"https:\/\/hubsch-interior.com\/de\/produkt\/nami-haken-dunkelbraun\/#breadcrumb\",\"itemListElement\":[{\"@type\":\"ListItem\",\"position\":1,\"name\":\"Startseite\",\"item\":\"https:\/\/hubsch-interior.com\/de\/\"},{\"@type\":\"ListItem\",\"position\":2,\"name\":\"Produkte\",\"item\":\"https:\/\/hubsch-interior.com\/de\/shop-2\/\"},{\"@type\":\"ListItem\",\"position\":3,\"name\":\"Nami Haken \u00a0Dunkelbraun\"}]},{\"@type\":\"WebSite\",\"@id\":\"https:\/\/hubsch-interior.com\/de\/#website\",\"url\":\"https:\/\/hubsch-interior.com\/de\/\",\"name\":\"H\u00fcbsch\",\"description\":\"Danish Home Interior and Design\",\"publisher\":{\"@id\":\"https:\/\/hubsch-interior.com\/de\/#organization\"},\"potentialAction\":[{\"@type\":\"SearchAction\",\"target\":{\"@type\":\"EntryPoint\",\"urlTemplate\":\"https:\/\/hubsch-interior.com\/de\/?s={search_term_string}\"},\"query-input\":{\"@type\":\"PropertyValueSpecification\",\"valueRequired\":true,\"valueName\":\"search_term_string\"}}],\"inLanguage\":\"de\"},{\"@type\":\"Organization\",\"@id\":\"https:\/\/hubsch-interior.com\/de\/#organization\",\"name\":\"H\u00fcbsch\",\"url\":\"https:\/\/hubsch-interior.com\/de\/\",\"logo\":{\"@type\":\"ImageObject\",\"inLanguage\":\"de\",\"@id\":\"https:\/\/hubsch-interior.com\/de\/#\/schema\/logo\/image\/\",\"url\":\"https:\/\/hubsch-interior.com\/wp-content\/uploads\/2022\/12\/Hubsch_logo_black_one_line.svg\",\"contentUrl\":\"https:\/\/hubsch-interior.com\/wp-content\/uploads\/2022\/12\/Hubsch_logo_black_one_line.svg\",\"caption\":\"H\u00fcbsch\"},\"image\":{\"@id\":\"https:\/\/hubsch-interior.com\/de\/#\/schema\/logo\/image\/\"}}]}<\/script>\n<!-- \/ Yoast SEO plugin. -->","yoast_head_json":{"title":"Nami Haken \u00a0Dunkelbraun - H\u00fcbsch","description":"Ein skulpturaler kleiner Helfer f\u00fcr Ihren Flur. Der Nami Haken verbindet Form und Funktion mit leiser Eleganz, inspiriert vom sanften Rhythmus der","robots":{"index":"index","follow":"follow","max-snippet":"max-snippet:-1","max-image-preview":"max-image-preview:large","max-video-preview":"max-video-preview:-1"},"canonical":"https:\/\/hubsch-interior.com\/de\/wp-json\/wp\/v2\/product\/1089033","og_locale":"de_DE","og_type":"article","og_title":"Nami Haken \u00a0Dunkelbraun - H\u00fcbsch","og_description":"Ein skulpturaler kleiner Helfer f\u00fcr Ihren Flur. Der Nami Haken verbindet Form und Funktion mit leiser Eleganz, inspiriert vom sanften Rhythmus der","og_url":"https:\/\/hubsch-interior.com\/de\/produkt\/nami-haken-dunkelbraun\/","og_site_name":"H\u00fcbsch","article_modified_time":"2026-04-05T03:24:19+00:00","og_image":[{"width":1200,"height":1200,"url":"https:\/\/hubsch-interior.com\/wp-content\/uploads\/2026\/01\/nami-hook-dark-brown-544f9aa585c05a3ad2fd23b5627db202.jpg","type":"image\/jpeg"}],"twitter_card":"summary_large_image","schema":{"@context":"https:\/\/schema.org","@graph":[{"@type":"WebPage","@id":"https:\/\/hubsch-interior.com\/de\/produkt\/nami-haken-dunkelbraun\/","url":"https:\/\/hubsch-interior.com\/de\/produkt\/nami-haken-dunkelbraun\/","name":"Nami Haken \u00a0Dunkelbraun - H\u00fcbsch","isPartOf":{"@id":"https:\/\/hubsch-interior.com\/de\/#website"},"primaryImageOfPage":{"@id":"https:\/\/hubsch-interior.com\/de\/produkt\/nami-haken-dunkelbraun\/#primaryimage"},"image":{"@id":"https:\/\/hubsch-interior.com\/de\/produkt\/nami-haken-dunkelbraun\/#primaryimage"},"thumbnailUrl":"https:\/\/hubsch-interior.com\/wp-content\/uploads\/2026\/02\/nami-hook-dark-brown-d3ec5ec5fc308ef24005a2dffd83058e.jpg","datePublished":"2026-01-31T04:23:23+00:00","dateModified":"2026-04-05T03:24:19+00:00","description":"Ein skulpturaler kleiner Helfer f\u00fcr Ihren Flur. Der Nami Haken verbindet Form und Funktion mit leiser Eleganz, inspiriert vom sanften Rhythmus der","breadcrumb":{"@id":"https:\/\/hubsch-interior.com\/de\/produkt\/nami-haken-dunkelbraun\/#breadcrumb"},"inLanguage":"de","potentialAction":[{"@type":"ReadAction","target":["https:\/\/hubsch-interior.com\/de\/produkt\/nami-haken-dunkelbraun\/"]}]},{"@type":"ImageObject","inLanguage":"de","@id":"https:\/\/hubsch-interior.com\/de\/produkt\/nami-haken-dunkelbraun\/#primaryimage","url":"https:\/\/hubsch-interior.com\/wp-content\/uploads\/2026\/02\/nami-hook-dark-brown-d3ec5ec5fc308ef24005a2dffd83058e.jpg","contentUrl":"https:\/\/hubsch-interior.com\/wp-content\/uploads\/2026\/02\/nami-hook-dark-brown-d3ec5ec5fc308ef24005a2dffd83058e.jpg","width":1024,"height":1024},{"@type":"BreadcrumbList","@id":"https:\/\/hubsch-interior.com\/de\/produkt\/nami-haken-dunkelbraun\/#breadcrumb","itemListElement":[{"@type":"ListItem","position":1,"name":"Startseite","item":"https:\/\/hubsch-interior.com\/de\/"},{"@type":"ListItem","position":2,"name":"Produkte","item":"https:\/\/hubsch-interior.com\/de\/shop-2\/"},{"@type":"ListItem","position":3,"name":"Nami Haken \u00a0Dunkelbraun"}]},{"@type":"WebSite","@id":"https:\/\/hubsch-interior.com\/de\/#website","url":"https:\/\/hubsch-interior.com\/de\/","name":"H\u00fcbsch","description":"Danish Home Interior and Design","publisher":{"@id":"https:\/\/hubsch-interior.com\/de\/#organization"},"potentialAction":[{"@type":"SearchAction","target":{"@type":"EntryPoint","urlTemplate":"https:\/\/hubsch-interior.com\/de\/?s={search_term_string}"},"query-input":{"@type":"PropertyValueSpecification","valueRequired":true,"valueName":"search_term_string"}}],"inLanguage":"de"},{"@type":"Organization","@id":"https:\/\/hubsch-interior.com\/de\/#organization","name":"H\u00fcbsch","url":"https:\/\/hubsch-interior.com\/de\/","logo":{"@type":"ImageObject","inLanguage":"de","@id":"https:\/\/hubsch-interior.com\/de\/#\/schema\/logo\/image\/","url":"https:\/\/hubsch-interior.com\/wp-content\/uploads\/2022\/12\/Hubsch_logo_black_one_line.svg","contentUrl":"https:\/\/hubsch-interior.com\/wp-content\/uploads\/2022\/12\/Hubsch_logo_black_one_line.svg","caption":"H\u00fcbsch"},"image":{"@id":"https:\/\/hubsch-interior.com\/de\/#\/schema\/logo\/image\/"}}]}},"_links":{"self":[{"href":"https:\/\/hubsch-interior.com\/de\/wp-json\/wp\/v2\/product\/1089033","targetHints":{"allow":["GET"]}}],"collection":[{"href":"https:\/\/hubsch-interior.com\/de\/wp-json\/wp\/v2\/product"}],"about":[{"href":"https:\/\/hubsch-interior.com\/de\/wp-json\/wp\/v2\/types\/product"}],"wp:featuredmedia":[{"embeddable":true,"href":"https:\/\/hubsch-interior.com\/de\/wp-json\/wp\/v2\/media\/1111489"}],"wp:attachment":[{"href":"https:\/\/hubsch-interior.com\/de\/wp-json\/wp\/v2\/media?parent=1089033"}],"wp:term":[{"taxonomy":"product_brand","embeddable":true,"href":"https:\/\/hubsch-interior.com\/de\/wp-json\/wp\/v2\/product_brand?post=1089033"},{"taxonomy":"product_cat","embeddable":true,"href":"https:\/\/hubsch-interior.com\/de\/wp-json\/wp\/v2\/product_cat?post=1089033"},{"taxonomy":"product_tag","embeddable":true,"href":"https:\/\/hubsch-interior.com\/de\/wp-json\/wp\/v2\/product_tag?post=1089033"}],"curies":[{"name":"wp","href":"https:\/\/api.w.org\/{rel}","templated":true}]}}