{"id":1089045,"date":"2026-01-31T05:23:35","date_gmt":"2026-01-31T04:23:35","guid":{"rendered":"https:\/\/hubsch-interior.com\/product\/product\/"},"modified":"2026-04-05T05:24:23","modified_gmt":"2026-04-05T03:24:23","slug":"nami-haken-blau","status":"publish","type":"product","link":"https:\/\/hubsch-interior.com\/de\/produkt\/nami-haken-blau\/","title":{"rendered":"Nami Haken Blau"},"content":{"rendered":"<p>Bringen Sie den Rhythmus des Meeres an Ihre Wand. Inspiriert von den sanften Kurven einer Welle, f\u00fcgt der Nami Haken in Blau einen subtilen Farbtupfer zu Ihrem Interieur hinzu. H\u00e4ngen Sie Ihren Schal \u00fcber die Oberseite und schieben Sie einen Kleiderb\u00fcgel durch die Schlaufe f\u00fcr Ihre Jacke \u2013 eine clevere und sch\u00f6ne M\u00f6glichkeit, alles ordentlich zu halten. In drei abgestimmten Farbt\u00f6nen erh\u00e4ltlich, k\u00f6nnen Sie je nach Stimmung kombinieren oder aufeinander abstimmen. Ein poetischer kleiner Helfer, der allt\u00e4gliche Routinen ruhig und geordnet wirken l\u00e4sst.<\/p>\n","protected":false},"excerpt":{"rendered":"<p>Bringen Sie den Rhythmus des Meeres an Ihre Wand. Inspiriert von den sanften Kurven einer Welle, f\u00fcgt der Nami Haken in Blau einen subtilen Farbtupfer zu Ihrem Interieur hinzu. H\u00e4ngen Sie Ihren Schal \u00fcber die Oberseite und schieben Sie einen Kleiderb\u00fcgel durch die Schlaufe f\u00fcr Ihre Jacke \u2013 eine clevere und sch\u00f6ne M\u00f6glichkeit, alles ordentlich [&hellip;]<\/p>\n","protected":false},"featured_media":1111497,"template":"","meta":{"_acf_changed":false,"inline_featured_image":false},"product_brand":[],"product_cat":[7155,7067,7073,4043,4108,5047],"product_tag":[],"class_list":{"0":"post-1089045","1":"product","2":"type-product","3":"status-publish","4":"has-post-thumbnail","6":"product_cat-dweller-de","7":"product_cat-kuchen-haken-de","8":"product_cat-haken-regale-de","9":"product_cat-haken-und-hakenleisten-de","10":"product_cat-haken-de","11":"product_cat-neuheiten-de","12":"product_shipping_class-pk","14":"pa_color-blau-2","15":"pa_material-eisen-de","17":"first","18":"instock","19":"taxable","20":"shipping-taxable","21":"purchasable","22":"product-type-simple"},"exclude_global_add_ons":[],"addons":[],"acf":[],"yoast_head":"<!-- This site is optimized with the Yoast SEO plugin v26.4 - https:\/\/yoast.com\/wordpress\/plugins\/seo\/ -->\n<title>Nami Haken Blau - H\u00fcbsch<\/title>\n<meta name=\"description\" content=\"Bringen Sie den Rhythmus des Meeres an Ihre Wand. Inspiriert von den sanften Kurven einer Welle, f\u00fcgt der Nami Haken in Blau einen subtilen Farbtupfer zu\" \/>\n<meta name=\"robots\" content=\"index, follow, max-snippet:-1, max-image-preview:large, max-video-preview:-1\" \/>\n<link rel=\"canonical\" href=\"https:\/\/hubsch-interior.com\/de\/wp-json\/wp\/v2\/product\/1089045\" \/>\n<meta property=\"og:locale\" content=\"de_DE\" \/>\n<meta property=\"og:type\" content=\"article\" \/>\n<meta property=\"og:title\" content=\"Nami Haken Blau - H\u00fcbsch\" \/>\n<meta property=\"og:description\" content=\"Bringen Sie den Rhythmus des Meeres an Ihre Wand. Inspiriert von den sanften Kurven einer Welle, f\u00fcgt der Nami Haken in Blau einen subtilen Farbtupfer zu\" \/>\n<meta property=\"og:url\" content=\"https:\/\/hubsch-interior.com\/de\/produkt\/nami-haken-blau\/\" \/>\n<meta property=\"og:site_name\" content=\"H\u00fcbsch\" \/>\n<meta property=\"article:modified_time\" content=\"2026-04-05T03:24:23+00:00\" \/>\n<meta property=\"og:image\" content=\"https:\/\/hubsch-interior.com\/wp-content\/uploads\/2026\/01\/nami-hook-blue-1e1a9111f90adf83a75e80dfab4940a2.jpg\" \/>\n\t<meta property=\"og:image:width\" content=\"1200\" \/>\n\t<meta property=\"og:image:height\" content=\"1200\" \/>\n\t<meta property=\"og:image:type\" content=\"image\/jpeg\" \/>\n<meta name=\"twitter:card\" content=\"summary_large_image\" \/>\n<script type=\"application\/ld+json\" class=\"yoast-schema-graph\">{\"@context\":\"https:\/\/schema.org\",\"@graph\":[{\"@type\":\"WebPage\",\"@id\":\"https:\/\/hubsch-interior.com\/de\/produkt\/nami-haken-blau\/\",\"url\":\"https:\/\/hubsch-interior.com\/de\/produkt\/nami-haken-blau\/\",\"name\":\"Nami Haken Blau - H\u00fcbsch\",\"isPartOf\":{\"@id\":\"https:\/\/hubsch-interior.com\/de\/#website\"},\"primaryImageOfPage\":{\"@id\":\"https:\/\/hubsch-interior.com\/de\/produkt\/nami-haken-blau\/#primaryimage\"},\"image\":{\"@id\":\"https:\/\/hubsch-interior.com\/de\/produkt\/nami-haken-blau\/#primaryimage\"},\"thumbnailUrl\":\"https:\/\/hubsch-interior.com\/wp-content\/uploads\/2026\/02\/nami-hook-blue-7960f84c6119b68431bbda2284958caa.jpg\",\"datePublished\":\"2026-01-31T04:23:35+00:00\",\"dateModified\":\"2026-04-05T03:24:23+00:00\",\"description\":\"Bringen Sie den Rhythmus des Meeres an Ihre Wand. Inspiriert von den sanften Kurven einer Welle, f\u00fcgt der Nami Haken in Blau einen subtilen Farbtupfer zu\",\"breadcrumb\":{\"@id\":\"https:\/\/hubsch-interior.com\/de\/produkt\/nami-haken-blau\/#breadcrumb\"},\"inLanguage\":\"de\",\"potentialAction\":[{\"@type\":\"ReadAction\",\"target\":[\"https:\/\/hubsch-interior.com\/de\/produkt\/nami-haken-blau\/\"]}]},{\"@type\":\"ImageObject\",\"inLanguage\":\"de\",\"@id\":\"https:\/\/hubsch-interior.com\/de\/produkt\/nami-haken-blau\/#primaryimage\",\"url\":\"https:\/\/hubsch-interior.com\/wp-content\/uploads\/2026\/02\/nami-hook-blue-7960f84c6119b68431bbda2284958caa.jpg\",\"contentUrl\":\"https:\/\/hubsch-interior.com\/wp-content\/uploads\/2026\/02\/nami-hook-blue-7960f84c6119b68431bbda2284958caa.jpg\",\"width\":1024,\"height\":1024},{\"@type\":\"BreadcrumbList\",\"@id\":\"https:\/\/hubsch-interior.com\/de\/produkt\/nami-haken-blau\/#breadcrumb\",\"itemListElement\":[{\"@type\":\"ListItem\",\"position\":1,\"name\":\"Startseite\",\"item\":\"https:\/\/hubsch-interior.com\/de\/\"},{\"@type\":\"ListItem\",\"position\":2,\"name\":\"Produkte\",\"item\":\"https:\/\/hubsch-interior.com\/de\/shop-2\/\"},{\"@type\":\"ListItem\",\"position\":3,\"name\":\"Nami Haken Blau\"}]},{\"@type\":\"WebSite\",\"@id\":\"https:\/\/hubsch-interior.com\/de\/#website\",\"url\":\"https:\/\/hubsch-interior.com\/de\/\",\"name\":\"H\u00fcbsch\",\"description\":\"Danish Home Interior and Design\",\"publisher\":{\"@id\":\"https:\/\/hubsch-interior.com\/de\/#organization\"},\"potentialAction\":[{\"@type\":\"SearchAction\",\"target\":{\"@type\":\"EntryPoint\",\"urlTemplate\":\"https:\/\/hubsch-interior.com\/de\/?s={search_term_string}\"},\"query-input\":{\"@type\":\"PropertyValueSpecification\",\"valueRequired\":true,\"valueName\":\"search_term_string\"}}],\"inLanguage\":\"de\"},{\"@type\":\"Organization\",\"@id\":\"https:\/\/hubsch-interior.com\/de\/#organization\",\"name\":\"H\u00fcbsch\",\"url\":\"https:\/\/hubsch-interior.com\/de\/\",\"logo\":{\"@type\":\"ImageObject\",\"inLanguage\":\"de\",\"@id\":\"https:\/\/hubsch-interior.com\/de\/#\/schema\/logo\/image\/\",\"url\":\"https:\/\/hubsch-interior.com\/wp-content\/uploads\/2022\/12\/Hubsch_logo_black_one_line.svg\",\"contentUrl\":\"https:\/\/hubsch-interior.com\/wp-content\/uploads\/2022\/12\/Hubsch_logo_black_one_line.svg\",\"caption\":\"H\u00fcbsch\"},\"image\":{\"@id\":\"https:\/\/hubsch-interior.com\/de\/#\/schema\/logo\/image\/\"}}]}<\/script>\n<!-- \/ Yoast SEO plugin. -->","yoast_head_json":{"title":"Nami Haken Blau - H\u00fcbsch","description":"Bringen Sie den Rhythmus des Meeres an Ihre Wand. Inspiriert von den sanften Kurven einer Welle, f\u00fcgt der Nami Haken in Blau einen subtilen Farbtupfer zu","robots":{"index":"index","follow":"follow","max-snippet":"max-snippet:-1","max-image-preview":"max-image-preview:large","max-video-preview":"max-video-preview:-1"},"canonical":"https:\/\/hubsch-interior.com\/de\/wp-json\/wp\/v2\/product\/1089045","og_locale":"de_DE","og_type":"article","og_title":"Nami Haken Blau - H\u00fcbsch","og_description":"Bringen Sie den Rhythmus des Meeres an Ihre Wand. Inspiriert von den sanften Kurven einer Welle, f\u00fcgt der Nami Haken in Blau einen subtilen Farbtupfer zu","og_url":"https:\/\/hubsch-interior.com\/de\/produkt\/nami-haken-blau\/","og_site_name":"H\u00fcbsch","article_modified_time":"2026-04-05T03:24:23+00:00","og_image":[{"width":1200,"height":1200,"url":"https:\/\/hubsch-interior.com\/wp-content\/uploads\/2026\/01\/nami-hook-blue-1e1a9111f90adf83a75e80dfab4940a2.jpg","type":"image\/jpeg"}],"twitter_card":"summary_large_image","schema":{"@context":"https:\/\/schema.org","@graph":[{"@type":"WebPage","@id":"https:\/\/hubsch-interior.com\/de\/produkt\/nami-haken-blau\/","url":"https:\/\/hubsch-interior.com\/de\/produkt\/nami-haken-blau\/","name":"Nami Haken Blau - H\u00fcbsch","isPartOf":{"@id":"https:\/\/hubsch-interior.com\/de\/#website"},"primaryImageOfPage":{"@id":"https:\/\/hubsch-interior.com\/de\/produkt\/nami-haken-blau\/#primaryimage"},"image":{"@id":"https:\/\/hubsch-interior.com\/de\/produkt\/nami-haken-blau\/#primaryimage"},"thumbnailUrl":"https:\/\/hubsch-interior.com\/wp-content\/uploads\/2026\/02\/nami-hook-blue-7960f84c6119b68431bbda2284958caa.jpg","datePublished":"2026-01-31T04:23:35+00:00","dateModified":"2026-04-05T03:24:23+00:00","description":"Bringen Sie den Rhythmus des Meeres an Ihre Wand. Inspiriert von den sanften Kurven einer Welle, f\u00fcgt der Nami Haken in Blau einen subtilen Farbtupfer zu","breadcrumb":{"@id":"https:\/\/hubsch-interior.com\/de\/produkt\/nami-haken-blau\/#breadcrumb"},"inLanguage":"de","potentialAction":[{"@type":"ReadAction","target":["https:\/\/hubsch-interior.com\/de\/produkt\/nami-haken-blau\/"]}]},{"@type":"ImageObject","inLanguage":"de","@id":"https:\/\/hubsch-interior.com\/de\/produkt\/nami-haken-blau\/#primaryimage","url":"https:\/\/hubsch-interior.com\/wp-content\/uploads\/2026\/02\/nami-hook-blue-7960f84c6119b68431bbda2284958caa.jpg","contentUrl":"https:\/\/hubsch-interior.com\/wp-content\/uploads\/2026\/02\/nami-hook-blue-7960f84c6119b68431bbda2284958caa.jpg","width":1024,"height":1024},{"@type":"BreadcrumbList","@id":"https:\/\/hubsch-interior.com\/de\/produkt\/nami-haken-blau\/#breadcrumb","itemListElement":[{"@type":"ListItem","position":1,"name":"Startseite","item":"https:\/\/hubsch-interior.com\/de\/"},{"@type":"ListItem","position":2,"name":"Produkte","item":"https:\/\/hubsch-interior.com\/de\/shop-2\/"},{"@type":"ListItem","position":3,"name":"Nami Haken Blau"}]},{"@type":"WebSite","@id":"https:\/\/hubsch-interior.com\/de\/#website","url":"https:\/\/hubsch-interior.com\/de\/","name":"H\u00fcbsch","description":"Danish Home Interior and Design","publisher":{"@id":"https:\/\/hubsch-interior.com\/de\/#organization"},"potentialAction":[{"@type":"SearchAction","target":{"@type":"EntryPoint","urlTemplate":"https:\/\/hubsch-interior.com\/de\/?s={search_term_string}"},"query-input":{"@type":"PropertyValueSpecification","valueRequired":true,"valueName":"search_term_string"}}],"inLanguage":"de"},{"@type":"Organization","@id":"https:\/\/hubsch-interior.com\/de\/#organization","name":"H\u00fcbsch","url":"https:\/\/hubsch-interior.com\/de\/","logo":{"@type":"ImageObject","inLanguage":"de","@id":"https:\/\/hubsch-interior.com\/de\/#\/schema\/logo\/image\/","url":"https:\/\/hubsch-interior.com\/wp-content\/uploads\/2022\/12\/Hubsch_logo_black_one_line.svg","contentUrl":"https:\/\/hubsch-interior.com\/wp-content\/uploads\/2022\/12\/Hubsch_logo_black_one_line.svg","caption":"H\u00fcbsch"},"image":{"@id":"https:\/\/hubsch-interior.com\/de\/#\/schema\/logo\/image\/"}}]}},"_links":{"self":[{"href":"https:\/\/hubsch-interior.com\/de\/wp-json\/wp\/v2\/product\/1089045","targetHints":{"allow":["GET"]}}],"collection":[{"href":"https:\/\/hubsch-interior.com\/de\/wp-json\/wp\/v2\/product"}],"about":[{"href":"https:\/\/hubsch-interior.com\/de\/wp-json\/wp\/v2\/types\/product"}],"wp:featuredmedia":[{"embeddable":true,"href":"https:\/\/hubsch-interior.com\/de\/wp-json\/wp\/v2\/media\/1111497"}],"wp:attachment":[{"href":"https:\/\/hubsch-interior.com\/de\/wp-json\/wp\/v2\/media?parent=1089045"}],"wp:term":[{"taxonomy":"product_brand","embeddable":true,"href":"https:\/\/hubsch-interior.com\/de\/wp-json\/wp\/v2\/product_brand?post=1089045"},{"taxonomy":"product_cat","embeddable":true,"href":"https:\/\/hubsch-interior.com\/de\/wp-json\/wp\/v2\/product_cat?post=1089045"},{"taxonomy":"product_tag","embeddable":true,"href":"https:\/\/hubsch-interior.com\/de\/wp-json\/wp\/v2\/product_tag?post=1089045"}],"curies":[{"name":"wp","href":"https:\/\/api.w.org\/{rel}","templated":true}]}}