{"id":1089073,"date":"2026-01-31T05:23:50","date_gmt":"2026-01-31T04:23:50","guid":{"rendered":"https:\/\/hubsch-interior.com\/product\/product\/"},"modified":"2026-04-05T05:24:28","modified_gmt":"2026-04-05T03:24:28","slug":"nobly-kleiderstander-hellgrau","status":"publish","type":"product","link":"https:\/\/hubsch-interior.com\/de\/produkt\/nobly-kleiderstander-hellgrau\/","title":{"rendered":"Nobly Kleiderst\u00e4nder Hellgrau"},"content":{"rendered":"<p>Ben\u00f6tigen Sie einen Platz f\u00fcr Ihre allt\u00e4glichen Dinge? Der Nobly Kleiderst\u00e4nder in sanftem Hellgrau bietet eine beruhigende Pr\u00e4senz und h\u00e4lt Ihren Eingangsbereich wundersch\u00f6n organisiert. Sein leichter, luftiger Rahmen f\u00fcgt sich nahtlos in Ihren Raum ein und bietet gro\u00dfz\u00fcgigen Platz sowohl f\u00fcr M\u00e4ntel als auch f\u00fcr Schuhe \u2013 und das alles ohne sperrig zu wirken. Mit seiner cleveren Balance aus Praktikabilit\u00e4t und Eleganz erm\u00f6glicht er Ihnen, jeden Tag m\u00fchelos zu beginnen. Ein stiller Helfer, der allt\u00e4gliches Chaos in friedliche Ordnung verwandelt.<\/p>\n","protected":false},"excerpt":{"rendered":"<p>Ben\u00f6tigen Sie einen Platz f\u00fcr Ihre allt\u00e4glichen Dinge? Der Nobly Kleiderst\u00e4nder in sanftem Hellgrau bietet eine beruhigende Pr\u00e4senz und h\u00e4lt Ihren Eingangsbereich wundersch\u00f6n organisiert. Sein leichter, luftiger Rahmen f\u00fcgt sich nahtlos in Ihren Raum ein und bietet gro\u00dfz\u00fcgigen Platz sowohl f\u00fcr M\u00e4ntel als auch f\u00fcr Schuhe \u2013 und das alles ohne sperrig zu wirken. Mit [&hellip;]<\/p>\n","protected":false},"featured_media":1111505,"template":"","meta":{"_acf_changed":false,"inline_featured_image":false},"product_brand":[],"product_cat":[7155,4035,5462,4043,4044,5047],"product_tag":[],"class_list":{"0":"post-1089073","1":"product","2":"type-product","3":"status-publish","4":"has-post-thumbnail","6":"product_cat-dweller-de","7":"product_cat-garderoben-staender-de","8":"product_cat-staender-de","9":"product_cat-haken-und-hakenleisten-de","10":"product_cat-hakenleisten-de","11":"product_cat-neuheiten-de","12":"product_shipping_class-pk","14":"pa_color-hellgrau-2","15":"pa_material-eisen-de","17":"first","18":"instock","19":"taxable","20":"shipping-taxable","21":"purchasable","22":"product-type-simple"},"exclude_global_add_ons":[],"addons":[],"acf":[],"yoast_head":"<!-- This site is optimized with the Yoast SEO plugin v26.4 - https:\/\/yoast.com\/wordpress\/plugins\/seo\/ -->\n<title>Nobly Kleiderst\u00e4nder Hellgrau - H\u00fcbsch<\/title>\n<meta name=\"description\" content=\"Ben\u00f6tigen Sie einen Platz f\u00fcr Ihre allt\u00e4glichen Dinge? Der Nobly Kleiderst\u00e4nder in sanftem Hellgrau bietet eine beruhigende Pr\u00e4senz und h\u00e4lt Ihren\" \/>\n<meta name=\"robots\" content=\"index, follow, max-snippet:-1, max-image-preview:large, max-video-preview:-1\" \/>\n<link rel=\"canonical\" href=\"https:\/\/hubsch-interior.com\/de\/wp-json\/wp\/v2\/product\/1089073\" \/>\n<meta property=\"og:locale\" content=\"de_DE\" \/>\n<meta property=\"og:type\" content=\"article\" \/>\n<meta property=\"og:title\" content=\"Nobly Kleiderst\u00e4nder Hellgrau - H\u00fcbsch\" \/>\n<meta property=\"og:description\" content=\"Ben\u00f6tigen Sie einen Platz f\u00fcr Ihre allt\u00e4glichen Dinge? Der Nobly Kleiderst\u00e4nder in sanftem Hellgrau bietet eine beruhigende Pr\u00e4senz und h\u00e4lt Ihren\" \/>\n<meta property=\"og:url\" content=\"https:\/\/hubsch-interior.com\/de\/produkt\/nobly-kleiderstander-hellgrau\/\" \/>\n<meta property=\"og:site_name\" content=\"H\u00fcbsch\" \/>\n<meta property=\"article:modified_time\" content=\"2026-04-05T03:24:28+00:00\" \/>\n<meta property=\"og:image\" content=\"https:\/\/hubsch-interior.com\/wp-content\/uploads\/2026\/01\/nobly-clothing-rack-light-grey-58ae673b97474db82fc5caef3542af5d.jpg\" \/>\n\t<meta property=\"og:image:width\" content=\"1200\" \/>\n\t<meta property=\"og:image:height\" content=\"1200\" \/>\n\t<meta property=\"og:image:type\" content=\"image\/jpeg\" \/>\n<meta name=\"twitter:card\" content=\"summary_large_image\" \/>\n<script type=\"application\/ld+json\" class=\"yoast-schema-graph\">{\"@context\":\"https:\/\/schema.org\",\"@graph\":[{\"@type\":\"WebPage\",\"@id\":\"https:\/\/hubsch-interior.com\/de\/produkt\/nobly-kleiderstander-hellgrau\/\",\"url\":\"https:\/\/hubsch-interior.com\/de\/produkt\/nobly-kleiderstander-hellgrau\/\",\"name\":\"Nobly Kleiderst\u00e4nder Hellgrau - H\u00fcbsch\",\"isPartOf\":{\"@id\":\"https:\/\/hubsch-interior.com\/de\/#website\"},\"primaryImageOfPage\":{\"@id\":\"https:\/\/hubsch-interior.com\/de\/produkt\/nobly-kleiderstander-hellgrau\/#primaryimage\"},\"image\":{\"@id\":\"https:\/\/hubsch-interior.com\/de\/produkt\/nobly-kleiderstander-hellgrau\/#primaryimage\"},\"thumbnailUrl\":\"https:\/\/hubsch-interior.com\/wp-content\/uploads\/2026\/02\/nobly-clothing-rack-light-grey-6e914761d9f7a53cda1b76105e9f85c6.jpg\",\"datePublished\":\"2026-01-31T04:23:50+00:00\",\"dateModified\":\"2026-04-05T03:24:28+00:00\",\"description\":\"Ben\u00f6tigen Sie einen Platz f\u00fcr Ihre allt\u00e4glichen Dinge? Der Nobly Kleiderst\u00e4nder in sanftem Hellgrau bietet eine beruhigende Pr\u00e4senz und h\u00e4lt Ihren\",\"breadcrumb\":{\"@id\":\"https:\/\/hubsch-interior.com\/de\/produkt\/nobly-kleiderstander-hellgrau\/#breadcrumb\"},\"inLanguage\":\"de\",\"potentialAction\":[{\"@type\":\"ReadAction\",\"target\":[\"https:\/\/hubsch-interior.com\/de\/produkt\/nobly-kleiderstander-hellgrau\/\"]}]},{\"@type\":\"ImageObject\",\"inLanguage\":\"de\",\"@id\":\"https:\/\/hubsch-interior.com\/de\/produkt\/nobly-kleiderstander-hellgrau\/#primaryimage\",\"url\":\"https:\/\/hubsch-interior.com\/wp-content\/uploads\/2026\/02\/nobly-clothing-rack-light-grey-6e914761d9f7a53cda1b76105e9f85c6.jpg\",\"contentUrl\":\"https:\/\/hubsch-interior.com\/wp-content\/uploads\/2026\/02\/nobly-clothing-rack-light-grey-6e914761d9f7a53cda1b76105e9f85c6.jpg\",\"width\":1024,\"height\":1024},{\"@type\":\"BreadcrumbList\",\"@id\":\"https:\/\/hubsch-interior.com\/de\/produkt\/nobly-kleiderstander-hellgrau\/#breadcrumb\",\"itemListElement\":[{\"@type\":\"ListItem\",\"position\":1,\"name\":\"Startseite\",\"item\":\"https:\/\/hubsch-interior.com\/de\/\"},{\"@type\":\"ListItem\",\"position\":2,\"name\":\"Produkte\",\"item\":\"https:\/\/hubsch-interior.com\/de\/shop-2\/\"},{\"@type\":\"ListItem\",\"position\":3,\"name\":\"Nobly Kleiderst\u00e4nder Hellgrau\"}]},{\"@type\":\"WebSite\",\"@id\":\"https:\/\/hubsch-interior.com\/de\/#website\",\"url\":\"https:\/\/hubsch-interior.com\/de\/\",\"name\":\"H\u00fcbsch\",\"description\":\"Danish Home Interior and Design\",\"publisher\":{\"@id\":\"https:\/\/hubsch-interior.com\/de\/#organization\"},\"potentialAction\":[{\"@type\":\"SearchAction\",\"target\":{\"@type\":\"EntryPoint\",\"urlTemplate\":\"https:\/\/hubsch-interior.com\/de\/?s={search_term_string}\"},\"query-input\":{\"@type\":\"PropertyValueSpecification\",\"valueRequired\":true,\"valueName\":\"search_term_string\"}}],\"inLanguage\":\"de\"},{\"@type\":\"Organization\",\"@id\":\"https:\/\/hubsch-interior.com\/de\/#organization\",\"name\":\"H\u00fcbsch\",\"url\":\"https:\/\/hubsch-interior.com\/de\/\",\"logo\":{\"@type\":\"ImageObject\",\"inLanguage\":\"de\",\"@id\":\"https:\/\/hubsch-interior.com\/de\/#\/schema\/logo\/image\/\",\"url\":\"https:\/\/hubsch-interior.com\/wp-content\/uploads\/2022\/12\/Hubsch_logo_black_one_line.svg\",\"contentUrl\":\"https:\/\/hubsch-interior.com\/wp-content\/uploads\/2022\/12\/Hubsch_logo_black_one_line.svg\",\"caption\":\"H\u00fcbsch\"},\"image\":{\"@id\":\"https:\/\/hubsch-interior.com\/de\/#\/schema\/logo\/image\/\"}}]}<\/script>\n<!-- \/ Yoast SEO plugin. -->","yoast_head_json":{"title":"Nobly Kleiderst\u00e4nder Hellgrau - H\u00fcbsch","description":"Ben\u00f6tigen Sie einen Platz f\u00fcr Ihre allt\u00e4glichen Dinge? Der Nobly Kleiderst\u00e4nder in sanftem Hellgrau bietet eine beruhigende Pr\u00e4senz und h\u00e4lt Ihren","robots":{"index":"index","follow":"follow","max-snippet":"max-snippet:-1","max-image-preview":"max-image-preview:large","max-video-preview":"max-video-preview:-1"},"canonical":"https:\/\/hubsch-interior.com\/de\/wp-json\/wp\/v2\/product\/1089073","og_locale":"de_DE","og_type":"article","og_title":"Nobly Kleiderst\u00e4nder Hellgrau - H\u00fcbsch","og_description":"Ben\u00f6tigen Sie einen Platz f\u00fcr Ihre allt\u00e4glichen Dinge? Der Nobly Kleiderst\u00e4nder in sanftem Hellgrau bietet eine beruhigende Pr\u00e4senz und h\u00e4lt Ihren","og_url":"https:\/\/hubsch-interior.com\/de\/produkt\/nobly-kleiderstander-hellgrau\/","og_site_name":"H\u00fcbsch","article_modified_time":"2026-04-05T03:24:28+00:00","og_image":[{"width":1200,"height":1200,"url":"https:\/\/hubsch-interior.com\/wp-content\/uploads\/2026\/01\/nobly-clothing-rack-light-grey-58ae673b97474db82fc5caef3542af5d.jpg","type":"image\/jpeg"}],"twitter_card":"summary_large_image","schema":{"@context":"https:\/\/schema.org","@graph":[{"@type":"WebPage","@id":"https:\/\/hubsch-interior.com\/de\/produkt\/nobly-kleiderstander-hellgrau\/","url":"https:\/\/hubsch-interior.com\/de\/produkt\/nobly-kleiderstander-hellgrau\/","name":"Nobly Kleiderst\u00e4nder Hellgrau - H\u00fcbsch","isPartOf":{"@id":"https:\/\/hubsch-interior.com\/de\/#website"},"primaryImageOfPage":{"@id":"https:\/\/hubsch-interior.com\/de\/produkt\/nobly-kleiderstander-hellgrau\/#primaryimage"},"image":{"@id":"https:\/\/hubsch-interior.com\/de\/produkt\/nobly-kleiderstander-hellgrau\/#primaryimage"},"thumbnailUrl":"https:\/\/hubsch-interior.com\/wp-content\/uploads\/2026\/02\/nobly-clothing-rack-light-grey-6e914761d9f7a53cda1b76105e9f85c6.jpg","datePublished":"2026-01-31T04:23:50+00:00","dateModified":"2026-04-05T03:24:28+00:00","description":"Ben\u00f6tigen Sie einen Platz f\u00fcr Ihre allt\u00e4glichen Dinge? Der Nobly Kleiderst\u00e4nder in sanftem Hellgrau bietet eine beruhigende Pr\u00e4senz und h\u00e4lt Ihren","breadcrumb":{"@id":"https:\/\/hubsch-interior.com\/de\/produkt\/nobly-kleiderstander-hellgrau\/#breadcrumb"},"inLanguage":"de","potentialAction":[{"@type":"ReadAction","target":["https:\/\/hubsch-interior.com\/de\/produkt\/nobly-kleiderstander-hellgrau\/"]}]},{"@type":"ImageObject","inLanguage":"de","@id":"https:\/\/hubsch-interior.com\/de\/produkt\/nobly-kleiderstander-hellgrau\/#primaryimage","url":"https:\/\/hubsch-interior.com\/wp-content\/uploads\/2026\/02\/nobly-clothing-rack-light-grey-6e914761d9f7a53cda1b76105e9f85c6.jpg","contentUrl":"https:\/\/hubsch-interior.com\/wp-content\/uploads\/2026\/02\/nobly-clothing-rack-light-grey-6e914761d9f7a53cda1b76105e9f85c6.jpg","width":1024,"height":1024},{"@type":"BreadcrumbList","@id":"https:\/\/hubsch-interior.com\/de\/produkt\/nobly-kleiderstander-hellgrau\/#breadcrumb","itemListElement":[{"@type":"ListItem","position":1,"name":"Startseite","item":"https:\/\/hubsch-interior.com\/de\/"},{"@type":"ListItem","position":2,"name":"Produkte","item":"https:\/\/hubsch-interior.com\/de\/shop-2\/"},{"@type":"ListItem","position":3,"name":"Nobly Kleiderst\u00e4nder Hellgrau"}]},{"@type":"WebSite","@id":"https:\/\/hubsch-interior.com\/de\/#website","url":"https:\/\/hubsch-interior.com\/de\/","name":"H\u00fcbsch","description":"Danish Home Interior and Design","publisher":{"@id":"https:\/\/hubsch-interior.com\/de\/#organization"},"potentialAction":[{"@type":"SearchAction","target":{"@type":"EntryPoint","urlTemplate":"https:\/\/hubsch-interior.com\/de\/?s={search_term_string}"},"query-input":{"@type":"PropertyValueSpecification","valueRequired":true,"valueName":"search_term_string"}}],"inLanguage":"de"},{"@type":"Organization","@id":"https:\/\/hubsch-interior.com\/de\/#organization","name":"H\u00fcbsch","url":"https:\/\/hubsch-interior.com\/de\/","logo":{"@type":"ImageObject","inLanguage":"de","@id":"https:\/\/hubsch-interior.com\/de\/#\/schema\/logo\/image\/","url":"https:\/\/hubsch-interior.com\/wp-content\/uploads\/2022\/12\/Hubsch_logo_black_one_line.svg","contentUrl":"https:\/\/hubsch-interior.com\/wp-content\/uploads\/2022\/12\/Hubsch_logo_black_one_line.svg","caption":"H\u00fcbsch"},"image":{"@id":"https:\/\/hubsch-interior.com\/de\/#\/schema\/logo\/image\/"}}]}},"_links":{"self":[{"href":"https:\/\/hubsch-interior.com\/de\/wp-json\/wp\/v2\/product\/1089073","targetHints":{"allow":["GET"]}}],"collection":[{"href":"https:\/\/hubsch-interior.com\/de\/wp-json\/wp\/v2\/product"}],"about":[{"href":"https:\/\/hubsch-interior.com\/de\/wp-json\/wp\/v2\/types\/product"}],"wp:featuredmedia":[{"embeddable":true,"href":"https:\/\/hubsch-interior.com\/de\/wp-json\/wp\/v2\/media\/1111505"}],"wp:attachment":[{"href":"https:\/\/hubsch-interior.com\/de\/wp-json\/wp\/v2\/media?parent=1089073"}],"wp:term":[{"taxonomy":"product_brand","embeddable":true,"href":"https:\/\/hubsch-interior.com\/de\/wp-json\/wp\/v2\/product_brand?post=1089073"},{"taxonomy":"product_cat","embeddable":true,"href":"https:\/\/hubsch-interior.com\/de\/wp-json\/wp\/v2\/product_cat?post=1089073"},{"taxonomy":"product_tag","embeddable":true,"href":"https:\/\/hubsch-interior.com\/de\/wp-json\/wp\/v2\/product_tag?post=1089073"}],"curies":[{"name":"wp","href":"https:\/\/api.w.org\/{rel}","templated":true}]}}