{"id":1089093,"date":"2026-01-31T05:24:01","date_gmt":"2026-01-31T04:24:01","guid":{"rendered":"https:\/\/hubsch-interior.com\/product\/product\/"},"modified":"2026-04-05T05:24:32","modified_gmt":"2026-04-05T03:24:32","slug":"ays-servierwagen-dunkelblau","status":"publish","type":"product","link":"https:\/\/hubsch-interior.com\/de\/produkt\/ays-servierwagen-dunkelblau\/","title":{"rendered":"Ays Servierwagen Dunkelblau"},"content":{"rendered":"<p>Brauchen Sie einen Helfer, der sich mit Ihnen bewegt? Der Ays Servierwagen in tiefem Dunkelblau bringt sowohl Funktion als auch Flair in Ihren Raum, mit einer klaren Silhouette und leichtg\u00e4ngigen Rollen, die den Alltag ein wenig erleichtern. Nutzen Sie ihn als stilvollen Bartisch zum Unterhalten oder um allt\u00e4gliche Dinge sch\u00f6n griffbereit zu halten. Sein dunkler, eleganter Farbton f\u00fcgt sich als raffinierter Kontrast in hellere Interieurs ein \u2013 oder harmoniert perfekt in ged\u00e4mpften, minimalistischen R\u00e4umen. Ein flexibler Favorit, der sich Ihrem Rhythmus anpasst.<\/p>\n","protected":false},"excerpt":{"rendered":"<p>Brauchen Sie einen Helfer, der sich mit Ihnen bewegt? Der Ays Servierwagen in tiefem Dunkelblau bringt sowohl Funktion als auch Flair in Ihren Raum, mit einer klaren Silhouette und leichtg\u00e4ngigen Rollen, die den Alltag ein wenig erleichtern. Nutzen Sie ihn als stilvollen Bartisch zum Unterhalten oder um allt\u00e4gliche Dinge sch\u00f6n griffbereit zu halten. Sein dunkler, [&hellip;]<\/p>\n","protected":false},"featured_media":1113858,"template":"","meta":{"_acf_changed":false,"inline_featured_image":false},"product_brand":[],"product_cat":[7155,2861,6360,5047],"product_tag":[],"class_list":{"0":"post-1089093","1":"product","2":"type-product","3":"status-publish","4":"has-post-thumbnail","6":"product_cat-dweller-de","7":"product_cat-tische-de","8":"product_cat-servierwagen-de","9":"product_cat-neuheiten-de","10":"product_shipping_class-pk","12":"pa_color-dunkelblau-2","13":"pa_material-eisen-de","15":"first","16":"instock","17":"taxable","18":"shipping-taxable","19":"purchasable","20":"product-type-simple"},"exclude_global_add_ons":[],"addons":[],"acf":[],"yoast_head":"<!-- This site is optimized with the Yoast SEO plugin v26.4 - https:\/\/yoast.com\/wordpress\/plugins\/seo\/ -->\n<title>Ays Servierwagen Dunkelblau - H\u00fcbsch<\/title>\n<meta name=\"description\" content=\"Brauchen Sie einen Helfer, der sich mit Ihnen bewegt? Der Ays Servierwagen in tiefem Dunkelblau bringt sowohl Funktion als auch Flair in Ihren Raum, mit\" \/>\n<meta name=\"robots\" content=\"index, follow, max-snippet:-1, max-image-preview:large, max-video-preview:-1\" \/>\n<link rel=\"canonical\" href=\"https:\/\/hubsch-interior.com\/de\/wp-json\/wp\/v2\/product\/1089093\" \/>\n<meta property=\"og:locale\" content=\"de_DE\" \/>\n<meta property=\"og:type\" content=\"article\" \/>\n<meta property=\"og:title\" content=\"Ays Servierwagen Dunkelblau - H\u00fcbsch\" \/>\n<meta property=\"og:description\" content=\"Brauchen Sie einen Helfer, der sich mit Ihnen bewegt? Der Ays Servierwagen in tiefem Dunkelblau bringt sowohl Funktion als auch Flair in Ihren Raum, mit\" \/>\n<meta property=\"og:url\" content=\"https:\/\/hubsch-interior.com\/de\/produkt\/ays-servierwagen-dunkelblau\/\" \/>\n<meta property=\"og:site_name\" content=\"H\u00fcbsch\" \/>\n<meta property=\"article:modified_time\" content=\"2026-04-05T03:24:32+00:00\" \/>\n<meta property=\"og:image\" content=\"https:\/\/hubsch-interior.com\/wp-content\/uploads\/2026\/01\/ays-trolley-dark-blue-ec8c5e019926967d7db3214b64bf914f.jpg\" \/>\n\t<meta property=\"og:image:width\" content=\"1200\" \/>\n\t<meta property=\"og:image:height\" content=\"1200\" \/>\n\t<meta property=\"og:image:type\" content=\"image\/jpeg\" \/>\n<meta name=\"twitter:card\" content=\"summary_large_image\" \/>\n<script type=\"application\/ld+json\" class=\"yoast-schema-graph\">{\"@context\":\"https:\/\/schema.org\",\"@graph\":[{\"@type\":\"WebPage\",\"@id\":\"https:\/\/hubsch-interior.com\/de\/produkt\/ays-servierwagen-dunkelblau\/\",\"url\":\"https:\/\/hubsch-interior.com\/de\/produkt\/ays-servierwagen-dunkelblau\/\",\"name\":\"Ays Servierwagen Dunkelblau - H\u00fcbsch\",\"isPartOf\":{\"@id\":\"https:\/\/hubsch-interior.com\/de\/#website\"},\"primaryImageOfPage\":{\"@id\":\"https:\/\/hubsch-interior.com\/de\/produkt\/ays-servierwagen-dunkelblau\/#primaryimage\"},\"image\":{\"@id\":\"https:\/\/hubsch-interior.com\/de\/produkt\/ays-servierwagen-dunkelblau\/#primaryimage\"},\"thumbnailUrl\":\"https:\/\/hubsch-interior.com\/wp-content\/uploads\/2026\/02\/ays-trolley-dark-blue-5d809d4a15972293d2fc165ace4f26b5.jpg\",\"datePublished\":\"2026-01-31T04:24:01+00:00\",\"dateModified\":\"2026-04-05T03:24:32+00:00\",\"description\":\"Brauchen Sie einen Helfer, der sich mit Ihnen bewegt? Der Ays Servierwagen in tiefem Dunkelblau bringt sowohl Funktion als auch Flair in Ihren Raum, mit\",\"breadcrumb\":{\"@id\":\"https:\/\/hubsch-interior.com\/de\/produkt\/ays-servierwagen-dunkelblau\/#breadcrumb\"},\"inLanguage\":\"de\",\"potentialAction\":[{\"@type\":\"ReadAction\",\"target\":[\"https:\/\/hubsch-interior.com\/de\/produkt\/ays-servierwagen-dunkelblau\/\"]}]},{\"@type\":\"ImageObject\",\"inLanguage\":\"de\",\"@id\":\"https:\/\/hubsch-interior.com\/de\/produkt\/ays-servierwagen-dunkelblau\/#primaryimage\",\"url\":\"https:\/\/hubsch-interior.com\/wp-content\/uploads\/2026\/02\/ays-trolley-dark-blue-5d809d4a15972293d2fc165ace4f26b5.jpg\",\"contentUrl\":\"https:\/\/hubsch-interior.com\/wp-content\/uploads\/2026\/02\/ays-trolley-dark-blue-5d809d4a15972293d2fc165ace4f26b5.jpg\",\"width\":1024,\"height\":1024},{\"@type\":\"BreadcrumbList\",\"@id\":\"https:\/\/hubsch-interior.com\/de\/produkt\/ays-servierwagen-dunkelblau\/#breadcrumb\",\"itemListElement\":[{\"@type\":\"ListItem\",\"position\":1,\"name\":\"Startseite\",\"item\":\"https:\/\/hubsch-interior.com\/de\/\"},{\"@type\":\"ListItem\",\"position\":2,\"name\":\"Produkte\",\"item\":\"https:\/\/hubsch-interior.com\/de\/shop-2\/\"},{\"@type\":\"ListItem\",\"position\":3,\"name\":\"Ays Servierwagen Dunkelblau\"}]},{\"@type\":\"WebSite\",\"@id\":\"https:\/\/hubsch-interior.com\/de\/#website\",\"url\":\"https:\/\/hubsch-interior.com\/de\/\",\"name\":\"H\u00fcbsch\",\"description\":\"Danish Home Interior and Design\",\"publisher\":{\"@id\":\"https:\/\/hubsch-interior.com\/de\/#organization\"},\"potentialAction\":[{\"@type\":\"SearchAction\",\"target\":{\"@type\":\"EntryPoint\",\"urlTemplate\":\"https:\/\/hubsch-interior.com\/de\/?s={search_term_string}\"},\"query-input\":{\"@type\":\"PropertyValueSpecification\",\"valueRequired\":true,\"valueName\":\"search_term_string\"}}],\"inLanguage\":\"de\"},{\"@type\":\"Organization\",\"@id\":\"https:\/\/hubsch-interior.com\/de\/#organization\",\"name\":\"H\u00fcbsch\",\"url\":\"https:\/\/hubsch-interior.com\/de\/\",\"logo\":{\"@type\":\"ImageObject\",\"inLanguage\":\"de\",\"@id\":\"https:\/\/hubsch-interior.com\/de\/#\/schema\/logo\/image\/\",\"url\":\"https:\/\/hubsch-interior.com\/wp-content\/uploads\/2022\/12\/Hubsch_logo_black_one_line.svg\",\"contentUrl\":\"https:\/\/hubsch-interior.com\/wp-content\/uploads\/2022\/12\/Hubsch_logo_black_one_line.svg\",\"caption\":\"H\u00fcbsch\"},\"image\":{\"@id\":\"https:\/\/hubsch-interior.com\/de\/#\/schema\/logo\/image\/\"}}]}<\/script>\n<!-- \/ Yoast SEO plugin. -->","yoast_head_json":{"title":"Ays Servierwagen Dunkelblau - H\u00fcbsch","description":"Brauchen Sie einen Helfer, der sich mit Ihnen bewegt? Der Ays Servierwagen in tiefem Dunkelblau bringt sowohl Funktion als auch Flair in Ihren Raum, mit","robots":{"index":"index","follow":"follow","max-snippet":"max-snippet:-1","max-image-preview":"max-image-preview:large","max-video-preview":"max-video-preview:-1"},"canonical":"https:\/\/hubsch-interior.com\/de\/wp-json\/wp\/v2\/product\/1089093","og_locale":"de_DE","og_type":"article","og_title":"Ays Servierwagen Dunkelblau - H\u00fcbsch","og_description":"Brauchen Sie einen Helfer, der sich mit Ihnen bewegt? Der Ays Servierwagen in tiefem Dunkelblau bringt sowohl Funktion als auch Flair in Ihren Raum, mit","og_url":"https:\/\/hubsch-interior.com\/de\/produkt\/ays-servierwagen-dunkelblau\/","og_site_name":"H\u00fcbsch","article_modified_time":"2026-04-05T03:24:32+00:00","og_image":[{"width":1200,"height":1200,"url":"https:\/\/hubsch-interior.com\/wp-content\/uploads\/2026\/01\/ays-trolley-dark-blue-ec8c5e019926967d7db3214b64bf914f.jpg","type":"image\/jpeg"}],"twitter_card":"summary_large_image","schema":{"@context":"https:\/\/schema.org","@graph":[{"@type":"WebPage","@id":"https:\/\/hubsch-interior.com\/de\/produkt\/ays-servierwagen-dunkelblau\/","url":"https:\/\/hubsch-interior.com\/de\/produkt\/ays-servierwagen-dunkelblau\/","name":"Ays Servierwagen Dunkelblau - H\u00fcbsch","isPartOf":{"@id":"https:\/\/hubsch-interior.com\/de\/#website"},"primaryImageOfPage":{"@id":"https:\/\/hubsch-interior.com\/de\/produkt\/ays-servierwagen-dunkelblau\/#primaryimage"},"image":{"@id":"https:\/\/hubsch-interior.com\/de\/produkt\/ays-servierwagen-dunkelblau\/#primaryimage"},"thumbnailUrl":"https:\/\/hubsch-interior.com\/wp-content\/uploads\/2026\/02\/ays-trolley-dark-blue-5d809d4a15972293d2fc165ace4f26b5.jpg","datePublished":"2026-01-31T04:24:01+00:00","dateModified":"2026-04-05T03:24:32+00:00","description":"Brauchen Sie einen Helfer, der sich mit Ihnen bewegt? Der Ays Servierwagen in tiefem Dunkelblau bringt sowohl Funktion als auch Flair in Ihren Raum, mit","breadcrumb":{"@id":"https:\/\/hubsch-interior.com\/de\/produkt\/ays-servierwagen-dunkelblau\/#breadcrumb"},"inLanguage":"de","potentialAction":[{"@type":"ReadAction","target":["https:\/\/hubsch-interior.com\/de\/produkt\/ays-servierwagen-dunkelblau\/"]}]},{"@type":"ImageObject","inLanguage":"de","@id":"https:\/\/hubsch-interior.com\/de\/produkt\/ays-servierwagen-dunkelblau\/#primaryimage","url":"https:\/\/hubsch-interior.com\/wp-content\/uploads\/2026\/02\/ays-trolley-dark-blue-5d809d4a15972293d2fc165ace4f26b5.jpg","contentUrl":"https:\/\/hubsch-interior.com\/wp-content\/uploads\/2026\/02\/ays-trolley-dark-blue-5d809d4a15972293d2fc165ace4f26b5.jpg","width":1024,"height":1024},{"@type":"BreadcrumbList","@id":"https:\/\/hubsch-interior.com\/de\/produkt\/ays-servierwagen-dunkelblau\/#breadcrumb","itemListElement":[{"@type":"ListItem","position":1,"name":"Startseite","item":"https:\/\/hubsch-interior.com\/de\/"},{"@type":"ListItem","position":2,"name":"Produkte","item":"https:\/\/hubsch-interior.com\/de\/shop-2\/"},{"@type":"ListItem","position":3,"name":"Ays Servierwagen Dunkelblau"}]},{"@type":"WebSite","@id":"https:\/\/hubsch-interior.com\/de\/#website","url":"https:\/\/hubsch-interior.com\/de\/","name":"H\u00fcbsch","description":"Danish Home Interior and Design","publisher":{"@id":"https:\/\/hubsch-interior.com\/de\/#organization"},"potentialAction":[{"@type":"SearchAction","target":{"@type":"EntryPoint","urlTemplate":"https:\/\/hubsch-interior.com\/de\/?s={search_term_string}"},"query-input":{"@type":"PropertyValueSpecification","valueRequired":true,"valueName":"search_term_string"}}],"inLanguage":"de"},{"@type":"Organization","@id":"https:\/\/hubsch-interior.com\/de\/#organization","name":"H\u00fcbsch","url":"https:\/\/hubsch-interior.com\/de\/","logo":{"@type":"ImageObject","inLanguage":"de","@id":"https:\/\/hubsch-interior.com\/de\/#\/schema\/logo\/image\/","url":"https:\/\/hubsch-interior.com\/wp-content\/uploads\/2022\/12\/Hubsch_logo_black_one_line.svg","contentUrl":"https:\/\/hubsch-interior.com\/wp-content\/uploads\/2022\/12\/Hubsch_logo_black_one_line.svg","caption":"H\u00fcbsch"},"image":{"@id":"https:\/\/hubsch-interior.com\/de\/#\/schema\/logo\/image\/"}}]}},"_links":{"self":[{"href":"https:\/\/hubsch-interior.com\/de\/wp-json\/wp\/v2\/product\/1089093","targetHints":{"allow":["GET"]}}],"collection":[{"href":"https:\/\/hubsch-interior.com\/de\/wp-json\/wp\/v2\/product"}],"about":[{"href":"https:\/\/hubsch-interior.com\/de\/wp-json\/wp\/v2\/types\/product"}],"wp:featuredmedia":[{"embeddable":true,"href":"https:\/\/hubsch-interior.com\/de\/wp-json\/wp\/v2\/media\/1113858"}],"wp:attachment":[{"href":"https:\/\/hubsch-interior.com\/de\/wp-json\/wp\/v2\/media?parent=1089093"}],"wp:term":[{"taxonomy":"product_brand","embeddable":true,"href":"https:\/\/hubsch-interior.com\/de\/wp-json\/wp\/v2\/product_brand?post=1089093"},{"taxonomy":"product_cat","embeddable":true,"href":"https:\/\/hubsch-interior.com\/de\/wp-json\/wp\/v2\/product_cat?post=1089093"},{"taxonomy":"product_tag","embeddable":true,"href":"https:\/\/hubsch-interior.com\/de\/wp-json\/wp\/v2\/product_tag?post=1089093"}],"curies":[{"name":"wp","href":"https:\/\/api.w.org\/{rel}","templated":true}]}}