{"id":1089117,"date":"2026-01-31T05:24:17","date_gmt":"2026-01-31T04:24:17","guid":{"rendered":"https:\/\/hubsch-interior.com\/product\/product\/"},"modified":"2026-04-05T05:24:36","modified_gmt":"2026-04-05T03:24:36","slug":"two-kerzenhalter-blau","status":"publish","type":"product","link":"https:\/\/hubsch-interior.com\/de\/produkt\/two-kerzenhalter-blau\/","title":{"rendered":"Two Kerzenhalter Blau"},"content":{"rendered":"<p>Ein Design, unendlich viele Stimmungen. Unser multifunktionaler Two Kerzenhalter in ruhigem Blau ist bereit, sich Ihrem Moment anzupassen \u2013 egal, ob Sie eine sanfte Beleuchtung f\u00fcr ruhige Abende setzen oder ein Funkeln zu einer fr\u00f6hlichen Zusammenkunft hinzuf\u00fcgen m\u00f6chten. Drehen Sie ihn auf eine Seite f\u00fcr ein Teelicht, auf die andere f\u00fcr eine Stabkerze \u2013 Sie haben die Wahl. Spielen Sie mit dem Mix der Farben f\u00fcr einen charmanten, geschichteten Look. Einfach, skulptural und voller M\u00f6glichkeiten ist es die Art von St\u00fcck, das ein wenig allt\u00e4gliche Magie in Ihr Zuhause bringt.<\/p>\n","protected":false},"excerpt":{"rendered":"<p>Ein Design, unendlich viele Stimmungen. Unser multifunktionaler Two Kerzenhalter in ruhigem Blau ist bereit, sich Ihrem Moment anzupassen \u2013 egal, ob Sie eine sanfte Beleuchtung f\u00fcr ruhige Abende setzen oder ein Funkeln zu einer fr\u00f6hlichen Zusammenkunft hinzuf\u00fcgen m\u00f6chten. Drehen Sie ihn auf eine Seite f\u00fcr ein Teelicht, auf die andere f\u00fcr eine Stabkerze \u2013 Sie [&hellip;]<\/p>\n","protected":false},"featured_media":1113874,"template":"","meta":{"_acf_changed":false,"inline_featured_image":false},"product_brand":[],"product_cat":[7155,6972,4067,4068,5047,6519],"product_tag":[],"class_list":{"0":"post-1089117","1":"product","2":"type-product","3":"status-publish","4":"has-post-thumbnail","6":"product_cat-dweller-de","7":"product_cat-oster-sale","8":"product_cat-kerzenstaender-laternen-de","9":"product_cat-kerzenstaender-de","10":"product_cat-neuheiten-de","11":"product_cat-outlet-de","12":"product_shipping_class-pk","14":"pa_color-blau-2","16":"first","17":"instock","18":"sale","19":"taxable","20":"shipping-taxable","21":"purchasable","22":"product-type-simple"},"exclude_global_add_ons":[],"addons":[],"acf":[],"yoast_head":"<!-- This site is optimized with the Yoast SEO plugin v26.4 - https:\/\/yoast.com\/wordpress\/plugins\/seo\/ -->\n<title>Two Kerzenhalter Blau - H\u00fcbsch<\/title>\n<meta name=\"description\" content=\"Ein Design, unendlich viele Stimmungen. Unser multifunktionaler Two Kerzenhalter in ruhigem Blau ist bereit, sich Ihrem Moment anzupassen \u2013 egal, ob Sie\" \/>\n<meta name=\"robots\" content=\"index, follow, max-snippet:-1, max-image-preview:large, max-video-preview:-1\" \/>\n<link rel=\"canonical\" href=\"https:\/\/hubsch-interior.com\/de\/wp-json\/wp\/v2\/product\/1089117\" \/>\n<meta property=\"og:locale\" content=\"de_DE\" \/>\n<meta property=\"og:type\" content=\"article\" \/>\n<meta property=\"og:title\" content=\"Two Kerzenhalter Blau - H\u00fcbsch\" \/>\n<meta property=\"og:description\" content=\"Ein Design, unendlich viele Stimmungen. Unser multifunktionaler Two Kerzenhalter in ruhigem Blau ist bereit, sich Ihrem Moment anzupassen \u2013 egal, ob Sie\" \/>\n<meta property=\"og:url\" content=\"https:\/\/hubsch-interior.com\/de\/produkt\/two-kerzenhalter-blau\/\" \/>\n<meta property=\"og:site_name\" content=\"H\u00fcbsch\" \/>\n<meta property=\"article:modified_time\" content=\"2026-04-05T03:24:36+00:00\" \/>\n<meta property=\"og:image\" content=\"https:\/\/hubsch-interior.com\/wp-content\/uploads\/2026\/01\/two-candleholder-blue-a693bdbc47996ba9289c3e592e7a81b4.jpg\" \/>\n\t<meta property=\"og:image:width\" content=\"1200\" \/>\n\t<meta property=\"og:image:height\" content=\"1200\" \/>\n\t<meta property=\"og:image:type\" content=\"image\/jpeg\" \/>\n<meta name=\"twitter:card\" content=\"summary_large_image\" \/>\n<script type=\"application\/ld+json\" class=\"yoast-schema-graph\">{\"@context\":\"https:\/\/schema.org\",\"@graph\":[{\"@type\":\"WebPage\",\"@id\":\"https:\/\/hubsch-interior.com\/de\/produkt\/two-kerzenhalter-blau\/\",\"url\":\"https:\/\/hubsch-interior.com\/de\/produkt\/two-kerzenhalter-blau\/\",\"name\":\"Two Kerzenhalter Blau - H\u00fcbsch\",\"isPartOf\":{\"@id\":\"https:\/\/hubsch-interior.com\/de\/#website\"},\"primaryImageOfPage\":{\"@id\":\"https:\/\/hubsch-interior.com\/de\/produkt\/two-kerzenhalter-blau\/#primaryimage\"},\"image\":{\"@id\":\"https:\/\/hubsch-interior.com\/de\/produkt\/two-kerzenhalter-blau\/#primaryimage\"},\"thumbnailUrl\":\"https:\/\/hubsch-interior.com\/wp-content\/uploads\/2026\/02\/two-candleholder-blue-3c7c1445a9d21d8798f3b57039e49a44.jpg\",\"datePublished\":\"2026-01-31T04:24:17+00:00\",\"dateModified\":\"2026-04-05T03:24:36+00:00\",\"description\":\"Ein Design, unendlich viele Stimmungen. Unser multifunktionaler Two Kerzenhalter in ruhigem Blau ist bereit, sich Ihrem Moment anzupassen \u2013 egal, ob Sie\",\"breadcrumb\":{\"@id\":\"https:\/\/hubsch-interior.com\/de\/produkt\/two-kerzenhalter-blau\/#breadcrumb\"},\"inLanguage\":\"de\",\"potentialAction\":[{\"@type\":\"ReadAction\",\"target\":[\"https:\/\/hubsch-interior.com\/de\/produkt\/two-kerzenhalter-blau\/\"]}]},{\"@type\":\"ImageObject\",\"inLanguage\":\"de\",\"@id\":\"https:\/\/hubsch-interior.com\/de\/produkt\/two-kerzenhalter-blau\/#primaryimage\",\"url\":\"https:\/\/hubsch-interior.com\/wp-content\/uploads\/2026\/02\/two-candleholder-blue-3c7c1445a9d21d8798f3b57039e49a44.jpg\",\"contentUrl\":\"https:\/\/hubsch-interior.com\/wp-content\/uploads\/2026\/02\/two-candleholder-blue-3c7c1445a9d21d8798f3b57039e49a44.jpg\",\"width\":1024,\"height\":1024},{\"@type\":\"BreadcrumbList\",\"@id\":\"https:\/\/hubsch-interior.com\/de\/produkt\/two-kerzenhalter-blau\/#breadcrumb\",\"itemListElement\":[{\"@type\":\"ListItem\",\"position\":1,\"name\":\"Startseite\",\"item\":\"https:\/\/hubsch-interior.com\/de\/\"},{\"@type\":\"ListItem\",\"position\":2,\"name\":\"Produkte\",\"item\":\"https:\/\/hubsch-interior.com\/de\/shop-2\/\"},{\"@type\":\"ListItem\",\"position\":3,\"name\":\"Wohnaccessoires\",\"item\":\"https:\/\/hubsch-interior.com\/de\/produkt-kategorie\/wohnaccessoires\/\"},{\"@type\":\"ListItem\",\"position\":4,\"name\":\"Kerzenst&auml;nder &amp; Laternen\",\"item\":\"https:\/\/hubsch-interior.com\/de\/produkt-kategorie\/wohnaccessoires\/kerzenstaender-laternen-de\/\"},{\"@type\":\"ListItem\",\"position\":5,\"name\":\"Kerzenst&auml;nder\",\"item\":\"https:\/\/hubsch-interior.com\/de\/produkt-kategorie\/wohnaccessoires\/kerzenstaender-laternen-de\/kerzenstaender-de\/\"},{\"@type\":\"ListItem\",\"position\":6,\"name\":\"Two Kerzenhalter Blau\"}]},{\"@type\":\"WebSite\",\"@id\":\"https:\/\/hubsch-interior.com\/de\/#website\",\"url\":\"https:\/\/hubsch-interior.com\/de\/\",\"name\":\"H\u00fcbsch\",\"description\":\"Danish Home Interior and Design\",\"publisher\":{\"@id\":\"https:\/\/hubsch-interior.com\/de\/#organization\"},\"potentialAction\":[{\"@type\":\"SearchAction\",\"target\":{\"@type\":\"EntryPoint\",\"urlTemplate\":\"https:\/\/hubsch-interior.com\/de\/?s={search_term_string}\"},\"query-input\":{\"@type\":\"PropertyValueSpecification\",\"valueRequired\":true,\"valueName\":\"search_term_string\"}}],\"inLanguage\":\"de\"},{\"@type\":\"Organization\",\"@id\":\"https:\/\/hubsch-interior.com\/de\/#organization\",\"name\":\"H\u00fcbsch\",\"url\":\"https:\/\/hubsch-interior.com\/de\/\",\"logo\":{\"@type\":\"ImageObject\",\"inLanguage\":\"de\",\"@id\":\"https:\/\/hubsch-interior.com\/de\/#\/schema\/logo\/image\/\",\"url\":\"https:\/\/hubsch-interior.com\/wp-content\/uploads\/2022\/12\/Hubsch_logo_black_one_line.svg\",\"contentUrl\":\"https:\/\/hubsch-interior.com\/wp-content\/uploads\/2022\/12\/Hubsch_logo_black_one_line.svg\",\"caption\":\"H\u00fcbsch\"},\"image\":{\"@id\":\"https:\/\/hubsch-interior.com\/de\/#\/schema\/logo\/image\/\"}}]}<\/script>\n<!-- \/ Yoast SEO plugin. -->","yoast_head_json":{"title":"Two Kerzenhalter Blau - H\u00fcbsch","description":"Ein Design, unendlich viele Stimmungen. Unser multifunktionaler Two Kerzenhalter in ruhigem Blau ist bereit, sich Ihrem Moment anzupassen \u2013 egal, ob Sie","robots":{"index":"index","follow":"follow","max-snippet":"max-snippet:-1","max-image-preview":"max-image-preview:large","max-video-preview":"max-video-preview:-1"},"canonical":"https:\/\/hubsch-interior.com\/de\/wp-json\/wp\/v2\/product\/1089117","og_locale":"de_DE","og_type":"article","og_title":"Two Kerzenhalter Blau - H\u00fcbsch","og_description":"Ein Design, unendlich viele Stimmungen. Unser multifunktionaler Two Kerzenhalter in ruhigem Blau ist bereit, sich Ihrem Moment anzupassen \u2013 egal, ob Sie","og_url":"https:\/\/hubsch-interior.com\/de\/produkt\/two-kerzenhalter-blau\/","og_site_name":"H\u00fcbsch","article_modified_time":"2026-04-05T03:24:36+00:00","og_image":[{"width":1200,"height":1200,"url":"https:\/\/hubsch-interior.com\/wp-content\/uploads\/2026\/01\/two-candleholder-blue-a693bdbc47996ba9289c3e592e7a81b4.jpg","type":"image\/jpeg"}],"twitter_card":"summary_large_image","schema":{"@context":"https:\/\/schema.org","@graph":[{"@type":"WebPage","@id":"https:\/\/hubsch-interior.com\/de\/produkt\/two-kerzenhalter-blau\/","url":"https:\/\/hubsch-interior.com\/de\/produkt\/two-kerzenhalter-blau\/","name":"Two Kerzenhalter Blau - H\u00fcbsch","isPartOf":{"@id":"https:\/\/hubsch-interior.com\/de\/#website"},"primaryImageOfPage":{"@id":"https:\/\/hubsch-interior.com\/de\/produkt\/two-kerzenhalter-blau\/#primaryimage"},"image":{"@id":"https:\/\/hubsch-interior.com\/de\/produkt\/two-kerzenhalter-blau\/#primaryimage"},"thumbnailUrl":"https:\/\/hubsch-interior.com\/wp-content\/uploads\/2026\/02\/two-candleholder-blue-3c7c1445a9d21d8798f3b57039e49a44.jpg","datePublished":"2026-01-31T04:24:17+00:00","dateModified":"2026-04-05T03:24:36+00:00","description":"Ein Design, unendlich viele Stimmungen. Unser multifunktionaler Two Kerzenhalter in ruhigem Blau ist bereit, sich Ihrem Moment anzupassen \u2013 egal, ob Sie","breadcrumb":{"@id":"https:\/\/hubsch-interior.com\/de\/produkt\/two-kerzenhalter-blau\/#breadcrumb"},"inLanguage":"de","potentialAction":[{"@type":"ReadAction","target":["https:\/\/hubsch-interior.com\/de\/produkt\/two-kerzenhalter-blau\/"]}]},{"@type":"ImageObject","inLanguage":"de","@id":"https:\/\/hubsch-interior.com\/de\/produkt\/two-kerzenhalter-blau\/#primaryimage","url":"https:\/\/hubsch-interior.com\/wp-content\/uploads\/2026\/02\/two-candleholder-blue-3c7c1445a9d21d8798f3b57039e49a44.jpg","contentUrl":"https:\/\/hubsch-interior.com\/wp-content\/uploads\/2026\/02\/two-candleholder-blue-3c7c1445a9d21d8798f3b57039e49a44.jpg","width":1024,"height":1024},{"@type":"BreadcrumbList","@id":"https:\/\/hubsch-interior.com\/de\/produkt\/two-kerzenhalter-blau\/#breadcrumb","itemListElement":[{"@type":"ListItem","position":1,"name":"Startseite","item":"https:\/\/hubsch-interior.com\/de\/"},{"@type":"ListItem","position":2,"name":"Produkte","item":"https:\/\/hubsch-interior.com\/de\/shop-2\/"},{"@type":"ListItem","position":3,"name":"Wohnaccessoires","item":"https:\/\/hubsch-interior.com\/de\/produkt-kategorie\/wohnaccessoires\/"},{"@type":"ListItem","position":4,"name":"Kerzenst&auml;nder &amp; Laternen","item":"https:\/\/hubsch-interior.com\/de\/produkt-kategorie\/wohnaccessoires\/kerzenstaender-laternen-de\/"},{"@type":"ListItem","position":5,"name":"Kerzenst&auml;nder","item":"https:\/\/hubsch-interior.com\/de\/produkt-kategorie\/wohnaccessoires\/kerzenstaender-laternen-de\/kerzenstaender-de\/"},{"@type":"ListItem","position":6,"name":"Two Kerzenhalter Blau"}]},{"@type":"WebSite","@id":"https:\/\/hubsch-interior.com\/de\/#website","url":"https:\/\/hubsch-interior.com\/de\/","name":"H\u00fcbsch","description":"Danish Home Interior and Design","publisher":{"@id":"https:\/\/hubsch-interior.com\/de\/#organization"},"potentialAction":[{"@type":"SearchAction","target":{"@type":"EntryPoint","urlTemplate":"https:\/\/hubsch-interior.com\/de\/?s={search_term_string}"},"query-input":{"@type":"PropertyValueSpecification","valueRequired":true,"valueName":"search_term_string"}}],"inLanguage":"de"},{"@type":"Organization","@id":"https:\/\/hubsch-interior.com\/de\/#organization","name":"H\u00fcbsch","url":"https:\/\/hubsch-interior.com\/de\/","logo":{"@type":"ImageObject","inLanguage":"de","@id":"https:\/\/hubsch-interior.com\/de\/#\/schema\/logo\/image\/","url":"https:\/\/hubsch-interior.com\/wp-content\/uploads\/2022\/12\/Hubsch_logo_black_one_line.svg","contentUrl":"https:\/\/hubsch-interior.com\/wp-content\/uploads\/2022\/12\/Hubsch_logo_black_one_line.svg","caption":"H\u00fcbsch"},"image":{"@id":"https:\/\/hubsch-interior.com\/de\/#\/schema\/logo\/image\/"}}]}},"_links":{"self":[{"href":"https:\/\/hubsch-interior.com\/de\/wp-json\/wp\/v2\/product\/1089117","targetHints":{"allow":["GET"]}}],"collection":[{"href":"https:\/\/hubsch-interior.com\/de\/wp-json\/wp\/v2\/product"}],"about":[{"href":"https:\/\/hubsch-interior.com\/de\/wp-json\/wp\/v2\/types\/product"}],"wp:featuredmedia":[{"embeddable":true,"href":"https:\/\/hubsch-interior.com\/de\/wp-json\/wp\/v2\/media\/1113874"}],"wp:attachment":[{"href":"https:\/\/hubsch-interior.com\/de\/wp-json\/wp\/v2\/media?parent=1089117"}],"wp:term":[{"taxonomy":"product_brand","embeddable":true,"href":"https:\/\/hubsch-interior.com\/de\/wp-json\/wp\/v2\/product_brand?post=1089117"},{"taxonomy":"product_cat","embeddable":true,"href":"https:\/\/hubsch-interior.com\/de\/wp-json\/wp\/v2\/product_cat?post=1089117"},{"taxonomy":"product_tag","embeddable":true,"href":"https:\/\/hubsch-interior.com\/de\/wp-json\/wp\/v2\/product_tag?post=1089117"}],"curies":[{"name":"wp","href":"https:\/\/api.w.org\/{rel}","templated":true}]}}