{"id":1089157,"date":"2026-01-31T05:24:41","date_gmt":"2026-01-31T04:24:41","guid":{"rendered":"https:\/\/hubsch-interior.com\/product\/product\/"},"modified":"2026-04-05T05:24:43","modified_gmt":"2026-04-05T03:24:43","slug":"kanso-aufbewahrungsbox-multifarben-3er-set","status":"publish","type":"product","link":"https:\/\/hubsch-interior.com\/de\/produkt\/kanso-aufbewahrungsbox-multifarben-3er-set\/","title":{"rendered":"Kanso Aufbewahrungsbox \u00a0Multifarben (3er Set)"},"content":{"rendered":"<p>Ein farbenfrohes Trio, geschaffen f\u00fcr stilvolles Aufr\u00e4umen. Das Kanso Aufbewahrungsbox-Set besteht aus drei mehrfarbigen Boxen, die dazu entworfen wurden, Ihre allt\u00e4glichen Essentials stilvoll zu verstauen. Von kleinen Andenken bis hin zu verschiedenen Kleinigkeiten \u2013 jede Box bietet eine perfekte Mischung aus Funktion und Flair. Sorgf\u00e4ltig gefertigt und zum Stapeln designt, bringen sie jeden Regal oder jede Oberfl\u00e4che zum Leuchten und machen die Organisation zu einem kreativen Akt. Denn auch die kleinsten Dinge verdienen einen sch\u00f6nen Platz, an dem sie hingeh\u00f6ren.<\/p>\n","protected":false},"excerpt":{"rendered":"<p>Ein farbenfrohes Trio, geschaffen f\u00fcr stilvolles Aufr\u00e4umen. Das Kanso Aufbewahrungsbox-Set besteht aus drei mehrfarbigen Boxen, die dazu entworfen wurden, Ihre allt\u00e4glichen Essentials stilvoll zu verstauen. Von kleinen Andenken bis hin zu verschiedenen Kleinigkeiten \u2013 jede Box bietet eine perfekte Mischung aus Funktion und Flair. Sorgf\u00e4ltig gefertigt und zum Stapeln designt, bringen sie jeden Regal oder [&hellip;]<\/p>\n","protected":false},"featured_media":1111577,"template":"","meta":{"_acf_changed":false,"inline_featured_image":false},"product_brand":[],"product_cat":[7155,4155,4961,5047],"product_tag":[],"class_list":{"0":"post-1089157","1":"product","2":"type-product","3":"status-publish","4":"has-post-thumbnail","6":"product_cat-dweller-de","7":"product_cat-buero-de","8":"product_cat-aufbewahrungsbox-de","9":"product_cat-neuheiten-de","10":"product_shipping_class-pk","12":"pa_color-multifarben-2","14":"first","15":"instock","16":"taxable","17":"shipping-taxable","18":"purchasable","19":"product-type-simple"},"exclude_global_add_ons":[],"addons":[],"acf":[],"yoast_head":"<!-- This site is optimized with the Yoast SEO plugin v26.4 - https:\/\/yoast.com\/wordpress\/plugins\/seo\/ -->\n<title>Kanso Aufbewahrungsbox \u00a0Multifarben (3er Set) - H\u00fcbsch<\/title>\n<meta name=\"description\" content=\"Ein farbenfrohes Trio, geschaffen f\u00fcr stilvolles Aufr\u00e4umen. Das Kanso Aufbewahrungsbox-Set besteht aus drei mehrfarbigen Boxen, die dazu entworfen wurden,\" \/>\n<meta name=\"robots\" content=\"index, follow, max-snippet:-1, max-image-preview:large, max-video-preview:-1\" \/>\n<link rel=\"canonical\" href=\"https:\/\/hubsch-interior.com\/de\/wp-json\/wp\/v2\/product\/1089157\" \/>\n<meta property=\"og:locale\" content=\"de_DE\" \/>\n<meta property=\"og:type\" content=\"article\" \/>\n<meta property=\"og:title\" content=\"Kanso Aufbewahrungsbox \u00a0Multifarben (3er Set) - H\u00fcbsch\" \/>\n<meta property=\"og:description\" content=\"Ein farbenfrohes Trio, geschaffen f\u00fcr stilvolles Aufr\u00e4umen. Das Kanso Aufbewahrungsbox-Set besteht aus drei mehrfarbigen Boxen, die dazu entworfen wurden,\" \/>\n<meta property=\"og:url\" content=\"https:\/\/hubsch-interior.com\/de\/produkt\/kanso-aufbewahrungsbox-multifarben-3er-set\/\" \/>\n<meta property=\"og:site_name\" content=\"H\u00fcbsch\" \/>\n<meta property=\"article:modified_time\" content=\"2026-04-05T03:24:43+00:00\" \/>\n<meta property=\"og:image\" content=\"https:\/\/hubsch-interior.com\/wp-content\/uploads\/2026\/01\/kanso-storage-box-multicolour-set-of-3-5799179bc4cb989b1b8fc4d17e603941.jpg\" \/>\n\t<meta property=\"og:image:width\" content=\"1200\" \/>\n\t<meta property=\"og:image:height\" content=\"1200\" \/>\n\t<meta property=\"og:image:type\" content=\"image\/jpeg\" \/>\n<meta name=\"twitter:card\" content=\"summary_large_image\" \/>\n<script type=\"application\/ld+json\" class=\"yoast-schema-graph\">{\"@context\":\"https:\/\/schema.org\",\"@graph\":[{\"@type\":\"WebPage\",\"@id\":\"https:\/\/hubsch-interior.com\/de\/produkt\/kanso-aufbewahrungsbox-multifarben-3er-set\/\",\"url\":\"https:\/\/hubsch-interior.com\/de\/produkt\/kanso-aufbewahrungsbox-multifarben-3er-set\/\",\"name\":\"Kanso Aufbewahrungsbox \u00a0Multifarben (3er Set) - H\u00fcbsch\",\"isPartOf\":{\"@id\":\"https:\/\/hubsch-interior.com\/de\/#website\"},\"primaryImageOfPage\":{\"@id\":\"https:\/\/hubsch-interior.com\/de\/produkt\/kanso-aufbewahrungsbox-multifarben-3er-set\/#primaryimage\"},\"image\":{\"@id\":\"https:\/\/hubsch-interior.com\/de\/produkt\/kanso-aufbewahrungsbox-multifarben-3er-set\/#primaryimage\"},\"thumbnailUrl\":\"https:\/\/hubsch-interior.com\/wp-content\/uploads\/2026\/02\/kanso-storage-box-multicolour-set-of-3-2c8d73137f1405b66a0c6b6cb77b0ee9.jpg\",\"datePublished\":\"2026-01-31T04:24:41+00:00\",\"dateModified\":\"2026-04-05T03:24:43+00:00\",\"description\":\"Ein farbenfrohes Trio, geschaffen f\u00fcr stilvolles Aufr\u00e4umen. Das Kanso Aufbewahrungsbox-Set besteht aus drei mehrfarbigen Boxen, die dazu entworfen wurden,\",\"breadcrumb\":{\"@id\":\"https:\/\/hubsch-interior.com\/de\/produkt\/kanso-aufbewahrungsbox-multifarben-3er-set\/#breadcrumb\"},\"inLanguage\":\"de\",\"potentialAction\":[{\"@type\":\"ReadAction\",\"target\":[\"https:\/\/hubsch-interior.com\/de\/produkt\/kanso-aufbewahrungsbox-multifarben-3er-set\/\"]}]},{\"@type\":\"ImageObject\",\"inLanguage\":\"de\",\"@id\":\"https:\/\/hubsch-interior.com\/de\/produkt\/kanso-aufbewahrungsbox-multifarben-3er-set\/#primaryimage\",\"url\":\"https:\/\/hubsch-interior.com\/wp-content\/uploads\/2026\/02\/kanso-storage-box-multicolour-set-of-3-2c8d73137f1405b66a0c6b6cb77b0ee9.jpg\",\"contentUrl\":\"https:\/\/hubsch-interior.com\/wp-content\/uploads\/2026\/02\/kanso-storage-box-multicolour-set-of-3-2c8d73137f1405b66a0c6b6cb77b0ee9.jpg\",\"width\":1024,\"height\":1024},{\"@type\":\"BreadcrumbList\",\"@id\":\"https:\/\/hubsch-interior.com\/de\/produkt\/kanso-aufbewahrungsbox-multifarben-3er-set\/#breadcrumb\",\"itemListElement\":[{\"@type\":\"ListItem\",\"position\":1,\"name\":\"Startseite\",\"item\":\"https:\/\/hubsch-interior.com\/de\/\"},{\"@type\":\"ListItem\",\"position\":2,\"name\":\"Produkte\",\"item\":\"https:\/\/hubsch-interior.com\/de\/shop-2\/\"},{\"@type\":\"ListItem\",\"position\":3,\"name\":\"Kanso Aufbewahrungsbox \u00a0Multifarben (3er Set)\"}]},{\"@type\":\"WebSite\",\"@id\":\"https:\/\/hubsch-interior.com\/de\/#website\",\"url\":\"https:\/\/hubsch-interior.com\/de\/\",\"name\":\"H\u00fcbsch\",\"description\":\"Danish Home Interior and Design\",\"publisher\":{\"@id\":\"https:\/\/hubsch-interior.com\/de\/#organization\"},\"potentialAction\":[{\"@type\":\"SearchAction\",\"target\":{\"@type\":\"EntryPoint\",\"urlTemplate\":\"https:\/\/hubsch-interior.com\/de\/?s={search_term_string}\"},\"query-input\":{\"@type\":\"PropertyValueSpecification\",\"valueRequired\":true,\"valueName\":\"search_term_string\"}}],\"inLanguage\":\"de\"},{\"@type\":\"Organization\",\"@id\":\"https:\/\/hubsch-interior.com\/de\/#organization\",\"name\":\"H\u00fcbsch\",\"url\":\"https:\/\/hubsch-interior.com\/de\/\",\"logo\":{\"@type\":\"ImageObject\",\"inLanguage\":\"de\",\"@id\":\"https:\/\/hubsch-interior.com\/de\/#\/schema\/logo\/image\/\",\"url\":\"https:\/\/hubsch-interior.com\/wp-content\/uploads\/2022\/12\/Hubsch_logo_black_one_line.svg\",\"contentUrl\":\"https:\/\/hubsch-interior.com\/wp-content\/uploads\/2022\/12\/Hubsch_logo_black_one_line.svg\",\"caption\":\"H\u00fcbsch\"},\"image\":{\"@id\":\"https:\/\/hubsch-interior.com\/de\/#\/schema\/logo\/image\/\"}}]}<\/script>\n<!-- \/ Yoast SEO plugin. -->","yoast_head_json":{"title":"Kanso Aufbewahrungsbox \u00a0Multifarben (3er Set) - H\u00fcbsch","description":"Ein farbenfrohes Trio, geschaffen f\u00fcr stilvolles Aufr\u00e4umen. Das Kanso Aufbewahrungsbox-Set besteht aus drei mehrfarbigen Boxen, die dazu entworfen wurden,","robots":{"index":"index","follow":"follow","max-snippet":"max-snippet:-1","max-image-preview":"max-image-preview:large","max-video-preview":"max-video-preview:-1"},"canonical":"https:\/\/hubsch-interior.com\/de\/wp-json\/wp\/v2\/product\/1089157","og_locale":"de_DE","og_type":"article","og_title":"Kanso Aufbewahrungsbox \u00a0Multifarben (3er Set) - H\u00fcbsch","og_description":"Ein farbenfrohes Trio, geschaffen f\u00fcr stilvolles Aufr\u00e4umen. Das Kanso Aufbewahrungsbox-Set besteht aus drei mehrfarbigen Boxen, die dazu entworfen wurden,","og_url":"https:\/\/hubsch-interior.com\/de\/produkt\/kanso-aufbewahrungsbox-multifarben-3er-set\/","og_site_name":"H\u00fcbsch","article_modified_time":"2026-04-05T03:24:43+00:00","og_image":[{"width":1200,"height":1200,"url":"https:\/\/hubsch-interior.com\/wp-content\/uploads\/2026\/01\/kanso-storage-box-multicolour-set-of-3-5799179bc4cb989b1b8fc4d17e603941.jpg","type":"image\/jpeg"}],"twitter_card":"summary_large_image","schema":{"@context":"https:\/\/schema.org","@graph":[{"@type":"WebPage","@id":"https:\/\/hubsch-interior.com\/de\/produkt\/kanso-aufbewahrungsbox-multifarben-3er-set\/","url":"https:\/\/hubsch-interior.com\/de\/produkt\/kanso-aufbewahrungsbox-multifarben-3er-set\/","name":"Kanso Aufbewahrungsbox \u00a0Multifarben (3er Set) - H\u00fcbsch","isPartOf":{"@id":"https:\/\/hubsch-interior.com\/de\/#website"},"primaryImageOfPage":{"@id":"https:\/\/hubsch-interior.com\/de\/produkt\/kanso-aufbewahrungsbox-multifarben-3er-set\/#primaryimage"},"image":{"@id":"https:\/\/hubsch-interior.com\/de\/produkt\/kanso-aufbewahrungsbox-multifarben-3er-set\/#primaryimage"},"thumbnailUrl":"https:\/\/hubsch-interior.com\/wp-content\/uploads\/2026\/02\/kanso-storage-box-multicolour-set-of-3-2c8d73137f1405b66a0c6b6cb77b0ee9.jpg","datePublished":"2026-01-31T04:24:41+00:00","dateModified":"2026-04-05T03:24:43+00:00","description":"Ein farbenfrohes Trio, geschaffen f\u00fcr stilvolles Aufr\u00e4umen. Das Kanso Aufbewahrungsbox-Set besteht aus drei mehrfarbigen Boxen, die dazu entworfen wurden,","breadcrumb":{"@id":"https:\/\/hubsch-interior.com\/de\/produkt\/kanso-aufbewahrungsbox-multifarben-3er-set\/#breadcrumb"},"inLanguage":"de","potentialAction":[{"@type":"ReadAction","target":["https:\/\/hubsch-interior.com\/de\/produkt\/kanso-aufbewahrungsbox-multifarben-3er-set\/"]}]},{"@type":"ImageObject","inLanguage":"de","@id":"https:\/\/hubsch-interior.com\/de\/produkt\/kanso-aufbewahrungsbox-multifarben-3er-set\/#primaryimage","url":"https:\/\/hubsch-interior.com\/wp-content\/uploads\/2026\/02\/kanso-storage-box-multicolour-set-of-3-2c8d73137f1405b66a0c6b6cb77b0ee9.jpg","contentUrl":"https:\/\/hubsch-interior.com\/wp-content\/uploads\/2026\/02\/kanso-storage-box-multicolour-set-of-3-2c8d73137f1405b66a0c6b6cb77b0ee9.jpg","width":1024,"height":1024},{"@type":"BreadcrumbList","@id":"https:\/\/hubsch-interior.com\/de\/produkt\/kanso-aufbewahrungsbox-multifarben-3er-set\/#breadcrumb","itemListElement":[{"@type":"ListItem","position":1,"name":"Startseite","item":"https:\/\/hubsch-interior.com\/de\/"},{"@type":"ListItem","position":2,"name":"Produkte","item":"https:\/\/hubsch-interior.com\/de\/shop-2\/"},{"@type":"ListItem","position":3,"name":"Kanso Aufbewahrungsbox \u00a0Multifarben (3er Set)"}]},{"@type":"WebSite","@id":"https:\/\/hubsch-interior.com\/de\/#website","url":"https:\/\/hubsch-interior.com\/de\/","name":"H\u00fcbsch","description":"Danish Home Interior and Design","publisher":{"@id":"https:\/\/hubsch-interior.com\/de\/#organization"},"potentialAction":[{"@type":"SearchAction","target":{"@type":"EntryPoint","urlTemplate":"https:\/\/hubsch-interior.com\/de\/?s={search_term_string}"},"query-input":{"@type":"PropertyValueSpecification","valueRequired":true,"valueName":"search_term_string"}}],"inLanguage":"de"},{"@type":"Organization","@id":"https:\/\/hubsch-interior.com\/de\/#organization","name":"H\u00fcbsch","url":"https:\/\/hubsch-interior.com\/de\/","logo":{"@type":"ImageObject","inLanguage":"de","@id":"https:\/\/hubsch-interior.com\/de\/#\/schema\/logo\/image\/","url":"https:\/\/hubsch-interior.com\/wp-content\/uploads\/2022\/12\/Hubsch_logo_black_one_line.svg","contentUrl":"https:\/\/hubsch-interior.com\/wp-content\/uploads\/2022\/12\/Hubsch_logo_black_one_line.svg","caption":"H\u00fcbsch"},"image":{"@id":"https:\/\/hubsch-interior.com\/de\/#\/schema\/logo\/image\/"}}]}},"_links":{"self":[{"href":"https:\/\/hubsch-interior.com\/de\/wp-json\/wp\/v2\/product\/1089157","targetHints":{"allow":["GET"]}}],"collection":[{"href":"https:\/\/hubsch-interior.com\/de\/wp-json\/wp\/v2\/product"}],"about":[{"href":"https:\/\/hubsch-interior.com\/de\/wp-json\/wp\/v2\/types\/product"}],"wp:featuredmedia":[{"embeddable":true,"href":"https:\/\/hubsch-interior.com\/de\/wp-json\/wp\/v2\/media\/1111577"}],"wp:attachment":[{"href":"https:\/\/hubsch-interior.com\/de\/wp-json\/wp\/v2\/media?parent=1089157"}],"wp:term":[{"taxonomy":"product_brand","embeddable":true,"href":"https:\/\/hubsch-interior.com\/de\/wp-json\/wp\/v2\/product_brand?post=1089157"},{"taxonomy":"product_cat","embeddable":true,"href":"https:\/\/hubsch-interior.com\/de\/wp-json\/wp\/v2\/product_cat?post=1089157"},{"taxonomy":"product_tag","embeddable":true,"href":"https:\/\/hubsch-interior.com\/de\/wp-json\/wp\/v2\/product_tag?post=1089157"}],"curies":[{"name":"wp","href":"https:\/\/api.w.org\/{rel}","templated":true}]}}