{"id":1089197,"date":"2026-01-31T05:25:06","date_gmt":"2026-01-31T04:25:06","guid":{"rendered":"https:\/\/hubsch-interior.com\/product\/product\/"},"modified":"2026-04-05T05:24:50","modified_gmt":"2026-04-05T03:24:50","slug":"kanso-schreibtisch-organizer-hellgrau","status":"publish","type":"product","link":"https:\/\/hubsch-interior.com\/de\/produkt\/kanso-schreibtisch-organizer-hellgrau\/","title":{"rendered":"Kanso Schreibtisch Organizer Hellgrau"},"content":{"rendered":"<p>Aufger\u00e4umter Schreibtisch, aufger\u00e4umter Geist. Der Kanso Schreibtisch Organizer in hellem Grau ist Ihr idealer Begleiter, um das allt\u00e4gliche Chaos in Ruhe zu verwandeln. Mit seiner sanften Farbgebung und minimalistischem Charme f\u00fcgt er sich m\u00fchelos in jeden Arbeitsplatz ein. Verf\u00fcgbar in zwei cleveren Ausf\u00fchrungen, h\u00e4lt er Ihre Stifte, Bleistifte und kleine Notwendigkeiten ordentlich an ihrem Platz \u2014 immer griffbereit. Ob Sie skizzieren, kritzeln oder einfach nur organisiert bleiben m\u00f6chten, dieses St\u00fcck bringt stille Freude in Ihre t\u00e4gliche Einrichtung.<\/p>\n","protected":false},"excerpt":{"rendered":"<p>Aufger\u00e4umter Schreibtisch, aufger\u00e4umter Geist. Der Kanso Schreibtisch Organizer in hellem Grau ist Ihr idealer Begleiter, um das allt\u00e4gliche Chaos in Ruhe zu verwandeln. Mit seiner sanften Farbgebung und minimalistischem Charme f\u00fcgt er sich m\u00fchelos in jeden Arbeitsplatz ein. Verf\u00fcgbar in zwei cleveren Ausf\u00fchrungen, h\u00e4lt er Ihre Stifte, Bleistifte und kleine Notwendigkeiten ordentlich an ihrem Platz [&hellip;]<\/p>\n","protected":false},"featured_media":1113898,"template":"","meta":{"_acf_changed":false,"inline_featured_image":false},"product_brand":[],"product_cat":[7155,4155,4961,5047],"product_tag":[],"class_list":{"0":"post-1089197","1":"product","2":"type-product","3":"status-publish","4":"has-post-thumbnail","6":"product_cat-dweller-de","7":"product_cat-buero-de","8":"product_cat-aufbewahrungsbox-de","9":"product_cat-neuheiten-de","10":"product_shipping_class-pk","12":"pa_color-hellgrau-2","14":"first","15":"instock","16":"taxable","17":"shipping-taxable","18":"purchasable","19":"product-type-simple"},"exclude_global_add_ons":[],"addons":[],"acf":[],"yoast_head":"<!-- This site is optimized with the Yoast SEO plugin v26.4 - https:\/\/yoast.com\/wordpress\/plugins\/seo\/ -->\n<title>Kanso Schreibtisch Organizer Hellgrau - H\u00fcbsch<\/title>\n<meta name=\"description\" content=\"Aufger\u00e4umter Schreibtisch, aufger\u00e4umter Geist. Der Kanso Schreibtisch Organizer in hellem Grau ist Ihr idealer Begleiter, um das allt\u00e4gliche Chaos in Ruhe\" \/>\n<meta name=\"robots\" content=\"index, follow, max-snippet:-1, max-image-preview:large, max-video-preview:-1\" \/>\n<link rel=\"canonical\" href=\"https:\/\/hubsch-interior.com\/de\/wp-json\/wp\/v2\/product\/1089197\" \/>\n<meta property=\"og:locale\" content=\"de_DE\" \/>\n<meta property=\"og:type\" content=\"article\" \/>\n<meta property=\"og:title\" content=\"Kanso Schreibtisch Organizer Hellgrau - H\u00fcbsch\" \/>\n<meta property=\"og:description\" content=\"Aufger\u00e4umter Schreibtisch, aufger\u00e4umter Geist. Der Kanso Schreibtisch Organizer in hellem Grau ist Ihr idealer Begleiter, um das allt\u00e4gliche Chaos in Ruhe\" \/>\n<meta property=\"og:url\" content=\"https:\/\/hubsch-interior.com\/de\/produkt\/kanso-schreibtisch-organizer-hellgrau\/\" \/>\n<meta property=\"og:site_name\" content=\"H\u00fcbsch\" \/>\n<meta property=\"article:modified_time\" content=\"2026-04-05T03:24:50+00:00\" \/>\n<meta property=\"og:image\" content=\"https:\/\/hubsch-interior.com\/wp-content\/uploads\/2026\/01\/kanso-desk-organiser-light-grey-d8dbed7c1a515362ca5e6dd1372a96ab.jpg\" \/>\n\t<meta property=\"og:image:width\" content=\"1200\" \/>\n\t<meta property=\"og:image:height\" content=\"1200\" \/>\n\t<meta property=\"og:image:type\" content=\"image\/jpeg\" \/>\n<meta name=\"twitter:card\" content=\"summary_large_image\" \/>\n<script type=\"application\/ld+json\" class=\"yoast-schema-graph\">{\"@context\":\"https:\/\/schema.org\",\"@graph\":[{\"@type\":\"WebPage\",\"@id\":\"https:\/\/hubsch-interior.com\/de\/produkt\/kanso-schreibtisch-organizer-hellgrau\/\",\"url\":\"https:\/\/hubsch-interior.com\/de\/produkt\/kanso-schreibtisch-organizer-hellgrau\/\",\"name\":\"Kanso Schreibtisch Organizer Hellgrau - H\u00fcbsch\",\"isPartOf\":{\"@id\":\"https:\/\/hubsch-interior.com\/de\/#website\"},\"primaryImageOfPage\":{\"@id\":\"https:\/\/hubsch-interior.com\/de\/produkt\/kanso-schreibtisch-organizer-hellgrau\/#primaryimage\"},\"image\":{\"@id\":\"https:\/\/hubsch-interior.com\/de\/produkt\/kanso-schreibtisch-organizer-hellgrau\/#primaryimage\"},\"thumbnailUrl\":\"https:\/\/hubsch-interior.com\/wp-content\/uploads\/2026\/02\/kanso-desk-organiser-light-grey-e47d4d7344985231e682935ba747c9a6.jpg\",\"datePublished\":\"2026-01-31T04:25:06+00:00\",\"dateModified\":\"2026-04-05T03:24:50+00:00\",\"description\":\"Aufger\u00e4umter Schreibtisch, aufger\u00e4umter Geist. Der Kanso Schreibtisch Organizer in hellem Grau ist Ihr idealer Begleiter, um das allt\u00e4gliche Chaos in Ruhe\",\"breadcrumb\":{\"@id\":\"https:\/\/hubsch-interior.com\/de\/produkt\/kanso-schreibtisch-organizer-hellgrau\/#breadcrumb\"},\"inLanguage\":\"de\",\"potentialAction\":[{\"@type\":\"ReadAction\",\"target\":[\"https:\/\/hubsch-interior.com\/de\/produkt\/kanso-schreibtisch-organizer-hellgrau\/\"]}]},{\"@type\":\"ImageObject\",\"inLanguage\":\"de\",\"@id\":\"https:\/\/hubsch-interior.com\/de\/produkt\/kanso-schreibtisch-organizer-hellgrau\/#primaryimage\",\"url\":\"https:\/\/hubsch-interior.com\/wp-content\/uploads\/2026\/02\/kanso-desk-organiser-light-grey-e47d4d7344985231e682935ba747c9a6.jpg\",\"contentUrl\":\"https:\/\/hubsch-interior.com\/wp-content\/uploads\/2026\/02\/kanso-desk-organiser-light-grey-e47d4d7344985231e682935ba747c9a6.jpg\",\"width\":1024,\"height\":1024},{\"@type\":\"BreadcrumbList\",\"@id\":\"https:\/\/hubsch-interior.com\/de\/produkt\/kanso-schreibtisch-organizer-hellgrau\/#breadcrumb\",\"itemListElement\":[{\"@type\":\"ListItem\",\"position\":1,\"name\":\"Startseite\",\"item\":\"https:\/\/hubsch-interior.com\/de\/\"},{\"@type\":\"ListItem\",\"position\":2,\"name\":\"Produkte\",\"item\":\"https:\/\/hubsch-interior.com\/de\/shop-2\/\"},{\"@type\":\"ListItem\",\"position\":3,\"name\":\"Kanso Schreibtisch Organizer Hellgrau\"}]},{\"@type\":\"WebSite\",\"@id\":\"https:\/\/hubsch-interior.com\/de\/#website\",\"url\":\"https:\/\/hubsch-interior.com\/de\/\",\"name\":\"H\u00fcbsch\",\"description\":\"Danish Home Interior and Design\",\"publisher\":{\"@id\":\"https:\/\/hubsch-interior.com\/de\/#organization\"},\"potentialAction\":[{\"@type\":\"SearchAction\",\"target\":{\"@type\":\"EntryPoint\",\"urlTemplate\":\"https:\/\/hubsch-interior.com\/de\/?s={search_term_string}\"},\"query-input\":{\"@type\":\"PropertyValueSpecification\",\"valueRequired\":true,\"valueName\":\"search_term_string\"}}],\"inLanguage\":\"de\"},{\"@type\":\"Organization\",\"@id\":\"https:\/\/hubsch-interior.com\/de\/#organization\",\"name\":\"H\u00fcbsch\",\"url\":\"https:\/\/hubsch-interior.com\/de\/\",\"logo\":{\"@type\":\"ImageObject\",\"inLanguage\":\"de\",\"@id\":\"https:\/\/hubsch-interior.com\/de\/#\/schema\/logo\/image\/\",\"url\":\"https:\/\/hubsch-interior.com\/wp-content\/uploads\/2022\/12\/Hubsch_logo_black_one_line.svg\",\"contentUrl\":\"https:\/\/hubsch-interior.com\/wp-content\/uploads\/2022\/12\/Hubsch_logo_black_one_line.svg\",\"caption\":\"H\u00fcbsch\"},\"image\":{\"@id\":\"https:\/\/hubsch-interior.com\/de\/#\/schema\/logo\/image\/\"}}]}<\/script>\n<!-- \/ Yoast SEO plugin. -->","yoast_head_json":{"title":"Kanso Schreibtisch Organizer Hellgrau - H\u00fcbsch","description":"Aufger\u00e4umter Schreibtisch, aufger\u00e4umter Geist. Der Kanso Schreibtisch Organizer in hellem Grau ist Ihr idealer Begleiter, um das allt\u00e4gliche Chaos in Ruhe","robots":{"index":"index","follow":"follow","max-snippet":"max-snippet:-1","max-image-preview":"max-image-preview:large","max-video-preview":"max-video-preview:-1"},"canonical":"https:\/\/hubsch-interior.com\/de\/wp-json\/wp\/v2\/product\/1089197","og_locale":"de_DE","og_type":"article","og_title":"Kanso Schreibtisch Organizer Hellgrau - H\u00fcbsch","og_description":"Aufger\u00e4umter Schreibtisch, aufger\u00e4umter Geist. Der Kanso Schreibtisch Organizer in hellem Grau ist Ihr idealer Begleiter, um das allt\u00e4gliche Chaos in Ruhe","og_url":"https:\/\/hubsch-interior.com\/de\/produkt\/kanso-schreibtisch-organizer-hellgrau\/","og_site_name":"H\u00fcbsch","article_modified_time":"2026-04-05T03:24:50+00:00","og_image":[{"width":1200,"height":1200,"url":"https:\/\/hubsch-interior.com\/wp-content\/uploads\/2026\/01\/kanso-desk-organiser-light-grey-d8dbed7c1a515362ca5e6dd1372a96ab.jpg","type":"image\/jpeg"}],"twitter_card":"summary_large_image","schema":{"@context":"https:\/\/schema.org","@graph":[{"@type":"WebPage","@id":"https:\/\/hubsch-interior.com\/de\/produkt\/kanso-schreibtisch-organizer-hellgrau\/","url":"https:\/\/hubsch-interior.com\/de\/produkt\/kanso-schreibtisch-organizer-hellgrau\/","name":"Kanso Schreibtisch Organizer Hellgrau - H\u00fcbsch","isPartOf":{"@id":"https:\/\/hubsch-interior.com\/de\/#website"},"primaryImageOfPage":{"@id":"https:\/\/hubsch-interior.com\/de\/produkt\/kanso-schreibtisch-organizer-hellgrau\/#primaryimage"},"image":{"@id":"https:\/\/hubsch-interior.com\/de\/produkt\/kanso-schreibtisch-organizer-hellgrau\/#primaryimage"},"thumbnailUrl":"https:\/\/hubsch-interior.com\/wp-content\/uploads\/2026\/02\/kanso-desk-organiser-light-grey-e47d4d7344985231e682935ba747c9a6.jpg","datePublished":"2026-01-31T04:25:06+00:00","dateModified":"2026-04-05T03:24:50+00:00","description":"Aufger\u00e4umter Schreibtisch, aufger\u00e4umter Geist. Der Kanso Schreibtisch Organizer in hellem Grau ist Ihr idealer Begleiter, um das allt\u00e4gliche Chaos in Ruhe","breadcrumb":{"@id":"https:\/\/hubsch-interior.com\/de\/produkt\/kanso-schreibtisch-organizer-hellgrau\/#breadcrumb"},"inLanguage":"de","potentialAction":[{"@type":"ReadAction","target":["https:\/\/hubsch-interior.com\/de\/produkt\/kanso-schreibtisch-organizer-hellgrau\/"]}]},{"@type":"ImageObject","inLanguage":"de","@id":"https:\/\/hubsch-interior.com\/de\/produkt\/kanso-schreibtisch-organizer-hellgrau\/#primaryimage","url":"https:\/\/hubsch-interior.com\/wp-content\/uploads\/2026\/02\/kanso-desk-organiser-light-grey-e47d4d7344985231e682935ba747c9a6.jpg","contentUrl":"https:\/\/hubsch-interior.com\/wp-content\/uploads\/2026\/02\/kanso-desk-organiser-light-grey-e47d4d7344985231e682935ba747c9a6.jpg","width":1024,"height":1024},{"@type":"BreadcrumbList","@id":"https:\/\/hubsch-interior.com\/de\/produkt\/kanso-schreibtisch-organizer-hellgrau\/#breadcrumb","itemListElement":[{"@type":"ListItem","position":1,"name":"Startseite","item":"https:\/\/hubsch-interior.com\/de\/"},{"@type":"ListItem","position":2,"name":"Produkte","item":"https:\/\/hubsch-interior.com\/de\/shop-2\/"},{"@type":"ListItem","position":3,"name":"Kanso Schreibtisch Organizer Hellgrau"}]},{"@type":"WebSite","@id":"https:\/\/hubsch-interior.com\/de\/#website","url":"https:\/\/hubsch-interior.com\/de\/","name":"H\u00fcbsch","description":"Danish Home Interior and Design","publisher":{"@id":"https:\/\/hubsch-interior.com\/de\/#organization"},"potentialAction":[{"@type":"SearchAction","target":{"@type":"EntryPoint","urlTemplate":"https:\/\/hubsch-interior.com\/de\/?s={search_term_string}"},"query-input":{"@type":"PropertyValueSpecification","valueRequired":true,"valueName":"search_term_string"}}],"inLanguage":"de"},{"@type":"Organization","@id":"https:\/\/hubsch-interior.com\/de\/#organization","name":"H\u00fcbsch","url":"https:\/\/hubsch-interior.com\/de\/","logo":{"@type":"ImageObject","inLanguage":"de","@id":"https:\/\/hubsch-interior.com\/de\/#\/schema\/logo\/image\/","url":"https:\/\/hubsch-interior.com\/wp-content\/uploads\/2022\/12\/Hubsch_logo_black_one_line.svg","contentUrl":"https:\/\/hubsch-interior.com\/wp-content\/uploads\/2022\/12\/Hubsch_logo_black_one_line.svg","caption":"H\u00fcbsch"},"image":{"@id":"https:\/\/hubsch-interior.com\/de\/#\/schema\/logo\/image\/"}}]}},"_links":{"self":[{"href":"https:\/\/hubsch-interior.com\/de\/wp-json\/wp\/v2\/product\/1089197","targetHints":{"allow":["GET"]}}],"collection":[{"href":"https:\/\/hubsch-interior.com\/de\/wp-json\/wp\/v2\/product"}],"about":[{"href":"https:\/\/hubsch-interior.com\/de\/wp-json\/wp\/v2\/types\/product"}],"wp:featuredmedia":[{"embeddable":true,"href":"https:\/\/hubsch-interior.com\/de\/wp-json\/wp\/v2\/media\/1113898"}],"wp:attachment":[{"href":"https:\/\/hubsch-interior.com\/de\/wp-json\/wp\/v2\/media?parent=1089197"}],"wp:term":[{"taxonomy":"product_brand","embeddable":true,"href":"https:\/\/hubsch-interior.com\/de\/wp-json\/wp\/v2\/product_brand?post=1089197"},{"taxonomy":"product_cat","embeddable":true,"href":"https:\/\/hubsch-interior.com\/de\/wp-json\/wp\/v2\/product_cat?post=1089197"},{"taxonomy":"product_tag","embeddable":true,"href":"https:\/\/hubsch-interior.com\/de\/wp-json\/wp\/v2\/product_tag?post=1089197"}],"curies":[{"name":"wp","href":"https:\/\/api.w.org\/{rel}","templated":true}]}}