{"id":1089213,"date":"2026-01-31T05:25:18","date_gmt":"2026-01-31T04:25:18","guid":{"rendered":"https:\/\/hubsch-interior.com\/product\/product\/"},"modified":"2026-04-05T05:24:54","modified_gmt":"2026-04-05T03:24:54","slug":"flip-garderobe-rot","status":"publish","type":"product","link":"https:\/\/hubsch-interior.com\/de\/produkt\/flip-garderobe-rot\/","title":{"rendered":"Flip Garderobe Rot"},"content":{"rendered":"<p>Machen Sie Platz \u2013 mit einer besonderen Wendung. Die Flip Garderobe in lebhaftem Rot ist sowohl ein k\u00fchnes Statement als auch eine clevere Aufbewahrungsl\u00f6sung. Verf\u00fcgbar in drei stilvollen Varianten, passt sie sich m\u00fchelos Ihrer Einrichtung an. H\u00e4ngen Sie bei Bedarf M\u00e4ntel, Taschen oder Schals auf \u2013 und klappen Sie sie dann zu, um ihre skulpturale Sch\u00f6nheit zu enth\u00fcllen. Ob horizontal, vertikal oder in einem spielerischen Winkel montiert, dieses funktionale Kunstwerk l\u00e4dt Sie ein, Ihre W\u00e4nde ganz nach Ihrem Geschmack zu gestalten. Ein Design, das immer praktisch ist, selbst wenn es gerade nicht benutzt wird.<\/p>\n","protected":false},"excerpt":{"rendered":"<p>Machen Sie Platz \u2013 mit einer besonderen Wendung. Die Flip Garderobe in lebhaftem Rot ist sowohl ein k\u00fchnes Statement als auch eine clevere Aufbewahrungsl\u00f6sung. Verf\u00fcgbar in drei stilvollen Varianten, passt sie sich m\u00fchelos Ihrer Einrichtung an. H\u00e4ngen Sie bei Bedarf M\u00e4ntel, Taschen oder Schals auf \u2013 und klappen Sie sie dann zu, um ihre skulpturale [&hellip;]<\/p>\n","protected":false},"featured_media":1111625,"template":"","meta":{"_acf_changed":false,"inline_featured_image":false},"product_brand":[],"product_cat":[7155,4043,4044,5047],"product_tag":[],"class_list":{"0":"post-1089213","1":"product","2":"type-product","3":"status-publish","4":"has-post-thumbnail","6":"product_cat-dweller-de","7":"product_cat-haken-und-hakenleisten-de","8":"product_cat-hakenleisten-de","9":"product_cat-neuheiten-de","10":"product_shipping_class-pk","12":"pa_color-rot-2","13":"pa_material-eisen-de","15":"first","16":"instock","17":"taxable","18":"shipping-taxable","19":"purchasable","20":"product-type-simple"},"exclude_global_add_ons":[],"addons":[],"acf":[],"yoast_head":"<!-- This site is optimized with the Yoast SEO plugin v26.4 - https:\/\/yoast.com\/wordpress\/plugins\/seo\/ -->\n<title>Flip Garderobe Rot - H\u00fcbsch<\/title>\n<meta name=\"description\" content=\"Machen Sie Platz \u2013 mit einer besonderen Wendung. Die Flip Garderobe in lebhaftem Rot ist sowohl ein k\u00fchnes Statement als auch eine clevere\" \/>\n<meta name=\"robots\" content=\"index, follow, max-snippet:-1, max-image-preview:large, max-video-preview:-1\" \/>\n<link rel=\"canonical\" href=\"https:\/\/hubsch-interior.com\/de\/wp-json\/wp\/v2\/product\/1089213\" \/>\n<meta property=\"og:locale\" content=\"de_DE\" \/>\n<meta property=\"og:type\" content=\"article\" \/>\n<meta property=\"og:title\" content=\"Flip Garderobe Rot - H\u00fcbsch\" \/>\n<meta property=\"og:description\" content=\"Machen Sie Platz \u2013 mit einer besonderen Wendung. Die Flip Garderobe in lebhaftem Rot ist sowohl ein k\u00fchnes Statement als auch eine clevere\" \/>\n<meta property=\"og:url\" content=\"https:\/\/hubsch-interior.com\/de\/produkt\/flip-garderobe-rot\/\" \/>\n<meta property=\"og:site_name\" content=\"H\u00fcbsch\" \/>\n<meta property=\"article:modified_time\" content=\"2026-04-05T03:24:54+00:00\" \/>\n<meta property=\"og:image\" content=\"https:\/\/hubsch-interior.com\/wp-content\/uploads\/2026\/01\/flip-coatrack-red-92fdb4e351a2184984951792cbe28139.jpg\" \/>\n\t<meta property=\"og:image:width\" content=\"1200\" \/>\n\t<meta property=\"og:image:height\" content=\"1200\" \/>\n\t<meta property=\"og:image:type\" content=\"image\/jpeg\" \/>\n<meta name=\"twitter:card\" content=\"summary_large_image\" \/>\n<meta name=\"twitter:label1\" content=\"Gesch\u00e4tzte Lesezeit\" \/>\n\t<meta name=\"twitter:data1\" content=\"1\u00a0Minute\" \/>\n<script type=\"application\/ld+json\" class=\"yoast-schema-graph\">{\"@context\":\"https:\/\/schema.org\",\"@graph\":[{\"@type\":\"WebPage\",\"@id\":\"https:\/\/hubsch-interior.com\/de\/produkt\/flip-garderobe-rot\/\",\"url\":\"https:\/\/hubsch-interior.com\/de\/produkt\/flip-garderobe-rot\/\",\"name\":\"Flip Garderobe Rot - H\u00fcbsch\",\"isPartOf\":{\"@id\":\"https:\/\/hubsch-interior.com\/de\/#website\"},\"primaryImageOfPage\":{\"@id\":\"https:\/\/hubsch-interior.com\/de\/produkt\/flip-garderobe-rot\/#primaryimage\"},\"image\":{\"@id\":\"https:\/\/hubsch-interior.com\/de\/produkt\/flip-garderobe-rot\/#primaryimage\"},\"thumbnailUrl\":\"https:\/\/hubsch-interior.com\/wp-content\/uploads\/2026\/02\/flip-coatrack-red-4f9c7584d1dba7944d089e6af68716c4.jpg\",\"datePublished\":\"2026-01-31T04:25:18+00:00\",\"dateModified\":\"2026-04-05T03:24:54+00:00\",\"description\":\"Machen Sie Platz \u2013 mit einer besonderen Wendung. Die Flip Garderobe in lebhaftem Rot ist sowohl ein k\u00fchnes Statement als auch eine clevere\",\"breadcrumb\":{\"@id\":\"https:\/\/hubsch-interior.com\/de\/produkt\/flip-garderobe-rot\/#breadcrumb\"},\"inLanguage\":\"de\",\"potentialAction\":[{\"@type\":\"ReadAction\",\"target\":[\"https:\/\/hubsch-interior.com\/de\/produkt\/flip-garderobe-rot\/\"]}]},{\"@type\":\"ImageObject\",\"inLanguage\":\"de\",\"@id\":\"https:\/\/hubsch-interior.com\/de\/produkt\/flip-garderobe-rot\/#primaryimage\",\"url\":\"https:\/\/hubsch-interior.com\/wp-content\/uploads\/2026\/02\/flip-coatrack-red-4f9c7584d1dba7944d089e6af68716c4.jpg\",\"contentUrl\":\"https:\/\/hubsch-interior.com\/wp-content\/uploads\/2026\/02\/flip-coatrack-red-4f9c7584d1dba7944d089e6af68716c4.jpg\",\"width\":1024,\"height\":1024},{\"@type\":\"BreadcrumbList\",\"@id\":\"https:\/\/hubsch-interior.com\/de\/produkt\/flip-garderobe-rot\/#breadcrumb\",\"itemListElement\":[{\"@type\":\"ListItem\",\"position\":1,\"name\":\"Startseite\",\"item\":\"https:\/\/hubsch-interior.com\/de\/\"},{\"@type\":\"ListItem\",\"position\":2,\"name\":\"Produkte\",\"item\":\"https:\/\/hubsch-interior.com\/de\/shop-2\/\"},{\"@type\":\"ListItem\",\"position\":3,\"name\":\"Flip Garderobe Rot\"}]},{\"@type\":\"WebSite\",\"@id\":\"https:\/\/hubsch-interior.com\/de\/#website\",\"url\":\"https:\/\/hubsch-interior.com\/de\/\",\"name\":\"H\u00fcbsch\",\"description\":\"Danish Home Interior and Design\",\"publisher\":{\"@id\":\"https:\/\/hubsch-interior.com\/de\/#organization\"},\"potentialAction\":[{\"@type\":\"SearchAction\",\"target\":{\"@type\":\"EntryPoint\",\"urlTemplate\":\"https:\/\/hubsch-interior.com\/de\/?s={search_term_string}\"},\"query-input\":{\"@type\":\"PropertyValueSpecification\",\"valueRequired\":true,\"valueName\":\"search_term_string\"}}],\"inLanguage\":\"de\"},{\"@type\":\"Organization\",\"@id\":\"https:\/\/hubsch-interior.com\/de\/#organization\",\"name\":\"H\u00fcbsch\",\"url\":\"https:\/\/hubsch-interior.com\/de\/\",\"logo\":{\"@type\":\"ImageObject\",\"inLanguage\":\"de\",\"@id\":\"https:\/\/hubsch-interior.com\/de\/#\/schema\/logo\/image\/\",\"url\":\"https:\/\/hubsch-interior.com\/wp-content\/uploads\/2022\/12\/Hubsch_logo_black_one_line.svg\",\"contentUrl\":\"https:\/\/hubsch-interior.com\/wp-content\/uploads\/2022\/12\/Hubsch_logo_black_one_line.svg\",\"caption\":\"H\u00fcbsch\"},\"image\":{\"@id\":\"https:\/\/hubsch-interior.com\/de\/#\/schema\/logo\/image\/\"}}]}<\/script>\n<!-- \/ Yoast SEO plugin. -->","yoast_head_json":{"title":"Flip Garderobe Rot - H\u00fcbsch","description":"Machen Sie Platz \u2013 mit einer besonderen Wendung. Die Flip Garderobe in lebhaftem Rot ist sowohl ein k\u00fchnes Statement als auch eine clevere","robots":{"index":"index","follow":"follow","max-snippet":"max-snippet:-1","max-image-preview":"max-image-preview:large","max-video-preview":"max-video-preview:-1"},"canonical":"https:\/\/hubsch-interior.com\/de\/wp-json\/wp\/v2\/product\/1089213","og_locale":"de_DE","og_type":"article","og_title":"Flip Garderobe Rot - H\u00fcbsch","og_description":"Machen Sie Platz \u2013 mit einer besonderen Wendung. Die Flip Garderobe in lebhaftem Rot ist sowohl ein k\u00fchnes Statement als auch eine clevere","og_url":"https:\/\/hubsch-interior.com\/de\/produkt\/flip-garderobe-rot\/","og_site_name":"H\u00fcbsch","article_modified_time":"2026-04-05T03:24:54+00:00","og_image":[{"width":1200,"height":1200,"url":"https:\/\/hubsch-interior.com\/wp-content\/uploads\/2026\/01\/flip-coatrack-red-92fdb4e351a2184984951792cbe28139.jpg","type":"image\/jpeg"}],"twitter_card":"summary_large_image","twitter_misc":{"Gesch\u00e4tzte Lesezeit":"1\u00a0Minute"},"schema":{"@context":"https:\/\/schema.org","@graph":[{"@type":"WebPage","@id":"https:\/\/hubsch-interior.com\/de\/produkt\/flip-garderobe-rot\/","url":"https:\/\/hubsch-interior.com\/de\/produkt\/flip-garderobe-rot\/","name":"Flip Garderobe Rot - H\u00fcbsch","isPartOf":{"@id":"https:\/\/hubsch-interior.com\/de\/#website"},"primaryImageOfPage":{"@id":"https:\/\/hubsch-interior.com\/de\/produkt\/flip-garderobe-rot\/#primaryimage"},"image":{"@id":"https:\/\/hubsch-interior.com\/de\/produkt\/flip-garderobe-rot\/#primaryimage"},"thumbnailUrl":"https:\/\/hubsch-interior.com\/wp-content\/uploads\/2026\/02\/flip-coatrack-red-4f9c7584d1dba7944d089e6af68716c4.jpg","datePublished":"2026-01-31T04:25:18+00:00","dateModified":"2026-04-05T03:24:54+00:00","description":"Machen Sie Platz \u2013 mit einer besonderen Wendung. Die Flip Garderobe in lebhaftem Rot ist sowohl ein k\u00fchnes Statement als auch eine clevere","breadcrumb":{"@id":"https:\/\/hubsch-interior.com\/de\/produkt\/flip-garderobe-rot\/#breadcrumb"},"inLanguage":"de","potentialAction":[{"@type":"ReadAction","target":["https:\/\/hubsch-interior.com\/de\/produkt\/flip-garderobe-rot\/"]}]},{"@type":"ImageObject","inLanguage":"de","@id":"https:\/\/hubsch-interior.com\/de\/produkt\/flip-garderobe-rot\/#primaryimage","url":"https:\/\/hubsch-interior.com\/wp-content\/uploads\/2026\/02\/flip-coatrack-red-4f9c7584d1dba7944d089e6af68716c4.jpg","contentUrl":"https:\/\/hubsch-interior.com\/wp-content\/uploads\/2026\/02\/flip-coatrack-red-4f9c7584d1dba7944d089e6af68716c4.jpg","width":1024,"height":1024},{"@type":"BreadcrumbList","@id":"https:\/\/hubsch-interior.com\/de\/produkt\/flip-garderobe-rot\/#breadcrumb","itemListElement":[{"@type":"ListItem","position":1,"name":"Startseite","item":"https:\/\/hubsch-interior.com\/de\/"},{"@type":"ListItem","position":2,"name":"Produkte","item":"https:\/\/hubsch-interior.com\/de\/shop-2\/"},{"@type":"ListItem","position":3,"name":"Flip Garderobe Rot"}]},{"@type":"WebSite","@id":"https:\/\/hubsch-interior.com\/de\/#website","url":"https:\/\/hubsch-interior.com\/de\/","name":"H\u00fcbsch","description":"Danish Home Interior and Design","publisher":{"@id":"https:\/\/hubsch-interior.com\/de\/#organization"},"potentialAction":[{"@type":"SearchAction","target":{"@type":"EntryPoint","urlTemplate":"https:\/\/hubsch-interior.com\/de\/?s={search_term_string}"},"query-input":{"@type":"PropertyValueSpecification","valueRequired":true,"valueName":"search_term_string"}}],"inLanguage":"de"},{"@type":"Organization","@id":"https:\/\/hubsch-interior.com\/de\/#organization","name":"H\u00fcbsch","url":"https:\/\/hubsch-interior.com\/de\/","logo":{"@type":"ImageObject","inLanguage":"de","@id":"https:\/\/hubsch-interior.com\/de\/#\/schema\/logo\/image\/","url":"https:\/\/hubsch-interior.com\/wp-content\/uploads\/2022\/12\/Hubsch_logo_black_one_line.svg","contentUrl":"https:\/\/hubsch-interior.com\/wp-content\/uploads\/2022\/12\/Hubsch_logo_black_one_line.svg","caption":"H\u00fcbsch"},"image":{"@id":"https:\/\/hubsch-interior.com\/de\/#\/schema\/logo\/image\/"}}]}},"_links":{"self":[{"href":"https:\/\/hubsch-interior.com\/de\/wp-json\/wp\/v2\/product\/1089213","targetHints":{"allow":["GET"]}}],"collection":[{"href":"https:\/\/hubsch-interior.com\/de\/wp-json\/wp\/v2\/product"}],"about":[{"href":"https:\/\/hubsch-interior.com\/de\/wp-json\/wp\/v2\/types\/product"}],"wp:featuredmedia":[{"embeddable":true,"href":"https:\/\/hubsch-interior.com\/de\/wp-json\/wp\/v2\/media\/1111625"}],"wp:attachment":[{"href":"https:\/\/hubsch-interior.com\/de\/wp-json\/wp\/v2\/media?parent=1089213"}],"wp:term":[{"taxonomy":"product_brand","embeddable":true,"href":"https:\/\/hubsch-interior.com\/de\/wp-json\/wp\/v2\/product_brand?post=1089213"},{"taxonomy":"product_cat","embeddable":true,"href":"https:\/\/hubsch-interior.com\/de\/wp-json\/wp\/v2\/product_cat?post=1089213"},{"taxonomy":"product_tag","embeddable":true,"href":"https:\/\/hubsch-interior.com\/de\/wp-json\/wp\/v2\/product_tag?post=1089213"}],"curies":[{"name":"wp","href":"https:\/\/api.w.org\/{rel}","templated":true}]}}