{"id":1089237,"date":"2026-01-31T05:25:41","date_gmt":"2026-01-31T04:25:41","guid":{"rendered":"https:\/\/hubsch-interior.com\/product\/product\/"},"modified":"2026-04-05T05:25:02","modified_gmt":"2026-04-05T03:25:02","slug":"flip-garderobe-hellgrun","status":"publish","type":"product","link":"https:\/\/hubsch-interior.com\/de\/produkt\/flip-garderobe-hellgrun\/","title":{"rendered":"Flip Garderobe Hellgr\u00fcn"},"content":{"rendered":"<p>Wo Funktion zur Form wird. Die Flip Garderobe in erfrischendem Hellgr\u00fcn bringt einen Hauch von verspielter Gelassenheit in Ihren Raum \u2013 praktisch in der Nutzung, skulptural, wenn sie nicht genutzt wird. H\u00e4ngen Sie m\u00fchelos M\u00e4ntel, Taschen oder Schals auf und klappen Sie sie dann zu, um ein subtiles Wandkunstwerk mit sanftem, modernem Flair zu offenbaren. Ob vertikal oder horizontal montiert, sie passt sich Ihrem Stil und Rhythmus an. In drei unterschiedlichen Varianten erh\u00e4ltlich, bringt dieses kluge Design eine poetische Art von Ordnung \u2013 die Art, die aufr\u00e4umt und gleichzeitig die Blicke auf sich zieht.<\/p>\n","protected":false},"excerpt":{"rendered":"<p>Wo Funktion zur Form wird. Die Flip Garderobe in erfrischendem Hellgr\u00fcn bringt einen Hauch von verspielter Gelassenheit in Ihren Raum \u2013 praktisch in der Nutzung, skulptural, wenn sie nicht genutzt wird. H\u00e4ngen Sie m\u00fchelos M\u00e4ntel, Taschen oder Schals auf und klappen Sie sie dann zu, um ein subtiles Wandkunstwerk mit sanftem, modernem Flair zu offenbaren. [&hellip;]<\/p>\n","protected":false},"featured_media":1111645,"template":"","meta":{"_acf_changed":false,"inline_featured_image":false},"product_brand":[],"product_cat":[7155,4043,4044,5047],"product_tag":[],"class_list":{"0":"post-1089237","1":"product","2":"type-product","3":"status-publish","4":"has-post-thumbnail","6":"product_cat-dweller-de","7":"product_cat-haken-und-hakenleisten-de","8":"product_cat-hakenleisten-de","9":"product_cat-neuheiten-de","10":"product_shipping_class-pk","12":"pa_color-hellgrn-2","13":"pa_material-eisen-de","15":"first","16":"instock","17":"taxable","18":"shipping-taxable","19":"purchasable","20":"product-type-simple"},"exclude_global_add_ons":[],"addons":[],"acf":[],"yoast_head":"<!-- This site is optimized with the Yoast SEO plugin v26.4 - https:\/\/yoast.com\/wordpress\/plugins\/seo\/ -->\n<title>Flip Garderobe Hellgr\u00fcn - H\u00fcbsch<\/title>\n<meta name=\"description\" content=\"Wo Funktion zur Form wird. Die Flip Garderobe in erfrischendem Hellgr\u00fcn bringt einen Hauch von verspielter Gelassenheit in Ihren Raum \u2013 praktisch in der\" \/>\n<meta name=\"robots\" content=\"index, follow, max-snippet:-1, max-image-preview:large, max-video-preview:-1\" \/>\n<link rel=\"canonical\" href=\"https:\/\/hubsch-interior.com\/de\/wp-json\/wp\/v2\/product\/1089237\" \/>\n<meta property=\"og:locale\" content=\"de_DE\" \/>\n<meta property=\"og:type\" content=\"article\" \/>\n<meta property=\"og:title\" content=\"Flip Garderobe Hellgr\u00fcn - H\u00fcbsch\" \/>\n<meta property=\"og:description\" content=\"Wo Funktion zur Form wird. Die Flip Garderobe in erfrischendem Hellgr\u00fcn bringt einen Hauch von verspielter Gelassenheit in Ihren Raum \u2013 praktisch in der\" \/>\n<meta property=\"og:url\" content=\"https:\/\/hubsch-interior.com\/de\/produkt\/flip-garderobe-hellgrun\/\" \/>\n<meta property=\"og:site_name\" content=\"H\u00fcbsch\" \/>\n<meta property=\"article:modified_time\" content=\"2026-04-05T03:25:02+00:00\" \/>\n<meta property=\"og:image\" content=\"https:\/\/hubsch-interior.com\/wp-content\/uploads\/2026\/01\/flip-coatrack-light-green-25e84be33c9e7f6e79b9ddd2c4d98c15.jpg\" \/>\n\t<meta property=\"og:image:width\" content=\"1200\" \/>\n\t<meta property=\"og:image:height\" content=\"1200\" \/>\n\t<meta property=\"og:image:type\" content=\"image\/jpeg\" \/>\n<meta name=\"twitter:card\" content=\"summary_large_image\" \/>\n<script type=\"application\/ld+json\" class=\"yoast-schema-graph\">{\"@context\":\"https:\/\/schema.org\",\"@graph\":[{\"@type\":\"WebPage\",\"@id\":\"https:\/\/hubsch-interior.com\/de\/produkt\/flip-garderobe-hellgrun\/\",\"url\":\"https:\/\/hubsch-interior.com\/de\/produkt\/flip-garderobe-hellgrun\/\",\"name\":\"Flip Garderobe Hellgr\u00fcn - H\u00fcbsch\",\"isPartOf\":{\"@id\":\"https:\/\/hubsch-interior.com\/de\/#website\"},\"primaryImageOfPage\":{\"@id\":\"https:\/\/hubsch-interior.com\/de\/produkt\/flip-garderobe-hellgrun\/#primaryimage\"},\"image\":{\"@id\":\"https:\/\/hubsch-interior.com\/de\/produkt\/flip-garderobe-hellgrun\/#primaryimage\"},\"thumbnailUrl\":\"https:\/\/hubsch-interior.com\/wp-content\/uploads\/2026\/02\/flip-coatrack-light-green-284dff5e4b8eeb4574d65956b1daf841.jpg\",\"datePublished\":\"2026-01-31T04:25:41+00:00\",\"dateModified\":\"2026-04-05T03:25:02+00:00\",\"description\":\"Wo Funktion zur Form wird. Die Flip Garderobe in erfrischendem Hellgr\u00fcn bringt einen Hauch von verspielter Gelassenheit in Ihren Raum \u2013 praktisch in der\",\"breadcrumb\":{\"@id\":\"https:\/\/hubsch-interior.com\/de\/produkt\/flip-garderobe-hellgrun\/#breadcrumb\"},\"inLanguage\":\"de\",\"potentialAction\":[{\"@type\":\"ReadAction\",\"target\":[\"https:\/\/hubsch-interior.com\/de\/produkt\/flip-garderobe-hellgrun\/\"]}]},{\"@type\":\"ImageObject\",\"inLanguage\":\"de\",\"@id\":\"https:\/\/hubsch-interior.com\/de\/produkt\/flip-garderobe-hellgrun\/#primaryimage\",\"url\":\"https:\/\/hubsch-interior.com\/wp-content\/uploads\/2026\/02\/flip-coatrack-light-green-284dff5e4b8eeb4574d65956b1daf841.jpg\",\"contentUrl\":\"https:\/\/hubsch-interior.com\/wp-content\/uploads\/2026\/02\/flip-coatrack-light-green-284dff5e4b8eeb4574d65956b1daf841.jpg\",\"width\":1024,\"height\":1024},{\"@type\":\"BreadcrumbList\",\"@id\":\"https:\/\/hubsch-interior.com\/de\/produkt\/flip-garderobe-hellgrun\/#breadcrumb\",\"itemListElement\":[{\"@type\":\"ListItem\",\"position\":1,\"name\":\"Startseite\",\"item\":\"https:\/\/hubsch-interior.com\/de\/\"},{\"@type\":\"ListItem\",\"position\":2,\"name\":\"Produkte\",\"item\":\"https:\/\/hubsch-interior.com\/de\/shop-2\/\"},{\"@type\":\"ListItem\",\"position\":3,\"name\":\"Flip Garderobe Hellgr\u00fcn\"}]},{\"@type\":\"WebSite\",\"@id\":\"https:\/\/hubsch-interior.com\/de\/#website\",\"url\":\"https:\/\/hubsch-interior.com\/de\/\",\"name\":\"H\u00fcbsch\",\"description\":\"Danish Home Interior and Design\",\"publisher\":{\"@id\":\"https:\/\/hubsch-interior.com\/de\/#organization\"},\"potentialAction\":[{\"@type\":\"SearchAction\",\"target\":{\"@type\":\"EntryPoint\",\"urlTemplate\":\"https:\/\/hubsch-interior.com\/de\/?s={search_term_string}\"},\"query-input\":{\"@type\":\"PropertyValueSpecification\",\"valueRequired\":true,\"valueName\":\"search_term_string\"}}],\"inLanguage\":\"de\"},{\"@type\":\"Organization\",\"@id\":\"https:\/\/hubsch-interior.com\/de\/#organization\",\"name\":\"H\u00fcbsch\",\"url\":\"https:\/\/hubsch-interior.com\/de\/\",\"logo\":{\"@type\":\"ImageObject\",\"inLanguage\":\"de\",\"@id\":\"https:\/\/hubsch-interior.com\/de\/#\/schema\/logo\/image\/\",\"url\":\"https:\/\/hubsch-interior.com\/wp-content\/uploads\/2022\/12\/Hubsch_logo_black_one_line.svg\",\"contentUrl\":\"https:\/\/hubsch-interior.com\/wp-content\/uploads\/2022\/12\/Hubsch_logo_black_one_line.svg\",\"caption\":\"H\u00fcbsch\"},\"image\":{\"@id\":\"https:\/\/hubsch-interior.com\/de\/#\/schema\/logo\/image\/\"}}]}<\/script>\n<!-- \/ Yoast SEO plugin. -->","yoast_head_json":{"title":"Flip Garderobe Hellgr\u00fcn - H\u00fcbsch","description":"Wo Funktion zur Form wird. Die Flip Garderobe in erfrischendem Hellgr\u00fcn bringt einen Hauch von verspielter Gelassenheit in Ihren Raum \u2013 praktisch in der","robots":{"index":"index","follow":"follow","max-snippet":"max-snippet:-1","max-image-preview":"max-image-preview:large","max-video-preview":"max-video-preview:-1"},"canonical":"https:\/\/hubsch-interior.com\/de\/wp-json\/wp\/v2\/product\/1089237","og_locale":"de_DE","og_type":"article","og_title":"Flip Garderobe Hellgr\u00fcn - H\u00fcbsch","og_description":"Wo Funktion zur Form wird. Die Flip Garderobe in erfrischendem Hellgr\u00fcn bringt einen Hauch von verspielter Gelassenheit in Ihren Raum \u2013 praktisch in der","og_url":"https:\/\/hubsch-interior.com\/de\/produkt\/flip-garderobe-hellgrun\/","og_site_name":"H\u00fcbsch","article_modified_time":"2026-04-05T03:25:02+00:00","og_image":[{"width":1200,"height":1200,"url":"https:\/\/hubsch-interior.com\/wp-content\/uploads\/2026\/01\/flip-coatrack-light-green-25e84be33c9e7f6e79b9ddd2c4d98c15.jpg","type":"image\/jpeg"}],"twitter_card":"summary_large_image","schema":{"@context":"https:\/\/schema.org","@graph":[{"@type":"WebPage","@id":"https:\/\/hubsch-interior.com\/de\/produkt\/flip-garderobe-hellgrun\/","url":"https:\/\/hubsch-interior.com\/de\/produkt\/flip-garderobe-hellgrun\/","name":"Flip Garderobe Hellgr\u00fcn - H\u00fcbsch","isPartOf":{"@id":"https:\/\/hubsch-interior.com\/de\/#website"},"primaryImageOfPage":{"@id":"https:\/\/hubsch-interior.com\/de\/produkt\/flip-garderobe-hellgrun\/#primaryimage"},"image":{"@id":"https:\/\/hubsch-interior.com\/de\/produkt\/flip-garderobe-hellgrun\/#primaryimage"},"thumbnailUrl":"https:\/\/hubsch-interior.com\/wp-content\/uploads\/2026\/02\/flip-coatrack-light-green-284dff5e4b8eeb4574d65956b1daf841.jpg","datePublished":"2026-01-31T04:25:41+00:00","dateModified":"2026-04-05T03:25:02+00:00","description":"Wo Funktion zur Form wird. Die Flip Garderobe in erfrischendem Hellgr\u00fcn bringt einen Hauch von verspielter Gelassenheit in Ihren Raum \u2013 praktisch in der","breadcrumb":{"@id":"https:\/\/hubsch-interior.com\/de\/produkt\/flip-garderobe-hellgrun\/#breadcrumb"},"inLanguage":"de","potentialAction":[{"@type":"ReadAction","target":["https:\/\/hubsch-interior.com\/de\/produkt\/flip-garderobe-hellgrun\/"]}]},{"@type":"ImageObject","inLanguage":"de","@id":"https:\/\/hubsch-interior.com\/de\/produkt\/flip-garderobe-hellgrun\/#primaryimage","url":"https:\/\/hubsch-interior.com\/wp-content\/uploads\/2026\/02\/flip-coatrack-light-green-284dff5e4b8eeb4574d65956b1daf841.jpg","contentUrl":"https:\/\/hubsch-interior.com\/wp-content\/uploads\/2026\/02\/flip-coatrack-light-green-284dff5e4b8eeb4574d65956b1daf841.jpg","width":1024,"height":1024},{"@type":"BreadcrumbList","@id":"https:\/\/hubsch-interior.com\/de\/produkt\/flip-garderobe-hellgrun\/#breadcrumb","itemListElement":[{"@type":"ListItem","position":1,"name":"Startseite","item":"https:\/\/hubsch-interior.com\/de\/"},{"@type":"ListItem","position":2,"name":"Produkte","item":"https:\/\/hubsch-interior.com\/de\/shop-2\/"},{"@type":"ListItem","position":3,"name":"Flip Garderobe Hellgr\u00fcn"}]},{"@type":"WebSite","@id":"https:\/\/hubsch-interior.com\/de\/#website","url":"https:\/\/hubsch-interior.com\/de\/","name":"H\u00fcbsch","description":"Danish Home Interior and Design","publisher":{"@id":"https:\/\/hubsch-interior.com\/de\/#organization"},"potentialAction":[{"@type":"SearchAction","target":{"@type":"EntryPoint","urlTemplate":"https:\/\/hubsch-interior.com\/de\/?s={search_term_string}"},"query-input":{"@type":"PropertyValueSpecification","valueRequired":true,"valueName":"search_term_string"}}],"inLanguage":"de"},{"@type":"Organization","@id":"https:\/\/hubsch-interior.com\/de\/#organization","name":"H\u00fcbsch","url":"https:\/\/hubsch-interior.com\/de\/","logo":{"@type":"ImageObject","inLanguage":"de","@id":"https:\/\/hubsch-interior.com\/de\/#\/schema\/logo\/image\/","url":"https:\/\/hubsch-interior.com\/wp-content\/uploads\/2022\/12\/Hubsch_logo_black_one_line.svg","contentUrl":"https:\/\/hubsch-interior.com\/wp-content\/uploads\/2022\/12\/Hubsch_logo_black_one_line.svg","caption":"H\u00fcbsch"},"image":{"@id":"https:\/\/hubsch-interior.com\/de\/#\/schema\/logo\/image\/"}}]}},"_links":{"self":[{"href":"https:\/\/hubsch-interior.com\/de\/wp-json\/wp\/v2\/product\/1089237","targetHints":{"allow":["GET"]}}],"collection":[{"href":"https:\/\/hubsch-interior.com\/de\/wp-json\/wp\/v2\/product"}],"about":[{"href":"https:\/\/hubsch-interior.com\/de\/wp-json\/wp\/v2\/types\/product"}],"wp:featuredmedia":[{"embeddable":true,"href":"https:\/\/hubsch-interior.com\/de\/wp-json\/wp\/v2\/media\/1111645"}],"wp:attachment":[{"href":"https:\/\/hubsch-interior.com\/de\/wp-json\/wp\/v2\/media?parent=1089237"}],"wp:term":[{"taxonomy":"product_brand","embeddable":true,"href":"https:\/\/hubsch-interior.com\/de\/wp-json\/wp\/v2\/product_brand?post=1089237"},{"taxonomy":"product_cat","embeddable":true,"href":"https:\/\/hubsch-interior.com\/de\/wp-json\/wp\/v2\/product_cat?post=1089237"},{"taxonomy":"product_tag","embeddable":true,"href":"https:\/\/hubsch-interior.com\/de\/wp-json\/wp\/v2\/product_tag?post=1089237"}],"curies":[{"name":"wp","href":"https:\/\/api.w.org\/{rel}","templated":true}]}}