{"id":1089261,"date":"2026-01-31T05:25:55","date_gmt":"2026-01-31T04:25:55","guid":{"rendered":"https:\/\/hubsch-interior.com\/product\/product\/"},"modified":"2026-04-05T05:25:05","modified_gmt":"2026-04-05T03:25:05","slug":"fuyu-vasen-orange-3er-set","status":"publish","type":"product","link":"https:\/\/hubsch-interior.com\/de\/produkt\/fuyu-vasen-orange-3er-set\/","title":{"rendered":"Fuyu Vasen Orange (3er Set)"},"content":{"rendered":"<p>Sanft im Ton, markant in der Form. Die Fuyu Vasen aus warmem orangefarbenem Glas bringen skulpturale Eleganz und ein Gef\u00fchl von Verspieltheit in jeden Raum. Ihre strukturierten Oberfl\u00e4chen fangen das Licht in sanften Wellen ein und erzeugen ruhige Reflexionen, die sich im Laufe des Tages ver\u00e4ndern. Ob gruppiert oder einzeln gestellt, diese organisch geformten Vasen besitzen Pr\u00e4senz \u2013 mit oder ohne Blumen. Sorgf\u00e4ltig gefertigt und voller Charakter, sind sie eine Feier der Form, des Gef\u00fchls und sonnendurchfluteter Einfachheit.<\/p>\n","protected":false},"excerpt":{"rendered":"<p>Sanft im Ton, markant in der Form. Die Fuyu Vasen aus warmem orangefarbenem Glas bringen skulpturale Eleganz und ein Gef\u00fchl von Verspieltheit in jeden Raum. Ihre strukturierten Oberfl\u00e4chen fangen das Licht in sanften Wellen ein und erzeugen ruhige Reflexionen, die sich im Laufe des Tages ver\u00e4ndern. Ob gruppiert oder einzeln gestellt, diese organisch geformten Vasen [&hellip;]<\/p>\n","protected":false},"featured_media":1111653,"template":"","meta":{"_acf_changed":false,"inline_featured_image":false},"product_brand":[],"product_cat":[7155,6972,3156,5047,6519],"product_tag":[],"class_list":{"0":"post-1089261","1":"product","2":"type-product","3":"status-publish","4":"has-post-thumbnail","6":"product_cat-dweller-de","7":"product_cat-oster-sale","8":"product_cat-vasen-de","9":"product_cat-neuheiten-de","10":"product_cat-outlet-de","11":"product_shipping_class-pk","13":"pa_color-orange-de","14":"pa_material-glas-de","16":"first","17":"instock","18":"sale","19":"taxable","20":"shipping-taxable","21":"purchasable","22":"product-type-simple"},"exclude_global_add_ons":[],"addons":[],"acf":[],"yoast_head":"<!-- This site is optimized with the Yoast SEO plugin v26.4 - https:\/\/yoast.com\/wordpress\/plugins\/seo\/ -->\n<title>Fuyu Vasen Orange (3er Set) - H\u00fcbsch<\/title>\n<meta name=\"description\" content=\"Sanft im Ton, markant in der Form. Die Fuyu Vasen aus warmem orangefarbenem Glas bringen skulpturale Eleganz und ein Gef\u00fchl von Verspieltheit in jeden\" \/>\n<meta name=\"robots\" content=\"index, follow, max-snippet:-1, max-image-preview:large, max-video-preview:-1\" \/>\n<link rel=\"canonical\" href=\"https:\/\/hubsch-interior.com\/de\/wp-json\/wp\/v2\/product\/1089261\" \/>\n<meta property=\"og:locale\" content=\"de_DE\" \/>\n<meta property=\"og:type\" content=\"article\" \/>\n<meta property=\"og:title\" content=\"Fuyu Vasen Orange (3er Set) - H\u00fcbsch\" \/>\n<meta property=\"og:description\" content=\"Sanft im Ton, markant in der Form. Die Fuyu Vasen aus warmem orangefarbenem Glas bringen skulpturale Eleganz und ein Gef\u00fchl von Verspieltheit in jeden\" \/>\n<meta property=\"og:url\" content=\"https:\/\/hubsch-interior.com\/de\/produkt\/fuyu-vasen-orange-3er-set\/\" \/>\n<meta property=\"og:site_name\" content=\"H\u00fcbsch\" \/>\n<meta property=\"article:modified_time\" content=\"2026-04-05T03:25:05+00:00\" \/>\n<meta property=\"og:image\" content=\"https:\/\/hubsch-interior.com\/wp-content\/uploads\/2026\/01\/fuyu-vases-orange-set-of-3-c3485b9689a4af099bf2f2abd1d00598.jpg\" \/>\n\t<meta property=\"og:image:width\" content=\"1200\" \/>\n\t<meta property=\"og:image:height\" content=\"1200\" \/>\n\t<meta property=\"og:image:type\" content=\"image\/jpeg\" \/>\n<meta name=\"twitter:card\" content=\"summary_large_image\" \/>\n<script type=\"application\/ld+json\" class=\"yoast-schema-graph\">{\"@context\":\"https:\/\/schema.org\",\"@graph\":[{\"@type\":\"WebPage\",\"@id\":\"https:\/\/hubsch-interior.com\/de\/produkt\/fuyu-vasen-orange-3er-set\/\",\"url\":\"https:\/\/hubsch-interior.com\/de\/produkt\/fuyu-vasen-orange-3er-set\/\",\"name\":\"Fuyu Vasen Orange (3er Set) - H\u00fcbsch\",\"isPartOf\":{\"@id\":\"https:\/\/hubsch-interior.com\/de\/#website\"},\"primaryImageOfPage\":{\"@id\":\"https:\/\/hubsch-interior.com\/de\/produkt\/fuyu-vasen-orange-3er-set\/#primaryimage\"},\"image\":{\"@id\":\"https:\/\/hubsch-interior.com\/de\/produkt\/fuyu-vasen-orange-3er-set\/#primaryimage\"},\"thumbnailUrl\":\"https:\/\/hubsch-interior.com\/wp-content\/uploads\/2026\/02\/fuyu-vases-orange-set-of-3-1458687dfd8f439e2022ae17a4827de0.jpg\",\"datePublished\":\"2026-01-31T04:25:55+00:00\",\"dateModified\":\"2026-04-05T03:25:05+00:00\",\"description\":\"Sanft im Ton, markant in der Form. Die Fuyu Vasen aus warmem orangefarbenem Glas bringen skulpturale Eleganz und ein Gef\u00fchl von Verspieltheit in jeden\",\"breadcrumb\":{\"@id\":\"https:\/\/hubsch-interior.com\/de\/produkt\/fuyu-vasen-orange-3er-set\/#breadcrumb\"},\"inLanguage\":\"de\",\"potentialAction\":[{\"@type\":\"ReadAction\",\"target\":[\"https:\/\/hubsch-interior.com\/de\/produkt\/fuyu-vasen-orange-3er-set\/\"]}]},{\"@type\":\"ImageObject\",\"inLanguage\":\"de\",\"@id\":\"https:\/\/hubsch-interior.com\/de\/produkt\/fuyu-vasen-orange-3er-set\/#primaryimage\",\"url\":\"https:\/\/hubsch-interior.com\/wp-content\/uploads\/2026\/02\/fuyu-vases-orange-set-of-3-1458687dfd8f439e2022ae17a4827de0.jpg\",\"contentUrl\":\"https:\/\/hubsch-interior.com\/wp-content\/uploads\/2026\/02\/fuyu-vases-orange-set-of-3-1458687dfd8f439e2022ae17a4827de0.jpg\",\"width\":1024,\"height\":1024},{\"@type\":\"BreadcrumbList\",\"@id\":\"https:\/\/hubsch-interior.com\/de\/produkt\/fuyu-vasen-orange-3er-set\/#breadcrumb\",\"itemListElement\":[{\"@type\":\"ListItem\",\"position\":1,\"name\":\"Startseite\",\"item\":\"https:\/\/hubsch-interior.com\/de\/\"},{\"@type\":\"ListItem\",\"position\":2,\"name\":\"Produkte\",\"item\":\"https:\/\/hubsch-interior.com\/de\/shop-2\/\"},{\"@type\":\"ListItem\",\"position\":3,\"name\":\"Wohnaccessoires\",\"item\":\"https:\/\/hubsch-interior.com\/de\/produkt-kategorie\/wohnaccessoires\/\"},{\"@type\":\"ListItem\",\"position\":4,\"name\":\"Vasen\",\"item\":\"https:\/\/hubsch-interior.com\/de\/produkt-kategorie\/wohnaccessoires\/vasen-de\/\"},{\"@type\":\"ListItem\",\"position\":5,\"name\":\"Fuyu Vasen Orange (3er Set)\"}]},{\"@type\":\"WebSite\",\"@id\":\"https:\/\/hubsch-interior.com\/de\/#website\",\"url\":\"https:\/\/hubsch-interior.com\/de\/\",\"name\":\"H\u00fcbsch\",\"description\":\"Danish Home Interior and Design\",\"publisher\":{\"@id\":\"https:\/\/hubsch-interior.com\/de\/#organization\"},\"potentialAction\":[{\"@type\":\"SearchAction\",\"target\":{\"@type\":\"EntryPoint\",\"urlTemplate\":\"https:\/\/hubsch-interior.com\/de\/?s={search_term_string}\"},\"query-input\":{\"@type\":\"PropertyValueSpecification\",\"valueRequired\":true,\"valueName\":\"search_term_string\"}}],\"inLanguage\":\"de\"},{\"@type\":\"Organization\",\"@id\":\"https:\/\/hubsch-interior.com\/de\/#organization\",\"name\":\"H\u00fcbsch\",\"url\":\"https:\/\/hubsch-interior.com\/de\/\",\"logo\":{\"@type\":\"ImageObject\",\"inLanguage\":\"de\",\"@id\":\"https:\/\/hubsch-interior.com\/de\/#\/schema\/logo\/image\/\",\"url\":\"https:\/\/hubsch-interior.com\/wp-content\/uploads\/2022\/12\/Hubsch_logo_black_one_line.svg\",\"contentUrl\":\"https:\/\/hubsch-interior.com\/wp-content\/uploads\/2022\/12\/Hubsch_logo_black_one_line.svg\",\"caption\":\"H\u00fcbsch\"},\"image\":{\"@id\":\"https:\/\/hubsch-interior.com\/de\/#\/schema\/logo\/image\/\"}}]}<\/script>\n<!-- \/ Yoast SEO plugin. -->","yoast_head_json":{"title":"Fuyu Vasen Orange (3er Set) - H\u00fcbsch","description":"Sanft im Ton, markant in der Form. Die Fuyu Vasen aus warmem orangefarbenem Glas bringen skulpturale Eleganz und ein Gef\u00fchl von Verspieltheit in jeden","robots":{"index":"index","follow":"follow","max-snippet":"max-snippet:-1","max-image-preview":"max-image-preview:large","max-video-preview":"max-video-preview:-1"},"canonical":"https:\/\/hubsch-interior.com\/de\/wp-json\/wp\/v2\/product\/1089261","og_locale":"de_DE","og_type":"article","og_title":"Fuyu Vasen Orange (3er Set) - H\u00fcbsch","og_description":"Sanft im Ton, markant in der Form. Die Fuyu Vasen aus warmem orangefarbenem Glas bringen skulpturale Eleganz und ein Gef\u00fchl von Verspieltheit in jeden","og_url":"https:\/\/hubsch-interior.com\/de\/produkt\/fuyu-vasen-orange-3er-set\/","og_site_name":"H\u00fcbsch","article_modified_time":"2026-04-05T03:25:05+00:00","og_image":[{"width":1200,"height":1200,"url":"https:\/\/hubsch-interior.com\/wp-content\/uploads\/2026\/01\/fuyu-vases-orange-set-of-3-c3485b9689a4af099bf2f2abd1d00598.jpg","type":"image\/jpeg"}],"twitter_card":"summary_large_image","schema":{"@context":"https:\/\/schema.org","@graph":[{"@type":"WebPage","@id":"https:\/\/hubsch-interior.com\/de\/produkt\/fuyu-vasen-orange-3er-set\/","url":"https:\/\/hubsch-interior.com\/de\/produkt\/fuyu-vasen-orange-3er-set\/","name":"Fuyu Vasen Orange (3er Set) - H\u00fcbsch","isPartOf":{"@id":"https:\/\/hubsch-interior.com\/de\/#website"},"primaryImageOfPage":{"@id":"https:\/\/hubsch-interior.com\/de\/produkt\/fuyu-vasen-orange-3er-set\/#primaryimage"},"image":{"@id":"https:\/\/hubsch-interior.com\/de\/produkt\/fuyu-vasen-orange-3er-set\/#primaryimage"},"thumbnailUrl":"https:\/\/hubsch-interior.com\/wp-content\/uploads\/2026\/02\/fuyu-vases-orange-set-of-3-1458687dfd8f439e2022ae17a4827de0.jpg","datePublished":"2026-01-31T04:25:55+00:00","dateModified":"2026-04-05T03:25:05+00:00","description":"Sanft im Ton, markant in der Form. Die Fuyu Vasen aus warmem orangefarbenem Glas bringen skulpturale Eleganz und ein Gef\u00fchl von Verspieltheit in jeden","breadcrumb":{"@id":"https:\/\/hubsch-interior.com\/de\/produkt\/fuyu-vasen-orange-3er-set\/#breadcrumb"},"inLanguage":"de","potentialAction":[{"@type":"ReadAction","target":["https:\/\/hubsch-interior.com\/de\/produkt\/fuyu-vasen-orange-3er-set\/"]}]},{"@type":"ImageObject","inLanguage":"de","@id":"https:\/\/hubsch-interior.com\/de\/produkt\/fuyu-vasen-orange-3er-set\/#primaryimage","url":"https:\/\/hubsch-interior.com\/wp-content\/uploads\/2026\/02\/fuyu-vases-orange-set-of-3-1458687dfd8f439e2022ae17a4827de0.jpg","contentUrl":"https:\/\/hubsch-interior.com\/wp-content\/uploads\/2026\/02\/fuyu-vases-orange-set-of-3-1458687dfd8f439e2022ae17a4827de0.jpg","width":1024,"height":1024},{"@type":"BreadcrumbList","@id":"https:\/\/hubsch-interior.com\/de\/produkt\/fuyu-vasen-orange-3er-set\/#breadcrumb","itemListElement":[{"@type":"ListItem","position":1,"name":"Startseite","item":"https:\/\/hubsch-interior.com\/de\/"},{"@type":"ListItem","position":2,"name":"Produkte","item":"https:\/\/hubsch-interior.com\/de\/shop-2\/"},{"@type":"ListItem","position":3,"name":"Wohnaccessoires","item":"https:\/\/hubsch-interior.com\/de\/produkt-kategorie\/wohnaccessoires\/"},{"@type":"ListItem","position":4,"name":"Vasen","item":"https:\/\/hubsch-interior.com\/de\/produkt-kategorie\/wohnaccessoires\/vasen-de\/"},{"@type":"ListItem","position":5,"name":"Fuyu Vasen Orange (3er Set)"}]},{"@type":"WebSite","@id":"https:\/\/hubsch-interior.com\/de\/#website","url":"https:\/\/hubsch-interior.com\/de\/","name":"H\u00fcbsch","description":"Danish Home Interior and Design","publisher":{"@id":"https:\/\/hubsch-interior.com\/de\/#organization"},"potentialAction":[{"@type":"SearchAction","target":{"@type":"EntryPoint","urlTemplate":"https:\/\/hubsch-interior.com\/de\/?s={search_term_string}"},"query-input":{"@type":"PropertyValueSpecification","valueRequired":true,"valueName":"search_term_string"}}],"inLanguage":"de"},{"@type":"Organization","@id":"https:\/\/hubsch-interior.com\/de\/#organization","name":"H\u00fcbsch","url":"https:\/\/hubsch-interior.com\/de\/","logo":{"@type":"ImageObject","inLanguage":"de","@id":"https:\/\/hubsch-interior.com\/de\/#\/schema\/logo\/image\/","url":"https:\/\/hubsch-interior.com\/wp-content\/uploads\/2022\/12\/Hubsch_logo_black_one_line.svg","contentUrl":"https:\/\/hubsch-interior.com\/wp-content\/uploads\/2022\/12\/Hubsch_logo_black_one_line.svg","caption":"H\u00fcbsch"},"image":{"@id":"https:\/\/hubsch-interior.com\/de\/#\/schema\/logo\/image\/"}}]}},"_links":{"self":[{"href":"https:\/\/hubsch-interior.com\/de\/wp-json\/wp\/v2\/product\/1089261","targetHints":{"allow":["GET"]}}],"collection":[{"href":"https:\/\/hubsch-interior.com\/de\/wp-json\/wp\/v2\/product"}],"about":[{"href":"https:\/\/hubsch-interior.com\/de\/wp-json\/wp\/v2\/types\/product"}],"wp:featuredmedia":[{"embeddable":true,"href":"https:\/\/hubsch-interior.com\/de\/wp-json\/wp\/v2\/media\/1111653"}],"wp:attachment":[{"href":"https:\/\/hubsch-interior.com\/de\/wp-json\/wp\/v2\/media?parent=1089261"}],"wp:term":[{"taxonomy":"product_brand","embeddable":true,"href":"https:\/\/hubsch-interior.com\/de\/wp-json\/wp\/v2\/product_brand?post=1089261"},{"taxonomy":"product_cat","embeddable":true,"href":"https:\/\/hubsch-interior.com\/de\/wp-json\/wp\/v2\/product_cat?post=1089261"},{"taxonomy":"product_tag","embeddable":true,"href":"https:\/\/hubsch-interior.com\/de\/wp-json\/wp\/v2\/product_tag?post=1089261"}],"curies":[{"name":"wp","href":"https:\/\/api.w.org\/{rel}","templated":true}]}}