{"id":1089293,"date":"2026-01-31T05:26:15","date_gmt":"2026-01-31T04:26:15","guid":{"rendered":"https:\/\/hubsch-interior.com\/product\/product\/"},"modified":"2026-04-05T05:25:12","modified_gmt":"2026-04-05T03:25:12","slug":"lote-vase-rosa","status":"publish","type":"product","link":"https:\/\/hubsch-interior.com\/de\/produkt\/lote-vase-rosa\/","title":{"rendered":"Lote Vase Rosa"},"content":{"rendered":"<p>Sanfte Kurven, starke Ausstrahlung. Die Lote Vase aus Glas in zartem Rosaton bringt eine beruhigende Aura und skulpturale Eleganz in Ihren Raum. Ihre organische Form flie\u00dft sanft und schafft Harmonie, egal ob sie frische Blumen beherbergt oder f\u00fcr sich allein steht. Aus feinem Glas in einem zarten Rosa gefertigt, verleiht sie Ihren Regalen, Tischen oder Ecken ein Gef\u00fchl von W\u00e4rme und stiller Sch\u00f6nheit. Ein anmutiges St\u00fcck, das nicht nur dekoriert \u2013 es beruhigt, mildert und hebt die Stimmung.<\/p>\n","protected":false},"excerpt":{"rendered":"<p>Sanfte Kurven, starke Ausstrahlung. Die Lote Vase aus Glas in zartem Rosaton bringt eine beruhigende Aura und skulpturale Eleganz in Ihren Raum. Ihre organische Form flie\u00dft sanft und schafft Harmonie, egal ob sie frische Blumen beherbergt oder f\u00fcr sich allein steht. Aus feinem Glas in einem zarten Rosa gefertigt, verleiht sie Ihren Regalen, Tischen oder [&hellip;]<\/p>\n","protected":false},"featured_media":1111685,"template":"","meta":{"_acf_changed":false,"inline_featured_image":false},"product_brand":[],"product_cat":[7155,6972,3156,5081,5027,5047,6519],"product_tag":[],"class_list":{"0":"post-1089293","1":"product","2":"type-product","3":"status-publish","4":"has-post-thumbnail","6":"product_cat-dweller-de","7":"product_cat-oster-sale","8":"product_cat-vasen-de","9":"product_cat-gerade-auf-lager-de","10":"product_cat-bestsellers-de","11":"product_cat-neuheiten-de","12":"product_cat-outlet-de","13":"product_shipping_class-pk","15":"pa_color-rosa-de","16":"pa_material-glas-de","18":"first","19":"instock","20":"sale","21":"featured","22":"taxable","23":"shipping-taxable","24":"purchasable","25":"product-type-simple"},"exclude_global_add_ons":[],"addons":[],"acf":[],"yoast_head":"<!-- This site is optimized with the Yoast SEO plugin v26.4 - https:\/\/yoast.com\/wordpress\/plugins\/seo\/ -->\n<title>Lote Vase Rosa - H\u00fcbsch<\/title>\n<meta name=\"description\" content=\"Sanfte Kurven, starke Ausstrahlung. Die Lote Vase aus Glas in zartem Rosaton bringt eine beruhigende Aura und skulpturale Eleganz in Ihren Raum. Ihre\" \/>\n<meta name=\"robots\" content=\"index, follow, max-snippet:-1, max-image-preview:large, max-video-preview:-1\" \/>\n<link rel=\"canonical\" href=\"https:\/\/hubsch-interior.com\/de\/wp-json\/wp\/v2\/product\/1089293\" \/>\n<meta property=\"og:locale\" content=\"de_DE\" \/>\n<meta property=\"og:type\" content=\"article\" \/>\n<meta property=\"og:title\" content=\"Lote Vase Rosa - H\u00fcbsch\" \/>\n<meta property=\"og:description\" content=\"Sanfte Kurven, starke Ausstrahlung. Die Lote Vase aus Glas in zartem Rosaton bringt eine beruhigende Aura und skulpturale Eleganz in Ihren Raum. Ihre\" \/>\n<meta property=\"og:url\" content=\"https:\/\/hubsch-interior.com\/de\/produkt\/lote-vase-rosa\/\" \/>\n<meta property=\"og:site_name\" content=\"H\u00fcbsch\" \/>\n<meta property=\"article:modified_time\" content=\"2026-04-05T03:25:12+00:00\" \/>\n<meta property=\"og:image\" content=\"https:\/\/hubsch-interior.com\/wp-content\/uploads\/2026\/01\/lote-vase-pink-d10b97a8878c3f29ef758e081c9ecc62.jpg\" \/>\n\t<meta property=\"og:image:width\" content=\"1200\" \/>\n\t<meta property=\"og:image:height\" content=\"1200\" \/>\n\t<meta property=\"og:image:type\" content=\"image\/jpeg\" \/>\n<meta name=\"twitter:card\" content=\"summary_large_image\" \/>\n<script type=\"application\/ld+json\" class=\"yoast-schema-graph\">{\"@context\":\"https:\/\/schema.org\",\"@graph\":[{\"@type\":\"WebPage\",\"@id\":\"https:\/\/hubsch-interior.com\/de\/produkt\/lote-vase-rosa\/\",\"url\":\"https:\/\/hubsch-interior.com\/de\/produkt\/lote-vase-rosa\/\",\"name\":\"Lote Vase Rosa - H\u00fcbsch\",\"isPartOf\":{\"@id\":\"https:\/\/hubsch-interior.com\/de\/#website\"},\"primaryImageOfPage\":{\"@id\":\"https:\/\/hubsch-interior.com\/de\/produkt\/lote-vase-rosa\/#primaryimage\"},\"image\":{\"@id\":\"https:\/\/hubsch-interior.com\/de\/produkt\/lote-vase-rosa\/#primaryimage\"},\"thumbnailUrl\":\"https:\/\/hubsch-interior.com\/wp-content\/uploads\/2026\/02\/lote-vase-pink-21dacd7e6c78cbb79c9c2802bb332eec.jpg\",\"datePublished\":\"2026-01-31T04:26:15+00:00\",\"dateModified\":\"2026-04-05T03:25:12+00:00\",\"description\":\"Sanfte Kurven, starke Ausstrahlung. Die Lote Vase aus Glas in zartem Rosaton bringt eine beruhigende Aura und skulpturale Eleganz in Ihren Raum. Ihre\",\"breadcrumb\":{\"@id\":\"https:\/\/hubsch-interior.com\/de\/produkt\/lote-vase-rosa\/#breadcrumb\"},\"inLanguage\":\"de\",\"potentialAction\":[{\"@type\":\"ReadAction\",\"target\":[\"https:\/\/hubsch-interior.com\/de\/produkt\/lote-vase-rosa\/\"]}]},{\"@type\":\"ImageObject\",\"inLanguage\":\"de\",\"@id\":\"https:\/\/hubsch-interior.com\/de\/produkt\/lote-vase-rosa\/#primaryimage\",\"url\":\"https:\/\/hubsch-interior.com\/wp-content\/uploads\/2026\/02\/lote-vase-pink-21dacd7e6c78cbb79c9c2802bb332eec.jpg\",\"contentUrl\":\"https:\/\/hubsch-interior.com\/wp-content\/uploads\/2026\/02\/lote-vase-pink-21dacd7e6c78cbb79c9c2802bb332eec.jpg\",\"width\":1024,\"height\":1024},{\"@type\":\"BreadcrumbList\",\"@id\":\"https:\/\/hubsch-interior.com\/de\/produkt\/lote-vase-rosa\/#breadcrumb\",\"itemListElement\":[{\"@type\":\"ListItem\",\"position\":1,\"name\":\"Startseite\",\"item\":\"https:\/\/hubsch-interior.com\/de\/\"},{\"@type\":\"ListItem\",\"position\":2,\"name\":\"Produkte\",\"item\":\"https:\/\/hubsch-interior.com\/de\/shop-2\/\"},{\"@type\":\"ListItem\",\"position\":3,\"name\":\"Wohnaccessoires\",\"item\":\"https:\/\/hubsch-interior.com\/de\/produkt-kategorie\/wohnaccessoires\/\"},{\"@type\":\"ListItem\",\"position\":4,\"name\":\"Vasen\",\"item\":\"https:\/\/hubsch-interior.com\/de\/produkt-kategorie\/wohnaccessoires\/vasen-de\/\"},{\"@type\":\"ListItem\",\"position\":5,\"name\":\"Lote Vase Rosa\"}]},{\"@type\":\"WebSite\",\"@id\":\"https:\/\/hubsch-interior.com\/de\/#website\",\"url\":\"https:\/\/hubsch-interior.com\/de\/\",\"name\":\"H\u00fcbsch\",\"description\":\"Danish Home Interior and Design\",\"publisher\":{\"@id\":\"https:\/\/hubsch-interior.com\/de\/#organization\"},\"potentialAction\":[{\"@type\":\"SearchAction\",\"target\":{\"@type\":\"EntryPoint\",\"urlTemplate\":\"https:\/\/hubsch-interior.com\/de\/?s={search_term_string}\"},\"query-input\":{\"@type\":\"PropertyValueSpecification\",\"valueRequired\":true,\"valueName\":\"search_term_string\"}}],\"inLanguage\":\"de\"},{\"@type\":\"Organization\",\"@id\":\"https:\/\/hubsch-interior.com\/de\/#organization\",\"name\":\"H\u00fcbsch\",\"url\":\"https:\/\/hubsch-interior.com\/de\/\",\"logo\":{\"@type\":\"ImageObject\",\"inLanguage\":\"de\",\"@id\":\"https:\/\/hubsch-interior.com\/de\/#\/schema\/logo\/image\/\",\"url\":\"https:\/\/hubsch-interior.com\/wp-content\/uploads\/2022\/12\/Hubsch_logo_black_one_line.svg\",\"contentUrl\":\"https:\/\/hubsch-interior.com\/wp-content\/uploads\/2022\/12\/Hubsch_logo_black_one_line.svg\",\"caption\":\"H\u00fcbsch\"},\"image\":{\"@id\":\"https:\/\/hubsch-interior.com\/de\/#\/schema\/logo\/image\/\"}}]}<\/script>\n<!-- \/ Yoast SEO plugin. -->","yoast_head_json":{"title":"Lote Vase Rosa - H\u00fcbsch","description":"Sanfte Kurven, starke Ausstrahlung. Die Lote Vase aus Glas in zartem Rosaton bringt eine beruhigende Aura und skulpturale Eleganz in Ihren Raum. Ihre","robots":{"index":"index","follow":"follow","max-snippet":"max-snippet:-1","max-image-preview":"max-image-preview:large","max-video-preview":"max-video-preview:-1"},"canonical":"https:\/\/hubsch-interior.com\/de\/wp-json\/wp\/v2\/product\/1089293","og_locale":"de_DE","og_type":"article","og_title":"Lote Vase Rosa - H\u00fcbsch","og_description":"Sanfte Kurven, starke Ausstrahlung. Die Lote Vase aus Glas in zartem Rosaton bringt eine beruhigende Aura und skulpturale Eleganz in Ihren Raum. Ihre","og_url":"https:\/\/hubsch-interior.com\/de\/produkt\/lote-vase-rosa\/","og_site_name":"H\u00fcbsch","article_modified_time":"2026-04-05T03:25:12+00:00","og_image":[{"width":1200,"height":1200,"url":"https:\/\/hubsch-interior.com\/wp-content\/uploads\/2026\/01\/lote-vase-pink-d10b97a8878c3f29ef758e081c9ecc62.jpg","type":"image\/jpeg"}],"twitter_card":"summary_large_image","schema":{"@context":"https:\/\/schema.org","@graph":[{"@type":"WebPage","@id":"https:\/\/hubsch-interior.com\/de\/produkt\/lote-vase-rosa\/","url":"https:\/\/hubsch-interior.com\/de\/produkt\/lote-vase-rosa\/","name":"Lote Vase Rosa - H\u00fcbsch","isPartOf":{"@id":"https:\/\/hubsch-interior.com\/de\/#website"},"primaryImageOfPage":{"@id":"https:\/\/hubsch-interior.com\/de\/produkt\/lote-vase-rosa\/#primaryimage"},"image":{"@id":"https:\/\/hubsch-interior.com\/de\/produkt\/lote-vase-rosa\/#primaryimage"},"thumbnailUrl":"https:\/\/hubsch-interior.com\/wp-content\/uploads\/2026\/02\/lote-vase-pink-21dacd7e6c78cbb79c9c2802bb332eec.jpg","datePublished":"2026-01-31T04:26:15+00:00","dateModified":"2026-04-05T03:25:12+00:00","description":"Sanfte Kurven, starke Ausstrahlung. Die Lote Vase aus Glas in zartem Rosaton bringt eine beruhigende Aura und skulpturale Eleganz in Ihren Raum. Ihre","breadcrumb":{"@id":"https:\/\/hubsch-interior.com\/de\/produkt\/lote-vase-rosa\/#breadcrumb"},"inLanguage":"de","potentialAction":[{"@type":"ReadAction","target":["https:\/\/hubsch-interior.com\/de\/produkt\/lote-vase-rosa\/"]}]},{"@type":"ImageObject","inLanguage":"de","@id":"https:\/\/hubsch-interior.com\/de\/produkt\/lote-vase-rosa\/#primaryimage","url":"https:\/\/hubsch-interior.com\/wp-content\/uploads\/2026\/02\/lote-vase-pink-21dacd7e6c78cbb79c9c2802bb332eec.jpg","contentUrl":"https:\/\/hubsch-interior.com\/wp-content\/uploads\/2026\/02\/lote-vase-pink-21dacd7e6c78cbb79c9c2802bb332eec.jpg","width":1024,"height":1024},{"@type":"BreadcrumbList","@id":"https:\/\/hubsch-interior.com\/de\/produkt\/lote-vase-rosa\/#breadcrumb","itemListElement":[{"@type":"ListItem","position":1,"name":"Startseite","item":"https:\/\/hubsch-interior.com\/de\/"},{"@type":"ListItem","position":2,"name":"Produkte","item":"https:\/\/hubsch-interior.com\/de\/shop-2\/"},{"@type":"ListItem","position":3,"name":"Wohnaccessoires","item":"https:\/\/hubsch-interior.com\/de\/produkt-kategorie\/wohnaccessoires\/"},{"@type":"ListItem","position":4,"name":"Vasen","item":"https:\/\/hubsch-interior.com\/de\/produkt-kategorie\/wohnaccessoires\/vasen-de\/"},{"@type":"ListItem","position":5,"name":"Lote Vase Rosa"}]},{"@type":"WebSite","@id":"https:\/\/hubsch-interior.com\/de\/#website","url":"https:\/\/hubsch-interior.com\/de\/","name":"H\u00fcbsch","description":"Danish Home Interior and Design","publisher":{"@id":"https:\/\/hubsch-interior.com\/de\/#organization"},"potentialAction":[{"@type":"SearchAction","target":{"@type":"EntryPoint","urlTemplate":"https:\/\/hubsch-interior.com\/de\/?s={search_term_string}"},"query-input":{"@type":"PropertyValueSpecification","valueRequired":true,"valueName":"search_term_string"}}],"inLanguage":"de"},{"@type":"Organization","@id":"https:\/\/hubsch-interior.com\/de\/#organization","name":"H\u00fcbsch","url":"https:\/\/hubsch-interior.com\/de\/","logo":{"@type":"ImageObject","inLanguage":"de","@id":"https:\/\/hubsch-interior.com\/de\/#\/schema\/logo\/image\/","url":"https:\/\/hubsch-interior.com\/wp-content\/uploads\/2022\/12\/Hubsch_logo_black_one_line.svg","contentUrl":"https:\/\/hubsch-interior.com\/wp-content\/uploads\/2022\/12\/Hubsch_logo_black_one_line.svg","caption":"H\u00fcbsch"},"image":{"@id":"https:\/\/hubsch-interior.com\/de\/#\/schema\/logo\/image\/"}}]}},"_links":{"self":[{"href":"https:\/\/hubsch-interior.com\/de\/wp-json\/wp\/v2\/product\/1089293","targetHints":{"allow":["GET"]}}],"collection":[{"href":"https:\/\/hubsch-interior.com\/de\/wp-json\/wp\/v2\/product"}],"about":[{"href":"https:\/\/hubsch-interior.com\/de\/wp-json\/wp\/v2\/types\/product"}],"wp:featuredmedia":[{"embeddable":true,"href":"https:\/\/hubsch-interior.com\/de\/wp-json\/wp\/v2\/media\/1111685"}],"wp:attachment":[{"href":"https:\/\/hubsch-interior.com\/de\/wp-json\/wp\/v2\/media?parent=1089293"}],"wp:term":[{"taxonomy":"product_brand","embeddable":true,"href":"https:\/\/hubsch-interior.com\/de\/wp-json\/wp\/v2\/product_brand?post=1089293"},{"taxonomy":"product_cat","embeddable":true,"href":"https:\/\/hubsch-interior.com\/de\/wp-json\/wp\/v2\/product_cat?post=1089293"},{"taxonomy":"product_tag","embeddable":true,"href":"https:\/\/hubsch-interior.com\/de\/wp-json\/wp\/v2\/product_tag?post=1089293"}],"curies":[{"name":"wp","href":"https:\/\/api.w.org\/{rel}","templated":true}]}}