{"id":1089317,"date":"2026-01-31T05:27:03","date_gmt":"2026-01-31T04:27:03","guid":{"rendered":"https:\/\/hubsch-interior.com\/product\/product\/"},"modified":"2026-04-05T05:25:40","modified_gmt":"2026-04-05T03:25:40","slug":"layer-bank-naturfarben","status":"publish","type":"product","link":"https:\/\/hubsch-interior.com\/de\/produkt\/layer-bank-naturfarben\/","title":{"rendered":"Layer Bank Naturfarben"},"content":{"rendered":"<p>Lernen Sie die Layer Bank kennen \u2014 der perfekte Begleiter f\u00fcr Ihren Eingangsbereich. Hergestellt aus FSC-zertifiziertem Holz, verleiht diese Bank Ihrem Zuhause eine robuste Pr\u00e4senz und einen Hauch nat\u00fcrlichen Charmes. Mit einem flauschigen Kissen best\u00fcckt, garantiert sie einen komfortablen Sitz, w\u00e4hrend Sie Ihre Schuhe binden oder sich auf den Weg machen. Die Layer Bank vereint praktisches Design mit subtiler Eleganz und verwandelt Ihren Eingangsbereich in eine einladende, stilvolle und funktionale Ecke, die Ihre t\u00e4glichen Routinen m\u00fchelos unterst\u00fctzt.<\/p>\n","protected":false},"excerpt":{"rendered":"<p>Lernen Sie die Layer Bank kennen \u2014 der perfekte Begleiter f\u00fcr Ihren Eingangsbereich. Hergestellt aus FSC-zertifiziertem Holz, verleiht diese Bank Ihrem Zuhause eine robuste Pr\u00e4senz und einen Hauch nat\u00fcrlichen Charmes. Mit einem flauschigen Kissen best\u00fcckt, garantiert sie einen komfortablen Sitz, w\u00e4hrend Sie Ihre Schuhe binden oder sich auf den Weg machen. Die Layer Bank vereint [&hellip;]<\/p>\n","protected":false},"featured_media":1111733,"template":"","meta":{"_acf_changed":false,"inline_featured_image":false},"product_brand":[],"product_cat":[7155,6323,2845,2878,5027,5047],"product_tag":[],"class_list":{"0":"post-1089317","1":"product","2":"type-product","3":"status-publish","4":"has-post-thumbnail","6":"product_cat-dweller-de","7":"product_cat-fsc-de","8":"product_cat-sitzmoebel-de","9":"product_cat-baenke-de","10":"product_cat-bestsellers-de","11":"product_cat-neuheiten-de","12":"product_shipping_class-pk","14":"pa_color-naturfarben-2","15":"pa_material-acrylic-5-de","16":"pa_material-mdf-de","17":"pa_material-polyester-95-de","18":"pa_material-eichenfurnier","19":"pa_material-eichenholz","21":"first","22":"instock","23":"featured","24":"taxable","25":"shipping-taxable","26":"purchasable","27":"product-type-simple"},"exclude_global_add_ons":[],"addons":[],"acf":[],"yoast_head":"<!-- This site is optimized with the Yoast SEO plugin v26.4 - https:\/\/yoast.com\/wordpress\/plugins\/seo\/ -->\n<title>Layer Bank Naturfarben - H\u00fcbsch<\/title>\n<meta name=\"description\" content=\"Lernen Sie die Layer Bank kennen \u2014 der perfekte Begleiter f\u00fcr Ihren Eingangsbereich. Hergestellt aus FSC-zertifiziertem Holz, verleiht diese Bank Ihrem\" \/>\n<meta name=\"robots\" content=\"index, follow, max-snippet:-1, max-image-preview:large, max-video-preview:-1\" \/>\n<link rel=\"canonical\" href=\"https:\/\/hubsch-interior.com\/de\/wp-json\/wp\/v2\/product\/1089317\" \/>\n<meta property=\"og:locale\" content=\"de_DE\" \/>\n<meta property=\"og:type\" content=\"article\" \/>\n<meta property=\"og:title\" content=\"Layer Bank Naturfarben - H\u00fcbsch\" \/>\n<meta property=\"og:description\" content=\"Lernen Sie die Layer Bank kennen \u2014 der perfekte Begleiter f\u00fcr Ihren Eingangsbereich. Hergestellt aus FSC-zertifiziertem Holz, verleiht diese Bank Ihrem\" \/>\n<meta property=\"og:url\" content=\"https:\/\/hubsch-interior.com\/de\/produkt\/layer-bank-naturfarben\/\" \/>\n<meta property=\"og:site_name\" content=\"H\u00fcbsch\" \/>\n<meta property=\"article:modified_time\" content=\"2026-04-05T03:25:40+00:00\" \/>\n<meta property=\"og:image\" content=\"https:\/\/hubsch-interior.com\/wp-content\/uploads\/2026\/02\/layer-bench-natural-fb1f37661cac871a72da138dc3c8bfd8.jpg\" \/>\n\t<meta property=\"og:image:width\" content=\"1024\" \/>\n\t<meta property=\"og:image:height\" content=\"1024\" \/>\n\t<meta property=\"og:image:type\" content=\"image\/jpeg\" \/>\n<meta name=\"twitter:card\" content=\"summary_large_image\" \/>\n<script type=\"application\/ld+json\" class=\"yoast-schema-graph\">{\"@context\":\"https:\/\/schema.org\",\"@graph\":[{\"@type\":\"WebPage\",\"@id\":\"https:\/\/hubsch-interior.com\/de\/produkt\/layer-bank-naturfarben\/\",\"url\":\"https:\/\/hubsch-interior.com\/de\/produkt\/layer-bank-naturfarben\/\",\"name\":\"Layer Bank Naturfarben - H\u00fcbsch\",\"isPartOf\":{\"@id\":\"https:\/\/hubsch-interior.com\/de\/#website\"},\"primaryImageOfPage\":{\"@id\":\"https:\/\/hubsch-interior.com\/de\/produkt\/layer-bank-naturfarben\/#primaryimage\"},\"image\":{\"@id\":\"https:\/\/hubsch-interior.com\/de\/produkt\/layer-bank-naturfarben\/#primaryimage\"},\"thumbnailUrl\":\"https:\/\/hubsch-interior.com\/wp-content\/uploads\/2026\/02\/layer-bench-natural-fb1f37661cac871a72da138dc3c8bfd8.jpg\",\"datePublished\":\"2026-01-31T04:27:03+00:00\",\"dateModified\":\"2026-04-05T03:25:40+00:00\",\"description\":\"Lernen Sie die Layer Bank kennen \u2014 der perfekte Begleiter f\u00fcr Ihren Eingangsbereich. Hergestellt aus FSC-zertifiziertem Holz, verleiht diese Bank Ihrem\",\"breadcrumb\":{\"@id\":\"https:\/\/hubsch-interior.com\/de\/produkt\/layer-bank-naturfarben\/#breadcrumb\"},\"inLanguage\":\"de\",\"potentialAction\":[{\"@type\":\"ReadAction\",\"target\":[\"https:\/\/hubsch-interior.com\/de\/produkt\/layer-bank-naturfarben\/\"]}]},{\"@type\":\"ImageObject\",\"inLanguage\":\"de\",\"@id\":\"https:\/\/hubsch-interior.com\/de\/produkt\/layer-bank-naturfarben\/#primaryimage\",\"url\":\"https:\/\/hubsch-interior.com\/wp-content\/uploads\/2026\/02\/layer-bench-natural-fb1f37661cac871a72da138dc3c8bfd8.jpg\",\"contentUrl\":\"https:\/\/hubsch-interior.com\/wp-content\/uploads\/2026\/02\/layer-bench-natural-fb1f37661cac871a72da138dc3c8bfd8.jpg\",\"width\":1024,\"height\":1024},{\"@type\":\"BreadcrumbList\",\"@id\":\"https:\/\/hubsch-interior.com\/de\/produkt\/layer-bank-naturfarben\/#breadcrumb\",\"itemListElement\":[{\"@type\":\"ListItem\",\"position\":1,\"name\":\"Startseite\",\"item\":\"https:\/\/hubsch-interior.com\/de\/\"},{\"@type\":\"ListItem\",\"position\":2,\"name\":\"Produkte\",\"item\":\"https:\/\/hubsch-interior.com\/de\/shop-2\/\"},{\"@type\":\"ListItem\",\"position\":3,\"name\":\"M\u00f6bel\",\"item\":\"https:\/\/hubsch-interior.com\/de\/produkt-kategorie\/moebel\/\"},{\"@type\":\"ListItem\",\"position\":4,\"name\":\"Sitzm&ouml;bel\",\"item\":\"https:\/\/hubsch-interior.com\/de\/produkt-kategorie\/moebel\/sitzmoebel-de\/\"},{\"@type\":\"ListItem\",\"position\":5,\"name\":\"B&auml;nke\",\"item\":\"https:\/\/hubsch-interior.com\/de\/produkt-kategorie\/moebel\/sitzmoebel-de\/baenke-de\/\"},{\"@type\":\"ListItem\",\"position\":6,\"name\":\"Layer Bank Naturfarben\"}]},{\"@type\":\"WebSite\",\"@id\":\"https:\/\/hubsch-interior.com\/de\/#website\",\"url\":\"https:\/\/hubsch-interior.com\/de\/\",\"name\":\"H\u00fcbsch\",\"description\":\"Danish Home Interior and Design\",\"publisher\":{\"@id\":\"https:\/\/hubsch-interior.com\/de\/#organization\"},\"potentialAction\":[{\"@type\":\"SearchAction\",\"target\":{\"@type\":\"EntryPoint\",\"urlTemplate\":\"https:\/\/hubsch-interior.com\/de\/?s={search_term_string}\"},\"query-input\":{\"@type\":\"PropertyValueSpecification\",\"valueRequired\":true,\"valueName\":\"search_term_string\"}}],\"inLanguage\":\"de\"},{\"@type\":\"Organization\",\"@id\":\"https:\/\/hubsch-interior.com\/de\/#organization\",\"name\":\"H\u00fcbsch\",\"url\":\"https:\/\/hubsch-interior.com\/de\/\",\"logo\":{\"@type\":\"ImageObject\",\"inLanguage\":\"de\",\"@id\":\"https:\/\/hubsch-interior.com\/de\/#\/schema\/logo\/image\/\",\"url\":\"https:\/\/hubsch-interior.com\/wp-content\/uploads\/2022\/12\/Hubsch_logo_black_one_line.svg\",\"contentUrl\":\"https:\/\/hubsch-interior.com\/wp-content\/uploads\/2022\/12\/Hubsch_logo_black_one_line.svg\",\"caption\":\"H\u00fcbsch\"},\"image\":{\"@id\":\"https:\/\/hubsch-interior.com\/de\/#\/schema\/logo\/image\/\"}}]}<\/script>\n<!-- \/ Yoast SEO plugin. -->","yoast_head_json":{"title":"Layer Bank Naturfarben - H\u00fcbsch","description":"Lernen Sie die Layer Bank kennen \u2014 der perfekte Begleiter f\u00fcr Ihren Eingangsbereich. Hergestellt aus FSC-zertifiziertem Holz, verleiht diese Bank Ihrem","robots":{"index":"index","follow":"follow","max-snippet":"max-snippet:-1","max-image-preview":"max-image-preview:large","max-video-preview":"max-video-preview:-1"},"canonical":"https:\/\/hubsch-interior.com\/de\/wp-json\/wp\/v2\/product\/1089317","og_locale":"de_DE","og_type":"article","og_title":"Layer Bank Naturfarben - H\u00fcbsch","og_description":"Lernen Sie die Layer Bank kennen \u2014 der perfekte Begleiter f\u00fcr Ihren Eingangsbereich. Hergestellt aus FSC-zertifiziertem Holz, verleiht diese Bank Ihrem","og_url":"https:\/\/hubsch-interior.com\/de\/produkt\/layer-bank-naturfarben\/","og_site_name":"H\u00fcbsch","article_modified_time":"2026-04-05T03:25:40+00:00","og_image":[{"width":1024,"height":1024,"url":"https:\/\/hubsch-interior.com\/wp-content\/uploads\/2026\/02\/layer-bench-natural-fb1f37661cac871a72da138dc3c8bfd8.jpg","type":"image\/jpeg"}],"twitter_card":"summary_large_image","schema":{"@context":"https:\/\/schema.org","@graph":[{"@type":"WebPage","@id":"https:\/\/hubsch-interior.com\/de\/produkt\/layer-bank-naturfarben\/","url":"https:\/\/hubsch-interior.com\/de\/produkt\/layer-bank-naturfarben\/","name":"Layer Bank Naturfarben - H\u00fcbsch","isPartOf":{"@id":"https:\/\/hubsch-interior.com\/de\/#website"},"primaryImageOfPage":{"@id":"https:\/\/hubsch-interior.com\/de\/produkt\/layer-bank-naturfarben\/#primaryimage"},"image":{"@id":"https:\/\/hubsch-interior.com\/de\/produkt\/layer-bank-naturfarben\/#primaryimage"},"thumbnailUrl":"https:\/\/hubsch-interior.com\/wp-content\/uploads\/2026\/02\/layer-bench-natural-fb1f37661cac871a72da138dc3c8bfd8.jpg","datePublished":"2026-01-31T04:27:03+00:00","dateModified":"2026-04-05T03:25:40+00:00","description":"Lernen Sie die Layer Bank kennen \u2014 der perfekte Begleiter f\u00fcr Ihren Eingangsbereich. Hergestellt aus FSC-zertifiziertem Holz, verleiht diese Bank Ihrem","breadcrumb":{"@id":"https:\/\/hubsch-interior.com\/de\/produkt\/layer-bank-naturfarben\/#breadcrumb"},"inLanguage":"de","potentialAction":[{"@type":"ReadAction","target":["https:\/\/hubsch-interior.com\/de\/produkt\/layer-bank-naturfarben\/"]}]},{"@type":"ImageObject","inLanguage":"de","@id":"https:\/\/hubsch-interior.com\/de\/produkt\/layer-bank-naturfarben\/#primaryimage","url":"https:\/\/hubsch-interior.com\/wp-content\/uploads\/2026\/02\/layer-bench-natural-fb1f37661cac871a72da138dc3c8bfd8.jpg","contentUrl":"https:\/\/hubsch-interior.com\/wp-content\/uploads\/2026\/02\/layer-bench-natural-fb1f37661cac871a72da138dc3c8bfd8.jpg","width":1024,"height":1024},{"@type":"BreadcrumbList","@id":"https:\/\/hubsch-interior.com\/de\/produkt\/layer-bank-naturfarben\/#breadcrumb","itemListElement":[{"@type":"ListItem","position":1,"name":"Startseite","item":"https:\/\/hubsch-interior.com\/de\/"},{"@type":"ListItem","position":2,"name":"Produkte","item":"https:\/\/hubsch-interior.com\/de\/shop-2\/"},{"@type":"ListItem","position":3,"name":"M\u00f6bel","item":"https:\/\/hubsch-interior.com\/de\/produkt-kategorie\/moebel\/"},{"@type":"ListItem","position":4,"name":"Sitzm&ouml;bel","item":"https:\/\/hubsch-interior.com\/de\/produkt-kategorie\/moebel\/sitzmoebel-de\/"},{"@type":"ListItem","position":5,"name":"B&auml;nke","item":"https:\/\/hubsch-interior.com\/de\/produkt-kategorie\/moebel\/sitzmoebel-de\/baenke-de\/"},{"@type":"ListItem","position":6,"name":"Layer Bank Naturfarben"}]},{"@type":"WebSite","@id":"https:\/\/hubsch-interior.com\/de\/#website","url":"https:\/\/hubsch-interior.com\/de\/","name":"H\u00fcbsch","description":"Danish Home Interior and Design","publisher":{"@id":"https:\/\/hubsch-interior.com\/de\/#organization"},"potentialAction":[{"@type":"SearchAction","target":{"@type":"EntryPoint","urlTemplate":"https:\/\/hubsch-interior.com\/de\/?s={search_term_string}"},"query-input":{"@type":"PropertyValueSpecification","valueRequired":true,"valueName":"search_term_string"}}],"inLanguage":"de"},{"@type":"Organization","@id":"https:\/\/hubsch-interior.com\/de\/#organization","name":"H\u00fcbsch","url":"https:\/\/hubsch-interior.com\/de\/","logo":{"@type":"ImageObject","inLanguage":"de","@id":"https:\/\/hubsch-interior.com\/de\/#\/schema\/logo\/image\/","url":"https:\/\/hubsch-interior.com\/wp-content\/uploads\/2022\/12\/Hubsch_logo_black_one_line.svg","contentUrl":"https:\/\/hubsch-interior.com\/wp-content\/uploads\/2022\/12\/Hubsch_logo_black_one_line.svg","caption":"H\u00fcbsch"},"image":{"@id":"https:\/\/hubsch-interior.com\/de\/#\/schema\/logo\/image\/"}}]}},"_links":{"self":[{"href":"https:\/\/hubsch-interior.com\/de\/wp-json\/wp\/v2\/product\/1089317","targetHints":{"allow":["GET"]}}],"collection":[{"href":"https:\/\/hubsch-interior.com\/de\/wp-json\/wp\/v2\/product"}],"about":[{"href":"https:\/\/hubsch-interior.com\/de\/wp-json\/wp\/v2\/types\/product"}],"wp:featuredmedia":[{"embeddable":true,"href":"https:\/\/hubsch-interior.com\/de\/wp-json\/wp\/v2\/media\/1111733"}],"wp:attachment":[{"href":"https:\/\/hubsch-interior.com\/de\/wp-json\/wp\/v2\/media?parent=1089317"}],"wp:term":[{"taxonomy":"product_brand","embeddable":true,"href":"https:\/\/hubsch-interior.com\/de\/wp-json\/wp\/v2\/product_brand?post=1089317"},{"taxonomy":"product_cat","embeddable":true,"href":"https:\/\/hubsch-interior.com\/de\/wp-json\/wp\/v2\/product_cat?post=1089317"},{"taxonomy":"product_tag","embeddable":true,"href":"https:\/\/hubsch-interior.com\/de\/wp-json\/wp\/v2\/product_tag?post=1089317"}],"curies":[{"name":"wp","href":"https:\/\/api.w.org\/{rel}","templated":true}]}}