{"id":1089369,"date":"2026-01-31T05:27:31","date_gmt":"2026-01-31T04:27:31","guid":{"rendered":"https:\/\/hubsch-interior.com\/product\/product\/"},"modified":"2026-04-05T05:25:47","modified_gmt":"2026-04-05T03:25:47","slug":"area-loungestuhl-petrol","status":"publish","type":"product","link":"https:\/\/hubsch-interior.com\/de\/produkt\/area-loungestuhl-petrol\/","title":{"rendered":"Area Loungestuhl Petrol"},"content":{"rendered":"<p>Der Area Loungestuhl bietet exquisiten Komfort, elegant verh\u00fcllt in sch\u00f6nen petrolfarbenen Textilien. Mit seiner hohen R\u00fcckenlehne und sanft abgerundeten Kanten bringt dieses markante M\u00f6belst\u00fcck sowohl stilvolles Flair als auch ein kokonartiges Gef\u00fchl der Geborgenheit. Perfekt f\u00fcr die gesch\u00e4tzten Momente der Entspannung l\u00e4dt es Sie ein, sich in Komfort zu h\u00fcllen und wohlverdiente Ich-Zeit zu genie\u00dfen. Seine abgerundete Silhouette f\u00fcgt jedem Raum eine Note moderner Eleganz hinzu und macht es leicht, mit Stil zu entspannen.<\/p>\n","protected":false},"excerpt":{"rendered":"<p>Der Area Loungestuhl bietet exquisiten Komfort, elegant verh\u00fcllt in sch\u00f6nen petrolfarbenen Textilien. Mit seiner hohen R\u00fcckenlehne und sanft abgerundeten Kanten bringt dieses markante M\u00f6belst\u00fcck sowohl stilvolles Flair als auch ein kokonartiges Gef\u00fchl der Geborgenheit. Perfekt f\u00fcr die gesch\u00e4tzten Momente der Entspannung l\u00e4dt es Sie ein, sich in Komfort zu h\u00fcllen und wohlverdiente Ich-Zeit zu genie\u00dfen. [&hellip;]<\/p>\n","protected":false},"featured_media":1111773,"template":"","meta":{"_acf_changed":false,"inline_featured_image":false},"product_brand":[],"product_cat":[7155,2845,3024,5047],"product_tag":[],"class_list":{"0":"post-1089369","1":"product","2":"type-product","3":"status-publish","4":"has-post-thumbnail","6":"product_cat-dweller-de","7":"product_cat-sitzmoebel-de","8":"product_cat-loungestuehle-de","9":"product_cat-neuheiten-de","10":"product_shipping_class-p10","12":"pa_color-petrol-3","13":"pa_material-polyester-80-de","15":"first","16":"instock","17":"taxable","18":"shipping-taxable","19":"purchasable","20":"product-type-simple"},"exclude_global_add_ons":[],"addons":[],"acf":[],"yoast_head":"<!-- This site is optimized with the Yoast SEO plugin v26.4 - https:\/\/yoast.com\/wordpress\/plugins\/seo\/ -->\n<title>Area Loungestuhl Petrol - H\u00fcbsch<\/title>\n<meta name=\"description\" content=\"Der Area Loungestuhl bietet exquisiten Komfort, elegant verh\u00fcllt in sch\u00f6nen petrolfarbenen Textilien. Mit seiner hohen R\u00fcckenlehne und sanft abgerundeten\" \/>\n<meta name=\"robots\" content=\"index, follow, max-snippet:-1, max-image-preview:large, max-video-preview:-1\" \/>\n<link rel=\"canonical\" href=\"https:\/\/hubsch-interior.com\/de\/wp-json\/wp\/v2\/product\/1089369\" \/>\n<meta property=\"og:locale\" content=\"de_DE\" \/>\n<meta property=\"og:type\" content=\"article\" \/>\n<meta property=\"og:title\" content=\"Area Loungestuhl Petrol - H\u00fcbsch\" \/>\n<meta property=\"og:description\" content=\"Der Area Loungestuhl bietet exquisiten Komfort, elegant verh\u00fcllt in sch\u00f6nen petrolfarbenen Textilien. Mit seiner hohen R\u00fcckenlehne und sanft abgerundeten\" \/>\n<meta property=\"og:url\" content=\"https:\/\/hubsch-interior.com\/de\/produkt\/area-loungestuhl-petrol\/\" \/>\n<meta property=\"og:site_name\" content=\"H\u00fcbsch\" \/>\n<meta property=\"article:modified_time\" content=\"2026-04-05T03:25:47+00:00\" \/>\n<meta property=\"og:image\" content=\"https:\/\/hubsch-interior.com\/wp-content\/uploads\/2026\/01\/area-lounge-chair-petrol-19d8044ef7f5776d281767b9890027c0.jpg\" \/>\n\t<meta property=\"og:image:width\" content=\"1200\" \/>\n\t<meta property=\"og:image:height\" content=\"1200\" \/>\n\t<meta property=\"og:image:type\" content=\"image\/jpeg\" \/>\n<meta name=\"twitter:card\" content=\"summary_large_image\" \/>\n<script type=\"application\/ld+json\" class=\"yoast-schema-graph\">{\"@context\":\"https:\/\/schema.org\",\"@graph\":[{\"@type\":\"WebPage\",\"@id\":\"https:\/\/hubsch-interior.com\/de\/produkt\/area-loungestuhl-petrol\/\",\"url\":\"https:\/\/hubsch-interior.com\/de\/produkt\/area-loungestuhl-petrol\/\",\"name\":\"Area Loungestuhl Petrol - H\u00fcbsch\",\"isPartOf\":{\"@id\":\"https:\/\/hubsch-interior.com\/de\/#website\"},\"primaryImageOfPage\":{\"@id\":\"https:\/\/hubsch-interior.com\/de\/produkt\/area-loungestuhl-petrol\/#primaryimage\"},\"image\":{\"@id\":\"https:\/\/hubsch-interior.com\/de\/produkt\/area-loungestuhl-petrol\/#primaryimage\"},\"thumbnailUrl\":\"https:\/\/hubsch-interior.com\/wp-content\/uploads\/2026\/02\/area-lounge-chair-petrol-184f2aefd6335c5620dddcef405df8af.jpg\",\"datePublished\":\"2026-01-31T04:27:31+00:00\",\"dateModified\":\"2026-04-05T03:25:47+00:00\",\"description\":\"Der Area Loungestuhl bietet exquisiten Komfort, elegant verh\u00fcllt in sch\u00f6nen petrolfarbenen Textilien. Mit seiner hohen R\u00fcckenlehne und sanft abgerundeten\",\"breadcrumb\":{\"@id\":\"https:\/\/hubsch-interior.com\/de\/produkt\/area-loungestuhl-petrol\/#breadcrumb\"},\"inLanguage\":\"de\",\"potentialAction\":[{\"@type\":\"ReadAction\",\"target\":[\"https:\/\/hubsch-interior.com\/de\/produkt\/area-loungestuhl-petrol\/\"]}]},{\"@type\":\"ImageObject\",\"inLanguage\":\"de\",\"@id\":\"https:\/\/hubsch-interior.com\/de\/produkt\/area-loungestuhl-petrol\/#primaryimage\",\"url\":\"https:\/\/hubsch-interior.com\/wp-content\/uploads\/2026\/02\/area-lounge-chair-petrol-184f2aefd6335c5620dddcef405df8af.jpg\",\"contentUrl\":\"https:\/\/hubsch-interior.com\/wp-content\/uploads\/2026\/02\/area-lounge-chair-petrol-184f2aefd6335c5620dddcef405df8af.jpg\",\"width\":1024,\"height\":1024},{\"@type\":\"BreadcrumbList\",\"@id\":\"https:\/\/hubsch-interior.com\/de\/produkt\/area-loungestuhl-petrol\/#breadcrumb\",\"itemListElement\":[{\"@type\":\"ListItem\",\"position\":1,\"name\":\"Startseite\",\"item\":\"https:\/\/hubsch-interior.com\/de\/\"},{\"@type\":\"ListItem\",\"position\":2,\"name\":\"Produkte\",\"item\":\"https:\/\/hubsch-interior.com\/de\/shop-2\/\"},{\"@type\":\"ListItem\",\"position\":3,\"name\":\"Area Loungestuhl Petrol\"}]},{\"@type\":\"WebSite\",\"@id\":\"https:\/\/hubsch-interior.com\/de\/#website\",\"url\":\"https:\/\/hubsch-interior.com\/de\/\",\"name\":\"H\u00fcbsch\",\"description\":\"Danish Home Interior and Design\",\"publisher\":{\"@id\":\"https:\/\/hubsch-interior.com\/de\/#organization\"},\"potentialAction\":[{\"@type\":\"SearchAction\",\"target\":{\"@type\":\"EntryPoint\",\"urlTemplate\":\"https:\/\/hubsch-interior.com\/de\/?s={search_term_string}\"},\"query-input\":{\"@type\":\"PropertyValueSpecification\",\"valueRequired\":true,\"valueName\":\"search_term_string\"}}],\"inLanguage\":\"de\"},{\"@type\":\"Organization\",\"@id\":\"https:\/\/hubsch-interior.com\/de\/#organization\",\"name\":\"H\u00fcbsch\",\"url\":\"https:\/\/hubsch-interior.com\/de\/\",\"logo\":{\"@type\":\"ImageObject\",\"inLanguage\":\"de\",\"@id\":\"https:\/\/hubsch-interior.com\/de\/#\/schema\/logo\/image\/\",\"url\":\"https:\/\/hubsch-interior.com\/wp-content\/uploads\/2022\/12\/Hubsch_logo_black_one_line.svg\",\"contentUrl\":\"https:\/\/hubsch-interior.com\/wp-content\/uploads\/2022\/12\/Hubsch_logo_black_one_line.svg\",\"caption\":\"H\u00fcbsch\"},\"image\":{\"@id\":\"https:\/\/hubsch-interior.com\/de\/#\/schema\/logo\/image\/\"}}]}<\/script>\n<!-- \/ Yoast SEO plugin. -->","yoast_head_json":{"title":"Area Loungestuhl Petrol - H\u00fcbsch","description":"Der Area Loungestuhl bietet exquisiten Komfort, elegant verh\u00fcllt in sch\u00f6nen petrolfarbenen Textilien. Mit seiner hohen R\u00fcckenlehne und sanft abgerundeten","robots":{"index":"index","follow":"follow","max-snippet":"max-snippet:-1","max-image-preview":"max-image-preview:large","max-video-preview":"max-video-preview:-1"},"canonical":"https:\/\/hubsch-interior.com\/de\/wp-json\/wp\/v2\/product\/1089369","og_locale":"de_DE","og_type":"article","og_title":"Area Loungestuhl Petrol - H\u00fcbsch","og_description":"Der Area Loungestuhl bietet exquisiten Komfort, elegant verh\u00fcllt in sch\u00f6nen petrolfarbenen Textilien. Mit seiner hohen R\u00fcckenlehne und sanft abgerundeten","og_url":"https:\/\/hubsch-interior.com\/de\/produkt\/area-loungestuhl-petrol\/","og_site_name":"H\u00fcbsch","article_modified_time":"2026-04-05T03:25:47+00:00","og_image":[{"width":1200,"height":1200,"url":"https:\/\/hubsch-interior.com\/wp-content\/uploads\/2026\/01\/area-lounge-chair-petrol-19d8044ef7f5776d281767b9890027c0.jpg","type":"image\/jpeg"}],"twitter_card":"summary_large_image","schema":{"@context":"https:\/\/schema.org","@graph":[{"@type":"WebPage","@id":"https:\/\/hubsch-interior.com\/de\/produkt\/area-loungestuhl-petrol\/","url":"https:\/\/hubsch-interior.com\/de\/produkt\/area-loungestuhl-petrol\/","name":"Area Loungestuhl Petrol - H\u00fcbsch","isPartOf":{"@id":"https:\/\/hubsch-interior.com\/de\/#website"},"primaryImageOfPage":{"@id":"https:\/\/hubsch-interior.com\/de\/produkt\/area-loungestuhl-petrol\/#primaryimage"},"image":{"@id":"https:\/\/hubsch-interior.com\/de\/produkt\/area-loungestuhl-petrol\/#primaryimage"},"thumbnailUrl":"https:\/\/hubsch-interior.com\/wp-content\/uploads\/2026\/02\/area-lounge-chair-petrol-184f2aefd6335c5620dddcef405df8af.jpg","datePublished":"2026-01-31T04:27:31+00:00","dateModified":"2026-04-05T03:25:47+00:00","description":"Der Area Loungestuhl bietet exquisiten Komfort, elegant verh\u00fcllt in sch\u00f6nen petrolfarbenen Textilien. Mit seiner hohen R\u00fcckenlehne und sanft abgerundeten","breadcrumb":{"@id":"https:\/\/hubsch-interior.com\/de\/produkt\/area-loungestuhl-petrol\/#breadcrumb"},"inLanguage":"de","potentialAction":[{"@type":"ReadAction","target":["https:\/\/hubsch-interior.com\/de\/produkt\/area-loungestuhl-petrol\/"]}]},{"@type":"ImageObject","inLanguage":"de","@id":"https:\/\/hubsch-interior.com\/de\/produkt\/area-loungestuhl-petrol\/#primaryimage","url":"https:\/\/hubsch-interior.com\/wp-content\/uploads\/2026\/02\/area-lounge-chair-petrol-184f2aefd6335c5620dddcef405df8af.jpg","contentUrl":"https:\/\/hubsch-interior.com\/wp-content\/uploads\/2026\/02\/area-lounge-chair-petrol-184f2aefd6335c5620dddcef405df8af.jpg","width":1024,"height":1024},{"@type":"BreadcrumbList","@id":"https:\/\/hubsch-interior.com\/de\/produkt\/area-loungestuhl-petrol\/#breadcrumb","itemListElement":[{"@type":"ListItem","position":1,"name":"Startseite","item":"https:\/\/hubsch-interior.com\/de\/"},{"@type":"ListItem","position":2,"name":"Produkte","item":"https:\/\/hubsch-interior.com\/de\/shop-2\/"},{"@type":"ListItem","position":3,"name":"Area Loungestuhl Petrol"}]},{"@type":"WebSite","@id":"https:\/\/hubsch-interior.com\/de\/#website","url":"https:\/\/hubsch-interior.com\/de\/","name":"H\u00fcbsch","description":"Danish Home Interior and Design","publisher":{"@id":"https:\/\/hubsch-interior.com\/de\/#organization"},"potentialAction":[{"@type":"SearchAction","target":{"@type":"EntryPoint","urlTemplate":"https:\/\/hubsch-interior.com\/de\/?s={search_term_string}"},"query-input":{"@type":"PropertyValueSpecification","valueRequired":true,"valueName":"search_term_string"}}],"inLanguage":"de"},{"@type":"Organization","@id":"https:\/\/hubsch-interior.com\/de\/#organization","name":"H\u00fcbsch","url":"https:\/\/hubsch-interior.com\/de\/","logo":{"@type":"ImageObject","inLanguage":"de","@id":"https:\/\/hubsch-interior.com\/de\/#\/schema\/logo\/image\/","url":"https:\/\/hubsch-interior.com\/wp-content\/uploads\/2022\/12\/Hubsch_logo_black_one_line.svg","contentUrl":"https:\/\/hubsch-interior.com\/wp-content\/uploads\/2022\/12\/Hubsch_logo_black_one_line.svg","caption":"H\u00fcbsch"},"image":{"@id":"https:\/\/hubsch-interior.com\/de\/#\/schema\/logo\/image\/"}}]}},"_links":{"self":[{"href":"https:\/\/hubsch-interior.com\/de\/wp-json\/wp\/v2\/product\/1089369","targetHints":{"allow":["GET"]}}],"collection":[{"href":"https:\/\/hubsch-interior.com\/de\/wp-json\/wp\/v2\/product"}],"about":[{"href":"https:\/\/hubsch-interior.com\/de\/wp-json\/wp\/v2\/types\/product"}],"wp:featuredmedia":[{"embeddable":true,"href":"https:\/\/hubsch-interior.com\/de\/wp-json\/wp\/v2\/media\/1111773"}],"wp:attachment":[{"href":"https:\/\/hubsch-interior.com\/de\/wp-json\/wp\/v2\/media?parent=1089369"}],"wp:term":[{"taxonomy":"product_brand","embeddable":true,"href":"https:\/\/hubsch-interior.com\/de\/wp-json\/wp\/v2\/product_brand?post=1089369"},{"taxonomy":"product_cat","embeddable":true,"href":"https:\/\/hubsch-interior.com\/de\/wp-json\/wp\/v2\/product_cat?post=1089369"},{"taxonomy":"product_tag","embeddable":true,"href":"https:\/\/hubsch-interior.com\/de\/wp-json\/wp\/v2\/product_tag?post=1089369"}],"curies":[{"name":"wp","href":"https:\/\/api.w.org\/{rel}","templated":true}]}}