{"id":1089397,"date":"2026-01-31T05:27:43","date_gmt":"2026-01-31T04:27:43","guid":{"rendered":"https:\/\/hubsch-interior.com\/product\/product\/"},"modified":"2026-04-06T05:19:36","modified_gmt":"2026-04-06T03:19:36","slug":"area-loungestuhl-hellgrau","status":"publish","type":"product","link":"https:\/\/hubsch-interior.com\/de\/produkt\/area-loungestuhl-hellgrau\/","title":{"rendered":"Area Loungestuhl Hellgrau"},"content":{"rendered":"<p>Der Area Loungestuhl bietet eine perfekte Harmonie aus Komfort und Stil, gekleidet in klassischen hellgrauen Textilien. Zertifiziert nach OEKO-TEX\u00ae STANDARD 100, bietet er einen sicheren R\u00fcckzugsort in allt\u00e4glichen Luxus. Seine hohe R\u00fcckenlehne bietet wunderbare Unterst\u00fctzung und ein sicheres, gem\u00fctliches Gef\u00fchl, ideal um sich in Ihrer Lieblingsecke einzukuscheln und etwas Qualit\u00e4t f\u00fcr sich selbst zu genie\u00dfen. Mit weichen, abgerundeten Kanten und einer einladenden Silhouette l\u00e4sst dieses elegante Statement-St\u00fcck Sie in jeder Sitzung Ruhe umarmen.<\/p>\n","protected":false},"excerpt":{"rendered":"<p>Der Area Loungestuhl bietet eine perfekte Harmonie aus Komfort und Stil, gekleidet in klassischen hellgrauen Textilien. Zertifiziert nach OEKO-TEX\u00ae STANDARD 100, bietet er einen sicheren R\u00fcckzugsort in allt\u00e4glichen Luxus. Seine hohe R\u00fcckenlehne bietet wunderbare Unterst\u00fctzung und ein sicheres, gem\u00fctliches Gef\u00fchl, ideal um sich in Ihrer Lieblingsecke einzukuscheln und etwas Qualit\u00e4t f\u00fcr sich selbst zu genie\u00dfen. [&hellip;]<\/p>\n","protected":false},"featured_media":1111797,"template":"","meta":{"_acf_changed":false,"inline_featured_image":false},"product_brand":[],"product_cat":[7155,2845,3024,5047],"product_tag":[],"class_list":{"0":"post-1089397","1":"product","2":"type-product","3":"status-publish","4":"has-post-thumbnail","6":"product_cat-dweller-de","7":"product_cat-sitzmoebel-de","8":"product_cat-loungestuehle-de","9":"product_cat-neuheiten-de","10":"product_shipping_class-p10","12":"pa_color-hellgrau-2","13":"pa_material-polyester-100-de","15":"first","16":"instock","17":"taxable","18":"shipping-taxable","19":"purchasable","20":"product-type-simple"},"exclude_global_add_ons":[],"addons":[],"acf":[],"yoast_head":"<!-- This site is optimized with the Yoast SEO plugin v26.4 - https:\/\/yoast.com\/wordpress\/plugins\/seo\/ -->\n<title>Area Loungestuhl Hellgrau - H\u00fcbsch<\/title>\n<meta name=\"description\" content=\"Der Area Loungestuhl bietet eine perfekte Harmonie aus Komfort und Stil, gekleidet in klassischen hellgrauen Textilien. Zertifiziert nach OEKO-TEX\u00ae\" \/>\n<meta name=\"robots\" content=\"index, follow, max-snippet:-1, max-image-preview:large, max-video-preview:-1\" \/>\n<link rel=\"canonical\" href=\"https:\/\/hubsch-interior.com\/de\/wp-json\/wp\/v2\/product\/1089397\" \/>\n<meta property=\"og:locale\" content=\"de_DE\" \/>\n<meta property=\"og:type\" content=\"article\" \/>\n<meta property=\"og:title\" content=\"Area Loungestuhl Hellgrau - H\u00fcbsch\" \/>\n<meta property=\"og:description\" content=\"Der Area Loungestuhl bietet eine perfekte Harmonie aus Komfort und Stil, gekleidet in klassischen hellgrauen Textilien. Zertifiziert nach OEKO-TEX\u00ae\" \/>\n<meta property=\"og:url\" content=\"https:\/\/hubsch-interior.com\/de\/produkt\/area-loungestuhl-hellgrau\/\" \/>\n<meta property=\"og:site_name\" content=\"H\u00fcbsch\" \/>\n<meta property=\"article:modified_time\" content=\"2026-04-06T03:19:36+00:00\" \/>\n<meta property=\"og:image\" content=\"https:\/\/hubsch-interior.com\/wp-content\/uploads\/2026\/01\/area-lounge-chair-light-grey-682d36c87a62e2e67d1e176f1298adf9.jpg\" \/>\n\t<meta property=\"og:image:width\" content=\"1200\" \/>\n\t<meta property=\"og:image:height\" content=\"1200\" \/>\n\t<meta property=\"og:image:type\" content=\"image\/jpeg\" \/>\n<meta name=\"twitter:card\" content=\"summary_large_image\" \/>\n<script type=\"application\/ld+json\" class=\"yoast-schema-graph\">{\"@context\":\"https:\/\/schema.org\",\"@graph\":[{\"@type\":\"WebPage\",\"@id\":\"https:\/\/hubsch-interior.com\/de\/produkt\/area-loungestuhl-hellgrau\/\",\"url\":\"https:\/\/hubsch-interior.com\/de\/produkt\/area-loungestuhl-hellgrau\/\",\"name\":\"Area Loungestuhl Hellgrau - H\u00fcbsch\",\"isPartOf\":{\"@id\":\"https:\/\/hubsch-interior.com\/de\/#website\"},\"primaryImageOfPage\":{\"@id\":\"https:\/\/hubsch-interior.com\/de\/produkt\/area-loungestuhl-hellgrau\/#primaryimage\"},\"image\":{\"@id\":\"https:\/\/hubsch-interior.com\/de\/produkt\/area-loungestuhl-hellgrau\/#primaryimage\"},\"thumbnailUrl\":\"https:\/\/hubsch-interior.com\/wp-content\/uploads\/2026\/02\/area-lounge-chair-light-grey-77fe5931e803a3f32f38d0161dd2fe38.jpg\",\"datePublished\":\"2026-01-31T04:27:43+00:00\",\"dateModified\":\"2026-04-06T03:19:36+00:00\",\"description\":\"Der Area Loungestuhl bietet eine perfekte Harmonie aus Komfort und Stil, gekleidet in klassischen hellgrauen Textilien. Zertifiziert nach OEKO-TEX\u00ae\",\"breadcrumb\":{\"@id\":\"https:\/\/hubsch-interior.com\/de\/produkt\/area-loungestuhl-hellgrau\/#breadcrumb\"},\"inLanguage\":\"de\",\"potentialAction\":[{\"@type\":\"ReadAction\",\"target\":[\"https:\/\/hubsch-interior.com\/de\/produkt\/area-loungestuhl-hellgrau\/\"]}]},{\"@type\":\"ImageObject\",\"inLanguage\":\"de\",\"@id\":\"https:\/\/hubsch-interior.com\/de\/produkt\/area-loungestuhl-hellgrau\/#primaryimage\",\"url\":\"https:\/\/hubsch-interior.com\/wp-content\/uploads\/2026\/02\/area-lounge-chair-light-grey-77fe5931e803a3f32f38d0161dd2fe38.jpg\",\"contentUrl\":\"https:\/\/hubsch-interior.com\/wp-content\/uploads\/2026\/02\/area-lounge-chair-light-grey-77fe5931e803a3f32f38d0161dd2fe38.jpg\",\"width\":1024,\"height\":1024},{\"@type\":\"BreadcrumbList\",\"@id\":\"https:\/\/hubsch-interior.com\/de\/produkt\/area-loungestuhl-hellgrau\/#breadcrumb\",\"itemListElement\":[{\"@type\":\"ListItem\",\"position\":1,\"name\":\"Startseite\",\"item\":\"https:\/\/hubsch-interior.com\/de\/\"},{\"@type\":\"ListItem\",\"position\":2,\"name\":\"Produkte\",\"item\":\"https:\/\/hubsch-interior.com\/de\/shop-2\/\"},{\"@type\":\"ListItem\",\"position\":3,\"name\":\"Area Loungestuhl Hellgrau\"}]},{\"@type\":\"WebSite\",\"@id\":\"https:\/\/hubsch-interior.com\/de\/#website\",\"url\":\"https:\/\/hubsch-interior.com\/de\/\",\"name\":\"H\u00fcbsch\",\"description\":\"Danish Home Interior and Design\",\"publisher\":{\"@id\":\"https:\/\/hubsch-interior.com\/de\/#organization\"},\"potentialAction\":[{\"@type\":\"SearchAction\",\"target\":{\"@type\":\"EntryPoint\",\"urlTemplate\":\"https:\/\/hubsch-interior.com\/de\/?s={search_term_string}\"},\"query-input\":{\"@type\":\"PropertyValueSpecification\",\"valueRequired\":true,\"valueName\":\"search_term_string\"}}],\"inLanguage\":\"de\"},{\"@type\":\"Organization\",\"@id\":\"https:\/\/hubsch-interior.com\/de\/#organization\",\"name\":\"H\u00fcbsch\",\"url\":\"https:\/\/hubsch-interior.com\/de\/\",\"logo\":{\"@type\":\"ImageObject\",\"inLanguage\":\"de\",\"@id\":\"https:\/\/hubsch-interior.com\/de\/#\/schema\/logo\/image\/\",\"url\":\"https:\/\/hubsch-interior.com\/wp-content\/uploads\/2022\/12\/Hubsch_logo_black_one_line.svg\",\"contentUrl\":\"https:\/\/hubsch-interior.com\/wp-content\/uploads\/2022\/12\/Hubsch_logo_black_one_line.svg\",\"caption\":\"H\u00fcbsch\"},\"image\":{\"@id\":\"https:\/\/hubsch-interior.com\/de\/#\/schema\/logo\/image\/\"}}]}<\/script>\n<!-- \/ Yoast SEO plugin. -->","yoast_head_json":{"title":"Area Loungestuhl Hellgrau - H\u00fcbsch","description":"Der Area Loungestuhl bietet eine perfekte Harmonie aus Komfort und Stil, gekleidet in klassischen hellgrauen Textilien. Zertifiziert nach OEKO-TEX\u00ae","robots":{"index":"index","follow":"follow","max-snippet":"max-snippet:-1","max-image-preview":"max-image-preview:large","max-video-preview":"max-video-preview:-1"},"canonical":"https:\/\/hubsch-interior.com\/de\/wp-json\/wp\/v2\/product\/1089397","og_locale":"de_DE","og_type":"article","og_title":"Area Loungestuhl Hellgrau - H\u00fcbsch","og_description":"Der Area Loungestuhl bietet eine perfekte Harmonie aus Komfort und Stil, gekleidet in klassischen hellgrauen Textilien. Zertifiziert nach OEKO-TEX\u00ae","og_url":"https:\/\/hubsch-interior.com\/de\/produkt\/area-loungestuhl-hellgrau\/","og_site_name":"H\u00fcbsch","article_modified_time":"2026-04-06T03:19:36+00:00","og_image":[{"width":1200,"height":1200,"url":"https:\/\/hubsch-interior.com\/wp-content\/uploads\/2026\/01\/area-lounge-chair-light-grey-682d36c87a62e2e67d1e176f1298adf9.jpg","type":"image\/jpeg"}],"twitter_card":"summary_large_image","schema":{"@context":"https:\/\/schema.org","@graph":[{"@type":"WebPage","@id":"https:\/\/hubsch-interior.com\/de\/produkt\/area-loungestuhl-hellgrau\/","url":"https:\/\/hubsch-interior.com\/de\/produkt\/area-loungestuhl-hellgrau\/","name":"Area Loungestuhl Hellgrau - H\u00fcbsch","isPartOf":{"@id":"https:\/\/hubsch-interior.com\/de\/#website"},"primaryImageOfPage":{"@id":"https:\/\/hubsch-interior.com\/de\/produkt\/area-loungestuhl-hellgrau\/#primaryimage"},"image":{"@id":"https:\/\/hubsch-interior.com\/de\/produkt\/area-loungestuhl-hellgrau\/#primaryimage"},"thumbnailUrl":"https:\/\/hubsch-interior.com\/wp-content\/uploads\/2026\/02\/area-lounge-chair-light-grey-77fe5931e803a3f32f38d0161dd2fe38.jpg","datePublished":"2026-01-31T04:27:43+00:00","dateModified":"2026-04-06T03:19:36+00:00","description":"Der Area Loungestuhl bietet eine perfekte Harmonie aus Komfort und Stil, gekleidet in klassischen hellgrauen Textilien. Zertifiziert nach OEKO-TEX\u00ae","breadcrumb":{"@id":"https:\/\/hubsch-interior.com\/de\/produkt\/area-loungestuhl-hellgrau\/#breadcrumb"},"inLanguage":"de","potentialAction":[{"@type":"ReadAction","target":["https:\/\/hubsch-interior.com\/de\/produkt\/area-loungestuhl-hellgrau\/"]}]},{"@type":"ImageObject","inLanguage":"de","@id":"https:\/\/hubsch-interior.com\/de\/produkt\/area-loungestuhl-hellgrau\/#primaryimage","url":"https:\/\/hubsch-interior.com\/wp-content\/uploads\/2026\/02\/area-lounge-chair-light-grey-77fe5931e803a3f32f38d0161dd2fe38.jpg","contentUrl":"https:\/\/hubsch-interior.com\/wp-content\/uploads\/2026\/02\/area-lounge-chair-light-grey-77fe5931e803a3f32f38d0161dd2fe38.jpg","width":1024,"height":1024},{"@type":"BreadcrumbList","@id":"https:\/\/hubsch-interior.com\/de\/produkt\/area-loungestuhl-hellgrau\/#breadcrumb","itemListElement":[{"@type":"ListItem","position":1,"name":"Startseite","item":"https:\/\/hubsch-interior.com\/de\/"},{"@type":"ListItem","position":2,"name":"Produkte","item":"https:\/\/hubsch-interior.com\/de\/shop-2\/"},{"@type":"ListItem","position":3,"name":"Area Loungestuhl Hellgrau"}]},{"@type":"WebSite","@id":"https:\/\/hubsch-interior.com\/de\/#website","url":"https:\/\/hubsch-interior.com\/de\/","name":"H\u00fcbsch","description":"Danish Home Interior and Design","publisher":{"@id":"https:\/\/hubsch-interior.com\/de\/#organization"},"potentialAction":[{"@type":"SearchAction","target":{"@type":"EntryPoint","urlTemplate":"https:\/\/hubsch-interior.com\/de\/?s={search_term_string}"},"query-input":{"@type":"PropertyValueSpecification","valueRequired":true,"valueName":"search_term_string"}}],"inLanguage":"de"},{"@type":"Organization","@id":"https:\/\/hubsch-interior.com\/de\/#organization","name":"H\u00fcbsch","url":"https:\/\/hubsch-interior.com\/de\/","logo":{"@type":"ImageObject","inLanguage":"de","@id":"https:\/\/hubsch-interior.com\/de\/#\/schema\/logo\/image\/","url":"https:\/\/hubsch-interior.com\/wp-content\/uploads\/2022\/12\/Hubsch_logo_black_one_line.svg","contentUrl":"https:\/\/hubsch-interior.com\/wp-content\/uploads\/2022\/12\/Hubsch_logo_black_one_line.svg","caption":"H\u00fcbsch"},"image":{"@id":"https:\/\/hubsch-interior.com\/de\/#\/schema\/logo\/image\/"}}]}},"_links":{"self":[{"href":"https:\/\/hubsch-interior.com\/de\/wp-json\/wp\/v2\/product\/1089397","targetHints":{"allow":["GET"]}}],"collection":[{"href":"https:\/\/hubsch-interior.com\/de\/wp-json\/wp\/v2\/product"}],"about":[{"href":"https:\/\/hubsch-interior.com\/de\/wp-json\/wp\/v2\/types\/product"}],"wp:featuredmedia":[{"embeddable":true,"href":"https:\/\/hubsch-interior.com\/de\/wp-json\/wp\/v2\/media\/1111797"}],"wp:attachment":[{"href":"https:\/\/hubsch-interior.com\/de\/wp-json\/wp\/v2\/media?parent=1089397"}],"wp:term":[{"taxonomy":"product_brand","embeddable":true,"href":"https:\/\/hubsch-interior.com\/de\/wp-json\/wp\/v2\/product_brand?post=1089397"},{"taxonomy":"product_cat","embeddable":true,"href":"https:\/\/hubsch-interior.com\/de\/wp-json\/wp\/v2\/product_cat?post=1089397"},{"taxonomy":"product_tag","embeddable":true,"href":"https:\/\/hubsch-interior.com\/de\/wp-json\/wp\/v2\/product_tag?post=1089397"}],"curies":[{"name":"wp","href":"https:\/\/api.w.org\/{rel}","templated":true}]}}