{"id":1089437,"date":"2026-01-31T05:28:05","date_gmt":"2026-01-31T04:28:05","guid":{"rendered":"https:\/\/hubsch-interior.com\/product\/product\/"},"modified":"2026-04-06T05:19:40","modified_gmt":"2026-04-06T03:19:40","slug":"elegance-sofa-dunkelblau-2","status":"publish","type":"product","link":"https:\/\/hubsch-interior.com\/de\/produkt\/elegance-sofa-dunkelblau-2\/","title":{"rendered":"Elegance Sofa Dunkelblau"},"content":{"rendered":"<p>Das Elegance Sofa vereint Komfort mit zeitgen\u00f6ssischer Kunstfertigkeit, eingeh\u00fcllt in dunkelblaue Textilien mit verspielten Sprenkeln. Mit seinen sanften, organischen Formen, die zum Entspannen einladen, ist es nach OEKO-TEX\u00ae STANDARD 100 zertifiziert, um ein toxin-freies Umfeld in Ihrem Wohnbereich zu gew\u00e4hrleisten. Ger\u00e4umig, jedoch niemals klobig, schafft dieses Sofa das perfekte Nest f\u00fcr Familientreffen oder stille R\u00fcckz\u00fcge mit einem guten Buch. Weich, bequem und unwiderstehlich stilvoll bietet es mehr als nur einen Sitzplatz \u2014 es schafft eine wahre Oase.<\/p>\n","protected":false},"excerpt":{"rendered":"<p>Das Elegance Sofa vereint Komfort mit zeitgen\u00f6ssischer Kunstfertigkeit, eingeh\u00fcllt in dunkelblaue Textilien mit verspielten Sprenkeln. Mit seinen sanften, organischen Formen, die zum Entspannen einladen, ist es nach OEKO-TEX\u00ae STANDARD 100 zertifiziert, um ein toxin-freies Umfeld in Ihrem Wohnbereich zu gew\u00e4hrleisten. Ger\u00e4umig, jedoch niemals klobig, schafft dieses Sofa das perfekte Nest f\u00fcr Familientreffen oder stille R\u00fcckz\u00fcge [&hellip;]<\/p>\n","protected":false},"featured_media":1116088,"template":"","meta":{"_acf_changed":false,"inline_featured_image":false},"product_brand":[],"product_cat":[7155,2845,4200,5047],"product_tag":[],"class_list":{"0":"post-1089437","1":"product","2":"type-product","3":"status-publish","4":"has-post-thumbnail","6":"product_cat-dweller-de","7":"product_cat-sitzmoebel-de","8":"product_cat-sofas-daybeds-de","9":"product_cat-neuheiten-de","10":"product_shipping_class-p10","12":"pa_color-dunkelblau-2","13":"pa_material-polyester-100-de","15":"first","16":"instock","17":"taxable","18":"shipping-taxable","19":"purchasable","20":"product-type-simple"},"exclude_global_add_ons":[],"addons":[],"acf":[],"yoast_head":"<!-- This site is optimized with the Yoast SEO plugin v26.4 - https:\/\/yoast.com\/wordpress\/plugins\/seo\/ -->\n<title>Elegance Sofa Dunkelblau - H\u00fcbsch<\/title>\n<meta name=\"description\" content=\"Das Elegance Sofa vereint Komfort mit zeitgen\u00f6ssischer Kunstfertigkeit, eingeh\u00fcllt in dunkelblaue Textilien mit verspielten Sprenkeln. Mit seinen sanften,\" \/>\n<meta name=\"robots\" content=\"index, follow, max-snippet:-1, max-image-preview:large, max-video-preview:-1\" \/>\n<link rel=\"canonical\" href=\"https:\/\/hubsch-interior.com\/de\/wp-json\/wp\/v2\/product\/1089437\" \/>\n<meta property=\"og:locale\" content=\"de_DE\" \/>\n<meta property=\"og:type\" content=\"article\" \/>\n<meta property=\"og:title\" content=\"Elegance Sofa Dunkelblau - H\u00fcbsch\" \/>\n<meta property=\"og:description\" content=\"Das Elegance Sofa vereint Komfort mit zeitgen\u00f6ssischer Kunstfertigkeit, eingeh\u00fcllt in dunkelblaue Textilien mit verspielten Sprenkeln. Mit seinen sanften,\" \/>\n<meta property=\"og:url\" content=\"https:\/\/hubsch-interior.com\/de\/produkt\/elegance-sofa-dunkelblau-2\/\" \/>\n<meta property=\"og:site_name\" content=\"H\u00fcbsch\" \/>\n<meta property=\"article:modified_time\" content=\"2026-04-06T03:19:40+00:00\" \/>\n<meta property=\"og:image\" content=\"https:\/\/hubsch-interior.com\/wp-content\/uploads\/2026\/04\/elegance-sofa-dark-blue-bf097f8b85046332eeae585dbc1ed3b8.jpg\" \/>\n\t<meta property=\"og:image:width\" content=\"1024\" \/>\n\t<meta property=\"og:image:height\" content=\"1024\" \/>\n\t<meta property=\"og:image:type\" content=\"image\/jpeg\" \/>\n<meta name=\"twitter:card\" content=\"summary_large_image\" \/>\n<script type=\"application\/ld+json\" class=\"yoast-schema-graph\">{\"@context\":\"https:\/\/schema.org\",\"@graph\":[{\"@type\":\"WebPage\",\"@id\":\"https:\/\/hubsch-interior.com\/de\/produkt\/elegance-sofa-dunkelblau-2\/\",\"url\":\"https:\/\/hubsch-interior.com\/de\/produkt\/elegance-sofa-dunkelblau-2\/\",\"name\":\"Elegance Sofa Dunkelblau - H\u00fcbsch\",\"isPartOf\":{\"@id\":\"https:\/\/hubsch-interior.com\/de\/#website\"},\"primaryImageOfPage\":{\"@id\":\"https:\/\/hubsch-interior.com\/de\/produkt\/elegance-sofa-dunkelblau-2\/#primaryimage\"},\"image\":{\"@id\":\"https:\/\/hubsch-interior.com\/de\/produkt\/elegance-sofa-dunkelblau-2\/#primaryimage\"},\"thumbnailUrl\":\"https:\/\/hubsch-interior.com\/wp-content\/uploads\/2026\/04\/elegance-sofa-dark-blue-bf097f8b85046332eeae585dbc1ed3b8.jpg\",\"datePublished\":\"2026-01-31T04:28:05+00:00\",\"dateModified\":\"2026-04-06T03:19:40+00:00\",\"description\":\"Das Elegance Sofa vereint Komfort mit zeitgen\u00f6ssischer Kunstfertigkeit, eingeh\u00fcllt in dunkelblaue Textilien mit verspielten Sprenkeln. Mit seinen sanften,\",\"breadcrumb\":{\"@id\":\"https:\/\/hubsch-interior.com\/de\/produkt\/elegance-sofa-dunkelblau-2\/#breadcrumb\"},\"inLanguage\":\"de\",\"potentialAction\":[{\"@type\":\"ReadAction\",\"target\":[\"https:\/\/hubsch-interior.com\/de\/produkt\/elegance-sofa-dunkelblau-2\/\"]}]},{\"@type\":\"ImageObject\",\"inLanguage\":\"de\",\"@id\":\"https:\/\/hubsch-interior.com\/de\/produkt\/elegance-sofa-dunkelblau-2\/#primaryimage\",\"url\":\"https:\/\/hubsch-interior.com\/wp-content\/uploads\/2026\/04\/elegance-sofa-dark-blue-bf097f8b85046332eeae585dbc1ed3b8.jpg\",\"contentUrl\":\"https:\/\/hubsch-interior.com\/wp-content\/uploads\/2026\/04\/elegance-sofa-dark-blue-bf097f8b85046332eeae585dbc1ed3b8.jpg\",\"width\":1024,\"height\":1024},{\"@type\":\"BreadcrumbList\",\"@id\":\"https:\/\/hubsch-interior.com\/de\/produkt\/elegance-sofa-dunkelblau-2\/#breadcrumb\",\"itemListElement\":[{\"@type\":\"ListItem\",\"position\":1,\"name\":\"Startseite\",\"item\":\"https:\/\/hubsch-interior.com\/de\/\"},{\"@type\":\"ListItem\",\"position\":2,\"name\":\"Produkte\",\"item\":\"https:\/\/hubsch-interior.com\/de\/shop-2\/\"},{\"@type\":\"ListItem\",\"position\":3,\"name\":\"M\u00f6bel\",\"item\":\"https:\/\/hubsch-interior.com\/de\/produkt-kategorie\/moebel\/\"},{\"@type\":\"ListItem\",\"position\":4,\"name\":\"Sitzm&ouml;bel\",\"item\":\"https:\/\/hubsch-interior.com\/de\/produkt-kategorie\/moebel\/sitzmoebel-de\/\"},{\"@type\":\"ListItem\",\"position\":5,\"name\":\"Sofas &amp; Daybeds\",\"item\":\"https:\/\/hubsch-interior.com\/de\/produkt-kategorie\/moebel\/sitzmoebel-de\/sofas-daybeds-de\/\"},{\"@type\":\"ListItem\",\"position\":6,\"name\":\"Elegance Sofa Dunkelblau\"}]},{\"@type\":\"WebSite\",\"@id\":\"https:\/\/hubsch-interior.com\/de\/#website\",\"url\":\"https:\/\/hubsch-interior.com\/de\/\",\"name\":\"H\u00fcbsch\",\"description\":\"Danish Home Interior and Design\",\"publisher\":{\"@id\":\"https:\/\/hubsch-interior.com\/de\/#organization\"},\"potentialAction\":[{\"@type\":\"SearchAction\",\"target\":{\"@type\":\"EntryPoint\",\"urlTemplate\":\"https:\/\/hubsch-interior.com\/de\/?s={search_term_string}\"},\"query-input\":{\"@type\":\"PropertyValueSpecification\",\"valueRequired\":true,\"valueName\":\"search_term_string\"}}],\"inLanguage\":\"de\"},{\"@type\":\"Organization\",\"@id\":\"https:\/\/hubsch-interior.com\/de\/#organization\",\"name\":\"H\u00fcbsch\",\"url\":\"https:\/\/hubsch-interior.com\/de\/\",\"logo\":{\"@type\":\"ImageObject\",\"inLanguage\":\"de\",\"@id\":\"https:\/\/hubsch-interior.com\/de\/#\/schema\/logo\/image\/\",\"url\":\"https:\/\/hubsch-interior.com\/wp-content\/uploads\/2022\/12\/Hubsch_logo_black_one_line.svg\",\"contentUrl\":\"https:\/\/hubsch-interior.com\/wp-content\/uploads\/2022\/12\/Hubsch_logo_black_one_line.svg\",\"caption\":\"H\u00fcbsch\"},\"image\":{\"@id\":\"https:\/\/hubsch-interior.com\/de\/#\/schema\/logo\/image\/\"}}]}<\/script>\n<!-- \/ Yoast SEO plugin. -->","yoast_head_json":{"title":"Elegance Sofa Dunkelblau - H\u00fcbsch","description":"Das Elegance Sofa vereint Komfort mit zeitgen\u00f6ssischer Kunstfertigkeit, eingeh\u00fcllt in dunkelblaue Textilien mit verspielten Sprenkeln. Mit seinen sanften,","robots":{"index":"index","follow":"follow","max-snippet":"max-snippet:-1","max-image-preview":"max-image-preview:large","max-video-preview":"max-video-preview:-1"},"canonical":"https:\/\/hubsch-interior.com\/de\/wp-json\/wp\/v2\/product\/1089437","og_locale":"de_DE","og_type":"article","og_title":"Elegance Sofa Dunkelblau - H\u00fcbsch","og_description":"Das Elegance Sofa vereint Komfort mit zeitgen\u00f6ssischer Kunstfertigkeit, eingeh\u00fcllt in dunkelblaue Textilien mit verspielten Sprenkeln. Mit seinen sanften,","og_url":"https:\/\/hubsch-interior.com\/de\/produkt\/elegance-sofa-dunkelblau-2\/","og_site_name":"H\u00fcbsch","article_modified_time":"2026-04-06T03:19:40+00:00","og_image":[{"width":1024,"height":1024,"url":"https:\/\/hubsch-interior.com\/wp-content\/uploads\/2026\/04\/elegance-sofa-dark-blue-bf097f8b85046332eeae585dbc1ed3b8.jpg","type":"image\/jpeg"}],"twitter_card":"summary_large_image","schema":{"@context":"https:\/\/schema.org","@graph":[{"@type":"WebPage","@id":"https:\/\/hubsch-interior.com\/de\/produkt\/elegance-sofa-dunkelblau-2\/","url":"https:\/\/hubsch-interior.com\/de\/produkt\/elegance-sofa-dunkelblau-2\/","name":"Elegance Sofa Dunkelblau - H\u00fcbsch","isPartOf":{"@id":"https:\/\/hubsch-interior.com\/de\/#website"},"primaryImageOfPage":{"@id":"https:\/\/hubsch-interior.com\/de\/produkt\/elegance-sofa-dunkelblau-2\/#primaryimage"},"image":{"@id":"https:\/\/hubsch-interior.com\/de\/produkt\/elegance-sofa-dunkelblau-2\/#primaryimage"},"thumbnailUrl":"https:\/\/hubsch-interior.com\/wp-content\/uploads\/2026\/04\/elegance-sofa-dark-blue-bf097f8b85046332eeae585dbc1ed3b8.jpg","datePublished":"2026-01-31T04:28:05+00:00","dateModified":"2026-04-06T03:19:40+00:00","description":"Das Elegance Sofa vereint Komfort mit zeitgen\u00f6ssischer Kunstfertigkeit, eingeh\u00fcllt in dunkelblaue Textilien mit verspielten Sprenkeln. Mit seinen sanften,","breadcrumb":{"@id":"https:\/\/hubsch-interior.com\/de\/produkt\/elegance-sofa-dunkelblau-2\/#breadcrumb"},"inLanguage":"de","potentialAction":[{"@type":"ReadAction","target":["https:\/\/hubsch-interior.com\/de\/produkt\/elegance-sofa-dunkelblau-2\/"]}]},{"@type":"ImageObject","inLanguage":"de","@id":"https:\/\/hubsch-interior.com\/de\/produkt\/elegance-sofa-dunkelblau-2\/#primaryimage","url":"https:\/\/hubsch-interior.com\/wp-content\/uploads\/2026\/04\/elegance-sofa-dark-blue-bf097f8b85046332eeae585dbc1ed3b8.jpg","contentUrl":"https:\/\/hubsch-interior.com\/wp-content\/uploads\/2026\/04\/elegance-sofa-dark-blue-bf097f8b85046332eeae585dbc1ed3b8.jpg","width":1024,"height":1024},{"@type":"BreadcrumbList","@id":"https:\/\/hubsch-interior.com\/de\/produkt\/elegance-sofa-dunkelblau-2\/#breadcrumb","itemListElement":[{"@type":"ListItem","position":1,"name":"Startseite","item":"https:\/\/hubsch-interior.com\/de\/"},{"@type":"ListItem","position":2,"name":"Produkte","item":"https:\/\/hubsch-interior.com\/de\/shop-2\/"},{"@type":"ListItem","position":3,"name":"M\u00f6bel","item":"https:\/\/hubsch-interior.com\/de\/produkt-kategorie\/moebel\/"},{"@type":"ListItem","position":4,"name":"Sitzm&ouml;bel","item":"https:\/\/hubsch-interior.com\/de\/produkt-kategorie\/moebel\/sitzmoebel-de\/"},{"@type":"ListItem","position":5,"name":"Sofas &amp; Daybeds","item":"https:\/\/hubsch-interior.com\/de\/produkt-kategorie\/moebel\/sitzmoebel-de\/sofas-daybeds-de\/"},{"@type":"ListItem","position":6,"name":"Elegance Sofa Dunkelblau"}]},{"@type":"WebSite","@id":"https:\/\/hubsch-interior.com\/de\/#website","url":"https:\/\/hubsch-interior.com\/de\/","name":"H\u00fcbsch","description":"Danish Home Interior and Design","publisher":{"@id":"https:\/\/hubsch-interior.com\/de\/#organization"},"potentialAction":[{"@type":"SearchAction","target":{"@type":"EntryPoint","urlTemplate":"https:\/\/hubsch-interior.com\/de\/?s={search_term_string}"},"query-input":{"@type":"PropertyValueSpecification","valueRequired":true,"valueName":"search_term_string"}}],"inLanguage":"de"},{"@type":"Organization","@id":"https:\/\/hubsch-interior.com\/de\/#organization","name":"H\u00fcbsch","url":"https:\/\/hubsch-interior.com\/de\/","logo":{"@type":"ImageObject","inLanguage":"de","@id":"https:\/\/hubsch-interior.com\/de\/#\/schema\/logo\/image\/","url":"https:\/\/hubsch-interior.com\/wp-content\/uploads\/2022\/12\/Hubsch_logo_black_one_line.svg","contentUrl":"https:\/\/hubsch-interior.com\/wp-content\/uploads\/2022\/12\/Hubsch_logo_black_one_line.svg","caption":"H\u00fcbsch"},"image":{"@id":"https:\/\/hubsch-interior.com\/de\/#\/schema\/logo\/image\/"}}]}},"_links":{"self":[{"href":"https:\/\/hubsch-interior.com\/de\/wp-json\/wp\/v2\/product\/1089437","targetHints":{"allow":["GET"]}}],"collection":[{"href":"https:\/\/hubsch-interior.com\/de\/wp-json\/wp\/v2\/product"}],"about":[{"href":"https:\/\/hubsch-interior.com\/de\/wp-json\/wp\/v2\/types\/product"}],"wp:featuredmedia":[{"embeddable":true,"href":"https:\/\/hubsch-interior.com\/de\/wp-json\/wp\/v2\/media\/1116088"}],"wp:attachment":[{"href":"https:\/\/hubsch-interior.com\/de\/wp-json\/wp\/v2\/media?parent=1089437"}],"wp:term":[{"taxonomy":"product_brand","embeddable":true,"href":"https:\/\/hubsch-interior.com\/de\/wp-json\/wp\/v2\/product_brand?post=1089437"},{"taxonomy":"product_cat","embeddable":true,"href":"https:\/\/hubsch-interior.com\/de\/wp-json\/wp\/v2\/product_cat?post=1089437"},{"taxonomy":"product_tag","embeddable":true,"href":"https:\/\/hubsch-interior.com\/de\/wp-json\/wp\/v2\/product_tag?post=1089437"}],"curies":[{"name":"wp","href":"https:\/\/api.w.org\/{rel}","templated":true}]}}