{"id":1089533,"date":"2026-01-31T05:30:08","date_gmt":"2026-01-31T04:30:08","guid":{"rendered":"https:\/\/hubsch-interior.com\/product\/product\/"},"modified":"2026-04-05T05:26:45","modified_gmt":"2026-04-05T03:26:45","slug":"cover-wandlampe-messingfarben","status":"publish","type":"product","link":"https:\/\/hubsch-interior.com\/de\/produkt\/cover-wandlampe-messingfarben\/","title":{"rendered":"Cover Wandlampe Messingfarben"},"content":{"rendered":"<p>Wir pr\u00e4sentieren die Cover Wandlampe, eine unverzichtbare Bereicherung f\u00fcr Ihr Zuhause mit ihrem klassischen und dezenten Design. Gefertigt mit einer Oberfl\u00e4che aus geb\u00fcrstetem Messing, verf\u00fcgt diese elegante Leuchte \u00fcber ein drehbares Gelenk, das es Ihnen erm\u00f6glicht, die Beleuchtung nach Ihren Bed\u00fcrfnissen anzupassen. Ob Sie die Seiten Ihres Lieblingsbuches in einer gem\u00fctlichen Leseecke erleuchten oder Ihrem Nachttisch ein warmes Leuchten verleihen, die Cover Wandlampe ist \u00e4u\u00dferst vielseitig und f\u00fcgt sich nahtlos in Ihr pers\u00f6nliches Refugium ein.<\/p>\n","protected":false},"excerpt":{"rendered":"<p>Wir pr\u00e4sentieren die Cover Wandlampe, eine unverzichtbare Bereicherung f\u00fcr Ihr Zuhause mit ihrem klassischen und dezenten Design. Gefertigt mit einer Oberfl\u00e4che aus geb\u00fcrstetem Messing, verf\u00fcgt diese elegante Leuchte \u00fcber ein drehbares Gelenk, das es Ihnen erm\u00f6glicht, die Beleuchtung nach Ihren Bed\u00fcrfnissen anzupassen. Ob Sie die Seiten Ihres Lieblingsbuches in einer gem\u00fctlichen Leseecke erleuchten oder Ihrem [&hellip;]<\/p>\n","protected":false},"featured_media":1111921,"template":"","meta":{"_acf_changed":false,"inline_featured_image":false},"product_brand":[],"product_cat":[7155,3809,3409,5047],"product_tag":[],"class_list":{"0":"post-1089533","1":"product","2":"type-product","3":"status-publish","4":"has-post-thumbnail","6":"product_cat-dweller-de","7":"product_cat-beleuchtung","8":"product_cat-wandlampen-de","9":"product_cat-neuheiten-de","10":"product_shipping_class-pk","12":"pa_color-messingfarben","13":"pa_material-eisen-de","14":"pa_material-polycarbonat-2","16":"first","17":"instock","18":"taxable","19":"shipping-taxable","20":"purchasable","21":"product-type-simple"},"exclude_global_add_ons":[],"addons":[],"acf":[],"yoast_head":"<!-- This site is optimized with the Yoast SEO plugin v26.4 - https:\/\/yoast.com\/wordpress\/plugins\/seo\/ -->\n<title>Cover Wandlampe Messingfarben - H\u00fcbsch<\/title>\n<meta name=\"description\" content=\"Wir pr\u00e4sentieren die Cover Wandlampe, eine unverzichtbare Bereicherung f\u00fcr Ihr Zuhause mit ihrem klassischen und dezenten Design. Gefertigt mit einer\" \/>\n<meta name=\"robots\" content=\"index, follow, max-snippet:-1, max-image-preview:large, max-video-preview:-1\" \/>\n<link rel=\"canonical\" href=\"https:\/\/hubsch-interior.com\/de\/wp-json\/wp\/v2\/product\/1089533\" \/>\n<meta property=\"og:locale\" content=\"de_DE\" \/>\n<meta property=\"og:type\" content=\"article\" \/>\n<meta property=\"og:title\" content=\"Cover Wandlampe Messingfarben - H\u00fcbsch\" \/>\n<meta property=\"og:description\" content=\"Wir pr\u00e4sentieren die Cover Wandlampe, eine unverzichtbare Bereicherung f\u00fcr Ihr Zuhause mit ihrem klassischen und dezenten Design. Gefertigt mit einer\" \/>\n<meta property=\"og:url\" content=\"https:\/\/hubsch-interior.com\/de\/produkt\/cover-wandlampe-messingfarben\/\" \/>\n<meta property=\"og:site_name\" content=\"H\u00fcbsch\" \/>\n<meta property=\"article:modified_time\" content=\"2026-04-05T03:26:45+00:00\" \/>\n<meta property=\"og:image\" content=\"https:\/\/hubsch-interior.com\/wp-content\/uploads\/2026\/01\/cover-wall-lamp-brass-6651ae95b57efa293268b1af56a71178.jpg\" \/>\n\t<meta property=\"og:image:width\" content=\"1200\" \/>\n\t<meta property=\"og:image:height\" content=\"1200\" \/>\n\t<meta property=\"og:image:type\" content=\"image\/jpeg\" \/>\n<meta name=\"twitter:card\" content=\"summary_large_image\" \/>\n<script type=\"application\/ld+json\" class=\"yoast-schema-graph\">{\"@context\":\"https:\/\/schema.org\",\"@graph\":[{\"@type\":\"WebPage\",\"@id\":\"https:\/\/hubsch-interior.com\/de\/produkt\/cover-wandlampe-messingfarben\/\",\"url\":\"https:\/\/hubsch-interior.com\/de\/produkt\/cover-wandlampe-messingfarben\/\",\"name\":\"Cover Wandlampe Messingfarben - H\u00fcbsch\",\"isPartOf\":{\"@id\":\"https:\/\/hubsch-interior.com\/de\/#website\"},\"primaryImageOfPage\":{\"@id\":\"https:\/\/hubsch-interior.com\/de\/produkt\/cover-wandlampe-messingfarben\/#primaryimage\"},\"image\":{\"@id\":\"https:\/\/hubsch-interior.com\/de\/produkt\/cover-wandlampe-messingfarben\/#primaryimage\"},\"thumbnailUrl\":\"https:\/\/hubsch-interior.com\/wp-content\/uploads\/2026\/02\/cover-wall-lamp-brass-aaf17b32b2150174cfbd25111b8570ff.jpg\",\"datePublished\":\"2026-01-31T04:30:08+00:00\",\"dateModified\":\"2026-04-05T03:26:45+00:00\",\"description\":\"Wir pr\u00e4sentieren die Cover Wandlampe, eine unverzichtbare Bereicherung f\u00fcr Ihr Zuhause mit ihrem klassischen und dezenten Design. Gefertigt mit einer\",\"breadcrumb\":{\"@id\":\"https:\/\/hubsch-interior.com\/de\/produkt\/cover-wandlampe-messingfarben\/#breadcrumb\"},\"inLanguage\":\"de\",\"potentialAction\":[{\"@type\":\"ReadAction\",\"target\":[\"https:\/\/hubsch-interior.com\/de\/produkt\/cover-wandlampe-messingfarben\/\"]}]},{\"@type\":\"ImageObject\",\"inLanguage\":\"de\",\"@id\":\"https:\/\/hubsch-interior.com\/de\/produkt\/cover-wandlampe-messingfarben\/#primaryimage\",\"url\":\"https:\/\/hubsch-interior.com\/wp-content\/uploads\/2026\/02\/cover-wall-lamp-brass-aaf17b32b2150174cfbd25111b8570ff.jpg\",\"contentUrl\":\"https:\/\/hubsch-interior.com\/wp-content\/uploads\/2026\/02\/cover-wall-lamp-brass-aaf17b32b2150174cfbd25111b8570ff.jpg\",\"width\":1024,\"height\":1024},{\"@type\":\"BreadcrumbList\",\"@id\":\"https:\/\/hubsch-interior.com\/de\/produkt\/cover-wandlampe-messingfarben\/#breadcrumb\",\"itemListElement\":[{\"@type\":\"ListItem\",\"position\":1,\"name\":\"Startseite\",\"item\":\"https:\/\/hubsch-interior.com\/de\/\"},{\"@type\":\"ListItem\",\"position\":2,\"name\":\"Produkte\",\"item\":\"https:\/\/hubsch-interior.com\/de\/shop-2\/\"},{\"@type\":\"ListItem\",\"position\":3,\"name\":\"Cover Wandlampe Messingfarben\"}]},{\"@type\":\"WebSite\",\"@id\":\"https:\/\/hubsch-interior.com\/de\/#website\",\"url\":\"https:\/\/hubsch-interior.com\/de\/\",\"name\":\"H\u00fcbsch\",\"description\":\"Danish Home Interior and Design\",\"publisher\":{\"@id\":\"https:\/\/hubsch-interior.com\/de\/#organization\"},\"potentialAction\":[{\"@type\":\"SearchAction\",\"target\":{\"@type\":\"EntryPoint\",\"urlTemplate\":\"https:\/\/hubsch-interior.com\/de\/?s={search_term_string}\"},\"query-input\":{\"@type\":\"PropertyValueSpecification\",\"valueRequired\":true,\"valueName\":\"search_term_string\"}}],\"inLanguage\":\"de\"},{\"@type\":\"Organization\",\"@id\":\"https:\/\/hubsch-interior.com\/de\/#organization\",\"name\":\"H\u00fcbsch\",\"url\":\"https:\/\/hubsch-interior.com\/de\/\",\"logo\":{\"@type\":\"ImageObject\",\"inLanguage\":\"de\",\"@id\":\"https:\/\/hubsch-interior.com\/de\/#\/schema\/logo\/image\/\",\"url\":\"https:\/\/hubsch-interior.com\/wp-content\/uploads\/2022\/12\/Hubsch_logo_black_one_line.svg\",\"contentUrl\":\"https:\/\/hubsch-interior.com\/wp-content\/uploads\/2022\/12\/Hubsch_logo_black_one_line.svg\",\"caption\":\"H\u00fcbsch\"},\"image\":{\"@id\":\"https:\/\/hubsch-interior.com\/de\/#\/schema\/logo\/image\/\"}}]}<\/script>\n<!-- \/ Yoast SEO plugin. -->","yoast_head_json":{"title":"Cover Wandlampe Messingfarben - H\u00fcbsch","description":"Wir pr\u00e4sentieren die Cover Wandlampe, eine unverzichtbare Bereicherung f\u00fcr Ihr Zuhause mit ihrem klassischen und dezenten Design. Gefertigt mit einer","robots":{"index":"index","follow":"follow","max-snippet":"max-snippet:-1","max-image-preview":"max-image-preview:large","max-video-preview":"max-video-preview:-1"},"canonical":"https:\/\/hubsch-interior.com\/de\/wp-json\/wp\/v2\/product\/1089533","og_locale":"de_DE","og_type":"article","og_title":"Cover Wandlampe Messingfarben - H\u00fcbsch","og_description":"Wir pr\u00e4sentieren die Cover Wandlampe, eine unverzichtbare Bereicherung f\u00fcr Ihr Zuhause mit ihrem klassischen und dezenten Design. Gefertigt mit einer","og_url":"https:\/\/hubsch-interior.com\/de\/produkt\/cover-wandlampe-messingfarben\/","og_site_name":"H\u00fcbsch","article_modified_time":"2026-04-05T03:26:45+00:00","og_image":[{"width":1200,"height":1200,"url":"https:\/\/hubsch-interior.com\/wp-content\/uploads\/2026\/01\/cover-wall-lamp-brass-6651ae95b57efa293268b1af56a71178.jpg","type":"image\/jpeg"}],"twitter_card":"summary_large_image","schema":{"@context":"https:\/\/schema.org","@graph":[{"@type":"WebPage","@id":"https:\/\/hubsch-interior.com\/de\/produkt\/cover-wandlampe-messingfarben\/","url":"https:\/\/hubsch-interior.com\/de\/produkt\/cover-wandlampe-messingfarben\/","name":"Cover Wandlampe Messingfarben - H\u00fcbsch","isPartOf":{"@id":"https:\/\/hubsch-interior.com\/de\/#website"},"primaryImageOfPage":{"@id":"https:\/\/hubsch-interior.com\/de\/produkt\/cover-wandlampe-messingfarben\/#primaryimage"},"image":{"@id":"https:\/\/hubsch-interior.com\/de\/produkt\/cover-wandlampe-messingfarben\/#primaryimage"},"thumbnailUrl":"https:\/\/hubsch-interior.com\/wp-content\/uploads\/2026\/02\/cover-wall-lamp-brass-aaf17b32b2150174cfbd25111b8570ff.jpg","datePublished":"2026-01-31T04:30:08+00:00","dateModified":"2026-04-05T03:26:45+00:00","description":"Wir pr\u00e4sentieren die Cover Wandlampe, eine unverzichtbare Bereicherung f\u00fcr Ihr Zuhause mit ihrem klassischen und dezenten Design. Gefertigt mit einer","breadcrumb":{"@id":"https:\/\/hubsch-interior.com\/de\/produkt\/cover-wandlampe-messingfarben\/#breadcrumb"},"inLanguage":"de","potentialAction":[{"@type":"ReadAction","target":["https:\/\/hubsch-interior.com\/de\/produkt\/cover-wandlampe-messingfarben\/"]}]},{"@type":"ImageObject","inLanguage":"de","@id":"https:\/\/hubsch-interior.com\/de\/produkt\/cover-wandlampe-messingfarben\/#primaryimage","url":"https:\/\/hubsch-interior.com\/wp-content\/uploads\/2026\/02\/cover-wall-lamp-brass-aaf17b32b2150174cfbd25111b8570ff.jpg","contentUrl":"https:\/\/hubsch-interior.com\/wp-content\/uploads\/2026\/02\/cover-wall-lamp-brass-aaf17b32b2150174cfbd25111b8570ff.jpg","width":1024,"height":1024},{"@type":"BreadcrumbList","@id":"https:\/\/hubsch-interior.com\/de\/produkt\/cover-wandlampe-messingfarben\/#breadcrumb","itemListElement":[{"@type":"ListItem","position":1,"name":"Startseite","item":"https:\/\/hubsch-interior.com\/de\/"},{"@type":"ListItem","position":2,"name":"Produkte","item":"https:\/\/hubsch-interior.com\/de\/shop-2\/"},{"@type":"ListItem","position":3,"name":"Cover Wandlampe Messingfarben"}]},{"@type":"WebSite","@id":"https:\/\/hubsch-interior.com\/de\/#website","url":"https:\/\/hubsch-interior.com\/de\/","name":"H\u00fcbsch","description":"Danish Home Interior and Design","publisher":{"@id":"https:\/\/hubsch-interior.com\/de\/#organization"},"potentialAction":[{"@type":"SearchAction","target":{"@type":"EntryPoint","urlTemplate":"https:\/\/hubsch-interior.com\/de\/?s={search_term_string}"},"query-input":{"@type":"PropertyValueSpecification","valueRequired":true,"valueName":"search_term_string"}}],"inLanguage":"de"},{"@type":"Organization","@id":"https:\/\/hubsch-interior.com\/de\/#organization","name":"H\u00fcbsch","url":"https:\/\/hubsch-interior.com\/de\/","logo":{"@type":"ImageObject","inLanguage":"de","@id":"https:\/\/hubsch-interior.com\/de\/#\/schema\/logo\/image\/","url":"https:\/\/hubsch-interior.com\/wp-content\/uploads\/2022\/12\/Hubsch_logo_black_one_line.svg","contentUrl":"https:\/\/hubsch-interior.com\/wp-content\/uploads\/2022\/12\/Hubsch_logo_black_one_line.svg","caption":"H\u00fcbsch"},"image":{"@id":"https:\/\/hubsch-interior.com\/de\/#\/schema\/logo\/image\/"}}]}},"_links":{"self":[{"href":"https:\/\/hubsch-interior.com\/de\/wp-json\/wp\/v2\/product\/1089533","targetHints":{"allow":["GET"]}}],"collection":[{"href":"https:\/\/hubsch-interior.com\/de\/wp-json\/wp\/v2\/product"}],"about":[{"href":"https:\/\/hubsch-interior.com\/de\/wp-json\/wp\/v2\/types\/product"}],"wp:featuredmedia":[{"embeddable":true,"href":"https:\/\/hubsch-interior.com\/de\/wp-json\/wp\/v2\/media\/1111921"}],"wp:attachment":[{"href":"https:\/\/hubsch-interior.com\/de\/wp-json\/wp\/v2\/media?parent=1089533"}],"wp:term":[{"taxonomy":"product_brand","embeddable":true,"href":"https:\/\/hubsch-interior.com\/de\/wp-json\/wp\/v2\/product_brand?post=1089533"},{"taxonomy":"product_cat","embeddable":true,"href":"https:\/\/hubsch-interior.com\/de\/wp-json\/wp\/v2\/product_cat?post=1089533"},{"taxonomy":"product_tag","embeddable":true,"href":"https:\/\/hubsch-interior.com\/de\/wp-json\/wp\/v2\/product_tag?post=1089533"}],"curies":[{"name":"wp","href":"https:\/\/api.w.org\/{rel}","templated":true}]}}