{"id":1089549,"date":"2026-01-31T05:30:21","date_gmt":"2026-01-31T04:30:21","guid":{"rendered":"https:\/\/hubsch-interior.com\/product\/product\/"},"modified":"2026-04-05T05:26:50","modified_gmt":"2026-04-05T03:26:50","slug":"low-tragbare-lampe-braun","status":"publish","type":"product","link":"https:\/\/hubsch-interior.com\/de\/produkt\/low-tragbare-lampe-braun\/","title":{"rendered":"Low Tragbare Lampe Braun"},"content":{"rendered":"<p>Entdecken Sie den Charme der Low Tragbaren Lampe, Ihrem neuen Begleiter f\u00fcr eine warme und einladende Atmosph\u00e4re \u00fcberall in Ihrem Zuhause. Mit einer gl\u00e4nzend braunen Oberfl\u00e4che und einem Schirm aus Opalglas strahlt sie ein verspieltes, doch elegantes Design aus. Diese kleine tragbare Lampe ist bereit, \u00fcberallhin mit Ihnen zu gehen, was sie zur perfekten eleganten Nachttischlampe macht. Genie\u00dfen Sie die Freiheit, jeden Raum mit einem Hauch von Raffinesse zu erhellen.<br \/>\nF\u00fcr diese Lampe verwenden Sie bitte eine dimmbare LED-Gl\u00fchbirne.<\/p>\n","protected":false},"excerpt":{"rendered":"<p>Entdecken Sie den Charme der Low Tragbaren Lampe, Ihrem neuen Begleiter f\u00fcr eine warme und einladende Atmosph\u00e4re \u00fcberall in Ihrem Zuhause. Mit einer gl\u00e4nzend braunen Oberfl\u00e4che und einem Schirm aus Opalglas strahlt sie ein verspieltes, doch elegantes Design aus. Diese kleine tragbare Lampe ist bereit, \u00fcberallhin mit Ihnen zu gehen, was sie zur perfekten eleganten [&hellip;]<\/p>\n","protected":false},"featured_media":1111929,"template":"","meta":{"_acf_changed":false,"inline_featured_image":false},"product_brand":[],"product_cat":[7155,6963,3809,3501,5047],"product_tag":[],"class_list":{"0":"post-1089549","1":"product","2":"type-product","3":"status-publish","4":"has-post-thumbnail","6":"product_cat-dweller-de","7":"product_cat-tragbare-lampen-de","8":"product_cat-beleuchtung","9":"product_cat-tischlampen-de","10":"product_cat-neuheiten-de","11":"product_shipping_class-pk","13":"pa_color-braun","14":"pa_material-eisen-de","15":"pa_material-glas-de","17":"first","18":"instock","19":"taxable","20":"shipping-taxable","21":"purchasable","22":"product-type-simple"},"exclude_global_add_ons":[],"addons":[],"acf":[],"yoast_head":"<!-- This site is optimized with the Yoast SEO plugin v26.4 - https:\/\/yoast.com\/wordpress\/plugins\/seo\/ -->\n<title>Low Tragbare Lampe Braun - H\u00fcbsch<\/title>\n<meta name=\"description\" content=\"Entdecken Sie den Charme der Low Tragbaren Lampe, Ihrem neuen Begleiter f\u00fcr eine warme und einladende Atmosph\u00e4re \u00fcberall in Ihrem Zuhause. Mit einer\" \/>\n<meta name=\"robots\" content=\"index, follow, max-snippet:-1, max-image-preview:large, max-video-preview:-1\" \/>\n<link rel=\"canonical\" href=\"https:\/\/hubsch-interior.com\/de\/wp-json\/wp\/v2\/product\/1089549\" \/>\n<meta property=\"og:locale\" content=\"de_DE\" \/>\n<meta property=\"og:type\" content=\"article\" \/>\n<meta property=\"og:title\" content=\"Low Tragbare Lampe Braun - H\u00fcbsch\" \/>\n<meta property=\"og:description\" content=\"Entdecken Sie den Charme der Low Tragbaren Lampe, Ihrem neuen Begleiter f\u00fcr eine warme und einladende Atmosph\u00e4re \u00fcberall in Ihrem Zuhause. Mit einer\" \/>\n<meta property=\"og:url\" content=\"https:\/\/hubsch-interior.com\/de\/produkt\/low-tragbare-lampe-braun\/\" \/>\n<meta property=\"og:site_name\" content=\"H\u00fcbsch\" \/>\n<meta property=\"article:modified_time\" content=\"2026-04-05T03:26:50+00:00\" \/>\n<meta property=\"og:image\" content=\"https:\/\/hubsch-interior.com\/wp-content\/uploads\/2026\/01\/low-portable-lamp-brown-87de74aade33f8bf9851b8d9b230e3d7.jpg\" \/>\n\t<meta property=\"og:image:width\" content=\"1200\" \/>\n\t<meta property=\"og:image:height\" content=\"1200\" \/>\n\t<meta property=\"og:image:type\" content=\"image\/jpeg\" \/>\n<meta name=\"twitter:card\" content=\"summary_large_image\" \/>\n<script type=\"application\/ld+json\" class=\"yoast-schema-graph\">{\"@context\":\"https:\/\/schema.org\",\"@graph\":[{\"@type\":\"WebPage\",\"@id\":\"https:\/\/hubsch-interior.com\/de\/produkt\/low-tragbare-lampe-braun\/\",\"url\":\"https:\/\/hubsch-interior.com\/de\/produkt\/low-tragbare-lampe-braun\/\",\"name\":\"Low Tragbare Lampe Braun - H\u00fcbsch\",\"isPartOf\":{\"@id\":\"https:\/\/hubsch-interior.com\/de\/#website\"},\"primaryImageOfPage\":{\"@id\":\"https:\/\/hubsch-interior.com\/de\/produkt\/low-tragbare-lampe-braun\/#primaryimage\"},\"image\":{\"@id\":\"https:\/\/hubsch-interior.com\/de\/produkt\/low-tragbare-lampe-braun\/#primaryimage\"},\"thumbnailUrl\":\"https:\/\/hubsch-interior.com\/wp-content\/uploads\/2026\/02\/low-portable-lamp-brown-72ca1cd19849c2aa368bd94e2ba80dc9.jpg\",\"datePublished\":\"2026-01-31T04:30:21+00:00\",\"dateModified\":\"2026-04-05T03:26:50+00:00\",\"description\":\"Entdecken Sie den Charme der Low Tragbaren Lampe, Ihrem neuen Begleiter f\u00fcr eine warme und einladende Atmosph\u00e4re \u00fcberall in Ihrem Zuhause. Mit einer\",\"breadcrumb\":{\"@id\":\"https:\/\/hubsch-interior.com\/de\/produkt\/low-tragbare-lampe-braun\/#breadcrumb\"},\"inLanguage\":\"de\",\"potentialAction\":[{\"@type\":\"ReadAction\",\"target\":[\"https:\/\/hubsch-interior.com\/de\/produkt\/low-tragbare-lampe-braun\/\"]}]},{\"@type\":\"ImageObject\",\"inLanguage\":\"de\",\"@id\":\"https:\/\/hubsch-interior.com\/de\/produkt\/low-tragbare-lampe-braun\/#primaryimage\",\"url\":\"https:\/\/hubsch-interior.com\/wp-content\/uploads\/2026\/02\/low-portable-lamp-brown-72ca1cd19849c2aa368bd94e2ba80dc9.jpg\",\"contentUrl\":\"https:\/\/hubsch-interior.com\/wp-content\/uploads\/2026\/02\/low-portable-lamp-brown-72ca1cd19849c2aa368bd94e2ba80dc9.jpg\",\"width\":1024,\"height\":1024},{\"@type\":\"BreadcrumbList\",\"@id\":\"https:\/\/hubsch-interior.com\/de\/produkt\/low-tragbare-lampe-braun\/#breadcrumb\",\"itemListElement\":[{\"@type\":\"ListItem\",\"position\":1,\"name\":\"Startseite\",\"item\":\"https:\/\/hubsch-interior.com\/de\/\"},{\"@type\":\"ListItem\",\"position\":2,\"name\":\"Produkte\",\"item\":\"https:\/\/hubsch-interior.com\/de\/shop-2\/\"},{\"@type\":\"ListItem\",\"position\":3,\"name\":\"Low Tragbare Lampe Braun\"}]},{\"@type\":\"WebSite\",\"@id\":\"https:\/\/hubsch-interior.com\/de\/#website\",\"url\":\"https:\/\/hubsch-interior.com\/de\/\",\"name\":\"H\u00fcbsch\",\"description\":\"Danish Home Interior and Design\",\"publisher\":{\"@id\":\"https:\/\/hubsch-interior.com\/de\/#organization\"},\"potentialAction\":[{\"@type\":\"SearchAction\",\"target\":{\"@type\":\"EntryPoint\",\"urlTemplate\":\"https:\/\/hubsch-interior.com\/de\/?s={search_term_string}\"},\"query-input\":{\"@type\":\"PropertyValueSpecification\",\"valueRequired\":true,\"valueName\":\"search_term_string\"}}],\"inLanguage\":\"de\"},{\"@type\":\"Organization\",\"@id\":\"https:\/\/hubsch-interior.com\/de\/#organization\",\"name\":\"H\u00fcbsch\",\"url\":\"https:\/\/hubsch-interior.com\/de\/\",\"logo\":{\"@type\":\"ImageObject\",\"inLanguage\":\"de\",\"@id\":\"https:\/\/hubsch-interior.com\/de\/#\/schema\/logo\/image\/\",\"url\":\"https:\/\/hubsch-interior.com\/wp-content\/uploads\/2022\/12\/Hubsch_logo_black_one_line.svg\",\"contentUrl\":\"https:\/\/hubsch-interior.com\/wp-content\/uploads\/2022\/12\/Hubsch_logo_black_one_line.svg\",\"caption\":\"H\u00fcbsch\"},\"image\":{\"@id\":\"https:\/\/hubsch-interior.com\/de\/#\/schema\/logo\/image\/\"}}]}<\/script>\n<!-- \/ Yoast SEO plugin. -->","yoast_head_json":{"title":"Low Tragbare Lampe Braun - H\u00fcbsch","description":"Entdecken Sie den Charme der Low Tragbaren Lampe, Ihrem neuen Begleiter f\u00fcr eine warme und einladende Atmosph\u00e4re \u00fcberall in Ihrem Zuhause. Mit einer","robots":{"index":"index","follow":"follow","max-snippet":"max-snippet:-1","max-image-preview":"max-image-preview:large","max-video-preview":"max-video-preview:-1"},"canonical":"https:\/\/hubsch-interior.com\/de\/wp-json\/wp\/v2\/product\/1089549","og_locale":"de_DE","og_type":"article","og_title":"Low Tragbare Lampe Braun - H\u00fcbsch","og_description":"Entdecken Sie den Charme der Low Tragbaren Lampe, Ihrem neuen Begleiter f\u00fcr eine warme und einladende Atmosph\u00e4re \u00fcberall in Ihrem Zuhause. Mit einer","og_url":"https:\/\/hubsch-interior.com\/de\/produkt\/low-tragbare-lampe-braun\/","og_site_name":"H\u00fcbsch","article_modified_time":"2026-04-05T03:26:50+00:00","og_image":[{"width":1200,"height":1200,"url":"https:\/\/hubsch-interior.com\/wp-content\/uploads\/2026\/01\/low-portable-lamp-brown-87de74aade33f8bf9851b8d9b230e3d7.jpg","type":"image\/jpeg"}],"twitter_card":"summary_large_image","schema":{"@context":"https:\/\/schema.org","@graph":[{"@type":"WebPage","@id":"https:\/\/hubsch-interior.com\/de\/produkt\/low-tragbare-lampe-braun\/","url":"https:\/\/hubsch-interior.com\/de\/produkt\/low-tragbare-lampe-braun\/","name":"Low Tragbare Lampe Braun - H\u00fcbsch","isPartOf":{"@id":"https:\/\/hubsch-interior.com\/de\/#website"},"primaryImageOfPage":{"@id":"https:\/\/hubsch-interior.com\/de\/produkt\/low-tragbare-lampe-braun\/#primaryimage"},"image":{"@id":"https:\/\/hubsch-interior.com\/de\/produkt\/low-tragbare-lampe-braun\/#primaryimage"},"thumbnailUrl":"https:\/\/hubsch-interior.com\/wp-content\/uploads\/2026\/02\/low-portable-lamp-brown-72ca1cd19849c2aa368bd94e2ba80dc9.jpg","datePublished":"2026-01-31T04:30:21+00:00","dateModified":"2026-04-05T03:26:50+00:00","description":"Entdecken Sie den Charme der Low Tragbaren Lampe, Ihrem neuen Begleiter f\u00fcr eine warme und einladende Atmosph\u00e4re \u00fcberall in Ihrem Zuhause. Mit einer","breadcrumb":{"@id":"https:\/\/hubsch-interior.com\/de\/produkt\/low-tragbare-lampe-braun\/#breadcrumb"},"inLanguage":"de","potentialAction":[{"@type":"ReadAction","target":["https:\/\/hubsch-interior.com\/de\/produkt\/low-tragbare-lampe-braun\/"]}]},{"@type":"ImageObject","inLanguage":"de","@id":"https:\/\/hubsch-interior.com\/de\/produkt\/low-tragbare-lampe-braun\/#primaryimage","url":"https:\/\/hubsch-interior.com\/wp-content\/uploads\/2026\/02\/low-portable-lamp-brown-72ca1cd19849c2aa368bd94e2ba80dc9.jpg","contentUrl":"https:\/\/hubsch-interior.com\/wp-content\/uploads\/2026\/02\/low-portable-lamp-brown-72ca1cd19849c2aa368bd94e2ba80dc9.jpg","width":1024,"height":1024},{"@type":"BreadcrumbList","@id":"https:\/\/hubsch-interior.com\/de\/produkt\/low-tragbare-lampe-braun\/#breadcrumb","itemListElement":[{"@type":"ListItem","position":1,"name":"Startseite","item":"https:\/\/hubsch-interior.com\/de\/"},{"@type":"ListItem","position":2,"name":"Produkte","item":"https:\/\/hubsch-interior.com\/de\/shop-2\/"},{"@type":"ListItem","position":3,"name":"Low Tragbare Lampe Braun"}]},{"@type":"WebSite","@id":"https:\/\/hubsch-interior.com\/de\/#website","url":"https:\/\/hubsch-interior.com\/de\/","name":"H\u00fcbsch","description":"Danish Home Interior and Design","publisher":{"@id":"https:\/\/hubsch-interior.com\/de\/#organization"},"potentialAction":[{"@type":"SearchAction","target":{"@type":"EntryPoint","urlTemplate":"https:\/\/hubsch-interior.com\/de\/?s={search_term_string}"},"query-input":{"@type":"PropertyValueSpecification","valueRequired":true,"valueName":"search_term_string"}}],"inLanguage":"de"},{"@type":"Organization","@id":"https:\/\/hubsch-interior.com\/de\/#organization","name":"H\u00fcbsch","url":"https:\/\/hubsch-interior.com\/de\/","logo":{"@type":"ImageObject","inLanguage":"de","@id":"https:\/\/hubsch-interior.com\/de\/#\/schema\/logo\/image\/","url":"https:\/\/hubsch-interior.com\/wp-content\/uploads\/2022\/12\/Hubsch_logo_black_one_line.svg","contentUrl":"https:\/\/hubsch-interior.com\/wp-content\/uploads\/2022\/12\/Hubsch_logo_black_one_line.svg","caption":"H\u00fcbsch"},"image":{"@id":"https:\/\/hubsch-interior.com\/de\/#\/schema\/logo\/image\/"}}]}},"_links":{"self":[{"href":"https:\/\/hubsch-interior.com\/de\/wp-json\/wp\/v2\/product\/1089549","targetHints":{"allow":["GET"]}}],"collection":[{"href":"https:\/\/hubsch-interior.com\/de\/wp-json\/wp\/v2\/product"}],"about":[{"href":"https:\/\/hubsch-interior.com\/de\/wp-json\/wp\/v2\/types\/product"}],"wp:featuredmedia":[{"embeddable":true,"href":"https:\/\/hubsch-interior.com\/de\/wp-json\/wp\/v2\/media\/1111929"}],"wp:attachment":[{"href":"https:\/\/hubsch-interior.com\/de\/wp-json\/wp\/v2\/media?parent=1089549"}],"wp:term":[{"taxonomy":"product_brand","embeddable":true,"href":"https:\/\/hubsch-interior.com\/de\/wp-json\/wp\/v2\/product_brand?post=1089549"},{"taxonomy":"product_cat","embeddable":true,"href":"https:\/\/hubsch-interior.com\/de\/wp-json\/wp\/v2\/product_cat?post=1089549"},{"taxonomy":"product_tag","embeddable":true,"href":"https:\/\/hubsch-interior.com\/de\/wp-json\/wp\/v2\/product_tag?post=1089549"}],"curies":[{"name":"wp","href":"https:\/\/api.w.org\/{rel}","templated":true}]}}