{"id":1089585,"date":"2026-01-31T05:30:49","date_gmt":"2026-01-31T04:30:49","guid":{"rendered":"https:\/\/hubsch-interior.com\/product\/product\/"},"modified":"2026-04-05T05:26:59","modified_gmt":"2026-04-05T03:26:59","slug":"low-tragbare-lampe-blau","status":"publish","type":"product","link":"https:\/\/hubsch-interior.com\/de\/produkt\/low-tragbare-lampe-blau\/","title":{"rendered":"Low Tragbare Lampe Blau"},"content":{"rendered":"<p>Wir pr\u00e4sentieren Ihren charmanten neuen Begleiter, die **Low Tragbare Lampe**, in einem staubigen Blau mit einer gl\u00e4nzenden Oberfl\u00e4che. Diese kleine tragbare Lampe ist bereit, \u00fcberallhin mit Ihnen zu gehen und wirft ein warmes Leuchten durch ihren Opalglas-Schirm. Ob sie eine gem\u00fctliche Leseecke erhellt oder als elegante Nachttischlampe dient, ihr verspieltes, doch elegantes Design bereichert jeden Raum mit einem Hauch von Raffinesse. Perfekt f\u00fcr pers\u00f6nliche Momente, wo immer Sie sich entspannen m\u00f6chten.<br \/>\nF\u00fcr diese Lampe verwenden Sie bitte eine dimmbare LED-Gl\u00fchbirne.<\/p>\n","protected":false},"excerpt":{"rendered":"<p>Wir pr\u00e4sentieren Ihren charmanten neuen Begleiter, die **Low Tragbare Lampe**, in einem staubigen Blau mit einer gl\u00e4nzenden Oberfl\u00e4che. Diese kleine tragbare Lampe ist bereit, \u00fcberallhin mit Ihnen zu gehen und wirft ein warmes Leuchten durch ihren Opalglas-Schirm. Ob sie eine gem\u00fctliche Leseecke erhellt oder als elegante Nachttischlampe dient, ihr verspieltes, doch elegantes Design bereichert jeden [&hellip;]<\/p>\n","protected":false},"featured_media":1111953,"template":"","meta":{"_acf_changed":false,"inline_featured_image":false},"product_brand":[],"product_cat":[7155,6963,3809,3501,5047],"product_tag":[],"class_list":{"0":"post-1089585","1":"product","2":"type-product","3":"status-publish","4":"has-post-thumbnail","6":"product_cat-dweller-de","7":"product_cat-tragbare-lampen-de","8":"product_cat-beleuchtung","9":"product_cat-tischlampen-de","10":"product_cat-neuheiten-de","11":"product_shipping_class-pk","13":"pa_color-blau-2","14":"pa_material-eisen-de","15":"pa_material-glas-de","17":"first","18":"instock","19":"taxable","20":"shipping-taxable","21":"purchasable","22":"product-type-simple"},"exclude_global_add_ons":[],"addons":[],"acf":[],"yoast_head":"<!-- This site is optimized with the Yoast SEO plugin v26.4 - https:\/\/yoast.com\/wordpress\/plugins\/seo\/ -->\n<title>Low Tragbare Lampe Blau - H\u00fcbsch<\/title>\n<meta name=\"description\" content=\"Wir pr\u00e4sentieren Ihren charmanten neuen Begleiter, die **Low Tragbare Lampe**, in einem staubigen Blau mit einer gl\u00e4nzenden Oberfl\u00e4che. Diese kleine\" \/>\n<meta name=\"robots\" content=\"index, follow, max-snippet:-1, max-image-preview:large, max-video-preview:-1\" \/>\n<link rel=\"canonical\" href=\"https:\/\/hubsch-interior.com\/de\/wp-json\/wp\/v2\/product\/1089585\" \/>\n<meta property=\"og:locale\" content=\"de_DE\" \/>\n<meta property=\"og:type\" content=\"article\" \/>\n<meta property=\"og:title\" content=\"Low Tragbare Lampe Blau - H\u00fcbsch\" \/>\n<meta property=\"og:description\" content=\"Wir pr\u00e4sentieren Ihren charmanten neuen Begleiter, die **Low Tragbare Lampe**, in einem staubigen Blau mit einer gl\u00e4nzenden Oberfl\u00e4che. Diese kleine\" \/>\n<meta property=\"og:url\" content=\"https:\/\/hubsch-interior.com\/de\/produkt\/low-tragbare-lampe-blau\/\" \/>\n<meta property=\"og:site_name\" content=\"H\u00fcbsch\" \/>\n<meta property=\"article:modified_time\" content=\"2026-04-05T03:26:59+00:00\" \/>\n<meta property=\"og:image\" content=\"https:\/\/hubsch-interior.com\/wp-content\/uploads\/2026\/01\/low-portable-lamp-blue-470f68d6f59997bb9bbf8c04d1695582.jpg\" \/>\n\t<meta property=\"og:image:width\" content=\"1200\" \/>\n\t<meta property=\"og:image:height\" content=\"1200\" \/>\n\t<meta property=\"og:image:type\" content=\"image\/jpeg\" \/>\n<meta name=\"twitter:card\" content=\"summary_large_image\" \/>\n<script type=\"application\/ld+json\" class=\"yoast-schema-graph\">{\"@context\":\"https:\/\/schema.org\",\"@graph\":[{\"@type\":\"WebPage\",\"@id\":\"https:\/\/hubsch-interior.com\/de\/produkt\/low-tragbare-lampe-blau\/\",\"url\":\"https:\/\/hubsch-interior.com\/de\/produkt\/low-tragbare-lampe-blau\/\",\"name\":\"Low Tragbare Lampe Blau - H\u00fcbsch\",\"isPartOf\":{\"@id\":\"https:\/\/hubsch-interior.com\/de\/#website\"},\"primaryImageOfPage\":{\"@id\":\"https:\/\/hubsch-interior.com\/de\/produkt\/low-tragbare-lampe-blau\/#primaryimage\"},\"image\":{\"@id\":\"https:\/\/hubsch-interior.com\/de\/produkt\/low-tragbare-lampe-blau\/#primaryimage\"},\"thumbnailUrl\":\"https:\/\/hubsch-interior.com\/wp-content\/uploads\/2026\/02\/low-portable-lamp-blue-7bcf2b1f81600d95c0856aece161fefd.jpg\",\"datePublished\":\"2026-01-31T04:30:49+00:00\",\"dateModified\":\"2026-04-05T03:26:59+00:00\",\"description\":\"Wir pr\u00e4sentieren Ihren charmanten neuen Begleiter, die **Low Tragbare Lampe**, in einem staubigen Blau mit einer gl\u00e4nzenden Oberfl\u00e4che. Diese kleine\",\"breadcrumb\":{\"@id\":\"https:\/\/hubsch-interior.com\/de\/produkt\/low-tragbare-lampe-blau\/#breadcrumb\"},\"inLanguage\":\"de\",\"potentialAction\":[{\"@type\":\"ReadAction\",\"target\":[\"https:\/\/hubsch-interior.com\/de\/produkt\/low-tragbare-lampe-blau\/\"]}]},{\"@type\":\"ImageObject\",\"inLanguage\":\"de\",\"@id\":\"https:\/\/hubsch-interior.com\/de\/produkt\/low-tragbare-lampe-blau\/#primaryimage\",\"url\":\"https:\/\/hubsch-interior.com\/wp-content\/uploads\/2026\/02\/low-portable-lamp-blue-7bcf2b1f81600d95c0856aece161fefd.jpg\",\"contentUrl\":\"https:\/\/hubsch-interior.com\/wp-content\/uploads\/2026\/02\/low-portable-lamp-blue-7bcf2b1f81600d95c0856aece161fefd.jpg\",\"width\":1024,\"height\":1024},{\"@type\":\"BreadcrumbList\",\"@id\":\"https:\/\/hubsch-interior.com\/de\/produkt\/low-tragbare-lampe-blau\/#breadcrumb\",\"itemListElement\":[{\"@type\":\"ListItem\",\"position\":1,\"name\":\"Startseite\",\"item\":\"https:\/\/hubsch-interior.com\/de\/\"},{\"@type\":\"ListItem\",\"position\":2,\"name\":\"Produkte\",\"item\":\"https:\/\/hubsch-interior.com\/de\/shop-2\/\"},{\"@type\":\"ListItem\",\"position\":3,\"name\":\"Low Tragbare Lampe Blau\"}]},{\"@type\":\"WebSite\",\"@id\":\"https:\/\/hubsch-interior.com\/de\/#website\",\"url\":\"https:\/\/hubsch-interior.com\/de\/\",\"name\":\"H\u00fcbsch\",\"description\":\"Danish Home Interior and Design\",\"publisher\":{\"@id\":\"https:\/\/hubsch-interior.com\/de\/#organization\"},\"potentialAction\":[{\"@type\":\"SearchAction\",\"target\":{\"@type\":\"EntryPoint\",\"urlTemplate\":\"https:\/\/hubsch-interior.com\/de\/?s={search_term_string}\"},\"query-input\":{\"@type\":\"PropertyValueSpecification\",\"valueRequired\":true,\"valueName\":\"search_term_string\"}}],\"inLanguage\":\"de\"},{\"@type\":\"Organization\",\"@id\":\"https:\/\/hubsch-interior.com\/de\/#organization\",\"name\":\"H\u00fcbsch\",\"url\":\"https:\/\/hubsch-interior.com\/de\/\",\"logo\":{\"@type\":\"ImageObject\",\"inLanguage\":\"de\",\"@id\":\"https:\/\/hubsch-interior.com\/de\/#\/schema\/logo\/image\/\",\"url\":\"https:\/\/hubsch-interior.com\/wp-content\/uploads\/2022\/12\/Hubsch_logo_black_one_line.svg\",\"contentUrl\":\"https:\/\/hubsch-interior.com\/wp-content\/uploads\/2022\/12\/Hubsch_logo_black_one_line.svg\",\"caption\":\"H\u00fcbsch\"},\"image\":{\"@id\":\"https:\/\/hubsch-interior.com\/de\/#\/schema\/logo\/image\/\"}}]}<\/script>\n<!-- \/ Yoast SEO plugin. -->","yoast_head_json":{"title":"Low Tragbare Lampe Blau - H\u00fcbsch","description":"Wir pr\u00e4sentieren Ihren charmanten neuen Begleiter, die **Low Tragbare Lampe**, in einem staubigen Blau mit einer gl\u00e4nzenden Oberfl\u00e4che. Diese kleine","robots":{"index":"index","follow":"follow","max-snippet":"max-snippet:-1","max-image-preview":"max-image-preview:large","max-video-preview":"max-video-preview:-1"},"canonical":"https:\/\/hubsch-interior.com\/de\/wp-json\/wp\/v2\/product\/1089585","og_locale":"de_DE","og_type":"article","og_title":"Low Tragbare Lampe Blau - H\u00fcbsch","og_description":"Wir pr\u00e4sentieren Ihren charmanten neuen Begleiter, die **Low Tragbare Lampe**, in einem staubigen Blau mit einer gl\u00e4nzenden Oberfl\u00e4che. Diese kleine","og_url":"https:\/\/hubsch-interior.com\/de\/produkt\/low-tragbare-lampe-blau\/","og_site_name":"H\u00fcbsch","article_modified_time":"2026-04-05T03:26:59+00:00","og_image":[{"width":1200,"height":1200,"url":"https:\/\/hubsch-interior.com\/wp-content\/uploads\/2026\/01\/low-portable-lamp-blue-470f68d6f59997bb9bbf8c04d1695582.jpg","type":"image\/jpeg"}],"twitter_card":"summary_large_image","schema":{"@context":"https:\/\/schema.org","@graph":[{"@type":"WebPage","@id":"https:\/\/hubsch-interior.com\/de\/produkt\/low-tragbare-lampe-blau\/","url":"https:\/\/hubsch-interior.com\/de\/produkt\/low-tragbare-lampe-blau\/","name":"Low Tragbare Lampe Blau - H\u00fcbsch","isPartOf":{"@id":"https:\/\/hubsch-interior.com\/de\/#website"},"primaryImageOfPage":{"@id":"https:\/\/hubsch-interior.com\/de\/produkt\/low-tragbare-lampe-blau\/#primaryimage"},"image":{"@id":"https:\/\/hubsch-interior.com\/de\/produkt\/low-tragbare-lampe-blau\/#primaryimage"},"thumbnailUrl":"https:\/\/hubsch-interior.com\/wp-content\/uploads\/2026\/02\/low-portable-lamp-blue-7bcf2b1f81600d95c0856aece161fefd.jpg","datePublished":"2026-01-31T04:30:49+00:00","dateModified":"2026-04-05T03:26:59+00:00","description":"Wir pr\u00e4sentieren Ihren charmanten neuen Begleiter, die **Low Tragbare Lampe**, in einem staubigen Blau mit einer gl\u00e4nzenden Oberfl\u00e4che. Diese kleine","breadcrumb":{"@id":"https:\/\/hubsch-interior.com\/de\/produkt\/low-tragbare-lampe-blau\/#breadcrumb"},"inLanguage":"de","potentialAction":[{"@type":"ReadAction","target":["https:\/\/hubsch-interior.com\/de\/produkt\/low-tragbare-lampe-blau\/"]}]},{"@type":"ImageObject","inLanguage":"de","@id":"https:\/\/hubsch-interior.com\/de\/produkt\/low-tragbare-lampe-blau\/#primaryimage","url":"https:\/\/hubsch-interior.com\/wp-content\/uploads\/2026\/02\/low-portable-lamp-blue-7bcf2b1f81600d95c0856aece161fefd.jpg","contentUrl":"https:\/\/hubsch-interior.com\/wp-content\/uploads\/2026\/02\/low-portable-lamp-blue-7bcf2b1f81600d95c0856aece161fefd.jpg","width":1024,"height":1024},{"@type":"BreadcrumbList","@id":"https:\/\/hubsch-interior.com\/de\/produkt\/low-tragbare-lampe-blau\/#breadcrumb","itemListElement":[{"@type":"ListItem","position":1,"name":"Startseite","item":"https:\/\/hubsch-interior.com\/de\/"},{"@type":"ListItem","position":2,"name":"Produkte","item":"https:\/\/hubsch-interior.com\/de\/shop-2\/"},{"@type":"ListItem","position":3,"name":"Low Tragbare Lampe Blau"}]},{"@type":"WebSite","@id":"https:\/\/hubsch-interior.com\/de\/#website","url":"https:\/\/hubsch-interior.com\/de\/","name":"H\u00fcbsch","description":"Danish Home Interior and Design","publisher":{"@id":"https:\/\/hubsch-interior.com\/de\/#organization"},"potentialAction":[{"@type":"SearchAction","target":{"@type":"EntryPoint","urlTemplate":"https:\/\/hubsch-interior.com\/de\/?s={search_term_string}"},"query-input":{"@type":"PropertyValueSpecification","valueRequired":true,"valueName":"search_term_string"}}],"inLanguage":"de"},{"@type":"Organization","@id":"https:\/\/hubsch-interior.com\/de\/#organization","name":"H\u00fcbsch","url":"https:\/\/hubsch-interior.com\/de\/","logo":{"@type":"ImageObject","inLanguage":"de","@id":"https:\/\/hubsch-interior.com\/de\/#\/schema\/logo\/image\/","url":"https:\/\/hubsch-interior.com\/wp-content\/uploads\/2022\/12\/Hubsch_logo_black_one_line.svg","contentUrl":"https:\/\/hubsch-interior.com\/wp-content\/uploads\/2022\/12\/Hubsch_logo_black_one_line.svg","caption":"H\u00fcbsch"},"image":{"@id":"https:\/\/hubsch-interior.com\/de\/#\/schema\/logo\/image\/"}}]}},"_links":{"self":[{"href":"https:\/\/hubsch-interior.com\/de\/wp-json\/wp\/v2\/product\/1089585","targetHints":{"allow":["GET"]}}],"collection":[{"href":"https:\/\/hubsch-interior.com\/de\/wp-json\/wp\/v2\/product"}],"about":[{"href":"https:\/\/hubsch-interior.com\/de\/wp-json\/wp\/v2\/types\/product"}],"wp:featuredmedia":[{"embeddable":true,"href":"https:\/\/hubsch-interior.com\/de\/wp-json\/wp\/v2\/media\/1111953"}],"wp:attachment":[{"href":"https:\/\/hubsch-interior.com\/de\/wp-json\/wp\/v2\/media?parent=1089585"}],"wp:term":[{"taxonomy":"product_brand","embeddable":true,"href":"https:\/\/hubsch-interior.com\/de\/wp-json\/wp\/v2\/product_brand?post=1089585"},{"taxonomy":"product_cat","embeddable":true,"href":"https:\/\/hubsch-interior.com\/de\/wp-json\/wp\/v2\/product_cat?post=1089585"},{"taxonomy":"product_tag","embeddable":true,"href":"https:\/\/hubsch-interior.com\/de\/wp-json\/wp\/v2\/product_tag?post=1089585"}],"curies":[{"name":"wp","href":"https:\/\/api.w.org\/{rel}","templated":true}]}}