{"id":1089657,"date":"2026-01-31T05:31:38","date_gmt":"2026-01-31T04:31:38","guid":{"rendered":"https:\/\/hubsch-interior.com\/product\/product\/"},"modified":"2026-04-05T05:27:17","modified_gmt":"2026-04-05T03:27:17","slug":"dual-schrank-multifarben","status":"publish","type":"product","link":"https:\/\/hubsch-interior.com\/de\/produkt\/dual-schrank-multifarben\/","title":{"rendered":"Dual Schrank \u00a0Multifarben"},"content":{"rendered":"<p>Bringen Sie den Charme des Dual Schranks in Ihr Zuhause \u2013 eine lebhafte Kombination aus bunter Eleganz und verantwortungsbewusstem Design. Hergestellt aus FSC-zertifiziertem Holz, kombiniert er nat\u00fcrliches Eichenholz mit lackierten Oberfl\u00e4chen f\u00fcr einen k\u00fchnen, auff\u00e4lligen Look, der jeden Raum belebt. Seine breiten, stabilen Regale bieten den perfekten Ort, um Ihre Lieblingsb\u00fccher, Dekorationen oder Erinnerungsst\u00fccke zur Schau zu stellen. Eine gro\u00dfartige Wahl f\u00fcr jeden, der seiner Umgebung einen geschmackvollen Farbtupfer hinzuf\u00fcgen m\u00f6chte \u2013 dieser Schrank wird sicherlich Gespr\u00e4chsstoff bieten.<\/p>\n","protected":false},"excerpt":{"rendered":"<p>Bringen Sie den Charme des Dual Schranks in Ihr Zuhause \u2013 eine lebhafte Kombination aus bunter Eleganz und verantwortungsbewusstem Design. Hergestellt aus FSC-zertifiziertem Holz, kombiniert er nat\u00fcrliches Eichenholz mit lackierten Oberfl\u00e4chen f\u00fcr einen k\u00fchnen, auff\u00e4lligen Look, der jeden Raum belebt. Seine breiten, stabilen Regale bieten den perfekten Ort, um Ihre Lieblingsb\u00fccher, Dekorationen oder Erinnerungsst\u00fccke zur [&hellip;]<\/p>\n","protected":false},"featured_media":1112021,"template":"","meta":{"_acf_changed":false,"inline_featured_image":false},"product_brand":[],"product_cat":[7155,6323,4003,4921,5047],"product_tag":[],"class_list":{"0":"post-1089657","1":"product","2":"type-product","3":"status-publish","4":"has-post-thumbnail","6":"product_cat-dweller-de","7":"product_cat-fsc-de","8":"product_cat-regale-aufbewahrung-de","9":"product_cat-kommoden-sideboards-de","10":"product_cat-neuheiten-de","11":"product_shipping_class-p05","13":"pa_color-multifarben-2","14":"pa_material-mdf-de","15":"pa_material-eichenfurnier","16":"pa_material-eichenholz","18":"first","19":"instock","20":"taxable","21":"shipping-taxable","22":"purchasable","23":"product-type-simple"},"exclude_global_add_ons":[],"addons":[],"acf":[],"yoast_head":"<!-- This site is optimized with the Yoast SEO plugin v26.4 - https:\/\/yoast.com\/wordpress\/plugins\/seo\/ -->\n<title>Dual Schrank \u00a0Multifarben - H\u00fcbsch<\/title>\n<meta name=\"description\" content=\"Bringen Sie den Charme des Dual Schranks in Ihr Zuhause \u2013 eine lebhafte Kombination aus bunter Eleganz und verantwortungsbewusstem Design. Hergestellt aus\" \/>\n<meta name=\"robots\" content=\"index, follow, max-snippet:-1, max-image-preview:large, max-video-preview:-1\" \/>\n<link rel=\"canonical\" href=\"https:\/\/hubsch-interior.com\/de\/wp-json\/wp\/v2\/product\/1089657\" \/>\n<meta property=\"og:locale\" content=\"de_DE\" \/>\n<meta property=\"og:type\" content=\"article\" \/>\n<meta property=\"og:title\" content=\"Dual Schrank \u00a0Multifarben - H\u00fcbsch\" \/>\n<meta property=\"og:description\" content=\"Bringen Sie den Charme des Dual Schranks in Ihr Zuhause \u2013 eine lebhafte Kombination aus bunter Eleganz und verantwortungsbewusstem Design. Hergestellt aus\" \/>\n<meta property=\"og:url\" content=\"https:\/\/hubsch-interior.com\/de\/produkt\/dual-schrank-multifarben\/\" \/>\n<meta property=\"og:site_name\" content=\"H\u00fcbsch\" \/>\n<meta property=\"article:modified_time\" content=\"2026-04-05T03:27:17+00:00\" \/>\n<meta property=\"og:image\" content=\"https:\/\/hubsch-interior.com\/wp-content\/uploads\/2026\/01\/dual-sideboard-multicolour-aace592bcde6d8ebcf0ebf767e215a7c.jpg\" \/>\n\t<meta property=\"og:image:width\" content=\"1200\" \/>\n\t<meta property=\"og:image:height\" content=\"1200\" \/>\n\t<meta property=\"og:image:type\" content=\"image\/jpeg\" \/>\n<meta name=\"twitter:card\" content=\"summary_large_image\" \/>\n<script type=\"application\/ld+json\" class=\"yoast-schema-graph\">{\"@context\":\"https:\/\/schema.org\",\"@graph\":[{\"@type\":\"WebPage\",\"@id\":\"https:\/\/hubsch-interior.com\/de\/produkt\/dual-schrank-multifarben\/\",\"url\":\"https:\/\/hubsch-interior.com\/de\/produkt\/dual-schrank-multifarben\/\",\"name\":\"Dual Schrank \u00a0Multifarben - H\u00fcbsch\",\"isPartOf\":{\"@id\":\"https:\/\/hubsch-interior.com\/de\/#website\"},\"primaryImageOfPage\":{\"@id\":\"https:\/\/hubsch-interior.com\/de\/produkt\/dual-schrank-multifarben\/#primaryimage\"},\"image\":{\"@id\":\"https:\/\/hubsch-interior.com\/de\/produkt\/dual-schrank-multifarben\/#primaryimage\"},\"thumbnailUrl\":\"https:\/\/hubsch-interior.com\/wp-content\/uploads\/2026\/02\/dual-sideboard-multicolour-6fa195df3d8a40d55dc975a5d889103a.jpg\",\"datePublished\":\"2026-01-31T04:31:38+00:00\",\"dateModified\":\"2026-04-05T03:27:17+00:00\",\"description\":\"Bringen Sie den Charme des Dual Schranks in Ihr Zuhause \u2013 eine lebhafte Kombination aus bunter Eleganz und verantwortungsbewusstem Design. Hergestellt aus\",\"breadcrumb\":{\"@id\":\"https:\/\/hubsch-interior.com\/de\/produkt\/dual-schrank-multifarben\/#breadcrumb\"},\"inLanguage\":\"de\",\"potentialAction\":[{\"@type\":\"ReadAction\",\"target\":[\"https:\/\/hubsch-interior.com\/de\/produkt\/dual-schrank-multifarben\/\"]}]},{\"@type\":\"ImageObject\",\"inLanguage\":\"de\",\"@id\":\"https:\/\/hubsch-interior.com\/de\/produkt\/dual-schrank-multifarben\/#primaryimage\",\"url\":\"https:\/\/hubsch-interior.com\/wp-content\/uploads\/2026\/02\/dual-sideboard-multicolour-6fa195df3d8a40d55dc975a5d889103a.jpg\",\"contentUrl\":\"https:\/\/hubsch-interior.com\/wp-content\/uploads\/2026\/02\/dual-sideboard-multicolour-6fa195df3d8a40d55dc975a5d889103a.jpg\",\"width\":1024,\"height\":1024},{\"@type\":\"BreadcrumbList\",\"@id\":\"https:\/\/hubsch-interior.com\/de\/produkt\/dual-schrank-multifarben\/#breadcrumb\",\"itemListElement\":[{\"@type\":\"ListItem\",\"position\":1,\"name\":\"Startseite\",\"item\":\"https:\/\/hubsch-interior.com\/de\/\"},{\"@type\":\"ListItem\",\"position\":2,\"name\":\"Produkte\",\"item\":\"https:\/\/hubsch-interior.com\/de\/shop-2\/\"},{\"@type\":\"ListItem\",\"position\":3,\"name\":\"Dual Schrank \u00a0Multifarben\"}]},{\"@type\":\"WebSite\",\"@id\":\"https:\/\/hubsch-interior.com\/de\/#website\",\"url\":\"https:\/\/hubsch-interior.com\/de\/\",\"name\":\"H\u00fcbsch\",\"description\":\"Danish Home Interior and Design\",\"publisher\":{\"@id\":\"https:\/\/hubsch-interior.com\/de\/#organization\"},\"potentialAction\":[{\"@type\":\"SearchAction\",\"target\":{\"@type\":\"EntryPoint\",\"urlTemplate\":\"https:\/\/hubsch-interior.com\/de\/?s={search_term_string}\"},\"query-input\":{\"@type\":\"PropertyValueSpecification\",\"valueRequired\":true,\"valueName\":\"search_term_string\"}}],\"inLanguage\":\"de\"},{\"@type\":\"Organization\",\"@id\":\"https:\/\/hubsch-interior.com\/de\/#organization\",\"name\":\"H\u00fcbsch\",\"url\":\"https:\/\/hubsch-interior.com\/de\/\",\"logo\":{\"@type\":\"ImageObject\",\"inLanguage\":\"de\",\"@id\":\"https:\/\/hubsch-interior.com\/de\/#\/schema\/logo\/image\/\",\"url\":\"https:\/\/hubsch-interior.com\/wp-content\/uploads\/2022\/12\/Hubsch_logo_black_one_line.svg\",\"contentUrl\":\"https:\/\/hubsch-interior.com\/wp-content\/uploads\/2022\/12\/Hubsch_logo_black_one_line.svg\",\"caption\":\"H\u00fcbsch\"},\"image\":{\"@id\":\"https:\/\/hubsch-interior.com\/de\/#\/schema\/logo\/image\/\"}}]}<\/script>\n<!-- \/ Yoast SEO plugin. -->","yoast_head_json":{"title":"Dual Schrank \u00a0Multifarben - H\u00fcbsch","description":"Bringen Sie den Charme des Dual Schranks in Ihr Zuhause \u2013 eine lebhafte Kombination aus bunter Eleganz und verantwortungsbewusstem Design. Hergestellt aus","robots":{"index":"index","follow":"follow","max-snippet":"max-snippet:-1","max-image-preview":"max-image-preview:large","max-video-preview":"max-video-preview:-1"},"canonical":"https:\/\/hubsch-interior.com\/de\/wp-json\/wp\/v2\/product\/1089657","og_locale":"de_DE","og_type":"article","og_title":"Dual Schrank \u00a0Multifarben - H\u00fcbsch","og_description":"Bringen Sie den Charme des Dual Schranks in Ihr Zuhause \u2013 eine lebhafte Kombination aus bunter Eleganz und verantwortungsbewusstem Design. Hergestellt aus","og_url":"https:\/\/hubsch-interior.com\/de\/produkt\/dual-schrank-multifarben\/","og_site_name":"H\u00fcbsch","article_modified_time":"2026-04-05T03:27:17+00:00","og_image":[{"width":1200,"height":1200,"url":"https:\/\/hubsch-interior.com\/wp-content\/uploads\/2026\/01\/dual-sideboard-multicolour-aace592bcde6d8ebcf0ebf767e215a7c.jpg","type":"image\/jpeg"}],"twitter_card":"summary_large_image","schema":{"@context":"https:\/\/schema.org","@graph":[{"@type":"WebPage","@id":"https:\/\/hubsch-interior.com\/de\/produkt\/dual-schrank-multifarben\/","url":"https:\/\/hubsch-interior.com\/de\/produkt\/dual-schrank-multifarben\/","name":"Dual Schrank \u00a0Multifarben - H\u00fcbsch","isPartOf":{"@id":"https:\/\/hubsch-interior.com\/de\/#website"},"primaryImageOfPage":{"@id":"https:\/\/hubsch-interior.com\/de\/produkt\/dual-schrank-multifarben\/#primaryimage"},"image":{"@id":"https:\/\/hubsch-interior.com\/de\/produkt\/dual-schrank-multifarben\/#primaryimage"},"thumbnailUrl":"https:\/\/hubsch-interior.com\/wp-content\/uploads\/2026\/02\/dual-sideboard-multicolour-6fa195df3d8a40d55dc975a5d889103a.jpg","datePublished":"2026-01-31T04:31:38+00:00","dateModified":"2026-04-05T03:27:17+00:00","description":"Bringen Sie den Charme des Dual Schranks in Ihr Zuhause \u2013 eine lebhafte Kombination aus bunter Eleganz und verantwortungsbewusstem Design. Hergestellt aus","breadcrumb":{"@id":"https:\/\/hubsch-interior.com\/de\/produkt\/dual-schrank-multifarben\/#breadcrumb"},"inLanguage":"de","potentialAction":[{"@type":"ReadAction","target":["https:\/\/hubsch-interior.com\/de\/produkt\/dual-schrank-multifarben\/"]}]},{"@type":"ImageObject","inLanguage":"de","@id":"https:\/\/hubsch-interior.com\/de\/produkt\/dual-schrank-multifarben\/#primaryimage","url":"https:\/\/hubsch-interior.com\/wp-content\/uploads\/2026\/02\/dual-sideboard-multicolour-6fa195df3d8a40d55dc975a5d889103a.jpg","contentUrl":"https:\/\/hubsch-interior.com\/wp-content\/uploads\/2026\/02\/dual-sideboard-multicolour-6fa195df3d8a40d55dc975a5d889103a.jpg","width":1024,"height":1024},{"@type":"BreadcrumbList","@id":"https:\/\/hubsch-interior.com\/de\/produkt\/dual-schrank-multifarben\/#breadcrumb","itemListElement":[{"@type":"ListItem","position":1,"name":"Startseite","item":"https:\/\/hubsch-interior.com\/de\/"},{"@type":"ListItem","position":2,"name":"Produkte","item":"https:\/\/hubsch-interior.com\/de\/shop-2\/"},{"@type":"ListItem","position":3,"name":"Dual Schrank \u00a0Multifarben"}]},{"@type":"WebSite","@id":"https:\/\/hubsch-interior.com\/de\/#website","url":"https:\/\/hubsch-interior.com\/de\/","name":"H\u00fcbsch","description":"Danish Home Interior and Design","publisher":{"@id":"https:\/\/hubsch-interior.com\/de\/#organization"},"potentialAction":[{"@type":"SearchAction","target":{"@type":"EntryPoint","urlTemplate":"https:\/\/hubsch-interior.com\/de\/?s={search_term_string}"},"query-input":{"@type":"PropertyValueSpecification","valueRequired":true,"valueName":"search_term_string"}}],"inLanguage":"de"},{"@type":"Organization","@id":"https:\/\/hubsch-interior.com\/de\/#organization","name":"H\u00fcbsch","url":"https:\/\/hubsch-interior.com\/de\/","logo":{"@type":"ImageObject","inLanguage":"de","@id":"https:\/\/hubsch-interior.com\/de\/#\/schema\/logo\/image\/","url":"https:\/\/hubsch-interior.com\/wp-content\/uploads\/2022\/12\/Hubsch_logo_black_one_line.svg","contentUrl":"https:\/\/hubsch-interior.com\/wp-content\/uploads\/2022\/12\/Hubsch_logo_black_one_line.svg","caption":"H\u00fcbsch"},"image":{"@id":"https:\/\/hubsch-interior.com\/de\/#\/schema\/logo\/image\/"}}]}},"_links":{"self":[{"href":"https:\/\/hubsch-interior.com\/de\/wp-json\/wp\/v2\/product\/1089657","targetHints":{"allow":["GET"]}}],"collection":[{"href":"https:\/\/hubsch-interior.com\/de\/wp-json\/wp\/v2\/product"}],"about":[{"href":"https:\/\/hubsch-interior.com\/de\/wp-json\/wp\/v2\/types\/product"}],"wp:featuredmedia":[{"embeddable":true,"href":"https:\/\/hubsch-interior.com\/de\/wp-json\/wp\/v2\/media\/1112021"}],"wp:attachment":[{"href":"https:\/\/hubsch-interior.com\/de\/wp-json\/wp\/v2\/media?parent=1089657"}],"wp:term":[{"taxonomy":"product_brand","embeddable":true,"href":"https:\/\/hubsch-interior.com\/de\/wp-json\/wp\/v2\/product_brand?post=1089657"},{"taxonomy":"product_cat","embeddable":true,"href":"https:\/\/hubsch-interior.com\/de\/wp-json\/wp\/v2\/product_cat?post=1089657"},{"taxonomy":"product_tag","embeddable":true,"href":"https:\/\/hubsch-interior.com\/de\/wp-json\/wp\/v2\/product_tag?post=1089657"}],"curies":[{"name":"wp","href":"https:\/\/api.w.org\/{rel}","templated":true}]}}