{"id":1089713,"date":"2026-01-31T05:32:03","date_gmt":"2026-01-31T04:32:03","guid":{"rendered":"https:\/\/hubsch-interior.com\/product\/product\/"},"modified":"2026-04-05T05:27:24","modified_gmt":"2026-04-05T03:27:24","slug":"tona-esstisch-naturfarben","status":"publish","type":"product","link":"https:\/\/hubsch-interior.com\/de\/produkt\/tona-esstisch-naturfarben\/","title":{"rendered":"Tona Esstisch Naturfarben"},"content":{"rendered":"<p>Der Tona Esstisch vereint Eleganz mit allt\u00e4glicher Funktionalit\u00e4t. Mit einer edel verarbeiteten Tischplatte aus Eichenfurnier und einem robusten, pulverbeschichteten Metallgestell bietet er sowohl optische Anziehungskraft als auch langanhaltende Stabilit\u00e4t. Inspiriert vom klassischen Shaker-Stil, verleihen ihm die warmen, nat\u00fcrlichen T\u00f6ne und klaren Linien eine frische, moderne Note, die in jeden Essbereich passt. Dank der zentral platzierten Beine eignet er sich auch perfekt als Besprechungstisch \u2013 mit leichtem Zugang und flexibler Sitzanordnung. Hergestellt aus FSC-zertifiziertem Holz, ist der Tona eine verantwortungsbewusste Wahl, die Stil mit Zweckm\u00e4\u00dfigkeit verbindet.<\/p>\n","protected":false},"excerpt":{"rendered":"<p>Der Tona Esstisch vereint Eleganz mit allt\u00e4glicher Funktionalit\u00e4t. Mit einer edel verarbeiteten Tischplatte aus Eichenfurnier und einem robusten, pulverbeschichteten Metallgestell bietet er sowohl optische Anziehungskraft als auch langanhaltende Stabilit\u00e4t. Inspiriert vom klassischen Shaker-Stil, verleihen ihm die warmen, nat\u00fcrlichen T\u00f6ne und klaren Linien eine frische, moderne Note, die in jeden Essbereich passt. Dank der zentral platzierten [&hellip;]<\/p>\n","protected":false},"featured_media":1112073,"template":"","meta":{"_acf_changed":false,"inline_featured_image":false},"product_brand":[],"product_cat":[7155,6323,2861,4216,5047],"product_tag":[],"class_list":{"0":"post-1089713","1":"product","2":"type-product","3":"status-publish","4":"has-post-thumbnail","6":"product_cat-dweller-de","7":"product_cat-fsc-de","8":"product_cat-tische-de","9":"product_cat-esstische-de","10":"product_cat-neuheiten-de","11":"product_shipping_class-p10","13":"pa_color-naturfarben-2","14":"pa_material-eisen-de","15":"pa_material-mdf-de","16":"pa_material-eichenfurnier","18":"first","19":"instock","20":"taxable","21":"shipping-taxable","22":"purchasable","23":"product-type-simple"},"exclude_global_add_ons":[],"addons":[],"acf":[],"yoast_head":"<!-- This site is optimized with the Yoast SEO plugin v26.4 - https:\/\/yoast.com\/wordpress\/plugins\/seo\/ -->\n<title>Tona Esstisch Naturfarben - H\u00fcbsch<\/title>\n<meta name=\"description\" content=\"Der Tona Esstisch vereint Eleganz mit allt\u00e4glicher Funktionalit\u00e4t. Mit einer edel verarbeiteten Tischplatte aus Eichenfurnier und einem robusten,\" \/>\n<meta name=\"robots\" content=\"index, follow, max-snippet:-1, max-image-preview:large, max-video-preview:-1\" \/>\n<link rel=\"canonical\" href=\"https:\/\/hubsch-interior.com\/de\/wp-json\/wp\/v2\/product\/1089713\" \/>\n<meta property=\"og:locale\" content=\"de_DE\" \/>\n<meta property=\"og:type\" content=\"article\" \/>\n<meta property=\"og:title\" content=\"Tona Esstisch Naturfarben - H\u00fcbsch\" \/>\n<meta property=\"og:description\" content=\"Der Tona Esstisch vereint Eleganz mit allt\u00e4glicher Funktionalit\u00e4t. Mit einer edel verarbeiteten Tischplatte aus Eichenfurnier und einem robusten,\" \/>\n<meta property=\"og:url\" content=\"https:\/\/hubsch-interior.com\/de\/produkt\/tona-esstisch-naturfarben\/\" \/>\n<meta property=\"og:site_name\" content=\"H\u00fcbsch\" \/>\n<meta property=\"article:modified_time\" content=\"2026-04-05T03:27:24+00:00\" \/>\n<meta property=\"og:image\" content=\"https:\/\/hubsch-interior.com\/wp-content\/uploads\/2026\/01\/tona-dining-table-natural-a020c8f70e9d87d768fdf86031953842.jpg\" \/>\n\t<meta property=\"og:image:width\" content=\"1200\" \/>\n\t<meta property=\"og:image:height\" content=\"1200\" \/>\n\t<meta property=\"og:image:type\" content=\"image\/jpeg\" \/>\n<meta name=\"twitter:card\" content=\"summary_large_image\" \/>\n<script type=\"application\/ld+json\" class=\"yoast-schema-graph\">{\"@context\":\"https:\/\/schema.org\",\"@graph\":[{\"@type\":\"WebPage\",\"@id\":\"https:\/\/hubsch-interior.com\/de\/produkt\/tona-esstisch-naturfarben\/\",\"url\":\"https:\/\/hubsch-interior.com\/de\/produkt\/tona-esstisch-naturfarben\/\",\"name\":\"Tona Esstisch Naturfarben - H\u00fcbsch\",\"isPartOf\":{\"@id\":\"https:\/\/hubsch-interior.com\/de\/#website\"},\"primaryImageOfPage\":{\"@id\":\"https:\/\/hubsch-interior.com\/de\/produkt\/tona-esstisch-naturfarben\/#primaryimage\"},\"image\":{\"@id\":\"https:\/\/hubsch-interior.com\/de\/produkt\/tona-esstisch-naturfarben\/#primaryimage\"},\"thumbnailUrl\":\"https:\/\/hubsch-interior.com\/wp-content\/uploads\/2026\/02\/tona-dining-table-natural-0f9d05c9c245d102a577d66c98a0e642.jpg\",\"datePublished\":\"2026-01-31T04:32:03+00:00\",\"dateModified\":\"2026-04-05T03:27:24+00:00\",\"description\":\"Der Tona Esstisch vereint Eleganz mit allt\u00e4glicher Funktionalit\u00e4t. Mit einer edel verarbeiteten Tischplatte aus Eichenfurnier und einem robusten,\",\"breadcrumb\":{\"@id\":\"https:\/\/hubsch-interior.com\/de\/produkt\/tona-esstisch-naturfarben\/#breadcrumb\"},\"inLanguage\":\"de\",\"potentialAction\":[{\"@type\":\"ReadAction\",\"target\":[\"https:\/\/hubsch-interior.com\/de\/produkt\/tona-esstisch-naturfarben\/\"]}]},{\"@type\":\"ImageObject\",\"inLanguage\":\"de\",\"@id\":\"https:\/\/hubsch-interior.com\/de\/produkt\/tona-esstisch-naturfarben\/#primaryimage\",\"url\":\"https:\/\/hubsch-interior.com\/wp-content\/uploads\/2026\/02\/tona-dining-table-natural-0f9d05c9c245d102a577d66c98a0e642.jpg\",\"contentUrl\":\"https:\/\/hubsch-interior.com\/wp-content\/uploads\/2026\/02\/tona-dining-table-natural-0f9d05c9c245d102a577d66c98a0e642.jpg\",\"width\":1024,\"height\":1024},{\"@type\":\"BreadcrumbList\",\"@id\":\"https:\/\/hubsch-interior.com\/de\/produkt\/tona-esstisch-naturfarben\/#breadcrumb\",\"itemListElement\":[{\"@type\":\"ListItem\",\"position\":1,\"name\":\"Startseite\",\"item\":\"https:\/\/hubsch-interior.com\/de\/\"},{\"@type\":\"ListItem\",\"position\":2,\"name\":\"Produkte\",\"item\":\"https:\/\/hubsch-interior.com\/de\/shop-2\/\"},{\"@type\":\"ListItem\",\"position\":3,\"name\":\"Tona Esstisch Naturfarben\"}]},{\"@type\":\"WebSite\",\"@id\":\"https:\/\/hubsch-interior.com\/de\/#website\",\"url\":\"https:\/\/hubsch-interior.com\/de\/\",\"name\":\"H\u00fcbsch\",\"description\":\"Danish Home Interior and Design\",\"publisher\":{\"@id\":\"https:\/\/hubsch-interior.com\/de\/#organization\"},\"potentialAction\":[{\"@type\":\"SearchAction\",\"target\":{\"@type\":\"EntryPoint\",\"urlTemplate\":\"https:\/\/hubsch-interior.com\/de\/?s={search_term_string}\"},\"query-input\":{\"@type\":\"PropertyValueSpecification\",\"valueRequired\":true,\"valueName\":\"search_term_string\"}}],\"inLanguage\":\"de\"},{\"@type\":\"Organization\",\"@id\":\"https:\/\/hubsch-interior.com\/de\/#organization\",\"name\":\"H\u00fcbsch\",\"url\":\"https:\/\/hubsch-interior.com\/de\/\",\"logo\":{\"@type\":\"ImageObject\",\"inLanguage\":\"de\",\"@id\":\"https:\/\/hubsch-interior.com\/de\/#\/schema\/logo\/image\/\",\"url\":\"https:\/\/hubsch-interior.com\/wp-content\/uploads\/2022\/12\/Hubsch_logo_black_one_line.svg\",\"contentUrl\":\"https:\/\/hubsch-interior.com\/wp-content\/uploads\/2022\/12\/Hubsch_logo_black_one_line.svg\",\"caption\":\"H\u00fcbsch\"},\"image\":{\"@id\":\"https:\/\/hubsch-interior.com\/de\/#\/schema\/logo\/image\/\"}}]}<\/script>\n<!-- \/ Yoast SEO plugin. -->","yoast_head_json":{"title":"Tona Esstisch Naturfarben - H\u00fcbsch","description":"Der Tona Esstisch vereint Eleganz mit allt\u00e4glicher Funktionalit\u00e4t. Mit einer edel verarbeiteten Tischplatte aus Eichenfurnier und einem robusten,","robots":{"index":"index","follow":"follow","max-snippet":"max-snippet:-1","max-image-preview":"max-image-preview:large","max-video-preview":"max-video-preview:-1"},"canonical":"https:\/\/hubsch-interior.com\/de\/wp-json\/wp\/v2\/product\/1089713","og_locale":"de_DE","og_type":"article","og_title":"Tona Esstisch Naturfarben - H\u00fcbsch","og_description":"Der Tona Esstisch vereint Eleganz mit allt\u00e4glicher Funktionalit\u00e4t. Mit einer edel verarbeiteten Tischplatte aus Eichenfurnier und einem robusten,","og_url":"https:\/\/hubsch-interior.com\/de\/produkt\/tona-esstisch-naturfarben\/","og_site_name":"H\u00fcbsch","article_modified_time":"2026-04-05T03:27:24+00:00","og_image":[{"width":1200,"height":1200,"url":"https:\/\/hubsch-interior.com\/wp-content\/uploads\/2026\/01\/tona-dining-table-natural-a020c8f70e9d87d768fdf86031953842.jpg","type":"image\/jpeg"}],"twitter_card":"summary_large_image","schema":{"@context":"https:\/\/schema.org","@graph":[{"@type":"WebPage","@id":"https:\/\/hubsch-interior.com\/de\/produkt\/tona-esstisch-naturfarben\/","url":"https:\/\/hubsch-interior.com\/de\/produkt\/tona-esstisch-naturfarben\/","name":"Tona Esstisch Naturfarben - H\u00fcbsch","isPartOf":{"@id":"https:\/\/hubsch-interior.com\/de\/#website"},"primaryImageOfPage":{"@id":"https:\/\/hubsch-interior.com\/de\/produkt\/tona-esstisch-naturfarben\/#primaryimage"},"image":{"@id":"https:\/\/hubsch-interior.com\/de\/produkt\/tona-esstisch-naturfarben\/#primaryimage"},"thumbnailUrl":"https:\/\/hubsch-interior.com\/wp-content\/uploads\/2026\/02\/tona-dining-table-natural-0f9d05c9c245d102a577d66c98a0e642.jpg","datePublished":"2026-01-31T04:32:03+00:00","dateModified":"2026-04-05T03:27:24+00:00","description":"Der Tona Esstisch vereint Eleganz mit allt\u00e4glicher Funktionalit\u00e4t. Mit einer edel verarbeiteten Tischplatte aus Eichenfurnier und einem robusten,","breadcrumb":{"@id":"https:\/\/hubsch-interior.com\/de\/produkt\/tona-esstisch-naturfarben\/#breadcrumb"},"inLanguage":"de","potentialAction":[{"@type":"ReadAction","target":["https:\/\/hubsch-interior.com\/de\/produkt\/tona-esstisch-naturfarben\/"]}]},{"@type":"ImageObject","inLanguage":"de","@id":"https:\/\/hubsch-interior.com\/de\/produkt\/tona-esstisch-naturfarben\/#primaryimage","url":"https:\/\/hubsch-interior.com\/wp-content\/uploads\/2026\/02\/tona-dining-table-natural-0f9d05c9c245d102a577d66c98a0e642.jpg","contentUrl":"https:\/\/hubsch-interior.com\/wp-content\/uploads\/2026\/02\/tona-dining-table-natural-0f9d05c9c245d102a577d66c98a0e642.jpg","width":1024,"height":1024},{"@type":"BreadcrumbList","@id":"https:\/\/hubsch-interior.com\/de\/produkt\/tona-esstisch-naturfarben\/#breadcrumb","itemListElement":[{"@type":"ListItem","position":1,"name":"Startseite","item":"https:\/\/hubsch-interior.com\/de\/"},{"@type":"ListItem","position":2,"name":"Produkte","item":"https:\/\/hubsch-interior.com\/de\/shop-2\/"},{"@type":"ListItem","position":3,"name":"Tona Esstisch Naturfarben"}]},{"@type":"WebSite","@id":"https:\/\/hubsch-interior.com\/de\/#website","url":"https:\/\/hubsch-interior.com\/de\/","name":"H\u00fcbsch","description":"Danish Home Interior and Design","publisher":{"@id":"https:\/\/hubsch-interior.com\/de\/#organization"},"potentialAction":[{"@type":"SearchAction","target":{"@type":"EntryPoint","urlTemplate":"https:\/\/hubsch-interior.com\/de\/?s={search_term_string}"},"query-input":{"@type":"PropertyValueSpecification","valueRequired":true,"valueName":"search_term_string"}}],"inLanguage":"de"},{"@type":"Organization","@id":"https:\/\/hubsch-interior.com\/de\/#organization","name":"H\u00fcbsch","url":"https:\/\/hubsch-interior.com\/de\/","logo":{"@type":"ImageObject","inLanguage":"de","@id":"https:\/\/hubsch-interior.com\/de\/#\/schema\/logo\/image\/","url":"https:\/\/hubsch-interior.com\/wp-content\/uploads\/2022\/12\/Hubsch_logo_black_one_line.svg","contentUrl":"https:\/\/hubsch-interior.com\/wp-content\/uploads\/2022\/12\/Hubsch_logo_black_one_line.svg","caption":"H\u00fcbsch"},"image":{"@id":"https:\/\/hubsch-interior.com\/de\/#\/schema\/logo\/image\/"}}]}},"_links":{"self":[{"href":"https:\/\/hubsch-interior.com\/de\/wp-json\/wp\/v2\/product\/1089713","targetHints":{"allow":["GET"]}}],"collection":[{"href":"https:\/\/hubsch-interior.com\/de\/wp-json\/wp\/v2\/product"}],"about":[{"href":"https:\/\/hubsch-interior.com\/de\/wp-json\/wp\/v2\/types\/product"}],"wp:featuredmedia":[{"embeddable":true,"href":"https:\/\/hubsch-interior.com\/de\/wp-json\/wp\/v2\/media\/1112073"}],"wp:attachment":[{"href":"https:\/\/hubsch-interior.com\/de\/wp-json\/wp\/v2\/media?parent=1089713"}],"wp:term":[{"taxonomy":"product_brand","embeddable":true,"href":"https:\/\/hubsch-interior.com\/de\/wp-json\/wp\/v2\/product_brand?post=1089713"},{"taxonomy":"product_cat","embeddable":true,"href":"https:\/\/hubsch-interior.com\/de\/wp-json\/wp\/v2\/product_cat?post=1089713"},{"taxonomy":"product_tag","embeddable":true,"href":"https:\/\/hubsch-interior.com\/de\/wp-json\/wp\/v2\/product_tag?post=1089713"}],"curies":[{"name":"wp","href":"https:\/\/api.w.org\/{rel}","templated":true}]}}