{"id":1089745,"date":"2026-01-31T05:32:17","date_gmt":"2026-01-31T04:32:17","guid":{"rendered":"https:\/\/hubsch-interior.com\/product\/product\/"},"modified":"2026-04-05T05:27:28","modified_gmt":"2026-04-05T03:27:28","slug":"hock-esszimmerstuhl-naturfarben-grun","status":"publish","type":"product","link":"https:\/\/hubsch-interior.com\/de\/produkt\/hock-esszimmerstuhl-naturfarben-grun\/","title":{"rendered":"Hock Esszimmerstuhl Naturfarben\/Gr\u00fcn"},"content":{"rendered":"<p>Laden Sie zeitlose Eleganz in Ihr Esszimmer ein mit dem Hock Esszimmerstuhl, erh\u00e4ltlich in zwei einzigartigen Varianten. Dieses spezielle Modell besticht durch seinen sanften, armee-gr\u00fcnen Farbton, der sich harmonisch mit der nat\u00fcrlichen Eichenholzsitzfl\u00e4che und R\u00fcckenlehne verbindet. Gefertigt aus FSC-zertifiziertem Holz, verspricht jeder Stuhl nicht nur Langlebigkeit, sondern unterst\u00fctzt auch verantwortungsvolle Forstwirtschaft. Schlicht und klassisch im Design, f\u00fcgt sich der Hock Esszimmerstuhl nahtlos in Ihren gesch\u00e4tzten Essbereich ein und garantiert sowohl Komfort als auch Stil bei Ihren t\u00e4glichen Mahlzeiten.<\/p>\n","protected":false},"excerpt":{"rendered":"<p>Laden Sie zeitlose Eleganz in Ihr Esszimmer ein mit dem Hock Esszimmerstuhl, erh\u00e4ltlich in zwei einzigartigen Varianten. Dieses spezielle Modell besticht durch seinen sanften, armee-gr\u00fcnen Farbton, der sich harmonisch mit der nat\u00fcrlichen Eichenholzsitzfl\u00e4che und R\u00fcckenlehne verbindet. Gefertigt aus FSC-zertifiziertem Holz, verspricht jeder Stuhl nicht nur Langlebigkeit, sondern unterst\u00fctzt auch verantwortungsvolle Forstwirtschaft. Schlicht und klassisch im [&hellip;]<\/p>\n","protected":false},"featured_media":1112093,"template":"","meta":{"_acf_changed":false,"inline_featured_image":false},"product_brand":[],"product_cat":[7155,6323,2845,2846,5027,5047],"product_tag":[],"class_list":{"0":"post-1089745","1":"product","2":"type-product","3":"status-publish","4":"has-post-thumbnail","6":"product_cat-dweller-de","7":"product_cat-fsc-de","8":"product_cat-sitzmoebel-de","9":"product_cat-esszimmerstuehle-de","10":"product_cat-bestsellers-de","11":"product_cat-neuheiten-de","12":"product_shipping_class-pk","14":"pa_color-grn-2","15":"pa_color-naturfarben-2","16":"pa_material-eisen-de","17":"pa_material-mdf-de","18":"pa_material-eichenfurnier","20":"first","21":"instock","22":"featured","23":"taxable","24":"shipping-taxable","25":"purchasable","26":"product-type-simple"},"exclude_global_add_ons":[],"addons":[],"acf":[],"yoast_head":"<!-- This site is optimized with the Yoast SEO plugin v26.4 - https:\/\/yoast.com\/wordpress\/plugins\/seo\/ -->\n<title>Hock Esszimmerstuhl Naturfarben\/Gr\u00fcn - H\u00fcbsch<\/title>\n<meta name=\"description\" content=\"Laden Sie zeitlose Eleganz in Ihr Esszimmer ein mit dem Hock Esszimmerstuhl, erh\u00e4ltlich in zwei einzigartigen Varianten. Dieses spezielle Modell besticht\" \/>\n<meta name=\"robots\" content=\"index, follow, max-snippet:-1, max-image-preview:large, max-video-preview:-1\" \/>\n<link rel=\"canonical\" href=\"https:\/\/hubsch-interior.com\/de\/wp-json\/wp\/v2\/product\/1089745\" \/>\n<meta property=\"og:locale\" content=\"de_DE\" \/>\n<meta property=\"og:type\" content=\"article\" \/>\n<meta property=\"og:title\" content=\"Hock Esszimmerstuhl Naturfarben\/Gr\u00fcn - H\u00fcbsch\" \/>\n<meta property=\"og:description\" content=\"Laden Sie zeitlose Eleganz in Ihr Esszimmer ein mit dem Hock Esszimmerstuhl, erh\u00e4ltlich in zwei einzigartigen Varianten. Dieses spezielle Modell besticht\" \/>\n<meta property=\"og:url\" content=\"https:\/\/hubsch-interior.com\/de\/produkt\/hock-esszimmerstuhl-naturfarben-grun\/\" \/>\n<meta property=\"og:site_name\" content=\"H\u00fcbsch\" \/>\n<meta property=\"article:modified_time\" content=\"2026-04-05T03:27:28+00:00\" \/>\n<meta property=\"og:image\" content=\"https:\/\/hubsch-interior.com\/wp-content\/uploads\/2026\/01\/hock-dining-chair-naturalgreen-c7da00f46ccb180c553713365958e378.jpg\" \/>\n\t<meta property=\"og:image:width\" content=\"1200\" \/>\n\t<meta property=\"og:image:height\" content=\"1200\" \/>\n\t<meta property=\"og:image:type\" content=\"image\/jpeg\" \/>\n<meta name=\"twitter:card\" content=\"summary_large_image\" \/>\n<script type=\"application\/ld+json\" class=\"yoast-schema-graph\">{\"@context\":\"https:\/\/schema.org\",\"@graph\":[{\"@type\":\"WebPage\",\"@id\":\"https:\/\/hubsch-interior.com\/de\/produkt\/hock-esszimmerstuhl-naturfarben-grun\/\",\"url\":\"https:\/\/hubsch-interior.com\/de\/produkt\/hock-esszimmerstuhl-naturfarben-grun\/\",\"name\":\"Hock Esszimmerstuhl Naturfarben\/Gr\u00fcn - H\u00fcbsch\",\"isPartOf\":{\"@id\":\"https:\/\/hubsch-interior.com\/de\/#website\"},\"primaryImageOfPage\":{\"@id\":\"https:\/\/hubsch-interior.com\/de\/produkt\/hock-esszimmerstuhl-naturfarben-grun\/#primaryimage\"},\"image\":{\"@id\":\"https:\/\/hubsch-interior.com\/de\/produkt\/hock-esszimmerstuhl-naturfarben-grun\/#primaryimage\"},\"thumbnailUrl\":\"https:\/\/hubsch-interior.com\/wp-content\/uploads\/2026\/02\/hock-dining-chair-naturalgreen-99d3d8a62cfcbe096b0f52a3724c6276.jpg\",\"datePublished\":\"2026-01-31T04:32:17+00:00\",\"dateModified\":\"2026-04-05T03:27:28+00:00\",\"description\":\"Laden Sie zeitlose Eleganz in Ihr Esszimmer ein mit dem Hock Esszimmerstuhl, erh\u00e4ltlich in zwei einzigartigen Varianten. Dieses spezielle Modell besticht\",\"breadcrumb\":{\"@id\":\"https:\/\/hubsch-interior.com\/de\/produkt\/hock-esszimmerstuhl-naturfarben-grun\/#breadcrumb\"},\"inLanguage\":\"de\",\"potentialAction\":[{\"@type\":\"ReadAction\",\"target\":[\"https:\/\/hubsch-interior.com\/de\/produkt\/hock-esszimmerstuhl-naturfarben-grun\/\"]}]},{\"@type\":\"ImageObject\",\"inLanguage\":\"de\",\"@id\":\"https:\/\/hubsch-interior.com\/de\/produkt\/hock-esszimmerstuhl-naturfarben-grun\/#primaryimage\",\"url\":\"https:\/\/hubsch-interior.com\/wp-content\/uploads\/2026\/02\/hock-dining-chair-naturalgreen-99d3d8a62cfcbe096b0f52a3724c6276.jpg\",\"contentUrl\":\"https:\/\/hubsch-interior.com\/wp-content\/uploads\/2026\/02\/hock-dining-chair-naturalgreen-99d3d8a62cfcbe096b0f52a3724c6276.jpg\",\"width\":1024,\"height\":1024},{\"@type\":\"BreadcrumbList\",\"@id\":\"https:\/\/hubsch-interior.com\/de\/produkt\/hock-esszimmerstuhl-naturfarben-grun\/#breadcrumb\",\"itemListElement\":[{\"@type\":\"ListItem\",\"position\":1,\"name\":\"Startseite\",\"item\":\"https:\/\/hubsch-interior.com\/de\/\"},{\"@type\":\"ListItem\",\"position\":2,\"name\":\"Produkte\",\"item\":\"https:\/\/hubsch-interior.com\/de\/shop-2\/\"},{\"@type\":\"ListItem\",\"position\":3,\"name\":\"Hock Esszimmerstuhl Naturfarben\/Gr\u00fcn\"}]},{\"@type\":\"WebSite\",\"@id\":\"https:\/\/hubsch-interior.com\/de\/#website\",\"url\":\"https:\/\/hubsch-interior.com\/de\/\",\"name\":\"H\u00fcbsch\",\"description\":\"Danish Home Interior and Design\",\"publisher\":{\"@id\":\"https:\/\/hubsch-interior.com\/de\/#organization\"},\"potentialAction\":[{\"@type\":\"SearchAction\",\"target\":{\"@type\":\"EntryPoint\",\"urlTemplate\":\"https:\/\/hubsch-interior.com\/de\/?s={search_term_string}\"},\"query-input\":{\"@type\":\"PropertyValueSpecification\",\"valueRequired\":true,\"valueName\":\"search_term_string\"}}],\"inLanguage\":\"de\"},{\"@type\":\"Organization\",\"@id\":\"https:\/\/hubsch-interior.com\/de\/#organization\",\"name\":\"H\u00fcbsch\",\"url\":\"https:\/\/hubsch-interior.com\/de\/\",\"logo\":{\"@type\":\"ImageObject\",\"inLanguage\":\"de\",\"@id\":\"https:\/\/hubsch-interior.com\/de\/#\/schema\/logo\/image\/\",\"url\":\"https:\/\/hubsch-interior.com\/wp-content\/uploads\/2022\/12\/Hubsch_logo_black_one_line.svg\",\"contentUrl\":\"https:\/\/hubsch-interior.com\/wp-content\/uploads\/2022\/12\/Hubsch_logo_black_one_line.svg\",\"caption\":\"H\u00fcbsch\"},\"image\":{\"@id\":\"https:\/\/hubsch-interior.com\/de\/#\/schema\/logo\/image\/\"}}]}<\/script>\n<!-- \/ Yoast SEO plugin. -->","yoast_head_json":{"title":"Hock Esszimmerstuhl Naturfarben\/Gr\u00fcn - H\u00fcbsch","description":"Laden Sie zeitlose Eleganz in Ihr Esszimmer ein mit dem Hock Esszimmerstuhl, erh\u00e4ltlich in zwei einzigartigen Varianten. Dieses spezielle Modell besticht","robots":{"index":"index","follow":"follow","max-snippet":"max-snippet:-1","max-image-preview":"max-image-preview:large","max-video-preview":"max-video-preview:-1"},"canonical":"https:\/\/hubsch-interior.com\/de\/wp-json\/wp\/v2\/product\/1089745","og_locale":"de_DE","og_type":"article","og_title":"Hock Esszimmerstuhl Naturfarben\/Gr\u00fcn - H\u00fcbsch","og_description":"Laden Sie zeitlose Eleganz in Ihr Esszimmer ein mit dem Hock Esszimmerstuhl, erh\u00e4ltlich in zwei einzigartigen Varianten. Dieses spezielle Modell besticht","og_url":"https:\/\/hubsch-interior.com\/de\/produkt\/hock-esszimmerstuhl-naturfarben-grun\/","og_site_name":"H\u00fcbsch","article_modified_time":"2026-04-05T03:27:28+00:00","og_image":[{"width":1200,"height":1200,"url":"https:\/\/hubsch-interior.com\/wp-content\/uploads\/2026\/01\/hock-dining-chair-naturalgreen-c7da00f46ccb180c553713365958e378.jpg","type":"image\/jpeg"}],"twitter_card":"summary_large_image","schema":{"@context":"https:\/\/schema.org","@graph":[{"@type":"WebPage","@id":"https:\/\/hubsch-interior.com\/de\/produkt\/hock-esszimmerstuhl-naturfarben-grun\/","url":"https:\/\/hubsch-interior.com\/de\/produkt\/hock-esszimmerstuhl-naturfarben-grun\/","name":"Hock Esszimmerstuhl Naturfarben\/Gr\u00fcn - H\u00fcbsch","isPartOf":{"@id":"https:\/\/hubsch-interior.com\/de\/#website"},"primaryImageOfPage":{"@id":"https:\/\/hubsch-interior.com\/de\/produkt\/hock-esszimmerstuhl-naturfarben-grun\/#primaryimage"},"image":{"@id":"https:\/\/hubsch-interior.com\/de\/produkt\/hock-esszimmerstuhl-naturfarben-grun\/#primaryimage"},"thumbnailUrl":"https:\/\/hubsch-interior.com\/wp-content\/uploads\/2026\/02\/hock-dining-chair-naturalgreen-99d3d8a62cfcbe096b0f52a3724c6276.jpg","datePublished":"2026-01-31T04:32:17+00:00","dateModified":"2026-04-05T03:27:28+00:00","description":"Laden Sie zeitlose Eleganz in Ihr Esszimmer ein mit dem Hock Esszimmerstuhl, erh\u00e4ltlich in zwei einzigartigen Varianten. Dieses spezielle Modell besticht","breadcrumb":{"@id":"https:\/\/hubsch-interior.com\/de\/produkt\/hock-esszimmerstuhl-naturfarben-grun\/#breadcrumb"},"inLanguage":"de","potentialAction":[{"@type":"ReadAction","target":["https:\/\/hubsch-interior.com\/de\/produkt\/hock-esszimmerstuhl-naturfarben-grun\/"]}]},{"@type":"ImageObject","inLanguage":"de","@id":"https:\/\/hubsch-interior.com\/de\/produkt\/hock-esszimmerstuhl-naturfarben-grun\/#primaryimage","url":"https:\/\/hubsch-interior.com\/wp-content\/uploads\/2026\/02\/hock-dining-chair-naturalgreen-99d3d8a62cfcbe096b0f52a3724c6276.jpg","contentUrl":"https:\/\/hubsch-interior.com\/wp-content\/uploads\/2026\/02\/hock-dining-chair-naturalgreen-99d3d8a62cfcbe096b0f52a3724c6276.jpg","width":1024,"height":1024},{"@type":"BreadcrumbList","@id":"https:\/\/hubsch-interior.com\/de\/produkt\/hock-esszimmerstuhl-naturfarben-grun\/#breadcrumb","itemListElement":[{"@type":"ListItem","position":1,"name":"Startseite","item":"https:\/\/hubsch-interior.com\/de\/"},{"@type":"ListItem","position":2,"name":"Produkte","item":"https:\/\/hubsch-interior.com\/de\/shop-2\/"},{"@type":"ListItem","position":3,"name":"Hock Esszimmerstuhl Naturfarben\/Gr\u00fcn"}]},{"@type":"WebSite","@id":"https:\/\/hubsch-interior.com\/de\/#website","url":"https:\/\/hubsch-interior.com\/de\/","name":"H\u00fcbsch","description":"Danish Home Interior and Design","publisher":{"@id":"https:\/\/hubsch-interior.com\/de\/#organization"},"potentialAction":[{"@type":"SearchAction","target":{"@type":"EntryPoint","urlTemplate":"https:\/\/hubsch-interior.com\/de\/?s={search_term_string}"},"query-input":{"@type":"PropertyValueSpecification","valueRequired":true,"valueName":"search_term_string"}}],"inLanguage":"de"},{"@type":"Organization","@id":"https:\/\/hubsch-interior.com\/de\/#organization","name":"H\u00fcbsch","url":"https:\/\/hubsch-interior.com\/de\/","logo":{"@type":"ImageObject","inLanguage":"de","@id":"https:\/\/hubsch-interior.com\/de\/#\/schema\/logo\/image\/","url":"https:\/\/hubsch-interior.com\/wp-content\/uploads\/2022\/12\/Hubsch_logo_black_one_line.svg","contentUrl":"https:\/\/hubsch-interior.com\/wp-content\/uploads\/2022\/12\/Hubsch_logo_black_one_line.svg","caption":"H\u00fcbsch"},"image":{"@id":"https:\/\/hubsch-interior.com\/de\/#\/schema\/logo\/image\/"}}]}},"_links":{"self":[{"href":"https:\/\/hubsch-interior.com\/de\/wp-json\/wp\/v2\/product\/1089745","targetHints":{"allow":["GET"]}}],"collection":[{"href":"https:\/\/hubsch-interior.com\/de\/wp-json\/wp\/v2\/product"}],"about":[{"href":"https:\/\/hubsch-interior.com\/de\/wp-json\/wp\/v2\/types\/product"}],"wp:featuredmedia":[{"embeddable":true,"href":"https:\/\/hubsch-interior.com\/de\/wp-json\/wp\/v2\/media\/1112093"}],"wp:attachment":[{"href":"https:\/\/hubsch-interior.com\/de\/wp-json\/wp\/v2\/media?parent=1089745"}],"wp:term":[{"taxonomy":"product_brand","embeddable":true,"href":"https:\/\/hubsch-interior.com\/de\/wp-json\/wp\/v2\/product_brand?post=1089745"},{"taxonomy":"product_cat","embeddable":true,"href":"https:\/\/hubsch-interior.com\/de\/wp-json\/wp\/v2\/product_cat?post=1089745"},{"taxonomy":"product_tag","embeddable":true,"href":"https:\/\/hubsch-interior.com\/de\/wp-json\/wp\/v2\/product_tag?post=1089745"}],"curies":[{"name":"wp","href":"https:\/\/api.w.org\/{rel}","templated":true}]}}