{"id":1089781,"date":"2026-01-31T05:32:31","date_gmt":"2026-01-31T04:32:31","guid":{"rendered":"https:\/\/hubsch-interior.com\/product\/product\/"},"modified":"2026-04-05T05:27:32","modified_gmt":"2026-04-05T03:27:32","slug":"hock-esszimmerstuhl-schwarz","status":"publish","type":"product","link":"https:\/\/hubsch-interior.com\/de\/produkt\/hock-esszimmerstuhl-schwarz\/","title":{"rendered":"Hock Esszimmerstuhl Schwarz"},"content":{"rendered":"<p>Der Hock Esszimmerstuhl ist ein Leuchtfeuer des einfachen und klassischen Designs. In einer eleganten schwarzen Variante erh\u00e4ltlich, verspricht dieser Stuhl nicht nur Stil, sondern auch eine Verpflichtung zur Umweltverantwortung durch seine FSC-zertifizierte Holzkonstruktion. Perfekt f\u00fcr Ihr Esszimmer geeignet, bietet der Hock Esszimmerstuhl eine Sitzfl\u00e4che und R\u00fcckenlehne, gefertigt aus exquisiter Eiche, die jede Einrichtung mit ihrem zeitlosen Charme bereichert. W\u00e4hlen Sie dieses St\u00fcck f\u00fcr eine Mischung aus Eleganz und ethischem Handwerk in Ihrem Zuhause.<\/p>\n","protected":false},"excerpt":{"rendered":"<p>Der Hock Esszimmerstuhl ist ein Leuchtfeuer des einfachen und klassischen Designs. In einer eleganten schwarzen Variante erh\u00e4ltlich, verspricht dieser Stuhl nicht nur Stil, sondern auch eine Verpflichtung zur Umweltverantwortung durch seine FSC-zertifizierte Holzkonstruktion. Perfekt f\u00fcr Ihr Esszimmer geeignet, bietet der Hock Esszimmerstuhl eine Sitzfl\u00e4che und R\u00fcckenlehne, gefertigt aus exquisiter Eiche, die jede Einrichtung mit ihrem [&hellip;]<\/p>\n","protected":false},"featured_media":1112121,"template":"","meta":{"_acf_changed":false,"inline_featured_image":false},"product_brand":[],"product_cat":[7155,6323,2845,2846,5047],"product_tag":[],"class_list":{"0":"post-1089781","1":"product","2":"type-product","3":"status-publish","4":"has-post-thumbnail","6":"product_cat-dweller-de","7":"product_cat-fsc-de","8":"product_cat-sitzmoebel-de","9":"product_cat-esszimmerstuehle-de","10":"product_cat-neuheiten-de","11":"product_shipping_class-pk","13":"pa_color-schwarz","14":"pa_material-eisen-de","15":"pa_material-mdf-de","16":"pa_material-eichenfurnier","18":"first","19":"instock","20":"taxable","21":"shipping-taxable","22":"purchasable","23":"product-type-simple"},"exclude_global_add_ons":[],"addons":[],"acf":[],"yoast_head":"<!-- This site is optimized with the Yoast SEO plugin v26.4 - https:\/\/yoast.com\/wordpress\/plugins\/seo\/ -->\n<title>Hock Esszimmerstuhl Schwarz - H\u00fcbsch<\/title>\n<meta name=\"description\" content=\"Der Hock Esszimmerstuhl ist ein Leuchtfeuer des einfachen und klassischen Designs. In einer eleganten schwarzen Variante erh\u00e4ltlich, verspricht dieser\" \/>\n<meta name=\"robots\" content=\"index, follow, max-snippet:-1, max-image-preview:large, max-video-preview:-1\" \/>\n<link rel=\"canonical\" href=\"https:\/\/hubsch-interior.com\/de\/wp-json\/wp\/v2\/product\/1089781\" \/>\n<meta property=\"og:locale\" content=\"de_DE\" \/>\n<meta property=\"og:type\" content=\"article\" \/>\n<meta property=\"og:title\" content=\"Hock Esszimmerstuhl Schwarz - H\u00fcbsch\" \/>\n<meta property=\"og:description\" content=\"Der Hock Esszimmerstuhl ist ein Leuchtfeuer des einfachen und klassischen Designs. In einer eleganten schwarzen Variante erh\u00e4ltlich, verspricht dieser\" \/>\n<meta property=\"og:url\" content=\"https:\/\/hubsch-interior.com\/de\/produkt\/hock-esszimmerstuhl-schwarz\/\" \/>\n<meta property=\"og:site_name\" content=\"H\u00fcbsch\" \/>\n<meta property=\"article:modified_time\" content=\"2026-04-05T03:27:32+00:00\" \/>\n<meta property=\"og:image\" content=\"https:\/\/hubsch-interior.com\/wp-content\/uploads\/2026\/01\/hock-dining-chair-black-545d8031c6c9f3273a13094282b5cc92.jpg\" \/>\n\t<meta property=\"og:image:width\" content=\"1200\" \/>\n\t<meta property=\"og:image:height\" content=\"1200\" \/>\n\t<meta property=\"og:image:type\" content=\"image\/jpeg\" \/>\n<meta name=\"twitter:card\" content=\"summary_large_image\" \/>\n<script type=\"application\/ld+json\" class=\"yoast-schema-graph\">{\"@context\":\"https:\/\/schema.org\",\"@graph\":[{\"@type\":\"WebPage\",\"@id\":\"https:\/\/hubsch-interior.com\/de\/produkt\/hock-esszimmerstuhl-schwarz\/\",\"url\":\"https:\/\/hubsch-interior.com\/de\/produkt\/hock-esszimmerstuhl-schwarz\/\",\"name\":\"Hock Esszimmerstuhl Schwarz - H\u00fcbsch\",\"isPartOf\":{\"@id\":\"https:\/\/hubsch-interior.com\/de\/#website\"},\"primaryImageOfPage\":{\"@id\":\"https:\/\/hubsch-interior.com\/de\/produkt\/hock-esszimmerstuhl-schwarz\/#primaryimage\"},\"image\":{\"@id\":\"https:\/\/hubsch-interior.com\/de\/produkt\/hock-esszimmerstuhl-schwarz\/#primaryimage\"},\"thumbnailUrl\":\"https:\/\/hubsch-interior.com\/wp-content\/uploads\/2026\/02\/hock-dining-chair-black-d45fe1d711ac37883c1371a9c497ac14.jpg\",\"datePublished\":\"2026-01-31T04:32:31+00:00\",\"dateModified\":\"2026-04-05T03:27:32+00:00\",\"description\":\"Der Hock Esszimmerstuhl ist ein Leuchtfeuer des einfachen und klassischen Designs. In einer eleganten schwarzen Variante erh\u00e4ltlich, verspricht dieser\",\"breadcrumb\":{\"@id\":\"https:\/\/hubsch-interior.com\/de\/produkt\/hock-esszimmerstuhl-schwarz\/#breadcrumb\"},\"inLanguage\":\"de\",\"potentialAction\":[{\"@type\":\"ReadAction\",\"target\":[\"https:\/\/hubsch-interior.com\/de\/produkt\/hock-esszimmerstuhl-schwarz\/\"]}]},{\"@type\":\"ImageObject\",\"inLanguage\":\"de\",\"@id\":\"https:\/\/hubsch-interior.com\/de\/produkt\/hock-esszimmerstuhl-schwarz\/#primaryimage\",\"url\":\"https:\/\/hubsch-interior.com\/wp-content\/uploads\/2026\/02\/hock-dining-chair-black-d45fe1d711ac37883c1371a9c497ac14.jpg\",\"contentUrl\":\"https:\/\/hubsch-interior.com\/wp-content\/uploads\/2026\/02\/hock-dining-chair-black-d45fe1d711ac37883c1371a9c497ac14.jpg\",\"width\":1024,\"height\":1024},{\"@type\":\"BreadcrumbList\",\"@id\":\"https:\/\/hubsch-interior.com\/de\/produkt\/hock-esszimmerstuhl-schwarz\/#breadcrumb\",\"itemListElement\":[{\"@type\":\"ListItem\",\"position\":1,\"name\":\"Startseite\",\"item\":\"https:\/\/hubsch-interior.com\/de\/\"},{\"@type\":\"ListItem\",\"position\":2,\"name\":\"Produkte\",\"item\":\"https:\/\/hubsch-interior.com\/de\/shop-2\/\"},{\"@type\":\"ListItem\",\"position\":3,\"name\":\"Hock Esszimmerstuhl Schwarz\"}]},{\"@type\":\"WebSite\",\"@id\":\"https:\/\/hubsch-interior.com\/de\/#website\",\"url\":\"https:\/\/hubsch-interior.com\/de\/\",\"name\":\"H\u00fcbsch\",\"description\":\"Danish Home Interior and Design\",\"publisher\":{\"@id\":\"https:\/\/hubsch-interior.com\/de\/#organization\"},\"potentialAction\":[{\"@type\":\"SearchAction\",\"target\":{\"@type\":\"EntryPoint\",\"urlTemplate\":\"https:\/\/hubsch-interior.com\/de\/?s={search_term_string}\"},\"query-input\":{\"@type\":\"PropertyValueSpecification\",\"valueRequired\":true,\"valueName\":\"search_term_string\"}}],\"inLanguage\":\"de\"},{\"@type\":\"Organization\",\"@id\":\"https:\/\/hubsch-interior.com\/de\/#organization\",\"name\":\"H\u00fcbsch\",\"url\":\"https:\/\/hubsch-interior.com\/de\/\",\"logo\":{\"@type\":\"ImageObject\",\"inLanguage\":\"de\",\"@id\":\"https:\/\/hubsch-interior.com\/de\/#\/schema\/logo\/image\/\",\"url\":\"https:\/\/hubsch-interior.com\/wp-content\/uploads\/2022\/12\/Hubsch_logo_black_one_line.svg\",\"contentUrl\":\"https:\/\/hubsch-interior.com\/wp-content\/uploads\/2022\/12\/Hubsch_logo_black_one_line.svg\",\"caption\":\"H\u00fcbsch\"},\"image\":{\"@id\":\"https:\/\/hubsch-interior.com\/de\/#\/schema\/logo\/image\/\"}}]}<\/script>\n<!-- \/ Yoast SEO plugin. -->","yoast_head_json":{"title":"Hock Esszimmerstuhl Schwarz - H\u00fcbsch","description":"Der Hock Esszimmerstuhl ist ein Leuchtfeuer des einfachen und klassischen Designs. In einer eleganten schwarzen Variante erh\u00e4ltlich, verspricht dieser","robots":{"index":"index","follow":"follow","max-snippet":"max-snippet:-1","max-image-preview":"max-image-preview:large","max-video-preview":"max-video-preview:-1"},"canonical":"https:\/\/hubsch-interior.com\/de\/wp-json\/wp\/v2\/product\/1089781","og_locale":"de_DE","og_type":"article","og_title":"Hock Esszimmerstuhl Schwarz - H\u00fcbsch","og_description":"Der Hock Esszimmerstuhl ist ein Leuchtfeuer des einfachen und klassischen Designs. In einer eleganten schwarzen Variante erh\u00e4ltlich, verspricht dieser","og_url":"https:\/\/hubsch-interior.com\/de\/produkt\/hock-esszimmerstuhl-schwarz\/","og_site_name":"H\u00fcbsch","article_modified_time":"2026-04-05T03:27:32+00:00","og_image":[{"width":1200,"height":1200,"url":"https:\/\/hubsch-interior.com\/wp-content\/uploads\/2026\/01\/hock-dining-chair-black-545d8031c6c9f3273a13094282b5cc92.jpg","type":"image\/jpeg"}],"twitter_card":"summary_large_image","schema":{"@context":"https:\/\/schema.org","@graph":[{"@type":"WebPage","@id":"https:\/\/hubsch-interior.com\/de\/produkt\/hock-esszimmerstuhl-schwarz\/","url":"https:\/\/hubsch-interior.com\/de\/produkt\/hock-esszimmerstuhl-schwarz\/","name":"Hock Esszimmerstuhl Schwarz - H\u00fcbsch","isPartOf":{"@id":"https:\/\/hubsch-interior.com\/de\/#website"},"primaryImageOfPage":{"@id":"https:\/\/hubsch-interior.com\/de\/produkt\/hock-esszimmerstuhl-schwarz\/#primaryimage"},"image":{"@id":"https:\/\/hubsch-interior.com\/de\/produkt\/hock-esszimmerstuhl-schwarz\/#primaryimage"},"thumbnailUrl":"https:\/\/hubsch-interior.com\/wp-content\/uploads\/2026\/02\/hock-dining-chair-black-d45fe1d711ac37883c1371a9c497ac14.jpg","datePublished":"2026-01-31T04:32:31+00:00","dateModified":"2026-04-05T03:27:32+00:00","description":"Der Hock Esszimmerstuhl ist ein Leuchtfeuer des einfachen und klassischen Designs. In einer eleganten schwarzen Variante erh\u00e4ltlich, verspricht dieser","breadcrumb":{"@id":"https:\/\/hubsch-interior.com\/de\/produkt\/hock-esszimmerstuhl-schwarz\/#breadcrumb"},"inLanguage":"de","potentialAction":[{"@type":"ReadAction","target":["https:\/\/hubsch-interior.com\/de\/produkt\/hock-esszimmerstuhl-schwarz\/"]}]},{"@type":"ImageObject","inLanguage":"de","@id":"https:\/\/hubsch-interior.com\/de\/produkt\/hock-esszimmerstuhl-schwarz\/#primaryimage","url":"https:\/\/hubsch-interior.com\/wp-content\/uploads\/2026\/02\/hock-dining-chair-black-d45fe1d711ac37883c1371a9c497ac14.jpg","contentUrl":"https:\/\/hubsch-interior.com\/wp-content\/uploads\/2026\/02\/hock-dining-chair-black-d45fe1d711ac37883c1371a9c497ac14.jpg","width":1024,"height":1024},{"@type":"BreadcrumbList","@id":"https:\/\/hubsch-interior.com\/de\/produkt\/hock-esszimmerstuhl-schwarz\/#breadcrumb","itemListElement":[{"@type":"ListItem","position":1,"name":"Startseite","item":"https:\/\/hubsch-interior.com\/de\/"},{"@type":"ListItem","position":2,"name":"Produkte","item":"https:\/\/hubsch-interior.com\/de\/shop-2\/"},{"@type":"ListItem","position":3,"name":"Hock Esszimmerstuhl Schwarz"}]},{"@type":"WebSite","@id":"https:\/\/hubsch-interior.com\/de\/#website","url":"https:\/\/hubsch-interior.com\/de\/","name":"H\u00fcbsch","description":"Danish Home Interior and Design","publisher":{"@id":"https:\/\/hubsch-interior.com\/de\/#organization"},"potentialAction":[{"@type":"SearchAction","target":{"@type":"EntryPoint","urlTemplate":"https:\/\/hubsch-interior.com\/de\/?s={search_term_string}"},"query-input":{"@type":"PropertyValueSpecification","valueRequired":true,"valueName":"search_term_string"}}],"inLanguage":"de"},{"@type":"Organization","@id":"https:\/\/hubsch-interior.com\/de\/#organization","name":"H\u00fcbsch","url":"https:\/\/hubsch-interior.com\/de\/","logo":{"@type":"ImageObject","inLanguage":"de","@id":"https:\/\/hubsch-interior.com\/de\/#\/schema\/logo\/image\/","url":"https:\/\/hubsch-interior.com\/wp-content\/uploads\/2022\/12\/Hubsch_logo_black_one_line.svg","contentUrl":"https:\/\/hubsch-interior.com\/wp-content\/uploads\/2022\/12\/Hubsch_logo_black_one_line.svg","caption":"H\u00fcbsch"},"image":{"@id":"https:\/\/hubsch-interior.com\/de\/#\/schema\/logo\/image\/"}}]}},"_links":{"self":[{"href":"https:\/\/hubsch-interior.com\/de\/wp-json\/wp\/v2\/product\/1089781","targetHints":{"allow":["GET"]}}],"collection":[{"href":"https:\/\/hubsch-interior.com\/de\/wp-json\/wp\/v2\/product"}],"about":[{"href":"https:\/\/hubsch-interior.com\/de\/wp-json\/wp\/v2\/types\/product"}],"wp:featuredmedia":[{"embeddable":true,"href":"https:\/\/hubsch-interior.com\/de\/wp-json\/wp\/v2\/media\/1112121"}],"wp:attachment":[{"href":"https:\/\/hubsch-interior.com\/de\/wp-json\/wp\/v2\/media?parent=1089781"}],"wp:term":[{"taxonomy":"product_brand","embeddable":true,"href":"https:\/\/hubsch-interior.com\/de\/wp-json\/wp\/v2\/product_brand?post=1089781"},{"taxonomy":"product_cat","embeddable":true,"href":"https:\/\/hubsch-interior.com\/de\/wp-json\/wp\/v2\/product_cat?post=1089781"},{"taxonomy":"product_tag","embeddable":true,"href":"https:\/\/hubsch-interior.com\/de\/wp-json\/wp\/v2\/product_tag?post=1089781"}],"curies":[{"name":"wp","href":"https:\/\/api.w.org\/{rel}","templated":true}]}}